{"id":24878,"date":"2022-09-29T09:41:27","date_gmt":"2022-09-29T13:41:27","guid":{"rendered":"https:\/\/officialmonttremblant.com\/visit\/pedestrian-village\/"},"modified":"2025-07-29T14:03:34","modified_gmt":"2025-07-29T18:03:34","slug":"village-pietonnier","status":"publish","type":"page","link":"https:\/\/officialmonttremblant.com\/fr\/visiter\/village-pietonnier\/","title":{"rendered":"Station de Ski (Village Pi\u00e9tonnier)"},"content":{"rendered":"<p>[vc_row][vc_column][vc_column_text css=\u00a0\u00bb.vc_custom_1666383711124{padding-bottom: 25px !important;}\u00a0\u00bb]Le village pi\u00e9tonnier de Mont-Tremblant est situ\u00e9 au pied de la montagne \u00e0 Mont- Tremblant Canada. Ce village de ski de type Disney est divis\u00e9 en deux sections: la partie sup\u00e9rieure et la partie inf\u00e9rieure. Depuis les hauteurs, les skieurs peuvent acc\u00e9der au sommet de la montagne en montant par la t\u00e9l\u00e9cabine ouverte. Cette t\u00e9l\u00e9cabine est appel\u00e9e Le Cabriolet et relie les sections inf\u00e9rieure et sup\u00e9rieure du village. Il existe \u00e9galement une piste que les skieurs peuvent utiliser pour skier d\u2019une section \u00e0 l\u2019autre.<\/p>\n<p>Le pittoresque village pi\u00e9tonnier de Tremblant ressemble \u00e0 une v\u00e9ritable ville de ski europ\u00e9enne qui tire son charme de ses nombreux b\u00e2timents color\u00e9s, auberges, boutiques, bistros et galeries d\u2019art. L\u2019emplacement id\u00e9al du village pr\u00e8s de la station de ski, les nombreux festivals, le march\u00e9 d\u2019\u00e9t\u00e9 et l\u2019acc\u00e8s \u00e0 de nombreuses activit\u00e9s en font un lieu exceptionnel pour vivre et visiter Mont-Tremblant Canada.<\/p>\n<p>L\u2019emplacement central du Village offre \u00e9galement aux r\u00e9sidents et aux vacanciers un acc\u00e8s rapide et facile \u00e0 une multitude d\u2019activit\u00e9s estivales et hivernales \u00e0 Tremblant, telles que le golf, le ski alpin et l\u2019\u00e9quitation. Les lacs situ\u00e9s au pied de la montagne sont le point de d\u00e9part de nombreuses activit\u00e9s telles que la randonn\u00e9e et l\u2019escalade, la navigation de plaisance et le patin \u00e0 glace. [\/vc_column_text][\/vc_column][\/vc_row][vc_row][vc_column][vc_media_grid element_width=\u00a0\u00bb3&Prime; initial_loading_animation=\u00a0\u00bbnone\u00a0\u00bb grid_id=\u00a0\u00bbvc_gid:1666383692524-8ce24620-0f53-5&Prime; include=\u00a0\u00bb23976,23978,23980,23982,23984,23986,23988,23990&Prime;][\/vc_column][\/vc_row]<\/p>\n","protected":false},"excerpt":{"rendered":"<p>[vc_row][vc_column][vc_column_text css=\u00a0\u00bb.vc_custom_1666383711124{padding-bottom: 25px !important;}\u00a0\u00bb]Le village pi\u00e9tonnier de Mont-Tremblant est situ\u00e9 au pied de la montagne \u00e0 Mont- Tremblant Canada. Ce village de ski de type Disney est divis\u00e9 en deux sections: la partie sup\u00e9rieure et la partie inf\u00e9rieure. Depuis les hauteurs, les skieurs peuvent acc\u00e9der au sommet de la montagne en montant par la t\u00e9l\u00e9cabine&hellip;<\/p>\n","protected":false},"author":3,"featured_media":0,"parent":21142,"menu_order":0,"comment_status":"closed","ping_status":"closed","template":"","meta":{"footnotes":""},"class_list":["post-24878","page","type-page","status-publish","hentry","description-off"],"yoast_head":"<!-- This site is optimized with the Yoast SEO Premium plugin v26.5 (Yoast SEO v26.5) - https:\/\/yoast.com\/wordpress\/plugins\/seo\/ -->\n<title>Station de Ski (Village Pi\u00e9tonnier) - Official Mont Tremblant<\/title>\n<meta name=\"description\" content=\"Mont Tremblant Station de Ski (village pi\u00e9tonnier) est situ\u00e9 au pied de la montagne \u00e0 Mt Tremblant Canada. Official Mont Tremblant\" \/>\n<meta name=\"robots\" content=\"index, follow, max-snippet:-1, max-image-preview:large, max-video-preview:-1\" \/>\n<link rel=\"canonical\" href=\"https:\/\/officialmonttremblant.com\/fr\/visiter\/village-pietonnier\/\" \/>\n<meta property=\"og:locale\" content=\"fr_FR\" \/>\n<meta property=\"og:type\" content=\"article\" \/>\n<meta property=\"og:title\" content=\"Station de Ski (Village Pi\u00e9tonnier)\" \/>\n<meta property=\"og:description\" content=\"Mont Tremblant Station de Ski (village pi\u00e9tonnier) est situ\u00e9 au pied de la montagne \u00e0 Mt Tremblant Canada. Official Mont Tremblant\" \/>\n<meta property=\"og:url\" content=\"https:\/\/officialmonttremblant.com\/fr\/visiter\/village-pietonnier\/\" \/>\n<meta property=\"og:site_name\" content=\"Official Mont Tremblant\" \/>\n<meta property=\"article:modified_time\" content=\"2025-07-29T18:03:34+00:00\" \/>\n<meta name=\"twitter:card\" content=\"summary_large_image\" \/>\n<meta name=\"twitter:label1\" content=\"Dur\u00e9e de lecture estim\u00e9e\" \/>\n\t<meta name=\"twitter:data1\" content=\"2 minutes\" \/>\n<script type=\"application\/ld+json\" class=\"yoast-schema-graph\">{\"@context\":\"https:\/\/schema.org\",\"@graph\":[{\"@type\":\"WebPage\",\"@id\":\"https:\/\/officialmonttremblant.com\/fr\/visiter\/village-pietonnier\/\",\"url\":\"https:\/\/officialmonttremblant.com\/fr\/visiter\/village-pietonnier\/\",\"name\":\"Station de Ski (Village Pi\u00e9tonnier) - Official Mont Tremblant\",\"isPartOf\":{\"@id\":\"https:\/\/officialmonttremblant.com\/fr\/#website\"},\"datePublished\":\"2022-09-29T13:41:27+00:00\",\"dateModified\":\"2025-07-29T18:03:34+00:00\",\"description\":\"Mont Tremblant Station de Ski (village pi\u00e9tonnier) est situ\u00e9 au pied de la montagne \u00e0 Mt Tremblant Canada. Official Mont Tremblant\",\"breadcrumb\":{\"@id\":\"https:\/\/officialmonttremblant.com\/fr\/visiter\/village-pietonnier\/#breadcrumb\"},\"inLanguage\":\"fr-FR\",\"potentialAction\":[{\"@type\":\"ReadAction\",\"target\":[\"https:\/\/officialmonttremblant.com\/fr\/visiter\/village-pietonnier\/\"]}]},{\"@type\":\"BreadcrumbList\",\"@id\":\"https:\/\/officialmonttremblant.com\/fr\/visiter\/village-pietonnier\/#breadcrumb\",\"itemListElement\":[{\"@type\":\"ListItem\",\"position\":1,\"name\":\"Home\",\"item\":\"https:\/\/officialmonttremblant.com\/fr\/\"},{\"@type\":\"ListItem\",\"position\":2,\"name\":\"Visiter\",\"item\":\"https:\/\/officialmonttremblant.com\/fr\/visiter\/\"},{\"@type\":\"ListItem\",\"position\":3,\"name\":\"Station de Ski (Village Pi\u00e9tonnier)\"}]},{\"@type\":\"WebSite\",\"@id\":\"https:\/\/officialmonttremblant.com\/fr\/#website\",\"url\":\"https:\/\/officialmonttremblant.com\/fr\/\",\"name\":\"Official Mont Tremblant\",\"description\":\"Vacation &amp; tourist guide in Mont Tremblant\",\"potentialAction\":[{\"@type\":\"SearchAction\",\"target\":{\"@type\":\"EntryPoint\",\"urlTemplate\":\"https:\/\/officialmonttremblant.com\/fr\/?s={search_term_string}\"},\"query-input\":{\"@type\":\"PropertyValueSpecification\",\"valueRequired\":true,\"valueName\":\"search_term_string\"}}],\"inLanguage\":\"fr-FR\"}]}<\/script>\n<!-- \/ Yoast SEO Premium plugin. -->","yoast_head_json":{"title":"Station de Ski (Village Pi\u00e9tonnier) - Official Mont Tremblant","description":"Mont Tremblant Station de Ski (village pi\u00e9tonnier) est situ\u00e9 au pied de la montagne \u00e0 Mt Tremblant Canada. Official Mont Tremblant","robots":{"index":"index","follow":"follow","max-snippet":"max-snippet:-1","max-image-preview":"max-image-preview:large","max-video-preview":"max-video-preview:-1"},"canonical":"https:\/\/officialmonttremblant.com\/fr\/visiter\/village-pietonnier\/","og_locale":"fr_FR","og_type":"article","og_title":"Station de Ski (Village Pi\u00e9tonnier)","og_description":"Mont Tremblant Station de Ski (village pi\u00e9tonnier) est situ\u00e9 au pied de la montagne \u00e0 Mt Tremblant Canada. Official Mont Tremblant","og_url":"https:\/\/officialmonttremblant.com\/fr\/visiter\/village-pietonnier\/","og_site_name":"Official Mont Tremblant","article_modified_time":"2025-07-29T18:03:34+00:00","twitter_card":"summary_large_image","twitter_misc":{"Dur\u00e9e de lecture estim\u00e9e":"2 minutes"},"schema":{"@context":"https:\/\/schema.org","@graph":[{"@type":"WebPage","@id":"https:\/\/officialmonttremblant.com\/fr\/visiter\/village-pietonnier\/","url":"https:\/\/officialmonttremblant.com\/fr\/visiter\/village-pietonnier\/","name":"Station de Ski (Village Pi\u00e9tonnier) - Official Mont Tremblant","isPartOf":{"@id":"https:\/\/officialmonttremblant.com\/fr\/#website"},"datePublished":"2022-09-29T13:41:27+00:00","dateModified":"2025-07-29T18:03:34+00:00","description":"Mont Tremblant Station de Ski (village pi\u00e9tonnier) est situ\u00e9 au pied de la montagne \u00e0 Mt Tremblant Canada. Official Mont Tremblant","breadcrumb":{"@id":"https:\/\/officialmonttremblant.com\/fr\/visiter\/village-pietonnier\/#breadcrumb"},"inLanguage":"fr-FR","potentialAction":[{"@type":"ReadAction","target":["https:\/\/officialmonttremblant.com\/fr\/visiter\/village-pietonnier\/"]}]},{"@type":"BreadcrumbList","@id":"https:\/\/officialmonttremblant.com\/fr\/visiter\/village-pietonnier\/#breadcrumb","itemListElement":[{"@type":"ListItem","position":1,"name":"Home","item":"https:\/\/officialmonttremblant.com\/fr\/"},{"@type":"ListItem","position":2,"name":"Visiter","item":"https:\/\/officialmonttremblant.com\/fr\/visiter\/"},{"@type":"ListItem","position":3,"name":"Station de Ski (Village Pi\u00e9tonnier)"}]},{"@type":"WebSite","@id":"https:\/\/officialmonttremblant.com\/fr\/#website","url":"https:\/\/officialmonttremblant.com\/fr\/","name":"Official Mont Tremblant","description":"Vacation &amp; tourist guide in Mont Tremblant","potentialAction":[{"@type":"SearchAction","target":{"@type":"EntryPoint","urlTemplate":"https:\/\/officialmonttremblant.com\/fr\/?s={search_term_string}"},"query-input":{"@type":"PropertyValueSpecification","valueRequired":true,"valueName":"search_term_string"}}],"inLanguage":"fr-FR"}]}},"jetpack_sharing_enabled":true,"_links":{"self":[{"href":"https:\/\/officialmonttremblant.com\/fr\/wp-json\/wp\/v2\/pages\/24878","targetHints":{"allow":["GET"]}}],"collection":[{"href":"https:\/\/officialmonttremblant.com\/fr\/wp-json\/wp\/v2\/pages"}],"about":[{"href":"https:\/\/officialmonttremblant.com\/fr\/wp-json\/wp\/v2\/types\/page"}],"author":[{"embeddable":true,"href":"https:\/\/officialmonttremblant.com\/fr\/wp-json\/wp\/v2\/users\/3"}],"replies":[{"embeddable":true,"href":"https:\/\/officialmonttremblant.com\/fr\/wp-json\/wp\/v2\/comments?post=24878"}],"version-history":[{"count":4,"href":"https:\/\/officialmonttremblant.com\/fr\/wp-json\/wp\/v2\/pages\/24878\/revisions"}],"predecessor-version":[{"id":26204,"href":"https:\/\/officialmonttremblant.com\/fr\/wp-json\/wp\/v2\/pages\/24878\/revisions\/26204"}],"up":[{"embeddable":true,"href":"https:\/\/officialmonttremblant.com\/fr\/wp-json\/wp\/v2\/pages\/21142"}],"wp:attachment":[{"href":"https:\/\/officialmonttremblant.com\/fr\/wp-json\/wp\/v2\/media?parent=24878"}],"curies":[{"name":"wp","href":"https:\/\/api.w.org\/{rel}","templated":true}]}}