{"id":24888,"date":"2022-07-21T17:31:19","date_gmt":"2022-07-21T21:31:19","guid":{"rendered":"https:\/\/officialmonttremblant.com\/visit\/maps-of-the-area\/"},"modified":"2025-07-29T13:59:34","modified_gmt":"2025-07-29T17:59:34","slug":"carte","status":"publish","type":"page","link":"https:\/\/officialmonttremblant.com\/fr\/visiter\/carte\/","title":{"rendered":"Cartes"},"content":{"rendered":"<p>[vc_row][vc_column css=\u00a0\u00bb.vc_custom_1658435392401{padding-bottom: 30px !important;}\u00a0\u00bb][vc_column_text]Ci-dessous, vous pouvez acc\u00e9der aux cartes de Mont Tremblant pour les trois villages, y compris une carte du Vieux Village, une carte de St Jovite (Centre-ville) qui est le centre-ville de Tremblant et une carte du village de Mont Tremblant. Explorez tous les domaines de cette belle ville de ski nich\u00e9e au c\u0153ur des Laurentides. Mont Tremblant abrite la station de ski la mieux cot\u00e9e d&rsquo;Am\u00e9rique du Nord et est une destination de ski de choix pour les gens du monde entier.<\/p>\n<p>La r\u00e9gion environnante offre une abondance d&rsquo;activit\u00e9s d&rsquo;hiver et d&rsquo;\u00e9t\u00e9, y compris le ski alpin, la motoneige, l&rsquo;\u00e9quitation, de nombreux sports nautiques, 30 milles (50 km) de sentiers de v\u00e9lo de montagne, cinq terrains de golf de championnat, le kayak, le cano\u00eb, la motoneige et beaucoup, beaucoup Suite!<\/p>\n<p>Ces cartes de Mont Tremblant vous aideront \u00e0 vous rep\u00e9rer dans les trois secteurs de la ville.[\/vc_column_text][\/vc_column][\/vc_row][vc_row][vc_column css=\u00a0\u00bb.vc_custom_1658437882230{padding-bottom: 30px !important;}\u00a0\u00bb][\/vc_column][vc_column width=\u00a0\u00bb1\/2&Prime; css=\u00a0\u00bb.vc_custom_1664469108782{margin-bottom: 50px !important;}\u00a0\u00bb]<style type=\"text\/css\" data-type=\"the7_shortcodes-inline-css\">.shortcode-single-image-wrap.shortcode-single-image-3d6426ef508156820bf63d196007ed2d.enable-bg-rollover .rollover i,\n.shortcode-single-image-wrap.shortcode-single-image-3d6426ef508156820bf63d196007ed2d.enable-bg-rollover .rollover-video i {\n  background: -webkit-linear-gradient();\n  background: linear-gradient();\n}\n.shortcode-single-image-wrap.shortcode-single-image-3d6426ef508156820bf63d196007ed2d .rollover-icon {\n  font-size: 32px;\n  color: #ffffff;\n  min-width: 44px;\n  min-height: 44px;\n  line-height: 44px;\n  border-radius: 100px;\n  border-style: solid;\n  border-width: 0px;\n}\n.dt-icon-bg-on.shortcode-single-image-wrap.shortcode-single-image-3d6426ef508156820bf63d196007ed2d .rollover-icon {\n  background: rgba(255,255,255,0.3);\n  box-shadow: none;\n}\n<\/style><div class=\"shortcode-single-image-wrap shortcode-single-image-3d6426ef508156820bf63d196007ed2d alignnone  enable-bg-rollover dt-icon-bg-off\" style=\"margin-top:0px; margin-bottom:0px; margin-left:0px; margin-right:0px; width:500px;\"><div class=\"shortcode-single-image\"><div class=\"fancy-media-wrap  layzr-bg\" style=\"\"><img loading=\"lazy\" decoding=\"async\" class=\"preload-me lazy-load\" src=\"data:image\/svg+xml,%3Csvg%20xmlns%3D&#39;http%3A%2F%2Fwww.w3.org%2F2000%2Fsvg&#39;%20viewBox%3D&#39;0%200%20500%20345&#39;%2F%3E\" data-src=\"https:\/\/officialmonttremblant.com\/wp-content\/uploads\/2022\/07\/pedestrian-village-tremblant-map-1-500x345.png\" data-srcset=\"https:\/\/officialmonttremblant.com\/wp-content\/uploads\/2022\/07\/pedestrian-village-tremblant-map-1-500x345.png 500w, https:\/\/officialmonttremblant.com\/wp-content\/uploads\/2022\/07\/pedestrian-village-tremblant-map-1.png 550w\" width=\"500\" height=\"345\"  data-dt-location=\"https:\/\/officialmonttremblant.com\/fr\/visit\/maps-of-the-area\/pedestrian-village-tremblant-map-1\/\" style=\"\" alt=\"\" \/><\/div><\/div><\/div><div id=\"ultimate-heading-565569f4008cc71f6\" class=\"uvc-heading ult-adjust-bottom-margin ultimate-heading-565569f4008cc71f6 uvc-107  uvc-heading-default-font-sizes\" data-hspacer=\"no_spacer\"  data-halign=\"center\" style=\"text-align:center\"><div class=\"uvc-heading-spacer no_spacer\" style=\"top\"><\/div><div class=\"uvc-main-heading ult-responsive\"  data-ultimate-target='.uvc-heading.ultimate-heading-565569f4008cc71f6 h5'  data-responsive-json-new='{\"font-size\":\"\",\"line-height\":\"\"}' ><h5 style=\"--font-weight:theme;margin-top:20px;\">Station de Ski (Village Pi\u00e9tonnier)<\/h5><\/div><div class=\"uvc-sub-heading ult-responsive\"  data-ultimate-target='.uvc-heading.ultimate-heading-565569f4008cc71f6 .uvc-sub-heading '  data-responsive-json-new='{\"font-size\":\"\",\"line-height\":\"\"}'  style=\"font-weight:normal;margin-bottom:20px;\">Le Village pi\u00e9tonnier est situ\u00e9 au pied de la montagne.<\/div><\/div>[vc_btn title=\u00a0\u00bbVoir la carte\u00a0\u00bb shape=\u00a0\u00bbsquare\u00a0\u00bb color=\u00a0\u00bbblack\u00a0\u00bb align=\u00a0\u00bbcenter\u00a0\u00bb link=\u00a0\u00bburl:https%3A%2F%2Fofficialmonttremblant.com%2Fwp-content%2Fuploads%2F2022%2F11%2FTremblant-pedestrian-village-map.pdf|target:_blank\u00a0\u00bb][\/vc_column][vc_column width=\u00a0\u00bb1\/2&Prime; css=\u00a0\u00bb.vc_custom_1664469119007{margin-bottom: 50px !important;}\u00a0\u00bb]<style type=\"text\/css\" data-type=\"the7_shortcodes-inline-css\">.shortcode-single-image-wrap.shortcode-single-image-d3179c314df3960720d3d7400ed52457.enable-bg-rollover .rollover i,\n.shortcode-single-image-wrap.shortcode-single-image-d3179c314df3960720d3d7400ed52457.enable-bg-rollover .rollover-video i {\n  background: -webkit-linear-gradient();\n  background: linear-gradient();\n}\n.shortcode-single-image-wrap.shortcode-single-image-d3179c314df3960720d3d7400ed52457 .rollover-icon {\n  font-size: 32px;\n  color: #ffffff;\n  min-width: 44px;\n  min-height: 44px;\n  line-height: 44px;\n  border-radius: 100px;\n  border-style: solid;\n  border-width: 0px;\n}\n.dt-icon-bg-on.shortcode-single-image-wrap.shortcode-single-image-d3179c314df3960720d3d7400ed52457 .rollover-icon {\n  background: rgba(255,255,255,0.3);\n  box-shadow: none;\n}\n<\/style><div class=\"shortcode-single-image-wrap shortcode-single-image-d3179c314df3960720d3d7400ed52457 alignnone  enable-bg-rollover dt-icon-bg-off\" style=\"margin-top:0px; margin-bottom:0px; margin-left:0px; margin-right:0px; width:500px;\"><div class=\"shortcode-single-image\"><div class=\"fancy-media-wrap  layzr-bg\" style=\"\"><img loading=\"lazy\" decoding=\"async\" class=\"preload-me lazy-load\" src=\"data:image\/svg+xml,%3Csvg%20xmlns%3D&#39;http%3A%2F%2Fwww.w3.org%2F2000%2Fsvg&#39;%20viewBox%3D&#39;0%200%20500%20345&#39;%2F%3E\" data-src=\"https:\/\/officialmonttremblant.com\/wp-content\/uploads\/2022\/07\/tremblant-old-village-map-500x345.png\" data-srcset=\"https:\/\/officialmonttremblant.com\/wp-content\/uploads\/2022\/07\/tremblant-old-village-map-500x345.png 500w, https:\/\/officialmonttremblant.com\/wp-content\/uploads\/2022\/07\/tremblant-old-village-map.png 550w\" width=\"500\" height=\"345\"  data-dt-location=\"https:\/\/officialmonttremblant.com\/fr\/visit\/maps-of-the-area\/tremblant-old-village-map\/\" style=\"\" alt=\"\" \/><\/div><\/div><\/div><div id=\"ultimate-heading-845469f4008cc8106\" class=\"uvc-heading ult-adjust-bottom-margin ultimate-heading-845469f4008cc8106 uvc-9684  uvc-heading-default-font-sizes\" data-hspacer=\"no_spacer\"  data-halign=\"center\" style=\"text-align:center\"><div class=\"uvc-heading-spacer no_spacer\" style=\"top\"><\/div><div class=\"uvc-main-heading ult-responsive\"  data-ultimate-target='.uvc-heading.ultimate-heading-845469f4008cc8106 h5'  data-responsive-json-new='{\"font-size\":\"\",\"line-height\":\"\"}' ><h5 style=\"--font-weight:theme;margin-top:20px;\">Vieux village<\/h5><\/div><div class=\"uvc-sub-heading ult-responsive\"  data-ultimate-target='.uvc-heading.ultimate-heading-845469f4008cc8106 .uvc-sub-heading '  data-responsive-json-new='{\"font-size\":\"\",\"line-height\":\"\"}'  style=\"font-weight:normal;margin-bottom:20px;\">Le Vieux Village est situ\u00e9 en bordure du lac Mercier.<\/div><\/div>[vc_btn title=\u00a0\u00bbVoir la carte\u00a0\u00bb shape=\u00a0\u00bbsquare\u00a0\u00bb color=\u00a0\u00bbblack\u00a0\u00bb align=\u00a0\u00bbcenter\u00a0\u00bb link=\u00a0\u00bburl:https%3A%2F%2Fofficialmonttremblant.com%2Fwp-content%2Fuploads%2F2022%2F11%2Ftremblant-old-village-map.pdf|target:_blank\u00a0\u00bb][\/vc_column][vc_column width=\u00a0\u00bb1\/2&Prime; css=\u00a0\u00bb.vc_custom_1664469126906{margin-bottom: 50px !important;}\u00a0\u00bb]<style type=\"text\/css\" data-type=\"the7_shortcodes-inline-css\">.shortcode-single-image-wrap.shortcode-single-image-229d71ea8f5e14eaeaa8bc03c40616fa.enable-bg-rollover .rollover i,\n.shortcode-single-image-wrap.shortcode-single-image-229d71ea8f5e14eaeaa8bc03c40616fa.enable-bg-rollover .rollover-video i {\n  background: -webkit-linear-gradient();\n  background: linear-gradient();\n}\n.shortcode-single-image-wrap.shortcode-single-image-229d71ea8f5e14eaeaa8bc03c40616fa .rollover-icon {\n  font-size: 32px;\n  color: #ffffff;\n  min-width: 44px;\n  min-height: 44px;\n  line-height: 44px;\n  border-radius: 100px;\n  border-style: solid;\n  border-width: 0px;\n}\n.dt-icon-bg-on.shortcode-single-image-wrap.shortcode-single-image-229d71ea8f5e14eaeaa8bc03c40616fa .rollover-icon {\n  background: rgba(255,255,255,0.3);\n  box-shadow: none;\n}\n<\/style><div class=\"shortcode-single-image-wrap shortcode-single-image-229d71ea8f5e14eaeaa8bc03c40616fa alignnone  enable-bg-rollover dt-icon-bg-off\" style=\"margin-top:0px; margin-bottom:0px; margin-left:0px; margin-right:0px; width:500px;\"><div class=\"shortcode-single-image\"><div class=\"fancy-media-wrap  layzr-bg\" style=\"\"><img loading=\"lazy\" decoding=\"async\" class=\"preload-me lazy-load\" src=\"data:image\/svg+xml,%3Csvg%20xmlns%3D&#39;http%3A%2F%2Fwww.w3.org%2F2000%2Fsvg&#39;%20viewBox%3D&#39;0%200%20500%20345&#39;%2F%3E\" data-src=\"https:\/\/officialmonttremblant.com\/wp-content\/uploads\/2022\/07\/downtown-tremblant-map-500x345.png\" data-srcset=\"https:\/\/officialmonttremblant.com\/wp-content\/uploads\/2022\/07\/downtown-tremblant-map-500x345.png 500w, https:\/\/officialmonttremblant.com\/wp-content\/uploads\/2022\/07\/downtown-tremblant-map.png 550w\" width=\"500\" height=\"345\"  data-dt-location=\"https:\/\/officialmonttremblant.com\/fr\/visit\/maps-of-the-area\/downtown-tremblant-map\/\" style=\"\" alt=\"\" \/><\/div><\/div><\/div><div id=\"ultimate-heading-149769f4008cc9045\" class=\"uvc-heading ult-adjust-bottom-margin ultimate-heading-149769f4008cc9045 uvc-9129  uvc-heading-default-font-sizes\" data-hspacer=\"no_spacer\"  data-halign=\"center\" style=\"text-align:center\"><div class=\"uvc-heading-spacer no_spacer\" style=\"top\"><\/div><div class=\"uvc-main-heading ult-responsive\"  data-ultimate-target='.uvc-heading.ultimate-heading-149769f4008cc9045 h5'  data-responsive-json-new='{\"font-size\":\"\",\"line-height\":\"\"}' ><h5 style=\"--font-weight:theme;margin-top:20px;\">Centre-Ville (St Jovite)<\/h5><\/div><div class=\"uvc-sub-heading ult-responsive\"  data-ultimate-target='.uvc-heading.ultimate-heading-149769f4008cc9045 .uvc-sub-heading '  data-responsive-json-new='{\"font-size\":\"\",\"line-height\":\"\"}'  style=\"font-weight:normal;margin-bottom:20px;\">Le centre-ville de St Jovite est la zone commerciale de Tremblant.<\/div><\/div>[vc_btn title=\u00a0\u00bbVoir la carte\u00a0\u00bb shape=\u00a0\u00bbsquare\u00a0\u00bb color=\u00a0\u00bbblack\u00a0\u00bb align=\u00a0\u00bbcenter\u00a0\u00bb link=\u00a0\u00bburl:https%3A%2F%2Fofficialmonttremblant.com%2Fwp-content%2Fuploads%2F2022%2F11%2Fdowntown-tremblant-map.pdf|target:_blank\u00a0\u00bb][\/vc_column][vc_column width=\u00a0\u00bb1\/2&Prime; css=\u00a0\u00bb.vc_custom_1664469136072{margin-bottom: 50px !important;}\u00a0\u00bb]<style type=\"text\/css\" data-type=\"the7_shortcodes-inline-css\">.shortcode-single-image-wrap.shortcode-single-image-65cc7772627b4d1d54d6f862200d5c2e.enable-bg-rollover .rollover i,\n.shortcode-single-image-wrap.shortcode-single-image-65cc7772627b4d1d54d6f862200d5c2e.enable-bg-rollover .rollover-video i {\n  background: -webkit-linear-gradient();\n  background: linear-gradient();\n}\n.shortcode-single-image-wrap.shortcode-single-image-65cc7772627b4d1d54d6f862200d5c2e .rollover-icon {\n  font-size: 32px;\n  color: #ffffff;\n  min-width: 44px;\n  min-height: 44px;\n  line-height: 44px;\n  border-radius: 100px;\n  border-style: solid;\n  border-width: 0px;\n}\n.dt-icon-bg-on.shortcode-single-image-wrap.shortcode-single-image-65cc7772627b4d1d54d6f862200d5c2e .rollover-icon {\n  background: rgba(255,255,255,0.3);\n  box-shadow: none;\n}\n<\/style><div class=\"shortcode-single-image-wrap shortcode-single-image-65cc7772627b4d1d54d6f862200d5c2e alignnone  enable-bg-rollover dt-icon-bg-off\" style=\"margin-top:0px; margin-bottom:0px; margin-left:0px; margin-right:0px; width:500px;\"><div class=\"shortcode-single-image\"><div class=\"fancy-media-wrap  layzr-bg\" style=\"\"><img loading=\"lazy\" decoding=\"async\" class=\"preload-me lazy-load\" src=\"data:image\/svg+xml,%3Csvg%20xmlns%3D&#39;http%3A%2F%2Fwww.w3.org%2F2000%2Fsvg&#39;%20viewBox%3D&#39;0%200%20500%20345&#39;%2F%3E\" data-src=\"https:\/\/officialmonttremblant.com\/wp-content\/uploads\/2022\/07\/tremblant-villages-map-500x345.png\" data-srcset=\"https:\/\/officialmonttremblant.com\/wp-content\/uploads\/2022\/07\/tremblant-villages-map-500x345.png 500w, https:\/\/officialmonttremblant.com\/wp-content\/uploads\/2022\/07\/tremblant-villages-map.png 550w\" width=\"500\" height=\"345\"  data-dt-location=\"https:\/\/officialmonttremblant.com\/fr\/visit\/maps-of-the-area\/tremblant-villages-map\/\" style=\"\" alt=\"\" \/><\/div><\/div><\/div><div id=\"ultimate-heading-420169f4008cc9f42\" class=\"uvc-heading ult-adjust-bottom-margin ultimate-heading-420169f4008cc9f42 uvc-719  uvc-heading-default-font-sizes\" data-hspacer=\"no_spacer\"  data-halign=\"center\" style=\"text-align:center\"><div class=\"uvc-heading-spacer no_spacer\" style=\"top\"><\/div><div class=\"uvc-main-heading ult-responsive\"  data-ultimate-target='.uvc-heading.ultimate-heading-420169f4008cc9f42 h5'  data-responsive-json-new='{\"font-size\":\"\",\"line-height\":\"\"}' ><h5 style=\"--font-weight:theme;margin-top:20px;\">Les 3 villages<\/h5><\/div><div class=\"uvc-sub-heading ult-responsive\"  data-ultimate-target='.uvc-heading.ultimate-heading-420169f4008cc9f42 .uvc-sub-heading '  data-responsive-json-new='{\"font-size\":\"\",\"line-height\":\"\"}'  style=\"font-weight:normal;margin-bottom:20px;\">Cette carte montre les trois villages de Tremblant.<\/div><\/div>[vc_btn title=\u00a0\u00bbVoir la carte\u00a0\u00bb shape=\u00a0\u00bbsquare\u00a0\u00bb color=\u00a0\u00bbblack\u00a0\u00bb align=\u00a0\u00bbcenter\u00a0\u00bb link=\u00a0\u00bburl:https%3A%2F%2Fofficialmonttremblant.com%2Fwp-content%2Fuploads%2F2022%2F11%2Ftremblant-villages-map.pdf|target:_blank\u00a0\u00bb][\/vc_column][\/vc_row]<\/p>\n","protected":false},"excerpt":{"rendered":"<p>[vc_row][vc_column css=\u00a0\u00bb.vc_custom_1658435392401{padding-bottom: 30px !important;}\u00a0\u00bb][vc_column_text]Ci-dessous, vous pouvez acc\u00e9der aux cartes de Mont Tremblant pour les trois villages, y compris une carte du Vieux Village, une carte de St Jovite (Centre-ville) qui est le centre-ville de Tremblant et une carte du village de Mont Tremblant. Explorez tous les domaines de cette belle ville de ski nich\u00e9e au&hellip;<\/p>\n","protected":false},"author":1,"featured_media":0,"parent":21142,"menu_order":0,"comment_status":"closed","ping_status":"closed","template":"","meta":{"footnotes":""},"class_list":["post-24888","page","type-page","status-publish","hentry","description-off"],"yoast_head":"<!-- This site is optimized with the Yoast SEO Premium plugin v26.5 (Yoast SEO v26.5) - https:\/\/yoast.com\/wordpress\/plugins\/seo\/ -->\n<title>Cartes, trois villages - Official Mont Tremblant<\/title>\n<meta name=\"description\" content=\"Official Mont Tremblant vous donne des cartes pour les trois villages, y compris une carte du vieux village, du village pi\u00e9tonnier et du centre-ville (St Jovite).\" \/>\n<meta name=\"robots\" content=\"index, follow, max-snippet:-1, max-image-preview:large, max-video-preview:-1\" \/>\n<link rel=\"canonical\" href=\"https:\/\/officialmonttremblant.com\/fr\/visiter\/carte\/\" \/>\n<meta property=\"og:locale\" content=\"fr_FR\" \/>\n<meta property=\"og:type\" content=\"article\" \/>\n<meta property=\"og:title\" content=\"Cartes\" \/>\n<meta property=\"og:description\" content=\"Official Mont Tremblant vous donne des cartes pour les trois villages, y compris une carte du vieux village, du village pi\u00e9tonnier et du centre-ville (St Jovite).\" \/>\n<meta property=\"og:url\" content=\"https:\/\/officialmonttremblant.com\/fr\/visiter\/carte\/\" \/>\n<meta property=\"og:site_name\" content=\"Official Mont Tremblant\" \/>\n<meta property=\"article:modified_time\" content=\"2025-07-29T17:59:34+00:00\" \/>\n<meta name=\"twitter:card\" content=\"summary_large_image\" \/>\n<meta name=\"twitter:label1\" content=\"Dur\u00e9e de lecture estim\u00e9e\" \/>\n\t<meta name=\"twitter:data1\" content=\"2 minutes\" \/>\n<script type=\"application\/ld+json\" class=\"yoast-schema-graph\">{\"@context\":\"https:\/\/schema.org\",\"@graph\":[{\"@type\":\"WebPage\",\"@id\":\"https:\/\/officialmonttremblant.com\/fr\/visiter\/carte\/\",\"url\":\"https:\/\/officialmonttremblant.com\/fr\/visiter\/carte\/\",\"name\":\"Cartes, trois villages - Official Mont Tremblant\",\"isPartOf\":{\"@id\":\"https:\/\/officialmonttremblant.com\/fr\/#website\"},\"datePublished\":\"2022-07-21T21:31:19+00:00\",\"dateModified\":\"2025-07-29T17:59:34+00:00\",\"description\":\"Official Mont Tremblant vous donne des cartes pour les trois villages, y compris une carte du vieux village, du village pi\u00e9tonnier et du centre-ville (St Jovite).\",\"breadcrumb\":{\"@id\":\"https:\/\/officialmonttremblant.com\/fr\/visiter\/carte\/#breadcrumb\"},\"inLanguage\":\"fr-FR\",\"potentialAction\":[{\"@type\":\"ReadAction\",\"target\":[\"https:\/\/officialmonttremblant.com\/fr\/visiter\/carte\/\"]}]},{\"@type\":\"BreadcrumbList\",\"@id\":\"https:\/\/officialmonttremblant.com\/fr\/visiter\/carte\/#breadcrumb\",\"itemListElement\":[{\"@type\":\"ListItem\",\"position\":1,\"name\":\"Home\",\"item\":\"https:\/\/officialmonttremblant.com\/fr\/\"},{\"@type\":\"ListItem\",\"position\":2,\"name\":\"Visiter\",\"item\":\"https:\/\/officialmonttremblant.com\/fr\/visiter\/\"},{\"@type\":\"ListItem\",\"position\":3,\"name\":\"Cartes\"}]},{\"@type\":\"WebSite\",\"@id\":\"https:\/\/officialmonttremblant.com\/fr\/#website\",\"url\":\"https:\/\/officialmonttremblant.com\/fr\/\",\"name\":\"Official Mont Tremblant\",\"description\":\"Vacation &amp; tourist guide in Mont Tremblant\",\"potentialAction\":[{\"@type\":\"SearchAction\",\"target\":{\"@type\":\"EntryPoint\",\"urlTemplate\":\"https:\/\/officialmonttremblant.com\/fr\/?s={search_term_string}\"},\"query-input\":{\"@type\":\"PropertyValueSpecification\",\"valueRequired\":true,\"valueName\":\"search_term_string\"}}],\"inLanguage\":\"fr-FR\"}]}<\/script>\n<!-- \/ Yoast SEO Premium plugin. -->","yoast_head_json":{"title":"Cartes, trois villages - Official Mont Tremblant","description":"Official Mont Tremblant vous donne des cartes pour les trois villages, y compris une carte du vieux village, du village pi\u00e9tonnier et du centre-ville (St Jovite).","robots":{"index":"index","follow":"follow","max-snippet":"max-snippet:-1","max-image-preview":"max-image-preview:large","max-video-preview":"max-video-preview:-1"},"canonical":"https:\/\/officialmonttremblant.com\/fr\/visiter\/carte\/","og_locale":"fr_FR","og_type":"article","og_title":"Cartes","og_description":"Official Mont Tremblant vous donne des cartes pour les trois villages, y compris une carte du vieux village, du village pi\u00e9tonnier et du centre-ville (St Jovite).","og_url":"https:\/\/officialmonttremblant.com\/fr\/visiter\/carte\/","og_site_name":"Official Mont Tremblant","article_modified_time":"2025-07-29T17:59:34+00:00","twitter_card":"summary_large_image","twitter_misc":{"Dur\u00e9e de lecture estim\u00e9e":"2 minutes"},"schema":{"@context":"https:\/\/schema.org","@graph":[{"@type":"WebPage","@id":"https:\/\/officialmonttremblant.com\/fr\/visiter\/carte\/","url":"https:\/\/officialmonttremblant.com\/fr\/visiter\/carte\/","name":"Cartes, trois villages - Official Mont Tremblant","isPartOf":{"@id":"https:\/\/officialmonttremblant.com\/fr\/#website"},"datePublished":"2022-07-21T21:31:19+00:00","dateModified":"2025-07-29T17:59:34+00:00","description":"Official Mont Tremblant vous donne des cartes pour les trois villages, y compris une carte du vieux village, du village pi\u00e9tonnier et du centre-ville (St Jovite).","breadcrumb":{"@id":"https:\/\/officialmonttremblant.com\/fr\/visiter\/carte\/#breadcrumb"},"inLanguage":"fr-FR","potentialAction":[{"@type":"ReadAction","target":["https:\/\/officialmonttremblant.com\/fr\/visiter\/carte\/"]}]},{"@type":"BreadcrumbList","@id":"https:\/\/officialmonttremblant.com\/fr\/visiter\/carte\/#breadcrumb","itemListElement":[{"@type":"ListItem","position":1,"name":"Home","item":"https:\/\/officialmonttremblant.com\/fr\/"},{"@type":"ListItem","position":2,"name":"Visiter","item":"https:\/\/officialmonttremblant.com\/fr\/visiter\/"},{"@type":"ListItem","position":3,"name":"Cartes"}]},{"@type":"WebSite","@id":"https:\/\/officialmonttremblant.com\/fr\/#website","url":"https:\/\/officialmonttremblant.com\/fr\/","name":"Official Mont Tremblant","description":"Vacation &amp; tourist guide in Mont Tremblant","potentialAction":[{"@type":"SearchAction","target":{"@type":"EntryPoint","urlTemplate":"https:\/\/officialmonttremblant.com\/fr\/?s={search_term_string}"},"query-input":{"@type":"PropertyValueSpecification","valueRequired":true,"valueName":"search_term_string"}}],"inLanguage":"fr-FR"}]}},"jetpack_sharing_enabled":true,"_links":{"self":[{"href":"https:\/\/officialmonttremblant.com\/fr\/wp-json\/wp\/v2\/pages\/24888","targetHints":{"allow":["GET"]}}],"collection":[{"href":"https:\/\/officialmonttremblant.com\/fr\/wp-json\/wp\/v2\/pages"}],"about":[{"href":"https:\/\/officialmonttremblant.com\/fr\/wp-json\/wp\/v2\/types\/page"}],"author":[{"embeddable":true,"href":"https:\/\/officialmonttremblant.com\/fr\/wp-json\/wp\/v2\/users\/1"}],"replies":[{"embeddable":true,"href":"https:\/\/officialmonttremblant.com\/fr\/wp-json\/wp\/v2\/comments?post=24888"}],"version-history":[{"count":5,"href":"https:\/\/officialmonttremblant.com\/fr\/wp-json\/wp\/v2\/pages\/24888\/revisions"}],"predecessor-version":[{"id":27751,"href":"https:\/\/officialmonttremblant.com\/fr\/wp-json\/wp\/v2\/pages\/24888\/revisions\/27751"}],"up":[{"embeddable":true,"href":"https:\/\/officialmonttremblant.com\/fr\/wp-json\/wp\/v2\/pages\/21142"}],"wp:attachment":[{"href":"https:\/\/officialmonttremblant.com\/fr\/wp-json\/wp\/v2\/media?parent=24888"}],"curies":[{"name":"wp","href":"https:\/\/api.w.org\/{rel}","templated":true}]}}