{"id":24988,"date":"2022-09-13T10:04:10","date_gmt":"2022-09-13T14:04:10","guid":{"rendered":"https:\/\/officialmonttremblant.com\/ou-sejourner\/hotels\/search\/"},"modified":"2025-07-29T14:09:11","modified_gmt":"2025-07-29T18:09:11","slug":"autres-recherches","status":"publish","type":"page","link":"https:\/\/officialmonttremblant.com\/fr\/ou-sejourner\/hotels\/autres-recherches\/","title":{"rendered":"Autres recherches d&rsquo;h\u00f4tels"},"content":{"rendered":"<p>[vc_row][vc_column width=\u00a0\u00bb2\/3&Prime;][vc_column_text css=\u00a0\u00bb.vc_custom_1749573490219{padding-top: 30px !important;padding-bottom: 20px !important;}\u00a0\u00bb]Trouver l\u2019h\u00e9bergement id\u00e9al pour votre s\u00e9jour Mont Tremblant n\u2019a jamais \u00e9t\u00e9 aussi simple. Que vous recherchiez des \u00e9quipements sp\u00e9cifiques comme un spa ou un stationnement gratuit, ou un th\u00e8me particulier comme une escapade romantique ou un lieu adapt\u00e9 aux familles, notre s\u00e9lection de locations vacances Tremblant r\u00e9pond \u00e0 tous les besoins, du luxe aux options \u00e9conomiques.<\/p>\n<p>Notre liste tri\u00e9e sur le volet de locations vacances Tremblant est soigneusement class\u00e9e pour vous aider \u00e0 cibler exactement ce que vous recherchez. Oubliez les recherches interminables : nous avons simplifi\u00e9 le processus pour que vous puissiez planifier facilement votre s\u00e9jour Mont Tremblant en toute confiance.<\/p>\n<p>[\/vc_column_text][\/vc_column][vc_column width=\u00a0\u00bb1\/3&Prime;]<style type=\"text\/css\" data-type=\"the7_shortcodes-inline-css\">.shortcode-single-image-wrap.shortcode-single-image-0d2a5cd830481a7d242b809e343e2049.enable-bg-rollover .rollover i,\n.shortcode-single-image-wrap.shortcode-single-image-0d2a5cd830481a7d242b809e343e2049.enable-bg-rollover .rollover-video i {\n  background: -webkit-linear-gradient();\n  background: linear-gradient();\n}\n.shortcode-single-image-wrap.shortcode-single-image-0d2a5cd830481a7d242b809e343e2049 .rollover-icon {\n  font-size: 32px;\n  color: #ffffff;\n  min-width: 44px;\n  min-height: 44px;\n  line-height: 44px;\n  border-radius: 100px;\n  border-style: solid;\n  border-width: 0px;\n}\n.dt-icon-bg-on.shortcode-single-image-wrap.shortcode-single-image-0d2a5cd830481a7d242b809e343e2049 .rollover-icon {\n  background: rgba(255,255,255,0.3);\n  box-shadow: none;\n}\n<\/style><div class=\"shortcode-single-image-wrap shortcode-single-image-0d2a5cd830481a7d242b809e343e2049 alignnone  enable-bg-rollover dt-icon-bg-off\" style=\"margin-top:0px; margin-bottom:0px; margin-left:0px; margin-right:0px; width:500px;\"><div class=\"shortcode-single-image\"><div class=\"fancy-media-wrap  layzr-bg\" style=\"\"><img loading=\"lazy\" decoding=\"async\" class=\"preload-me lazy-load\" src=\"data:image\/svg+xml,%3Csvg%20xmlns%3D&#39;http%3A%2F%2Fwww.w3.org%2F2000%2Fsvg&#39;%20viewBox%3D&#39;0%200%20500%20336&#39;%2F%3E\" data-src=\"https:\/\/officialmonttremblant.com\/wp-content\/uploads\/2022\/09\/istockphoto-638526320-612x612-1-500x336.jpg\" data-srcset=\"https:\/\/officialmonttremblant.com\/wp-content\/uploads\/2022\/09\/istockphoto-638526320-612x612-1-500x336.jpg 500w, https:\/\/officialmonttremblant.com\/wp-content\/uploads\/2022\/09\/istockphoto-638526320-612x612-1.jpg 612w\" width=\"500\" height=\"336\"  data-dt-location=\"https:\/\/officialmonttremblant.com\/fr\/where-to-stay\/hotels\/search\/istockphoto-638526320-612x612\/\" style=\"\" alt=\"\" \/><\/div><\/div><\/div>[\/vc_column][\/vc_row][vc_row css=\u00a0\u00bb.vc_custom_1663772542812{padding-top: 30px !important;padding-bottom: 20px !important;}\u00a0\u00bb][vc_column][vc_empty_space height=\u00a0\u00bb40px\u00a0\u00bb][\/vc_column][\/vc_row][vc_row][vc_column width=\u00a0\u00bb1\/3&Prime; css=\u00a0\u00bb.vc_custom_1663773351170{padding-bottom: 30px !important;}\u00a0\u00bb]<div class=\"dt-fancy-separator title-left\" style=\"width: 100%;\"><div class=\"dt-fancy-title\"><span class=\"separator-holder separator-left\"><\/span>Recherche par \u00e9quipements<span class=\"separator-holder separator-right\"><\/span><\/div><\/div>[vc_column_text css=\u00a0\u00bb.vc_custom_1663784514941{padding-top: 20px !important;}\u00a0\u00bb]<\/p>\n<ul>\n<li><a href=\"https:\/\/officialmonttremblant.com\/fr\/ou-sejourner\/hotels\/autres-recherches\/avec-salle-de-sport-gym\/\">H\u00f4tels avec salle de sport \/ gym \u00e0 Mont Tremblant<\/a><\/li>\n<\/ul>\n<p>&nbsp;<\/p>\n<ul>\n<li><a href=\"https:\/\/officialmonttremblant.com\/fr\/ou-sejourner\/hotels\/autres-recherches\/avec-spa\/\">H\u00f4tels avec spa \u00e0 Mont Tremblant<\/a><\/li>\n<\/ul>\n<p>&nbsp;<\/p>\n<ul>\n<li><a href=\"https:\/\/officialmonttremblant.com\/fr\/ou-sejourner\/hotels\/autres-recherches\/avec-piscine\/\">H\u00f4tels avec piscine \u00e0 Mont-Tremblant<\/a><\/li>\n<\/ul>\n<p>&nbsp;<\/p>\n<ul>\n<li><a href=\"https:\/\/officialmonttremblant.com\/fr\/ou-sejourner\/hotels\/autres-recherches\/avec-parkings-gratuits\/\">H\u00f4tels avec parkings gratuits a Mont Tremblant<\/a><\/li>\n<\/ul>\n<p>&nbsp;<\/p>\n<ul>\n<li><a href=\"https:\/\/officialmonttremblant.com\/fr\/ou-sejourner\/hotels\/autres-recherches\/avec-recharge-de-voiture-electrique\/\">H\u00f4tels avec Bornes de Recharge \u00e0 Tremblant<\/a><\/li>\n<\/ul>\n<p>[\/vc_column_text][\/vc_column][vc_column width=\u00a0\u00bb1\/3&Prime; css=\u00a0\u00bb.vc_custom_1663773410496{padding-bottom: 30px !important;}\u00a0\u00bb]<div class=\"dt-fancy-separator title-left\" style=\"width: 100%;\"><div class=\"dt-fancy-title\"><span class=\"separator-holder separator-left\"><\/span>Recherche par th\u00e8me\/\u00e9v\u00e9nement<span class=\"separator-holder separator-right\"><\/span><\/div><\/div>[vc_column_text css=\u00a0\u00bb.vc_custom_1664477163825{padding-top: 20px !important;}\u00a0\u00bb]<\/p>\n<ul>\n<li><a href=\"https:\/\/officialmonttremblant.com\/fr\/ou-sejourner\/hotels\/autres-recherches\/romantique\/\">H\u00f4tels romantiques \u00e0 Mont-Tremblant<\/a><\/li>\n<\/ul>\n<p>&nbsp;<\/p>\n<ul>\n<li><a href=\"https:\/\/officialmonttremblant.com\/fr\/ou-sejourner\/hotels\/autres-recherches\/hotels-pour-enfants-a-tremblant\/\">H\u00f4tels pour enfants \u00e0 Tremblant<\/a><\/li>\n<\/ul>\n<p>&nbsp;<\/p>\n<ul>\n<li><a href=\"https:\/\/officialmonttremblant.com\/fr\/ou-sejourner\/hotels\/autres-recherches\/hotels-acceptant-les-animaux-a-mont-tremblant\/\">H\u00f4tels Acceptant les Animaux \u00e0 Mont-Tremblant<\/a><\/li>\n<\/ul>\n<p>&nbsp;<\/p>\n<ul>\n<li><a href=\"https:\/\/officialmonttremblant.com\/fr\/ou-sejourner\/hotels\/autres-recherches\/hotels-pour-un-evenement\/\">H\u00f4tels pour \u00e9v\u00e9nements \u00e0 Mont Tremblant<\/a><\/li>\n<\/ul>\n<p>&nbsp;<\/p>\n<ul>\n<li><a href=\"https:\/\/officialmonttremblant.com\/fr\/ou-sejourner\/hotels\/autres-recherches\/marriage\/\">H\u00f4tels pour Mariage \u00e0 Mont Tremblant<\/a><\/li>\n<\/ul>\n<p>[\/vc_column_text][\/vc_column][vc_column width=\u00a0\u00bb1\/3&Prime; css=\u00a0\u00bb.vc_custom_1663773282250{padding-bottom: 20px !important;}\u00a0\u00bb]<div class=\"dt-fancy-separator title-left\" style=\"width: 100%;\"><div class=\"dt-fancy-title\"><span class=\"separator-holder separator-left\"><\/span>Rechercher par type<span class=\"separator-holder separator-right\"><\/span><\/div><\/div>[vc_column_text css=\u00a0\u00bb.vc_custom_1664568976677{padding-top: 20px !important;}\u00a0\u00bb]<\/p>\n<ul>\n<li><a href=\"https:\/\/officialmonttremblant.com\/fr\/ou-sejourner\/hotels\/autres-recherches\/classifies-par-etoiles\/\">H\u00f4tels classifi\u00e9s par \u00e9toiles<\/a><\/li>\n<\/ul>\n<p>&nbsp;<\/p>\n<ul>\n<li><a href=\"https:\/\/officialmonttremblant.com\/fr\/ou-sejourner\/hotels\/autres-recherches\/hotels-economiques-a-mont-tremblant\/\">H\u00f4tels \u00e9conomiques \u00e0 Mont-Tremblant<\/a><\/li>\n<\/ul>\n<p>&nbsp;<\/p>\n<ul>\n<li><a href=\"https:\/\/officialmonttremblant.com\/fr\/ou-sejourner\/hotels\/autres-recherches\/hotels-de-luxe-a-mont-tremblant\/\">H\u00f4tels de luxe \u00e0 Mont Tremblant<\/a><\/li>\n<\/ul>\n<p>&nbsp;<\/p>\n<ul>\n<li><a href=\"https:\/\/officialmonttremblant.com\/fr\/ou-sejourner\/hotels\/autres-recherches\/resort\/\">H\u00f4tels Resort \u00e0 Mont-Tremblant<\/a><\/li>\n<\/ul>\n<p>[\/vc_column_text][\/vc_column][\/vc_row]<\/p>\n","protected":false},"excerpt":{"rendered":"<p>[vc_row][vc_column width=\u00a0\u00bb2\/3&Prime;][vc_column_text css=\u00a0\u00bb.vc_custom_1749573490219{padding-top: 30px !important;padding-bottom: 20px !important;}\u00a0\u00bb]Trouver l\u2019h\u00e9bergement id\u00e9al pour votre s\u00e9jour Mont Tremblant n\u2019a jamais \u00e9t\u00e9 aussi simple. Que vous recherchiez des \u00e9quipements sp\u00e9cifiques comme un spa ou un stationnement gratuit, ou un th\u00e8me particulier comme une escapade romantique ou un lieu adapt\u00e9 aux familles, notre s\u00e9lection de locations vacances Tremblant r\u00e9pond \u00e0 tous&hellip;<\/p>\n","protected":false},"author":3,"featured_media":0,"parent":21131,"menu_order":0,"comment_status":"closed","ping_status":"closed","template":"","meta":{"footnotes":""},"class_list":["post-24988","page","type-page","status-publish","hentry","description-off"],"yoast_head":"<!-- This site is optimized with the Yoast SEO Premium plugin v26.5 (Yoast SEO v26.5) - https:\/\/yoast.com\/wordpress\/plugins\/seo\/ -->\n<title>S\u00e9jour Mont Tremblant | Locations vacances Tremblant<\/title>\n<meta name=\"description\" content=\"Official Mont Tremblant pr\u00e9sente une s\u00e9lection d\u2019h\u00f4tels, de locations vacances Tremblant et de tout type de s\u00e9jour Mont Tremblant pour un h\u00e9bergement adapt\u00e9 \u00e0 chaque voyageur.\" \/>\n<meta name=\"robots\" content=\"index, follow, max-snippet:-1, max-image-preview:large, max-video-preview:-1\" \/>\n<link rel=\"canonical\" href=\"https:\/\/officialmonttremblant.com\/fr\/ou-sejourner\/hotels\/autres-recherches\/\" \/>\n<meta property=\"og:locale\" content=\"fr_FR\" \/>\n<meta property=\"og:type\" content=\"article\" \/>\n<meta property=\"og:title\" content=\"Autres recherches d&#039;h\u00f4tels\" \/>\n<meta property=\"og:description\" content=\"Official Mont Tremblant pr\u00e9sente une s\u00e9lection d\u2019h\u00f4tels, de locations vacances Tremblant et de tout type de s\u00e9jour Mont Tremblant pour un h\u00e9bergement adapt\u00e9 \u00e0 chaque voyageur.\" \/>\n<meta property=\"og:url\" content=\"https:\/\/officialmonttremblant.com\/fr\/ou-sejourner\/hotels\/autres-recherches\/\" \/>\n<meta property=\"og:site_name\" content=\"Official Mont Tremblant\" \/>\n<meta property=\"article:modified_time\" content=\"2025-07-29T18:09:11+00:00\" \/>\n<meta name=\"twitter:card\" content=\"summary_large_image\" \/>\n<meta name=\"twitter:label1\" content=\"Dur\u00e9e de lecture estim\u00e9e\" \/>\n\t<meta name=\"twitter:data1\" content=\"2 minutes\" \/>\n<script type=\"application\/ld+json\" class=\"yoast-schema-graph\">{\"@context\":\"https:\/\/schema.org\",\"@graph\":[{\"@type\":\"WebPage\",\"@id\":\"https:\/\/officialmonttremblant.com\/fr\/ou-sejourner\/hotels\/autres-recherches\/\",\"url\":\"https:\/\/officialmonttremblant.com\/fr\/ou-sejourner\/hotels\/autres-recherches\/\",\"name\":\"S\u00e9jour Mont Tremblant | Locations vacances Tremblant\",\"isPartOf\":{\"@id\":\"https:\/\/officialmonttremblant.com\/fr\/#website\"},\"datePublished\":\"2022-09-13T14:04:10+00:00\",\"dateModified\":\"2025-07-29T18:09:11+00:00\",\"description\":\"Official Mont Tremblant pr\u00e9sente une s\u00e9lection d\u2019h\u00f4tels, de locations vacances Tremblant et de tout type de s\u00e9jour Mont Tremblant pour un h\u00e9bergement adapt\u00e9 \u00e0 chaque voyageur.\",\"breadcrumb\":{\"@id\":\"https:\/\/officialmonttremblant.com\/fr\/ou-sejourner\/hotels\/autres-recherches\/#breadcrumb\"},\"inLanguage\":\"fr-FR\",\"potentialAction\":[{\"@type\":\"ReadAction\",\"target\":[\"https:\/\/officialmonttremblant.com\/fr\/ou-sejourner\/hotels\/autres-recherches\/\"]}]},{\"@type\":\"BreadcrumbList\",\"@id\":\"https:\/\/officialmonttremblant.com\/fr\/ou-sejourner\/hotels\/autres-recherches\/#breadcrumb\",\"itemListElement\":[{\"@type\":\"ListItem\",\"position\":1,\"name\":\"Home\",\"item\":\"https:\/\/officialmonttremblant.com\/fr\/\"},{\"@type\":\"ListItem\",\"position\":2,\"name\":\"O\u00f9 dormir \u00e0 Mont-Tremblant\",\"item\":\"https:\/\/officialmonttremblant.com\/fr\/ou-sejourner\/\"},{\"@type\":\"ListItem\",\"position\":3,\"name\":\"H\u00f4tels \u00e0 Mont Tremblant\",\"item\":\"https:\/\/officialmonttremblant.com\/fr\/ou-sejourner\/hotels\/\"},{\"@type\":\"ListItem\",\"position\":4,\"name\":\"Autres recherches d&#8217;h\u00f4tels\"}]},{\"@type\":\"WebSite\",\"@id\":\"https:\/\/officialmonttremblant.com\/fr\/#website\",\"url\":\"https:\/\/officialmonttremblant.com\/fr\/\",\"name\":\"Official Mont Tremblant\",\"description\":\"Vacation &amp; tourist guide in Mont Tremblant\",\"potentialAction\":[{\"@type\":\"SearchAction\",\"target\":{\"@type\":\"EntryPoint\",\"urlTemplate\":\"https:\/\/officialmonttremblant.com\/fr\/?s={search_term_string}\"},\"query-input\":{\"@type\":\"PropertyValueSpecification\",\"valueRequired\":true,\"valueName\":\"search_term_string\"}}],\"inLanguage\":\"fr-FR\"}]}<\/script>\n<!-- \/ Yoast SEO Premium plugin. -->","yoast_head_json":{"title":"S\u00e9jour Mont Tremblant | Locations vacances Tremblant","description":"Official Mont Tremblant pr\u00e9sente une s\u00e9lection d\u2019h\u00f4tels, de locations vacances Tremblant et de tout type de s\u00e9jour Mont Tremblant pour un h\u00e9bergement adapt\u00e9 \u00e0 chaque voyageur.","robots":{"index":"index","follow":"follow","max-snippet":"max-snippet:-1","max-image-preview":"max-image-preview:large","max-video-preview":"max-video-preview:-1"},"canonical":"https:\/\/officialmonttremblant.com\/fr\/ou-sejourner\/hotels\/autres-recherches\/","og_locale":"fr_FR","og_type":"article","og_title":"Autres recherches d'h\u00f4tels","og_description":"Official Mont Tremblant pr\u00e9sente une s\u00e9lection d\u2019h\u00f4tels, de locations vacances Tremblant et de tout type de s\u00e9jour Mont Tremblant pour un h\u00e9bergement adapt\u00e9 \u00e0 chaque voyageur.","og_url":"https:\/\/officialmonttremblant.com\/fr\/ou-sejourner\/hotels\/autres-recherches\/","og_site_name":"Official Mont Tremblant","article_modified_time":"2025-07-29T18:09:11+00:00","twitter_card":"summary_large_image","twitter_misc":{"Dur\u00e9e de lecture estim\u00e9e":"2 minutes"},"schema":{"@context":"https:\/\/schema.org","@graph":[{"@type":"WebPage","@id":"https:\/\/officialmonttremblant.com\/fr\/ou-sejourner\/hotels\/autres-recherches\/","url":"https:\/\/officialmonttremblant.com\/fr\/ou-sejourner\/hotels\/autres-recherches\/","name":"S\u00e9jour Mont Tremblant | Locations vacances Tremblant","isPartOf":{"@id":"https:\/\/officialmonttremblant.com\/fr\/#website"},"datePublished":"2022-09-13T14:04:10+00:00","dateModified":"2025-07-29T18:09:11+00:00","description":"Official Mont Tremblant pr\u00e9sente une s\u00e9lection d\u2019h\u00f4tels, de locations vacances Tremblant et de tout type de s\u00e9jour Mont Tremblant pour un h\u00e9bergement adapt\u00e9 \u00e0 chaque voyageur.","breadcrumb":{"@id":"https:\/\/officialmonttremblant.com\/fr\/ou-sejourner\/hotels\/autres-recherches\/#breadcrumb"},"inLanguage":"fr-FR","potentialAction":[{"@type":"ReadAction","target":["https:\/\/officialmonttremblant.com\/fr\/ou-sejourner\/hotels\/autres-recherches\/"]}]},{"@type":"BreadcrumbList","@id":"https:\/\/officialmonttremblant.com\/fr\/ou-sejourner\/hotels\/autres-recherches\/#breadcrumb","itemListElement":[{"@type":"ListItem","position":1,"name":"Home","item":"https:\/\/officialmonttremblant.com\/fr\/"},{"@type":"ListItem","position":2,"name":"O\u00f9 dormir \u00e0 Mont-Tremblant","item":"https:\/\/officialmonttremblant.com\/fr\/ou-sejourner\/"},{"@type":"ListItem","position":3,"name":"H\u00f4tels \u00e0 Mont Tremblant","item":"https:\/\/officialmonttremblant.com\/fr\/ou-sejourner\/hotels\/"},{"@type":"ListItem","position":4,"name":"Autres recherches d&#8217;h\u00f4tels"}]},{"@type":"WebSite","@id":"https:\/\/officialmonttremblant.com\/fr\/#website","url":"https:\/\/officialmonttremblant.com\/fr\/","name":"Official Mont Tremblant","description":"Vacation &amp; tourist guide in Mont Tremblant","potentialAction":[{"@type":"SearchAction","target":{"@type":"EntryPoint","urlTemplate":"https:\/\/officialmonttremblant.com\/fr\/?s={search_term_string}"},"query-input":{"@type":"PropertyValueSpecification","valueRequired":true,"valueName":"search_term_string"}}],"inLanguage":"fr-FR"}]}},"jetpack_sharing_enabled":true,"_links":{"self":[{"href":"https:\/\/officialmonttremblant.com\/fr\/wp-json\/wp\/v2\/pages\/24988","targetHints":{"allow":["GET"]}}],"collection":[{"href":"https:\/\/officialmonttremblant.com\/fr\/wp-json\/wp\/v2\/pages"}],"about":[{"href":"https:\/\/officialmonttremblant.com\/fr\/wp-json\/wp\/v2\/types\/page"}],"author":[{"embeddable":true,"href":"https:\/\/officialmonttremblant.com\/fr\/wp-json\/wp\/v2\/users\/3"}],"replies":[{"embeddable":true,"href":"https:\/\/officialmonttremblant.com\/fr\/wp-json\/wp\/v2\/comments?post=24988"}],"version-history":[{"count":8,"href":"https:\/\/officialmonttremblant.com\/fr\/wp-json\/wp\/v2\/pages\/24988\/revisions"}],"predecessor-version":[{"id":27757,"href":"https:\/\/officialmonttremblant.com\/fr\/wp-json\/wp\/v2\/pages\/24988\/revisions\/27757"}],"up":[{"embeddable":true,"href":"https:\/\/officialmonttremblant.com\/fr\/wp-json\/wp\/v2\/pages\/21131"}],"wp:attachment":[{"href":"https:\/\/officialmonttremblant.com\/fr\/wp-json\/wp\/v2\/media?parent=24988"}],"curies":[{"name":"wp","href":"https:\/\/api.w.org\/{rel}","templated":true}]}}