{"id":25351,"date":"2022-09-30T13:05:36","date_gmt":"2022-09-30T17:05:36","guid":{"rendered":"https:\/\/officialmonttremblant.com\/activites\/activites-d-ete\/peche\/fish-species-in-mont-tremblant\/"},"modified":"2025-07-29T11:41:19","modified_gmt":"2025-07-29T15:41:19","slug":"especes-de-poissons-a-mont-tremblant","status":"publish","type":"page","link":"https:\/\/officialmonttremblant.com\/fr\/activites\/activites-d-ete\/peche\/especes-de-poissons-a-mont-tremblant\/","title":{"rendered":"Esp\u00e8ces de poissons \u00e0 Mont-Tremblant"},"content":{"rendered":"<p>[vc_row][vc_column]<div id=\"ultimate-heading-287269ddf4412f3ae\" class=\"uvc-heading ult-adjust-bottom-margin ultimate-heading-287269ddf4412f3ae uvc-5029  uvc-heading-default-font-sizes\" data-hspacer=\"no_spacer\"  data-halign=\"left\" style=\"text-align:left\"><div class=\"uvc-heading-spacer no_spacer\" style=\"top\"><\/div><div class=\"uvc-main-heading ult-responsive\"  data-ultimate-target='.uvc-heading.ultimate-heading-287269ddf4412f3ae h2'  data-responsive-json-new='{\"font-size\":\"\",\"line-height\":\"\"}' ><h2 style=\"--font-weight:theme;\">Esp\u00e8ces de poissons \u00e0 Mont-Tremblant<\/h2><\/div><div class=\"uvc-sub-heading ult-responsive\"  data-ultimate-target='.uvc-heading.ultimate-heading-287269ddf4412f3ae .uvc-sub-heading '  data-responsive-json-new='{\"font-size\":\"\",\"line-height\":\"\"}'  style=\"font-weight:normal;\"><\/p>\n<p style=\"text-align: left;\">Official Mont-Tremblant vous apporte plus d&rsquo;informations sur la p\u00eache \u00e0 Mont-Tremblant dont les esp\u00e8ces de poissons \u00e0 Mont-Tremblant.<\/p>\n<p style=\"text-align: left;\"><span style=\"font-weight: 400;\">Vaste territoire prot\u00e9g\u00e9 de 1500 km carr\u00e9s, le parc national du Mont-Tremblant est renomm\u00e9 pour ses activit\u00e9s de plein air comme le canot-camping et la randonn\u00e9e, mais on oublie que ses 400 lacs regorgent de poissons indig\u00e8nes qui ne demandent pas mieux que de mordre \u00e0 l&rsquo;hame\u00e7on.\u00a0<\/span><span style=\"font-weight: 400;\">Les esp\u00e8ces les plus populaires captur\u00e9es dans le lac Mont Tremblant sont l&rsquo;achigan \u00e0 petite bouche, le maskinong\u00e9 et le touladi.<\/span><\/p>\n<p style=\"text-align: left;\"><span style=\"font-weight: 400;\"><strong>L\u2019achigan \u00e0 petite bouche<\/strong>:\u00a0<\/span><span style=\"font-weight: 400;\">Il se p\u00eache pr\u00e8s des pointes rocheuses, des escarpements abrupts. Il Aime les eaux profondes et les zones de cours d&rsquo;eau clairs et rapides et les mares au fond de gravier \/ gravats.<\/span><\/p>\n<p style=\"text-align: left;\"><strong>Le touladi:\u00a0<\/strong><span style=\"font-weight: 400;\">Le touladi est le plus grand des ombles chevaliers et sa croissance est tr\u00e8s lente. Ils habitent des eaux froides et riches en oxyg\u00e8ne. Le touladi se retrouve souvent pr\u00e8s des tombants et des corniches naturelles puisque l&rsquo;eau y est plus froide et plus profonde. Il aime nager pr\u00e8s du fond, et\u00a0 vient rarement en eaux peu profondes.<\/span><\/p>\n<p style=\"text-align: left;\"><span style=\"font-weight: 400;\"><strong>Maskinong\u00e9s (ou musqu\u00e9s)<\/strong>,\u00a0<\/span><span style=\"font-weight: 400;\">ces monstres sont au sommet de la cha\u00eene alimentaire &#8211; ce qui signifie qu&rsquo;ils mangent ce qu&rsquo;ils veulent et qu&rsquo;ils peuvent \u00eatre difficiles. La p\u00eache au maskinong\u00e9 peut \u00eatre frustrante car ils suivent souvent le leurre jusqu&rsquo;au bateau. Manipulez avec pr\u00e9caution car ils ont des dents ac\u00e9r\u00e9es.<\/span><\/p>\n<p style=\"text-align: left;\"><strong>Achigan \u00e0 petite bouche:\u00a0<\/strong><span style=\"font-weight: 400;\">Semblable \u00e0 l&rsquo;achigan \u00e0 grande bouche en apparence, \u00e0 l&rsquo;exception de ses yeux rouges\/oranges. Ils pr\u00e9f\u00e8rent les eaux plus profondes et les zones de cours d&rsquo;eau clairs et rapides et les mares au fond de gravier \/ gravats.<\/span><\/p>\n<p style=\"text-align: left;\"><span style=\"font-weight: 400;\">\u00a0<\/span><a href=\"https:\/\/web.archive.org\/web\/20141225010345\/http:\/\/www.tremblantnautique.com\/a_surveiller\/en\/poissons.htm\"><span style=\"font-weight: 400;\">\u00ab\u00a0Esp\u00e8ces de poissons\u00a0\u00bb<\/span><\/a><span style=\"font-weight: 400;\">. <\/span><i><span style=\"font-weight: 400;\">www.tremblantnautique.com<\/span><\/i><span style=\"font-weight: 400;\">. Centre Nautique Pierre Plouffe.<\/span><\/p>\n<p><\/div><\/div>[\/vc_column][\/vc_row][vc_row][vc_column][vc_empty_space height=\u00a0\u00bb60px\u00a0\u00bb][\/vc_column][\/vc_row][vc_row][vc_column][vc_single_image image=\u00a0\u00bb24142&Prime; img_size=\u00a0\u00bb600&#215;400&Prime; alignment=\u00a0\u00bbcenter\u00a0\u00bb][\/vc_column][\/vc_row]<\/p>\n","protected":false},"excerpt":{"rendered":"<p>[vc_row][vc_column][\/vc_column][\/vc_row][vc_row][vc_column][vc_empty_space height=\u00a0\u00bb60px\u00a0\u00bb][\/vc_column][\/vc_row][vc_row][vc_column][vc_single_image image=\u00a0\u00bb24142&Prime; img_size=\u00a0\u00bb600&#215;400&Prime; alignment=\u00a0\u00bbcenter\u00a0\u00bb][\/vc_column][\/vc_row]<\/p>\n","protected":false},"author":5,"featured_media":24143,"parent":24749,"menu_order":0,"comment_status":"closed","ping_status":"closed","template":"","meta":{"footnotes":""},"class_list":["post-25351","page","type-page","status-publish","has-post-thumbnail","hentry","description-off"],"yoast_head":"<!-- This site is optimized with the Yoast SEO Premium plugin v26.5 (Yoast SEO v26.5) - https:\/\/yoast.com\/wordpress\/plugins\/seo\/ -->\n<title>Esp\u00e8ces de poissons \u00e0 Mont-Tremblant, p\u00eache \u00e0 Mont-Tremblant<\/title>\n<meta name=\"description\" content=\"Official Mont-Tremblant vous apporte plus d&#039;informations sur la p\u00eache \u00e0 Mont-Tremblant dont les esp\u00e8ces de poissons \u00e0 Mont-Tremblant.\" \/>\n<meta name=\"robots\" content=\"index, follow, max-snippet:-1, max-image-preview:large, max-video-preview:-1\" \/>\n<link rel=\"canonical\" href=\"https:\/\/officialmonttremblant.com\/fr\/activites\/activites-d-ete\/peche\/especes-de-poissons-a-mont-tremblant\/\" \/>\n<meta property=\"og:locale\" content=\"fr_FR\" \/>\n<meta property=\"og:type\" content=\"article\" \/>\n<meta property=\"og:title\" content=\"Esp\u00e8ces de poissons \u00e0 Mont-Tremblant\" \/>\n<meta property=\"og:description\" content=\"Official Mont-Tremblant vous apporte plus d&#039;informations sur la p\u00eache \u00e0 Mont-Tremblant dont les esp\u00e8ces de poissons \u00e0 Mont-Tremblant.\" \/>\n<meta property=\"og:url\" content=\"https:\/\/officialmonttremblant.com\/fr\/activites\/activites-d-ete\/peche\/especes-de-poissons-a-mont-tremblant\/\" \/>\n<meta property=\"og:site_name\" content=\"Official Mont Tremblant\" \/>\n<meta property=\"article:modified_time\" content=\"2025-07-29T15:41:19+00:00\" \/>\n<meta property=\"og:image\" content=\"https:\/\/officialmonttremblant.com\/wp-content\/uploads\/2022\/09\/fish-species-in-tremblant.jpeg\" \/>\n\t<meta property=\"og:image:width\" content=\"2380\" \/>\n\t<meta property=\"og:image:height\" content=\"1737\" \/>\n\t<meta property=\"og:image:type\" content=\"image\/jpeg\" \/>\n<meta name=\"twitter:card\" content=\"summary_large_image\" \/>\n<meta name=\"twitter:label1\" content=\"Dur\u00e9e de lecture estim\u00e9e\" \/>\n\t<meta name=\"twitter:data1\" content=\"2 minutes\" \/>\n<script type=\"application\/ld+json\" class=\"yoast-schema-graph\">{\"@context\":\"https:\/\/schema.org\",\"@graph\":[{\"@type\":\"WebPage\",\"@id\":\"https:\/\/officialmonttremblant.com\/fr\/activites\/activites-d-ete\/peche\/especes-de-poissons-a-mont-tremblant\/\",\"url\":\"https:\/\/officialmonttremblant.com\/fr\/activites\/activites-d-ete\/peche\/especes-de-poissons-a-mont-tremblant\/\",\"name\":\"Esp\u00e8ces de poissons \u00e0 Mont-Tremblant, p\u00eache \u00e0 Mont-Tremblant\",\"isPartOf\":{\"@id\":\"https:\/\/officialmonttremblant.com\/fr\/#website\"},\"primaryImageOfPage\":{\"@id\":\"https:\/\/officialmonttremblant.com\/fr\/activites\/activites-d-ete\/peche\/especes-de-poissons-a-mont-tremblant\/#primaryimage\"},\"image\":{\"@id\":\"https:\/\/officialmonttremblant.com\/fr\/activites\/activites-d-ete\/peche\/especes-de-poissons-a-mont-tremblant\/#primaryimage\"},\"thumbnailUrl\":\"https:\/\/officialmonttremblant.com\/wp-content\/uploads\/2022\/09\/fish-species-in-tremblant.jpeg\",\"datePublished\":\"2022-09-30T17:05:36+00:00\",\"dateModified\":\"2025-07-29T15:41:19+00:00\",\"description\":\"Official Mont-Tremblant vous apporte plus d'informations sur la p\u00eache \u00e0 Mont-Tremblant dont les esp\u00e8ces de poissons \u00e0 Mont-Tremblant.\",\"breadcrumb\":{\"@id\":\"https:\/\/officialmonttremblant.com\/fr\/activites\/activites-d-ete\/peche\/especes-de-poissons-a-mont-tremblant\/#breadcrumb\"},\"inLanguage\":\"fr-FR\",\"potentialAction\":[{\"@type\":\"ReadAction\",\"target\":[\"https:\/\/officialmonttremblant.com\/fr\/activites\/activites-d-ete\/peche\/especes-de-poissons-a-mont-tremblant\/\"]}]},{\"@type\":\"ImageObject\",\"inLanguage\":\"fr-FR\",\"@id\":\"https:\/\/officialmonttremblant.com\/fr\/activites\/activites-d-ete\/peche\/especes-de-poissons-a-mont-tremblant\/#primaryimage\",\"url\":\"https:\/\/officialmonttremblant.com\/wp-content\/uploads\/2022\/09\/fish-species-in-tremblant.jpeg\",\"contentUrl\":\"https:\/\/officialmonttremblant.com\/wp-content\/uploads\/2022\/09\/fish-species-in-tremblant.jpeg\",\"width\":2380,\"height\":1737,\"caption\":\"fish species in Mont-Tremblant\"},{\"@type\":\"BreadcrumbList\",\"@id\":\"https:\/\/officialmonttremblant.com\/fr\/activites\/activites-d-ete\/peche\/especes-de-poissons-a-mont-tremblant\/#breadcrumb\",\"itemListElement\":[{\"@type\":\"ListItem\",\"position\":1,\"name\":\"Home\",\"item\":\"https:\/\/officialmonttremblant.com\/fr\/\"},{\"@type\":\"ListItem\",\"position\":2,\"name\":\"Activit\u00e9s\",\"item\":\"https:\/\/officialmonttremblant.com\/fr\/activites\/\"},{\"@type\":\"ListItem\",\"position\":3,\"name\":\"Activit\u00e9s d&#8217;\u00e9t\u00e9\",\"item\":\"https:\/\/officialmonttremblant.com\/fr\/activites\/activites-d-ete\/\"},{\"@type\":\"ListItem\",\"position\":4,\"name\":\"P\u00eache\",\"item\":\"https:\/\/officialmonttremblant.com\/fr\/activites\/activites-d-ete\/peche\/\"},{\"@type\":\"ListItem\",\"position\":5,\"name\":\"Esp\u00e8ces de poissons \u00e0 Mont-Tremblant\"}]},{\"@type\":\"WebSite\",\"@id\":\"https:\/\/officialmonttremblant.com\/fr\/#website\",\"url\":\"https:\/\/officialmonttremblant.com\/fr\/\",\"name\":\"Official Mont Tremblant\",\"description\":\"Vacation &amp; tourist guide in Mont Tremblant\",\"potentialAction\":[{\"@type\":\"SearchAction\",\"target\":{\"@type\":\"EntryPoint\",\"urlTemplate\":\"https:\/\/officialmonttremblant.com\/fr\/?s={search_term_string}\"},\"query-input\":{\"@type\":\"PropertyValueSpecification\",\"valueRequired\":true,\"valueName\":\"search_term_string\"}}],\"inLanguage\":\"fr-FR\"}]}<\/script>\n<!-- \/ Yoast SEO Premium plugin. -->","yoast_head_json":{"title":"Esp\u00e8ces de poissons \u00e0 Mont-Tremblant, p\u00eache \u00e0 Mont-Tremblant","description":"Official Mont-Tremblant vous apporte plus d'informations sur la p\u00eache \u00e0 Mont-Tremblant dont les esp\u00e8ces de poissons \u00e0 Mont-Tremblant.","robots":{"index":"index","follow":"follow","max-snippet":"max-snippet:-1","max-image-preview":"max-image-preview:large","max-video-preview":"max-video-preview:-1"},"canonical":"https:\/\/officialmonttremblant.com\/fr\/activites\/activites-d-ete\/peche\/especes-de-poissons-a-mont-tremblant\/","og_locale":"fr_FR","og_type":"article","og_title":"Esp\u00e8ces de poissons \u00e0 Mont-Tremblant","og_description":"Official Mont-Tremblant vous apporte plus d'informations sur la p\u00eache \u00e0 Mont-Tremblant dont les esp\u00e8ces de poissons \u00e0 Mont-Tremblant.","og_url":"https:\/\/officialmonttremblant.com\/fr\/activites\/activites-d-ete\/peche\/especes-de-poissons-a-mont-tremblant\/","og_site_name":"Official Mont Tremblant","article_modified_time":"2025-07-29T15:41:19+00:00","og_image":[{"width":2380,"height":1737,"url":"https:\/\/officialmonttremblant.com\/wp-content\/uploads\/2022\/09\/fish-species-in-tremblant.jpeg","type":"image\/jpeg"}],"twitter_card":"summary_large_image","twitter_misc":{"Dur\u00e9e de lecture estim\u00e9e":"2 minutes"},"schema":{"@context":"https:\/\/schema.org","@graph":[{"@type":"WebPage","@id":"https:\/\/officialmonttremblant.com\/fr\/activites\/activites-d-ete\/peche\/especes-de-poissons-a-mont-tremblant\/","url":"https:\/\/officialmonttremblant.com\/fr\/activites\/activites-d-ete\/peche\/especes-de-poissons-a-mont-tremblant\/","name":"Esp\u00e8ces de poissons \u00e0 Mont-Tremblant, p\u00eache \u00e0 Mont-Tremblant","isPartOf":{"@id":"https:\/\/officialmonttremblant.com\/fr\/#website"},"primaryImageOfPage":{"@id":"https:\/\/officialmonttremblant.com\/fr\/activites\/activites-d-ete\/peche\/especes-de-poissons-a-mont-tremblant\/#primaryimage"},"image":{"@id":"https:\/\/officialmonttremblant.com\/fr\/activites\/activites-d-ete\/peche\/especes-de-poissons-a-mont-tremblant\/#primaryimage"},"thumbnailUrl":"https:\/\/officialmonttremblant.com\/wp-content\/uploads\/2022\/09\/fish-species-in-tremblant.jpeg","datePublished":"2022-09-30T17:05:36+00:00","dateModified":"2025-07-29T15:41:19+00:00","description":"Official Mont-Tremblant vous apporte plus d'informations sur la p\u00eache \u00e0 Mont-Tremblant dont les esp\u00e8ces de poissons \u00e0 Mont-Tremblant.","breadcrumb":{"@id":"https:\/\/officialmonttremblant.com\/fr\/activites\/activites-d-ete\/peche\/especes-de-poissons-a-mont-tremblant\/#breadcrumb"},"inLanguage":"fr-FR","potentialAction":[{"@type":"ReadAction","target":["https:\/\/officialmonttremblant.com\/fr\/activites\/activites-d-ete\/peche\/especes-de-poissons-a-mont-tremblant\/"]}]},{"@type":"ImageObject","inLanguage":"fr-FR","@id":"https:\/\/officialmonttremblant.com\/fr\/activites\/activites-d-ete\/peche\/especes-de-poissons-a-mont-tremblant\/#primaryimage","url":"https:\/\/officialmonttremblant.com\/wp-content\/uploads\/2022\/09\/fish-species-in-tremblant.jpeg","contentUrl":"https:\/\/officialmonttremblant.com\/wp-content\/uploads\/2022\/09\/fish-species-in-tremblant.jpeg","width":2380,"height":1737,"caption":"fish species in Mont-Tremblant"},{"@type":"BreadcrumbList","@id":"https:\/\/officialmonttremblant.com\/fr\/activites\/activites-d-ete\/peche\/especes-de-poissons-a-mont-tremblant\/#breadcrumb","itemListElement":[{"@type":"ListItem","position":1,"name":"Home","item":"https:\/\/officialmonttremblant.com\/fr\/"},{"@type":"ListItem","position":2,"name":"Activit\u00e9s","item":"https:\/\/officialmonttremblant.com\/fr\/activites\/"},{"@type":"ListItem","position":3,"name":"Activit\u00e9s d&#8217;\u00e9t\u00e9","item":"https:\/\/officialmonttremblant.com\/fr\/activites\/activites-d-ete\/"},{"@type":"ListItem","position":4,"name":"P\u00eache","item":"https:\/\/officialmonttremblant.com\/fr\/activites\/activites-d-ete\/peche\/"},{"@type":"ListItem","position":5,"name":"Esp\u00e8ces de poissons \u00e0 Mont-Tremblant"}]},{"@type":"WebSite","@id":"https:\/\/officialmonttremblant.com\/fr\/#website","url":"https:\/\/officialmonttremblant.com\/fr\/","name":"Official Mont Tremblant","description":"Vacation &amp; tourist guide in Mont Tremblant","potentialAction":[{"@type":"SearchAction","target":{"@type":"EntryPoint","urlTemplate":"https:\/\/officialmonttremblant.com\/fr\/?s={search_term_string}"},"query-input":{"@type":"PropertyValueSpecification","valueRequired":true,"valueName":"search_term_string"}}],"inLanguage":"fr-FR"}]}},"jetpack_sharing_enabled":true,"_links":{"self":[{"href":"https:\/\/officialmonttremblant.com\/fr\/wp-json\/wp\/v2\/pages\/25351","targetHints":{"allow":["GET"]}}],"collection":[{"href":"https:\/\/officialmonttremblant.com\/fr\/wp-json\/wp\/v2\/pages"}],"about":[{"href":"https:\/\/officialmonttremblant.com\/fr\/wp-json\/wp\/v2\/types\/page"}],"author":[{"embeddable":true,"href":"https:\/\/officialmonttremblant.com\/fr\/wp-json\/wp\/v2\/users\/5"}],"replies":[{"embeddable":true,"href":"https:\/\/officialmonttremblant.com\/fr\/wp-json\/wp\/v2\/comments?post=25351"}],"version-history":[{"count":4,"href":"https:\/\/officialmonttremblant.com\/fr\/wp-json\/wp\/v2\/pages\/25351\/revisions"}],"predecessor-version":[{"id":26223,"href":"https:\/\/officialmonttremblant.com\/fr\/wp-json\/wp\/v2\/pages\/25351\/revisions\/26223"}],"up":[{"embeddable":true,"href":"https:\/\/officialmonttremblant.com\/fr\/wp-json\/wp\/v2\/pages\/24749"}],"wp:featuredmedia":[{"embeddable":true,"href":"https:\/\/officialmonttremblant.com\/fr\/wp-json\/wp\/v2\/media\/24143"}],"wp:attachment":[{"href":"https:\/\/officialmonttremblant.com\/fr\/wp-json\/wp\/v2\/media?parent=25351"}],"curies":[{"name":"wp","href":"https:\/\/api.w.org\/{rel}","templated":true}]}}