{"id":25368,"date":"2022-09-19T16:33:28","date_gmt":"2022-09-19T20:33:28","guid":{"rendered":"https:\/\/officialmonttremblant.com\/activites\/activites-d-ete\/vehicules-tout-terrain\/guided-tours\/"},"modified":"2025-07-29T11:34:52","modified_gmt":"2025-07-29T15:34:52","slug":"visites-guidees","status":"publish","type":"page","link":"https:\/\/officialmonttremblant.com\/fr\/activites\/activites-d-ete\/vehicules-tout-terrain\/visites-guidees\/","title":{"rendered":"Visites guid\u00e9es"},"content":{"rendered":"<p>[vc_row][vc_column]<div id=\"ultimate-heading-707069d55002ecf5c\" class=\"uvc-heading ult-adjust-bottom-margin ultimate-heading-707069d55002ecf5c uvc-284  uvc-heading-default-font-sizes\" data-hspacer=\"no_spacer\"  data-halign=\"left\" style=\"text-align:left\"><div class=\"uvc-heading-spacer no_spacer\" style=\"top\"><\/div><div class=\"uvc-main-heading ult-responsive\"  data-ultimate-target='.uvc-heading.ultimate-heading-707069d55002ecf5c h2'  data-responsive-json-new='{\"font-size\":\"\",\"line-height\":\"\"}' ><h2 style=\"--font-weight:theme;\">Visites guid\u00e9es en buggy<\/h2><\/div><div class=\"uvc-sub-heading ult-responsive\"  data-ultimate-target='.uvc-heading.ultimate-heading-707069d55002ecf5c .uvc-sub-heading '  data-responsive-json-new='{\"font-size\":\"\",\"line-height\":\"\"}'  style=\"font-weight:normal;\"><\/p>\n<p style=\"text-align: left;\">Official Mont-Tremblant vous apporte plus d&rsquo;informations sur les activit\u00e9s d&rsquo;\u00e9t\u00e9 \u00e0 Tremblant dont les visit\u00e9es guid\u00e9es en buggy \u00e0 Mont-Tremblant.<\/p>\n<p style=\"text-align: left;\"><span style=\"font-weight: 400;\">Les excursions en buggy dans les dunes de Tremblant sont l&rsquo;une des activit\u00e9s les plus palpitantes de\u00a0 Mont Tremblant et une excellente fa\u00e7on d&rsquo;explorer la campagne de pr\u00e8s.<\/span><\/p>\n<p style=\"text-align: left;\"><span style=\"font-weight: 400;\">Ces visites guid\u00e9es hors route sont s\u00fbres et constituent une activit\u00e9 amusante \u00e0 laquelle toute la famille peut participer. Profitez d&rsquo;une aventure de 90 minutes sur un Honda Pioneer 2 places de 500 cm3 avec arceau de s\u00e9curit\u00e9 et ceintures de s\u00e9curit\u00e9 \u00e0 3 points. Ces buggies des dunes ont deux fois la puissance d&rsquo;un VTT, 4 roues motrices et une suspension con\u00e7ue pour se d\u00e9placer hors route.<\/span><\/p>\n<p style=\"text-align: left;\"><span style=\"font-weight: 400;\">Les excursions en buggy dans les dunes sont situ\u00e9es \u00e0 Bel Air Tremblant, \u00e0 seulement 8 minutes en voiture de la station de ski Tremblant. Un guide professionnel vous guidera \u00e0 travers le site montagneux de Bel Air. Naviguez \u00e0 travers la for\u00eat bois\u00e9e et gravissez des pentes abruptes au volant d&rsquo;un buggy 4 \u00d7 4. Mais avant de vous lancer dans ce voyage de 90 minutes, un guide bilingue exp\u00e9riment\u00e9 vous donnera un briefing sur la s\u00e9curit\u00e9 et une session de formation pratique rapide afin que vous soyez \u00e0 l&rsquo;aise pour conduire le buggy des dunes.<\/span><\/p>\n<p style=\"text-align: left;\"><span style=\"font-weight: 400;\">Les groupes sont r\u00e9duits pour garantir \u00e0 chacun de passer un moment inoubliable . La visite en buggy vous emm\u00e8nera le long d&rsquo;un chemin sinueux \u00e0 travers les montagnes o\u00f9 vous aurez de nombreuses opportunit\u00e9s de prendre de magnifiques photos et d&rsquo;admirer des vues panoramiques \u00e0 couper le souffle..<\/span><\/p>\n<p style=\"text-align: left;\"><span style=\"font-weight: 400;\">INCLUS: buggy des dunes, casque, essence et guide professionnel<\/span><\/p>\n<p style=\"text-align: left;\"><span style=\"font-weight: 400;\">RESERVEZ <\/span><a href=\"https:\/\/actiontremblant.com\/fr\/activites-dete\/buggy-4x4\/\"><span style=\"font-weight: 400;\">https:\/\/actiontremblant.com\/fr\/activites-dete\/buggy-4&#215;4\/<\/span><\/a><\/p>\n<p style=\"text-align: left;\"><span style=\"font-weight: 400;\">Ou appelez +1 819-341-4577<\/span><\/p>\n<h4 style=\"text-align: left;\"><span style=\"font-weight: 400;\">CONDITIONS<\/span><\/h4>\n<ul style=\"text-align: left;\">\n<li style=\"font-weight: 400;\" aria-level=\"1\"><span style=\"font-weight: 400;\">Conducteurs : 18 ans minimum<\/span><\/li>\n<li style=\"font-weight: 400;\" aria-level=\"1\"><span style=\"font-weight: 400;\">Une permis de conduire valide<\/span><\/li>\n<li style=\"font-weight: 400;\" aria-level=\"1\"><span style=\"font-weight: 400;\">Passagers : 5 ans minimum<\/span><\/li>\n<li style=\"font-weight: 400;\" aria-level=\"1\"><span style=\"font-weight: 400;\">Ne convient pas aux femmes enceintes<\/span><\/li>\n<li style=\"font-weight: 400;\" aria-level=\"1\"><span style=\"font-weight: 400;\">Tout participant doit signer une d\u00e9charge de responsabilit\u00e9<\/span><\/li>\n<li style=\"font-weight: 400;\" aria-level=\"1\"><span style=\"font-weight: 400;\">Une caution de $3,000 obligatoire<\/span><\/li>\n<\/ul>\n<h4 style=\"text-align: left;\"><strong>HEURES D&rsquo;OUVERTURE<\/strong><\/h4>\n<p style=\"text-align: left;\"><span style=\"font-weight: 400;\">Du lundi au dimanche\u00a0<\/span><span style=\"font-weight: 400;\">Les visites partent \u00e0 9h00, 11h00, 13h00, 15h00<\/span><\/p>\n<p style=\"text-align: left;\"><span style=\"font-weight: 400;\">Les balades en Buggy \u00e0 Tremblant d\u2019ACTION TREMBLANT sont situ\u00e9es au Bel Air Resort.Nous vous demandons de vous pr\u00e9senter au Bel Air Clubhouse. Veuillez arriver 30 minutes avant le d\u00e9part.<\/span><\/p>\n<p><\/div><\/div>[\/vc_column][\/vc_row][vc_row][vc_column][vc_empty_space height=\u00a0\u00bb60px\u00a0\u00bb][\/vc_column][\/vc_row][vc_row][vc_column][vc_single_image image=\u00a0\u00bb23079&Prime; img_size=\u00a0\u00bb500&#215;300&Prime; alignment=\u00a0\u00bbcenter\u00a0\u00bb][\/vc_column][\/vc_row]<\/p>\n","protected":false},"excerpt":{"rendered":"<p>[vc_row][vc_column][\/vc_column][\/vc_row][vc_row][vc_column][vc_empty_space height=\u00a0\u00bb60px\u00a0\u00bb][\/vc_column][\/vc_row][vc_row][vc_column][vc_single_image image=\u00a0\u00bb23079&Prime; img_size=\u00a0\u00bb500&#215;300&Prime; alignment=\u00a0\u00bbcenter\u00a0\u00bb][\/vc_column][\/vc_row]<\/p>\n","protected":false},"author":5,"featured_media":23080,"parent":24734,"menu_order":0,"comment_status":"closed","ping_status":"closed","template":"","meta":{"footnotes":""},"class_list":["post-25368","page","type-page","status-publish","has-post-thumbnail","hentry","description-off"],"yoast_head":"<!-- This site is optimized with the Yoast SEO Premium plugin v26.5 (Yoast SEO v26.5) - https:\/\/yoast.com\/wordpress\/plugins\/seo\/ -->\n<title>Visites guid\u00e9es en buggy \u00e0 Tremblant, activit\u00e9s d&#039;\u00e9t\u00e9 \u00e0 Tremblant<\/title>\n<meta name=\"description\" content=\"Official Mont-Tremblant vous apporte plus d&#039;informations sur les activit\u00e9s d&#039;\u00e9t\u00e9 \u00e0 Tremblant dont les visit\u00e9es guid\u00e9es en buggy \u00e0 Tremblant.\" \/>\n<meta name=\"robots\" content=\"index, follow, max-snippet:-1, max-image-preview:large, max-video-preview:-1\" \/>\n<link rel=\"canonical\" href=\"https:\/\/officialmonttremblant.com\/fr\/activites\/activites-d-ete\/vehicules-tout-terrain\/visites-guidees\/\" \/>\n<meta property=\"og:locale\" content=\"fr_FR\" \/>\n<meta property=\"og:type\" content=\"article\" \/>\n<meta property=\"og:title\" content=\"Visites guid\u00e9es\" \/>\n<meta property=\"og:description\" content=\"Official Mont-Tremblant vous apporte plus d&#039;informations sur les activit\u00e9s d&#039;\u00e9t\u00e9 \u00e0 Tremblant dont les visit\u00e9es guid\u00e9es en buggy \u00e0 Tremblant.\" \/>\n<meta property=\"og:url\" content=\"https:\/\/officialmonttremblant.com\/fr\/activites\/activites-d-ete\/vehicules-tout-terrain\/visites-guidees\/\" \/>\n<meta property=\"og:site_name\" content=\"Official Mont Tremblant\" \/>\n<meta property=\"article:modified_time\" content=\"2025-07-29T15:34:52+00:00\" \/>\n<meta property=\"og:image\" content=\"https:\/\/officialmonttremblant.com\/wp-content\/uploads\/2022\/09\/action-tremblant.jpeg\" \/>\n\t<meta property=\"og:image:width\" content=\"960\" \/>\n\t<meta property=\"og:image:height\" content=\"720\" \/>\n\t<meta property=\"og:image:type\" content=\"image\/jpeg\" \/>\n<meta name=\"twitter:card\" content=\"summary_large_image\" \/>\n<meta name=\"twitter:label1\" content=\"Dur\u00e9e de lecture estim\u00e9e\" \/>\n\t<meta name=\"twitter:data1\" content=\"3 minutes\" \/>\n<script type=\"application\/ld+json\" class=\"yoast-schema-graph\">{\"@context\":\"https:\/\/schema.org\",\"@graph\":[{\"@type\":\"WebPage\",\"@id\":\"https:\/\/officialmonttremblant.com\/fr\/activites\/activites-d-ete\/vehicules-tout-terrain\/visites-guidees\/\",\"url\":\"https:\/\/officialmonttremblant.com\/fr\/activites\/activites-d-ete\/vehicules-tout-terrain\/visites-guidees\/\",\"name\":\"Visites guid\u00e9es en buggy \u00e0 Tremblant, activit\u00e9s d'\u00e9t\u00e9 \u00e0 Tremblant\",\"isPartOf\":{\"@id\":\"https:\/\/officialmonttremblant.com\/fr\/#website\"},\"primaryImageOfPage\":{\"@id\":\"https:\/\/officialmonttremblant.com\/fr\/activites\/activites-d-ete\/vehicules-tout-terrain\/visites-guidees\/#primaryimage\"},\"image\":{\"@id\":\"https:\/\/officialmonttremblant.com\/fr\/activites\/activites-d-ete\/vehicules-tout-terrain\/visites-guidees\/#primaryimage\"},\"thumbnailUrl\":\"https:\/\/officialmonttremblant.com\/wp-content\/uploads\/2022\/09\/action-tremblant.jpeg\",\"datePublished\":\"2022-09-19T20:33:28+00:00\",\"dateModified\":\"2025-07-29T15:34:52+00:00\",\"description\":\"Official Mont-Tremblant vous apporte plus d'informations sur les activit\u00e9s d'\u00e9t\u00e9 \u00e0 Tremblant dont les visit\u00e9es guid\u00e9es en buggy \u00e0 Tremblant.\",\"breadcrumb\":{\"@id\":\"https:\/\/officialmonttremblant.com\/fr\/activites\/activites-d-ete\/vehicules-tout-terrain\/visites-guidees\/#breadcrumb\"},\"inLanguage\":\"fr-FR\",\"potentialAction\":[{\"@type\":\"ReadAction\",\"target\":[\"https:\/\/officialmonttremblant.com\/fr\/activites\/activites-d-ete\/vehicules-tout-terrain\/visites-guidees\/\"]}]},{\"@type\":\"ImageObject\",\"inLanguage\":\"fr-FR\",\"@id\":\"https:\/\/officialmonttremblant.com\/fr\/activites\/activites-d-ete\/vehicules-tout-terrain\/visites-guidees\/#primaryimage\",\"url\":\"https:\/\/officialmonttremblant.com\/wp-content\/uploads\/2022\/09\/action-tremblant.jpeg\",\"contentUrl\":\"https:\/\/officialmonttremblant.com\/wp-content\/uploads\/2022\/09\/action-tremblant.jpeg\",\"width\":960,\"height\":720,\"caption\":\"Tremblant Dune Buggy Tours\"},{\"@type\":\"BreadcrumbList\",\"@id\":\"https:\/\/officialmonttremblant.com\/fr\/activites\/activites-d-ete\/vehicules-tout-terrain\/visites-guidees\/#breadcrumb\",\"itemListElement\":[{\"@type\":\"ListItem\",\"position\":1,\"name\":\"Home\",\"item\":\"https:\/\/officialmonttremblant.com\/fr\/\"},{\"@type\":\"ListItem\",\"position\":2,\"name\":\"Activit\u00e9s\",\"item\":\"https:\/\/officialmonttremblant.com\/fr\/activites\/\"},{\"@type\":\"ListItem\",\"position\":3,\"name\":\"Activit\u00e9s d&#8217;\u00e9t\u00e9\",\"item\":\"https:\/\/officialmonttremblant.com\/fr\/activites\/activites-d-ete\/\"},{\"@type\":\"ListItem\",\"position\":4,\"name\":\"V\u00e9hicules tout-terrain\",\"item\":\"https:\/\/officialmonttremblant.com\/fr\/activites\/activites-d-ete\/vehicules-tout-terrain\/\"},{\"@type\":\"ListItem\",\"position\":5,\"name\":\"Visites guid\u00e9es\"}]},{\"@type\":\"WebSite\",\"@id\":\"https:\/\/officialmonttremblant.com\/fr\/#website\",\"url\":\"https:\/\/officialmonttremblant.com\/fr\/\",\"name\":\"Official Mont Tremblant\",\"description\":\"Vacation &amp; tourist guide in Mont Tremblant\",\"potentialAction\":[{\"@type\":\"SearchAction\",\"target\":{\"@type\":\"EntryPoint\",\"urlTemplate\":\"https:\/\/officialmonttremblant.com\/fr\/?s={search_term_string}\"},\"query-input\":{\"@type\":\"PropertyValueSpecification\",\"valueRequired\":true,\"valueName\":\"search_term_string\"}}],\"inLanguage\":\"fr-FR\"}]}<\/script>\n<!-- \/ Yoast SEO Premium plugin. -->","yoast_head_json":{"title":"Visites guid\u00e9es en buggy \u00e0 Tremblant, activit\u00e9s d'\u00e9t\u00e9 \u00e0 Tremblant","description":"Official Mont-Tremblant vous apporte plus d'informations sur les activit\u00e9s d'\u00e9t\u00e9 \u00e0 Tremblant dont les visit\u00e9es guid\u00e9es en buggy \u00e0 Tremblant.","robots":{"index":"index","follow":"follow","max-snippet":"max-snippet:-1","max-image-preview":"max-image-preview:large","max-video-preview":"max-video-preview:-1"},"canonical":"https:\/\/officialmonttremblant.com\/fr\/activites\/activites-d-ete\/vehicules-tout-terrain\/visites-guidees\/","og_locale":"fr_FR","og_type":"article","og_title":"Visites guid\u00e9es","og_description":"Official Mont-Tremblant vous apporte plus d'informations sur les activit\u00e9s d'\u00e9t\u00e9 \u00e0 Tremblant dont les visit\u00e9es guid\u00e9es en buggy \u00e0 Tremblant.","og_url":"https:\/\/officialmonttremblant.com\/fr\/activites\/activites-d-ete\/vehicules-tout-terrain\/visites-guidees\/","og_site_name":"Official Mont Tremblant","article_modified_time":"2025-07-29T15:34:52+00:00","og_image":[{"width":960,"height":720,"url":"https:\/\/officialmonttremblant.com\/wp-content\/uploads\/2022\/09\/action-tremblant.jpeg","type":"image\/jpeg"}],"twitter_card":"summary_large_image","twitter_misc":{"Dur\u00e9e de lecture estim\u00e9e":"3 minutes"},"schema":{"@context":"https:\/\/schema.org","@graph":[{"@type":"WebPage","@id":"https:\/\/officialmonttremblant.com\/fr\/activites\/activites-d-ete\/vehicules-tout-terrain\/visites-guidees\/","url":"https:\/\/officialmonttremblant.com\/fr\/activites\/activites-d-ete\/vehicules-tout-terrain\/visites-guidees\/","name":"Visites guid\u00e9es en buggy \u00e0 Tremblant, activit\u00e9s d'\u00e9t\u00e9 \u00e0 Tremblant","isPartOf":{"@id":"https:\/\/officialmonttremblant.com\/fr\/#website"},"primaryImageOfPage":{"@id":"https:\/\/officialmonttremblant.com\/fr\/activites\/activites-d-ete\/vehicules-tout-terrain\/visites-guidees\/#primaryimage"},"image":{"@id":"https:\/\/officialmonttremblant.com\/fr\/activites\/activites-d-ete\/vehicules-tout-terrain\/visites-guidees\/#primaryimage"},"thumbnailUrl":"https:\/\/officialmonttremblant.com\/wp-content\/uploads\/2022\/09\/action-tremblant.jpeg","datePublished":"2022-09-19T20:33:28+00:00","dateModified":"2025-07-29T15:34:52+00:00","description":"Official Mont-Tremblant vous apporte plus d'informations sur les activit\u00e9s d'\u00e9t\u00e9 \u00e0 Tremblant dont les visit\u00e9es guid\u00e9es en buggy \u00e0 Tremblant.","breadcrumb":{"@id":"https:\/\/officialmonttremblant.com\/fr\/activites\/activites-d-ete\/vehicules-tout-terrain\/visites-guidees\/#breadcrumb"},"inLanguage":"fr-FR","potentialAction":[{"@type":"ReadAction","target":["https:\/\/officialmonttremblant.com\/fr\/activites\/activites-d-ete\/vehicules-tout-terrain\/visites-guidees\/"]}]},{"@type":"ImageObject","inLanguage":"fr-FR","@id":"https:\/\/officialmonttremblant.com\/fr\/activites\/activites-d-ete\/vehicules-tout-terrain\/visites-guidees\/#primaryimage","url":"https:\/\/officialmonttremblant.com\/wp-content\/uploads\/2022\/09\/action-tremblant.jpeg","contentUrl":"https:\/\/officialmonttremblant.com\/wp-content\/uploads\/2022\/09\/action-tremblant.jpeg","width":960,"height":720,"caption":"Tremblant Dune Buggy Tours"},{"@type":"BreadcrumbList","@id":"https:\/\/officialmonttremblant.com\/fr\/activites\/activites-d-ete\/vehicules-tout-terrain\/visites-guidees\/#breadcrumb","itemListElement":[{"@type":"ListItem","position":1,"name":"Home","item":"https:\/\/officialmonttremblant.com\/fr\/"},{"@type":"ListItem","position":2,"name":"Activit\u00e9s","item":"https:\/\/officialmonttremblant.com\/fr\/activites\/"},{"@type":"ListItem","position":3,"name":"Activit\u00e9s d&#8217;\u00e9t\u00e9","item":"https:\/\/officialmonttremblant.com\/fr\/activites\/activites-d-ete\/"},{"@type":"ListItem","position":4,"name":"V\u00e9hicules tout-terrain","item":"https:\/\/officialmonttremblant.com\/fr\/activites\/activites-d-ete\/vehicules-tout-terrain\/"},{"@type":"ListItem","position":5,"name":"Visites guid\u00e9es"}]},{"@type":"WebSite","@id":"https:\/\/officialmonttremblant.com\/fr\/#website","url":"https:\/\/officialmonttremblant.com\/fr\/","name":"Official Mont Tremblant","description":"Vacation &amp; tourist guide in Mont Tremblant","potentialAction":[{"@type":"SearchAction","target":{"@type":"EntryPoint","urlTemplate":"https:\/\/officialmonttremblant.com\/fr\/?s={search_term_string}"},"query-input":{"@type":"PropertyValueSpecification","valueRequired":true,"valueName":"search_term_string"}}],"inLanguage":"fr-FR"}]}},"jetpack_sharing_enabled":true,"_links":{"self":[{"href":"https:\/\/officialmonttremblant.com\/fr\/wp-json\/wp\/v2\/pages\/25368","targetHints":{"allow":["GET"]}}],"collection":[{"href":"https:\/\/officialmonttremblant.com\/fr\/wp-json\/wp\/v2\/pages"}],"about":[{"href":"https:\/\/officialmonttremblant.com\/fr\/wp-json\/wp\/v2\/types\/page"}],"author":[{"embeddable":true,"href":"https:\/\/officialmonttremblant.com\/fr\/wp-json\/wp\/v2\/users\/5"}],"replies":[{"embeddable":true,"href":"https:\/\/officialmonttremblant.com\/fr\/wp-json\/wp\/v2\/comments?post=25368"}],"version-history":[{"count":3,"href":"https:\/\/officialmonttremblant.com\/fr\/wp-json\/wp\/v2\/pages\/25368\/revisions"}],"predecessor-version":[{"id":25883,"href":"https:\/\/officialmonttremblant.com\/fr\/wp-json\/wp\/v2\/pages\/25368\/revisions\/25883"}],"up":[{"embeddable":true,"href":"https:\/\/officialmonttremblant.com\/fr\/wp-json\/wp\/v2\/pages\/24734"}],"wp:featuredmedia":[{"embeddable":true,"href":"https:\/\/officialmonttremblant.com\/fr\/wp-json\/wp\/v2\/media\/23080"}],"wp:attachment":[{"href":"https:\/\/officialmonttremblant.com\/fr\/wp-json\/wp\/v2\/media?parent=25368"}],"curies":[{"name":"wp","href":"https:\/\/api.w.org\/{rel}","templated":true}]}}