{"id":25369,"date":"2022-09-19T18:45:43","date_gmt":"2022-09-19T22:45:43","guid":{"rendered":"https:\/\/officialmonttremblant.com\/activites\/activites-d-ete\/faire-du-velo\/fatbike\/"},"modified":"2025-07-29T11:40:38","modified_gmt":"2025-07-29T15:40:38","slug":"fatbike","status":"publish","type":"page","link":"https:\/\/officialmonttremblant.com\/fr\/activites\/activites-d-ete\/faire-du-velo\/fatbike\/","title":{"rendered":"Fatbike"},"content":{"rendered":"<p>[vc_row][vc_column]<div id=\"ultimate-heading-909669ddf4069f214\" class=\"uvc-heading ult-adjust-bottom-margin ultimate-heading-909669ddf4069f214 uvc-1482  uvc-heading-default-font-sizes\" data-hspacer=\"no_spacer\"  data-halign=\"left\" style=\"text-align:left\"><div class=\"uvc-heading-spacer no_spacer\" style=\"top\"><\/div><div class=\"uvc-main-heading ult-responsive\"  data-ultimate-target='.uvc-heading.ultimate-heading-909669ddf4069f214 h2'  data-responsive-json-new='{\"font-size\":\"\",\"line-height\":\"\"}' ><h2 style=\"--font-weight:theme;\">Fatbike \u00e0 Mont-Tremblant<\/h2><\/div><div class=\"uvc-sub-heading ult-responsive\"  data-ultimate-target='.uvc-heading.ultimate-heading-909669ddf4069f214 .uvc-sub-heading '  data-responsive-json-new='{\"font-size\":\"\",\"line-height\":\"\"}'  style=\"font-weight:normal;\"><\/p>\n<p style=\"text-align: left;\">Official Mont-Trembant vous apporte plus d&rsquo;informations sur les activit\u00e9s d&rsquo;\u00e9t\u00e9 \u00e0 Tremblant dont le fatbike \u00e0 Mont-Tremblant.<\/p>\n<p><span style=\"font-weight: 400;\">Respirez l\u2019air frais de la montagne et d\u00e9couvrez des vues spectaculaires en traversant la for\u00eat enneig\u00e9e, le long de la piste cyclable du Petit Train du Nord avec notre balade en fat biking \u00e0 Mont-Tremblant. Faites du sport en p\u00e9dalant et appuyez sur l\u2019acc\u00e9l\u00e9rateur pour une balade tout en douceur.<\/span><\/p>\n<p><span style=\"font-weight: 400;\">Un fat bike \u00e9lectrique est sans surprise un m\u00e9lange \u00e0 la fois d&rsquo;un v\u00e9lo \u00e9lectrique et d&rsquo;un fat bike . Il s&rsquo;agit d&rsquo;un v\u00e9lo tout-terrain \u00e9lectrique qui utilise g\u00e9n\u00e9ralement des pneus et des jantes tr\u00e8s larges. C&rsquo;est beaucoup plus grand que votre v\u00e9lo de montagne standard ou votre v\u00e9lo \u00e9lectrique hybride.<\/span><\/p>\n<p><span style=\"font-weight: 400;\">Lorsque vous appuyez sur les p\u00e9dales d&rsquo;un fat bike \u00e9lectrique, un petit moteur s&rsquo;enclenche et vous donne un coup de pouce, ce qui vous permet de gravir les collines et de naviguer sur des terrains difficiles sans vous essoufler.<\/span><\/p>\n<p><span style=\"font-weight: 400;\">\u00c0 Mont Tremblant, les fatbikes \u00e9lectriques envahissent les sentiers et pour cause. Ils vous permettent d&rsquo;aller plus loin et plus vite en m\u00eame temps qu&rsquo;un v\u00e9lo ordinaire, ce qui les rend parfaits pour explorer la r\u00e9gion en quelques heures.<\/span><\/p>\n<p><span style=\"font-weight: 400;\">Ainsi, m\u00eame en forte mont\u00e9e lorsque vous \u00eates sur la route, vous serez toujours souriant et profiterez de la vue tandis que d&rsquo;autres transpireront et souffriront.\u00a0<\/span><span style=\"font-weight: 400;\">Pour passer un moment amusant qui vous permettra de d\u00e9couvrir les alentours, Officiel Mont Tremblant vous recommande d&rsquo;essayer le v\u00e9lo \u00e9lectrique \u00e0 Mont-Tremblant.<\/span><\/p>\n<p>&nbsp;<\/p>\n<p><em><strong>Action Tremblant<\/strong><\/em><\/p>\n<p><a href=\"https:\/\/actiontremblant.com\/fr\/\"><span style=\"font-weight: 400;\">https:\/\/actiontremblant.com\/fr\/<\/span><\/a><\/p>\n<p><span style=\"font-weight: 400;\">info@actiontremblant.com<\/span><\/p>\n<p><span style=\"font-weight: 400;\">1 819 833 1293<\/span><\/p>\n<p>&nbsp;<\/p>\n<p><em><span style=\"font-weight: 400;\">Location de v\u00e9los \u00e9lectriques et tours priv\u00e9s guid\u00e9s<\/span><\/em><\/p>\n<p><strong>CYKEL (E-BIKE)<\/strong><span style=\"font-weight: 400;\"><br \/>\n<\/span><span style=\"font-weight: 400;\">819-717-4001<\/span><\/p>\n<p>&nbsp;<\/p>\n<p><strong>D-Tour\u00a0<\/strong><\/p>\n<p><span style=\"font-weight: 400;\">\u00a0info@dtourtremblant.com\u00a0<\/span><\/p>\n<p><span style=\"font-weight: 400;\">819-430-TOUR (8687)<\/span><\/div><\/div>[\/vc_column][\/vc_row][vc_row][vc_column][vc_empty_space height=\u00a0\u00bb60px\u00a0\u00bb][\/vc_column][\/vc_row][vc_row][vc_column][vc_single_image image=\u00a0\u00bb23095&Prime; img_size=\u00a0\u00bb800&#215;600&Prime; alignment=\u00a0\u00bbcenter\u00a0\u00bb][\/vc_column][\/vc_row]<\/p>\n","protected":false},"excerpt":{"rendered":"<p>[vc_row][vc_column][\/vc_column][\/vc_row][vc_row][vc_column][vc_empty_space height=\u00a0\u00bb60px\u00a0\u00bb][\/vc_column][\/vc_row][vc_row][vc_column][vc_single_image image=\u00a0\u00bb23095&Prime; img_size=\u00a0\u00bb800&#215;600&Prime; alignment=\u00a0\u00bbcenter\u00a0\u00bb][\/vc_column][\/vc_row]<\/p>\n","protected":false},"author":5,"featured_media":23096,"parent":24716,"menu_order":0,"comment_status":"closed","ping_status":"closed","template":"","meta":{"footnotes":""},"class_list":["post-25369","page","type-page","status-publish","has-post-thumbnail","hentry","description-off"],"yoast_head":"<!-- This site is optimized with the Yoast SEO Premium plugin v26.5 (Yoast SEO v26.5) - https:\/\/yoast.com\/wordpress\/plugins\/seo\/ -->\n<title>Fatbike \u00e0 Mont-Tremblant, activit\u00e9s d&#039;\u00e9t\u00e9 \u00e0 Tremblant<\/title>\n<meta name=\"description\" content=\"Official Mont-Trembant vous apporte plus d&#039;informations sur les activit\u00e9s d&#039;\u00e9t\u00e9 \u00e0 Tremblant dont le fatbike \u00e0 Mont-Tremblant.\" \/>\n<meta name=\"robots\" content=\"index, follow, max-snippet:-1, max-image-preview:large, max-video-preview:-1\" \/>\n<link rel=\"canonical\" href=\"https:\/\/officialmonttremblant.com\/fr\/activites\/activites-d-ete\/faire-du-velo\/fatbike\/\" \/>\n<meta property=\"og:locale\" content=\"fr_FR\" \/>\n<meta property=\"og:type\" content=\"article\" \/>\n<meta property=\"og:title\" content=\"Fatbike\" \/>\n<meta property=\"og:description\" content=\"Official Mont-Trembant vous apporte plus d&#039;informations sur les activit\u00e9s d&#039;\u00e9t\u00e9 \u00e0 Tremblant dont le fatbike \u00e0 Mont-Tremblant.\" \/>\n<meta property=\"og:url\" content=\"https:\/\/officialmonttremblant.com\/fr\/activites\/activites-d-ete\/faire-du-velo\/fatbike\/\" \/>\n<meta property=\"og:site_name\" content=\"Official Mont Tremblant\" \/>\n<meta property=\"article:modified_time\" content=\"2025-07-29T15:40:38+00:00\" \/>\n<meta property=\"og:image\" content=\"https:\/\/officialmonttremblant.com\/wp-content\/uploads\/2022\/09\/Fatbike.webp\" \/>\n\t<meta property=\"og:image:width\" content=\"800\" \/>\n\t<meta property=\"og:image:height\" content=\"540\" \/>\n\t<meta property=\"og:image:type\" content=\"image\/webp\" \/>\n<meta name=\"twitter:card\" content=\"summary_large_image\" \/>\n<meta name=\"twitter:label1\" content=\"Dur\u00e9e de lecture estim\u00e9e\" \/>\n\t<meta name=\"twitter:data1\" content=\"2 minutes\" \/>\n<script type=\"application\/ld+json\" class=\"yoast-schema-graph\">{\"@context\":\"https:\/\/schema.org\",\"@graph\":[{\"@type\":\"WebPage\",\"@id\":\"https:\/\/officialmonttremblant.com\/fr\/activites\/activites-d-ete\/faire-du-velo\/fatbike\/\",\"url\":\"https:\/\/officialmonttremblant.com\/fr\/activites\/activites-d-ete\/faire-du-velo\/fatbike\/\",\"name\":\"Fatbike \u00e0 Mont-Tremblant, activit\u00e9s d'\u00e9t\u00e9 \u00e0 Tremblant\",\"isPartOf\":{\"@id\":\"https:\/\/officialmonttremblant.com\/fr\/#website\"},\"primaryImageOfPage\":{\"@id\":\"https:\/\/officialmonttremblant.com\/fr\/activites\/activites-d-ete\/faire-du-velo\/fatbike\/#primaryimage\"},\"image\":{\"@id\":\"https:\/\/officialmonttremblant.com\/fr\/activites\/activites-d-ete\/faire-du-velo\/fatbike\/#primaryimage\"},\"thumbnailUrl\":\"https:\/\/officialmonttremblant.com\/wp-content\/uploads\/2022\/09\/Fatbike.webp\",\"datePublished\":\"2022-09-19T22:45:43+00:00\",\"dateModified\":\"2025-07-29T15:40:38+00:00\",\"description\":\"Official Mont-Trembant vous apporte plus d'informations sur les activit\u00e9s d'\u00e9t\u00e9 \u00e0 Tremblant dont le fatbike \u00e0 Mont-Tremblant.\",\"breadcrumb\":{\"@id\":\"https:\/\/officialmonttremblant.com\/fr\/activites\/activites-d-ete\/faire-du-velo\/fatbike\/#breadcrumb\"},\"inLanguage\":\"fr-FR\",\"potentialAction\":[{\"@type\":\"ReadAction\",\"target\":[\"https:\/\/officialmonttremblant.com\/fr\/activites\/activites-d-ete\/faire-du-velo\/fatbike\/\"]}]},{\"@type\":\"ImageObject\",\"inLanguage\":\"fr-FR\",\"@id\":\"https:\/\/officialmonttremblant.com\/fr\/activites\/activites-d-ete\/faire-du-velo\/fatbike\/#primaryimage\",\"url\":\"https:\/\/officialmonttremblant.com\/wp-content\/uploads\/2022\/09\/Fatbike.webp\",\"contentUrl\":\"https:\/\/officialmonttremblant.com\/wp-content\/uploads\/2022\/09\/Fatbike.webp\",\"width\":800,\"height\":540,\"caption\":\"Fatbike\"},{\"@type\":\"BreadcrumbList\",\"@id\":\"https:\/\/officialmonttremblant.com\/fr\/activites\/activites-d-ete\/faire-du-velo\/fatbike\/#breadcrumb\",\"itemListElement\":[{\"@type\":\"ListItem\",\"position\":1,\"name\":\"Home\",\"item\":\"https:\/\/officialmonttremblant.com\/fr\/\"},{\"@type\":\"ListItem\",\"position\":2,\"name\":\"Activit\u00e9s\",\"item\":\"https:\/\/officialmonttremblant.com\/fr\/activites\/\"},{\"@type\":\"ListItem\",\"position\":3,\"name\":\"Activit\u00e9s d&#8217;\u00e9t\u00e9\",\"item\":\"https:\/\/officialmonttremblant.com\/fr\/activites\/activites-d-ete\/\"},{\"@type\":\"ListItem\",\"position\":4,\"name\":\"Faire du v\u00e9lo\",\"item\":\"https:\/\/officialmonttremblant.com\/fr\/activites\/activites-d-ete\/faire-du-velo\/\"},{\"@type\":\"ListItem\",\"position\":5,\"name\":\"Fatbike\"}]},{\"@type\":\"WebSite\",\"@id\":\"https:\/\/officialmonttremblant.com\/fr\/#website\",\"url\":\"https:\/\/officialmonttremblant.com\/fr\/\",\"name\":\"Official Mont Tremblant\",\"description\":\"Vacation &amp; tourist guide in Mont Tremblant\",\"potentialAction\":[{\"@type\":\"SearchAction\",\"target\":{\"@type\":\"EntryPoint\",\"urlTemplate\":\"https:\/\/officialmonttremblant.com\/fr\/?s={search_term_string}\"},\"query-input\":{\"@type\":\"PropertyValueSpecification\",\"valueRequired\":true,\"valueName\":\"search_term_string\"}}],\"inLanguage\":\"fr-FR\"}]}<\/script>\n<!-- \/ Yoast SEO Premium plugin. -->","yoast_head_json":{"title":"Fatbike \u00e0 Mont-Tremblant, activit\u00e9s d'\u00e9t\u00e9 \u00e0 Tremblant","description":"Official Mont-Trembant vous apporte plus d'informations sur les activit\u00e9s d'\u00e9t\u00e9 \u00e0 Tremblant dont le fatbike \u00e0 Mont-Tremblant.","robots":{"index":"index","follow":"follow","max-snippet":"max-snippet:-1","max-image-preview":"max-image-preview:large","max-video-preview":"max-video-preview:-1"},"canonical":"https:\/\/officialmonttremblant.com\/fr\/activites\/activites-d-ete\/faire-du-velo\/fatbike\/","og_locale":"fr_FR","og_type":"article","og_title":"Fatbike","og_description":"Official Mont-Trembant vous apporte plus d'informations sur les activit\u00e9s d'\u00e9t\u00e9 \u00e0 Tremblant dont le fatbike \u00e0 Mont-Tremblant.","og_url":"https:\/\/officialmonttremblant.com\/fr\/activites\/activites-d-ete\/faire-du-velo\/fatbike\/","og_site_name":"Official Mont Tremblant","article_modified_time":"2025-07-29T15:40:38+00:00","og_image":[{"width":800,"height":540,"url":"https:\/\/officialmonttremblant.com\/wp-content\/uploads\/2022\/09\/Fatbike.webp","type":"image\/webp"}],"twitter_card":"summary_large_image","twitter_misc":{"Dur\u00e9e de lecture estim\u00e9e":"2 minutes"},"schema":{"@context":"https:\/\/schema.org","@graph":[{"@type":"WebPage","@id":"https:\/\/officialmonttremblant.com\/fr\/activites\/activites-d-ete\/faire-du-velo\/fatbike\/","url":"https:\/\/officialmonttremblant.com\/fr\/activites\/activites-d-ete\/faire-du-velo\/fatbike\/","name":"Fatbike \u00e0 Mont-Tremblant, activit\u00e9s d'\u00e9t\u00e9 \u00e0 Tremblant","isPartOf":{"@id":"https:\/\/officialmonttremblant.com\/fr\/#website"},"primaryImageOfPage":{"@id":"https:\/\/officialmonttremblant.com\/fr\/activites\/activites-d-ete\/faire-du-velo\/fatbike\/#primaryimage"},"image":{"@id":"https:\/\/officialmonttremblant.com\/fr\/activites\/activites-d-ete\/faire-du-velo\/fatbike\/#primaryimage"},"thumbnailUrl":"https:\/\/officialmonttremblant.com\/wp-content\/uploads\/2022\/09\/Fatbike.webp","datePublished":"2022-09-19T22:45:43+00:00","dateModified":"2025-07-29T15:40:38+00:00","description":"Official Mont-Trembant vous apporte plus d'informations sur les activit\u00e9s d'\u00e9t\u00e9 \u00e0 Tremblant dont le fatbike \u00e0 Mont-Tremblant.","breadcrumb":{"@id":"https:\/\/officialmonttremblant.com\/fr\/activites\/activites-d-ete\/faire-du-velo\/fatbike\/#breadcrumb"},"inLanguage":"fr-FR","potentialAction":[{"@type":"ReadAction","target":["https:\/\/officialmonttremblant.com\/fr\/activites\/activites-d-ete\/faire-du-velo\/fatbike\/"]}]},{"@type":"ImageObject","inLanguage":"fr-FR","@id":"https:\/\/officialmonttremblant.com\/fr\/activites\/activites-d-ete\/faire-du-velo\/fatbike\/#primaryimage","url":"https:\/\/officialmonttremblant.com\/wp-content\/uploads\/2022\/09\/Fatbike.webp","contentUrl":"https:\/\/officialmonttremblant.com\/wp-content\/uploads\/2022\/09\/Fatbike.webp","width":800,"height":540,"caption":"Fatbike"},{"@type":"BreadcrumbList","@id":"https:\/\/officialmonttremblant.com\/fr\/activites\/activites-d-ete\/faire-du-velo\/fatbike\/#breadcrumb","itemListElement":[{"@type":"ListItem","position":1,"name":"Home","item":"https:\/\/officialmonttremblant.com\/fr\/"},{"@type":"ListItem","position":2,"name":"Activit\u00e9s","item":"https:\/\/officialmonttremblant.com\/fr\/activites\/"},{"@type":"ListItem","position":3,"name":"Activit\u00e9s d&#8217;\u00e9t\u00e9","item":"https:\/\/officialmonttremblant.com\/fr\/activites\/activites-d-ete\/"},{"@type":"ListItem","position":4,"name":"Faire du v\u00e9lo","item":"https:\/\/officialmonttremblant.com\/fr\/activites\/activites-d-ete\/faire-du-velo\/"},{"@type":"ListItem","position":5,"name":"Fatbike"}]},{"@type":"WebSite","@id":"https:\/\/officialmonttremblant.com\/fr\/#website","url":"https:\/\/officialmonttremblant.com\/fr\/","name":"Official Mont Tremblant","description":"Vacation &amp; tourist guide in Mont Tremblant","potentialAction":[{"@type":"SearchAction","target":{"@type":"EntryPoint","urlTemplate":"https:\/\/officialmonttremblant.com\/fr\/?s={search_term_string}"},"query-input":{"@type":"PropertyValueSpecification","valueRequired":true,"valueName":"search_term_string"}}],"inLanguage":"fr-FR"}]}},"jetpack_sharing_enabled":true,"_links":{"self":[{"href":"https:\/\/officialmonttremblant.com\/fr\/wp-json\/wp\/v2\/pages\/25369","targetHints":{"allow":["GET"]}}],"collection":[{"href":"https:\/\/officialmonttremblant.com\/fr\/wp-json\/wp\/v2\/pages"}],"about":[{"href":"https:\/\/officialmonttremblant.com\/fr\/wp-json\/wp\/v2\/types\/page"}],"author":[{"embeddable":true,"href":"https:\/\/officialmonttremblant.com\/fr\/wp-json\/wp\/v2\/users\/5"}],"replies":[{"embeddable":true,"href":"https:\/\/officialmonttremblant.com\/fr\/wp-json\/wp\/v2\/comments?post=25369"}],"version-history":[{"count":3,"href":"https:\/\/officialmonttremblant.com\/fr\/wp-json\/wp\/v2\/pages\/25369\/revisions"}],"predecessor-version":[{"id":25921,"href":"https:\/\/officialmonttremblant.com\/fr\/wp-json\/wp\/v2\/pages\/25369\/revisions\/25921"}],"up":[{"embeddable":true,"href":"https:\/\/officialmonttremblant.com\/fr\/wp-json\/wp\/v2\/pages\/24716"}],"wp:featuredmedia":[{"embeddable":true,"href":"https:\/\/officialmonttremblant.com\/fr\/wp-json\/wp\/v2\/media\/23096"}],"wp:attachment":[{"href":"https:\/\/officialmonttremblant.com\/fr\/wp-json\/wp\/v2\/media?parent=25369"}],"curies":[{"name":"wp","href":"https:\/\/api.w.org\/{rel}","templated":true}]}}