{"id":25370,"date":"2022-07-26T11:14:02","date_gmt":"2022-07-26T15:14:02","guid":{"rendered":"https:\/\/officialmonttremblant.com\/activites\/indoor-actvities\/escape-game\/"},"modified":"2025-07-29T11:25:06","modified_gmt":"2025-07-29T15:25:06","slug":"escape-game","status":"publish","type":"page","link":"https:\/\/officialmonttremblant.com\/fr\/activites\/activites-d-interieur\/escape-game\/","title":{"rendered":"Escape Game"},"content":{"rendered":"<p>[vc_row][vc_column]<div id=\"ultimate-heading-456869d7a0e102449\" class=\"uvc-heading ult-adjust-bottom-margin ultimate-heading-456869d7a0e102449 uvc-1844  uvc-heading-default-font-sizes\" data-hspacer=\"no_spacer\"  data-halign=\"center\" style=\"text-align:center\"><div class=\"uvc-heading-spacer no_spacer\" style=\"top\"><\/div><div class=\"uvc-main-heading ult-responsive\"  data-ultimate-target='.uvc-heading.ultimate-heading-456869d7a0e102449 h2'  data-responsive-json-new='{\"font-size\":\"\",\"line-height\":\"\"}' ><h2 style=\"--font-weight:theme;\">Escape Game \u00e0 Mont-Tremblant<\/h2><\/div><div class=\"uvc-sub-heading ult-responsive\"  data-ultimate-target='.uvc-heading.ultimate-heading-456869d7a0e102449 .uvc-sub-heading '  data-responsive-json-new='{\"font-size\":\"\",\"line-height\":\"\"}'  style=\"font-weight:normal;\"><\/p>\n<p style=\"text-align: left;\"><span style=\"font-weight: 400;\">Official Mont-Tremblant vous donne plus d&rsquo;informations sur les activit\u00e9s d&rsquo;int\u00e9rieur \u00e0 Tremblant dont l&rsquo;escape game \u00e0 Tremblant.<\/span><\/p>\n<p style=\"text-align: left;\"><span style=\"font-weight: 400;\">S&rsquo;il ne fait pas beau ou si vous avez juste envie de faire une petite pause loin des pistes ou des sentiers et de passer un moment amusant avec votre famille et vos amis, ne cherchez pas plus loin ! Officiel Mont Tremblant a quelque chose de parfait pour vous !\u00a0<\/span><span style=\"font-weight: 400;\">Les escape rooms sont vraiment l&rsquo;activit\u00e9 d&rsquo;int\u00e9rieur parfaite pour ceux qui souhaitent tester leur esprit tout en restant bien au chaud \u00e0 l&rsquo;int\u00e9rieur.<\/span><\/p>\n<p style=\"text-align: left;\"><span style=\"font-weight: 400;\">A une \u00e9poque ou les \u00e9crans et les t\u00e9l\u00e9phones nous plongent en permanence dans une r\u00e9alit\u00e9 virtuelle, il est rafra\u00eechissant de participer \u00e0 un jeu bien r\u00e9el ou enfants comme adultes pourront oublier le temps qu&rsquo;il fait et tenter de r\u00e9soudre en \u00e9quipe des \u00e9nigmes.\u00a0<\/span><span style=\"font-weight: 400;\">Alors pour l&rsquo;escapade int\u00e9rieure la plus excitante,\u00a0 nous avons s\u00e9lectionn\u00e9 pour vous l&rsquo;Escape game Mission Libert\u00e9. Menerez-vous votre \u00e9quipe \u00e0 la victoire ou serez-vous pi\u00e9g\u00e9 pour toujours ? Une chose est s\u00fbre : vous allez rire, plaisanter et vous cr\u00e9er de magnifiques\u00a0 souvenirs tout au long du parcours.<\/span><\/p>\n<p style=\"text-align: left;\"><span style=\"font-weight: 400;\">Il existe diff\u00e9rentes escape rooms \u00e0 Mission Libert\u00e9, chacune d&rsquo;une dur\u00e9e approximative de 1h15, et avec un niveau de difficult\u00e9 diff\u00e9rent.<\/span><\/p>\n<p>&nbsp;<\/p>\n<p style=\"text-align: center;\"><strong>MISSION LIBERTE<\/strong><\/p>\n<p style=\"text-align: center;\"><strong>3035 chemin de la chapelle, mont tremblant,\u00a0<\/strong><\/p>\n<p style=\"text-align: center;\"><strong><a href=\"https:\/\/missionliberte.com\/18197173935\">(819) 717-3935<\/a><\/strong><\/p>\n<p style=\"text-align: center;\"><strong>info@missionliberte.com<\/strong><\/p>\n<p style=\"text-align: center;\"><a href=\"https:\/\/missionliberte.com\/fr\/\"><span style=\"font-weight: 400;\"><strong>https:\/\/missionliberte.com\/fr\/<\/strong><\/span><\/a><\/p>\n<p><\/div><\/div>[\/vc_column][\/vc_row][vc_row][vc_column][vc_empty_space height=\u00a0\u00bb60px\u00a0\u00bb][\/vc_column][\/vc_row][vc_row][vc_column][vc_single_image image=\u00a0\u00bb16340&Prime; img_size=\u00a0\u00bb800&#215;600&Prime; alignment=\u00a0\u00bbcenter\u00a0\u00bb][\/vc_column][\/vc_row]<\/p>\n","protected":false},"excerpt":{"rendered":"<p>[vc_row][vc_column][\/vc_column][\/vc_row][vc_row][vc_column][vc_empty_space height=\u00a0\u00bb60px\u00a0\u00bb][\/vc_column][\/vc_row][vc_row][vc_column][vc_single_image image=\u00a0\u00bb16340&Prime; img_size=\u00a0\u00bb800&#215;600&Prime; alignment=\u00a0\u00bbcenter\u00a0\u00bb][\/vc_column][\/vc_row]<\/p>\n","protected":false},"author":1,"featured_media":16990,"parent":21144,"menu_order":0,"comment_status":"closed","ping_status":"closed","template":"","meta":{"footnotes":""},"class_list":["post-25370","page","type-page","status-publish","has-post-thumbnail","hentry","description-off"],"yoast_head":"<!-- This site is optimized with the Yoast SEO Premium plugin v26.5 (Yoast SEO v26.5) - https:\/\/yoast.com\/wordpress\/plugins\/seo\/ -->\n<title>Escape Game \u00e0 Mont-Tremblant, Activit\u00e9s d&#039;int\u00e9rieur \u00e0 Tremblant<\/title>\n<meta name=\"description\" content=\"Official Mont-Tremblant vous donne plus d&#039;informations sur les activit\u00e9s d&#039;int\u00e9rieur \u00e0 Tremblant dont l&#039;escape game \u00e0 Tremblant.\" \/>\n<meta name=\"robots\" content=\"index, follow, max-snippet:-1, max-image-preview:large, max-video-preview:-1\" \/>\n<link rel=\"canonical\" href=\"https:\/\/officialmonttremblant.com\/fr\/activites\/activites-d-interieur\/escape-game\/\" \/>\n<meta property=\"og:locale\" content=\"fr_FR\" \/>\n<meta property=\"og:type\" content=\"article\" \/>\n<meta property=\"og:title\" content=\"Escape Game\" \/>\n<meta property=\"og:description\" content=\"Official Mont-Tremblant vous donne plus d&#039;informations sur les activit\u00e9s d&#039;int\u00e9rieur \u00e0 Tremblant dont l&#039;escape game \u00e0 Tremblant.\" \/>\n<meta property=\"og:url\" content=\"https:\/\/officialmonttremblant.com\/fr\/activites\/activites-d-interieur\/escape-game\/\" \/>\n<meta property=\"og:site_name\" content=\"Official Mont Tremblant\" \/>\n<meta property=\"article:modified_time\" content=\"2025-07-29T15:25:06+00:00\" \/>\n<meta property=\"og:image\" content=\"https:\/\/officialmonttremblant.com\/wp-content\/uploads\/2022\/07\/Escape-Game.jpg\" \/>\n\t<meta property=\"og:image:width\" content=\"1024\" \/>\n\t<meta property=\"og:image:height\" content=\"683\" \/>\n\t<meta property=\"og:image:type\" content=\"image\/jpeg\" \/>\n<meta name=\"twitter:card\" content=\"summary_large_image\" \/>\n<meta name=\"twitter:label1\" content=\"Dur\u00e9e de lecture estim\u00e9e\" \/>\n\t<meta name=\"twitter:data1\" content=\"2 minutes\" \/>\n<script type=\"application\/ld+json\" class=\"yoast-schema-graph\">{\"@context\":\"https:\/\/schema.org\",\"@graph\":[{\"@type\":\"WebPage\",\"@id\":\"https:\/\/officialmonttremblant.com\/fr\/activites\/activites-d-interieur\/escape-game\/\",\"url\":\"https:\/\/officialmonttremblant.com\/fr\/activites\/activites-d-interieur\/escape-game\/\",\"name\":\"Escape Game \u00e0 Mont-Tremblant, Activit\u00e9s d'int\u00e9rieur \u00e0 Tremblant\",\"isPartOf\":{\"@id\":\"https:\/\/officialmonttremblant.com\/fr\/#website\"},\"primaryImageOfPage\":{\"@id\":\"https:\/\/officialmonttremblant.com\/fr\/activites\/activites-d-interieur\/escape-game\/#primaryimage\"},\"image\":{\"@id\":\"https:\/\/officialmonttremblant.com\/fr\/activites\/activites-d-interieur\/escape-game\/#primaryimage\"},\"thumbnailUrl\":\"https:\/\/officialmonttremblant.com\/wp-content\/uploads\/2022\/07\/Escape-Game.jpg\",\"datePublished\":\"2022-07-26T15:14:02+00:00\",\"dateModified\":\"2025-07-29T15:25:06+00:00\",\"description\":\"Official Mont-Tremblant vous donne plus d'informations sur les activit\u00e9s d'int\u00e9rieur \u00e0 Tremblant dont l'escape game \u00e0 Tremblant.\",\"breadcrumb\":{\"@id\":\"https:\/\/officialmonttremblant.com\/fr\/activites\/activites-d-interieur\/escape-game\/#breadcrumb\"},\"inLanguage\":\"fr-FR\",\"potentialAction\":[{\"@type\":\"ReadAction\",\"target\":[\"https:\/\/officialmonttremblant.com\/fr\/activites\/activites-d-interieur\/escape-game\/\"]}]},{\"@type\":\"ImageObject\",\"inLanguage\":\"fr-FR\",\"@id\":\"https:\/\/officialmonttremblant.com\/fr\/activites\/activites-d-interieur\/escape-game\/#primaryimage\",\"url\":\"https:\/\/officialmonttremblant.com\/wp-content\/uploads\/2022\/07\/Escape-Game.jpg\",\"contentUrl\":\"https:\/\/officialmonttremblant.com\/wp-content\/uploads\/2022\/07\/Escape-Game.jpg\",\"width\":1024,\"height\":683,\"caption\":\"Escape Game in Mont-Tremblant\"},{\"@type\":\"BreadcrumbList\",\"@id\":\"https:\/\/officialmonttremblant.com\/fr\/activites\/activites-d-interieur\/escape-game\/#breadcrumb\",\"itemListElement\":[{\"@type\":\"ListItem\",\"position\":1,\"name\":\"Home\",\"item\":\"https:\/\/officialmonttremblant.com\/fr\/\"},{\"@type\":\"ListItem\",\"position\":2,\"name\":\"Activit\u00e9s\",\"item\":\"https:\/\/officialmonttremblant.com\/fr\/activites\/\"},{\"@type\":\"ListItem\",\"position\":3,\"name\":\"Activit\u00e9s d&#8217;int\u00e9rieur\",\"item\":\"https:\/\/officialmonttremblant.com\/fr\/activites\/activites-d-interieur\/\"},{\"@type\":\"ListItem\",\"position\":4,\"name\":\"Escape Game\"}]},{\"@type\":\"WebSite\",\"@id\":\"https:\/\/officialmonttremblant.com\/fr\/#website\",\"url\":\"https:\/\/officialmonttremblant.com\/fr\/\",\"name\":\"Official Mont Tremblant\",\"description\":\"Vacation &amp; tourist guide in Mont Tremblant\",\"potentialAction\":[{\"@type\":\"SearchAction\",\"target\":{\"@type\":\"EntryPoint\",\"urlTemplate\":\"https:\/\/officialmonttremblant.com\/fr\/?s={search_term_string}\"},\"query-input\":{\"@type\":\"PropertyValueSpecification\",\"valueRequired\":true,\"valueName\":\"search_term_string\"}}],\"inLanguage\":\"fr-FR\"}]}<\/script>\n<!-- \/ Yoast SEO Premium plugin. -->","yoast_head_json":{"title":"Escape Game \u00e0 Mont-Tremblant, Activit\u00e9s d'int\u00e9rieur \u00e0 Tremblant","description":"Official Mont-Tremblant vous donne plus d'informations sur les activit\u00e9s d'int\u00e9rieur \u00e0 Tremblant dont l'escape game \u00e0 Tremblant.","robots":{"index":"index","follow":"follow","max-snippet":"max-snippet:-1","max-image-preview":"max-image-preview:large","max-video-preview":"max-video-preview:-1"},"canonical":"https:\/\/officialmonttremblant.com\/fr\/activites\/activites-d-interieur\/escape-game\/","og_locale":"fr_FR","og_type":"article","og_title":"Escape Game","og_description":"Official Mont-Tremblant vous donne plus d'informations sur les activit\u00e9s d'int\u00e9rieur \u00e0 Tremblant dont l'escape game \u00e0 Tremblant.","og_url":"https:\/\/officialmonttremblant.com\/fr\/activites\/activites-d-interieur\/escape-game\/","og_site_name":"Official Mont Tremblant","article_modified_time":"2025-07-29T15:25:06+00:00","og_image":[{"width":1024,"height":683,"url":"https:\/\/officialmonttremblant.com\/wp-content\/uploads\/2022\/07\/Escape-Game.jpg","type":"image\/jpeg"}],"twitter_card":"summary_large_image","twitter_misc":{"Dur\u00e9e de lecture estim\u00e9e":"2 minutes"},"schema":{"@context":"https:\/\/schema.org","@graph":[{"@type":"WebPage","@id":"https:\/\/officialmonttremblant.com\/fr\/activites\/activites-d-interieur\/escape-game\/","url":"https:\/\/officialmonttremblant.com\/fr\/activites\/activites-d-interieur\/escape-game\/","name":"Escape Game \u00e0 Mont-Tremblant, Activit\u00e9s d'int\u00e9rieur \u00e0 Tremblant","isPartOf":{"@id":"https:\/\/officialmonttremblant.com\/fr\/#website"},"primaryImageOfPage":{"@id":"https:\/\/officialmonttremblant.com\/fr\/activites\/activites-d-interieur\/escape-game\/#primaryimage"},"image":{"@id":"https:\/\/officialmonttremblant.com\/fr\/activites\/activites-d-interieur\/escape-game\/#primaryimage"},"thumbnailUrl":"https:\/\/officialmonttremblant.com\/wp-content\/uploads\/2022\/07\/Escape-Game.jpg","datePublished":"2022-07-26T15:14:02+00:00","dateModified":"2025-07-29T15:25:06+00:00","description":"Official Mont-Tremblant vous donne plus d'informations sur les activit\u00e9s d'int\u00e9rieur \u00e0 Tremblant dont l'escape game \u00e0 Tremblant.","breadcrumb":{"@id":"https:\/\/officialmonttremblant.com\/fr\/activites\/activites-d-interieur\/escape-game\/#breadcrumb"},"inLanguage":"fr-FR","potentialAction":[{"@type":"ReadAction","target":["https:\/\/officialmonttremblant.com\/fr\/activites\/activites-d-interieur\/escape-game\/"]}]},{"@type":"ImageObject","inLanguage":"fr-FR","@id":"https:\/\/officialmonttremblant.com\/fr\/activites\/activites-d-interieur\/escape-game\/#primaryimage","url":"https:\/\/officialmonttremblant.com\/wp-content\/uploads\/2022\/07\/Escape-Game.jpg","contentUrl":"https:\/\/officialmonttremblant.com\/wp-content\/uploads\/2022\/07\/Escape-Game.jpg","width":1024,"height":683,"caption":"Escape Game in Mont-Tremblant"},{"@type":"BreadcrumbList","@id":"https:\/\/officialmonttremblant.com\/fr\/activites\/activites-d-interieur\/escape-game\/#breadcrumb","itemListElement":[{"@type":"ListItem","position":1,"name":"Home","item":"https:\/\/officialmonttremblant.com\/fr\/"},{"@type":"ListItem","position":2,"name":"Activit\u00e9s","item":"https:\/\/officialmonttremblant.com\/fr\/activites\/"},{"@type":"ListItem","position":3,"name":"Activit\u00e9s d&#8217;int\u00e9rieur","item":"https:\/\/officialmonttremblant.com\/fr\/activites\/activites-d-interieur\/"},{"@type":"ListItem","position":4,"name":"Escape Game"}]},{"@type":"WebSite","@id":"https:\/\/officialmonttremblant.com\/fr\/#website","url":"https:\/\/officialmonttremblant.com\/fr\/","name":"Official Mont Tremblant","description":"Vacation &amp; tourist guide in Mont Tremblant","potentialAction":[{"@type":"SearchAction","target":{"@type":"EntryPoint","urlTemplate":"https:\/\/officialmonttremblant.com\/fr\/?s={search_term_string}"},"query-input":{"@type":"PropertyValueSpecification","valueRequired":true,"valueName":"search_term_string"}}],"inLanguage":"fr-FR"}]}},"jetpack_sharing_enabled":true,"_links":{"self":[{"href":"https:\/\/officialmonttremblant.com\/fr\/wp-json\/wp\/v2\/pages\/25370","targetHints":{"allow":["GET"]}}],"collection":[{"href":"https:\/\/officialmonttremblant.com\/fr\/wp-json\/wp\/v2\/pages"}],"about":[{"href":"https:\/\/officialmonttremblant.com\/fr\/wp-json\/wp\/v2\/types\/page"}],"author":[{"embeddable":true,"href":"https:\/\/officialmonttremblant.com\/fr\/wp-json\/wp\/v2\/users\/1"}],"replies":[{"embeddable":true,"href":"https:\/\/officialmonttremblant.com\/fr\/wp-json\/wp\/v2\/comments?post=25370"}],"version-history":[{"count":3,"href":"https:\/\/officialmonttremblant.com\/fr\/wp-json\/wp\/v2\/pages\/25370\/revisions"}],"predecessor-version":[{"id":26685,"href":"https:\/\/officialmonttremblant.com\/fr\/wp-json\/wp\/v2\/pages\/25370\/revisions\/26685"}],"up":[{"embeddable":true,"href":"https:\/\/officialmonttremblant.com\/fr\/wp-json\/wp\/v2\/pages\/21144"}],"wp:featuredmedia":[{"embeddable":true,"href":"https:\/\/officialmonttremblant.com\/fr\/wp-json\/wp\/v2\/media\/16990"}],"wp:attachment":[{"href":"https:\/\/officialmonttremblant.com\/fr\/wp-json\/wp\/v2\/media?parent=25370"}],"curies":[{"name":"wp","href":"https:\/\/api.w.org\/{rel}","templated":true}]}}