{"id":25372,"date":"2022-10-12T12:38:56","date_gmt":"2022-10-12T16:38:56","guid":{"rendered":"https:\/\/officialmonttremblant.com\/activites\/excursions-motorisees\/driving-schools\/"},"modified":"2025-07-29T11:32:37","modified_gmt":"2025-07-29T15:32:37","slug":"ecoles-de-pilotage","status":"publish","type":"page","link":"https:\/\/officialmonttremblant.com\/fr\/activites\/excursions-motorisees\/ecoles-de-pilotage\/","title":{"rendered":"Ecoles de pilotage"},"content":{"rendered":"<p>[vc_row][vc_column]<div id=\"ultimate-heading-898469d4932c3ff6a\" class=\"uvc-heading ult-adjust-bottom-margin ultimate-heading-898469d4932c3ff6a uvc-5339  uvc-heading-default-font-sizes\" data-hspacer=\"no_spacer\"  data-halign=\"left\" style=\"text-align:left\"><div class=\"uvc-heading-spacer no_spacer\" style=\"top\"><\/div><div class=\"uvc-main-heading ult-responsive\"  data-ultimate-target='.uvc-heading.ultimate-heading-898469d4932c3ff6a h2'  data-responsive-json-new='{\"font-size\":\"\",\"line-height\":\"\"}' ><h2 style=\"--font-weight:theme;\">Ecoles de pilotage \u00e0 Mont-Tremblant<\/h2><\/div><div class=\"uvc-sub-heading ult-responsive\"  data-ultimate-target='.uvc-heading.ultimate-heading-898469d4932c3ff6a .uvc-sub-heading '  data-responsive-json-new='{\"font-size\":\"\",\"line-height\":\"\"}'  style=\"font-weight:normal;\"><\/p>\n<p style=\"text-align: left;\">Official Mont-Tremblant vous donne plus d&rsquo;informations sur les activit\u00e9s \u00e0 Tremblant dont les \u00e9coles de pilotage \u00e0 Mont-Tremblant.<\/p>\n<p style=\"text-align: left;\">Le Circuit Mont-Tremblant est nich\u00e9 au c\u0153ur de la magnifique cha\u00eene de montagnes des Laurentides. Son trac\u00e9 sinueux \u00e0 15 virages suit la topographie naturelle du terrain, ce qui en fait un des circuits les plus int\u00e9ressants et les plus exigeants au monde.<span style=\"font-weight: 400;\">Les collines qui entourent la piste cr\u00e9ent des promontoires naturels qui offrent aux spectateurs de superbes vues en plong\u00e9e.\u00a0<\/span><span style=\"font-weight: 400;\">Si vous souhaitez vivre de pr\u00e8s l\u2019exp\u00e9rience du circuit Mont Tremblant derri\u00e8re le volant, Official Mont Tremblant a s\u00e9lectionn\u00e9 pour vous la meilleure \u00e9cole de pilotage.\u00a0<\/span><\/p>\n<p>&nbsp;<\/p>\n<p><strong>\u00c9COLE DE PILOTAGE AUTOMOBILE JIM RUSSELL<\/strong><\/p>\n<p><span style=\"font-weight: 400;\">Fond\u00e9e en 1969, l\u2019\u00c9cole de pilotage Jim Russell permet aux aspirants coureurs et aux amateurs de voitures hautes performances d\u2019apprendre avec les meilleurs professionnels et de rehausser leurs aptitudes de pilotage sur le magnifique Circuit Mont-Tremblant.<\/span><span style=\"font-weight: 400;\">Gr\u00e2ce \u00e0 ses voitures de type Formule \u00e0 la fine pointe de la technologie et \u00e0 ses m\u00e9thodes d\u2019enseignement \u00e9prouv\u00e9es, l\u2019\u00c9cole Jim Russell a form\u00e9 plus de pilotes de haut niveau et de champions du monde que toute autre \u00e9cole de pilotage.<\/span><\/p>\n<p><span style=\"font-weight: 400;\">L\u2019\u00e9cole de pilotage Jim Russel est\u00a0 l\u2019une des institutions les plus respect\u00e9es et les plus exp\u00e9riment\u00e9es en Am\u00e9rique du Nord en mati\u00e8re de course automobile. Que vous en soyez \u00e0 votre premi\u00e8re exp\u00e9rience sur piste ou un passionn\u00e9 de longue date, c\u2019est l\u2019endroit id\u00e9al pour vivre une pouss\u00e9e d\u2019adr\u00e9naline particuli\u00e8rement intense.\u00a0<\/span><span style=\"font-weight: 400;\">Venez d\u00e9couvrir pourquoi des pilotes du monde entier font confiance \u00e0 l\u2019\u00c9cole de pilotage Jim Russell.<\/span><\/p>\n<h3 style=\"text-align: center;\"><strong>Jim Russell Karting Academy<\/strong><\/h3>\n<h3 style=\"text-align: center;\"><strong>1281 chemin du Village<\/strong><\/h3>\n<h3 style=\"text-align: center;\"><strong>Mont Tremblant, QC J8E 1G7<\/strong><\/h3>\n<h3 style=\"text-align: center;\"><strong>1 819-429-6867<\/strong><\/h3>\n<h3 style=\"text-align: center;\"><strong>info@kartingjimrussell.com<\/strong><\/h3>\n<p><\/div><\/div>[\/vc_column][\/vc_row][vc_row][vc_column][vc_empty_space height=\u00a0\u00bb60px\u00a0\u00bb][\/vc_column][\/vc_row][vc_row][vc_column][vc_single_image image=\u00a0\u00bb25168&Prime; img_size=\u00a0\u00bb800&#215;400&Prime; alignment=\u00a0\u00bbcenter\u00a0\u00bb][\/vc_column][\/vc_row]<\/p>\n","protected":false},"excerpt":{"rendered":"<p>[vc_row][vc_column][\/vc_column][\/vc_row][vc_row][vc_column][vc_empty_space height=\u00a0\u00bb60px\u00a0\u00bb][\/vc_column][\/vc_row][vc_row][vc_column][vc_single_image image=\u00a0\u00bb25168&Prime; img_size=\u00a0\u00bb800&#215;400&Prime; alignment=\u00a0\u00bbcenter\u00a0\u00bb][\/vc_column][\/vc_row]<\/p>\n","protected":false},"author":5,"featured_media":25169,"parent":21146,"menu_order":0,"comment_status":"closed","ping_status":"closed","template":"","meta":{"footnotes":""},"class_list":["post-25372","page","type-page","status-publish","has-post-thumbnail","hentry","description-off"],"yoast_head":"<!-- This site is optimized with the Yoast SEO Premium plugin v26.5 (Yoast SEO v26.5) - https:\/\/yoast.com\/wordpress\/plugins\/seo\/ -->\n<title>Ecoles de pilotage \u00e0 Mont-Tremblant, Activit\u00e9s \u00e0 Tremblant<\/title>\n<meta name=\"description\" content=\"Official Mont-Tremblant vous donne plus d&#039;informations sur les activit\u00e9s \u00e0 Tremblant dont les \u00e9coles de pilotage \u00e0 Mont-Tremblant.\" \/>\n<meta name=\"robots\" content=\"index, follow, max-snippet:-1, max-image-preview:large, max-video-preview:-1\" \/>\n<link rel=\"canonical\" href=\"https:\/\/officialmonttremblant.com\/fr\/activites\/excursions-motorisees\/ecoles-de-pilotage\/\" \/>\n<meta property=\"og:locale\" content=\"fr_FR\" \/>\n<meta property=\"og:type\" content=\"article\" \/>\n<meta property=\"og:title\" content=\"Ecoles de pilotage\" \/>\n<meta property=\"og:description\" content=\"Official Mont-Tremblant vous donne plus d&#039;informations sur les activit\u00e9s \u00e0 Tremblant dont les \u00e9coles de pilotage \u00e0 Mont-Tremblant.\" \/>\n<meta property=\"og:url\" content=\"https:\/\/officialmonttremblant.com\/fr\/activites\/excursions-motorisees\/ecoles-de-pilotage\/\" \/>\n<meta property=\"og:site_name\" content=\"Official Mont Tremblant\" \/>\n<meta property=\"article:modified_time\" content=\"2025-07-29T15:32:37+00:00\" \/>\n<meta property=\"og:image\" content=\"https:\/\/officialmonttremblant.com\/wp-content\/uploads\/2022\/10\/Driving-schools-in-Mont-Tremblant.jpeg\" \/>\n\t<meta property=\"og:image:width\" content=\"470\" \/>\n\t<meta property=\"og:image:height\" content=\"265\" \/>\n\t<meta property=\"og:image:type\" content=\"image\/jpeg\" \/>\n<meta name=\"twitter:card\" content=\"summary_large_image\" \/>\n<meta name=\"twitter:label1\" content=\"Dur\u00e9e de lecture estim\u00e9e\" \/>\n\t<meta name=\"twitter:data1\" content=\"2 minutes\" \/>\n<script type=\"application\/ld+json\" class=\"yoast-schema-graph\">{\"@context\":\"https:\/\/schema.org\",\"@graph\":[{\"@type\":\"WebPage\",\"@id\":\"https:\/\/officialmonttremblant.com\/fr\/activites\/excursions-motorisees\/ecoles-de-pilotage\/\",\"url\":\"https:\/\/officialmonttremblant.com\/fr\/activites\/excursions-motorisees\/ecoles-de-pilotage\/\",\"name\":\"Ecoles de pilotage \u00e0 Mont-Tremblant, Activit\u00e9s \u00e0 Tremblant\",\"isPartOf\":{\"@id\":\"https:\/\/officialmonttremblant.com\/fr\/#website\"},\"primaryImageOfPage\":{\"@id\":\"https:\/\/officialmonttremblant.com\/fr\/activites\/excursions-motorisees\/ecoles-de-pilotage\/#primaryimage\"},\"image\":{\"@id\":\"https:\/\/officialmonttremblant.com\/fr\/activites\/excursions-motorisees\/ecoles-de-pilotage\/#primaryimage\"},\"thumbnailUrl\":\"https:\/\/officialmonttremblant.com\/wp-content\/uploads\/2022\/10\/Driving-schools-in-Mont-Tremblant.jpeg\",\"datePublished\":\"2022-10-12T16:38:56+00:00\",\"dateModified\":\"2025-07-29T15:32:37+00:00\",\"description\":\"Official Mont-Tremblant vous donne plus d'informations sur les activit\u00e9s \u00e0 Tremblant dont les \u00e9coles de pilotage \u00e0 Mont-Tremblant.\",\"breadcrumb\":{\"@id\":\"https:\/\/officialmonttremblant.com\/fr\/activites\/excursions-motorisees\/ecoles-de-pilotage\/#breadcrumb\"},\"inLanguage\":\"fr-FR\",\"potentialAction\":[{\"@type\":\"ReadAction\",\"target\":[\"https:\/\/officialmonttremblant.com\/fr\/activites\/excursions-motorisees\/ecoles-de-pilotage\/\"]}]},{\"@type\":\"ImageObject\",\"inLanguage\":\"fr-FR\",\"@id\":\"https:\/\/officialmonttremblant.com\/fr\/activites\/excursions-motorisees\/ecoles-de-pilotage\/#primaryimage\",\"url\":\"https:\/\/officialmonttremblant.com\/wp-content\/uploads\/2022\/10\/Driving-schools-in-Mont-Tremblant.jpeg\",\"contentUrl\":\"https:\/\/officialmonttremblant.com\/wp-content\/uploads\/2022\/10\/Driving-schools-in-Mont-Tremblant.jpeg\",\"width\":470,\"height\":265,\"caption\":\"Driving schools in Mont-Tremblant\"},{\"@type\":\"BreadcrumbList\",\"@id\":\"https:\/\/officialmonttremblant.com\/fr\/activites\/excursions-motorisees\/ecoles-de-pilotage\/#breadcrumb\",\"itemListElement\":[{\"@type\":\"ListItem\",\"position\":1,\"name\":\"Home\",\"item\":\"https:\/\/officialmonttremblant.com\/fr\/\"},{\"@type\":\"ListItem\",\"position\":2,\"name\":\"Activit\u00e9s\",\"item\":\"https:\/\/officialmonttremblant.com\/fr\/activites\/\"},{\"@type\":\"ListItem\",\"position\":3,\"name\":\"Excursions Motoris\u00e9es\",\"item\":\"https:\/\/officialmonttremblant.com\/fr\/activites\/excursions-motorisees\/\"},{\"@type\":\"ListItem\",\"position\":4,\"name\":\"Ecoles de pilotage\"}]},{\"@type\":\"WebSite\",\"@id\":\"https:\/\/officialmonttremblant.com\/fr\/#website\",\"url\":\"https:\/\/officialmonttremblant.com\/fr\/\",\"name\":\"Official Mont Tremblant\",\"description\":\"Vacation &amp; tourist guide in Mont Tremblant\",\"potentialAction\":[{\"@type\":\"SearchAction\",\"target\":{\"@type\":\"EntryPoint\",\"urlTemplate\":\"https:\/\/officialmonttremblant.com\/fr\/?s={search_term_string}\"},\"query-input\":{\"@type\":\"PropertyValueSpecification\",\"valueRequired\":true,\"valueName\":\"search_term_string\"}}],\"inLanguage\":\"fr-FR\"}]}<\/script>\n<!-- \/ Yoast SEO Premium plugin. -->","yoast_head_json":{"title":"Ecoles de pilotage \u00e0 Mont-Tremblant, Activit\u00e9s \u00e0 Tremblant","description":"Official Mont-Tremblant vous donne plus d'informations sur les activit\u00e9s \u00e0 Tremblant dont les \u00e9coles de pilotage \u00e0 Mont-Tremblant.","robots":{"index":"index","follow":"follow","max-snippet":"max-snippet:-1","max-image-preview":"max-image-preview:large","max-video-preview":"max-video-preview:-1"},"canonical":"https:\/\/officialmonttremblant.com\/fr\/activites\/excursions-motorisees\/ecoles-de-pilotage\/","og_locale":"fr_FR","og_type":"article","og_title":"Ecoles de pilotage","og_description":"Official Mont-Tremblant vous donne plus d'informations sur les activit\u00e9s \u00e0 Tremblant dont les \u00e9coles de pilotage \u00e0 Mont-Tremblant.","og_url":"https:\/\/officialmonttremblant.com\/fr\/activites\/excursions-motorisees\/ecoles-de-pilotage\/","og_site_name":"Official Mont Tremblant","article_modified_time":"2025-07-29T15:32:37+00:00","og_image":[{"width":470,"height":265,"url":"https:\/\/officialmonttremblant.com\/wp-content\/uploads\/2022\/10\/Driving-schools-in-Mont-Tremblant.jpeg","type":"image\/jpeg"}],"twitter_card":"summary_large_image","twitter_misc":{"Dur\u00e9e de lecture estim\u00e9e":"2 minutes"},"schema":{"@context":"https:\/\/schema.org","@graph":[{"@type":"WebPage","@id":"https:\/\/officialmonttremblant.com\/fr\/activites\/excursions-motorisees\/ecoles-de-pilotage\/","url":"https:\/\/officialmonttremblant.com\/fr\/activites\/excursions-motorisees\/ecoles-de-pilotage\/","name":"Ecoles de pilotage \u00e0 Mont-Tremblant, Activit\u00e9s \u00e0 Tremblant","isPartOf":{"@id":"https:\/\/officialmonttremblant.com\/fr\/#website"},"primaryImageOfPage":{"@id":"https:\/\/officialmonttremblant.com\/fr\/activites\/excursions-motorisees\/ecoles-de-pilotage\/#primaryimage"},"image":{"@id":"https:\/\/officialmonttremblant.com\/fr\/activites\/excursions-motorisees\/ecoles-de-pilotage\/#primaryimage"},"thumbnailUrl":"https:\/\/officialmonttremblant.com\/wp-content\/uploads\/2022\/10\/Driving-schools-in-Mont-Tremblant.jpeg","datePublished":"2022-10-12T16:38:56+00:00","dateModified":"2025-07-29T15:32:37+00:00","description":"Official Mont-Tremblant vous donne plus d'informations sur les activit\u00e9s \u00e0 Tremblant dont les \u00e9coles de pilotage \u00e0 Mont-Tremblant.","breadcrumb":{"@id":"https:\/\/officialmonttremblant.com\/fr\/activites\/excursions-motorisees\/ecoles-de-pilotage\/#breadcrumb"},"inLanguage":"fr-FR","potentialAction":[{"@type":"ReadAction","target":["https:\/\/officialmonttremblant.com\/fr\/activites\/excursions-motorisees\/ecoles-de-pilotage\/"]}]},{"@type":"ImageObject","inLanguage":"fr-FR","@id":"https:\/\/officialmonttremblant.com\/fr\/activites\/excursions-motorisees\/ecoles-de-pilotage\/#primaryimage","url":"https:\/\/officialmonttremblant.com\/wp-content\/uploads\/2022\/10\/Driving-schools-in-Mont-Tremblant.jpeg","contentUrl":"https:\/\/officialmonttremblant.com\/wp-content\/uploads\/2022\/10\/Driving-schools-in-Mont-Tremblant.jpeg","width":470,"height":265,"caption":"Driving schools in Mont-Tremblant"},{"@type":"BreadcrumbList","@id":"https:\/\/officialmonttremblant.com\/fr\/activites\/excursions-motorisees\/ecoles-de-pilotage\/#breadcrumb","itemListElement":[{"@type":"ListItem","position":1,"name":"Home","item":"https:\/\/officialmonttremblant.com\/fr\/"},{"@type":"ListItem","position":2,"name":"Activit\u00e9s","item":"https:\/\/officialmonttremblant.com\/fr\/activites\/"},{"@type":"ListItem","position":3,"name":"Excursions Motoris\u00e9es","item":"https:\/\/officialmonttremblant.com\/fr\/activites\/excursions-motorisees\/"},{"@type":"ListItem","position":4,"name":"Ecoles de pilotage"}]},{"@type":"WebSite","@id":"https:\/\/officialmonttremblant.com\/fr\/#website","url":"https:\/\/officialmonttremblant.com\/fr\/","name":"Official Mont Tremblant","description":"Vacation &amp; tourist guide in Mont Tremblant","potentialAction":[{"@type":"SearchAction","target":{"@type":"EntryPoint","urlTemplate":"https:\/\/officialmonttremblant.com\/fr\/?s={search_term_string}"},"query-input":{"@type":"PropertyValueSpecification","valueRequired":true,"valueName":"search_term_string"}}],"inLanguage":"fr-FR"}]}},"jetpack_sharing_enabled":true,"_links":{"self":[{"href":"https:\/\/officialmonttremblant.com\/fr\/wp-json\/wp\/v2\/pages\/25372","targetHints":{"allow":["GET"]}}],"collection":[{"href":"https:\/\/officialmonttremblant.com\/fr\/wp-json\/wp\/v2\/pages"}],"about":[{"href":"https:\/\/officialmonttremblant.com\/fr\/wp-json\/wp\/v2\/types\/page"}],"author":[{"embeddable":true,"href":"https:\/\/officialmonttremblant.com\/fr\/wp-json\/wp\/v2\/users\/5"}],"replies":[{"embeddable":true,"href":"https:\/\/officialmonttremblant.com\/fr\/wp-json\/wp\/v2\/comments?post=25372"}],"version-history":[{"count":4,"href":"https:\/\/officialmonttremblant.com\/fr\/wp-json\/wp\/v2\/pages\/25372\/revisions"}],"predecessor-version":[{"id":26666,"href":"https:\/\/officialmonttremblant.com\/fr\/wp-json\/wp\/v2\/pages\/25372\/revisions\/26666"}],"up":[{"embeddable":true,"href":"https:\/\/officialmonttremblant.com\/fr\/wp-json\/wp\/v2\/pages\/21146"}],"wp:featuredmedia":[{"embeddable":true,"href":"https:\/\/officialmonttremblant.com\/fr\/wp-json\/wp\/v2\/media\/25169"}],"wp:attachment":[{"href":"https:\/\/officialmonttremblant.com\/fr\/wp-json\/wp\/v2\/media?parent=25372"}],"curies":[{"name":"wp","href":"https:\/\/api.w.org\/{rel}","templated":true}]}}