{"id":25373,"date":"2022-09-26T11:33:34","date_gmt":"2022-09-26T15:33:34","guid":{"rendered":"https:\/\/officialmonttremblant.com\/ou-sejourner\/domes-bubbles\/"},"modified":"2025-07-29T14:18:07","modified_gmt":"2025-07-29T18:18:07","slug":"domes-bulles","status":"publish","type":"page","link":"https:\/\/officialmonttremblant.com\/fr\/ou-sejourner\/locations-uniques-et-originales\/domes-bulles\/","title":{"rendered":"D\u00f4mes et bulles"},"content":{"rendered":"<p>[vc_row equal_height=\u00a0\u00bbyes\u00a0\u00bb content_placement=\u00a0\u00bbmiddle\u00a0\u00bb css=\u00a0\u00bb.vc_custom_1652473523430{padding-bottom: 50px !important;}\u00a0\u00bb][vc_column width=\u00a0\u00bb2\/3&Prime;][vc_column_text css=\u00a0\u00bb.vc_custom_1666702904454{padding-bottom: 25px !important;}\u00a0\u00bb]<span style=\"font-weight: 400;\">Et si vous abandonniez vos quatre murs habituels, pour une grosse bulle ou un d\u00f4me futuriste \u00e0 Mont Tremblant ? Vous pouvez louer ces h\u00e9bergements uniques, que ce soit pour une escapade romantique ou des vacances familiales inoubliables.<\/span><\/p>\n<p><span style=\"font-weight: 400;\">Lorsqu&rsquo;il s&rsquo;agit de profiter des grands espaces, les bulles ou\u00a0 d\u00f4mes sont\u00a0 tr\u00e8s \u00e0 la mode. Contrairement \u00e0 une tente ou \u00e0 une cabane, ils offrent une vue imprenable sur le ciel \u00e9toil\u00e9 et la nature environnante.<\/span><\/p>\n<p><span style=\"font-weight: 400;\">Perch\u00e9s sur une colline surplombant la vall\u00e9e de la rivi\u00e8re Rouge, ces h\u00e9bergements uniques sont nich\u00e9s au coeur de la for\u00eat, vous donnant un sentiment de solitude comme si vous \u00e9tiez seul \u00e0 des kilom\u00e8tres. Mais malgr\u00e9 les apparences, ces d\u00f4mes de luxe \u00e0 Mont Tremblant font partie de Bel Air Resort qui propose entre autres \u00e9quipements un spa japonais, un bar sant\u00e9, une piscine ext\u00e9rieure, des terrains de tennis, de basketball et de volleyball, une mini-ferme et bien plus encore.<\/span><\/p>\n<p><span style=\"font-weight: 400;\">En plus des \u00e9quipements du resort,\u00a0 Bel Air vous propose aussi de participer aux activit\u00e9s d\u2019Action Tremblant, les sp\u00e9cialistes de l&rsquo;aventure. L&rsquo;\u00e9quipe d&rsquo;Action Tremblant propose une multitude d\u2019activit\u00e9s de plein air ou\u00a0 des visites guid\u00e9es sur le site de 550 acres de Bel Air, comme par exemple \u00a0:<\/span><\/p>\n<ul>\n<li><span style=\"font-weight: 400;\"> Tours en tyrolienne dans la canop\u00e9e<\/span><\/li>\n<li><span style=\"font-weight: 400;\"> Tours guid\u00e9s en fat bike \u00e9lectrique<\/span><\/li>\n<li><span style=\"font-weight: 400;\"> Tours guid\u00e9s en raquettes<\/span><\/li>\n<li><span style=\"font-weight: 400;\"> Tra\u00eeneau \u00e0 chiens<\/span><\/li>\n<\/ul>\n<p>[\/vc_column_text][\/vc_column][vc_column width=\u00a0\u00bb1\/3&Prime;]<style type=\"text\/css\" data-type=\"the7_shortcodes-inline-css\">.shortcode-single-image-wrap.shortcode-single-image-b582aa9e0e5e279be662408bcedf9031.enable-bg-rollover .rollover i,\n.shortcode-single-image-wrap.shortcode-single-image-b582aa9e0e5e279be662408bcedf9031.enable-bg-rollover .rollover-video i {\n  background: -webkit-linear-gradient();\n  background: linear-gradient();\n}\n.shortcode-single-image-wrap.shortcode-single-image-b582aa9e0e5e279be662408bcedf9031 .rollover-icon {\n  font-size: 32px;\n  color: #ffffff;\n  min-width: 44px;\n  min-height: 44px;\n  line-height: 44px;\n  border-radius: 100px;\n  border-style: solid;\n  border-width: 0px;\n}\n.dt-icon-bg-on.shortcode-single-image-wrap.shortcode-single-image-b582aa9e0e5e279be662408bcedf9031 .rollover-icon {\n  background: rgba(255,255,255,0.3);\n  box-shadow: none;\n}\n<\/style><div class=\"shortcode-single-image-wrap shortcode-single-image-b582aa9e0e5e279be662408bcedf9031 alignnone  enable-bg-rollover dt-icon-bg-off\" style=\"margin-top:0px; margin-bottom:0px; margin-left:0px; margin-right:0px; width:600px;\"><div class=\"shortcode-single-image\"><div class=\"fancy-media-wrap  layzr-bg\" style=\"\"><img loading=\"lazy\" decoding=\"async\" class=\"preload-me lazy-load\" src=\"data:image\/svg+xml,%3Csvg%20xmlns%3D&#39;http%3A%2F%2Fwww.w3.org%2F2000%2Fsvg&#39;%20viewBox%3D&#39;0%200%20600%20400&#39;%2F%3E\" data-src=\"https:\/\/officialmonttremblant.com\/wp-content\/uploads\/2022\/05\/glamping-600x400.jpg\" data-srcset=\"https:\/\/officialmonttremblant.com\/wp-content\/uploads\/2022\/05\/glamping-600x400.jpg 600w, https:\/\/officialmonttremblant.com\/wp-content\/uploads\/2022\/05\/glamping-1200x800.jpg 1200w\" width=\"600\" height=\"400\"  data-dt-location=\"https:\/\/officialmonttremblant.com\/fr\/where-to-stay\/glamping-2\/\" style=\"\" alt=\"\" \/><\/div><\/div><\/div>[\/vc_column][\/vc_row][vc_row][vc_column]<div class=\"lsd-list-view-wrapper  lsd-style-style1 lsd-font-m\" id=\"lsd_skin23645\" data-next-page=\"2\">\r\n\r\n    \r\n    \r\n    \r\n    \r\n    <div class=\"lsd-list-view-listings-wrapper lsd-viewstyle-list\">\r\n        <div class=\"lsd-listing-wrapper\">\r\n            \r\n            <div class=\"lsd-row\">\r\n        <div class=\"lsd-col-12\">\r\n        <div class=\"lsd-listing\" itemscope itemtype=\"https:\/\/schema.org\/LocalBusiness\">\r\n\r\n                        <div class=\"lsd-listing-image lsd-has-image\">\r\n\t\t\t\t<a class=\"lsd-cover-img-wrapper lsd-has-image\" href=\"https:\/\/officialmonttremblant.com\/fr\/listings\/glass-dome-bel-air-tremblant\/\" itemprop=\"url\" itemscope itemtype=\"http:\/\/schema.org\/ImageObject\">\r\n    <img data-recalc-dims=\"1\" loading=\"lazy\" decoding=\"async\" width=\"367\" height=\"260\" src=\"https:\/\/i0.wp.com\/officialmonttremblant.com\/wp-content\/uploads\/2022\/08\/luxury-glamping-dome.jpg?resize=367%2C260&#038;ssl=1\" class=\"attachment-390x260 size-390x260 wp-post-image\" alt=\"Glass Dome - Bel Air Tremblant\" itemprop=\"&quot;contentUrl&quot;\" \/><\/a>\r\n            <\/div>\r\n            \r\n            <div class=\"lsd-listing-body\">\r\n\t\t\t\t\t\t\t\t\r\n\t\t\t\t\t\t\t\t\r\n\t\t\t\t\t\t\t\r\n                <h3 class=\"lsd-listing-title\" itemprop=\"name\">\r\n                    <a href=\"https:\/\/officialmonttremblant.com\/fr\/listings\/glass-dome-bel-air-tremblant\/\" itemprop=\"url\">Glass D\u00f4me &#8211; Bel Air <strong>Tremblant<\/strong><\/a>                <\/h3>\r\n\r\n                \t\t\t\t\r\n\t\t\t\t<div class=\"lsd-listing-contact-info\">\r\n                    <div class=\"lsd-contact-info\">\r\n    <ul>\r\n\r\n                <li>\r\n\t\t\t<strong><i class=\"lsd-icon fas fa-phone-alt\"><\/i><\/strong>\r\n\t\t\t<span itemprop=\"telephone\">\r\n\t\t\t\t<a href=\"tel:+1 819-774-0203\">+1 819-774-0203<\/a>\r\n\t\t\t<\/span>\r\n\t\t<\/li>\r\n        \r\n                <li>\r\n\t\t\t<strong><i class=\"lsd-icon fa fa-envelope\"><\/i><\/strong>\r\n\t\t\t<span itemprop=\"email\">\r\n\t\t\t\t<a href=\"mailto:rent@belairtremblant.com\">rent@belairtremblant.com<\/a>\r\n\t\t\t<\/span>\r\n\t\t<\/li>\r\n        \r\n                <li>\r\n            <strong><i class=\"lsd-icon fas fa-link\"><\/i><\/strong>\r\n            <span>\r\n                <a href=\"https:\/\/belairtremblant.com\/fr\/locations\/domes\/glass-dome\/\">https:\/\/belairtremblant.com\/fr\/locations\/domes\/glass-dome\/<\/a>\r\n            <\/span>\r\n        <\/li>\r\n        \r\n        \r\n    <\/ul>\r\n\r\n    <\/div>                <\/div>\r\n\t\t\t\t\r\n                <div class=\"lsd-listing-bottom-bar\">\r\n\t\t\t\t\t\t\t\t\t\r\n\t\t\t\t\t<div class=\"lsd-listing-price\" itemprop=\"priceRange\">\r\n\t\t\t\t\t\t    <span class=\"lsd-min-price\">$490<\/span>\r\n\r\n    <span class=\"lsd-minmax-price-separator\"> - <\/span><span class=\"lsd-max-price\">$1,100<\/span>\r\n\r\n    <span class=\"lsd-text-price-separator\"> \/<\/span><span class=\"lsd-text-price\">Par nuit<\/span>\r\n\t\t\t\t\t<\/div>\r\n                <\/div>\r\n            <\/div>\r\n        <\/div>\r\n    <\/div>\r\n\r\n            <\/div>\r\n    \r\n            <\/div>\r\n    <\/div>\r\n\r\n    \r\n    <\/div>[\/vc_column][\/vc_row]<\/p>\n","protected":false},"excerpt":{"rendered":"<p>[vc_row equal_height=\u00a0\u00bbyes\u00a0\u00bb content_placement=\u00a0\u00bbmiddle\u00a0\u00bb css=\u00a0\u00bb.vc_custom_1652473523430{padding-bottom: 50px !important;}\u00a0\u00bb][vc_column width=\u00a0\u00bb2\/3&Prime;][vc_column_text css=\u00a0\u00bb.vc_custom_1666702904454{padding-bottom: 25px !important;}\u00a0\u00bb]Et si vous abandonniez vos quatre murs habituels, pour une grosse bulle ou un d\u00f4me futuriste \u00e0 Mont Tremblant ? Vous pouvez louer ces h\u00e9bergements uniques, que ce soit pour une escapade romantique ou des vacances familiales inoubliables. Lorsqu&rsquo;il s&rsquo;agit de profiter des grands espaces, les&hellip;<\/p>\n","protected":false},"author":1,"featured_media":0,"parent":22717,"menu_order":0,"comment_status":"closed","ping_status":"closed","template":"","meta":{"footnotes":""},"class_list":["post-25373","page","type-page","status-publish","hentry","description-off"],"yoast_head":"<!-- This site is optimized with the Yoast SEO Premium plugin v26.5 (Yoast SEO v26.5) - https:\/\/yoast.com\/wordpress\/plugins\/seo\/ -->\n<title>D\u00f4mes et bulles - Official Mont Tremblant<\/title>\n<meta name=\"description\" content=\"Official Mont Tremblant vous donne une liste de d\u00f4mes et de bulles futuristes \u00e0 Mont Tremblant. Vous pouvez louer ces logements uniques et originaux.\" \/>\n<meta name=\"robots\" content=\"index, follow, max-snippet:-1, max-image-preview:large, max-video-preview:-1\" \/>\n<link rel=\"canonical\" href=\"https:\/\/officialmonttremblant.com\/fr\/ou-sejourner\/locations-uniques-et-originales\/domes-bulles\/\" \/>\n<meta property=\"og:locale\" content=\"fr_FR\" \/>\n<meta property=\"og:type\" content=\"article\" \/>\n<meta property=\"og:title\" content=\"D\u00f4mes et bulles\" \/>\n<meta property=\"og:description\" content=\"Official Mont Tremblant vous donne une liste de d\u00f4mes et de bulles futuristes \u00e0 Mont Tremblant. Vous pouvez louer ces logements uniques et originaux.\" \/>\n<meta property=\"og:url\" content=\"https:\/\/officialmonttremblant.com\/fr\/ou-sejourner\/locations-uniques-et-originales\/domes-bulles\/\" \/>\n<meta property=\"og:site_name\" content=\"Official Mont Tremblant\" \/>\n<meta property=\"article:modified_time\" content=\"2025-07-29T18:18:07+00:00\" \/>\n<meta name=\"twitter:card\" content=\"summary_large_image\" \/>\n<meta name=\"twitter:label1\" content=\"Dur\u00e9e de lecture estim\u00e9e\" \/>\n\t<meta name=\"twitter:data1\" content=\"2 minutes\" \/>\n<script type=\"application\/ld+json\" class=\"yoast-schema-graph\">{\"@context\":\"https:\/\/schema.org\",\"@graph\":[{\"@type\":\"WebPage\",\"@id\":\"https:\/\/officialmonttremblant.com\/fr\/ou-sejourner\/locations-uniques-et-originales\/domes-bulles\/\",\"url\":\"https:\/\/officialmonttremblant.com\/fr\/ou-sejourner\/locations-uniques-et-originales\/domes-bulles\/\",\"name\":\"D\u00f4mes et bulles - Official Mont Tremblant\",\"isPartOf\":{\"@id\":\"https:\/\/officialmonttremblant.com\/fr\/#website\"},\"datePublished\":\"2022-09-26T15:33:34+00:00\",\"dateModified\":\"2025-07-29T18:18:07+00:00\",\"description\":\"Official Mont Tremblant vous donne une liste de d\u00f4mes et de bulles futuristes \u00e0 Mont Tremblant. Vous pouvez louer ces logements uniques et originaux.\",\"breadcrumb\":{\"@id\":\"https:\/\/officialmonttremblant.com\/fr\/ou-sejourner\/locations-uniques-et-originales\/domes-bulles\/#breadcrumb\"},\"inLanguage\":\"fr-FR\",\"potentialAction\":[{\"@type\":\"ReadAction\",\"target\":[\"https:\/\/officialmonttremblant.com\/fr\/ou-sejourner\/locations-uniques-et-originales\/domes-bulles\/\"]}]},{\"@type\":\"BreadcrumbList\",\"@id\":\"https:\/\/officialmonttremblant.com\/fr\/ou-sejourner\/locations-uniques-et-originales\/domes-bulles\/#breadcrumb\",\"itemListElement\":[{\"@type\":\"ListItem\",\"position\":1,\"name\":\"Home\",\"item\":\"https:\/\/officialmonttremblant.com\/fr\/\"},{\"@type\":\"ListItem\",\"position\":2,\"name\":\"O\u00f9 dormir \u00e0 Mont-Tremblant\",\"item\":\"https:\/\/officialmonttremblant.com\/fr\/ou-sejourner\/\"},{\"@type\":\"ListItem\",\"position\":3,\"name\":\"Locations uniques et originales\",\"item\":\"https:\/\/officialmonttremblant.com\/fr\/ou-sejourner\/locations-uniques-et-originales\/\"},{\"@type\":\"ListItem\",\"position\":4,\"name\":\"D\u00f4mes et bulles\"}]},{\"@type\":\"WebSite\",\"@id\":\"https:\/\/officialmonttremblant.com\/fr\/#website\",\"url\":\"https:\/\/officialmonttremblant.com\/fr\/\",\"name\":\"Official Mont Tremblant\",\"description\":\"Vacation &amp; tourist guide in Mont Tremblant\",\"potentialAction\":[{\"@type\":\"SearchAction\",\"target\":{\"@type\":\"EntryPoint\",\"urlTemplate\":\"https:\/\/officialmonttremblant.com\/fr\/?s={search_term_string}\"},\"query-input\":{\"@type\":\"PropertyValueSpecification\",\"valueRequired\":true,\"valueName\":\"search_term_string\"}}],\"inLanguage\":\"fr-FR\"}]}<\/script>\n<!-- \/ Yoast SEO Premium plugin. -->","yoast_head_json":{"title":"D\u00f4mes et bulles - Official Mont Tremblant","description":"Official Mont Tremblant vous donne une liste de d\u00f4mes et de bulles futuristes \u00e0 Mont Tremblant. Vous pouvez louer ces logements uniques et originaux.","robots":{"index":"index","follow":"follow","max-snippet":"max-snippet:-1","max-image-preview":"max-image-preview:large","max-video-preview":"max-video-preview:-1"},"canonical":"https:\/\/officialmonttremblant.com\/fr\/ou-sejourner\/locations-uniques-et-originales\/domes-bulles\/","og_locale":"fr_FR","og_type":"article","og_title":"D\u00f4mes et bulles","og_description":"Official Mont Tremblant vous donne une liste de d\u00f4mes et de bulles futuristes \u00e0 Mont Tremblant. Vous pouvez louer ces logements uniques et originaux.","og_url":"https:\/\/officialmonttremblant.com\/fr\/ou-sejourner\/locations-uniques-et-originales\/domes-bulles\/","og_site_name":"Official Mont Tremblant","article_modified_time":"2025-07-29T18:18:07+00:00","twitter_card":"summary_large_image","twitter_misc":{"Dur\u00e9e de lecture estim\u00e9e":"2 minutes"},"schema":{"@context":"https:\/\/schema.org","@graph":[{"@type":"WebPage","@id":"https:\/\/officialmonttremblant.com\/fr\/ou-sejourner\/locations-uniques-et-originales\/domes-bulles\/","url":"https:\/\/officialmonttremblant.com\/fr\/ou-sejourner\/locations-uniques-et-originales\/domes-bulles\/","name":"D\u00f4mes et bulles - Official Mont Tremblant","isPartOf":{"@id":"https:\/\/officialmonttremblant.com\/fr\/#website"},"datePublished":"2022-09-26T15:33:34+00:00","dateModified":"2025-07-29T18:18:07+00:00","description":"Official Mont Tremblant vous donne une liste de d\u00f4mes et de bulles futuristes \u00e0 Mont Tremblant. Vous pouvez louer ces logements uniques et originaux.","breadcrumb":{"@id":"https:\/\/officialmonttremblant.com\/fr\/ou-sejourner\/locations-uniques-et-originales\/domes-bulles\/#breadcrumb"},"inLanguage":"fr-FR","potentialAction":[{"@type":"ReadAction","target":["https:\/\/officialmonttremblant.com\/fr\/ou-sejourner\/locations-uniques-et-originales\/domes-bulles\/"]}]},{"@type":"BreadcrumbList","@id":"https:\/\/officialmonttremblant.com\/fr\/ou-sejourner\/locations-uniques-et-originales\/domes-bulles\/#breadcrumb","itemListElement":[{"@type":"ListItem","position":1,"name":"Home","item":"https:\/\/officialmonttremblant.com\/fr\/"},{"@type":"ListItem","position":2,"name":"O\u00f9 dormir \u00e0 Mont-Tremblant","item":"https:\/\/officialmonttremblant.com\/fr\/ou-sejourner\/"},{"@type":"ListItem","position":3,"name":"Locations uniques et originales","item":"https:\/\/officialmonttremblant.com\/fr\/ou-sejourner\/locations-uniques-et-originales\/"},{"@type":"ListItem","position":4,"name":"D\u00f4mes et bulles"}]},{"@type":"WebSite","@id":"https:\/\/officialmonttremblant.com\/fr\/#website","url":"https:\/\/officialmonttremblant.com\/fr\/","name":"Official Mont Tremblant","description":"Vacation &amp; tourist guide in Mont Tremblant","potentialAction":[{"@type":"SearchAction","target":{"@type":"EntryPoint","urlTemplate":"https:\/\/officialmonttremblant.com\/fr\/?s={search_term_string}"},"query-input":{"@type":"PropertyValueSpecification","valueRequired":true,"valueName":"search_term_string"}}],"inLanguage":"fr-FR"}]}},"jetpack_sharing_enabled":true,"_links":{"self":[{"href":"https:\/\/officialmonttremblant.com\/fr\/wp-json\/wp\/v2\/pages\/25373","targetHints":{"allow":["GET"]}}],"collection":[{"href":"https:\/\/officialmonttremblant.com\/fr\/wp-json\/wp\/v2\/pages"}],"about":[{"href":"https:\/\/officialmonttremblant.com\/fr\/wp-json\/wp\/v2\/types\/page"}],"author":[{"embeddable":true,"href":"https:\/\/officialmonttremblant.com\/fr\/wp-json\/wp\/v2\/users\/1"}],"replies":[{"embeddable":true,"href":"https:\/\/officialmonttremblant.com\/fr\/wp-json\/wp\/v2\/comments?post=25373"}],"version-history":[{"count":4,"href":"https:\/\/officialmonttremblant.com\/fr\/wp-json\/wp\/v2\/pages\/25373\/revisions"}],"predecessor-version":[{"id":26385,"href":"https:\/\/officialmonttremblant.com\/fr\/wp-json\/wp\/v2\/pages\/25373\/revisions\/26385"}],"up":[{"embeddable":true,"href":"https:\/\/officialmonttremblant.com\/fr\/wp-json\/wp\/v2\/pages\/22717"}],"wp:attachment":[{"href":"https:\/\/officialmonttremblant.com\/fr\/wp-json\/wp\/v2\/media?parent=25373"}],"curies":[{"name":"wp","href":"https:\/\/api.w.org\/{rel}","templated":true}]}}