{"id":25374,"date":"2022-09-15T16:37:42","date_gmt":"2022-09-15T20:37:42","guid":{"rendered":"https:\/\/officialmonttremblant.com\/activites\/activites-pour-enfants\/dog-sledding\/"},"modified":"2025-07-29T11:28:42","modified_gmt":"2025-07-29T15:28:42","slug":"traineau-a-chiens","status":"publish","type":"page","link":"https:\/\/officialmonttremblant.com\/fr\/activites\/activites-pour-enfants\/traineau-a-chiens\/","title":{"rendered":"Traineau \u00e0 chiens"},"content":{"rendered":"<p>[vc_row][vc_column]<div id=\"ultimate-heading-250269f33ed91b8fc\" class=\"uvc-heading ult-adjust-bottom-margin ultimate-heading-250269f33ed91b8fc uvc-8964  uvc-heading-default-font-sizes\" data-hspacer=\"no_spacer\"  data-halign=\"left\" style=\"text-align:left\"><div class=\"uvc-heading-spacer no_spacer\" style=\"top\"><\/div><div class=\"uvc-main-heading ult-responsive\"  data-ultimate-target='.uvc-heading.ultimate-heading-250269f33ed91b8fc h2'  data-responsive-json-new='{\"font-size\":\"\",\"line-height\":\"\"}' ><h2 style=\"--font-weight:theme;\">Tra\u00eeneau \u00e0 chiens \u00e0 Tremblant<\/h2><\/div><\/div>[\/vc_column][\/vc_row][vc_row][vc_column][vc_empty_space height=\u00a0\u00bb60px\u00a0\u00bb][\/vc_column][\/vc_row][vc_row][vc_column][vc_column_text]<\/p>\n<p style=\"text-align: left;\">Official Mont-Tremblant vous apporte plus d&rsquo;informations sur les activit\u00e9s pour enfants \u00e0 Tremblant dont le traineau \u00e0 chiens \u00e0 Tremblant.<\/p>\n<p style=\"text-align: left;\">Le tra\u00eeneau \u00e0 chiens \u00e0 Mont-Tremblant est l&rsquo;une des activit\u00e9s les plus populaires de Tremblant. Elle est amusante pour toute la famille et est souvent r\u00e9serv\u00e9e des mois \u00e0 l&rsquo;avance.\u00a0 Les excursions en tra\u00eeneau \u00e0 chiens \u00e0 Tremblant sont passionnantes et offrent une occasion unique de participer \u00e0 une activit\u00e9 que peu de gens ont la chance de vivre.<\/p>\n<p style=\"text-align: left;\">Le tra\u00eeneau \u00e0 chiens \u00e0 Mont-Tremblant est accompagn\u00e9 d&rsquo;un guide professionnel qui vous emm\u00e8nera pour une balade amusante sur des sentiers forestiers \u00e0 travers les montagnes.\u00a0 Pendant votre excursion, votre guide vous fera part de faits int\u00e9ressants sur la flore et la faune du Qu\u00e9bec et de renseignements sur l&rsquo;histoire du sport de tra\u00eeneau \u00e0 chiens \u00e0 Mont-Tremblant. Passez du temps avec les huskies et ayez la chance de conduire le tra\u00eeneau en compagnie de votre guide.<\/p>\n<p>[\/vc_column_text][vc_column_text]<\/p>\n<div style=\"text-align: center;\"><strong>ACTION TREMBLANT<\/strong><\/div>\n<div style=\"text-align: center;\">80 Rue des Sept Sommets, Mont-Tremblant, QC J0T 1M0<\/div>\n<div style=\"text-align: center;\">+1 819-833-1293<\/div>\n<div style=\"text-align: center;\">Email: <a href=\"mailto:info@actiontremblant.com\">info@actiontremblant.com<\/a><\/div>\n<div style=\"text-align: center;\"><a href=\"https:\/\/actiontremblant.com\/fr\/\" target=\"_blank\" rel=\"noopener\">https:\/\/actiontremblant.com\/fr\/<\/a><\/div>\n<p>[\/vc_column_text][vc_column_text]<\/p>\n<div style=\"text-align: center;\"><strong>LA REINE ET LE MILLIONNAIRE<\/strong><\/div>\n<div style=\"text-align: center;\">600 Rang St Placide N, Baie-Saint-Paul, QC G3Z 3A7, Canada<\/div>\n<div style=\"text-align: center;\">\u00a0<span aria-label=\"Appeler le +1 581-807-0140\">+1 581-807-0140<\/span><\/div>\n<div style=\"text-align: center;\"><a href=\"https:\/\/traineauchien.com\/\" target=\"_blank\" rel=\"noopener\" data-saferedirecturl=\"https:\/\/www.google.com\/url?q=https:\/\/traineauchien.com\/&amp;source=gmail&amp;ust=1668002747293000&amp;usg=AOvVaw2vh1dbft5gjw174x5xbq4o\">https:\/\/traineauchien.com\/<\/a><\/div>\n<p>[\/vc_column_text][vc_column_text]<\/p>\n<div style=\"text-align: center;\"><strong>MONT TREMBLANT DOG SLEDDING<\/strong><\/div>\n<div style=\"text-align: center;\">121 Chem. de l&rsquo;Albatros, Mont-Tremblant, QC J8E 1S1, Canada<\/div>\n<div style=\"text-align: center;\"><span aria-label=\"Appeler le +1 819-681-5519\">+1 819-681-5519<\/span><\/div>\n<div style=\"text-align: center;\"><a href=\"https:\/\/tremblantdogsledding.com\/fr\/accueil\/\" target=\"_blank\" rel=\"noopener\" data-saferedirecturl=\"https:\/\/www.google.com\/url?q=https:\/\/tremblantdogsledding.com\/&amp;source=gmail&amp;ust=1668002747293000&amp;usg=AOvVaw1dTI1Ja4ExEY4-sRpSC4py\">https:\/\/tremblantdogsledding.<wbr \/>com\/<\/a><\/div>\n<p>[\/vc_column_text][\/vc_column][\/vc_row][vc_row][vc_column][vc_empty_space height=\u00a0\u00bb60px\u00a0\u00bb][\/vc_column][\/vc_row][vc_row][vc_column][vc_btn title=\u00a0\u00bbR\u00e9server en ligne\u00a0\u00bb align=\u00a0\u00bbcenter\u00a0\u00bb link=\u00a0\u00bburl:https%3A%2F%2Factiontremblant.com%2Ffr%2Freservations-traineau-a-chiens%2F|title:R%C3%A9server%20en%20ligne|target:_blank\u00a0\u00bb][\/vc_column][\/vc_row][vc_row][vc_column][vc_empty_space height=\u00a0\u00bb60px\u00a0\u00bb][\/vc_column][\/vc_row][vc_row][vc_column][vc_single_image image=\u00a0\u00bb22902&Prime; img_size=\u00a0\u00bb600&#215;400&Prime; alignment=\u00a0\u00bbcenter\u00a0\u00bb][\/vc_column][\/vc_row]<\/p>\n","protected":false},"excerpt":{"rendered":"<p>[vc_row][vc_column][\/vc_column][\/vc_row][vc_row][vc_column][vc_empty_space height=\u00a0\u00bb60px\u00a0\u00bb][\/vc_column][\/vc_row][vc_row][vc_column][vc_column_text] Official Mont-Tremblant vous apporte plus d&rsquo;informations sur les activit\u00e9s pour enfants \u00e0 Tremblant dont le traineau \u00e0 chiens \u00e0 Tremblant. Le tra\u00eeneau \u00e0 chiens \u00e0 Mont-Tremblant est l&rsquo;une des activit\u00e9s les plus populaires de Tremblant. Elle est amusante pour toute la famille et est souvent r\u00e9serv\u00e9e des mois \u00e0 l&rsquo;avance.\u00a0 Les excursions en&hellip;<\/p>\n","protected":false},"author":5,"featured_media":22903,"parent":21145,"menu_order":0,"comment_status":"closed","ping_status":"closed","template":"","meta":{"footnotes":""},"class_list":["post-25374","page","type-page","status-publish","has-post-thumbnail","hentry","description-off"],"yoast_head":"<!-- This site is optimized with the Yoast SEO Premium plugin v26.5 (Yoast SEO v26.5) - https:\/\/yoast.com\/wordpress\/plugins\/seo\/ -->\n<title>Tra\u00eeneau \u00e0 chiens \u00e0 Tremblant, activit\u00e9s pour enfants \u00e0 Tremblant<\/title>\n<meta name=\"description\" content=\"Official Mont-Tremblant vous apporte plus d&#039;informations sur les activit\u00e9s pour enfants \u00e0 Tremblant dont le tra\u00eeneau \u00e0 chiens \u00e0 Tremblant.\" \/>\n<meta name=\"robots\" content=\"index, follow, max-snippet:-1, max-image-preview:large, max-video-preview:-1\" \/>\n<link rel=\"canonical\" href=\"https:\/\/officialmonttremblant.com\/fr\/activites\/activites-pour-enfants\/traineau-a-chiens\/\" \/>\n<meta property=\"og:locale\" content=\"fr_FR\" \/>\n<meta property=\"og:type\" content=\"article\" \/>\n<meta property=\"og:title\" content=\"Traineau \u00e0 chiens\" \/>\n<meta property=\"og:description\" content=\"Official Mont-Tremblant vous apporte plus d&#039;informations sur les activit\u00e9s pour enfants \u00e0 Tremblant dont le tra\u00eeneau \u00e0 chiens \u00e0 Tremblant.\" \/>\n<meta property=\"og:url\" content=\"https:\/\/officialmonttremblant.com\/fr\/activites\/activites-pour-enfants\/traineau-a-chiens\/\" \/>\n<meta property=\"og:site_name\" content=\"Official Mont Tremblant\" \/>\n<meta property=\"article:modified_time\" content=\"2025-07-29T15:28:42+00:00\" \/>\n<meta property=\"og:image\" content=\"https:\/\/officialmonttremblant.com\/wp-content\/uploads\/2022\/09\/sled-g231fad7d3_1920-e1663343540956.jpg\" \/>\n\t<meta property=\"og:image:width\" content=\"1920\" \/>\n\t<meta property=\"og:image:height\" content=\"1280\" \/>\n\t<meta property=\"og:image:type\" content=\"image\/jpeg\" \/>\n<meta name=\"twitter:card\" content=\"summary_large_image\" \/>\n<meta name=\"twitter:label1\" content=\"Dur\u00e9e de lecture estim\u00e9e\" \/>\n\t<meta name=\"twitter:data1\" content=\"2 minutes\" \/>\n<script type=\"application\/ld+json\" class=\"yoast-schema-graph\">{\"@context\":\"https:\/\/schema.org\",\"@graph\":[{\"@type\":\"WebPage\",\"@id\":\"https:\/\/officialmonttremblant.com\/fr\/activites\/activites-pour-enfants\/traineau-a-chiens\/\",\"url\":\"https:\/\/officialmonttremblant.com\/fr\/activites\/activites-pour-enfants\/traineau-a-chiens\/\",\"name\":\"Tra\u00eeneau \u00e0 chiens \u00e0 Tremblant, activit\u00e9s pour enfants \u00e0 Tremblant\",\"isPartOf\":{\"@id\":\"https:\/\/officialmonttremblant.com\/fr\/#website\"},\"primaryImageOfPage\":{\"@id\":\"https:\/\/officialmonttremblant.com\/fr\/activites\/activites-pour-enfants\/traineau-a-chiens\/#primaryimage\"},\"image\":{\"@id\":\"https:\/\/officialmonttremblant.com\/fr\/activites\/activites-pour-enfants\/traineau-a-chiens\/#primaryimage\"},\"thumbnailUrl\":\"https:\/\/officialmonttremblant.com\/wp-content\/uploads\/2022\/09\/sled-g231fad7d3_1920-e1663343540956.jpg\",\"datePublished\":\"2022-09-15T20:37:42+00:00\",\"dateModified\":\"2025-07-29T15:28:42+00:00\",\"description\":\"Official Mont-Tremblant vous apporte plus d'informations sur les activit\u00e9s pour enfants \u00e0 Tremblant dont le tra\u00eeneau \u00e0 chiens \u00e0 Tremblant.\",\"breadcrumb\":{\"@id\":\"https:\/\/officialmonttremblant.com\/fr\/activites\/activites-pour-enfants\/traineau-a-chiens\/#breadcrumb\"},\"inLanguage\":\"fr-FR\",\"potentialAction\":[{\"@type\":\"ReadAction\",\"target\":[\"https:\/\/officialmonttremblant.com\/fr\/activites\/activites-pour-enfants\/traineau-a-chiens\/\"]}]},{\"@type\":\"ImageObject\",\"inLanguage\":\"fr-FR\",\"@id\":\"https:\/\/officialmonttremblant.com\/fr\/activites\/activites-pour-enfants\/traineau-a-chiens\/#primaryimage\",\"url\":\"https:\/\/officialmonttremblant.com\/wp-content\/uploads\/2022\/09\/sled-g231fad7d3_1920-e1663343540956.jpg\",\"contentUrl\":\"https:\/\/officialmonttremblant.com\/wp-content\/uploads\/2022\/09\/sled-g231fad7d3_1920-e1663343540956.jpg\",\"width\":1920,\"height\":1280,\"caption\":\"Kids activities - Dog sledding\"},{\"@type\":\"BreadcrumbList\",\"@id\":\"https:\/\/officialmonttremblant.com\/fr\/activites\/activites-pour-enfants\/traineau-a-chiens\/#breadcrumb\",\"itemListElement\":[{\"@type\":\"ListItem\",\"position\":1,\"name\":\"Home\",\"item\":\"https:\/\/officialmonttremblant.com\/fr\/\"},{\"@type\":\"ListItem\",\"position\":2,\"name\":\"Activit\u00e9s\",\"item\":\"https:\/\/officialmonttremblant.com\/fr\/activites\/\"},{\"@type\":\"ListItem\",\"position\":3,\"name\":\"Activit\u00e9s pour enfants\",\"item\":\"https:\/\/officialmonttremblant.com\/fr\/activites\/activites-pour-enfants\/\"},{\"@type\":\"ListItem\",\"position\":4,\"name\":\"Traineau \u00e0 chiens\"}]},{\"@type\":\"WebSite\",\"@id\":\"https:\/\/officialmonttremblant.com\/fr\/#website\",\"url\":\"https:\/\/officialmonttremblant.com\/fr\/\",\"name\":\"Official Mont Tremblant\",\"description\":\"Vacation &amp; tourist guide in Mont Tremblant\",\"potentialAction\":[{\"@type\":\"SearchAction\",\"target\":{\"@type\":\"EntryPoint\",\"urlTemplate\":\"https:\/\/officialmonttremblant.com\/fr\/?s={search_term_string}\"},\"query-input\":{\"@type\":\"PropertyValueSpecification\",\"valueRequired\":true,\"valueName\":\"search_term_string\"}}],\"inLanguage\":\"fr-FR\"}]}<\/script>\n<!-- \/ Yoast SEO Premium plugin. -->","yoast_head_json":{"title":"Tra\u00eeneau \u00e0 chiens \u00e0 Tremblant, activit\u00e9s pour enfants \u00e0 Tremblant","description":"Official Mont-Tremblant vous apporte plus d'informations sur les activit\u00e9s pour enfants \u00e0 Tremblant dont le tra\u00eeneau \u00e0 chiens \u00e0 Tremblant.","robots":{"index":"index","follow":"follow","max-snippet":"max-snippet:-1","max-image-preview":"max-image-preview:large","max-video-preview":"max-video-preview:-1"},"canonical":"https:\/\/officialmonttremblant.com\/fr\/activites\/activites-pour-enfants\/traineau-a-chiens\/","og_locale":"fr_FR","og_type":"article","og_title":"Traineau \u00e0 chiens","og_description":"Official Mont-Tremblant vous apporte plus d'informations sur les activit\u00e9s pour enfants \u00e0 Tremblant dont le tra\u00eeneau \u00e0 chiens \u00e0 Tremblant.","og_url":"https:\/\/officialmonttremblant.com\/fr\/activites\/activites-pour-enfants\/traineau-a-chiens\/","og_site_name":"Official Mont Tremblant","article_modified_time":"2025-07-29T15:28:42+00:00","og_image":[{"width":1920,"height":1280,"url":"https:\/\/officialmonttremblant.com\/wp-content\/uploads\/2022\/09\/sled-g231fad7d3_1920-e1663343540956.jpg","type":"image\/jpeg"}],"twitter_card":"summary_large_image","twitter_misc":{"Dur\u00e9e de lecture estim\u00e9e":"2 minutes"},"schema":{"@context":"https:\/\/schema.org","@graph":[{"@type":"WebPage","@id":"https:\/\/officialmonttremblant.com\/fr\/activites\/activites-pour-enfants\/traineau-a-chiens\/","url":"https:\/\/officialmonttremblant.com\/fr\/activites\/activites-pour-enfants\/traineau-a-chiens\/","name":"Tra\u00eeneau \u00e0 chiens \u00e0 Tremblant, activit\u00e9s pour enfants \u00e0 Tremblant","isPartOf":{"@id":"https:\/\/officialmonttremblant.com\/fr\/#website"},"primaryImageOfPage":{"@id":"https:\/\/officialmonttremblant.com\/fr\/activites\/activites-pour-enfants\/traineau-a-chiens\/#primaryimage"},"image":{"@id":"https:\/\/officialmonttremblant.com\/fr\/activites\/activites-pour-enfants\/traineau-a-chiens\/#primaryimage"},"thumbnailUrl":"https:\/\/officialmonttremblant.com\/wp-content\/uploads\/2022\/09\/sled-g231fad7d3_1920-e1663343540956.jpg","datePublished":"2022-09-15T20:37:42+00:00","dateModified":"2025-07-29T15:28:42+00:00","description":"Official Mont-Tremblant vous apporte plus d'informations sur les activit\u00e9s pour enfants \u00e0 Tremblant dont le tra\u00eeneau \u00e0 chiens \u00e0 Tremblant.","breadcrumb":{"@id":"https:\/\/officialmonttremblant.com\/fr\/activites\/activites-pour-enfants\/traineau-a-chiens\/#breadcrumb"},"inLanguage":"fr-FR","potentialAction":[{"@type":"ReadAction","target":["https:\/\/officialmonttremblant.com\/fr\/activites\/activites-pour-enfants\/traineau-a-chiens\/"]}]},{"@type":"ImageObject","inLanguage":"fr-FR","@id":"https:\/\/officialmonttremblant.com\/fr\/activites\/activites-pour-enfants\/traineau-a-chiens\/#primaryimage","url":"https:\/\/officialmonttremblant.com\/wp-content\/uploads\/2022\/09\/sled-g231fad7d3_1920-e1663343540956.jpg","contentUrl":"https:\/\/officialmonttremblant.com\/wp-content\/uploads\/2022\/09\/sled-g231fad7d3_1920-e1663343540956.jpg","width":1920,"height":1280,"caption":"Kids activities - Dog sledding"},{"@type":"BreadcrumbList","@id":"https:\/\/officialmonttremblant.com\/fr\/activites\/activites-pour-enfants\/traineau-a-chiens\/#breadcrumb","itemListElement":[{"@type":"ListItem","position":1,"name":"Home","item":"https:\/\/officialmonttremblant.com\/fr\/"},{"@type":"ListItem","position":2,"name":"Activit\u00e9s","item":"https:\/\/officialmonttremblant.com\/fr\/activites\/"},{"@type":"ListItem","position":3,"name":"Activit\u00e9s pour enfants","item":"https:\/\/officialmonttremblant.com\/fr\/activites\/activites-pour-enfants\/"},{"@type":"ListItem","position":4,"name":"Traineau \u00e0 chiens"}]},{"@type":"WebSite","@id":"https:\/\/officialmonttremblant.com\/fr\/#website","url":"https:\/\/officialmonttremblant.com\/fr\/","name":"Official Mont Tremblant","description":"Vacation &amp; tourist guide in Mont Tremblant","potentialAction":[{"@type":"SearchAction","target":{"@type":"EntryPoint","urlTemplate":"https:\/\/officialmonttremblant.com\/fr\/?s={search_term_string}"},"query-input":{"@type":"PropertyValueSpecification","valueRequired":true,"valueName":"search_term_string"}}],"inLanguage":"fr-FR"}]}},"jetpack_sharing_enabled":true,"_links":{"self":[{"href":"https:\/\/officialmonttremblant.com\/fr\/wp-json\/wp\/v2\/pages\/25374","targetHints":{"allow":["GET"]}}],"collection":[{"href":"https:\/\/officialmonttremblant.com\/fr\/wp-json\/wp\/v2\/pages"}],"about":[{"href":"https:\/\/officialmonttremblant.com\/fr\/wp-json\/wp\/v2\/types\/page"}],"author":[{"embeddable":true,"href":"https:\/\/officialmonttremblant.com\/fr\/wp-json\/wp\/v2\/users\/5"}],"replies":[{"embeddable":true,"href":"https:\/\/officialmonttremblant.com\/fr\/wp-json\/wp\/v2\/comments?post=25374"}],"version-history":[{"count":8,"href":"https:\/\/officialmonttremblant.com\/fr\/wp-json\/wp\/v2\/pages\/25374\/revisions"}],"predecessor-version":[{"id":26776,"href":"https:\/\/officialmonttremblant.com\/fr\/wp-json\/wp\/v2\/pages\/25374\/revisions\/26776"}],"up":[{"embeddable":true,"href":"https:\/\/officialmonttremblant.com\/fr\/wp-json\/wp\/v2\/pages\/21145"}],"wp:featuredmedia":[{"embeddable":true,"href":"https:\/\/officialmonttremblant.com\/fr\/wp-json\/wp\/v2\/media\/22903"}],"wp:attachment":[{"href":"https:\/\/officialmonttremblant.com\/fr\/wp-json\/wp\/v2\/media?parent=25374"}],"curies":[{"name":"wp","href":"https:\/\/api.w.org\/{rel}","templated":true}]}}