{"id":25375,"date":"2022-09-22T15:44:29","date_gmt":"2022-09-22T19:44:29","guid":{"rendered":"https:\/\/officialmonttremblant.com\/activites\/activites-d-hiver\/dog-sledding\/"},"modified":"2025-07-29T12:00:37","modified_gmt":"2025-07-29T16:00:37","slug":"chien-de-traineau","status":"publish","type":"page","link":"https:\/\/officialmonttremblant.com\/fr\/activites\/activites-d-hiver\/chien-de-traineau\/","title":{"rendered":"Chien de traineau"},"content":{"rendered":"<p>[vc_row][vc_column]<div id=\"ultimate-heading-285269ea3d4797b5c\" class=\"uvc-heading ult-adjust-bottom-margin ultimate-heading-285269ea3d4797b5c uvc-5222  uvc-heading-default-font-sizes\" data-hspacer=\"no_spacer\"  data-halign=\"left\" style=\"text-align:left\"><div class=\"uvc-heading-spacer no_spacer\" style=\"top\"><\/div><div class=\"uvc-main-heading ult-responsive\"  data-ultimate-target='.uvc-heading.ultimate-heading-285269ea3d4797b5c h2'  data-responsive-json-new='{\"font-size\":\"\",\"line-height\":\"\"}' ><h2 style=\"--font-weight:theme;\">Chien de tra\u00eeneau \u00e0 Tremblant<\/h2><\/div><\/div>[\/vc_column][\/vc_row][vc_row][vc_column][vc_empty_space height=\u00a0\u00bb60px\u00a0\u00bb][\/vc_column][\/vc_row][vc_row][vc_column][vc_column_text]<\/p>\n<p style=\"text-align: left;\">Official Mont-Tremblant vous apporte plus d&rsquo;informations sur les activit\u00e9s d&rsquo;hiver \u00e0 Tremblant dont le chien de traineau \u00e0 Tremblant.<\/p>\n<p style=\"text-align: left;\">Le chien de traineau \u00e0 Mont-Tremblant est l&rsquo;une des activit\u00e9s les plus populaires de Tremblant. Elle est amusante pour toute la famille et est souvent r\u00e9serv\u00e9e des mois \u00e0 l&rsquo;avance.\u00a0 Les excursions en tra\u00eeneau \u00e0 chiens \u00e0 Tremblant sont passionnantes et offrent une occasion unique de participer \u00e0 une activit\u00e9 que peu de gens ont la chance de vivre.<\/p>\n<p style=\"text-align: left;\">Avant de vous lancer sur les pistes enneig\u00e9es en criant \u00ab\u00a0Mush, Mush\u00a0\u00bb, votre voyage commence par un briefing de 20 minutes sur la s\u00e9curit\u00e9. Ensuite, vous partez pour une randonn\u00e9e de 8 km \u00e0 travers la magnifique for\u00eat enneig\u00e9e et la vall\u00e9e de la rivi\u00e8re Rouge.<\/p>\n<p style=\"text-align: left;\">Le chien de traineau \u00e0 Mont-Tremblant est accompagn\u00e9 d&rsquo;un guide professionnel qui vous emm\u00e8nera pour une balade amusante sur des sentiers forestiers \u00e0 travers les montagnes.\u00a0 Pendant votre excursion, votre guide vous fera part de faits int\u00e9ressants sur la flore et la faune du Qu\u00e9bec et de renseignements sur l&rsquo;histoire du sport de tra\u00eeneau \u00e0 chiens \u00e0 Mont-Tremblant. Passez du temps avec les huskies et ayez la chance de conduire le tra\u00eeneau en compagnie de votre guide.<\/p>\n<p>[\/vc_column_text][\/vc_column][\/vc_row][vc_row][vc_column][vc_empty_space height=\u00a0\u00bb60px\u00a0\u00bb][\/vc_column][\/vc_row][vc_row][vc_column][vc_btn title=\u00a0\u00bbR\u00e9servez maintenant!\u00a0\u00bb align=\u00a0\u00bbcenter\u00a0\u00bb link=\u00a0\u00bburl:https%3A%2F%2Factiontremblant.com%2Ffr%2Factivites-dhiver%2Ftraineau-a-chiens-mont-tremblant%2F|title:R%C3%A9server%20maintenant!|target:_blank\u00a0\u00bb][\/vc_column][\/vc_row][vc_row][vc_column][vc_empty_space height=\u00a0\u00bb60px\u00a0\u00bb][\/vc_column][\/vc_row][vc_row][vc_column][vc_column_text]<strong>Horaires:\u00a0<\/strong><i>lundi au dimanche,\u00a0d\u00e9parts \u00e0 9h, 10h, 11h, 13h, 14h et 15h.\u00a0<\/i><\/p>\n<p><b>Lieu: <\/b>Arriver 30 min avant le d\u00e9but de l&rsquo;activit\u00e9 \u00e0 la\u00a0r\u00e9ception de Bel Air Tremblant.<\/p>\n<div class=\"wpb_text_column wpb_content_element \">\n<div class=\"wpb_wrapper\">\n<div class=\"wpb_text_column wpb_content_element vc_custom_1578840164470\">\n<div class=\"wpb_wrapper\">\n<p><strong>Bel Air Tremblant Clubhouse<\/strong><br \/>\n80, rue des Sept Sommets<br \/>\nLa Conception, Quebec J0T M01<\/p>\n<p>&nbsp;<\/p>\n<\/div>\n<div><\/div>\n<\/div>\n<table id=\"supsystic-table-39\" class=\"supsystic-table compact border lightboxImg row-border dataTable no-footer\" style=\"height: 79px;\" role=\"grid\" width=\"314\" data-id=\"39\" data-view-id=\"39_19438\" data-title=\"Dog sleddding\" data-currency-format=\"$1,000.00\" data-percent-format=\"10.00%\" data-date-format=\"DD.MM.YYYY\" data-time-format=\"HH:mm\" data-features=\"[&quot;after_table_loaded_script&quot;,&quot;import&quot;]\" data-search-value=\"\" data-lightbox-img=\"\" data-head=\"on\" data-head-rows-count=\"1\" data-fixed-head=\"on\" data-fixed-height=\"400\" data-pagination-length=\"50,100,All\" data-auto-index=\"off\" data-searching-settings=\"{&quot;columnSearchPosition&quot;:&quot;bottom&quot;,&quot;minChars&quot;:&quot;0&quot;}\" data-lang=\"default\" data-override=\"{&quot;emptyTable&quot;:&quot;&quot;,&quot;info&quot;:&quot;&quot;,&quot;infoEmpty&quot;:&quot;&quot;,&quot;infoFiltered&quot;:&quot;&quot;,&quot;lengthMenu&quot;:&quot;&quot;,&quot;search&quot;:&quot;&quot;,&quot;zeroRecords&quot;:&quot;&quot;,&quot;exportLabel&quot;:&quot;&quot;,&quot;file&quot;:&quot;default&quot;}\" data-merged=\"[]\" data-responsive-mode=\"0\" data-from-history=\"0\">\n<thead>\n<tr role=\"row\">\n<th class=\"bg-022a69 color-ffffff htMiddle bold htCenter sorting_disabled\" colspan=\"1\" rowspan=\"1\" data-cell-id=\"A1\" data-x=\"0\" data-y=\"1\" data-db-index=\"1\" data-cell-type=\"text\" data-original-value=\"DOG SLEDDING MONT TREMBLANT\" data-order=\"DOG SLEDDING MONT TREMBLANT\">CHIEN DE TRAINEAY MONT TREMBLANT<\/th>\n<th class=\"bg-022a69 color-ffffff htMiddle bold htCenter sorting_disabled\" colspan=\"1\" rowspan=\"1\" data-cell-id=\"B1\" data-x=\"1\" data-y=\"1\" data-db-index=\"1\" data-cell-type=\"text\" data-original-value=\"CAD\" data-order=\"CAD\">CAD<\/th>\n<th class=\"bg-022a69 color-ffffff htMiddle bold htCenter sorting_disabled\" colspan=\"1\" rowspan=\"1\" data-cell-id=\"C1\" data-x=\"2\" data-y=\"1\" data-db-index=\"1\" data-cell-type=\"text\" data-original-value=\"USD\" data-order=\"USD\"><\/th>\n<\/tr>\n<\/thead>\n<tbody>\n<tr class=\"odd\">\n<td class=\"htMiddle htLeft\" data-cell-id=\"A2\" data-x=\"0\" data-y=\"2\" data-db-index=\"2\" data-cell-type=\"text\" data-original-value=\"Adultes (13 years &amp;amp; over)\" data-order=\"Adultes (13 years &amp;amp; over)\">Adultes (13 et plus)<\/td>\n<td class=\"htCenter htMiddle\" data-cell-id=\"B2\" data-x=\"1\" data-y=\"2\" data-db-index=\"2\" data-cell-type=\"text\" data-original-value=\"$150\" data-order=\"$150\">$179<\/td>\n<td class=\"htCenter htMiddle\" data-cell-id=\"C2\" data-x=\"2\" data-y=\"2\" data-db-index=\"2\" data-cell-type=\"text\" data-original-value=\"$115\" data-order=\"$115\"><\/td>\n<\/tr>\n<tr class=\"even\">\n<td class=\"htMiddle htLeft\" data-cell-id=\"A3\" data-x=\"0\" data-y=\"3\" data-db-index=\"3\" data-cell-type=\"text\" data-original-value=\"Kids (2 to 12 years)\" data-order=\"Kids (2 to 12 years)\">Enfants (2 \u00e0 12 ans)<\/td>\n<td class=\"htCenter htMiddle\" data-cell-id=\"B3\" data-x=\"1\" data-y=\"3\" data-db-index=\"3\" data-cell-type=\"text\" data-original-value=\"$103\" data-order=\"$103\">$120<\/td>\n<td class=\"htCenter htMiddle\" data-cell-id=\"C3\" data-x=\"2\" data-y=\"3\" data-db-index=\"3\" data-cell-type=\"text\" data-original-value=\"$79\" data-order=\"$79\"><\/td>\n<\/tr>\n<\/tbody>\n<\/table>\n<\/div>\n<\/div>\n<p>&nbsp;<\/p>\n<p><strong>Que porter?<\/strong><\/p>\n<ul>\n<li>Des couches chaudes comme des sous-v\u00eatements longs, une chemise, un pull, une veste d&rsquo;hiver.<\/li>\n<li>Bonnet chaud<\/li>\n<li>Gants ou moufles<\/li>\n<li>Chaussettes chaudes<\/li>\n<li>Bottes isol\u00e9es<\/li>\n<li>Lunettes de vue ou lunettes de protection<\/li>\n<li>Masque facial ou foulard<\/li>\n<\/ul>\n<p>[\/vc_column_text][\/vc_column][\/vc_row][vc_row][vc_column][vc_empty_space height=\u00a0\u00bb60px\u00a0\u00bb][\/vc_column][\/vc_row][vc_row][vc_column][vc_single_image image=\u00a0\u00bb22902&Prime; img_size=\u00a0\u00bb800&#215;600&Prime; alignment=\u00a0\u00bbcenter\u00a0\u00bb][\/vc_column][\/vc_row]<\/p>\n","protected":false},"excerpt":{"rendered":"<p>[vc_row][vc_column][\/vc_column][\/vc_row][vc_row][vc_column][vc_empty_space height=\u00a0\u00bb60px\u00a0\u00bb][\/vc_column][\/vc_row][vc_row][vc_column][vc_column_text] Official Mont-Tremblant vous apporte plus d&rsquo;informations sur les activit\u00e9s d&rsquo;hiver \u00e0 Tremblant dont le chien de traineau \u00e0 Tremblant. Le chien de traineau \u00e0 Mont-Tremblant est l&rsquo;une des activit\u00e9s les plus populaires de Tremblant. Elle est amusante pour toute la famille et est souvent r\u00e9serv\u00e9e des mois \u00e0 l&rsquo;avance.\u00a0 Les excursions en tra\u00eeneau&hellip;<\/p>\n","protected":false},"author":5,"featured_media":22903,"parent":21148,"menu_order":0,"comment_status":"closed","ping_status":"closed","template":"","meta":{"footnotes":""},"class_list":["post-25375","page","type-page","status-publish","has-post-thumbnail","hentry","description-off"],"yoast_head":"<!-- This site is optimized with the Yoast SEO Premium plugin v26.5 (Yoast SEO v26.5) - https:\/\/yoast.com\/wordpress\/plugins\/seo\/ -->\n<title>Chien de traineau \u00e0 Tremblant, Activit\u00e9s d&#039;hiver \u00e0 Tremblant<\/title>\n<meta name=\"description\" content=\"Official Mont-Tremblant vous apporte plus d&#039;informations sur les activit\u00e9s d&#039;hiver \u00e0 Tremblant dont le chien de traineau \u00e0 Tremblant.\" \/>\n<meta name=\"robots\" content=\"index, follow, max-snippet:-1, max-image-preview:large, max-video-preview:-1\" \/>\n<link rel=\"canonical\" href=\"https:\/\/officialmonttremblant.com\/fr\/activites\/activites-d-hiver\/chien-de-traineau\/\" \/>\n<meta property=\"og:locale\" content=\"fr_FR\" \/>\n<meta property=\"og:type\" content=\"article\" \/>\n<meta property=\"og:title\" content=\"Chien de traineau\" \/>\n<meta property=\"og:description\" content=\"Official Mont-Tremblant vous apporte plus d&#039;informations sur les activit\u00e9s d&#039;hiver \u00e0 Tremblant dont le chien de traineau \u00e0 Tremblant.\" \/>\n<meta property=\"og:url\" content=\"https:\/\/officialmonttremblant.com\/fr\/activites\/activites-d-hiver\/chien-de-traineau\/\" \/>\n<meta property=\"og:site_name\" content=\"Official Mont Tremblant\" \/>\n<meta property=\"article:modified_time\" content=\"2025-07-29T16:00:37+00:00\" \/>\n<meta property=\"og:image\" content=\"https:\/\/officialmonttremblant.com\/wp-content\/uploads\/2022\/09\/sled-g231fad7d3_1920-e1663343540956.jpg\" \/>\n\t<meta property=\"og:image:width\" content=\"1920\" \/>\n\t<meta property=\"og:image:height\" content=\"1280\" \/>\n\t<meta property=\"og:image:type\" content=\"image\/jpeg\" \/>\n<meta name=\"twitter:card\" content=\"summary_large_image\" \/>\n<meta name=\"twitter:label1\" content=\"Dur\u00e9e de lecture estim\u00e9e\" \/>\n\t<meta name=\"twitter:data1\" content=\"2 minutes\" \/>\n<script type=\"application\/ld+json\" class=\"yoast-schema-graph\">{\"@context\":\"https:\/\/schema.org\",\"@graph\":[{\"@type\":\"WebPage\",\"@id\":\"https:\/\/officialmonttremblant.com\/fr\/activites\/activites-d-hiver\/chien-de-traineau\/\",\"url\":\"https:\/\/officialmonttremblant.com\/fr\/activites\/activites-d-hiver\/chien-de-traineau\/\",\"name\":\"Chien de traineau \u00e0 Tremblant, Activit\u00e9s d'hiver \u00e0 Tremblant\",\"isPartOf\":{\"@id\":\"https:\/\/officialmonttremblant.com\/fr\/#website\"},\"primaryImageOfPage\":{\"@id\":\"https:\/\/officialmonttremblant.com\/fr\/activites\/activites-d-hiver\/chien-de-traineau\/#primaryimage\"},\"image\":{\"@id\":\"https:\/\/officialmonttremblant.com\/fr\/activites\/activites-d-hiver\/chien-de-traineau\/#primaryimage\"},\"thumbnailUrl\":\"https:\/\/officialmonttremblant.com\/wp-content\/uploads\/2022\/09\/sled-g231fad7d3_1920-e1663343540956.jpg\",\"datePublished\":\"2022-09-22T19:44:29+00:00\",\"dateModified\":\"2025-07-29T16:00:37+00:00\",\"description\":\"Official Mont-Tremblant vous apporte plus d'informations sur les activit\u00e9s d'hiver \u00e0 Tremblant dont le chien de traineau \u00e0 Tremblant.\",\"breadcrumb\":{\"@id\":\"https:\/\/officialmonttremblant.com\/fr\/activites\/activites-d-hiver\/chien-de-traineau\/#breadcrumb\"},\"inLanguage\":\"fr-FR\",\"potentialAction\":[{\"@type\":\"ReadAction\",\"target\":[\"https:\/\/officialmonttremblant.com\/fr\/activites\/activites-d-hiver\/chien-de-traineau\/\"]}]},{\"@type\":\"ImageObject\",\"inLanguage\":\"fr-FR\",\"@id\":\"https:\/\/officialmonttremblant.com\/fr\/activites\/activites-d-hiver\/chien-de-traineau\/#primaryimage\",\"url\":\"https:\/\/officialmonttremblant.com\/wp-content\/uploads\/2022\/09\/sled-g231fad7d3_1920-e1663343540956.jpg\",\"contentUrl\":\"https:\/\/officialmonttremblant.com\/wp-content\/uploads\/2022\/09\/sled-g231fad7d3_1920-e1663343540956.jpg\",\"width\":1920,\"height\":1280,\"caption\":\"Kids activities - Dog sledding\"},{\"@type\":\"BreadcrumbList\",\"@id\":\"https:\/\/officialmonttremblant.com\/fr\/activites\/activites-d-hiver\/chien-de-traineau\/#breadcrumb\",\"itemListElement\":[{\"@type\":\"ListItem\",\"position\":1,\"name\":\"Home\",\"item\":\"https:\/\/officialmonttremblant.com\/fr\/\"},{\"@type\":\"ListItem\",\"position\":2,\"name\":\"Activit\u00e9s\",\"item\":\"https:\/\/officialmonttremblant.com\/fr\/activites\/\"},{\"@type\":\"ListItem\",\"position\":3,\"name\":\"Activit\u00e9s d&#8217;hiver\",\"item\":\"https:\/\/officialmonttremblant.com\/fr\/activites\/activites-d-hiver\/\"},{\"@type\":\"ListItem\",\"position\":4,\"name\":\"Chien de traineau\"}]},{\"@type\":\"WebSite\",\"@id\":\"https:\/\/officialmonttremblant.com\/fr\/#website\",\"url\":\"https:\/\/officialmonttremblant.com\/fr\/\",\"name\":\"Official Mont Tremblant\",\"description\":\"Vacation &amp; tourist guide in Mont Tremblant\",\"potentialAction\":[{\"@type\":\"SearchAction\",\"target\":{\"@type\":\"EntryPoint\",\"urlTemplate\":\"https:\/\/officialmonttremblant.com\/fr\/?s={search_term_string}\"},\"query-input\":{\"@type\":\"PropertyValueSpecification\",\"valueRequired\":true,\"valueName\":\"search_term_string\"}}],\"inLanguage\":\"fr-FR\"}]}<\/script>\n<!-- \/ Yoast SEO Premium plugin. -->","yoast_head_json":{"title":"Chien de traineau \u00e0 Tremblant, Activit\u00e9s d'hiver \u00e0 Tremblant","description":"Official Mont-Tremblant vous apporte plus d'informations sur les activit\u00e9s d'hiver \u00e0 Tremblant dont le chien de traineau \u00e0 Tremblant.","robots":{"index":"index","follow":"follow","max-snippet":"max-snippet:-1","max-image-preview":"max-image-preview:large","max-video-preview":"max-video-preview:-1"},"canonical":"https:\/\/officialmonttremblant.com\/fr\/activites\/activites-d-hiver\/chien-de-traineau\/","og_locale":"fr_FR","og_type":"article","og_title":"Chien de traineau","og_description":"Official Mont-Tremblant vous apporte plus d'informations sur les activit\u00e9s d'hiver \u00e0 Tremblant dont le chien de traineau \u00e0 Tremblant.","og_url":"https:\/\/officialmonttremblant.com\/fr\/activites\/activites-d-hiver\/chien-de-traineau\/","og_site_name":"Official Mont Tremblant","article_modified_time":"2025-07-29T16:00:37+00:00","og_image":[{"width":1920,"height":1280,"url":"https:\/\/officialmonttremblant.com\/wp-content\/uploads\/2022\/09\/sled-g231fad7d3_1920-e1663343540956.jpg","type":"image\/jpeg"}],"twitter_card":"summary_large_image","twitter_misc":{"Dur\u00e9e de lecture estim\u00e9e":"2 minutes"},"schema":{"@context":"https:\/\/schema.org","@graph":[{"@type":"WebPage","@id":"https:\/\/officialmonttremblant.com\/fr\/activites\/activites-d-hiver\/chien-de-traineau\/","url":"https:\/\/officialmonttremblant.com\/fr\/activites\/activites-d-hiver\/chien-de-traineau\/","name":"Chien de traineau \u00e0 Tremblant, Activit\u00e9s d'hiver \u00e0 Tremblant","isPartOf":{"@id":"https:\/\/officialmonttremblant.com\/fr\/#website"},"primaryImageOfPage":{"@id":"https:\/\/officialmonttremblant.com\/fr\/activites\/activites-d-hiver\/chien-de-traineau\/#primaryimage"},"image":{"@id":"https:\/\/officialmonttremblant.com\/fr\/activites\/activites-d-hiver\/chien-de-traineau\/#primaryimage"},"thumbnailUrl":"https:\/\/officialmonttremblant.com\/wp-content\/uploads\/2022\/09\/sled-g231fad7d3_1920-e1663343540956.jpg","datePublished":"2022-09-22T19:44:29+00:00","dateModified":"2025-07-29T16:00:37+00:00","description":"Official Mont-Tremblant vous apporte plus d'informations sur les activit\u00e9s d'hiver \u00e0 Tremblant dont le chien de traineau \u00e0 Tremblant.","breadcrumb":{"@id":"https:\/\/officialmonttremblant.com\/fr\/activites\/activites-d-hiver\/chien-de-traineau\/#breadcrumb"},"inLanguage":"fr-FR","potentialAction":[{"@type":"ReadAction","target":["https:\/\/officialmonttremblant.com\/fr\/activites\/activites-d-hiver\/chien-de-traineau\/"]}]},{"@type":"ImageObject","inLanguage":"fr-FR","@id":"https:\/\/officialmonttremblant.com\/fr\/activites\/activites-d-hiver\/chien-de-traineau\/#primaryimage","url":"https:\/\/officialmonttremblant.com\/wp-content\/uploads\/2022\/09\/sled-g231fad7d3_1920-e1663343540956.jpg","contentUrl":"https:\/\/officialmonttremblant.com\/wp-content\/uploads\/2022\/09\/sled-g231fad7d3_1920-e1663343540956.jpg","width":1920,"height":1280,"caption":"Kids activities - Dog sledding"},{"@type":"BreadcrumbList","@id":"https:\/\/officialmonttremblant.com\/fr\/activites\/activites-d-hiver\/chien-de-traineau\/#breadcrumb","itemListElement":[{"@type":"ListItem","position":1,"name":"Home","item":"https:\/\/officialmonttremblant.com\/fr\/"},{"@type":"ListItem","position":2,"name":"Activit\u00e9s","item":"https:\/\/officialmonttremblant.com\/fr\/activites\/"},{"@type":"ListItem","position":3,"name":"Activit\u00e9s d&#8217;hiver","item":"https:\/\/officialmonttremblant.com\/fr\/activites\/activites-d-hiver\/"},{"@type":"ListItem","position":4,"name":"Chien de traineau"}]},{"@type":"WebSite","@id":"https:\/\/officialmonttremblant.com\/fr\/#website","url":"https:\/\/officialmonttremblant.com\/fr\/","name":"Official Mont Tremblant","description":"Vacation &amp; tourist guide in Mont Tremblant","potentialAction":[{"@type":"SearchAction","target":{"@type":"EntryPoint","urlTemplate":"https:\/\/officialmonttremblant.com\/fr\/?s={search_term_string}"},"query-input":{"@type":"PropertyValueSpecification","valueRequired":true,"valueName":"search_term_string"}}],"inLanguage":"fr-FR"}]}},"jetpack_sharing_enabled":true,"_links":{"self":[{"href":"https:\/\/officialmonttremblant.com\/fr\/wp-json\/wp\/v2\/pages\/25375","targetHints":{"allow":["GET"]}}],"collection":[{"href":"https:\/\/officialmonttremblant.com\/fr\/wp-json\/wp\/v2\/pages"}],"about":[{"href":"https:\/\/officialmonttremblant.com\/fr\/wp-json\/wp\/v2\/types\/page"}],"author":[{"embeddable":true,"href":"https:\/\/officialmonttremblant.com\/fr\/wp-json\/wp\/v2\/users\/5"}],"replies":[{"embeddable":true,"href":"https:\/\/officialmonttremblant.com\/fr\/wp-json\/wp\/v2\/comments?post=25375"}],"version-history":[{"count":3,"href":"https:\/\/officialmonttremblant.com\/fr\/wp-json\/wp\/v2\/pages\/25375\/revisions"}],"predecessor-version":[{"id":26384,"href":"https:\/\/officialmonttremblant.com\/fr\/wp-json\/wp\/v2\/pages\/25375\/revisions\/26384"}],"up":[{"embeddable":true,"href":"https:\/\/officialmonttremblant.com\/fr\/wp-json\/wp\/v2\/pages\/21148"}],"wp:featuredmedia":[{"embeddable":true,"href":"https:\/\/officialmonttremblant.com\/fr\/wp-json\/wp\/v2\/media\/22903"}],"wp:attachment":[{"href":"https:\/\/officialmonttremblant.com\/fr\/wp-json\/wp\/v2\/media?parent=25375"}],"curies":[{"name":"wp","href":"https:\/\/api.w.org\/{rel}","templated":true}]}}