{"id":25377,"date":"2022-09-27T12:55:17","date_gmt":"2022-09-27T16:55:17","guid":{"rendered":"https:\/\/officialmonttremblant.com\/activites\/activites-d-ete\/faire-du-velo\/cycling-events\/"},"modified":"2025-07-29T11:36:59","modified_gmt":"2025-07-29T15:36:59","slug":"evenements","status":"publish","type":"page","link":"https:\/\/officialmonttremblant.com\/fr\/activites\/activites-d-ete\/faire-du-velo\/evenements\/","title":{"rendered":"Ev\u00e9nements"},"content":{"rendered":"<p>[vc_row][vc_column]<div id=\"ultimate-heading-991869d91ba4693e4\" class=\"uvc-heading ult-adjust-bottom-margin ultimate-heading-991869d91ba4693e4 uvc-9979  uvc-heading-default-font-sizes\" data-hspacer=\"no_spacer\"  data-halign=\"left\" style=\"text-align:left\"><div class=\"uvc-heading-spacer no_spacer\" style=\"top\"><\/div><div class=\"uvc-main-heading ult-responsive\"  data-ultimate-target='.uvc-heading.ultimate-heading-991869d91ba4693e4 h2'  data-responsive-json-new='{\"font-size\":\"\",\"line-height\":\"\"}' ><h2 style=\"--font-weight:theme;\">Ev\u00e9nements cyclistes \u00e0 Mont-Tremblant<\/h2><\/div><div class=\"uvc-sub-heading ult-responsive\"  data-ultimate-target='.uvc-heading.ultimate-heading-991869d91ba4693e4 .uvc-sub-heading '  data-responsive-json-new='{\"font-size\":\"\",\"line-height\":\"\"}'  style=\"font-weight:normal;\"><\/p>\n<p style=\"text-align: left;\">Official Mont-Tremblant vous donne plus d&rsquo;informations sur les activit\u00e9s d&rsquo;\u00e9t\u00e9 \u00e0 Tremblant, y compris les \u00e9v\u00e9nements cyclistes \u00e0 Tremblant.<\/p>\n<p style=\"text-align: left;\"><span style=\"font-weight: 400;\">Qu\u2019ils soient amateurs ou professionnels les cyclistes qui seront absolument \u00e9merveill\u00e9s par la beaut\u00e9 du site exceptionnel qu\u2019est Mont Tremblant.\u00a0<\/span><span style=\"font-weight: 400;\">Le festival du v\u00e9lo (qui inclut le Gran Fondo) et le d\u00e9fi 808 Bonneville sont les principaux \u00e9v\u00e9nements cyclistes \u00e0 Mont Tremblant.<\/span><\/p>\n<p style=\"text-align: left;\"><strong>FESTIVAL DE V\u00c9LO CROSSROADS TREMBLANT<\/strong><\/p>\n<p style=\"text-align: left;\"><span style=\"font-weight: 400;\">Le Festival Crossroads Tremblant, a lieu chaque ann\u00e9e au printemps. Ce rassemblement de cyclistes fait partie des festivals et \u00e9v\u00e9nements originaux qui contribuent au dynamisme de la r\u00e9gion..\u00a0<\/span><span style=\"font-weight: 400;\">Le festival de ve\u0301lo, inclut les Coupes Canada et Que\u0301bec de ve\u0301lo de montagne, le Gravel Fondo ainsi que le Gran Fondo Mont-Tremblant et a\u00a0 lieu Resort Tremblant.<\/span><\/p>\n<p style=\"text-align: left;\"><span style=\"font-weight: 400;\">Des athl\u00e8tes du Canada et\u00a0 du monde entier s\u2019affrontent\u00a0 dans des \u00e9preuves de cross-country sur les sentiers officiels de la Station Mont Tremblant.\u00a0<\/span><span style=\"font-weight: 400;\">Mais pas uniquement ! Ce festival convie \u00e9galement les amateurs de v\u00e9lo \u00e0 des moments de d\u00e9passement forts en \u00e9motions tout en faisant de l\u2019activit\u00e9 physique.\u00a0<\/span><\/p>\n<p style=\"text-align: left;\"><span style=\"font-weight: 400;\">Crossroads Tremblant, c\u2019est un \u00e9v\u00e9nement d\u2019envergure en plein c\u0153ur de Mont-Tremblant, o\u00f9 cyclistes de montagne et de route s\u2019unissent pour passer du bon temps et partager leur passion pour le sport. De la boue, de l\u2019asphalte, des kilom\u00e8tres \u00e0 parcourir en sentiers et sur route, du d\u00e9nivel\u00e9 en mont\u00e9es et en descentes. C\u2019est LE rendez-vous annuel pour lancer la saison et d\u00e9couvrir la r\u00e9gion sur deux roues.\u00a0<\/span><span style=\"font-weight: 400;\">Les festivaliers se laissent charmer par le village de Mont-Tremblant et ses environs et savent\u00a0 appr\u00e9cier l\u2019accueil chaleureux de la population locale.<\/span><\/p>\n<p style=\"text-align: left;\"><span style=\"font-weight: 400;\">Adresse :\u00a0 Resort Tremblant, 1000 Chemin des Voyageurs, Mont-Tremblant, QC J8E 1T1<\/span><\/p>\n<p style=\"text-align: left;\"><strong>DEFI 808 BONNEVILLE<\/strong><\/p>\n<p style=\"text-align: left;\"><span style=\"font-weight: 400;\">Le D\u00e9fi 808 Bonneville est un \u00e9v\u00e9nement cycliste grand public. Plusieurs options de d\u00e9fis en v\u00e9lo de route ou v\u00e9lo \u00e9lectrique.\u00a0<\/span><span style=\"font-weight: 400;\">Le parcours est divis\u00e9 en 4 \u00e9tapes d\u2019environ 100 km chacune. Que ce soit en solo ou en \u00e9quipe, chaque \u00e9tape doit \u00eatre compl\u00e9t\u00e9e avant de passer \u00e0 la suivante.\u00a0 \u00c0 la fin de chaque \u00e9tape, tous les participants transigent par une station interm\u00e9diaire, appel\u00e9e station de chronom\u00e9trage, o\u00f9 ils peuvent donner le relais \u00e0 leurs co\u00e9quipiers ou se reposer avant de reprendre la route.\u00a0 Les participants du 808 km, doivent compl\u00e9ter deux fois les quatre \u00e9tapes.\u00a0<\/span><\/p>\n<p style=\"text-align: left;\"><span style=\"font-weight: 400;\">Pour s\u2019inscrire :\u00a0<\/span><\/p>\n<p style=\"text-align: left;\"><a href=\"https:\/\/defi808bonneville.com\/inscription\/\"><span style=\"font-weight: 400;\">https:\/\/defi808bonneville.com\/inscription\/<\/span><\/a><\/p>\n<p><\/div><\/div>[\/vc_column][\/vc_row][vc_row][vc_column][vc_empty_space height=\u00a0\u00bb60px\u00a0\u00bb][\/vc_column][\/vc_row][vc_row][vc_column][vc_single_image image=\u00a0\u00bb23107&Prime; img_size=\u00a0\u00bb800&#215;600&Prime; alignment=\u00a0\u00bbcenter\u00a0\u00bb][\/vc_column][\/vc_row]<\/p>\n","protected":false},"excerpt":{"rendered":"<p>[vc_row][vc_column][\/vc_column][\/vc_row][vc_row][vc_column][vc_empty_space height=\u00a0\u00bb60px\u00a0\u00bb][\/vc_column][\/vc_row][vc_row][vc_column][vc_single_image image=\u00a0\u00bb23107&Prime; img_size=\u00a0\u00bb800&#215;600&Prime; alignment=\u00a0\u00bbcenter\u00a0\u00bb][\/vc_column][\/vc_row]<\/p>\n","protected":false},"author":5,"featured_media":23290,"parent":24716,"menu_order":0,"comment_status":"closed","ping_status":"closed","template":"","meta":{"footnotes":""},"class_list":["post-25377","page","type-page","status-publish","has-post-thumbnail","hentry","description-off"],"yoast_head":"<!-- This site is optimized with the Yoast SEO Premium plugin v26.5 (Yoast SEO v26.5) - https:\/\/yoast.com\/wordpress\/plugins\/seo\/ -->\n<title>Ev\u00e9nements cyclistes \u00e0 Tremblant, activit\u00e9s d&#039;\u00e9t\u00e9 \u00e0 Tremblant<\/title>\n<meta name=\"description\" content=\"Official Mont-Tremblant vous donne plus d&#039;informations sur les activit\u00e9s d&#039;\u00e9t\u00e9 \u00e0 Tremblant, y compris les \u00e9v\u00e9nements cyclistes \u00e0 Tremblant.\" \/>\n<meta name=\"robots\" content=\"index, follow, max-snippet:-1, max-image-preview:large, max-video-preview:-1\" \/>\n<link rel=\"canonical\" href=\"https:\/\/officialmonttremblant.com\/fr\/activites\/activites-d-ete\/faire-du-velo\/evenements\/\" \/>\n<meta property=\"og:locale\" content=\"fr_FR\" \/>\n<meta property=\"og:type\" content=\"article\" \/>\n<meta property=\"og:title\" content=\"Ev\u00e9nements\" \/>\n<meta property=\"og:description\" content=\"Official Mont-Tremblant vous donne plus d&#039;informations sur les activit\u00e9s d&#039;\u00e9t\u00e9 \u00e0 Tremblant, y compris les \u00e9v\u00e9nements cyclistes \u00e0 Tremblant.\" \/>\n<meta property=\"og:url\" content=\"https:\/\/officialmonttremblant.com\/fr\/activites\/activites-d-ete\/faire-du-velo\/evenements\/\" \/>\n<meta property=\"og:site_name\" content=\"Official Mont Tremblant\" \/>\n<meta property=\"article:modified_time\" content=\"2025-07-29T15:36:59+00:00\" \/>\n<meta property=\"og:image\" content=\"https:\/\/officialmonttremblant.com\/wp-content\/uploads\/2022\/09\/Cycling-events-1.jpg\" \/>\n\t<meta property=\"og:image:width\" content=\"1023\" \/>\n\t<meta property=\"og:image:height\" content=\"683\" \/>\n\t<meta property=\"og:image:type\" content=\"image\/jpeg\" \/>\n<meta name=\"twitter:card\" content=\"summary_large_image\" \/>\n<meta name=\"twitter:label1\" content=\"Dur\u00e9e de lecture estim\u00e9e\" \/>\n\t<meta name=\"twitter:data1\" content=\"3 minutes\" \/>\n<script type=\"application\/ld+json\" class=\"yoast-schema-graph\">{\"@context\":\"https:\/\/schema.org\",\"@graph\":[{\"@type\":\"WebPage\",\"@id\":\"https:\/\/officialmonttremblant.com\/fr\/activites\/activites-d-ete\/faire-du-velo\/evenements\/\",\"url\":\"https:\/\/officialmonttremblant.com\/fr\/activites\/activites-d-ete\/faire-du-velo\/evenements\/\",\"name\":\"Ev\u00e9nements cyclistes \u00e0 Tremblant, activit\u00e9s d'\u00e9t\u00e9 \u00e0 Tremblant\",\"isPartOf\":{\"@id\":\"https:\/\/officialmonttremblant.com\/fr\/#website\"},\"primaryImageOfPage\":{\"@id\":\"https:\/\/officialmonttremblant.com\/fr\/activites\/activites-d-ete\/faire-du-velo\/evenements\/#primaryimage\"},\"image\":{\"@id\":\"https:\/\/officialmonttremblant.com\/fr\/activites\/activites-d-ete\/faire-du-velo\/evenements\/#primaryimage\"},\"thumbnailUrl\":\"https:\/\/officialmonttremblant.com\/wp-content\/uploads\/2022\/09\/Cycling-events-1.jpg\",\"datePublished\":\"2022-09-27T16:55:17+00:00\",\"dateModified\":\"2025-07-29T15:36:59+00:00\",\"description\":\"Official Mont-Tremblant vous donne plus d'informations sur les activit\u00e9s d'\u00e9t\u00e9 \u00e0 Tremblant, y compris les \u00e9v\u00e9nements cyclistes \u00e0 Tremblant.\",\"breadcrumb\":{\"@id\":\"https:\/\/officialmonttremblant.com\/fr\/activites\/activites-d-ete\/faire-du-velo\/evenements\/#breadcrumb\"},\"inLanguage\":\"fr-FR\",\"potentialAction\":[{\"@type\":\"ReadAction\",\"target\":[\"https:\/\/officialmonttremblant.com\/fr\/activites\/activites-d-ete\/faire-du-velo\/evenements\/\"]}]},{\"@type\":\"ImageObject\",\"inLanguage\":\"fr-FR\",\"@id\":\"https:\/\/officialmonttremblant.com\/fr\/activites\/activites-d-ete\/faire-du-velo\/evenements\/#primaryimage\",\"url\":\"https:\/\/officialmonttremblant.com\/wp-content\/uploads\/2022\/09\/Cycling-events-1.jpg\",\"contentUrl\":\"https:\/\/officialmonttremblant.com\/wp-content\/uploads\/2022\/09\/Cycling-events-1.jpg\",\"width\":1023,\"height\":683,\"caption\":\"Cycling events\"},{\"@type\":\"BreadcrumbList\",\"@id\":\"https:\/\/officialmonttremblant.com\/fr\/activites\/activites-d-ete\/faire-du-velo\/evenements\/#breadcrumb\",\"itemListElement\":[{\"@type\":\"ListItem\",\"position\":1,\"name\":\"Home\",\"item\":\"https:\/\/officialmonttremblant.com\/fr\/\"},{\"@type\":\"ListItem\",\"position\":2,\"name\":\"Activit\u00e9s\",\"item\":\"https:\/\/officialmonttremblant.com\/fr\/activites\/\"},{\"@type\":\"ListItem\",\"position\":3,\"name\":\"Activit\u00e9s d&#8217;\u00e9t\u00e9\",\"item\":\"https:\/\/officialmonttremblant.com\/fr\/activites\/activites-d-ete\/\"},{\"@type\":\"ListItem\",\"position\":4,\"name\":\"Faire du v\u00e9lo\",\"item\":\"https:\/\/officialmonttremblant.com\/fr\/activites\/activites-d-ete\/faire-du-velo\/\"},{\"@type\":\"ListItem\",\"position\":5,\"name\":\"Ev\u00e9nements\"}]},{\"@type\":\"WebSite\",\"@id\":\"https:\/\/officialmonttremblant.com\/fr\/#website\",\"url\":\"https:\/\/officialmonttremblant.com\/fr\/\",\"name\":\"Official Mont Tremblant\",\"description\":\"Vacation &amp; tourist guide in Mont Tremblant\",\"potentialAction\":[{\"@type\":\"SearchAction\",\"target\":{\"@type\":\"EntryPoint\",\"urlTemplate\":\"https:\/\/officialmonttremblant.com\/fr\/?s={search_term_string}\"},\"query-input\":{\"@type\":\"PropertyValueSpecification\",\"valueRequired\":true,\"valueName\":\"search_term_string\"}}],\"inLanguage\":\"fr-FR\"}]}<\/script>\n<!-- \/ Yoast SEO Premium plugin. -->","yoast_head_json":{"title":"Ev\u00e9nements cyclistes \u00e0 Tremblant, activit\u00e9s d'\u00e9t\u00e9 \u00e0 Tremblant","description":"Official Mont-Tremblant vous donne plus d'informations sur les activit\u00e9s d'\u00e9t\u00e9 \u00e0 Tremblant, y compris les \u00e9v\u00e9nements cyclistes \u00e0 Tremblant.","robots":{"index":"index","follow":"follow","max-snippet":"max-snippet:-1","max-image-preview":"max-image-preview:large","max-video-preview":"max-video-preview:-1"},"canonical":"https:\/\/officialmonttremblant.com\/fr\/activites\/activites-d-ete\/faire-du-velo\/evenements\/","og_locale":"fr_FR","og_type":"article","og_title":"Ev\u00e9nements","og_description":"Official Mont-Tremblant vous donne plus d'informations sur les activit\u00e9s d'\u00e9t\u00e9 \u00e0 Tremblant, y compris les \u00e9v\u00e9nements cyclistes \u00e0 Tremblant.","og_url":"https:\/\/officialmonttremblant.com\/fr\/activites\/activites-d-ete\/faire-du-velo\/evenements\/","og_site_name":"Official Mont Tremblant","article_modified_time":"2025-07-29T15:36:59+00:00","og_image":[{"width":1023,"height":683,"url":"https:\/\/officialmonttremblant.com\/wp-content\/uploads\/2022\/09\/Cycling-events-1.jpg","type":"image\/jpeg"}],"twitter_card":"summary_large_image","twitter_misc":{"Dur\u00e9e de lecture estim\u00e9e":"3 minutes"},"schema":{"@context":"https:\/\/schema.org","@graph":[{"@type":"WebPage","@id":"https:\/\/officialmonttremblant.com\/fr\/activites\/activites-d-ete\/faire-du-velo\/evenements\/","url":"https:\/\/officialmonttremblant.com\/fr\/activites\/activites-d-ete\/faire-du-velo\/evenements\/","name":"Ev\u00e9nements cyclistes \u00e0 Tremblant, activit\u00e9s d'\u00e9t\u00e9 \u00e0 Tremblant","isPartOf":{"@id":"https:\/\/officialmonttremblant.com\/fr\/#website"},"primaryImageOfPage":{"@id":"https:\/\/officialmonttremblant.com\/fr\/activites\/activites-d-ete\/faire-du-velo\/evenements\/#primaryimage"},"image":{"@id":"https:\/\/officialmonttremblant.com\/fr\/activites\/activites-d-ete\/faire-du-velo\/evenements\/#primaryimage"},"thumbnailUrl":"https:\/\/officialmonttremblant.com\/wp-content\/uploads\/2022\/09\/Cycling-events-1.jpg","datePublished":"2022-09-27T16:55:17+00:00","dateModified":"2025-07-29T15:36:59+00:00","description":"Official Mont-Tremblant vous donne plus d'informations sur les activit\u00e9s d'\u00e9t\u00e9 \u00e0 Tremblant, y compris les \u00e9v\u00e9nements cyclistes \u00e0 Tremblant.","breadcrumb":{"@id":"https:\/\/officialmonttremblant.com\/fr\/activites\/activites-d-ete\/faire-du-velo\/evenements\/#breadcrumb"},"inLanguage":"fr-FR","potentialAction":[{"@type":"ReadAction","target":["https:\/\/officialmonttremblant.com\/fr\/activites\/activites-d-ete\/faire-du-velo\/evenements\/"]}]},{"@type":"ImageObject","inLanguage":"fr-FR","@id":"https:\/\/officialmonttremblant.com\/fr\/activites\/activites-d-ete\/faire-du-velo\/evenements\/#primaryimage","url":"https:\/\/officialmonttremblant.com\/wp-content\/uploads\/2022\/09\/Cycling-events-1.jpg","contentUrl":"https:\/\/officialmonttremblant.com\/wp-content\/uploads\/2022\/09\/Cycling-events-1.jpg","width":1023,"height":683,"caption":"Cycling events"},{"@type":"BreadcrumbList","@id":"https:\/\/officialmonttremblant.com\/fr\/activites\/activites-d-ete\/faire-du-velo\/evenements\/#breadcrumb","itemListElement":[{"@type":"ListItem","position":1,"name":"Home","item":"https:\/\/officialmonttremblant.com\/fr\/"},{"@type":"ListItem","position":2,"name":"Activit\u00e9s","item":"https:\/\/officialmonttremblant.com\/fr\/activites\/"},{"@type":"ListItem","position":3,"name":"Activit\u00e9s d&#8217;\u00e9t\u00e9","item":"https:\/\/officialmonttremblant.com\/fr\/activites\/activites-d-ete\/"},{"@type":"ListItem","position":4,"name":"Faire du v\u00e9lo","item":"https:\/\/officialmonttremblant.com\/fr\/activites\/activites-d-ete\/faire-du-velo\/"},{"@type":"ListItem","position":5,"name":"Ev\u00e9nements"}]},{"@type":"WebSite","@id":"https:\/\/officialmonttremblant.com\/fr\/#website","url":"https:\/\/officialmonttremblant.com\/fr\/","name":"Official Mont Tremblant","description":"Vacation &amp; tourist guide in Mont Tremblant","potentialAction":[{"@type":"SearchAction","target":{"@type":"EntryPoint","urlTemplate":"https:\/\/officialmonttremblant.com\/fr\/?s={search_term_string}"},"query-input":{"@type":"PropertyValueSpecification","valueRequired":true,"valueName":"search_term_string"}}],"inLanguage":"fr-FR"}]}},"jetpack_sharing_enabled":true,"_links":{"self":[{"href":"https:\/\/officialmonttremblant.com\/fr\/wp-json\/wp\/v2\/pages\/25377","targetHints":{"allow":["GET"]}}],"collection":[{"href":"https:\/\/officialmonttremblant.com\/fr\/wp-json\/wp\/v2\/pages"}],"about":[{"href":"https:\/\/officialmonttremblant.com\/fr\/wp-json\/wp\/v2\/types\/page"}],"author":[{"embeddable":true,"href":"https:\/\/officialmonttremblant.com\/fr\/wp-json\/wp\/v2\/users\/5"}],"replies":[{"embeddable":true,"href":"https:\/\/officialmonttremblant.com\/fr\/wp-json\/wp\/v2\/comments?post=25377"}],"version-history":[{"count":3,"href":"https:\/\/officialmonttremblant.com\/fr\/wp-json\/wp\/v2\/pages\/25377\/revisions"}],"predecessor-version":[{"id":25962,"href":"https:\/\/officialmonttremblant.com\/fr\/wp-json\/wp\/v2\/pages\/25377\/revisions\/25962"}],"up":[{"embeddable":true,"href":"https:\/\/officialmonttremblant.com\/fr\/wp-json\/wp\/v2\/pages\/24716"}],"wp:featuredmedia":[{"embeddable":true,"href":"https:\/\/officialmonttremblant.com\/fr\/wp-json\/wp\/v2\/media\/23290"}],"wp:attachment":[{"href":"https:\/\/officialmonttremblant.com\/fr\/wp-json\/wp\/v2\/media?parent=25377"}],"curies":[{"name":"wp","href":"https:\/\/api.w.org\/{rel}","templated":true}]}}