{"id":25379,"date":"2022-09-27T13:10:02","date_gmt":"2022-09-27T17:10:02","guid":{"rendered":"https:\/\/officialmonttremblant.com\/activites\/activites-d-ete\/vehicules-tout-terrain\/buy-an-atv\/"},"modified":"2025-07-29T11:34:46","modified_gmt":"2025-07-29T15:34:46","slug":"acheter-un-vehicule-tout-terrain","status":"publish","type":"page","link":"https:\/\/officialmonttremblant.com\/fr\/activites\/activites-d-ete\/vehicules-tout-terrain\/acheter-un-vehicule-tout-terrain\/","title":{"rendered":"Acheter un v\u00e9hicule tout terrain"},"content":{"rendered":"<p>[vc_row][vc_column]<div id=\"ultimate-heading-482469d98a8eabeee\" class=\"uvc-heading ult-adjust-bottom-margin ultimate-heading-482469d98a8eabeee uvc-5554  uvc-heading-default-font-sizes\" data-hspacer=\"no_spacer\"  data-halign=\"left\" style=\"text-align:left\"><div class=\"uvc-heading-spacer no_spacer\" style=\"top\"><\/div><div class=\"uvc-main-heading ult-responsive\"  data-ultimate-target='.uvc-heading.ultimate-heading-482469d98a8eabeee h2'  data-responsive-json-new='{\"font-size\":\"\",\"line-height\":\"\"}' ><h2 style=\"--font-weight:theme;\">Acheter un v\u00e9hicule tout-terrain \u00e0 Tremblant<\/h2><\/div><div class=\"uvc-sub-heading ult-responsive\"  data-ultimate-target='.uvc-heading.ultimate-heading-482469d98a8eabeee .uvc-sub-heading '  data-responsive-json-new='{\"font-size\":\"\",\"line-height\":\"\"}'  style=\"font-weight:normal;\"><\/p>\n<p style=\"text-align: left;\">Official Mont-Tremblant vous apporte plus d&rsquo;information sur les activit\u00e9s \u00e0 Tremblant dont o\u00f9 acheter un v\u00e9hicule tout-terrain \u00e0 Tremblant.<\/p>\n<p style=\"text-align: left;\"><span style=\"font-weight: 400;\">Mont Tremblant est incontestablement l&rsquo;un des meilleurs endroits au Canada pour pratiquer du quad.\u00a0<\/span><span style=\"font-weight: 400;\">Un quad est un v\u00e9hicule tout-terrain (VTT) , \u00e9galement connu sous le nom de ATV (All Terrain Vehicle).\u00a0<\/span><span style=\"font-weight: 400;\">Un quad ou VTT est un v\u00e9hicule de 2 \u00e0 8 roues qui a un moteur et qui est con\u00e7u pour rouler sur des surfaces non pav\u00e9es.<\/span><\/p>\n<p style=\"text-align: left;\"><span style=\"font-weight: 400;\">Le quad ou VTT\u00a0 permet d&rsquo;explorer de fa\u00e7on amusante et excitante les montagnes et les for\u00eats enchanteresses de Mont Tremblant et de profiter de la vue imprenable sur les Laurentides.\u00a0<\/span><span style=\"font-weight: 400;\">Aucun doute la dessus, vous vous amuserez beaucoup \u00e0 conduire un VTT \u00e0 Mont Tremblant !<\/span><\/p>\n<p style=\"text-align: left;\"><span style=\"font-weight: 400;\">C&rsquo;est en automne et en hiver que vous trouverez les meilleurs prix pour\u00a0 un Quad ou VTT, surtout si vous vivez au Canada avec des diff\u00e9rences marqu\u00e9es dans les saisons.<\/span><\/p>\n<p style=\"text-align: left;\"><span style=\"font-weight: 400;\">Vers la fin de l&rsquo;ann\u00e9e, avant la sortie de nouveaux mod\u00e8les, c&rsquo;est aussi le moment id\u00e9al pour acheter un VTT, car les concessionnaires sont motiv\u00e9s pour vendre les mod\u00e8les de cette ann\u00e9e-l\u00e0 avant d&rsquo;avoir besoin de stocker les nouveaux.\u00a0<\/span><span style=\"font-weight: 400;\">La p\u00e9riode qui pr\u00e9c\u00e8de\u00a0 les vacances est g\u00e9n\u00e9ralement un moment moins favorable pour acheter un VTT car il y aura une demande accrue, mais cela pourrait jouer en votre faveur si un concessionnaire propose une promotion.<\/span><\/p>\n<p style=\"text-align: left;\"><span style=\"font-weight: 400;\">Voici notre s\u00e9lection si vous cherchez \u00e0 acheter un Quad (ou VTT) \u00e0 Mont Tremblant :<\/span><\/p>\n<p style=\"text-align: left;\"><span style=\"font-weight: 400;\">Motoplex Mont-Tremblant<\/span><\/p>\n<p style=\"text-align: left;\"><span style=\"font-weight: 400;\">175, Route 117, MONT TREMBLANT<\/span><\/p>\n<p style=\"text-align: left;\"><span style=\"font-weight: 400;\">819 681-6686<\/span><\/p>\n<p><\/div><\/div>[\/vc_column][\/vc_row][vc_row][vc_column][vc_empty_space height=\u00a0\u00bb60px\u00a0\u00bb][\/vc_column][\/vc_row][vc_row][vc_column][vc_single_image image=\u00a0\u00bb23401&Prime; img_size=\u00a0\u00bb800&#215;600&Prime; alignment=\u00a0\u00bbcenter\u00a0\u00bb][\/vc_column][\/vc_row]<\/p>\n","protected":false},"excerpt":{"rendered":"<p>[vc_row][vc_column][\/vc_column][\/vc_row][vc_row][vc_column][vc_empty_space height=\u00a0\u00bb60px\u00a0\u00bb][\/vc_column][\/vc_row][vc_row][vc_column][vc_single_image image=\u00a0\u00bb23401&Prime; img_size=\u00a0\u00bb800&#215;600&Prime; alignment=\u00a0\u00bbcenter\u00a0\u00bb][\/vc_column][\/vc_row]<\/p>\n","protected":false},"author":5,"featured_media":23402,"parent":24734,"menu_order":0,"comment_status":"closed","ping_status":"closed","template":"","meta":{"footnotes":""},"class_list":["post-25379","page","type-page","status-publish","has-post-thumbnail","hentry","description-off"],"yoast_head":"<!-- This site is optimized with the Yoast SEO Premium plugin v26.5 (Yoast SEO v26.5) - https:\/\/yoast.com\/wordpress\/plugins\/seo\/ -->\n<title>Acheter un v\u00e9hicule tout-terrain \u00e0 Tremblant, activit\u00e9s \u00e0 Tremblant<\/title>\n<meta name=\"description\" content=\"Official Mont-Tremblant vous apporte plus d&#039;information sur les activit\u00e9s \u00e0 Tremblant dont o\u00f9 acheter un v\u00e9hicule tout-terrain \u00e0 Tremblant.\" \/>\n<meta name=\"robots\" content=\"index, follow, max-snippet:-1, max-image-preview:large, max-video-preview:-1\" \/>\n<link rel=\"canonical\" href=\"https:\/\/officialmonttremblant.com\/fr\/activites\/activites-d-ete\/vehicules-tout-terrain\/acheter-un-vehicule-tout-terrain\/\" \/>\n<meta property=\"og:locale\" content=\"fr_FR\" \/>\n<meta property=\"og:type\" content=\"article\" \/>\n<meta property=\"og:title\" content=\"Acheter un v\u00e9hicule tout terrain\" \/>\n<meta property=\"og:description\" content=\"Official Mont-Tremblant vous apporte plus d&#039;information sur les activit\u00e9s \u00e0 Tremblant dont o\u00f9 acheter un v\u00e9hicule tout-terrain \u00e0 Tremblant.\" \/>\n<meta property=\"og:url\" content=\"https:\/\/officialmonttremblant.com\/fr\/activites\/activites-d-ete\/vehicules-tout-terrain\/acheter-un-vehicule-tout-terrain\/\" \/>\n<meta property=\"og:site_name\" content=\"Official Mont Tremblant\" \/>\n<meta property=\"article:modified_time\" content=\"2025-07-29T15:34:46+00:00\" \/>\n<meta property=\"og:image\" content=\"https:\/\/officialmonttremblant.com\/wp-content\/uploads\/2022\/09\/buy-ATV.webp\" \/>\n\t<meta property=\"og:image:width\" content=\"1500\" \/>\n\t<meta property=\"og:image:height\" content=\"627\" \/>\n\t<meta property=\"og:image:type\" content=\"image\/webp\" \/>\n<meta name=\"twitter:card\" content=\"summary_large_image\" \/>\n<meta name=\"twitter:label1\" content=\"Dur\u00e9e de lecture estim\u00e9e\" \/>\n\t<meta name=\"twitter:data1\" content=\"2 minutes\" \/>\n<script type=\"application\/ld+json\" class=\"yoast-schema-graph\">{\"@context\":\"https:\/\/schema.org\",\"@graph\":[{\"@type\":\"WebPage\",\"@id\":\"https:\/\/officialmonttremblant.com\/fr\/activites\/activites-d-ete\/vehicules-tout-terrain\/acheter-un-vehicule-tout-terrain\/\",\"url\":\"https:\/\/officialmonttremblant.com\/fr\/activites\/activites-d-ete\/vehicules-tout-terrain\/acheter-un-vehicule-tout-terrain\/\",\"name\":\"Acheter un v\u00e9hicule tout-terrain \u00e0 Tremblant, activit\u00e9s \u00e0 Tremblant\",\"isPartOf\":{\"@id\":\"https:\/\/officialmonttremblant.com\/fr\/#website\"},\"primaryImageOfPage\":{\"@id\":\"https:\/\/officialmonttremblant.com\/fr\/activites\/activites-d-ete\/vehicules-tout-terrain\/acheter-un-vehicule-tout-terrain\/#primaryimage\"},\"image\":{\"@id\":\"https:\/\/officialmonttremblant.com\/fr\/activites\/activites-d-ete\/vehicules-tout-terrain\/acheter-un-vehicule-tout-terrain\/#primaryimage\"},\"thumbnailUrl\":\"https:\/\/officialmonttremblant.com\/wp-content\/uploads\/2022\/09\/buy-ATV.webp\",\"datePublished\":\"2022-09-27T17:10:02+00:00\",\"dateModified\":\"2025-07-29T15:34:46+00:00\",\"description\":\"Official Mont-Tremblant vous apporte plus d'information sur les activit\u00e9s \u00e0 Tremblant dont o\u00f9 acheter un v\u00e9hicule tout-terrain \u00e0 Tremblant.\",\"breadcrumb\":{\"@id\":\"https:\/\/officialmonttremblant.com\/fr\/activites\/activites-d-ete\/vehicules-tout-terrain\/acheter-un-vehicule-tout-terrain\/#breadcrumb\"},\"inLanguage\":\"fr-FR\",\"potentialAction\":[{\"@type\":\"ReadAction\",\"target\":[\"https:\/\/officialmonttremblant.com\/fr\/activites\/activites-d-ete\/vehicules-tout-terrain\/acheter-un-vehicule-tout-terrain\/\"]}]},{\"@type\":\"ImageObject\",\"inLanguage\":\"fr-FR\",\"@id\":\"https:\/\/officialmonttremblant.com\/fr\/activites\/activites-d-ete\/vehicules-tout-terrain\/acheter-un-vehicule-tout-terrain\/#primaryimage\",\"url\":\"https:\/\/officialmonttremblant.com\/wp-content\/uploads\/2022\/09\/buy-ATV.webp\",\"contentUrl\":\"https:\/\/officialmonttremblant.com\/wp-content\/uploads\/2022\/09\/buy-ATV.webp\",\"width\":1500,\"height\":627,\"caption\":\"Buy ATV\"},{\"@type\":\"BreadcrumbList\",\"@id\":\"https:\/\/officialmonttremblant.com\/fr\/activites\/activites-d-ete\/vehicules-tout-terrain\/acheter-un-vehicule-tout-terrain\/#breadcrumb\",\"itemListElement\":[{\"@type\":\"ListItem\",\"position\":1,\"name\":\"Home\",\"item\":\"https:\/\/officialmonttremblant.com\/fr\/\"},{\"@type\":\"ListItem\",\"position\":2,\"name\":\"Activit\u00e9s\",\"item\":\"https:\/\/officialmonttremblant.com\/fr\/activites\/\"},{\"@type\":\"ListItem\",\"position\":3,\"name\":\"Activit\u00e9s d&#8217;\u00e9t\u00e9\",\"item\":\"https:\/\/officialmonttremblant.com\/fr\/activites\/activites-d-ete\/\"},{\"@type\":\"ListItem\",\"position\":4,\"name\":\"V\u00e9hicules tout-terrain\",\"item\":\"https:\/\/officialmonttremblant.com\/fr\/activites\/activites-d-ete\/vehicules-tout-terrain\/\"},{\"@type\":\"ListItem\",\"position\":5,\"name\":\"Acheter un v\u00e9hicule tout terrain\"}]},{\"@type\":\"WebSite\",\"@id\":\"https:\/\/officialmonttremblant.com\/fr\/#website\",\"url\":\"https:\/\/officialmonttremblant.com\/fr\/\",\"name\":\"Official Mont Tremblant\",\"description\":\"Vacation &amp; tourist guide in Mont Tremblant\",\"potentialAction\":[{\"@type\":\"SearchAction\",\"target\":{\"@type\":\"EntryPoint\",\"urlTemplate\":\"https:\/\/officialmonttremblant.com\/fr\/?s={search_term_string}\"},\"query-input\":{\"@type\":\"PropertyValueSpecification\",\"valueRequired\":true,\"valueName\":\"search_term_string\"}}],\"inLanguage\":\"fr-FR\"}]}<\/script>\n<!-- \/ Yoast SEO Premium plugin. -->","yoast_head_json":{"title":"Acheter un v\u00e9hicule tout-terrain \u00e0 Tremblant, activit\u00e9s \u00e0 Tremblant","description":"Official Mont-Tremblant vous apporte plus d'information sur les activit\u00e9s \u00e0 Tremblant dont o\u00f9 acheter un v\u00e9hicule tout-terrain \u00e0 Tremblant.","robots":{"index":"index","follow":"follow","max-snippet":"max-snippet:-1","max-image-preview":"max-image-preview:large","max-video-preview":"max-video-preview:-1"},"canonical":"https:\/\/officialmonttremblant.com\/fr\/activites\/activites-d-ete\/vehicules-tout-terrain\/acheter-un-vehicule-tout-terrain\/","og_locale":"fr_FR","og_type":"article","og_title":"Acheter un v\u00e9hicule tout terrain","og_description":"Official Mont-Tremblant vous apporte plus d'information sur les activit\u00e9s \u00e0 Tremblant dont o\u00f9 acheter un v\u00e9hicule tout-terrain \u00e0 Tremblant.","og_url":"https:\/\/officialmonttremblant.com\/fr\/activites\/activites-d-ete\/vehicules-tout-terrain\/acheter-un-vehicule-tout-terrain\/","og_site_name":"Official Mont Tremblant","article_modified_time":"2025-07-29T15:34:46+00:00","og_image":[{"width":1500,"height":627,"url":"https:\/\/officialmonttremblant.com\/wp-content\/uploads\/2022\/09\/buy-ATV.webp","type":"image\/webp"}],"twitter_card":"summary_large_image","twitter_misc":{"Dur\u00e9e de lecture estim\u00e9e":"2 minutes"},"schema":{"@context":"https:\/\/schema.org","@graph":[{"@type":"WebPage","@id":"https:\/\/officialmonttremblant.com\/fr\/activites\/activites-d-ete\/vehicules-tout-terrain\/acheter-un-vehicule-tout-terrain\/","url":"https:\/\/officialmonttremblant.com\/fr\/activites\/activites-d-ete\/vehicules-tout-terrain\/acheter-un-vehicule-tout-terrain\/","name":"Acheter un v\u00e9hicule tout-terrain \u00e0 Tremblant, activit\u00e9s \u00e0 Tremblant","isPartOf":{"@id":"https:\/\/officialmonttremblant.com\/fr\/#website"},"primaryImageOfPage":{"@id":"https:\/\/officialmonttremblant.com\/fr\/activites\/activites-d-ete\/vehicules-tout-terrain\/acheter-un-vehicule-tout-terrain\/#primaryimage"},"image":{"@id":"https:\/\/officialmonttremblant.com\/fr\/activites\/activites-d-ete\/vehicules-tout-terrain\/acheter-un-vehicule-tout-terrain\/#primaryimage"},"thumbnailUrl":"https:\/\/officialmonttremblant.com\/wp-content\/uploads\/2022\/09\/buy-ATV.webp","datePublished":"2022-09-27T17:10:02+00:00","dateModified":"2025-07-29T15:34:46+00:00","description":"Official Mont-Tremblant vous apporte plus d'information sur les activit\u00e9s \u00e0 Tremblant dont o\u00f9 acheter un v\u00e9hicule tout-terrain \u00e0 Tremblant.","breadcrumb":{"@id":"https:\/\/officialmonttremblant.com\/fr\/activites\/activites-d-ete\/vehicules-tout-terrain\/acheter-un-vehicule-tout-terrain\/#breadcrumb"},"inLanguage":"fr-FR","potentialAction":[{"@type":"ReadAction","target":["https:\/\/officialmonttremblant.com\/fr\/activites\/activites-d-ete\/vehicules-tout-terrain\/acheter-un-vehicule-tout-terrain\/"]}]},{"@type":"ImageObject","inLanguage":"fr-FR","@id":"https:\/\/officialmonttremblant.com\/fr\/activites\/activites-d-ete\/vehicules-tout-terrain\/acheter-un-vehicule-tout-terrain\/#primaryimage","url":"https:\/\/officialmonttremblant.com\/wp-content\/uploads\/2022\/09\/buy-ATV.webp","contentUrl":"https:\/\/officialmonttremblant.com\/wp-content\/uploads\/2022\/09\/buy-ATV.webp","width":1500,"height":627,"caption":"Buy ATV"},{"@type":"BreadcrumbList","@id":"https:\/\/officialmonttremblant.com\/fr\/activites\/activites-d-ete\/vehicules-tout-terrain\/acheter-un-vehicule-tout-terrain\/#breadcrumb","itemListElement":[{"@type":"ListItem","position":1,"name":"Home","item":"https:\/\/officialmonttremblant.com\/fr\/"},{"@type":"ListItem","position":2,"name":"Activit\u00e9s","item":"https:\/\/officialmonttremblant.com\/fr\/activites\/"},{"@type":"ListItem","position":3,"name":"Activit\u00e9s d&#8217;\u00e9t\u00e9","item":"https:\/\/officialmonttremblant.com\/fr\/activites\/activites-d-ete\/"},{"@type":"ListItem","position":4,"name":"V\u00e9hicules tout-terrain","item":"https:\/\/officialmonttremblant.com\/fr\/activites\/activites-d-ete\/vehicules-tout-terrain\/"},{"@type":"ListItem","position":5,"name":"Acheter un v\u00e9hicule tout terrain"}]},{"@type":"WebSite","@id":"https:\/\/officialmonttremblant.com\/fr\/#website","url":"https:\/\/officialmonttremblant.com\/fr\/","name":"Official Mont Tremblant","description":"Vacation &amp; tourist guide in Mont Tremblant","potentialAction":[{"@type":"SearchAction","target":{"@type":"EntryPoint","urlTemplate":"https:\/\/officialmonttremblant.com\/fr\/?s={search_term_string}"},"query-input":{"@type":"PropertyValueSpecification","valueRequired":true,"valueName":"search_term_string"}}],"inLanguage":"fr-FR"}]}},"jetpack_sharing_enabled":true,"_links":{"self":[{"href":"https:\/\/officialmonttremblant.com\/fr\/wp-json\/wp\/v2\/pages\/25379","targetHints":{"allow":["GET"]}}],"collection":[{"href":"https:\/\/officialmonttremblant.com\/fr\/wp-json\/wp\/v2\/pages"}],"about":[{"href":"https:\/\/officialmonttremblant.com\/fr\/wp-json\/wp\/v2\/types\/page"}],"author":[{"embeddable":true,"href":"https:\/\/officialmonttremblant.com\/fr\/wp-json\/wp\/v2\/users\/5"}],"replies":[{"embeddable":true,"href":"https:\/\/officialmonttremblant.com\/fr\/wp-json\/wp\/v2\/comments?post=25379"}],"version-history":[{"count":3,"href":"https:\/\/officialmonttremblant.com\/fr\/wp-json\/wp\/v2\/pages\/25379\/revisions"}],"predecessor-version":[{"id":25878,"href":"https:\/\/officialmonttremblant.com\/fr\/wp-json\/wp\/v2\/pages\/25379\/revisions\/25878"}],"up":[{"embeddable":true,"href":"https:\/\/officialmonttremblant.com\/fr\/wp-json\/wp\/v2\/pages\/24734"}],"wp:featuredmedia":[{"embeddable":true,"href":"https:\/\/officialmonttremblant.com\/fr\/wp-json\/wp\/v2\/media\/23402"}],"wp:attachment":[{"href":"https:\/\/officialmonttremblant.com\/fr\/wp-json\/wp\/v2\/media?parent=25379"}],"curies":[{"name":"wp","href":"https:\/\/api.w.org\/{rel}","templated":true}]}}