{"id":25381,"date":"2022-09-27T15:33:02","date_gmt":"2022-09-27T19:33:02","guid":{"rendered":"https:\/\/officialmonttremblant.com\/activites\/activites-d-ete\/vehicules-tout-terrain\/atv-equipment-and-safety\/"},"modified":"2025-07-29T11:34:33","modified_gmt":"2025-07-29T15:34:33","slug":"equipements-et-secutite","status":"publish","type":"page","link":"https:\/\/officialmonttremblant.com\/fr\/activites\/activites-d-ete\/vehicules-tout-terrain\/equipements-et-secutite\/","title":{"rendered":"Equipements et s\u00e9curit\u00e9"},"content":{"rendered":"<p>[vc_row][vc_column]<div id=\"ultimate-heading-594769d37100b0038\" class=\"uvc-heading ult-adjust-bottom-margin ultimate-heading-594769d37100b0038 uvc-7181  uvc-heading-default-font-sizes\" data-hspacer=\"no_spacer\"  data-halign=\"left\" style=\"text-align:left\"><div class=\"uvc-heading-spacer no_spacer\" style=\"top\"><\/div><div class=\"uvc-main-heading ult-responsive\"  data-ultimate-target='.uvc-heading.ultimate-heading-594769d37100b0038 h2'  data-responsive-json-new='{\"font-size\":\"\",\"line-height\":\"\"}' ><h2 style=\"--font-weight:theme;\">S\u00e9curit\u00e9 en VTT \u00e0 Tremblant<\/h2><\/div><div class=\"uvc-sub-heading ult-responsive\"  data-ultimate-target='.uvc-heading.ultimate-heading-594769d37100b0038 .uvc-sub-heading '  data-responsive-json-new='{\"font-size\":\"\",\"line-height\":\"\"}'  style=\"font-weight:normal;\">Official Mont-Tremblant vous apporte plus d&rsquo;informations sur les activit\u00e9s d&rsquo;\u00e9t\u00e9 \u00e0 Tremblant dont les r\u00e8gles de s\u00e9curit\u00e9 des VTT \u00e0 Tremblant.<\/p>\n<p><span style=\"font-weight: 400;\">Si vous pr\u00e9voyez faire du Quad\/ VTT lors de votre s\u00e9jour \u00e0 Mont Tremblant, vous devez\u00a0 TOUJOURS porter <\/span><b>un casque, des lunettes de protection, des gants, un pantalon long, une chemise ou une veste \u00e0 manches longues et des cuissardes<\/b><span style=\"font-weight: 400;\">.Il s\u2019agit l\u00e0 de la protection minimale. <\/span><span style=\"font-weight: 400;\">Bien qu&rsquo;une protection compl\u00e8te ne soit pas possible, savoir quoi porter et comment le porter peut vous permettre de vous sentir plus \u00e0 l&rsquo;aise lorsque vous roulez et\u00a0 r\u00e9duire les risques de blessures.\u00a0<\/span><\/p>\n<p><span style=\"font-weight: 400;\">Official Mont Tremblant rappelle ici\u00a0 quels sont les \u00e9quipements requis pour rouler en VTT \u00e0 Mont Tremblant, et quelles sont les r\u00e8gles de s\u00e9curit\u00e9.\u00a0<\/span><\/p>\n<ul>\n<li><span style=\"font-weight: 400;\">Ne conduisez jamais un VTT ou ne montez jamais en tant que passager sans un casque de moto de qualit\u00e9, une protection oculaire, des bottes, des gants, un pantalon long et une chemise ou une veste \u00e0 manches longues.<\/span><\/li>\n<li>Pour votre s\u00e9curit\u00e9, portez toujours un casque et d&rsquo;autres \u00e9quipements de protection.<\/li>\n<li>Ne roulez jamais sur la voie publique \u2013 un autre v\u00e9hicule pourrait vous heurter.<\/li>\n<li>Ne roulez jamais sous l&rsquo;influence de l&rsquo;alcool ou d&rsquo;autres drogues.<\/li>\n<li>Ne transportez jamais un passager sur un v\u00e9hicule \u00e0 passager unique.<\/li>\n<li>Conduisez un VTT adapt\u00e9 \u00e0 votre \u00e2ge.<\/li>\n<li>Superviser les conducteursde moins de 16\u00a0ans\u00a0; Les VTT ne sont pas des jouets.<\/li>\n<li>Roulez uniquement sur les sentiers d\u00e9sign\u00e9s et \u00e0 une vitesse s\u00e9curitaire.<\/li>\n<\/ul>\n<p><\/div><\/div>[\/vc_column][\/vc_row][vc_row][vc_column][vc_empty_space height=\u00a0\u00bb60px\u00a0\u00bb][\/vc_column][\/vc_row][vc_row][vc_column][vc_single_image image=\u00a0\u00bb23412&Prime; img_size=\u00a0\u00bb600&#215;400&Prime; alignment=\u00a0\u00bbcenter\u00a0\u00bb][\/vc_column][\/vc_row]<\/p>\n","protected":false},"excerpt":{"rendered":"<p>[vc_row][vc_column][\/vc_column][\/vc_row][vc_row][vc_column][vc_empty_space height=\u00a0\u00bb60px\u00a0\u00bb][\/vc_column][\/vc_row][vc_row][vc_column][vc_single_image image=\u00a0\u00bb23412&Prime; img_size=\u00a0\u00bb600&#215;400&Prime; alignment=\u00a0\u00bbcenter\u00a0\u00bb][\/vc_column][\/vc_row]<\/p>\n","protected":false},"author":5,"featured_media":23517,"parent":24734,"menu_order":0,"comment_status":"closed","ping_status":"closed","template":"","meta":{"footnotes":""},"class_list":["post-25381","page","type-page","status-publish","has-post-thumbnail","hentry","description-off"],"yoast_head":"<!-- This site is optimized with the Yoast SEO Premium plugin v26.5 (Yoast SEO v26.5) - https:\/\/yoast.com\/wordpress\/plugins\/seo\/ -->\n<title>S\u00e9curit\u00e9 en VTT \u00e0 Tremblant, activit\u00e9s d&#039;\u00e9t\u00e9 \u00e0 Tremblant<\/title>\n<meta name=\"description\" content=\"Official Mont-Tremblant vous apporte plus d&#039;informations sur les activit\u00e9s d&#039;\u00e9t\u00e9 \u00e0 Tremblant dont les r\u00e8gles de s\u00e9curit\u00e9 en VTT \u00e0 Tremblant.\" \/>\n<meta name=\"robots\" content=\"index, follow, max-snippet:-1, max-image-preview:large, max-video-preview:-1\" \/>\n<link rel=\"canonical\" href=\"https:\/\/officialmonttremblant.com\/fr\/activites\/activites-d-ete\/vehicules-tout-terrain\/equipements-et-secutite\/\" \/>\n<meta property=\"og:locale\" content=\"fr_FR\" \/>\n<meta property=\"og:type\" content=\"article\" \/>\n<meta property=\"og:title\" content=\"Equipements et s\u00e9curit\u00e9\" \/>\n<meta property=\"og:description\" content=\"Official Mont-Tremblant vous apporte plus d&#039;informations sur les activit\u00e9s d&#039;\u00e9t\u00e9 \u00e0 Tremblant dont les r\u00e8gles de s\u00e9curit\u00e9 en VTT \u00e0 Tremblant.\" \/>\n<meta property=\"og:url\" content=\"https:\/\/officialmonttremblant.com\/fr\/activites\/activites-d-ete\/vehicules-tout-terrain\/equipements-et-secutite\/\" \/>\n<meta property=\"og:site_name\" content=\"Official Mont Tremblant\" \/>\n<meta property=\"article:modified_time\" content=\"2025-07-29T15:34:33+00:00\" \/>\n<meta property=\"og:image\" content=\"https:\/\/officialmonttremblant.com\/wp-content\/uploads\/2022\/09\/atv-safety-transformed.jpeg\" \/>\n\t<meta property=\"og:image:width\" content=\"1023\" \/>\n\t<meta property=\"og:image:height\" content=\"683\" \/>\n\t<meta property=\"og:image:type\" content=\"image\/jpeg\" \/>\n<meta name=\"twitter:card\" content=\"summary_large_image\" \/>\n<meta name=\"twitter:label1\" content=\"Dur\u00e9e de lecture estim\u00e9e\" \/>\n\t<meta name=\"twitter:data1\" content=\"2 minutes\" \/>\n<script type=\"application\/ld+json\" class=\"yoast-schema-graph\">{\"@context\":\"https:\/\/schema.org\",\"@graph\":[{\"@type\":\"WebPage\",\"@id\":\"https:\/\/officialmonttremblant.com\/fr\/activites\/activites-d-ete\/vehicules-tout-terrain\/equipements-et-secutite\/\",\"url\":\"https:\/\/officialmonttremblant.com\/fr\/activites\/activites-d-ete\/vehicules-tout-terrain\/equipements-et-secutite\/\",\"name\":\"S\u00e9curit\u00e9 en VTT \u00e0 Tremblant, activit\u00e9s d'\u00e9t\u00e9 \u00e0 Tremblant\",\"isPartOf\":{\"@id\":\"https:\/\/officialmonttremblant.com\/fr\/#website\"},\"primaryImageOfPage\":{\"@id\":\"https:\/\/officialmonttremblant.com\/fr\/activites\/activites-d-ete\/vehicules-tout-terrain\/equipements-et-secutite\/#primaryimage\"},\"image\":{\"@id\":\"https:\/\/officialmonttremblant.com\/fr\/activites\/activites-d-ete\/vehicules-tout-terrain\/equipements-et-secutite\/#primaryimage\"},\"thumbnailUrl\":\"https:\/\/officialmonttremblant.com\/wp-content\/uploads\/2022\/09\/atv-safety-transformed.jpeg\",\"datePublished\":\"2022-09-27T19:33:02+00:00\",\"dateModified\":\"2025-07-29T15:34:33+00:00\",\"description\":\"Official Mont-Tremblant vous apporte plus d'informations sur les activit\u00e9s d'\u00e9t\u00e9 \u00e0 Tremblant dont les r\u00e8gles de s\u00e9curit\u00e9 en VTT \u00e0 Tremblant.\",\"breadcrumb\":{\"@id\":\"https:\/\/officialmonttremblant.com\/fr\/activites\/activites-d-ete\/vehicules-tout-terrain\/equipements-et-secutite\/#breadcrumb\"},\"inLanguage\":\"fr-FR\",\"potentialAction\":[{\"@type\":\"ReadAction\",\"target\":[\"https:\/\/officialmonttremblant.com\/fr\/activites\/activites-d-ete\/vehicules-tout-terrain\/equipements-et-secutite\/\"]}]},{\"@type\":\"ImageObject\",\"inLanguage\":\"fr-FR\",\"@id\":\"https:\/\/officialmonttremblant.com\/fr\/activites\/activites-d-ete\/vehicules-tout-terrain\/equipements-et-secutite\/#primaryimage\",\"url\":\"https:\/\/officialmonttremblant.com\/wp-content\/uploads\/2022\/09\/atv-safety-transformed.jpeg\",\"contentUrl\":\"https:\/\/officialmonttremblant.com\/wp-content\/uploads\/2022\/09\/atv-safety-transformed.jpeg\",\"width\":1023,\"height\":683},{\"@type\":\"BreadcrumbList\",\"@id\":\"https:\/\/officialmonttremblant.com\/fr\/activites\/activites-d-ete\/vehicules-tout-terrain\/equipements-et-secutite\/#breadcrumb\",\"itemListElement\":[{\"@type\":\"ListItem\",\"position\":1,\"name\":\"Home\",\"item\":\"https:\/\/officialmonttremblant.com\/fr\/\"},{\"@type\":\"ListItem\",\"position\":2,\"name\":\"Activit\u00e9s\",\"item\":\"https:\/\/officialmonttremblant.com\/fr\/activites\/\"},{\"@type\":\"ListItem\",\"position\":3,\"name\":\"Activit\u00e9s d&#8217;\u00e9t\u00e9\",\"item\":\"https:\/\/officialmonttremblant.com\/fr\/activites\/activites-d-ete\/\"},{\"@type\":\"ListItem\",\"position\":4,\"name\":\"V\u00e9hicules tout-terrain\",\"item\":\"https:\/\/officialmonttremblant.com\/fr\/activites\/activites-d-ete\/vehicules-tout-terrain\/\"},{\"@type\":\"ListItem\",\"position\":5,\"name\":\"Equipements et s\u00e9curit\u00e9\"}]},{\"@type\":\"WebSite\",\"@id\":\"https:\/\/officialmonttremblant.com\/fr\/#website\",\"url\":\"https:\/\/officialmonttremblant.com\/fr\/\",\"name\":\"Official Mont Tremblant\",\"description\":\"Vacation &amp; tourist guide in Mont Tremblant\",\"potentialAction\":[{\"@type\":\"SearchAction\",\"target\":{\"@type\":\"EntryPoint\",\"urlTemplate\":\"https:\/\/officialmonttremblant.com\/fr\/?s={search_term_string}\"},\"query-input\":{\"@type\":\"PropertyValueSpecification\",\"valueRequired\":true,\"valueName\":\"search_term_string\"}}],\"inLanguage\":\"fr-FR\"}]}<\/script>\n<!-- \/ Yoast SEO Premium plugin. -->","yoast_head_json":{"title":"S\u00e9curit\u00e9 en VTT \u00e0 Tremblant, activit\u00e9s d'\u00e9t\u00e9 \u00e0 Tremblant","description":"Official Mont-Tremblant vous apporte plus d'informations sur les activit\u00e9s d'\u00e9t\u00e9 \u00e0 Tremblant dont les r\u00e8gles de s\u00e9curit\u00e9 en VTT \u00e0 Tremblant.","robots":{"index":"index","follow":"follow","max-snippet":"max-snippet:-1","max-image-preview":"max-image-preview:large","max-video-preview":"max-video-preview:-1"},"canonical":"https:\/\/officialmonttremblant.com\/fr\/activites\/activites-d-ete\/vehicules-tout-terrain\/equipements-et-secutite\/","og_locale":"fr_FR","og_type":"article","og_title":"Equipements et s\u00e9curit\u00e9","og_description":"Official Mont-Tremblant vous apporte plus d'informations sur les activit\u00e9s d'\u00e9t\u00e9 \u00e0 Tremblant dont les r\u00e8gles de s\u00e9curit\u00e9 en VTT \u00e0 Tremblant.","og_url":"https:\/\/officialmonttremblant.com\/fr\/activites\/activites-d-ete\/vehicules-tout-terrain\/equipements-et-secutite\/","og_site_name":"Official Mont Tremblant","article_modified_time":"2025-07-29T15:34:33+00:00","og_image":[{"width":1023,"height":683,"url":"https:\/\/officialmonttremblant.com\/wp-content\/uploads\/2022\/09\/atv-safety-transformed.jpeg","type":"image\/jpeg"}],"twitter_card":"summary_large_image","twitter_misc":{"Dur\u00e9e de lecture estim\u00e9e":"2 minutes"},"schema":{"@context":"https:\/\/schema.org","@graph":[{"@type":"WebPage","@id":"https:\/\/officialmonttremblant.com\/fr\/activites\/activites-d-ete\/vehicules-tout-terrain\/equipements-et-secutite\/","url":"https:\/\/officialmonttremblant.com\/fr\/activites\/activites-d-ete\/vehicules-tout-terrain\/equipements-et-secutite\/","name":"S\u00e9curit\u00e9 en VTT \u00e0 Tremblant, activit\u00e9s d'\u00e9t\u00e9 \u00e0 Tremblant","isPartOf":{"@id":"https:\/\/officialmonttremblant.com\/fr\/#website"},"primaryImageOfPage":{"@id":"https:\/\/officialmonttremblant.com\/fr\/activites\/activites-d-ete\/vehicules-tout-terrain\/equipements-et-secutite\/#primaryimage"},"image":{"@id":"https:\/\/officialmonttremblant.com\/fr\/activites\/activites-d-ete\/vehicules-tout-terrain\/equipements-et-secutite\/#primaryimage"},"thumbnailUrl":"https:\/\/officialmonttremblant.com\/wp-content\/uploads\/2022\/09\/atv-safety-transformed.jpeg","datePublished":"2022-09-27T19:33:02+00:00","dateModified":"2025-07-29T15:34:33+00:00","description":"Official Mont-Tremblant vous apporte plus d'informations sur les activit\u00e9s d'\u00e9t\u00e9 \u00e0 Tremblant dont les r\u00e8gles de s\u00e9curit\u00e9 en VTT \u00e0 Tremblant.","breadcrumb":{"@id":"https:\/\/officialmonttremblant.com\/fr\/activites\/activites-d-ete\/vehicules-tout-terrain\/equipements-et-secutite\/#breadcrumb"},"inLanguage":"fr-FR","potentialAction":[{"@type":"ReadAction","target":["https:\/\/officialmonttremblant.com\/fr\/activites\/activites-d-ete\/vehicules-tout-terrain\/equipements-et-secutite\/"]}]},{"@type":"ImageObject","inLanguage":"fr-FR","@id":"https:\/\/officialmonttremblant.com\/fr\/activites\/activites-d-ete\/vehicules-tout-terrain\/equipements-et-secutite\/#primaryimage","url":"https:\/\/officialmonttremblant.com\/wp-content\/uploads\/2022\/09\/atv-safety-transformed.jpeg","contentUrl":"https:\/\/officialmonttremblant.com\/wp-content\/uploads\/2022\/09\/atv-safety-transformed.jpeg","width":1023,"height":683},{"@type":"BreadcrumbList","@id":"https:\/\/officialmonttremblant.com\/fr\/activites\/activites-d-ete\/vehicules-tout-terrain\/equipements-et-secutite\/#breadcrumb","itemListElement":[{"@type":"ListItem","position":1,"name":"Home","item":"https:\/\/officialmonttremblant.com\/fr\/"},{"@type":"ListItem","position":2,"name":"Activit\u00e9s","item":"https:\/\/officialmonttremblant.com\/fr\/activites\/"},{"@type":"ListItem","position":3,"name":"Activit\u00e9s d&#8217;\u00e9t\u00e9","item":"https:\/\/officialmonttremblant.com\/fr\/activites\/activites-d-ete\/"},{"@type":"ListItem","position":4,"name":"V\u00e9hicules tout-terrain","item":"https:\/\/officialmonttremblant.com\/fr\/activites\/activites-d-ete\/vehicules-tout-terrain\/"},{"@type":"ListItem","position":5,"name":"Equipements et s\u00e9curit\u00e9"}]},{"@type":"WebSite","@id":"https:\/\/officialmonttremblant.com\/fr\/#website","url":"https:\/\/officialmonttremblant.com\/fr\/","name":"Official Mont Tremblant","description":"Vacation &amp; tourist guide in Mont Tremblant","potentialAction":[{"@type":"SearchAction","target":{"@type":"EntryPoint","urlTemplate":"https:\/\/officialmonttremblant.com\/fr\/?s={search_term_string}"},"query-input":{"@type":"PropertyValueSpecification","valueRequired":true,"valueName":"search_term_string"}}],"inLanguage":"fr-FR"}]}},"jetpack_sharing_enabled":true,"_links":{"self":[{"href":"https:\/\/officialmonttremblant.com\/fr\/wp-json\/wp\/v2\/pages\/25381","targetHints":{"allow":["GET"]}}],"collection":[{"href":"https:\/\/officialmonttremblant.com\/fr\/wp-json\/wp\/v2\/pages"}],"about":[{"href":"https:\/\/officialmonttremblant.com\/fr\/wp-json\/wp\/v2\/types\/page"}],"author":[{"embeddable":true,"href":"https:\/\/officialmonttremblant.com\/fr\/wp-json\/wp\/v2\/users\/5"}],"replies":[{"embeddable":true,"href":"https:\/\/officialmonttremblant.com\/fr\/wp-json\/wp\/v2\/comments?post=25381"}],"version-history":[{"count":3,"href":"https:\/\/officialmonttremblant.com\/fr\/wp-json\/wp\/v2\/pages\/25381\/revisions"}],"predecessor-version":[{"id":25894,"href":"https:\/\/officialmonttremblant.com\/fr\/wp-json\/wp\/v2\/pages\/25381\/revisions\/25894"}],"up":[{"embeddable":true,"href":"https:\/\/officialmonttremblant.com\/fr\/wp-json\/wp\/v2\/pages\/24734"}],"wp:featuredmedia":[{"embeddable":true,"href":"https:\/\/officialmonttremblant.com\/fr\/wp-json\/wp\/v2\/media\/23517"}],"wp:attachment":[{"href":"https:\/\/officialmonttremblant.com\/fr\/wp-json\/wp\/v2\/media?parent=25381"}],"curies":[{"name":"wp","href":"https:\/\/api.w.org\/{rel}","templated":true}]}}