{"id":25382,"date":"2022-07-26T11:13:39","date_gmt":"2022-07-26T15:13:39","guid":{"rendered":"https:\/\/officialmonttremblant.com\/activites\/indoor-actvities\/artist-studio\/"},"modified":"2025-07-29T11:25:01","modified_gmt":"2025-07-29T15:25:01","slug":"galeries-d-art","status":"publish","type":"page","link":"https:\/\/officialmonttremblant.com\/fr\/activites\/activites-d-interieur\/galeries-d-art\/","title":{"rendered":"Galeries d&rsquo;art"},"content":{"rendered":"<p>[vc_row][vc_column]<div id=\"ultimate-heading-793869f0e7fbcb31d\" class=\"uvc-heading ult-adjust-bottom-margin ultimate-heading-793869f0e7fbcb31d uvc-6522  uvc-heading-default-font-sizes\" data-hspacer=\"no_spacer\"  data-halign=\"left\" style=\"text-align:left\"><div class=\"uvc-heading-spacer no_spacer\" style=\"top\"><\/div><div class=\"uvc-main-heading ult-responsive\"  data-ultimate-target='.uvc-heading.ultimate-heading-793869f0e7fbcb31d h2'  data-responsive-json-new='{\"font-size\":\"\",\"line-height\":\"\"}' ><h2 style=\"--font-weight:theme;\">Galeries d'art \u00e0 Mont-Tremblant<\/h2><\/div><div class=\"uvc-sub-heading ult-responsive\"  data-ultimate-target='.uvc-heading.ultimate-heading-793869f0e7fbcb31d .uvc-sub-heading '  data-responsive-json-new='{\"font-size\":\"\",\"line-height\":\"\"}'  style=\"font-weight:normal;\"><\/p>\n<p><span style=\"font-weight: 400;\">Official Mont-Tremblant vous donne plus d&rsquo;informations sur les activit\u00e9s d&rsquo;int\u00e9rieur \u00e0 Tremblant dont les galeries d&rsquo;art \u00e0 Mont-Tremblant.<\/span><\/p>\n<p><span style=\"font-weight: 400;\">Les galeries d&rsquo;art et les studios de Mont Tremblant repr\u00e9sentent une grande vari\u00e9t\u00e9 d&rsquo;\u0153uvres d&rsquo;artistes \u00e9mergents et contemporains. Vous trouverez \u00e9galement de l&rsquo;art occidental, de la photographie d&rsquo;art, de la peinture, des estampes, de la sculpture\u2026 Mont Tremblant a une communaut\u00e9 artistique florissante.\u00a0<\/span><span style=\"font-weight: 400;\">Official Mont Tremblant a s\u00e9lectionn\u00e9 pour vous les meilleures galeries et studios \u00e0 Mont Tremblant.<\/span><\/p>\n<p>&nbsp;<\/p>\n<p><strong>GALERIE D\u2019ART COOPER WILSON<\/strong><\/p>\n<p><span style=\"font-weight: 400;\">Galerie d\u2019Art unique tenue par Michet et Sylvie,\u00a0 regroupant des artistes locaux et de renomm\u00e9e internationale, situ\u00e9e au coeur du centre-ville de Mont-Tremblant.<\/span><\/p>\n<p><span style=\"font-weight: 400;\">Heures d\u2019ouverture:\u00a0<\/span><span style=\"font-weight: 400;\">Lundi : 10-17 h \u00a0&#8211;\u00a0<\/span><span style=\"font-weight: 400;\">Mardi : Sur appel &#8211;\u00a0<\/span><span style=\"font-weight: 400;\">Mercredi : Sur appel &#8211;\u00a0<\/span><span style=\"font-weight: 400;\">Jeudi : 10-17 h &#8211;\u00a0<\/span><span style=\"font-weight: 400;\">Vendredi : 10-17 h &#8211;\u00a0<\/span><span style=\"font-weight: 400;\">Samedi : 10-17 h &#8211;\u00a0<\/span><span style=\"font-weight: 400;\">Dimanche : 10-17 h<\/span><\/p>\n<p>&nbsp;<\/p>\n<p style=\"text-align: center;\"><strong>Galerie d\u2019Art Cooper Wilson<\/strong><\/p>\n<p style=\"text-align: center;\"><strong>806 Rue de Saint Jovite\u00a0<\/strong><\/p>\n<p style=\"text-align: center;\"><strong>Mont-Tremblant, Qu\u00e9bec, J8E 3J8<\/strong><\/p>\n<p style=\"text-align: center;\"><strong>819 425 1389<\/strong><\/p>\n<p>&nbsp;<\/p>\n<p><strong>STUDIO MERCIER GALLERY<\/strong><\/p>\n<p><span style=\"font-weight: 400;\">La galerie atelier Mercier expose l&rsquo;artiste Jos\u00e9e Desharnais, qui vit et peint \u00e0 Mont Tremblant. Elle est une peintre contemporaine d&rsquo;influence r\u00e9aliste, fascin\u00e9e par l&rsquo;impact de chaque saison sur la nature et la faune.<\/span><\/p>\n<p style=\"text-align: center;\"><strong>Place de la Gare<\/strong><\/p>\n<p style=\"text-align: center;\"><strong>Galerie et Studio<\/strong><\/p>\n<p style=\"text-align: center;\"><strong>1886 Chemin du Village<\/strong><\/p>\n<p style=\"text-align: center;\"><strong>Mont-Tremblant, Qc<\/strong><\/p>\n<p style=\"text-align: center;\"><strong>J8E 1J8<\/strong><\/p>\n<p style=\"text-align: center;\"><strong>819-219-0349<\/strong><\/p>\n<p>&nbsp;<\/p>\n<p><strong>GALERIE D\u2019ART C\u00d4T\u00c9 CR\u00c9ATION<\/strong><\/p>\n<p><span style=\"font-weight: 400;\">Dans le style simple et authentique qui est le sien,Yan-\u00c9ric C\u00f4t\u00e9, fascin\u00e9 par les paysages qui l&rsquo;entourent,\u00a0 prend plaisir \u00e0 participer \u00e0 l\u2019embellissement de ce qui s\u2019offre au regard.<\/span><\/p>\n<p><span style=\"font-weight: 400;\">Heures D\u2019ouverture:\u00a0<\/span><span style=\"font-weight: 400;\">Tous les jours \u2013 11h \u00e0 17h,\u00a0<\/span><span style=\"font-weight: 400;\">Ferm\u00e9 les mardis<\/span><\/p>\n<p style=\"text-align: center;\"><strong>Galerie d\u2019art C\u00f4t\u00e9 Cr\u00e9ations<\/strong><\/p>\n<p style=\"text-align: center;\"><strong>100 Chemin Kandahar,<\/strong><\/p>\n<p style=\"text-align: center;\"><strong>Le Westin, Station Mont-Tremblant<\/strong><\/p>\n<p style=\"text-align: center;\"><strong><a href=\"https:\/\/cotecreations.com\/?fbclid=IwAR0RDSrcIO2LRtkEojWJoFRKsIJZXcyOGcg5H3c6OuTslSbGXsAPCuqKOyE\">https:\/\/cotecreations.com\/<\/a><\/strong><\/p>\n<p style=\"text-align: center;\"><strong>819-681-1811<\/strong><\/p>\n<p><\/div><\/div>[\/vc_column][\/vc_row][vc_row][vc_column][vc_empty_space height=\u00a0\u00bb60px\u00a0\u00bb][\/vc_column][\/vc_row][vc_row][vc_column][vc_single_image image=\u00a0\u00bb16338&Prime; img_size=\u00a0\u00bb800&#215;600&Prime; alignment=\u00a0\u00bbcenter\u00a0\u00bb][\/vc_column][\/vc_row]<\/p>\n","protected":false},"excerpt":{"rendered":"<p>[vc_row][vc_column][\/vc_column][\/vc_row][vc_row][vc_column][vc_empty_space height=\u00a0\u00bb60px\u00a0\u00bb][\/vc_column][\/vc_row][vc_row][vc_column][vc_single_image image=\u00a0\u00bb16338&Prime; img_size=\u00a0\u00bb800&#215;600&Prime; alignment=\u00a0\u00bbcenter\u00a0\u00bb][\/vc_column][\/vc_row]<\/p>\n","protected":false},"author":1,"featured_media":16988,"parent":21144,"menu_order":0,"comment_status":"closed","ping_status":"closed","template":"","meta":{"footnotes":""},"class_list":["post-25382","page","type-page","status-publish","has-post-thumbnail","hentry","description-off"],"yoast_head":"<!-- This site is optimized with the Yoast SEO Premium plugin v26.5 (Yoast SEO v26.5) - https:\/\/yoast.com\/wordpress\/plugins\/seo\/ -->\n<title>Galeries d&#039;art \u00e0 Mont-Tremblant, Activit\u00e9s d&#039;int\u00e9rieur \u00e0 Tremblant<\/title>\n<meta name=\"description\" content=\"Official Mont-Tremblant vous donne plus d&#039;informations sur les activit\u00e9s d&#039;int\u00e9rieur \u00e0 Tremblant dont les galeries d&#039;art \u00e0 Mont-Tremblant.\" \/>\n<meta name=\"robots\" content=\"index, follow, max-snippet:-1, max-image-preview:large, max-video-preview:-1\" \/>\n<link rel=\"canonical\" href=\"https:\/\/officialmonttremblant.com\/fr\/activites\/activites-d-interieur\/galeries-d-art\/\" \/>\n<meta property=\"og:locale\" content=\"fr_FR\" \/>\n<meta property=\"og:type\" content=\"article\" \/>\n<meta property=\"og:title\" content=\"Galeries d&#039;art\" \/>\n<meta property=\"og:description\" content=\"Official Mont-Tremblant vous donne plus d&#039;informations sur les activit\u00e9s d&#039;int\u00e9rieur \u00e0 Tremblant dont les galeries d&#039;art \u00e0 Mont-Tremblant.\" \/>\n<meta property=\"og:url\" content=\"https:\/\/officialmonttremblant.com\/fr\/activites\/activites-d-interieur\/galeries-d-art\/\" \/>\n<meta property=\"og:site_name\" content=\"Official Mont Tremblant\" \/>\n<meta property=\"article:modified_time\" content=\"2025-07-29T15:25:01+00:00\" \/>\n<meta property=\"og:image\" content=\"https:\/\/officialmonttremblant.com\/wp-content\/uploads\/2022\/07\/Artist-studio.jpg\" \/>\n\t<meta property=\"og:image:width\" content=\"1024\" \/>\n\t<meta property=\"og:image:height\" content=\"683\" \/>\n\t<meta property=\"og:image:type\" content=\"image\/jpeg\" \/>\n<meta name=\"twitter:card\" content=\"summary_large_image\" \/>\n<meta name=\"twitter:label1\" content=\"Dur\u00e9e de lecture estim\u00e9e\" \/>\n\t<meta name=\"twitter:data1\" content=\"2 minutes\" \/>\n<script type=\"application\/ld+json\" class=\"yoast-schema-graph\">{\"@context\":\"https:\/\/schema.org\",\"@graph\":[{\"@type\":\"WebPage\",\"@id\":\"https:\/\/officialmonttremblant.com\/fr\/activites\/activites-d-interieur\/galeries-d-art\/\",\"url\":\"https:\/\/officialmonttremblant.com\/fr\/activites\/activites-d-interieur\/galeries-d-art\/\",\"name\":\"Galeries d'art \u00e0 Mont-Tremblant, Activit\u00e9s d'int\u00e9rieur \u00e0 Tremblant\",\"isPartOf\":{\"@id\":\"https:\/\/officialmonttremblant.com\/fr\/#website\"},\"primaryImageOfPage\":{\"@id\":\"https:\/\/officialmonttremblant.com\/fr\/activites\/activites-d-interieur\/galeries-d-art\/#primaryimage\"},\"image\":{\"@id\":\"https:\/\/officialmonttremblant.com\/fr\/activites\/activites-d-interieur\/galeries-d-art\/#primaryimage\"},\"thumbnailUrl\":\"https:\/\/officialmonttremblant.com\/wp-content\/uploads\/2022\/07\/Artist-studio.jpg\",\"datePublished\":\"2022-07-26T15:13:39+00:00\",\"dateModified\":\"2025-07-29T15:25:01+00:00\",\"description\":\"Official Mont-Tremblant vous donne plus d'informations sur les activit\u00e9s d'int\u00e9rieur \u00e0 Tremblant dont les galeries d'art \u00e0 Mont-Tremblant.\",\"breadcrumb\":{\"@id\":\"https:\/\/officialmonttremblant.com\/fr\/activites\/activites-d-interieur\/galeries-d-art\/#breadcrumb\"},\"inLanguage\":\"fr-FR\",\"potentialAction\":[{\"@type\":\"ReadAction\",\"target\":[\"https:\/\/officialmonttremblant.com\/fr\/activites\/activites-d-interieur\/galeries-d-art\/\"]}]},{\"@type\":\"ImageObject\",\"inLanguage\":\"fr-FR\",\"@id\":\"https:\/\/officialmonttremblant.com\/fr\/activites\/activites-d-interieur\/galeries-d-art\/#primaryimage\",\"url\":\"https:\/\/officialmonttremblant.com\/wp-content\/uploads\/2022\/07\/Artist-studio.jpg\",\"contentUrl\":\"https:\/\/officialmonttremblant.com\/wp-content\/uploads\/2022\/07\/Artist-studio.jpg\",\"width\":1024,\"height\":683,\"caption\":\"Art galleries in Mont-Tremblant\"},{\"@type\":\"BreadcrumbList\",\"@id\":\"https:\/\/officialmonttremblant.com\/fr\/activites\/activites-d-interieur\/galeries-d-art\/#breadcrumb\",\"itemListElement\":[{\"@type\":\"ListItem\",\"position\":1,\"name\":\"Home\",\"item\":\"https:\/\/officialmonttremblant.com\/fr\/\"},{\"@type\":\"ListItem\",\"position\":2,\"name\":\"Activit\u00e9s\",\"item\":\"https:\/\/officialmonttremblant.com\/fr\/activites\/\"},{\"@type\":\"ListItem\",\"position\":3,\"name\":\"Activit\u00e9s d&#8217;int\u00e9rieur\",\"item\":\"https:\/\/officialmonttremblant.com\/fr\/activites\/activites-d-interieur\/\"},{\"@type\":\"ListItem\",\"position\":4,\"name\":\"Galeries d&#8217;art\"}]},{\"@type\":\"WebSite\",\"@id\":\"https:\/\/officialmonttremblant.com\/fr\/#website\",\"url\":\"https:\/\/officialmonttremblant.com\/fr\/\",\"name\":\"Official Mont Tremblant\",\"description\":\"Vacation &amp; tourist guide in Mont Tremblant\",\"potentialAction\":[{\"@type\":\"SearchAction\",\"target\":{\"@type\":\"EntryPoint\",\"urlTemplate\":\"https:\/\/officialmonttremblant.com\/fr\/?s={search_term_string}\"},\"query-input\":{\"@type\":\"PropertyValueSpecification\",\"valueRequired\":true,\"valueName\":\"search_term_string\"}}],\"inLanguage\":\"fr-FR\"}]}<\/script>\n<!-- \/ Yoast SEO Premium plugin. -->","yoast_head_json":{"title":"Galeries d'art \u00e0 Mont-Tremblant, Activit\u00e9s d'int\u00e9rieur \u00e0 Tremblant","description":"Official Mont-Tremblant vous donne plus d'informations sur les activit\u00e9s d'int\u00e9rieur \u00e0 Tremblant dont les galeries d'art \u00e0 Mont-Tremblant.","robots":{"index":"index","follow":"follow","max-snippet":"max-snippet:-1","max-image-preview":"max-image-preview:large","max-video-preview":"max-video-preview:-1"},"canonical":"https:\/\/officialmonttremblant.com\/fr\/activites\/activites-d-interieur\/galeries-d-art\/","og_locale":"fr_FR","og_type":"article","og_title":"Galeries d'art","og_description":"Official Mont-Tremblant vous donne plus d'informations sur les activit\u00e9s d'int\u00e9rieur \u00e0 Tremblant dont les galeries d'art \u00e0 Mont-Tremblant.","og_url":"https:\/\/officialmonttremblant.com\/fr\/activites\/activites-d-interieur\/galeries-d-art\/","og_site_name":"Official Mont Tremblant","article_modified_time":"2025-07-29T15:25:01+00:00","og_image":[{"width":1024,"height":683,"url":"https:\/\/officialmonttremblant.com\/wp-content\/uploads\/2022\/07\/Artist-studio.jpg","type":"image\/jpeg"}],"twitter_card":"summary_large_image","twitter_misc":{"Dur\u00e9e de lecture estim\u00e9e":"2 minutes"},"schema":{"@context":"https:\/\/schema.org","@graph":[{"@type":"WebPage","@id":"https:\/\/officialmonttremblant.com\/fr\/activites\/activites-d-interieur\/galeries-d-art\/","url":"https:\/\/officialmonttremblant.com\/fr\/activites\/activites-d-interieur\/galeries-d-art\/","name":"Galeries d'art \u00e0 Mont-Tremblant, Activit\u00e9s d'int\u00e9rieur \u00e0 Tremblant","isPartOf":{"@id":"https:\/\/officialmonttremblant.com\/fr\/#website"},"primaryImageOfPage":{"@id":"https:\/\/officialmonttremblant.com\/fr\/activites\/activites-d-interieur\/galeries-d-art\/#primaryimage"},"image":{"@id":"https:\/\/officialmonttremblant.com\/fr\/activites\/activites-d-interieur\/galeries-d-art\/#primaryimage"},"thumbnailUrl":"https:\/\/officialmonttremblant.com\/wp-content\/uploads\/2022\/07\/Artist-studio.jpg","datePublished":"2022-07-26T15:13:39+00:00","dateModified":"2025-07-29T15:25:01+00:00","description":"Official Mont-Tremblant vous donne plus d'informations sur les activit\u00e9s d'int\u00e9rieur \u00e0 Tremblant dont les galeries d'art \u00e0 Mont-Tremblant.","breadcrumb":{"@id":"https:\/\/officialmonttremblant.com\/fr\/activites\/activites-d-interieur\/galeries-d-art\/#breadcrumb"},"inLanguage":"fr-FR","potentialAction":[{"@type":"ReadAction","target":["https:\/\/officialmonttremblant.com\/fr\/activites\/activites-d-interieur\/galeries-d-art\/"]}]},{"@type":"ImageObject","inLanguage":"fr-FR","@id":"https:\/\/officialmonttremblant.com\/fr\/activites\/activites-d-interieur\/galeries-d-art\/#primaryimage","url":"https:\/\/officialmonttremblant.com\/wp-content\/uploads\/2022\/07\/Artist-studio.jpg","contentUrl":"https:\/\/officialmonttremblant.com\/wp-content\/uploads\/2022\/07\/Artist-studio.jpg","width":1024,"height":683,"caption":"Art galleries in Mont-Tremblant"},{"@type":"BreadcrumbList","@id":"https:\/\/officialmonttremblant.com\/fr\/activites\/activites-d-interieur\/galeries-d-art\/#breadcrumb","itemListElement":[{"@type":"ListItem","position":1,"name":"Home","item":"https:\/\/officialmonttremblant.com\/fr\/"},{"@type":"ListItem","position":2,"name":"Activit\u00e9s","item":"https:\/\/officialmonttremblant.com\/fr\/activites\/"},{"@type":"ListItem","position":3,"name":"Activit\u00e9s d&#8217;int\u00e9rieur","item":"https:\/\/officialmonttremblant.com\/fr\/activites\/activites-d-interieur\/"},{"@type":"ListItem","position":4,"name":"Galeries d&#8217;art"}]},{"@type":"WebSite","@id":"https:\/\/officialmonttremblant.com\/fr\/#website","url":"https:\/\/officialmonttremblant.com\/fr\/","name":"Official Mont Tremblant","description":"Vacation &amp; tourist guide in Mont Tremblant","potentialAction":[{"@type":"SearchAction","target":{"@type":"EntryPoint","urlTemplate":"https:\/\/officialmonttremblant.com\/fr\/?s={search_term_string}"},"query-input":{"@type":"PropertyValueSpecification","valueRequired":true,"valueName":"search_term_string"}}],"inLanguage":"fr-FR"}]}},"jetpack_sharing_enabled":true,"_links":{"self":[{"href":"https:\/\/officialmonttremblant.com\/fr\/wp-json\/wp\/v2\/pages\/25382","targetHints":{"allow":["GET"]}}],"collection":[{"href":"https:\/\/officialmonttremblant.com\/fr\/wp-json\/wp\/v2\/pages"}],"about":[{"href":"https:\/\/officialmonttremblant.com\/fr\/wp-json\/wp\/v2\/types\/page"}],"author":[{"embeddable":true,"href":"https:\/\/officialmonttremblant.com\/fr\/wp-json\/wp\/v2\/users\/1"}],"replies":[{"embeddable":true,"href":"https:\/\/officialmonttremblant.com\/fr\/wp-json\/wp\/v2\/comments?post=25382"}],"version-history":[{"count":5,"href":"https:\/\/officialmonttremblant.com\/fr\/wp-json\/wp\/v2\/pages\/25382\/revisions"}],"predecessor-version":[{"id":26692,"href":"https:\/\/officialmonttremblant.com\/fr\/wp-json\/wp\/v2\/pages\/25382\/revisions\/26692"}],"up":[{"embeddable":true,"href":"https:\/\/officialmonttremblant.com\/fr\/wp-json\/wp\/v2\/pages\/21144"}],"wp:featuredmedia":[{"embeddable":true,"href":"https:\/\/officialmonttremblant.com\/fr\/wp-json\/wp\/v2\/media\/16988"}],"wp:attachment":[{"href":"https:\/\/officialmonttremblant.com\/fr\/wp-json\/wp\/v2\/media?parent=25382"}],"curies":[{"name":"wp","href":"https:\/\/api.w.org\/{rel}","templated":true}]}}