{"id":25401,"date":"2022-10-07T11:29:53","date_gmt":"2022-10-07T15:29:53","guid":{"rendered":"https:\/\/officialmonttremblant.com\/shopping\/epicerie\/"},"modified":"2025-07-29T13:53:39","modified_gmt":"2025-07-29T17:53:39","slug":"epicerie","status":"publish","type":"page","link":"https:\/\/officialmonttremblant.com\/fr\/shopping\/epicerie\/","title":{"rendered":"\u00c9picerie"},"content":{"rendered":"<p>[vc_row][vc_column width=\u00a0\u00bb2\/3&Prime;][vc_column_text]\u00c0 Mont-Tremblant, vous trouverez plusieurs \u00e9piceries, magasins d&rsquo;alimentation biologique, boulangeries, poissonneries et plus, pour r\u00e9pondre aux besoins de la population r\u00e9sidente et touristique.<\/p>\n<p>Officiel Mont Tremblant vous donne des informations sur l&rsquo;\u00e9picerie:[\/vc_column_text][vc_separator css=\u00a0\u00bb.vc_custom_1666187000735{padding-top: 25px !important;padding-bottom: 25px !important;}\u00a0\u00bb][vc_row_inner css=\u00a0\u00bb.vc_custom_1666187047155{padding-bottom: 10px !important;}\u00a0\u00bb][vc_column_inner width=\u00a0\u00bb1\/3&Prime;][vc_column_text]<\/p>\n<ul>\n<li><a href=\"https:\/\/officialmonttremblant.com\/fr\/shopping\/epicerie\/epiceries\/\">\u00c9piceries<\/a><\/li>\n<li><a href=\"https:\/\/officialmonttremblant.com\/fr\/shopping\/epicerie\/petites-epiceries\/\">Petites \u00e9piceries<\/a><\/li>\n<li><a href=\"https:\/\/officialmonttremblant.com\/fr\/shopping\/epicerie\/manger-bio\/\">Manger bio<\/a><\/li>\n<\/ul>\n<p>[\/vc_column_text][\/vc_column_inner][vc_column_inner width=\u00a0\u00bb1\/3&Prime;][vc_column_text]<\/p>\n<ul>\n<li><a href=\"https:\/\/officialmonttremblant.com\/fr\/shopping\/epicerie\/poissonnerie\/\">Poissonnerie<\/a><\/li>\n<li><a href=\"https:\/\/officialmonttremblant.com\/fr\/shopping\/epicerie\/boucheries\/\">Boucheries<\/a><\/li>\n<\/ul>\n<p>[\/vc_column_text][\/vc_column_inner][vc_column_inner width=\u00a0\u00bb1\/3&Prime;][vc_column_text]<\/p>\n<ul>\n<li><a href=\"https:\/\/officialmonttremblant.com\/fr\/shopping\/epicerie\/boulangeries\/\">Boulangeries<\/a><\/li>\n<li><a href=\"https:\/\/officialmonttremblant.com\/fr\/shopping\/epicerie\/delicatessen\/\">Delicatessen<\/a><\/li>\n<\/ul>\n<p>[\/vc_column_text][\/vc_column_inner][\/vc_row_inner][\/vc_column][vc_column width=\u00a0\u00bb1\/3&Prime;][vc_single_image image=\u00a0\u00bb24377&Prime; img_size=\u00a0\u00bbfull\u00a0\u00bb][\/vc_column][\/vc_row][vc_row][vc_column][vc_separator css=\u00a0\u00bb.vc_custom_1665408678103{padding-top: 50px !important;padding-bottom: 20px !important;}\u00a0\u00bb][\/vc_column][\/vc_row]<\/p>\n","protected":false},"excerpt":{"rendered":"<p>[vc_row][vc_column width=\u00a0\u00bb2\/3&Prime;][vc_column_text]\u00c0 Mont-Tremblant, vous trouverez plusieurs \u00e9piceries, magasins d&rsquo;alimentation biologique, boulangeries, poissonneries et plus, pour r\u00e9pondre aux besoins de la population r\u00e9sidente et touristique. Officiel Mont Tremblant vous donne des informations sur l&rsquo;\u00e9picerie:[\/vc_column_text][vc_separator css=\u00a0\u00bb.vc_custom_1666187000735{padding-top: 25px !important;padding-bottom: 25px !important;}\u00a0\u00bb][vc_row_inner css=\u00a0\u00bb.vc_custom_1666187047155{padding-bottom: 10px !important;}\u00a0\u00bb][vc_column_inner width=\u00a0\u00bb1\/3&Prime;][vc_column_text] \u00c9piceries Petites \u00e9piceries Manger bio [\/vc_column_text][\/vc_column_inner][vc_column_inner width=\u00a0\u00bb1\/3&Prime;][vc_column_text] Poissonnerie Boucheries [\/vc_column_text][\/vc_column_inner][vc_column_inner width=\u00a0\u00bb1\/3&Prime;][vc_column_text] Boulangeries Delicatessen&hellip;<\/p>\n","protected":false},"author":3,"featured_media":0,"parent":24981,"menu_order":0,"comment_status":"closed","ping_status":"closed","template":"","meta":{"footnotes":""},"class_list":["post-25401","page","type-page","status-publish","hentry","description-off"],"yoast_head":"<!-- This site is optimized with the Yoast SEO Premium plugin v26.5 (Yoast SEO v26.5) - https:\/\/yoast.com\/wordpress\/plugins\/seo\/ -->\n<title>\u00c9picerie - Official Mont Tremblant<\/title>\n<meta name=\"description\" content=\"Official Mont Tremblant vous donne des informations sur l&#039;\u00e9picerie, magasins d&#039;alimentation biologique, boulangeries, poissonneries et plus.\" \/>\n<meta name=\"robots\" content=\"index, follow, max-snippet:-1, max-image-preview:large, max-video-preview:-1\" \/>\n<link rel=\"canonical\" href=\"https:\/\/officialmonttremblant.com\/fr\/shopping\/epicerie\/\" \/>\n<meta property=\"og:locale\" content=\"fr_FR\" \/>\n<meta property=\"og:type\" content=\"article\" \/>\n<meta property=\"og:title\" content=\"\u00c9picerie\" \/>\n<meta property=\"og:description\" content=\"Official Mont Tremblant vous donne des informations sur l&#039;\u00e9picerie, magasins d&#039;alimentation biologique, boulangeries, poissonneries et plus.\" \/>\n<meta property=\"og:url\" content=\"https:\/\/officialmonttremblant.com\/fr\/shopping\/epicerie\/\" \/>\n<meta property=\"og:site_name\" content=\"Official Mont Tremblant\" \/>\n<meta property=\"article:modified_time\" content=\"2025-07-29T17:53:39+00:00\" \/>\n<meta name=\"twitter:card\" content=\"summary_large_image\" \/>\n<meta name=\"twitter:label1\" content=\"Dur\u00e9e de lecture estim\u00e9e\" \/>\n\t<meta name=\"twitter:data1\" content=\"1 minute\" \/>\n<script type=\"application\/ld+json\" class=\"yoast-schema-graph\">{\"@context\":\"https:\/\/schema.org\",\"@graph\":[{\"@type\":\"WebPage\",\"@id\":\"https:\/\/officialmonttremblant.com\/fr\/shopping\/epicerie\/\",\"url\":\"https:\/\/officialmonttremblant.com\/fr\/shopping\/epicerie\/\",\"name\":\"\u00c9picerie - Official Mont Tremblant\",\"isPartOf\":{\"@id\":\"https:\/\/officialmonttremblant.com\/fr\/#website\"},\"datePublished\":\"2022-10-07T15:29:53+00:00\",\"dateModified\":\"2025-07-29T17:53:39+00:00\",\"description\":\"Official Mont Tremblant vous donne des informations sur l'\u00e9picerie, magasins d'alimentation biologique, boulangeries, poissonneries et plus.\",\"breadcrumb\":{\"@id\":\"https:\/\/officialmonttremblant.com\/fr\/shopping\/epicerie\/#breadcrumb\"},\"inLanguage\":\"fr-FR\",\"potentialAction\":[{\"@type\":\"ReadAction\",\"target\":[\"https:\/\/officialmonttremblant.com\/fr\/shopping\/epicerie\/\"]}]},{\"@type\":\"BreadcrumbList\",\"@id\":\"https:\/\/officialmonttremblant.com\/fr\/shopping\/epicerie\/#breadcrumb\",\"itemListElement\":[{\"@type\":\"ListItem\",\"position\":1,\"name\":\"Home\",\"item\":\"https:\/\/officialmonttremblant.com\/fr\/\"},{\"@type\":\"ListItem\",\"position\":2,\"name\":\"SHOPPING\",\"item\":\"https:\/\/officialmonttremblant.com\/fr\/shopping\/\"},{\"@type\":\"ListItem\",\"position\":3,\"name\":\"\u00c9picerie\"}]},{\"@type\":\"WebSite\",\"@id\":\"https:\/\/officialmonttremblant.com\/fr\/#website\",\"url\":\"https:\/\/officialmonttremblant.com\/fr\/\",\"name\":\"Official Mont Tremblant\",\"description\":\"Vacation &amp; tourist guide in Mont Tremblant\",\"potentialAction\":[{\"@type\":\"SearchAction\",\"target\":{\"@type\":\"EntryPoint\",\"urlTemplate\":\"https:\/\/officialmonttremblant.com\/fr\/?s={search_term_string}\"},\"query-input\":{\"@type\":\"PropertyValueSpecification\",\"valueRequired\":true,\"valueName\":\"search_term_string\"}}],\"inLanguage\":\"fr-FR\"}]}<\/script>\n<!-- \/ Yoast SEO Premium plugin. -->","yoast_head_json":{"title":"\u00c9picerie - Official Mont Tremblant","description":"Official Mont Tremblant vous donne des informations sur l'\u00e9picerie, magasins d'alimentation biologique, boulangeries, poissonneries et plus.","robots":{"index":"index","follow":"follow","max-snippet":"max-snippet:-1","max-image-preview":"max-image-preview:large","max-video-preview":"max-video-preview:-1"},"canonical":"https:\/\/officialmonttremblant.com\/fr\/shopping\/epicerie\/","og_locale":"fr_FR","og_type":"article","og_title":"\u00c9picerie","og_description":"Official Mont Tremblant vous donne des informations sur l'\u00e9picerie, magasins d'alimentation biologique, boulangeries, poissonneries et plus.","og_url":"https:\/\/officialmonttremblant.com\/fr\/shopping\/epicerie\/","og_site_name":"Official Mont Tremblant","article_modified_time":"2025-07-29T17:53:39+00:00","twitter_card":"summary_large_image","twitter_misc":{"Dur\u00e9e de lecture estim\u00e9e":"1 minute"},"schema":{"@context":"https:\/\/schema.org","@graph":[{"@type":"WebPage","@id":"https:\/\/officialmonttremblant.com\/fr\/shopping\/epicerie\/","url":"https:\/\/officialmonttremblant.com\/fr\/shopping\/epicerie\/","name":"\u00c9picerie - Official Mont Tremblant","isPartOf":{"@id":"https:\/\/officialmonttremblant.com\/fr\/#website"},"datePublished":"2022-10-07T15:29:53+00:00","dateModified":"2025-07-29T17:53:39+00:00","description":"Official Mont Tremblant vous donne des informations sur l'\u00e9picerie, magasins d'alimentation biologique, boulangeries, poissonneries et plus.","breadcrumb":{"@id":"https:\/\/officialmonttremblant.com\/fr\/shopping\/epicerie\/#breadcrumb"},"inLanguage":"fr-FR","potentialAction":[{"@type":"ReadAction","target":["https:\/\/officialmonttremblant.com\/fr\/shopping\/epicerie\/"]}]},{"@type":"BreadcrumbList","@id":"https:\/\/officialmonttremblant.com\/fr\/shopping\/epicerie\/#breadcrumb","itemListElement":[{"@type":"ListItem","position":1,"name":"Home","item":"https:\/\/officialmonttremblant.com\/fr\/"},{"@type":"ListItem","position":2,"name":"SHOPPING","item":"https:\/\/officialmonttremblant.com\/fr\/shopping\/"},{"@type":"ListItem","position":3,"name":"\u00c9picerie"}]},{"@type":"WebSite","@id":"https:\/\/officialmonttremblant.com\/fr\/#website","url":"https:\/\/officialmonttremblant.com\/fr\/","name":"Official Mont Tremblant","description":"Vacation &amp; tourist guide in Mont Tremblant","potentialAction":[{"@type":"SearchAction","target":{"@type":"EntryPoint","urlTemplate":"https:\/\/officialmonttremblant.com\/fr\/?s={search_term_string}"},"query-input":{"@type":"PropertyValueSpecification","valueRequired":true,"valueName":"search_term_string"}}],"inLanguage":"fr-FR"}]}},"jetpack_sharing_enabled":true,"_links":{"self":[{"href":"https:\/\/officialmonttremblant.com\/fr\/wp-json\/wp\/v2\/pages\/25401","targetHints":{"allow":["GET"]}}],"collection":[{"href":"https:\/\/officialmonttremblant.com\/fr\/wp-json\/wp\/v2\/pages"}],"about":[{"href":"https:\/\/officialmonttremblant.com\/fr\/wp-json\/wp\/v2\/types\/page"}],"author":[{"embeddable":true,"href":"https:\/\/officialmonttremblant.com\/fr\/wp-json\/wp\/v2\/users\/3"}],"replies":[{"embeddable":true,"href":"https:\/\/officialmonttremblant.com\/fr\/wp-json\/wp\/v2\/comments?post=25401"}],"version-history":[{"count":5,"href":"https:\/\/officialmonttremblant.com\/fr\/wp-json\/wp\/v2\/pages\/25401\/revisions"}],"predecessor-version":[{"id":25989,"href":"https:\/\/officialmonttremblant.com\/fr\/wp-json\/wp\/v2\/pages\/25401\/revisions\/25989"}],"up":[{"embeddable":true,"href":"https:\/\/officialmonttremblant.com\/fr\/wp-json\/wp\/v2\/pages\/24981"}],"wp:attachment":[{"href":"https:\/\/officialmonttremblant.com\/fr\/wp-json\/wp\/v2\/media?parent=25401"}],"curies":[{"name":"wp","href":"https:\/\/api.w.org\/{rel}","templated":true}]}}