{"id":25417,"date":"2022-10-03T17:15:57","date_gmt":"2022-10-03T21:15:57","guid":{"rendered":"https:\/\/officialmonttremblant.com\/shopping\/epicerie\/organic-food\/"},"modified":"2025-07-29T13:56:00","modified_gmt":"2025-07-29T17:56:00","slug":"manger-bio","status":"publish","type":"page","link":"https:\/\/officialmonttremblant.com\/fr\/shopping\/epicerie\/manger-bio\/","title":{"rendered":"Manger bio"},"content":{"rendered":"<p>[vc_row][vc_column]<div id=\"ultimate-heading-216269d2e4f48b25b\" class=\"uvc-heading ult-adjust-bottom-margin ultimate-heading-216269d2e4f48b25b uvc-5694  uvc-heading-default-font-sizes\" data-hspacer=\"no_spacer\"  data-halign=\"left\" style=\"text-align:left\"><div class=\"uvc-heading-spacer no_spacer\" style=\"top\"><\/div><div class=\"uvc-main-heading ult-responsive\"  data-ultimate-target='.uvc-heading.ultimate-heading-216269d2e4f48b25b h2'  data-responsive-json-new='{\"font-size\":\"\",\"line-height\":\"\"}' ><h2 style=\"--font-weight:theme;\">Manger bio \u00e0 Mont Tremblant<\/h2><\/div><div class=\"uvc-sub-heading ult-responsive\"  data-ultimate-target='.uvc-heading.ultimate-heading-216269d2e4f48b25b .uvc-sub-heading '  data-responsive-json-new='{\"font-size\":\"\",\"line-height\":\"\"}'  style=\"font-weight:normal;\">Les d\u00e9cisions d\u2019achat alimentaires des consommateurs ont des r\u00e9percussions sur la sant\u00e9, l\u2019environnement et l\u201d\u00e9conomie locale; Faire le choix de se procurer des aliments biologiques constitue donc un geste des plus coh\u00e9rents.Si vous souhaiter veiller \u00e0 votre sant\u00e9, savoir ce que vous mettez dans votre assiette, veiller \u00e0 la plan\u00e8te et \u00e0 l\u2019\u00e9conomie locale, manger bio \u00e0 Mont Tremblant ne vous posera pas de probl\u00e8me.<\/p>\n<p>Voici notre s\u00e9lection.<\/div><\/div>[\/vc_column][\/vc_row][vc_row][vc_column][vc_separator css=\u00a0\u00bb.vc_custom_1664458207535{padding-top: 40px !important;padding-bottom: 40px !important;}\u00a0\u00bb][vc_row_inner][vc_column_inner width=\u00a0\u00bb1\/4&Prime;][vc_single_image image=\u00a0\u00bb24314&Prime; img_size=\u00a0\u00bbfull\u00a0\u00bb][\/vc_column_inner][vc_column_inner width=\u00a0\u00bb3\/4&Prime;]<div class=\"dt-fancy-separator title-left h3-size style-disabled title-color\" style=\"width: 100%;\"><div class=\"dt-fancy-title\"><span class=\"separator-holder separator-left\"><\/span>AUX PETITS OIGNONS (FARMERS\u2019 MARKET AND BISTRO)<span class=\"separator-holder separator-right\"><\/span><\/div><\/div>[vc_column_text css=\u00a0\u00bb.vc_custom_1666189622279{padding-bottom: 25px !important;}\u00a0\u00bb]<span style=\"font-weight: 400;\">La mission du march\u00e9 fermier Aux Petits Oignons est d\u2019offrir\u00a0 une \u00e9picerie compl\u00e8te \u00e9coresponsable regroupant les meilleurs produits bio, locaux et \u00e9quitables ainsi que des solutions z\u00e9ro d\u00e9chet adapt\u00e9s et pratiques. <\/span><span style=\"font-weight: 400;\">Aux Petits Oignons propose La plus grande s\u00e9lection de produits agricoles et des produits artisans locaux des Hautes-Laurentides<\/span>[\/vc_column_text]<div class=\"uavc-list-icon uavc-list-icon-wrapper ult-adjust-bottom-margin   \"><ul class=\"uavc-list\"><li><div class=\"uavc-list-content\" id=\"list-icon-wrap-5157\">\n<div class=\"uavc-list-icon  \" data-animation=\"\" data-animation-delay=\"03\" style=\"margin-right:5px;\"><div class=\"ult-just-icon-wrapper  \"><div class=\"align-icon\" style=\"text-align:center;\">\n<div class=\"aio-icon none \"  style=\"color:#333333;font-size:25px;display:inline-block;\">\n\t<i class=\"icomoon-the7-font-the7-phone-04\"><\/i>\n<\/div><\/div><\/div>\n<\/div><span  data-ultimate-target='#list-icon-wrap-5157 .uavc-list-desc'  data-responsive-json-new='{\"font-size\":\"\",\"line-height\":\"\"}'  class=\"uavc-list-desc ult-responsive\" style=\"\"><a href=\"tel:+1 819-429-6789\">+1 819-429-6789<\/a><\/span><\/div><\/li><li><div class=\"uavc-list-content\" id=\"list-icon-wrap-6205\">\n<div class=\"uavc-list-icon  \" data-animation=\"\" data-animation-delay=\"03\" style=\"margin-right:5px;\"><div class=\"ult-just-icon-wrapper  \"><div class=\"align-icon\" style=\"text-align:center;\">\n<div class=\"aio-icon none \"  style=\"color:#333333;font-size:25px;display:inline-block;\">\n\t<i class=\"fas fa-link\"><\/i>\n<\/div><\/div><\/div>\n<\/div><span  data-ultimate-target='#list-icon-wrap-6205 .uavc-list-desc'  data-responsive-json-new='{\"font-size\":\"\",\"line-height\":\"\"}'  class=\"uavc-list-desc ult-responsive\" style=\"\"><a href=\"https:\/\/auxpetitsoignons.bio\/marche-et-bistro-fermier\/\" target=\"_blank\" rel=\"noopener\">https:\/\/auxpetitsoignons.bio\/marche-et-bistro-fermier\/<\/a><\/span><\/div><\/li><li><div class=\"uavc-list-content\" id=\"list-icon-wrap-5783\">\n<div class=\"uavc-list-icon  \" data-animation=\"\" data-animation-delay=\"03\" style=\"margin-right:5px;\"><div class=\"ult-just-icon-wrapper  \"><div class=\"align-icon\" style=\"text-align:center;\">\n<div class=\"aio-icon none \"  style=\"color:#333333;font-size:25px;display:inline-block;\">\n\t<i class=\"icomoon-icomoonfree-16x16-location2\"><\/i>\n<\/div><\/div><\/div>\n<\/div><span  data-ultimate-target='#list-icon-wrap-5783 .uavc-list-desc'  data-responsive-json-new='{\"font-size\":\"\",\"line-height\":\"\"}'  class=\"uavc-list-desc ult-responsive\" style=\"\">1842 Route 117,\u00a0Mont Tremblant<\/span><\/div><\/li><\/ul><\/div>[\/vc_column_inner][\/vc_row_inner][\/vc_column][\/vc_row][vc_row][vc_column][vc_separator css=\u00a0\u00bb.vc_custom_1664458207535{padding-top: 40px !important;padding-bottom: 40px !important;}\u00a0\u00bb][vc_row_inner][vc_column_inner width=\u00a0\u00bb1\/4&Prime;][vc_single_image image=\u00a0\u00bb24314&Prime; img_size=\u00a0\u00bbfull\u00a0\u00bb][\/vc_column_inner][vc_column_inner width=\u00a0\u00bb3\/4&Prime;]<div class=\"dt-fancy-separator title-left h3-size style-disabled title-color\" style=\"width: 100%;\"><div class=\"dt-fancy-title\"><span class=\"separator-holder separator-left\"><\/span>VRAC ET VOUS<span class=\"separator-holder separator-right\"><\/span><\/div><\/div>[vc_column_text css=\u00a0\u00bb.vc_custom_1666189640535{padding-bottom: 25px !important;}\u00a0\u00bb]<span style=\"font-weight: 400;\">Venez avec vos contenants! <\/span><span style=\"font-weight: 400;\">Aliments naturels et issus de cultures \u00e9co-responsables: c\u00e9r\u00e9ales, graines, noix, beurres de noix, fruits s\u00e9ch\u00e9s, l\u00e9gumineuses, huiles, vinaigres, farine et flocons, condiments, granolas, p\u00e2tes, herbes et \u00e9pices, germinations, caf\u00e9s et th\u00e9s, jus et kombucha, miel, sirop d\u2019\u00e9rable, chocolats, olives, yogourt, etc. Vous trouverez aussi des nettoyants et des savons \u00e9cologiques en vrac, ainsi que des articles \u00e9colos et durables.<\/span>[\/vc_column_text]<div class=\"uavc-list-icon uavc-list-icon-wrapper ult-adjust-bottom-margin   \"><ul class=\"uavc-list\"><li><div class=\"uavc-list-content\" id=\"list-icon-wrap-9117\">\n<div class=\"uavc-list-icon  \" data-animation=\"\" data-animation-delay=\"03\" style=\"margin-right:5px;\"><div class=\"ult-just-icon-wrapper  \"><div class=\"align-icon\" style=\"text-align:center;\">\n<div class=\"aio-icon none \"  style=\"color:#333333;font-size:25px;display:inline-block;\">\n\t<i class=\"icomoon-the7-font-the7-phone-04\"><\/i>\n<\/div><\/div><\/div>\n<\/div><span  data-ultimate-target='#list-icon-wrap-9117 .uavc-list-desc'  data-responsive-json-new='{\"font-size\":\"\",\"line-height\":\"\"}'  class=\"uavc-list-desc ult-responsive\" style=\"\"><a href=\"tel:+1 819-717-3335\">+1 819-717-3335<\/a><\/span><\/div><\/li><li><div class=\"uavc-list-content\" id=\"list-icon-wrap-5299\">\n<div class=\"uavc-list-icon  \" data-animation=\"\" data-animation-delay=\"03\" style=\"margin-right:5px;\"><div class=\"ult-just-icon-wrapper  \"><div class=\"align-icon\" style=\"text-align:center;\">\n<div class=\"aio-icon none \"  style=\"color:#333333;font-size:25px;display:inline-block;\">\n\t<i class=\"fas fa-link\"><\/i>\n<\/div><\/div><\/div>\n<\/div><span  data-ultimate-target='#list-icon-wrap-5299 .uavc-list-desc'  data-responsive-json-new='{\"font-size\":\"\",\"line-height\":\"\"}'  class=\"uavc-list-desc ult-responsive\" style=\"\"><a href=\"http:\/\/www.lepetithameau.com\/vrac-et-vous\/\" target=\"_blank\" rel=\"noopener\">http:\/\/www.lepetithameau.com\/vrac-et-vous\/<\/a><\/span><\/div><\/li><li><div class=\"uavc-list-content\" id=\"list-icon-wrap-9814\">\n<div class=\"uavc-list-icon  \" data-animation=\"\" data-animation-delay=\"03\" style=\"margin-right:5px;\"><div class=\"ult-just-icon-wrapper  \"><div class=\"align-icon\" style=\"text-align:center;\">\n<div class=\"aio-icon none \"  style=\"color:#333333;font-size:25px;display:inline-block;\">\n\t<i class=\"icomoon-icomoonfree-16x16-location2\"><\/i>\n<\/div><\/div><\/div>\n<\/div><span  data-ultimate-target='#list-icon-wrap-9814 .uavc-list-desc'  data-responsive-json-new='{\"font-size\":\"\",\"line-height\":\"\"}'  class=\"uavc-list-desc ult-responsive\" style=\"\">826-2, rue de Saint-Jovite,\u00a0Mont-Tremblant<\/span><\/div><\/li><\/ul><\/div>[\/vc_column_inner][\/vc_row_inner][\/vc_column][\/vc_row][vc_row][vc_column][vc_separator css=\u00a0\u00bb.vc_custom_1664458207535{padding-top: 40px !important;padding-bottom: 40px !important;}\u00a0\u00bb][vc_row_inner][vc_column_inner width=\u00a0\u00bb1\/4&Prime;][vc_single_image image=\u00a0\u00bb24314&Prime; img_size=\u00a0\u00bbfull\u00a0\u00bb][\/vc_column_inner][vc_column_inner width=\u00a0\u00bb3\/4&Prime;]<div class=\"dt-fancy-separator title-left h3-size style-disabled title-color\" style=\"width: 100%;\"><div class=\"dt-fancy-title\"><span class=\"separator-holder separator-left\"><\/span>LA ROSEE<span class=\"separator-holder separator-right\"><\/span><\/div><\/div>[vc_column_text css=\u00a0\u00bb.vc_custom_1666189652659{padding-bottom: 25px !important;}\u00a0\u00bb]<span style=\"font-weight: 400;\">Une boutique charmante en plein coeur de la rue saint-Jovite . un grand choix de produits naturels et de produits sant\u00e9 le tout avec un service personnalis\u00e9 et professionnel <\/span>[\/vc_column_text]<div class=\"uavc-list-icon uavc-list-icon-wrapper ult-adjust-bottom-margin   \"><ul class=\"uavc-list\"><li><div class=\"uavc-list-content\" id=\"list-icon-wrap-3875\">\n<div class=\"uavc-list-icon  \" data-animation=\"\" data-animation-delay=\"03\" style=\"margin-right:5px;\"><div class=\"ult-just-icon-wrapper  \"><div class=\"align-icon\" style=\"text-align:center;\">\n<div class=\"aio-icon none \"  style=\"color:#333333;font-size:25px;display:inline-block;\">\n\t<i class=\"icomoon-the7-font-the7-phone-04\"><\/i>\n<\/div><\/div><\/div>\n<\/div><span  data-ultimate-target='#list-icon-wrap-3875 .uavc-list-desc'  data-responsive-json-new='{\"font-size\":\"\",\"line-height\":\"\"}'  class=\"uavc-list-desc ult-responsive\" style=\"\"><a href=\"tel:+1 819-681-7447\">+1 819-681-7447<\/a><\/span><\/div><\/li><li><div class=\"uavc-list-content\" id=\"list-icon-wrap-6344\">\n<div class=\"uavc-list-icon  \" data-animation=\"\" data-animation-delay=\"03\" style=\"margin-right:5px;\"><div class=\"ult-just-icon-wrapper  \"><div class=\"align-icon\" style=\"text-align:center;\">\n<div class=\"aio-icon none \"  style=\"color:#333333;font-size:25px;display:inline-block;\">\n\t<i class=\"fas fa-link\"><\/i>\n<\/div><\/div><\/div>\n<\/div><span  data-ultimate-target='#list-icon-wrap-6344 .uavc-list-desc'  data-responsive-json-new='{\"font-size\":\"\",\"line-height\":\"\"}'  class=\"uavc-list-desc ult-responsive\" style=\"\"><a href=\"https:\/\/www.facebook.com\/pages\/la-ros%C3%A9e\/231612390373081\" target=\"_blank\" rel=\"noopener\">https:\/\/www.facebook.com\/pages\/la-ros%C3%A9e\/231612390373081<\/a><\/span><\/div><\/li><li><div class=\"uavc-list-content\" id=\"list-icon-wrap-8847\">\n<div class=\"uavc-list-icon  \" data-animation=\"\" data-animation-delay=\"03\" style=\"margin-right:5px;\"><div class=\"ult-just-icon-wrapper  \"><div class=\"align-icon\" style=\"text-align:center;\">\n<div class=\"aio-icon none \"  style=\"color:#333333;font-size:25px;display:inline-block;\">\n\t<i class=\"icomoon-icomoonfree-16x16-location2\"><\/i>\n<\/div><\/div><\/div>\n<\/div><span  data-ultimate-target='#list-icon-wrap-8847 .uavc-list-desc'  data-responsive-json-new='{\"font-size\":\"\",\"line-height\":\"\"}'  class=\"uavc-list-desc ult-responsive\" style=\"\">856 Saint Jovite Street,\u00a0Mont Tremblant<\/span><\/div><\/li><\/ul><\/div>[\/vc_column_inner][\/vc_row_inner][\/vc_column][\/vc_row][vc_row][vc_column][vc_separator css=\u00a0\u00bb.vc_custom_1664458207535{padding-top: 40px !important;padding-bottom: 40px !important;}\u00a0\u00bb][vc_row_inner][vc_column_inner width=\u00a0\u00bb1\/4&Prime;][vc_single_image image=\u00a0\u00bb24314&Prime; img_size=\u00a0\u00bbfull\u00a0\u00bb][\/vc_column_inner][vc_column_inner width=\u00a0\u00bb3\/4&Prime;]<div class=\"dt-fancy-separator title-left h3-size style-disabled title-color\" style=\"width: 100%;\"><div class=\"dt-fancy-title\"><span class=\"separator-holder separator-left\"><\/span>Le SAINT AMOUR<span class=\"separator-holder separator-right\"><\/span><\/div><\/div>[vc_column_text css=\u00a0\u00bb.vc_custom_1666189676564{padding-bottom: 25px !important;}\u00a0\u00bb]<span style=\"font-weight: 400;\">Large s\u00e9lection de produits bios. <\/span><span style=\"font-weight: 400;\">Pour les \u00e9picuriens\u2026 \u00c9picerie fine, situ\u00e9e au coeur du centre-ville \u00e0 Mont-Tremblant : choix de fromages du monde et du\u00a0 Qu\u00e9bec, charcuteries, produits fins et pr\u00eat \u00e0 manger.\u00a0<\/span><span style=\"font-weight: 400;\">Offre de surcro\u00eet une grande s\u00e9lections d&rsquo;accessoires de cuisine et de d\u00e9corations!.<\/span>[\/vc_column_text]<div class=\"uavc-list-icon uavc-list-icon-wrapper ult-adjust-bottom-margin   \"><ul class=\"uavc-list\"><li><div class=\"uavc-list-content\" id=\"list-icon-wrap-7862\">\n<div class=\"uavc-list-icon  \" data-animation=\"\" data-animation-delay=\"03\" style=\"margin-right:5px;\"><div class=\"ult-just-icon-wrapper  \"><div class=\"align-icon\" style=\"text-align:center;\">\n<div class=\"aio-icon none \"  style=\"color:#333333;font-size:25px;display:inline-block;\">\n\t<i class=\"icomoon-the7-font-the7-phone-04\"><\/i>\n<\/div><\/div><\/div>\n<\/div><span  data-ultimate-target='#list-icon-wrap-7862 .uavc-list-desc'  data-responsive-json-new='{\"font-size\":\"\",\"line-height\":\"\"}'  class=\"uavc-list-desc ult-responsive\" style=\"\"><a href=\"tel:+1 819-717-3183\">+1 819-717-3183<\/a><\/span><\/div><\/li><li><div class=\"uavc-list-content\" id=\"list-icon-wrap-4865\">\n<div class=\"uavc-list-icon  \" data-animation=\"\" data-animation-delay=\"03\" style=\"margin-right:5px;\"><div class=\"ult-just-icon-wrapper  \"><div class=\"align-icon\" style=\"text-align:center;\">\n<div class=\"aio-icon none \"  style=\"color:#333333;font-size:25px;display:inline-block;\">\n\t<i class=\"fas fa-link\"><\/i>\n<\/div><\/div><\/div>\n<\/div><span  data-ultimate-target='#list-icon-wrap-4865 .uavc-list-desc'  data-responsive-json-new='{\"font-size\":\"\",\"line-height\":\"\"}'  class=\"uavc-list-desc ult-responsive\" style=\"\"><a href=\"https:\/\/www.lestamour.ca\/\" target=\"_blank\" rel=\"noopener\">https:\/\/www.lestamour.ca\/<\/a><\/span><\/div><\/li><li><div class=\"uavc-list-content\" id=\"list-icon-wrap-4109\">\n<div class=\"uavc-list-icon  \" data-animation=\"\" data-animation-delay=\"03\" style=\"margin-right:5px;\"><div class=\"ult-just-icon-wrapper  \"><div class=\"align-icon\" style=\"text-align:center;\">\n<div class=\"aio-icon none \"  style=\"color:#333333;font-size:25px;display:inline-block;\">\n\t<i class=\"icomoon-icomoonfree-16x16-location2\"><\/i>\n<\/div><\/div><\/div>\n<\/div><span  data-ultimate-target='#list-icon-wrap-4109 .uavc-list-desc'  data-responsive-json-new='{\"font-size\":\"\",\"line-height\":\"\"}'  class=\"uavc-list-desc ult-responsive\" style=\"\">764 Saint Jovite Street,\u00a0Mont Tremblant<\/span><\/div><\/li><\/ul><\/div>[\/vc_column_inner][\/vc_row_inner][\/vc_column][\/vc_row]<\/p>\n","protected":false},"excerpt":{"rendered":"<p>[vc_row][vc_column][\/vc_column][\/vc_row][vc_row][vc_column][vc_separator css=\u00a0\u00bb.vc_custom_1664458207535{padding-top: 40px !important;padding-bottom: 40px !important;}\u00a0\u00bb][vc_row_inner][vc_column_inner width=\u00a0\u00bb1\/4&Prime;][vc_single_image image=\u00a0\u00bb24314&Prime; img_size=\u00a0\u00bbfull\u00a0\u00bb][\/vc_column_inner][vc_column_inner width=\u00a0\u00bb3\/4&Prime;][vc_column_text css=\u00a0\u00bb.vc_custom_1666189622279{padding-bottom: 25px !important;}\u00a0\u00bb]La mission du march\u00e9 fermier Aux Petits Oignons est d\u2019offrir\u00a0 une \u00e9picerie compl\u00e8te \u00e9coresponsable regroupant les meilleurs produits bio, locaux et \u00e9quitables ainsi que des solutions z\u00e9ro d\u00e9chet adapt\u00e9s et pratiques. Aux Petits Oignons propose La plus grande s\u00e9lection de produits agricoles et&hellip;<\/p>\n","protected":false},"author":5,"featured_media":24298,"parent":25401,"menu_order":0,"comment_status":"closed","ping_status":"closed","template":"","meta":{"footnotes":""},"class_list":["post-25417","page","type-page","status-publish","has-post-thumbnail","hentry","description-off"],"yoast_head":"<!-- This site is optimized with the Yoast SEO Premium plugin v26.5 (Yoast SEO v26.5) - https:\/\/yoast.com\/wordpress\/plugins\/seo\/ -->\n<title>Manger bio - Official Mont Tremblant<\/title>\n<meta name=\"description\" content=\"Official Mont Tremblant vous donne des informations sur le magasinage \u00e0 Tremblant, y compris les aliments biologiques \u00e0 Mont-Tremblant.\" \/>\n<meta name=\"robots\" content=\"index, follow, max-snippet:-1, max-image-preview:large, max-video-preview:-1\" \/>\n<link rel=\"canonical\" href=\"https:\/\/officialmonttremblant.com\/fr\/shopping\/epicerie\/manger-bio\/\" \/>\n<meta property=\"og:locale\" content=\"fr_FR\" \/>\n<meta property=\"og:type\" content=\"article\" \/>\n<meta property=\"og:title\" content=\"Manger bio\" \/>\n<meta property=\"og:description\" content=\"Official Mont Tremblant vous donne des informations sur le magasinage \u00e0 Tremblant, y compris les aliments biologiques \u00e0 Mont-Tremblant.\" \/>\n<meta property=\"og:url\" content=\"https:\/\/officialmonttremblant.com\/fr\/shopping\/epicerie\/manger-bio\/\" \/>\n<meta property=\"og:site_name\" content=\"Official Mont Tremblant\" \/>\n<meta property=\"article:modified_time\" content=\"2025-07-29T17:56:00+00:00\" \/>\n<meta property=\"og:image\" content=\"https:\/\/officialmonttremblant.com\/wp-content\/uploads\/2022\/10\/vegetables-g4d9b87dcd_1920.jpg\" \/>\n\t<meta property=\"og:image:width\" content=\"1920\" \/>\n\t<meta property=\"og:image:height\" content=\"1269\" \/>\n\t<meta property=\"og:image:type\" content=\"image\/jpeg\" \/>\n<meta name=\"twitter:card\" content=\"summary_large_image\" \/>\n<meta name=\"twitter:label1\" content=\"Dur\u00e9e de lecture estim\u00e9e\" \/>\n\t<meta name=\"twitter:data1\" content=\"3 minutes\" \/>\n<script type=\"application\/ld+json\" class=\"yoast-schema-graph\">{\"@context\":\"https:\/\/schema.org\",\"@graph\":[{\"@type\":\"WebPage\",\"@id\":\"https:\/\/officialmonttremblant.com\/fr\/shopping\/epicerie\/manger-bio\/\",\"url\":\"https:\/\/officialmonttremblant.com\/fr\/shopping\/epicerie\/manger-bio\/\",\"name\":\"Manger bio - Official Mont Tremblant\",\"isPartOf\":{\"@id\":\"https:\/\/officialmonttremblant.com\/fr\/#website\"},\"primaryImageOfPage\":{\"@id\":\"https:\/\/officialmonttremblant.com\/fr\/shopping\/epicerie\/manger-bio\/#primaryimage\"},\"image\":{\"@id\":\"https:\/\/officialmonttremblant.com\/fr\/shopping\/epicerie\/manger-bio\/#primaryimage\"},\"thumbnailUrl\":\"https:\/\/officialmonttremblant.com\/wp-content\/uploads\/2022\/10\/vegetables-g4d9b87dcd_1920.jpg\",\"datePublished\":\"2022-10-03T21:15:57+00:00\",\"dateModified\":\"2025-07-29T17:56:00+00:00\",\"description\":\"Official Mont Tremblant vous donne des informations sur le magasinage \u00e0 Tremblant, y compris les aliments biologiques \u00e0 Mont-Tremblant.\",\"breadcrumb\":{\"@id\":\"https:\/\/officialmonttremblant.com\/fr\/shopping\/epicerie\/manger-bio\/#breadcrumb\"},\"inLanguage\":\"fr-FR\",\"potentialAction\":[{\"@type\":\"ReadAction\",\"target\":[\"https:\/\/officialmonttremblant.com\/fr\/shopping\/epicerie\/manger-bio\/\"]}]},{\"@type\":\"ImageObject\",\"inLanguage\":\"fr-FR\",\"@id\":\"https:\/\/officialmonttremblant.com\/fr\/shopping\/epicerie\/manger-bio\/#primaryimage\",\"url\":\"https:\/\/officialmonttremblant.com\/wp-content\/uploads\/2022\/10\/vegetables-g4d9b87dcd_1920.jpg\",\"contentUrl\":\"https:\/\/officialmonttremblant.com\/wp-content\/uploads\/2022\/10\/vegetables-g4d9b87dcd_1920.jpg\",\"width\":1920,\"height\":1269,\"caption\":\"Organic food in Mont-Tremblant\"},{\"@type\":\"BreadcrumbList\",\"@id\":\"https:\/\/officialmonttremblant.com\/fr\/shopping\/epicerie\/manger-bio\/#breadcrumb\",\"itemListElement\":[{\"@type\":\"ListItem\",\"position\":1,\"name\":\"Home\",\"item\":\"https:\/\/officialmonttremblant.com\/fr\/\"},{\"@type\":\"ListItem\",\"position\":2,\"name\":\"SHOPPING\",\"item\":\"https:\/\/officialmonttremblant.com\/fr\/shopping\/\"},{\"@type\":\"ListItem\",\"position\":3,\"name\":\"\u00c9picerie\",\"item\":\"https:\/\/officialmonttremblant.com\/fr\/shopping\/epicerie\/\"},{\"@type\":\"ListItem\",\"position\":4,\"name\":\"Manger bio\"}]},{\"@type\":\"WebSite\",\"@id\":\"https:\/\/officialmonttremblant.com\/fr\/#website\",\"url\":\"https:\/\/officialmonttremblant.com\/fr\/\",\"name\":\"Official Mont Tremblant\",\"description\":\"Vacation &amp; tourist guide in Mont Tremblant\",\"potentialAction\":[{\"@type\":\"SearchAction\",\"target\":{\"@type\":\"EntryPoint\",\"urlTemplate\":\"https:\/\/officialmonttremblant.com\/fr\/?s={search_term_string}\"},\"query-input\":{\"@type\":\"PropertyValueSpecification\",\"valueRequired\":true,\"valueName\":\"search_term_string\"}}],\"inLanguage\":\"fr-FR\"}]}<\/script>\n<!-- \/ Yoast SEO Premium plugin. -->","yoast_head_json":{"title":"Manger bio - Official Mont Tremblant","description":"Official Mont Tremblant vous donne des informations sur le magasinage \u00e0 Tremblant, y compris les aliments biologiques \u00e0 Mont-Tremblant.","robots":{"index":"index","follow":"follow","max-snippet":"max-snippet:-1","max-image-preview":"max-image-preview:large","max-video-preview":"max-video-preview:-1"},"canonical":"https:\/\/officialmonttremblant.com\/fr\/shopping\/epicerie\/manger-bio\/","og_locale":"fr_FR","og_type":"article","og_title":"Manger bio","og_description":"Official Mont Tremblant vous donne des informations sur le magasinage \u00e0 Tremblant, y compris les aliments biologiques \u00e0 Mont-Tremblant.","og_url":"https:\/\/officialmonttremblant.com\/fr\/shopping\/epicerie\/manger-bio\/","og_site_name":"Official Mont Tremblant","article_modified_time":"2025-07-29T17:56:00+00:00","og_image":[{"width":1920,"height":1269,"url":"https:\/\/officialmonttremblant.com\/wp-content\/uploads\/2022\/10\/vegetables-g4d9b87dcd_1920.jpg","type":"image\/jpeg"}],"twitter_card":"summary_large_image","twitter_misc":{"Dur\u00e9e de lecture estim\u00e9e":"3 minutes"},"schema":{"@context":"https:\/\/schema.org","@graph":[{"@type":"WebPage","@id":"https:\/\/officialmonttremblant.com\/fr\/shopping\/epicerie\/manger-bio\/","url":"https:\/\/officialmonttremblant.com\/fr\/shopping\/epicerie\/manger-bio\/","name":"Manger bio - Official Mont Tremblant","isPartOf":{"@id":"https:\/\/officialmonttremblant.com\/fr\/#website"},"primaryImageOfPage":{"@id":"https:\/\/officialmonttremblant.com\/fr\/shopping\/epicerie\/manger-bio\/#primaryimage"},"image":{"@id":"https:\/\/officialmonttremblant.com\/fr\/shopping\/epicerie\/manger-bio\/#primaryimage"},"thumbnailUrl":"https:\/\/officialmonttremblant.com\/wp-content\/uploads\/2022\/10\/vegetables-g4d9b87dcd_1920.jpg","datePublished":"2022-10-03T21:15:57+00:00","dateModified":"2025-07-29T17:56:00+00:00","description":"Official Mont Tremblant vous donne des informations sur le magasinage \u00e0 Tremblant, y compris les aliments biologiques \u00e0 Mont-Tremblant.","breadcrumb":{"@id":"https:\/\/officialmonttremblant.com\/fr\/shopping\/epicerie\/manger-bio\/#breadcrumb"},"inLanguage":"fr-FR","potentialAction":[{"@type":"ReadAction","target":["https:\/\/officialmonttremblant.com\/fr\/shopping\/epicerie\/manger-bio\/"]}]},{"@type":"ImageObject","inLanguage":"fr-FR","@id":"https:\/\/officialmonttremblant.com\/fr\/shopping\/epicerie\/manger-bio\/#primaryimage","url":"https:\/\/officialmonttremblant.com\/wp-content\/uploads\/2022\/10\/vegetables-g4d9b87dcd_1920.jpg","contentUrl":"https:\/\/officialmonttremblant.com\/wp-content\/uploads\/2022\/10\/vegetables-g4d9b87dcd_1920.jpg","width":1920,"height":1269,"caption":"Organic food in Mont-Tremblant"},{"@type":"BreadcrumbList","@id":"https:\/\/officialmonttremblant.com\/fr\/shopping\/epicerie\/manger-bio\/#breadcrumb","itemListElement":[{"@type":"ListItem","position":1,"name":"Home","item":"https:\/\/officialmonttremblant.com\/fr\/"},{"@type":"ListItem","position":2,"name":"SHOPPING","item":"https:\/\/officialmonttremblant.com\/fr\/shopping\/"},{"@type":"ListItem","position":3,"name":"\u00c9picerie","item":"https:\/\/officialmonttremblant.com\/fr\/shopping\/epicerie\/"},{"@type":"ListItem","position":4,"name":"Manger bio"}]},{"@type":"WebSite","@id":"https:\/\/officialmonttremblant.com\/fr\/#website","url":"https:\/\/officialmonttremblant.com\/fr\/","name":"Official Mont Tremblant","description":"Vacation &amp; tourist guide in Mont Tremblant","potentialAction":[{"@type":"SearchAction","target":{"@type":"EntryPoint","urlTemplate":"https:\/\/officialmonttremblant.com\/fr\/?s={search_term_string}"},"query-input":{"@type":"PropertyValueSpecification","valueRequired":true,"valueName":"search_term_string"}}],"inLanguage":"fr-FR"}]}},"jetpack_sharing_enabled":true,"_links":{"self":[{"href":"https:\/\/officialmonttremblant.com\/fr\/wp-json\/wp\/v2\/pages\/25417","targetHints":{"allow":["GET"]}}],"collection":[{"href":"https:\/\/officialmonttremblant.com\/fr\/wp-json\/wp\/v2\/pages"}],"about":[{"href":"https:\/\/officialmonttremblant.com\/fr\/wp-json\/wp\/v2\/types\/page"}],"author":[{"embeddable":true,"href":"https:\/\/officialmonttremblant.com\/fr\/wp-json\/wp\/v2\/users\/5"}],"replies":[{"embeddable":true,"href":"https:\/\/officialmonttremblant.com\/fr\/wp-json\/wp\/v2\/comments?post=25417"}],"version-history":[{"count":4,"href":"https:\/\/officialmonttremblant.com\/fr\/wp-json\/wp\/v2\/pages\/25417\/revisions"}],"predecessor-version":[{"id":25995,"href":"https:\/\/officialmonttremblant.com\/fr\/wp-json\/wp\/v2\/pages\/25417\/revisions\/25995"}],"up":[{"embeddable":true,"href":"https:\/\/officialmonttremblant.com\/fr\/wp-json\/wp\/v2\/pages\/25401"}],"wp:featuredmedia":[{"embeddable":true,"href":"https:\/\/officialmonttremblant.com\/fr\/wp-json\/wp\/v2\/media\/24298"}],"wp:attachment":[{"href":"https:\/\/officialmonttremblant.com\/fr\/wp-json\/wp\/v2\/media?parent=25417"}],"curies":[{"name":"wp","href":"https:\/\/api.w.org\/{rel}","templated":true}]}}