{"id":25427,"date":"2022-10-12T13:55:46","date_gmt":"2022-10-12T17:55:46","guid":{"rendered":"https:\/\/officialmonttremblant.com\/shopping\/epicerie\/fish-stores\/"},"modified":"2025-07-29T13:53:58","modified_gmt":"2025-07-29T17:53:58","slug":"poissonnerie","status":"publish","type":"page","link":"https:\/\/officialmonttremblant.com\/fr\/shopping\/epicerie\/poissonnerie\/","title":{"rendered":"Poissonneries"},"content":{"rendered":"<p>[vc_row][vc_column]<div id=\"ultimate-heading-632169e64f345c4f3\" class=\"uvc-heading ult-adjust-bottom-margin ultimate-heading-632169e64f345c4f3 uvc-1255  uvc-heading-default-font-sizes\" data-hspacer=\"no_spacer\"  data-halign=\"left\" style=\"text-align:left\"><div class=\"uvc-heading-spacer no_spacer\" style=\"top\"><\/div><div class=\"uvc-main-heading ult-responsive\"  data-ultimate-target='.uvc-heading.ultimate-heading-632169e64f345c4f3 h2'  data-responsive-json-new='{\"font-size\":\"\",\"line-height\":\"\"}' ><h2 style=\"--font-weight:theme;\">Poissonneries \u00e0 Mont-Tremblant<\/h2><\/div><div class=\"uvc-sub-heading ult-responsive\"  data-ultimate-target='.uvc-heading.ultimate-heading-632169e64f345c4f3 .uvc-sub-heading '  data-responsive-json-new='{\"font-size\":\"\",\"line-height\":\"\"}'  style=\"font-weight:normal;\"><\/p>\n<p style=\"text-align: left;\"><span style=\"font-weight: 400;\">Envie de pr\u00e9parer des sushis en famille , de d\u00e9guster un magnifique ceviche ou mettre un bon poisson au four \u00e0 partager en famille apr\u00e8s une journ\u00e9e bien remplie? Nous avons trouv\u00e9 ce qu\u2019il vous faut!<\/span><\/p>\n<p><\/div><\/div>[\/vc_column][\/vc_row][vc_row][vc_column][vc_separator css=\u00a0\u00bb.vc_custom_1664458207535{padding-top: 40px !important;padding-bottom: 40px !important;}\u00a0\u00bb][vc_row_inner][vc_column_inner width=\u00a0\u00bb1\/4&Prime;][vc_single_image image=\u00a0\u00bb24314&Prime; img_size=\u00a0\u00bbfull\u00a0\u00bb][\/vc_column_inner][vc_column_inner width=\u00a0\u00bb3\/4&Prime;]<div class=\"dt-fancy-separator title-left h3-size style-disabled title-color\" style=\"width: 100%;\"><div class=\"dt-fancy-title\"><span class=\"separator-holder separator-left\"><\/span>Poissonnerie \u00d6 CAPITAINE<span class=\"separator-holder separator-right\"><\/span><\/div><\/div>[vc_column_text css=\u00a0\u00bb.vc_custom_1666190180799{padding-bottom: 25px !important;}\u00a0\u00bb]<span style=\"font-weight: 400;\">La seule poissonnerie de Mont Tremblant pleine d\u2019id\u00e9es qui vous fera d\u00e9couvrir\u00a0 des saveurs uniques, qu\u2019elles soient exotiques ou bien locales. <\/span><span style=\"font-weight: 400;\">Au rythme des saisons, saumon, thon, morue, truite, sole, crabe des neiges, homard, crevettes et hu\u00eetres garniront les comptoirs de la poissonnerie.<\/span>[\/vc_column_text]<div class=\"uavc-list-icon uavc-list-icon-wrapper ult-adjust-bottom-margin   \"><ul class=\"uavc-list\"><li><div class=\"uavc-list-content\" id=\"list-icon-wrap-7913\">\n<div class=\"uavc-list-icon  \" data-animation=\"\" data-animation-delay=\"03\" style=\"margin-right:5px;\"><div class=\"ult-just-icon-wrapper  \"><div class=\"align-icon\" style=\"text-align:center;\">\n<div class=\"aio-icon none \"  style=\"color:#333333;font-size:25px;display:inline-block;\">\n\t<i class=\"icomoon-the7-font-the7-phone-04\"><\/i>\n<\/div><\/div><\/div>\n<\/div><span  data-ultimate-target='#list-icon-wrap-7913 .uavc-list-desc'  data-responsive-json-new='{\"font-size\":\"\",\"line-height\":\"\"}'  class=\"uavc-list-desc ult-responsive\" style=\"\"><a href=\"tel:+1 819-717-3339\">+1 819-717-3339<\/a><\/span><\/div><\/li><li><div class=\"uavc-list-content\" id=\"list-icon-wrap-6736\">\n<div class=\"uavc-list-icon  \" data-animation=\"\" data-animation-delay=\"03\" style=\"margin-right:5px;\"><div class=\"ult-just-icon-wrapper  \"><div class=\"align-icon\" style=\"text-align:center;\">\n<div class=\"aio-icon none \"  style=\"color:#333333;font-size:25px;display:inline-block;\">\n\t<i class=\"fas fa-link\"><\/i>\n<\/div><\/div><\/div>\n<\/div><span  data-ultimate-target='#list-icon-wrap-6736 .uavc-list-desc'  data-responsive-json-new='{\"font-size\":\"\",\"line-height\":\"\"}'  class=\"uavc-list-desc ult-responsive\" style=\"\"><a href=\"https:\/\/www.poissonnerieocapitaine.com\/\" target=\"_blank\" rel=\"noopener\">https:\/\/www.poissonnerieocapitaine.com\/<\/a><\/span><\/div><\/li><li><div class=\"uavc-list-content\" id=\"list-icon-wrap-3244\">\n<div class=\"uavc-list-icon  \" data-animation=\"\" data-animation-delay=\"03\" style=\"margin-right:5px;\"><div class=\"ult-just-icon-wrapper  \"><div class=\"align-icon\" style=\"text-align:center;\">\n<div class=\"aio-icon none \"  style=\"color:#333333;font-size:25px;display:inline-block;\">\n\t<i class=\"icomoon-icomoonfree-16x16-location2\"><\/i>\n<\/div><\/div><\/div>\n<\/div><span  data-ultimate-target='#list-icon-wrap-3244 .uavc-list-desc'  data-responsive-json-new='{\"font-size\":\"\",\"line-height\":\"\"}'  class=\"uavc-list-desc ult-responsive\" style=\"\"><span style=\"font-weight: 400;\">583 Rue de St Jovite,\u00a0<\/span><span style=\"font-weight: 400;\">Mont-Tremblant<\/span><\/span><\/div><\/li><\/ul><\/div>[\/vc_column_inner][\/vc_row_inner][\/vc_column][\/vc_row]<\/p>\n","protected":false},"excerpt":{"rendered":"<p>[vc_row][vc_column][\/vc_column][\/vc_row][vc_row][vc_column][vc_separator css=\u00a0\u00bb.vc_custom_1664458207535{padding-top: 40px !important;padding-bottom: 40px !important;}\u00a0\u00bb][vc_row_inner][vc_column_inner width=\u00a0\u00bb1\/4&Prime;][vc_single_image image=\u00a0\u00bb24314&Prime; img_size=\u00a0\u00bbfull\u00a0\u00bb][\/vc_column_inner][vc_column_inner width=\u00a0\u00bb3\/4&Prime;][vc_column_text css=\u00a0\u00bb.vc_custom_1666190180799{padding-bottom: 25px !important;}\u00a0\u00bb]La seule poissonnerie de Mont Tremblant pleine d\u2019id\u00e9es qui vous fera d\u00e9couvrir\u00a0 des saveurs uniques, qu\u2019elles soient exotiques ou bien locales. Au rythme des saisons, saumon, thon, morue, truite, sole, crabe des neiges, homard, crevettes et hu\u00eetres garniront les comptoirs de la poissonnerie.[\/vc_column_text][\/vc_column_inner][\/vc_row_inner][\/vc_column][\/vc_row]<\/p>\n","protected":false},"author":3,"featured_media":0,"parent":25401,"menu_order":0,"comment_status":"closed","ping_status":"closed","template":"","meta":{"footnotes":""},"class_list":["post-25427","page","type-page","status-publish","hentry","description-off"],"yoast_head":"<!-- This site is optimized with the Yoast SEO Premium plugin v26.5 (Yoast SEO v26.5) - https:\/\/yoast.com\/wordpress\/plugins\/seo\/ -->\n<title>Poissonneries - Official Mont Tremblant<\/title>\n<meta name=\"description\" content=\"Official Mont Tremblant vous donne des informations sur les poissonneries. Saumon, thon, morue, truite, sole, homard, crevettes et hu\u00eetres.\" \/>\n<meta name=\"robots\" content=\"index, follow, max-snippet:-1, max-image-preview:large, max-video-preview:-1\" \/>\n<link rel=\"canonical\" href=\"https:\/\/officialmonttremblant.com\/fr\/shopping\/epicerie\/poissonnerie\/\" \/>\n<meta property=\"og:locale\" content=\"fr_FR\" \/>\n<meta property=\"og:type\" content=\"article\" \/>\n<meta property=\"og:title\" content=\"Poissonneries\" \/>\n<meta property=\"og:description\" content=\"Official Mont Tremblant vous donne des informations sur les poissonneries. Saumon, thon, morue, truite, sole, homard, crevettes et hu\u00eetres.\" \/>\n<meta property=\"og:url\" content=\"https:\/\/officialmonttremblant.com\/fr\/shopping\/epicerie\/poissonnerie\/\" \/>\n<meta property=\"og:site_name\" content=\"Official Mont Tremblant\" \/>\n<meta property=\"article:modified_time\" content=\"2025-07-29T17:53:58+00:00\" \/>\n<meta name=\"twitter:card\" content=\"summary_large_image\" \/>\n<meta name=\"twitter:label1\" content=\"Dur\u00e9e de lecture estim\u00e9e\" \/>\n\t<meta name=\"twitter:data1\" content=\"1 minute\" \/>\n<script type=\"application\/ld+json\" class=\"yoast-schema-graph\">{\"@context\":\"https:\/\/schema.org\",\"@graph\":[{\"@type\":\"WebPage\",\"@id\":\"https:\/\/officialmonttremblant.com\/fr\/shopping\/epicerie\/poissonnerie\/\",\"url\":\"https:\/\/officialmonttremblant.com\/fr\/shopping\/epicerie\/poissonnerie\/\",\"name\":\"Poissonneries - Official Mont Tremblant\",\"isPartOf\":{\"@id\":\"https:\/\/officialmonttremblant.com\/fr\/#website\"},\"datePublished\":\"2022-10-12T17:55:46+00:00\",\"dateModified\":\"2025-07-29T17:53:58+00:00\",\"description\":\"Official Mont Tremblant vous donne des informations sur les poissonneries. Saumon, thon, morue, truite, sole, homard, crevettes et hu\u00eetres.\",\"breadcrumb\":{\"@id\":\"https:\/\/officialmonttremblant.com\/fr\/shopping\/epicerie\/poissonnerie\/#breadcrumb\"},\"inLanguage\":\"fr-FR\",\"potentialAction\":[{\"@type\":\"ReadAction\",\"target\":[\"https:\/\/officialmonttremblant.com\/fr\/shopping\/epicerie\/poissonnerie\/\"]}]},{\"@type\":\"BreadcrumbList\",\"@id\":\"https:\/\/officialmonttremblant.com\/fr\/shopping\/epicerie\/poissonnerie\/#breadcrumb\",\"itemListElement\":[{\"@type\":\"ListItem\",\"position\":1,\"name\":\"Home\",\"item\":\"https:\/\/officialmonttremblant.com\/fr\/\"},{\"@type\":\"ListItem\",\"position\":2,\"name\":\"SHOPPING\",\"item\":\"https:\/\/officialmonttremblant.com\/fr\/shopping\/\"},{\"@type\":\"ListItem\",\"position\":3,\"name\":\"\u00c9picerie\",\"item\":\"https:\/\/officialmonttremblant.com\/fr\/shopping\/epicerie\/\"},{\"@type\":\"ListItem\",\"position\":4,\"name\":\"Poissonneries\"}]},{\"@type\":\"WebSite\",\"@id\":\"https:\/\/officialmonttremblant.com\/fr\/#website\",\"url\":\"https:\/\/officialmonttremblant.com\/fr\/\",\"name\":\"Official Mont Tremblant\",\"description\":\"Vacation &amp; tourist guide in Mont Tremblant\",\"potentialAction\":[{\"@type\":\"SearchAction\",\"target\":{\"@type\":\"EntryPoint\",\"urlTemplate\":\"https:\/\/officialmonttremblant.com\/fr\/?s={search_term_string}\"},\"query-input\":{\"@type\":\"PropertyValueSpecification\",\"valueRequired\":true,\"valueName\":\"search_term_string\"}}],\"inLanguage\":\"fr-FR\"}]}<\/script>\n<!-- \/ Yoast SEO Premium plugin. -->","yoast_head_json":{"title":"Poissonneries - Official Mont Tremblant","description":"Official Mont Tremblant vous donne des informations sur les poissonneries. Saumon, thon, morue, truite, sole, homard, crevettes et hu\u00eetres.","robots":{"index":"index","follow":"follow","max-snippet":"max-snippet:-1","max-image-preview":"max-image-preview:large","max-video-preview":"max-video-preview:-1"},"canonical":"https:\/\/officialmonttremblant.com\/fr\/shopping\/epicerie\/poissonnerie\/","og_locale":"fr_FR","og_type":"article","og_title":"Poissonneries","og_description":"Official Mont Tremblant vous donne des informations sur les poissonneries. Saumon, thon, morue, truite, sole, homard, crevettes et hu\u00eetres.","og_url":"https:\/\/officialmonttremblant.com\/fr\/shopping\/epicerie\/poissonnerie\/","og_site_name":"Official Mont Tremblant","article_modified_time":"2025-07-29T17:53:58+00:00","twitter_card":"summary_large_image","twitter_misc":{"Dur\u00e9e de lecture estim\u00e9e":"1 minute"},"schema":{"@context":"https:\/\/schema.org","@graph":[{"@type":"WebPage","@id":"https:\/\/officialmonttremblant.com\/fr\/shopping\/epicerie\/poissonnerie\/","url":"https:\/\/officialmonttremblant.com\/fr\/shopping\/epicerie\/poissonnerie\/","name":"Poissonneries - Official Mont Tremblant","isPartOf":{"@id":"https:\/\/officialmonttremblant.com\/fr\/#website"},"datePublished":"2022-10-12T17:55:46+00:00","dateModified":"2025-07-29T17:53:58+00:00","description":"Official Mont Tremblant vous donne des informations sur les poissonneries. Saumon, thon, morue, truite, sole, homard, crevettes et hu\u00eetres.","breadcrumb":{"@id":"https:\/\/officialmonttremblant.com\/fr\/shopping\/epicerie\/poissonnerie\/#breadcrumb"},"inLanguage":"fr-FR","potentialAction":[{"@type":"ReadAction","target":["https:\/\/officialmonttremblant.com\/fr\/shopping\/epicerie\/poissonnerie\/"]}]},{"@type":"BreadcrumbList","@id":"https:\/\/officialmonttremblant.com\/fr\/shopping\/epicerie\/poissonnerie\/#breadcrumb","itemListElement":[{"@type":"ListItem","position":1,"name":"Home","item":"https:\/\/officialmonttremblant.com\/fr\/"},{"@type":"ListItem","position":2,"name":"SHOPPING","item":"https:\/\/officialmonttremblant.com\/fr\/shopping\/"},{"@type":"ListItem","position":3,"name":"\u00c9picerie","item":"https:\/\/officialmonttremblant.com\/fr\/shopping\/epicerie\/"},{"@type":"ListItem","position":4,"name":"Poissonneries"}]},{"@type":"WebSite","@id":"https:\/\/officialmonttremblant.com\/fr\/#website","url":"https:\/\/officialmonttremblant.com\/fr\/","name":"Official Mont Tremblant","description":"Vacation &amp; tourist guide in Mont Tremblant","potentialAction":[{"@type":"SearchAction","target":{"@type":"EntryPoint","urlTemplate":"https:\/\/officialmonttremblant.com\/fr\/?s={search_term_string}"},"query-input":{"@type":"PropertyValueSpecification","valueRequired":true,"valueName":"search_term_string"}}],"inLanguage":"fr-FR"}]}},"jetpack_sharing_enabled":true,"_links":{"self":[{"href":"https:\/\/officialmonttremblant.com\/fr\/wp-json\/wp\/v2\/pages\/25427","targetHints":{"allow":["GET"]}}],"collection":[{"href":"https:\/\/officialmonttremblant.com\/fr\/wp-json\/wp\/v2\/pages"}],"about":[{"href":"https:\/\/officialmonttremblant.com\/fr\/wp-json\/wp\/v2\/types\/page"}],"author":[{"embeddable":true,"href":"https:\/\/officialmonttremblant.com\/fr\/wp-json\/wp\/v2\/users\/3"}],"replies":[{"embeddable":true,"href":"https:\/\/officialmonttremblant.com\/fr\/wp-json\/wp\/v2\/comments?post=25427"}],"version-history":[{"count":7,"href":"https:\/\/officialmonttremblant.com\/fr\/wp-json\/wp\/v2\/pages\/25427\/revisions"}],"predecessor-version":[{"id":25999,"href":"https:\/\/officialmonttremblant.com\/fr\/wp-json\/wp\/v2\/pages\/25427\/revisions\/25999"}],"up":[{"embeddable":true,"href":"https:\/\/officialmonttremblant.com\/fr\/wp-json\/wp\/v2\/pages\/25401"}],"wp:attachment":[{"href":"https:\/\/officialmonttremblant.com\/fr\/wp-json\/wp\/v2\/media?parent=25427"}],"curies":[{"name":"wp","href":"https:\/\/api.w.org\/{rel}","templated":true}]}}