{"id":25437,"date":"2022-09-15T17:57:13","date_gmt":"2022-09-15T21:57:13","guid":{"rendered":"https:\/\/officialmonttremblant.com\/activites\/activites-pour-enfants\/zipline\/"},"modified":"2025-07-29T11:30:46","modified_gmt":"2025-07-29T15:30:46","slug":"tyrolienne","status":"publish","type":"page","link":"https:\/\/officialmonttremblant.com\/fr\/activites\/activites-pour-enfants\/tyrolienne\/","title":{"rendered":"Tyrolienne"},"content":{"rendered":"<p>[vc_row][vc_column]<div id=\"ultimate-heading-633469db2f09173bd\" class=\"uvc-heading ult-adjust-bottom-margin ultimate-heading-633469db2f09173bd uvc-1811  uvc-heading-default-font-sizes\" data-hspacer=\"no_spacer\"  data-halign=\"left\" style=\"text-align:left\"><div class=\"uvc-heading-spacer no_spacer\" style=\"top\"><\/div><div class=\"uvc-main-heading ult-responsive\"  data-ultimate-target='.uvc-heading.ultimate-heading-633469db2f09173bd h2'  data-responsive-json-new='{\"font-size\":\"\",\"line-height\":\"\"}' ><h2 style=\"--font-weight:theme;\">Tyrolienne \u00e0 Tremblant<\/h2><\/div><\/div>[\/vc_column][\/vc_row][vc_row][vc_column][vc_empty_space height=\u00a0\u00bb60px\u00a0\u00bb][\/vc_column][\/vc_row][vc_row][vc_column][vc_column_text]<\/p>\n<p style=\"text-align: left;\">Official Mont-Tremblant vous donne des informations sur les activit\u00e9s pour enfants \u00e0 Tremblant dont la tyrolienne \u00e0 Tremblant.<\/p>\n<p style=\"text-align: left;\">Venez d\u00e9couvrir la toute nouvelle tyrolienne g\u00e9ante de Mont Tremblant par <a href=\"https:\/\/actiontremblant.com\/fr\/activites-dete\/tyrolienne-dete\/\" target=\"_blank\" rel=\"noopener\">ACTION TREMBLANT<\/a> ! Parcourez la for\u00eat sauvage de Bel Air Resort en traversant des parcours de tyrolienne de diff\u00e9rentes longueurs. Descendez 15 tyroliennes diff\u00e9rentes allant de 230 pieds \u00e0 plus de 650 pieds et mesurant pr\u00e8s d&rsquo;un kilom\u00e8tre de long ! Planez d&rsquo;arbre en arbre \u00e0 travers la for\u00eat tout en profitant de vues spectaculaires dans toutes les directions sur la vall\u00e9e de la rivi\u00e8re Rouge. Pr\u00e9parez-vous \u00e0 \u00eatre immerg\u00e9 dans la nature !<\/p>\n<p style=\"text-align: left;\">La tyrolienne d&rsquo;ACTION TREMBLANT \u00e0 Mont-Tremblant est id\u00e9ale pour les familles, les amis et les sorties d&rsquo;entreprise. Les participants seront supervis\u00e9s en tout temps par des guides professionnels certifi\u00e9s.\u00a0Tout commence par une explication des consignes de s\u00e9curit\u00e9, de l&rsquo;\u00e9quipement individuel et de l&rsquo;action&#8230;..<\/p>\n<p style=\"text-align: left;\">INCLUS : Casque, harnais, poulie et guide professionnel.<\/p>\n<p>[\/vc_column_text][\/vc_column][\/vc_row][vc_row][vc_column][vc_empty_space height=\u00a0\u00bb60px\u00a0\u00bb][\/vc_column][\/vc_row][vc_row][vc_column][vc_column_text]<\/p>\n<div class=\"wpb_column vc_column_container vc_col-sm-6\">\n<div class=\"vc_column-inner\">\n<div class=\"wpb_wrapper\">\n<h4 class=\"vc_custom_heading\">CONDITIONS<\/h4>\n<div class=\"wpb_text_column wpb_content_element \">\n<div class=\"wpb_wrapper\">\n<p>&#8211; \u00c2ge minimum : 7+ ans (15+ ans pour le solo)<br \/>\n&#8211; Poids : 34 &#8211; 113 kilos (75 &#8211; 250 lbs)<br \/>\n&#8211; Taille minimale : 46 pouces &#8211; 116 cm<br \/>\n&#8211; Des chaussures ferm\u00e9es sont requises<br \/>\n&#8211; Habillez-vous en fonction de la m\u00e9t\u00e9o<br \/>\n&#8211; Les enfants de moins de 75 lbs (34 kilos) (7+ ans) peuvent faire du tandem avec un guide.<br \/>\n&#8211; Les mineurs de moins de 18 ans doivent avoir une renonciation sign\u00e9e par un parent ou un tuteur.<\/p>\n<\/div>\n<\/div>\n<\/div>\n<\/div>\n<\/div>\n<div class=\"wpb_column vc_column_container vc_col-sm-6\">\n<div class=\"vc_column-inner\">\n<div class=\"wpb_wrapper\">\n<h4 class=\"vc_custom_heading\">PRIX<\/h4>\n<div class=\"wpb_text_column wpb_content_element vc_custom_1565289023237\">\n<div class=\"wpb_wrapper\">\n<div id=\"supsystic-table-54_57083\" class=\"supsystic-tables-wrap \" data-table-width-fixed=\"100%\" data-table-width-mobile=\"100%\">\n<div id=\"supsystic-table-54_wrapper\" class=\"dataTables_wrapper no-footer\">\n<table id=\"supsystic-table-54\" class=\"supsystic-table compact border lightboxImg row-border dataTable no-footer\" role=\"grid\" data-id=\"54\" data-view-id=\"54_57083\" data-title=\"Canopy Zipline\" data-currency-format=\"$1,000.00\" data-percent-format=\"10.00%\" data-date-format=\"DD.MM.YYYY\" data-time-format=\"HH:mm\" data-features=\"[&quot;after_table_loaded_script&quot;,&quot;import&quot;]\" data-search-value=\"\" data-lightbox-img=\"\" data-head=\"on\" data-head-rows-count=\"1\" data-fixed-head=\"on\" data-fixed-height=\"400\" data-pagination-length=\"50,100,All\" data-auto-index=\"off\" data-searching-settings=\"{&quot;columnSearchPosition&quot;:&quot;bottom&quot;,&quot;minChars&quot;:&quot;0&quot;}\" data-lang=\"default\" data-override=\"{&quot;emptyTable&quot;:&quot;&quot;,&quot;info&quot;:&quot;&quot;,&quot;infoEmpty&quot;:&quot;&quot;,&quot;infoFiltered&quot;:&quot;&quot;,&quot;lengthMenu&quot;:&quot;&quot;,&quot;search&quot;:&quot;&quot;,&quot;zeroRecords&quot;:&quot;&quot;,&quot;exportLabel&quot;:&quot;&quot;,&quot;file&quot;:&quot;default&quot;}\" data-merged=\"[]\" data-responsive-mode=\"0\" data-from-history=\"0\">\n<thead>\n<tr role=\"row\">\n<th class=\"bg-022a69 color-ffffff htMiddle bold htCenter sorting_disabled\" colspan=\"1\" rowspan=\"1\" data-cell-id=\"A1\" data-x=\"0\" data-y=\"1\" data-db-index=\"1\" data-cell-type=\"text\" data-original-value=\"\" data-order=\"\"><\/th>\n<th class=\"bg-022a69 color-ffffff htMiddle bold htCenter fsize-12 sorting_disabled\" colspan=\"1\" rowspan=\"1\" data-cell-id=\"B1\" data-x=\"1\" data-y=\"1\" data-db-index=\"1\" data-cell-type=\"text\" data-original-value=\"CAD\" data-order=\"CAD\">CAD<\/th>\n<th class=\"bg-022a69 color-ffffff htMiddle bold htCenter fsize-12 sorting_disabled\" colspan=\"1\" rowspan=\"1\" data-cell-id=\"C1\" data-x=\"2\" data-y=\"1\" data-db-index=\"1\" data-cell-type=\"text\" data-original-value=\"USD\" data-order=\"USD\">USD<\/th>\n<\/tr>\n<\/thead>\n<tbody>\n<tr class=\"odd\">\n<td class=\"htMiddle htLeft\" data-cell-id=\"A2\" data-x=\"0\" data-y=\"2\" data-db-index=\"2\" data-cell-type=\"text\" data-original-value=\"Adult (13 years +)\" data-order=\"Adult (13 years +)\">Adultes (+ de 13 ans)<\/td>\n<td class=\"htCenter htMiddle\" data-cell-id=\"B2\" data-x=\"1\" data-y=\"2\" data-db-index=\"2\" data-cell-type=\"text\" data-original-value=\"$59\" data-order=\"$59\">$59<\/td>\n<td class=\"htCenter htMiddle\" data-cell-id=\"C2\" data-x=\"2\" data-y=\"2\" data-db-index=\"2\" data-cell-type=\"text\" data-original-value=\"$45\" data-order=\"$45\">$45<\/td>\n<\/tr>\n<tr class=\"even\">\n<td class=\"htMiddle htLeft color-000000\" data-cell-id=\"A3\" data-x=\"0\" data-y=\"3\" data-db-index=\"3\" data-cell-type=\"text\" data-original-value=\"Child (7-12 years) *\" data-order=\"Child (7-12 years) *\">Child (7-12 years) *<\/td>\n<td class=\"htCenter htMiddle\" data-cell-id=\"B3\" data-x=\"1\" data-y=\"3\" data-db-index=\"3\" data-cell-type=\"text\" data-original-value=\"$39\" data-order=\"$39\">$39<\/td>\n<td class=\"htCenter htMiddle\" data-cell-id=\"C3\" data-x=\"2\" data-y=\"3\" data-db-index=\"3\" data-cell-type=\"text\" data-original-value=\"$30\" data-order=\"$30\">$30<\/td>\n<\/tr>\n<tr class=\"odd\">\n<td class=\"htMiddle htLeft\" data-cell-id=\"A4\" data-x=\"0\" data-y=\"4\" data-db-index=\"4\" data-cell-type=\"text\" data-original-value=\"Family Package 2 adults + 2 children\" data-order=\"Family Package 2 adults + 2 children\">Famille 2 adultes + 2 enfants<\/td>\n<td class=\"htCenter htMiddle\" data-cell-id=\"B4\" data-x=\"1\" data-y=\"4\" data-db-index=\"4\" data-cell-type=\"text\" data-original-value=\"$160\" data-order=\"$160\">$160<\/td>\n<td class=\"htCenter htMiddle\" data-cell-id=\"C4\" data-x=\"2\" data-y=\"4\" data-db-index=\"4\" data-cell-type=\"text\" data-original-value=\"$122\" data-order=\"$122\">$122<\/td>\n<\/tr>\n<tr class=\"even\">\n<td class=\"htMiddle htLeft\" data-cell-id=\"A5\" data-x=\"0\" data-y=\"5\" data-db-index=\"5\" data-cell-type=\"text\" data-original-value=\"Family Package: extra child\" data-order=\"Family Package: extra child\">Family : enfants en plus<\/td>\n<td class=\"htCenter htMiddle\" data-cell-id=\"B5\" data-x=\"1\" data-y=\"5\" data-db-index=\"5\" data-cell-type=\"text\" data-original-value=\"$30\" data-order=\"$30\">$30<\/td>\n<td class=\"htCenter htMiddle\" data-cell-id=\"C5\" data-x=\"2\" data-y=\"5\" data-db-index=\"5\" data-cell-type=\"text\" data-original-value=\"$22.60\" data-order=\"$22.60\">$22.60<\/td>\n<\/tr>\n<\/tbody>\n<\/table>\n<\/div>\n<\/div>\n<\/div>\n<\/div>\n<\/div>\n<\/div>\n<\/div>\n<p>[\/vc_column_text][\/vc_column][\/vc_row][vc_row][vc_column][vc_empty_space height=\u00a0\u00bb60px\u00a0\u00bb][\/vc_column][\/vc_row][vc_row][vc_column][vc_column_text]<\/p>\n<div class=\"separator normal \"><strong>HEURES:<\/strong><\/div>\n<div class=\"wpb_text_column wpb_content_element \">\n<div class=\"wpb_wrapper\">\n<p><strong>Lundi &#8211; Vendredi:<\/strong> 10h, 13h, 15h<br \/>\n<strong>Samedi et Dimanche:<\/strong> 9h, 11h, 13h, 15h<\/p>\n<p>R\u00e9servations : +1 819 833-1293 &#8211; <a href=\"https:\/\/actiontremblant.com\/fr\/activites-dhiver\/tyrolienne-a-mont-tremblant\/\" target=\"_blank\" rel=\"noopener\">R\u00e9server maintenant!<\/a><\/p>\n<p>Les tyroliennes ACTION TREMBLANT sont situ\u00e9es \u00e0 Bel Air Tremblant.<br \/>\nNous vous demandons d&rsquo;\u00eatre au Bel Air Clubhouse 30 minutes avant le d\u00e9part.<\/p>\n<form action=\"https:\/\/maps.google.com\/maps\" method=\"get\" target=\"_blank\"><label for=\"saddr\">Adresse: 80 Rue des Sept Sommets, Mont-Tremblant, QC J0T 1M0, Canada<\/label><\/form>\n<\/div>\n<\/div>\n<p>[\/vc_column_text][\/vc_column][\/vc_row][vc_row][vc_column][vc_empty_space height=\u00a0\u00bb60px\u00a0\u00bb][\/vc_column][\/vc_row][vc_row][vc_column][vc_btn title=\u00a0\u00bbR\u00e9server maintenant!\u00a0\u00bb align=\u00a0\u00bbcenter\u00a0\u00bb link=\u00a0\u00bburl:https%3A%2F%2Factiontremblant.com%2Ffr%2Factivites-dhiver%2Ftyrolienne-a-mont-tremblant%2F|title:R%C3%A9server%20maintenant!|target:_blank\u00a0\u00bb][\/vc_column][\/vc_row][vc_row][vc_column][vc_empty_space height=\u00a0\u00bb60px\u00a0\u00bb][\/vc_column][\/vc_row][vc_row][vc_column][vc_single_image image=\u00a0\u00bb22910&Prime; img_size=\u00a0\u00bb800&#215;600&Prime; alignment=\u00a0\u00bbcenter\u00a0\u00bb][\/vc_column][\/vc_row]<\/p>\n","protected":false},"excerpt":{"rendered":"<p>[vc_row][vc_column][\/vc_column][\/vc_row][vc_row][vc_column][vc_empty_space height=\u00a0\u00bb60px\u00a0\u00bb][\/vc_column][\/vc_row][vc_row][vc_column][vc_column_text] Official Mont-Tremblant vous donne des informations sur les activit\u00e9s pour enfants \u00e0 Tremblant dont la tyrolienne \u00e0 Tremblant. Venez d\u00e9couvrir la toute nouvelle tyrolienne g\u00e9ante de Mont Tremblant par ACTION TREMBLANT ! Parcourez la for\u00eat sauvage de Bel Air Resort en traversant des parcours de tyrolienne de diff\u00e9rentes longueurs. Descendez 15 tyroliennes diff\u00e9rentes&hellip;<\/p>\n","protected":false},"author":5,"featured_media":22911,"parent":21145,"menu_order":0,"comment_status":"closed","ping_status":"closed","template":"","meta":{"footnotes":""},"class_list":["post-25437","page","type-page","status-publish","has-post-thumbnail","hentry","description-off"],"yoast_head":"<!-- This site is optimized with the Yoast SEO Premium plugin v26.5 (Yoast SEO v26.5) - https:\/\/yoast.com\/wordpress\/plugins\/seo\/ -->\n<title>Tyrolienne \u00e0 Tremblant, activit\u00e9s pour enfants \u00e0 Tremblant<\/title>\n<meta name=\"description\" content=\"Official Mont-Tremblant vous donne des informations sur les activit\u00e9s pour enfants \u00e0 Tremblant dont la tyrolienne \u00e0 Tremblant.\" \/>\n<meta name=\"robots\" content=\"index, follow, max-snippet:-1, max-image-preview:large, max-video-preview:-1\" \/>\n<link rel=\"canonical\" href=\"https:\/\/officialmonttremblant.com\/fr\/activites\/activites-pour-enfants\/tyrolienne\/\" \/>\n<meta property=\"og:locale\" content=\"fr_FR\" \/>\n<meta property=\"og:type\" content=\"article\" \/>\n<meta property=\"og:title\" content=\"Tyrolienne\" \/>\n<meta property=\"og:description\" content=\"Official Mont-Tremblant vous donne des informations sur les activit\u00e9s pour enfants \u00e0 Tremblant dont la tyrolienne \u00e0 Tremblant.\" \/>\n<meta property=\"og:url\" content=\"https:\/\/officialmonttremblant.com\/fr\/activites\/activites-pour-enfants\/tyrolienne\/\" \/>\n<meta property=\"og:site_name\" content=\"Official Mont Tremblant\" \/>\n<meta property=\"article:modified_time\" content=\"2025-07-29T15:30:46+00:00\" \/>\n<meta property=\"og:image\" content=\"https:\/\/officialmonttremblant.com\/wp-content\/uploads\/2022\/09\/zipline.jpeg\" \/>\n\t<meta property=\"og:image:width\" content=\"2560\" \/>\n\t<meta property=\"og:image:height\" content=\"1707\" \/>\n\t<meta property=\"og:image:type\" content=\"image\/jpeg\" \/>\n<meta name=\"twitter:card\" content=\"summary_large_image\" \/>\n<meta name=\"twitter:label1\" content=\"Dur\u00e9e de lecture estim\u00e9e\" \/>\n\t<meta name=\"twitter:data1\" content=\"2 minutes\" \/>\n<script type=\"application\/ld+json\" class=\"yoast-schema-graph\">{\"@context\":\"https:\/\/schema.org\",\"@graph\":[{\"@type\":\"WebPage\",\"@id\":\"https:\/\/officialmonttremblant.com\/fr\/activites\/activites-pour-enfants\/tyrolienne\/\",\"url\":\"https:\/\/officialmonttremblant.com\/fr\/activites\/activites-pour-enfants\/tyrolienne\/\",\"name\":\"Tyrolienne \u00e0 Tremblant, activit\u00e9s pour enfants \u00e0 Tremblant\",\"isPartOf\":{\"@id\":\"https:\/\/officialmonttremblant.com\/fr\/#website\"},\"primaryImageOfPage\":{\"@id\":\"https:\/\/officialmonttremblant.com\/fr\/activites\/activites-pour-enfants\/tyrolienne\/#primaryimage\"},\"image\":{\"@id\":\"https:\/\/officialmonttremblant.com\/fr\/activites\/activites-pour-enfants\/tyrolienne\/#primaryimage\"},\"thumbnailUrl\":\"https:\/\/officialmonttremblant.com\/wp-content\/uploads\/2022\/09\/zipline.jpeg\",\"datePublished\":\"2022-09-15T21:57:13+00:00\",\"dateModified\":\"2025-07-29T15:30:46+00:00\",\"description\":\"Official Mont-Tremblant vous donne des informations sur les activit\u00e9s pour enfants \u00e0 Tremblant dont la tyrolienne \u00e0 Tremblant.\",\"breadcrumb\":{\"@id\":\"https:\/\/officialmonttremblant.com\/fr\/activites\/activites-pour-enfants\/tyrolienne\/#breadcrumb\"},\"inLanguage\":\"fr-FR\",\"potentialAction\":[{\"@type\":\"ReadAction\",\"target\":[\"https:\/\/officialmonttremblant.com\/fr\/activites\/activites-pour-enfants\/tyrolienne\/\"]}]},{\"@type\":\"ImageObject\",\"inLanguage\":\"fr-FR\",\"@id\":\"https:\/\/officialmonttremblant.com\/fr\/activites\/activites-pour-enfants\/tyrolienne\/#primaryimage\",\"url\":\"https:\/\/officialmonttremblant.com\/wp-content\/uploads\/2022\/09\/zipline.jpeg\",\"contentUrl\":\"https:\/\/officialmonttremblant.com\/wp-content\/uploads\/2022\/09\/zipline.jpeg\",\"width\":2560,\"height\":1707,\"caption\":\"Kids activities - Zipline\"},{\"@type\":\"BreadcrumbList\",\"@id\":\"https:\/\/officialmonttremblant.com\/fr\/activites\/activites-pour-enfants\/tyrolienne\/#breadcrumb\",\"itemListElement\":[{\"@type\":\"ListItem\",\"position\":1,\"name\":\"Home\",\"item\":\"https:\/\/officialmonttremblant.com\/fr\/\"},{\"@type\":\"ListItem\",\"position\":2,\"name\":\"Activit\u00e9s\",\"item\":\"https:\/\/officialmonttremblant.com\/fr\/activites\/\"},{\"@type\":\"ListItem\",\"position\":3,\"name\":\"Activit\u00e9s pour enfants\",\"item\":\"https:\/\/officialmonttremblant.com\/fr\/activites\/activites-pour-enfants\/\"},{\"@type\":\"ListItem\",\"position\":4,\"name\":\"Tyrolienne\"}]},{\"@type\":\"WebSite\",\"@id\":\"https:\/\/officialmonttremblant.com\/fr\/#website\",\"url\":\"https:\/\/officialmonttremblant.com\/fr\/\",\"name\":\"Official Mont Tremblant\",\"description\":\"Vacation &amp; tourist guide in Mont Tremblant\",\"potentialAction\":[{\"@type\":\"SearchAction\",\"target\":{\"@type\":\"EntryPoint\",\"urlTemplate\":\"https:\/\/officialmonttremblant.com\/fr\/?s={search_term_string}\"},\"query-input\":{\"@type\":\"PropertyValueSpecification\",\"valueRequired\":true,\"valueName\":\"search_term_string\"}}],\"inLanguage\":\"fr-FR\"}]}<\/script>\n<!-- \/ Yoast SEO Premium plugin. -->","yoast_head_json":{"title":"Tyrolienne \u00e0 Tremblant, activit\u00e9s pour enfants \u00e0 Tremblant","description":"Official Mont-Tremblant vous donne des informations sur les activit\u00e9s pour enfants \u00e0 Tremblant dont la tyrolienne \u00e0 Tremblant.","robots":{"index":"index","follow":"follow","max-snippet":"max-snippet:-1","max-image-preview":"max-image-preview:large","max-video-preview":"max-video-preview:-1"},"canonical":"https:\/\/officialmonttremblant.com\/fr\/activites\/activites-pour-enfants\/tyrolienne\/","og_locale":"fr_FR","og_type":"article","og_title":"Tyrolienne","og_description":"Official Mont-Tremblant vous donne des informations sur les activit\u00e9s pour enfants \u00e0 Tremblant dont la tyrolienne \u00e0 Tremblant.","og_url":"https:\/\/officialmonttremblant.com\/fr\/activites\/activites-pour-enfants\/tyrolienne\/","og_site_name":"Official Mont Tremblant","article_modified_time":"2025-07-29T15:30:46+00:00","og_image":[{"width":2560,"height":1707,"url":"https:\/\/officialmonttremblant.com\/wp-content\/uploads\/2022\/09\/zipline.jpeg","type":"image\/jpeg"}],"twitter_card":"summary_large_image","twitter_misc":{"Dur\u00e9e de lecture estim\u00e9e":"2 minutes"},"schema":{"@context":"https:\/\/schema.org","@graph":[{"@type":"WebPage","@id":"https:\/\/officialmonttremblant.com\/fr\/activites\/activites-pour-enfants\/tyrolienne\/","url":"https:\/\/officialmonttremblant.com\/fr\/activites\/activites-pour-enfants\/tyrolienne\/","name":"Tyrolienne \u00e0 Tremblant, activit\u00e9s pour enfants \u00e0 Tremblant","isPartOf":{"@id":"https:\/\/officialmonttremblant.com\/fr\/#website"},"primaryImageOfPage":{"@id":"https:\/\/officialmonttremblant.com\/fr\/activites\/activites-pour-enfants\/tyrolienne\/#primaryimage"},"image":{"@id":"https:\/\/officialmonttremblant.com\/fr\/activites\/activites-pour-enfants\/tyrolienne\/#primaryimage"},"thumbnailUrl":"https:\/\/officialmonttremblant.com\/wp-content\/uploads\/2022\/09\/zipline.jpeg","datePublished":"2022-09-15T21:57:13+00:00","dateModified":"2025-07-29T15:30:46+00:00","description":"Official Mont-Tremblant vous donne des informations sur les activit\u00e9s pour enfants \u00e0 Tremblant dont la tyrolienne \u00e0 Tremblant.","breadcrumb":{"@id":"https:\/\/officialmonttremblant.com\/fr\/activites\/activites-pour-enfants\/tyrolienne\/#breadcrumb"},"inLanguage":"fr-FR","potentialAction":[{"@type":"ReadAction","target":["https:\/\/officialmonttremblant.com\/fr\/activites\/activites-pour-enfants\/tyrolienne\/"]}]},{"@type":"ImageObject","inLanguage":"fr-FR","@id":"https:\/\/officialmonttremblant.com\/fr\/activites\/activites-pour-enfants\/tyrolienne\/#primaryimage","url":"https:\/\/officialmonttremblant.com\/wp-content\/uploads\/2022\/09\/zipline.jpeg","contentUrl":"https:\/\/officialmonttremblant.com\/wp-content\/uploads\/2022\/09\/zipline.jpeg","width":2560,"height":1707,"caption":"Kids activities - Zipline"},{"@type":"BreadcrumbList","@id":"https:\/\/officialmonttremblant.com\/fr\/activites\/activites-pour-enfants\/tyrolienne\/#breadcrumb","itemListElement":[{"@type":"ListItem","position":1,"name":"Home","item":"https:\/\/officialmonttremblant.com\/fr\/"},{"@type":"ListItem","position":2,"name":"Activit\u00e9s","item":"https:\/\/officialmonttremblant.com\/fr\/activites\/"},{"@type":"ListItem","position":3,"name":"Activit\u00e9s pour enfants","item":"https:\/\/officialmonttremblant.com\/fr\/activites\/activites-pour-enfants\/"},{"@type":"ListItem","position":4,"name":"Tyrolienne"}]},{"@type":"WebSite","@id":"https:\/\/officialmonttremblant.com\/fr\/#website","url":"https:\/\/officialmonttremblant.com\/fr\/","name":"Official Mont Tremblant","description":"Vacation &amp; tourist guide in Mont Tremblant","potentialAction":[{"@type":"SearchAction","target":{"@type":"EntryPoint","urlTemplate":"https:\/\/officialmonttremblant.com\/fr\/?s={search_term_string}"},"query-input":{"@type":"PropertyValueSpecification","valueRequired":true,"valueName":"search_term_string"}}],"inLanguage":"fr-FR"}]}},"jetpack_sharing_enabled":true,"_links":{"self":[{"href":"https:\/\/officialmonttremblant.com\/fr\/wp-json\/wp\/v2\/pages\/25437","targetHints":{"allow":["GET"]}}],"collection":[{"href":"https:\/\/officialmonttremblant.com\/fr\/wp-json\/wp\/v2\/pages"}],"about":[{"href":"https:\/\/officialmonttremblant.com\/fr\/wp-json\/wp\/v2\/types\/page"}],"author":[{"embeddable":true,"href":"https:\/\/officialmonttremblant.com\/fr\/wp-json\/wp\/v2\/users\/5"}],"replies":[{"embeddable":true,"href":"https:\/\/officialmonttremblant.com\/fr\/wp-json\/wp\/v2\/comments?post=25437"}],"version-history":[{"count":3,"href":"https:\/\/officialmonttremblant.com\/fr\/wp-json\/wp\/v2\/pages\/25437\/revisions"}],"predecessor-version":[{"id":26604,"href":"https:\/\/officialmonttremblant.com\/fr\/wp-json\/wp\/v2\/pages\/25437\/revisions\/26604"}],"up":[{"embeddable":true,"href":"https:\/\/officialmonttremblant.com\/fr\/wp-json\/wp\/v2\/pages\/21145"}],"wp:featuredmedia":[{"embeddable":true,"href":"https:\/\/officialmonttremblant.com\/fr\/wp-json\/wp\/v2\/media\/22911"}],"wp:attachment":[{"href":"https:\/\/officialmonttremblant.com\/fr\/wp-json\/wp\/v2\/media?parent=25437"}],"curies":[{"name":"wp","href":"https:\/\/api.w.org\/{rel}","templated":true}]}}