{"id":25440,"date":"2022-07-26T10:57:11","date_gmt":"2022-07-26T14:57:11","guid":{"rendered":"https:\/\/officialmonttremblant.com\/activites\/excursions-motorisees\/ultralight-aircraft-flights\/"},"modified":"2025-07-29T11:32:47","modified_gmt":"2025-07-29T15:32:47","slug":"vols-en-avions-ultra-legers","status":"publish","type":"page","link":"https:\/\/officialmonttremblant.com\/fr\/activites\/excursions-motorisees\/vols-en-avions-ultra-legers\/","title":{"rendered":"Vols en avions ultra-l\u00e9gers"},"content":{"rendered":"<p>[vc_row][vc_column]<div id=\"ultimate-heading-694869e88a157f5b6\" class=\"uvc-heading ult-adjust-bottom-margin ultimate-heading-694869e88a157f5b6 uvc-1  uvc-heading-default-font-sizes\" data-hspacer=\"no_spacer\"  data-halign=\"center\" style=\"text-align:center\"><div class=\"uvc-heading-spacer no_spacer\" style=\"top\"><\/div><div class=\"uvc-main-heading ult-responsive\"  data-ultimate-target='.uvc-heading.ultimate-heading-694869e88a157f5b6 h2'  data-responsive-json-new='{\"font-size\":\"\",\"line-height\":\"\"}' ><h2 style=\"--font-weight:theme;\">Vols en avions ultra-l\u00e9gers \u00e0 Tremblant<\/h2><\/div><div class=\"uvc-sub-heading ult-responsive\"  data-ultimate-target='.uvc-heading.ultimate-heading-694869e88a157f5b6 .uvc-sub-heading '  data-responsive-json-new='{\"font-size\":\"\",\"line-height\":\"\"}'  style=\"font-weight:normal;\"><\/p>\n<p style=\"text-align: left;\">Official Mont-Tremblant vous donne plus d&rsquo;informations sur les activit\u00e9s \u00e0 Tremblant dont les vols en avions ultra-l\u00e9gers \u00e0 Tremblant.<\/p>\n<p style=\"text-align: left;\"><span style=\"font-weight: 400;\">Rapprochez-vous de la nature, obtenez une perspective du Mont Tremblant que vous ne pouvez pas avoir du sol. Vous pouvez voler autour de Mont Tremblant, en passant par le parc national du Mont Tremblant, autour de la montagne ou sur le sommet, puis le long du magnifique lac Tremblant, voir la sinueuse Rivi\u00e8re Rouge ou <\/span><span style=\"font-weight: 400;\">\u00a0les belles cascades de Labelle.\u00a0<\/span><span style=\"font-weight: 400;\">Official Mont Tremblant a s\u00e9lectionn\u00e9 pour vous les meilleurs pilotes professionnels et d\u00e9vou\u00e9s pour un incroyable tour en Ultra L\u00e9ger au-dessus de Mont Tremblant.<\/span><\/p>\n<p style=\"text-align: left;\"><strong>Tour d\u2019avion:\u00a0<\/strong><span style=\"font-weight: 400;\">Les tours en avion \u00e0 Mont Tremblant sont offerts par A\u00e9ro Loisirs situ\u00e9 \u00e0 l&rsquo;a\u00e9roport international de Mont Tremblant. A\u00e9ro Loisirs vous propose des tours en avion de 20, 30, 40, 50 et 60 minutes personnalis\u00e9s selon vos go\u00fbts. Un pilote qualifi\u00e9 vous emm\u00e8nera dans un Cessna \u00e0 3 passagers pour une exp\u00e9rience inoubliable.\u00a0<\/span><span style=\"font-weight: 400;\">TARIFS: <\/span><a href=\"https:\/\/aeroloisirs.com\/en\/airplane-tour\/\"><span style=\"font-weight: 400;\">https:\/\/aeroloisirs.com\/fr\/airplane-tour\/<\/span><\/a><\/p>\n<p style=\"text-align: left;\"><strong>Pilote d&rsquo;un jour:\u00a0<\/strong><span style=\"font-weight: 400;\">Vous avez toujours r\u00eav\u00e9 de piloter un avion ? Si la r\u00e9ponse est oui, alors vous avez de la chance. En plus des tours d&rsquo;avion \u00e0 Mont Tremblant, A\u00e9ro Loisirs offre \u00e9galement une activit\u00e9 appel\u00e9e \u00ab Pilote d&rsquo;un jour \u00bb. Cette activit\u00e9 vous donne la chance de voler au-dessus des Laurentides et de prendre les commandes de l&rsquo;avion. Un instructeur de vol exp\u00e9riment\u00e9 vous donnera un cours d&rsquo;une heure sur les bases du pilotage et de l&rsquo;exploitation standard d&rsquo;un avion. L&rsquo;instructeur vous guidera ensuite \u00e0 travers une v\u00e9rification pr\u00e9-vol avant de d\u00e9coller pour un vol de 50 minutes. Une fois de retour \u00e0 l&rsquo;a\u00e9rodrome, vous aurez un d\u00e9briefing de 15 minutes. Vous pouvez inviter deux passagers pour le trajet.\u00a0<\/span><span style=\"font-weight: 400;\">TARIFS: <\/span><a href=\"https:\/\/aeroloisirs.com\/en\/airplane-tour\/\"><span style=\"font-weight: 400;\">https:\/\/aeroloisirs.com\/fr\/tour-avion\/<\/span><\/a><\/p>\n<p>&nbsp;<\/p>\n<p style=\"text-align: center;\"><strong>AERO LOISIRS<\/strong><\/p>\n<p style=\"text-align: center;\"><strong>144 Ch Roger-Hebert<\/strong><\/p>\n<p style=\"text-align: center;\"><strong>La Macaza, QC J0T 1R0<\/strong><\/p>\n<p style=\"text-align: center;\"><strong><a href=\"http:\/\/www.aeroloisirs.com\/\">aeroloisirs.com<\/a><\/strong><\/p>\n<p style=\"text-align: center;\"><strong>1 819-275-2445<\/strong><\/p>\n<p style=\"text-align: center;\"><strong>info@aeroloisirs.com<\/strong><\/p>\n<p><\/div><\/div>[\/vc_column][\/vc_row][vc_row][vc_column][vc_empty_space height=\u00a0\u00bb60px\u00a0\u00bb][\/vc_column][\/vc_row][vc_row][vc_column][vc_single_image image=\u00a0\u00bb25164&Prime; img_size=\u00a0\u00bb800&#215;600&Prime; alignment=\u00a0\u00bbcenter\u00a0\u00bb][\/vc_column][\/vc_row]<\/p>\n","protected":false},"excerpt":{"rendered":"<p>[vc_row][vc_column][\/vc_column][\/vc_row][vc_row][vc_column][vc_empty_space height=\u00a0\u00bb60px\u00a0\u00bb][\/vc_column][\/vc_row][vc_row][vc_column][vc_single_image image=\u00a0\u00bb25164&Prime; img_size=\u00a0\u00bb800&#215;600&Prime; alignment=\u00a0\u00bbcenter\u00a0\u00bb][\/vc_column][\/vc_row]<\/p>\n","protected":false},"author":1,"featured_media":25161,"parent":21146,"menu_order":0,"comment_status":"closed","ping_status":"closed","template":"","meta":{"footnotes":""},"class_list":["post-25440","page","type-page","status-publish","has-post-thumbnail","hentry","description-off"],"yoast_head":"<!-- This site is optimized with the Yoast SEO Premium plugin v26.5 (Yoast SEO v26.5) - https:\/\/yoast.com\/wordpress\/plugins\/seo\/ -->\n<title>Vols en avions ultra-l\u00e9gers \u00e0 Tremblant, Activit\u00e9s \u00e0 Tremblant<\/title>\n<meta name=\"description\" content=\"Official Mont-Tremblant vous donne plus d&#039;informations sur les activit\u00e9s \u00e0 Tremblant dont les vols en avions ultra-l\u00e9gers \u00e0 Tremblant.\" \/>\n<meta name=\"robots\" content=\"index, follow, max-snippet:-1, max-image-preview:large, max-video-preview:-1\" \/>\n<link rel=\"canonical\" href=\"https:\/\/officialmonttremblant.com\/fr\/activites\/excursions-motorisees\/vols-en-avions-ultra-legers\/\" \/>\n<meta property=\"og:locale\" content=\"fr_FR\" \/>\n<meta property=\"og:type\" content=\"article\" \/>\n<meta property=\"og:title\" content=\"Vols en avions ultra-l\u00e9gers\" \/>\n<meta property=\"og:description\" content=\"Official Mont-Tremblant vous donne plus d&#039;informations sur les activit\u00e9s \u00e0 Tremblant dont les vols en avions ultra-l\u00e9gers \u00e0 Tremblant.\" \/>\n<meta property=\"og:url\" content=\"https:\/\/officialmonttremblant.com\/fr\/activites\/excursions-motorisees\/vols-en-avions-ultra-legers\/\" \/>\n<meta property=\"og:site_name\" content=\"Official Mont Tremblant\" \/>\n<meta property=\"article:modified_time\" content=\"2025-07-29T15:32:47+00:00\" \/>\n<meta property=\"og:image\" content=\"https:\/\/officialmonttremblant.com\/wp-content\/uploads\/2022\/10\/Ultra-light-aircraft.jpeg\" \/>\n\t<meta property=\"og:image:width\" content=\"268\" \/>\n\t<meta property=\"og:image:height\" content=\"188\" \/>\n\t<meta property=\"og:image:type\" content=\"image\/jpeg\" \/>\n<meta name=\"twitter:card\" content=\"summary_large_image\" \/>\n<meta name=\"twitter:label1\" content=\"Dur\u00e9e de lecture estim\u00e9e\" \/>\n\t<meta name=\"twitter:data1\" content=\"2 minutes\" \/>\n<script type=\"application\/ld+json\" class=\"yoast-schema-graph\">{\"@context\":\"https:\/\/schema.org\",\"@graph\":[{\"@type\":\"WebPage\",\"@id\":\"https:\/\/officialmonttremblant.com\/fr\/activites\/excursions-motorisees\/vols-en-avions-ultra-legers\/\",\"url\":\"https:\/\/officialmonttremblant.com\/fr\/activites\/excursions-motorisees\/vols-en-avions-ultra-legers\/\",\"name\":\"Vols en avions ultra-l\u00e9gers \u00e0 Tremblant, Activit\u00e9s \u00e0 Tremblant\",\"isPartOf\":{\"@id\":\"https:\/\/officialmonttremblant.com\/fr\/#website\"},\"primaryImageOfPage\":{\"@id\":\"https:\/\/officialmonttremblant.com\/fr\/activites\/excursions-motorisees\/vols-en-avions-ultra-legers\/#primaryimage\"},\"image\":{\"@id\":\"https:\/\/officialmonttremblant.com\/fr\/activites\/excursions-motorisees\/vols-en-avions-ultra-legers\/#primaryimage\"},\"thumbnailUrl\":\"https:\/\/officialmonttremblant.com\/wp-content\/uploads\/2022\/10\/Ultra-light-aircraft.jpeg\",\"datePublished\":\"2022-07-26T14:57:11+00:00\",\"dateModified\":\"2025-07-29T15:32:47+00:00\",\"description\":\"Official Mont-Tremblant vous donne plus d'informations sur les activit\u00e9s \u00e0 Tremblant dont les vols en avions ultra-l\u00e9gers \u00e0 Tremblant.\",\"breadcrumb\":{\"@id\":\"https:\/\/officialmonttremblant.com\/fr\/activites\/excursions-motorisees\/vols-en-avions-ultra-legers\/#breadcrumb\"},\"inLanguage\":\"fr-FR\",\"potentialAction\":[{\"@type\":\"ReadAction\",\"target\":[\"https:\/\/officialmonttremblant.com\/fr\/activites\/excursions-motorisees\/vols-en-avions-ultra-legers\/\"]}]},{\"@type\":\"ImageObject\",\"inLanguage\":\"fr-FR\",\"@id\":\"https:\/\/officialmonttremblant.com\/fr\/activites\/excursions-motorisees\/vols-en-avions-ultra-legers\/#primaryimage\",\"url\":\"https:\/\/officialmonttremblant.com\/wp-content\/uploads\/2022\/10\/Ultra-light-aircraft.jpeg\",\"contentUrl\":\"https:\/\/officialmonttremblant.com\/wp-content\/uploads\/2022\/10\/Ultra-light-aircraft.jpeg\",\"width\":268,\"height\":188,\"caption\":\"Ultra\"},{\"@type\":\"BreadcrumbList\",\"@id\":\"https:\/\/officialmonttremblant.com\/fr\/activites\/excursions-motorisees\/vols-en-avions-ultra-legers\/#breadcrumb\",\"itemListElement\":[{\"@type\":\"ListItem\",\"position\":1,\"name\":\"Home\",\"item\":\"https:\/\/officialmonttremblant.com\/fr\/\"},{\"@type\":\"ListItem\",\"position\":2,\"name\":\"Activit\u00e9s\",\"item\":\"https:\/\/officialmonttremblant.com\/fr\/activites\/\"},{\"@type\":\"ListItem\",\"position\":3,\"name\":\"Excursions Motoris\u00e9es\",\"item\":\"https:\/\/officialmonttremblant.com\/fr\/activites\/excursions-motorisees\/\"},{\"@type\":\"ListItem\",\"position\":4,\"name\":\"Vols en avions ultra-l\u00e9gers\"}]},{\"@type\":\"WebSite\",\"@id\":\"https:\/\/officialmonttremblant.com\/fr\/#website\",\"url\":\"https:\/\/officialmonttremblant.com\/fr\/\",\"name\":\"Official Mont Tremblant\",\"description\":\"Vacation &amp; tourist guide in Mont Tremblant\",\"potentialAction\":[{\"@type\":\"SearchAction\",\"target\":{\"@type\":\"EntryPoint\",\"urlTemplate\":\"https:\/\/officialmonttremblant.com\/fr\/?s={search_term_string}\"},\"query-input\":{\"@type\":\"PropertyValueSpecification\",\"valueRequired\":true,\"valueName\":\"search_term_string\"}}],\"inLanguage\":\"fr-FR\"}]}<\/script>\n<!-- \/ Yoast SEO Premium plugin. -->","yoast_head_json":{"title":"Vols en avions ultra-l\u00e9gers \u00e0 Tremblant, Activit\u00e9s \u00e0 Tremblant","description":"Official Mont-Tremblant vous donne plus d'informations sur les activit\u00e9s \u00e0 Tremblant dont les vols en avions ultra-l\u00e9gers \u00e0 Tremblant.","robots":{"index":"index","follow":"follow","max-snippet":"max-snippet:-1","max-image-preview":"max-image-preview:large","max-video-preview":"max-video-preview:-1"},"canonical":"https:\/\/officialmonttremblant.com\/fr\/activites\/excursions-motorisees\/vols-en-avions-ultra-legers\/","og_locale":"fr_FR","og_type":"article","og_title":"Vols en avions ultra-l\u00e9gers","og_description":"Official Mont-Tremblant vous donne plus d'informations sur les activit\u00e9s \u00e0 Tremblant dont les vols en avions ultra-l\u00e9gers \u00e0 Tremblant.","og_url":"https:\/\/officialmonttremblant.com\/fr\/activites\/excursions-motorisees\/vols-en-avions-ultra-legers\/","og_site_name":"Official Mont Tremblant","article_modified_time":"2025-07-29T15:32:47+00:00","og_image":[{"width":268,"height":188,"url":"https:\/\/officialmonttremblant.com\/wp-content\/uploads\/2022\/10\/Ultra-light-aircraft.jpeg","type":"image\/jpeg"}],"twitter_card":"summary_large_image","twitter_misc":{"Dur\u00e9e de lecture estim\u00e9e":"2 minutes"},"schema":{"@context":"https:\/\/schema.org","@graph":[{"@type":"WebPage","@id":"https:\/\/officialmonttremblant.com\/fr\/activites\/excursions-motorisees\/vols-en-avions-ultra-legers\/","url":"https:\/\/officialmonttremblant.com\/fr\/activites\/excursions-motorisees\/vols-en-avions-ultra-legers\/","name":"Vols en avions ultra-l\u00e9gers \u00e0 Tremblant, Activit\u00e9s \u00e0 Tremblant","isPartOf":{"@id":"https:\/\/officialmonttremblant.com\/fr\/#website"},"primaryImageOfPage":{"@id":"https:\/\/officialmonttremblant.com\/fr\/activites\/excursions-motorisees\/vols-en-avions-ultra-legers\/#primaryimage"},"image":{"@id":"https:\/\/officialmonttremblant.com\/fr\/activites\/excursions-motorisees\/vols-en-avions-ultra-legers\/#primaryimage"},"thumbnailUrl":"https:\/\/officialmonttremblant.com\/wp-content\/uploads\/2022\/10\/Ultra-light-aircraft.jpeg","datePublished":"2022-07-26T14:57:11+00:00","dateModified":"2025-07-29T15:32:47+00:00","description":"Official Mont-Tremblant vous donne plus d'informations sur les activit\u00e9s \u00e0 Tremblant dont les vols en avions ultra-l\u00e9gers \u00e0 Tremblant.","breadcrumb":{"@id":"https:\/\/officialmonttremblant.com\/fr\/activites\/excursions-motorisees\/vols-en-avions-ultra-legers\/#breadcrumb"},"inLanguage":"fr-FR","potentialAction":[{"@type":"ReadAction","target":["https:\/\/officialmonttremblant.com\/fr\/activites\/excursions-motorisees\/vols-en-avions-ultra-legers\/"]}]},{"@type":"ImageObject","inLanguage":"fr-FR","@id":"https:\/\/officialmonttremblant.com\/fr\/activites\/excursions-motorisees\/vols-en-avions-ultra-legers\/#primaryimage","url":"https:\/\/officialmonttremblant.com\/wp-content\/uploads\/2022\/10\/Ultra-light-aircraft.jpeg","contentUrl":"https:\/\/officialmonttremblant.com\/wp-content\/uploads\/2022\/10\/Ultra-light-aircraft.jpeg","width":268,"height":188,"caption":"Ultra"},{"@type":"BreadcrumbList","@id":"https:\/\/officialmonttremblant.com\/fr\/activites\/excursions-motorisees\/vols-en-avions-ultra-legers\/#breadcrumb","itemListElement":[{"@type":"ListItem","position":1,"name":"Home","item":"https:\/\/officialmonttremblant.com\/fr\/"},{"@type":"ListItem","position":2,"name":"Activit\u00e9s","item":"https:\/\/officialmonttremblant.com\/fr\/activites\/"},{"@type":"ListItem","position":3,"name":"Excursions Motoris\u00e9es","item":"https:\/\/officialmonttremblant.com\/fr\/activites\/excursions-motorisees\/"},{"@type":"ListItem","position":4,"name":"Vols en avions ultra-l\u00e9gers"}]},{"@type":"WebSite","@id":"https:\/\/officialmonttremblant.com\/fr\/#website","url":"https:\/\/officialmonttremblant.com\/fr\/","name":"Official Mont Tremblant","description":"Vacation &amp; tourist guide in Mont Tremblant","potentialAction":[{"@type":"SearchAction","target":{"@type":"EntryPoint","urlTemplate":"https:\/\/officialmonttremblant.com\/fr\/?s={search_term_string}"},"query-input":{"@type":"PropertyValueSpecification","valueRequired":true,"valueName":"search_term_string"}}],"inLanguage":"fr-FR"}]}},"jetpack_sharing_enabled":true,"_links":{"self":[{"href":"https:\/\/officialmonttremblant.com\/fr\/wp-json\/wp\/v2\/pages\/25440","targetHints":{"allow":["GET"]}}],"collection":[{"href":"https:\/\/officialmonttremblant.com\/fr\/wp-json\/wp\/v2\/pages"}],"about":[{"href":"https:\/\/officialmonttremblant.com\/fr\/wp-json\/wp\/v2\/types\/page"}],"author":[{"embeddable":true,"href":"https:\/\/officialmonttremblant.com\/fr\/wp-json\/wp\/v2\/users\/1"}],"replies":[{"embeddable":true,"href":"https:\/\/officialmonttremblant.com\/fr\/wp-json\/wp\/v2\/comments?post=25440"}],"version-history":[{"count":4,"href":"https:\/\/officialmonttremblant.com\/fr\/wp-json\/wp\/v2\/pages\/25440\/revisions"}],"predecessor-version":[{"id":26661,"href":"https:\/\/officialmonttremblant.com\/fr\/wp-json\/wp\/v2\/pages\/25440\/revisions\/26661"}],"up":[{"embeddable":true,"href":"https:\/\/officialmonttremblant.com\/fr\/wp-json\/wp\/v2\/pages\/21146"}],"wp:featuredmedia":[{"embeddable":true,"href":"https:\/\/officialmonttremblant.com\/fr\/wp-json\/wp\/v2\/media\/25161"}],"wp:attachment":[{"href":"https:\/\/officialmonttremblant.com\/fr\/wp-json\/wp\/v2\/media?parent=25440"}],"curies":[{"name":"wp","href":"https:\/\/api.w.org\/{rel}","templated":true}]}}