{"id":25441,"date":"2022-09-28T15:01:23","date_gmt":"2022-09-28T19:01:23","guid":{"rendered":"https:\/\/officialmonttremblant.com\/activites\/activites-d-ete\/stand-up-paddle\/"},"modified":"2025-07-29T11:58:25","modified_gmt":"2025-07-29T15:58:25","slug":"paddle","status":"publish","type":"page","link":"https:\/\/officialmonttremblant.com\/fr\/activites\/activites-d-ete\/paddle\/","title":{"rendered":"Paddle"},"content":{"rendered":"<p>[vc_row][vc_column]<div id=\"ultimate-heading-686269f0ff2eca946\" class=\"uvc-heading ult-adjust-bottom-margin ultimate-heading-686269f0ff2eca946 uvc-1044  uvc-heading-default-font-sizes\" data-hspacer=\"no_spacer\"  data-halign=\"left\" style=\"text-align:left\"><div class=\"uvc-heading-spacer no_spacer\" style=\"top\"><\/div><div class=\"uvc-main-heading ult-responsive\"  data-ultimate-target='.uvc-heading.ultimate-heading-686269f0ff2eca946 h2'  data-responsive-json-new='{\"font-size\":\"\",\"line-height\":\"\"}' ><h2 style=\"--font-weight:theme;\">Stand up paddle in Mont-Tremblant<\/h2><\/div><div class=\"uvc-sub-heading ult-responsive\"  data-ultimate-target='.uvc-heading.ultimate-heading-686269f0ff2eca946 .uvc-sub-heading '  data-responsive-json-new='{\"font-size\":\"\",\"line-height\":\"\"}'  style=\"font-weight:normal;\"><\/p>\n<p style=\"text-align: left;\">Official Mont-Tremblant provides information on the summer activities in Tremblant including stand up paddle in Mont-Tremblant.<\/p>\n<p dir=\"ltr\" style=\"text-align: left;\">Paddle boarding is a very popular nautical summer activity in Mont Tremblant that can be enjoyed by all the family \u2013 from adults to teens to children \u2013 even the family dog can get involved!<\/p>\n<p dir=\"ltr\" style=\"text-align: left;\">While it is good exercise, paddle boarding is a low impact sport, meaning that any adults with injuries,\u00a0 will still be able to access it. Paddle boarding is also a great way to tire out your children during the holidays, keeping them busy and active.<\/p>\n<p dir=\"ltr\" style=\"text-align: left;\">Forested mountains border the sapphire waters of Lac Tremblant, making this narrow, 12-kilometer-long lake one of the busier\u2014but no less beautiful\u2014locations for SUP activities. Located just 5 minutes from Mont Tremblant Resort, you can paddle along the lakeshore while enjoying the stunning views of the ski area and surrounding peaks.\u00a0Official Mont Tremblant has selected for you the best activity centers , making it easy to rent equipment or participate in guided tours.<\/p>\n<h4 dir=\"ltr\"><\/h4>\n<p>&nbsp;<\/p>\n<h4 dir=\"ltr\" style=\"text-align: left;\"><strong>Action Tremblant<\/strong><\/h4>\n<p dir=\"ltr\" style=\"text-align: left;\">Glide over the calm clear water of Bel Air Lake. There is no better way to take in our beautiful environment than by touring the 10 acres of water on a paddleboard SUP.<\/p>\n<p dir=\"ltr\" style=\"text-align: left;\">Location: 80 rues des Sept Sommets,\u00a0Mont Tremblant, QC J0T 1M0<\/p>\n<p dir=\"ltr\" style=\"text-align: left;\">Phone:\u00a0+1 819 833-1293<\/p>\n<p dir=\"ltr\" style=\"text-align: left;\">Website: <a href=\"https:\/\/actiontremblant.com\/summer-activities\/paddle-board-mont-tremblant\/\">https:\/\/actiontremblant.com\/summer-activities\/paddle-board-mont-tremblant\/<\/a><\/p>\n<h4 dir=\"ltr\"><\/h4>\n<h4 dir=\"ltr\" style=\"text-align: left;\">Centre Nautique Pierre Plouffe<\/h4>\n<p dir=\"ltr\" style=\"text-align: left;\">Location: 2900 Chemin du Village, Mont-Tremblant<\/p>\n<p dir=\"ltr\" style=\"text-align: left;\">Phone: 888-681-5634<\/p>\n<p style=\"text-align: left;\">Website: <a href=\"http:\/\/www.tremblantnautique.com\/en\/\">www.tremblantnautique.com\/en\/<\/a><\/p>\n<p><\/div><\/div>[\/vc_column][\/vc_row][vc_row][vc_column][vc_empty_space height=\u00a0\u00bb60px\u00a0\u00bb][\/vc_column][\/vc_row][vc_row][vc_column][vc_single_image image=\u00a0\u00bb23769&Prime; img_size=\u00a0\u00bb600&#215;400&Prime; alignment=\u00a0\u00bbcenter\u00a0\u00bb][\/vc_column][\/vc_row]<\/p>\n","protected":false},"excerpt":{"rendered":"<p>[vc_row][vc_column][\/vc_column][\/vc_row][vc_row][vc_column][vc_empty_space height=\u00a0\u00bb60px\u00a0\u00bb][\/vc_column][\/vc_row][vc_row][vc_column][vc_single_image image=\u00a0\u00bb23769&Prime; img_size=\u00a0\u00bb600&#215;400&Prime; alignment=\u00a0\u00bbcenter\u00a0\u00bb][\/vc_column][\/vc_row]<\/p>\n","protected":false},"author":5,"featured_media":23770,"parent":21147,"menu_order":0,"comment_status":"closed","ping_status":"closed","template":"","meta":{"footnotes":""},"class_list":["post-25441","page","type-page","status-publish","has-post-thumbnail","hentry","description-off"],"yoast_head":"<!-- This site is optimized with the Yoast SEO Premium plugin v26.5 (Yoast SEO v26.5) - https:\/\/yoast.com\/wordpress\/plugins\/seo\/ -->\n<title>Stand up paddle in Mont-Tremblant, summer activities in Tremblant<\/title>\n<meta name=\"description\" content=\"Official Mont-Tremblant provides information on the summer activities in Tremblant including stand up paddle in Mont-Tremblant.\" \/>\n<meta name=\"robots\" content=\"index, follow, max-snippet:-1, max-image-preview:large, max-video-preview:-1\" \/>\n<link rel=\"canonical\" href=\"https:\/\/officialmonttremblant.com\/fr\/activites\/activites-d-ete\/paddle\/\" \/>\n<meta property=\"og:locale\" content=\"fr_FR\" \/>\n<meta property=\"og:type\" content=\"article\" \/>\n<meta property=\"og:title\" content=\"Paddle\" \/>\n<meta property=\"og:description\" content=\"Official Mont-Tremblant provides information on the summer activities in Tremblant including stand up paddle in Mont-Tremblant.\" \/>\n<meta property=\"og:url\" content=\"https:\/\/officialmonttremblant.com\/fr\/activites\/activites-d-ete\/paddle\/\" \/>\n<meta property=\"og:site_name\" content=\"Official Mont Tremblant\" \/>\n<meta property=\"article:modified_time\" content=\"2025-07-29T15:58:25+00:00\" \/>\n<meta property=\"og:image\" content=\"https:\/\/officialmonttremblant.com\/wp-content\/uploads\/2022\/09\/stand-up-paddle.jpeg\" \/>\n\t<meta property=\"og:image:width\" content=\"960\" \/>\n\t<meta property=\"og:image:height\" content=\"640\" \/>\n\t<meta property=\"og:image:type\" content=\"image\/jpeg\" \/>\n<meta name=\"twitter:card\" content=\"summary_large_image\" \/>\n<meta name=\"twitter:label1\" content=\"Dur\u00e9e de lecture estim\u00e9e\" \/>\n\t<meta name=\"twitter:data1\" content=\"2 minutes\" \/>\n<script type=\"application\/ld+json\" class=\"yoast-schema-graph\">{\"@context\":\"https:\/\/schema.org\",\"@graph\":[{\"@type\":\"WebPage\",\"@id\":\"https:\/\/officialmonttremblant.com\/fr\/activites\/activites-d-ete\/paddle\/\",\"url\":\"https:\/\/officialmonttremblant.com\/fr\/activites\/activites-d-ete\/paddle\/\",\"name\":\"Stand up paddle in Mont-Tremblant, summer activities in Tremblant\",\"isPartOf\":{\"@id\":\"https:\/\/officialmonttremblant.com\/fr\/#website\"},\"primaryImageOfPage\":{\"@id\":\"https:\/\/officialmonttremblant.com\/fr\/activites\/activites-d-ete\/paddle\/#primaryimage\"},\"image\":{\"@id\":\"https:\/\/officialmonttremblant.com\/fr\/activites\/activites-d-ete\/paddle\/#primaryimage\"},\"thumbnailUrl\":\"https:\/\/officialmonttremblant.com\/wp-content\/uploads\/2022\/09\/stand-up-paddle.jpeg\",\"datePublished\":\"2022-09-28T19:01:23+00:00\",\"dateModified\":\"2025-07-29T15:58:25+00:00\",\"description\":\"Official Mont-Tremblant provides information on the summer activities in Tremblant including stand up paddle in Mont-Tremblant.\",\"breadcrumb\":{\"@id\":\"https:\/\/officialmonttremblant.com\/fr\/activites\/activites-d-ete\/paddle\/#breadcrumb\"},\"inLanguage\":\"fr-FR\",\"potentialAction\":[{\"@type\":\"ReadAction\",\"target\":[\"https:\/\/officialmonttremblant.com\/fr\/activites\/activites-d-ete\/paddle\/\"]}]},{\"@type\":\"ImageObject\",\"inLanguage\":\"fr-FR\",\"@id\":\"https:\/\/officialmonttremblant.com\/fr\/activites\/activites-d-ete\/paddle\/#primaryimage\",\"url\":\"https:\/\/officialmonttremblant.com\/wp-content\/uploads\/2022\/09\/stand-up-paddle.jpeg\",\"contentUrl\":\"https:\/\/officialmonttremblant.com\/wp-content\/uploads\/2022\/09\/stand-up-paddle.jpeg\",\"width\":960,\"height\":640,\"caption\":\"Stand-up paddle in Mont-Tremblant\"},{\"@type\":\"BreadcrumbList\",\"@id\":\"https:\/\/officialmonttremblant.com\/fr\/activites\/activites-d-ete\/paddle\/#breadcrumb\",\"itemListElement\":[{\"@type\":\"ListItem\",\"position\":1,\"name\":\"Home\",\"item\":\"https:\/\/officialmonttremblant.com\/fr\/\"},{\"@type\":\"ListItem\",\"position\":2,\"name\":\"Activit\u00e9s\",\"item\":\"https:\/\/officialmonttremblant.com\/fr\/activites\/\"},{\"@type\":\"ListItem\",\"position\":3,\"name\":\"Activit\u00e9s d&#8217;\u00e9t\u00e9\",\"item\":\"https:\/\/officialmonttremblant.com\/fr\/activites\/activites-d-ete\/\"},{\"@type\":\"ListItem\",\"position\":4,\"name\":\"Paddle\"}]},{\"@type\":\"WebSite\",\"@id\":\"https:\/\/officialmonttremblant.com\/fr\/#website\",\"url\":\"https:\/\/officialmonttremblant.com\/fr\/\",\"name\":\"Official Mont Tremblant\",\"description\":\"Vacation &amp; tourist guide in Mont Tremblant\",\"potentialAction\":[{\"@type\":\"SearchAction\",\"target\":{\"@type\":\"EntryPoint\",\"urlTemplate\":\"https:\/\/officialmonttremblant.com\/fr\/?s={search_term_string}\"},\"query-input\":{\"@type\":\"PropertyValueSpecification\",\"valueRequired\":true,\"valueName\":\"search_term_string\"}}],\"inLanguage\":\"fr-FR\"}]}<\/script>\n<!-- \/ Yoast SEO Premium plugin. -->","yoast_head_json":{"title":"Stand up paddle in Mont-Tremblant, summer activities in Tremblant","description":"Official Mont-Tremblant provides information on the summer activities in Tremblant including stand up paddle in Mont-Tremblant.","robots":{"index":"index","follow":"follow","max-snippet":"max-snippet:-1","max-image-preview":"max-image-preview:large","max-video-preview":"max-video-preview:-1"},"canonical":"https:\/\/officialmonttremblant.com\/fr\/activites\/activites-d-ete\/paddle\/","og_locale":"fr_FR","og_type":"article","og_title":"Paddle","og_description":"Official Mont-Tremblant provides information on the summer activities in Tremblant including stand up paddle in Mont-Tremblant.","og_url":"https:\/\/officialmonttremblant.com\/fr\/activites\/activites-d-ete\/paddle\/","og_site_name":"Official Mont Tremblant","article_modified_time":"2025-07-29T15:58:25+00:00","og_image":[{"width":960,"height":640,"url":"https:\/\/officialmonttremblant.com\/wp-content\/uploads\/2022\/09\/stand-up-paddle.jpeg","type":"image\/jpeg"}],"twitter_card":"summary_large_image","twitter_misc":{"Dur\u00e9e de lecture estim\u00e9e":"2 minutes"},"schema":{"@context":"https:\/\/schema.org","@graph":[{"@type":"WebPage","@id":"https:\/\/officialmonttremblant.com\/fr\/activites\/activites-d-ete\/paddle\/","url":"https:\/\/officialmonttremblant.com\/fr\/activites\/activites-d-ete\/paddle\/","name":"Stand up paddle in Mont-Tremblant, summer activities in Tremblant","isPartOf":{"@id":"https:\/\/officialmonttremblant.com\/fr\/#website"},"primaryImageOfPage":{"@id":"https:\/\/officialmonttremblant.com\/fr\/activites\/activites-d-ete\/paddle\/#primaryimage"},"image":{"@id":"https:\/\/officialmonttremblant.com\/fr\/activites\/activites-d-ete\/paddle\/#primaryimage"},"thumbnailUrl":"https:\/\/officialmonttremblant.com\/wp-content\/uploads\/2022\/09\/stand-up-paddle.jpeg","datePublished":"2022-09-28T19:01:23+00:00","dateModified":"2025-07-29T15:58:25+00:00","description":"Official Mont-Tremblant provides information on the summer activities in Tremblant including stand up paddle in Mont-Tremblant.","breadcrumb":{"@id":"https:\/\/officialmonttremblant.com\/fr\/activites\/activites-d-ete\/paddle\/#breadcrumb"},"inLanguage":"fr-FR","potentialAction":[{"@type":"ReadAction","target":["https:\/\/officialmonttremblant.com\/fr\/activites\/activites-d-ete\/paddle\/"]}]},{"@type":"ImageObject","inLanguage":"fr-FR","@id":"https:\/\/officialmonttremblant.com\/fr\/activites\/activites-d-ete\/paddle\/#primaryimage","url":"https:\/\/officialmonttremblant.com\/wp-content\/uploads\/2022\/09\/stand-up-paddle.jpeg","contentUrl":"https:\/\/officialmonttremblant.com\/wp-content\/uploads\/2022\/09\/stand-up-paddle.jpeg","width":960,"height":640,"caption":"Stand-up paddle in Mont-Tremblant"},{"@type":"BreadcrumbList","@id":"https:\/\/officialmonttremblant.com\/fr\/activites\/activites-d-ete\/paddle\/#breadcrumb","itemListElement":[{"@type":"ListItem","position":1,"name":"Home","item":"https:\/\/officialmonttremblant.com\/fr\/"},{"@type":"ListItem","position":2,"name":"Activit\u00e9s","item":"https:\/\/officialmonttremblant.com\/fr\/activites\/"},{"@type":"ListItem","position":3,"name":"Activit\u00e9s d&#8217;\u00e9t\u00e9","item":"https:\/\/officialmonttremblant.com\/fr\/activites\/activites-d-ete\/"},{"@type":"ListItem","position":4,"name":"Paddle"}]},{"@type":"WebSite","@id":"https:\/\/officialmonttremblant.com\/fr\/#website","url":"https:\/\/officialmonttremblant.com\/fr\/","name":"Official Mont Tremblant","description":"Vacation &amp; tourist guide in Mont Tremblant","potentialAction":[{"@type":"SearchAction","target":{"@type":"EntryPoint","urlTemplate":"https:\/\/officialmonttremblant.com\/fr\/?s={search_term_string}"},"query-input":{"@type":"PropertyValueSpecification","valueRequired":true,"valueName":"search_term_string"}}],"inLanguage":"fr-FR"}]}},"jetpack_sharing_enabled":true,"_links":{"self":[{"href":"https:\/\/officialmonttremblant.com\/fr\/wp-json\/wp\/v2\/pages\/25441","targetHints":{"allow":["GET"]}}],"collection":[{"href":"https:\/\/officialmonttremblant.com\/fr\/wp-json\/wp\/v2\/pages"}],"about":[{"href":"https:\/\/officialmonttremblant.com\/fr\/wp-json\/wp\/v2\/types\/page"}],"author":[{"embeddable":true,"href":"https:\/\/officialmonttremblant.com\/fr\/wp-json\/wp\/v2\/users\/5"}],"replies":[{"embeddable":true,"href":"https:\/\/officialmonttremblant.com\/fr\/wp-json\/wp\/v2\/comments?post=25441"}],"version-history":[{"count":1,"href":"https:\/\/officialmonttremblant.com\/fr\/wp-json\/wp\/v2\/pages\/25441\/revisions"}],"predecessor-version":[{"id":25476,"href":"https:\/\/officialmonttremblant.com\/fr\/wp-json\/wp\/v2\/pages\/25441\/revisions\/25476"}],"up":[{"embeddable":true,"href":"https:\/\/officialmonttremblant.com\/fr\/wp-json\/wp\/v2\/pages\/21147"}],"wp:featuredmedia":[{"embeddable":true,"href":"https:\/\/officialmonttremblant.com\/fr\/wp-json\/wp\/v2\/media\/23770"}],"wp:attachment":[{"href":"https:\/\/officialmonttremblant.com\/fr\/wp-json\/wp\/v2\/media?parent=25441"}],"curies":[{"name":"wp","href":"https:\/\/api.w.org\/{rel}","templated":true}]}}