{"id":25443,"date":"2022-09-20T13:26:17","date_gmt":"2022-09-20T17:26:17","guid":{"rendered":"https:\/\/officialmonttremblant.com\/activites\/activites-d-ete\/peche\/river-fishing-in-tremblant\/"},"modified":"2025-07-29T11:42:53","modified_gmt":"2025-07-29T15:42:53","slug":"peche-en-rivierre-a-tremblant","status":"publish","type":"page","link":"https:\/\/officialmonttremblant.com\/fr\/activites\/activites-d-ete\/peche\/peche-en-rivierre-a-tremblant\/","title":{"rendered":"P\u00eache en rivi\u00e8re \u00e0 Tremblant"},"content":{"rendered":"<p>[vc_row][vc_column]<div id=\"ultimate-heading-904469d805e90c63a\" class=\"uvc-heading ult-adjust-bottom-margin ultimate-heading-904469d805e90c63a uvc-5657  uvc-heading-default-font-sizes\" data-hspacer=\"no_spacer\"  data-halign=\"left\" style=\"text-align:left\"><div class=\"uvc-heading-spacer no_spacer\" style=\"top\"><\/div><div class=\"uvc-main-heading ult-responsive\"  data-ultimate-target='.uvc-heading.ultimate-heading-904469d805e90c63a h2'  data-responsive-json-new='{\"font-size\":\"\",\"line-height\":\"\"}' ><h2 style=\"--font-weight:theme;\">P\u00eache en rivi\u00e8re \u00e0 Mont-Tremblant<\/h2><\/div><div class=\"uvc-sub-heading ult-responsive\"  data-ultimate-target='.uvc-heading.ultimate-heading-904469d805e90c63a .uvc-sub-heading '  data-responsive-json-new='{\"font-size\":\"\",\"line-height\":\"\"}'  style=\"font-weight:normal;\"><\/p>\n<p style=\"text-align: left;\">Official Mont-Tremblant vous apporte plus d&rsquo;informations sur les activit\u00e9s \u00e0 Mont-Tremblant dont la p\u00eache en rivi\u00e8re \u00e0 Mont-Tremblant.<\/p>\n<p style=\"text-align: left;\"><span style=\"font-weight: 400;\">La p\u00eache en rivi\u00e8re est une activit\u00e9 de p\u00eache tr\u00e8s appr\u00e9ci\u00e9e par les amateurs de p\u00eache et plus particuli\u00e8rement lorsqu\u2019elle est pratiqu\u00e9e \u00e0 Mont Tremblant.<\/span><span style=\"font-weight: 400;\">La p\u00eache en rivi\u00e8re est plus difficile que la p\u00eache en lac et n\u00e9cessite souvent plus d&rsquo;habilet\u00e9 et de patience car vous devez trouver la position du poisson avec soin.En rivi\u00e8re, le courant d&rsquo;eau rend difficile l&rsquo;acc\u00e8s au bon endroit. Vous devez \u00e9galement lancer plus loin et mieux travailler votre app\u00e2t pour atteindre votre prise potentielle.<\/span><\/p>\n<p style=\"text-align: left;\"><span style=\"font-weight: 400;\">Il est difficile d&rsquo;apprendre \u00e0 ma\u00eetriser la rivi\u00e8re pour attraper des poissons. Tout d&rsquo;abord, vous devez comprendre quel est le sens du courant et lancer votre app\u00e2t pour obtenir les meilleurs r\u00e9sultats. La p\u00eache en rivi\u00e8re peut aussi \u00eatre un peu plus intimidante en raison de ses berges rocheuses et de ses rochers glissants.\u00a0<\/span><\/p>\n<p style=\"text-align: left;\"><span style=\"font-weight: 400;\">\u00c0 Mont Tremblant, la rivi\u00e8re du Diable est certainement un site de p\u00eache exceptionnel.\u00a0<\/span><span style=\"font-weight: 400;\">De mai \u00e0 octobre, 11 points d&rsquo;acc\u00e8s sont disponibles le long des 20km de la magnifique rivi\u00e8re du Diable entourant le village de Mont-Tremblant pour vous permettre de pratiquer la p\u00eache \u00e0 la mouche ou la p\u00eache \u00e0 la ligne. Il existe plusieurs esp\u00e8ces de poissons diff\u00e9rentes telles que la truite, le brochet et l&rsquo;achigan qui pataugent dans ces eaux selon les secteurs.\u00a0<\/span><\/p>\n<p style=\"text-align: left;\"><span style=\"font-weight: 400;\">Les inconditionnels de p\u00eache \u00e0 la mouche sont invit\u00e9s \u00e0 se joindre au <\/span><a href=\"http:\/\/moucheursendiables.com\/\"><span style=\"font-weight: 400;\">Club de p\u00eache Moucheurs Endiabl\u00e9s<\/span><\/a><span style=\"font-weight: 400;\">. Ces membres passionn\u00e9s contribuent au maintien de l&rsquo;accessibilit\u00e9 \u00e0 la rivi\u00e8re pour continuer \u00e0 assurer la p\u00e9rennit\u00e9 de cette activit\u00e9.\u00a0<\/span><\/p>\n<p><\/div><\/div>[\/vc_column][\/vc_row][vc_row][vc_column][vc_empty_space height=\u00a0\u00bb60px\u00a0\u00bb][\/vc_column][\/vc_row][vc_row][vc_column][vc_single_image image=\u00a0\u00bb23185&Prime; img_size=\u00a0\u00bb600&#215;400&Prime; alignment=\u00a0\u00bbcenter\u00a0\u00bb][\/vc_column][\/vc_row]<\/p>\n","protected":false},"excerpt":{"rendered":"<p>[vc_row][vc_column][\/vc_column][\/vc_row][vc_row][vc_column][vc_empty_space height=\u00a0\u00bb60px\u00a0\u00bb][\/vc_column][\/vc_row][vc_row][vc_column][vc_single_image image=\u00a0\u00bb23185&Prime; img_size=\u00a0\u00bb600&#215;400&Prime; alignment=\u00a0\u00bbcenter\u00a0\u00bb][\/vc_column][\/vc_row]<\/p>\n","protected":false},"author":5,"featured_media":23186,"parent":24749,"menu_order":0,"comment_status":"closed","ping_status":"closed","template":"","meta":{"footnotes":""},"class_list":["post-25443","page","type-page","status-publish","has-post-thumbnail","hentry","description-off"],"yoast_head":"<!-- This site is optimized with the Yoast SEO Premium plugin v26.5 (Yoast SEO v26.5) - https:\/\/yoast.com\/wordpress\/plugins\/seo\/ -->\n<title>P\u00eache en rivi\u00e8re \u00e0 Mont-Tremblant, activit\u00e9s \u00e0 Mont-Tremblant<\/title>\n<meta name=\"description\" content=\"Official Mont-Tremblant vous apporte plus d&#039;informations sur les activit\u00e9s \u00e0 Mont-Tremblant dont la p\u00eache en rivi\u00e8re \u00e0 Mont-Tremblant.\" \/>\n<meta name=\"robots\" content=\"index, follow, max-snippet:-1, max-image-preview:large, max-video-preview:-1\" \/>\n<link rel=\"canonical\" href=\"https:\/\/officialmonttremblant.com\/fr\/activites\/activites-d-ete\/peche\/peche-en-rivierre-a-tremblant\/\" \/>\n<meta property=\"og:locale\" content=\"fr_FR\" \/>\n<meta property=\"og:type\" content=\"article\" \/>\n<meta property=\"og:title\" content=\"P\u00eache en rivi\u00e8re \u00e0 Tremblant\" \/>\n<meta property=\"og:description\" content=\"Official Mont-Tremblant vous apporte plus d&#039;informations sur les activit\u00e9s \u00e0 Mont-Tremblant dont la p\u00eache en rivi\u00e8re \u00e0 Mont-Tremblant.\" \/>\n<meta property=\"og:url\" content=\"https:\/\/officialmonttremblant.com\/fr\/activites\/activites-d-ete\/peche\/peche-en-rivierre-a-tremblant\/\" \/>\n<meta property=\"og:site_name\" content=\"Official Mont Tremblant\" \/>\n<meta property=\"article:modified_time\" content=\"2025-07-29T15:42:53+00:00\" \/>\n<meta property=\"og:image\" content=\"https:\/\/officialmonttremblant.com\/wp-content\/uploads\/2022\/09\/fishing-at-lake-ouimet.webp\" \/>\n\t<meta property=\"og:image:width\" content=\"481\" \/>\n\t<meta property=\"og:image:height\" content=\"336\" \/>\n\t<meta property=\"og:image:type\" content=\"image\/webp\" \/>\n<meta name=\"twitter:card\" content=\"summary_large_image\" \/>\n<meta name=\"twitter:label1\" content=\"Dur\u00e9e de lecture estim\u00e9e\" \/>\n\t<meta name=\"twitter:data1\" content=\"2 minutes\" \/>\n<script type=\"application\/ld+json\" class=\"yoast-schema-graph\">{\"@context\":\"https:\/\/schema.org\",\"@graph\":[{\"@type\":\"WebPage\",\"@id\":\"https:\/\/officialmonttremblant.com\/fr\/activites\/activites-d-ete\/peche\/peche-en-rivierre-a-tremblant\/\",\"url\":\"https:\/\/officialmonttremblant.com\/fr\/activites\/activites-d-ete\/peche\/peche-en-rivierre-a-tremblant\/\",\"name\":\"P\u00eache en rivi\u00e8re \u00e0 Mont-Tremblant, activit\u00e9s \u00e0 Mont-Tremblant\",\"isPartOf\":{\"@id\":\"https:\/\/officialmonttremblant.com\/fr\/#website\"},\"primaryImageOfPage\":{\"@id\":\"https:\/\/officialmonttremblant.com\/fr\/activites\/activites-d-ete\/peche\/peche-en-rivierre-a-tremblant\/#primaryimage\"},\"image\":{\"@id\":\"https:\/\/officialmonttremblant.com\/fr\/activites\/activites-d-ete\/peche\/peche-en-rivierre-a-tremblant\/#primaryimage\"},\"thumbnailUrl\":\"https:\/\/officialmonttremblant.com\/wp-content\/uploads\/2022\/09\/fishing-at-lake-ouimet.webp\",\"datePublished\":\"2022-09-20T17:26:17+00:00\",\"dateModified\":\"2025-07-29T15:42:53+00:00\",\"description\":\"Official Mont-Tremblant vous apporte plus d'informations sur les activit\u00e9s \u00e0 Mont-Tremblant dont la p\u00eache en rivi\u00e8re \u00e0 Mont-Tremblant.\",\"breadcrumb\":{\"@id\":\"https:\/\/officialmonttremblant.com\/fr\/activites\/activites-d-ete\/peche\/peche-en-rivierre-a-tremblant\/#breadcrumb\"},\"inLanguage\":\"fr-FR\",\"potentialAction\":[{\"@type\":\"ReadAction\",\"target\":[\"https:\/\/officialmonttremblant.com\/fr\/activites\/activites-d-ete\/peche\/peche-en-rivierre-a-tremblant\/\"]}]},{\"@type\":\"ImageObject\",\"inLanguage\":\"fr-FR\",\"@id\":\"https:\/\/officialmonttremblant.com\/fr\/activites\/activites-d-ete\/peche\/peche-en-rivierre-a-tremblant\/#primaryimage\",\"url\":\"https:\/\/officialmonttremblant.com\/wp-content\/uploads\/2022\/09\/fishing-at-lake-ouimet.webp\",\"contentUrl\":\"https:\/\/officialmonttremblant.com\/wp-content\/uploads\/2022\/09\/fishing-at-lake-ouimet.webp\",\"width\":481,\"height\":336,\"caption\":\"Fishing at Lake Ouimet\"},{\"@type\":\"BreadcrumbList\",\"@id\":\"https:\/\/officialmonttremblant.com\/fr\/activites\/activites-d-ete\/peche\/peche-en-rivierre-a-tremblant\/#breadcrumb\",\"itemListElement\":[{\"@type\":\"ListItem\",\"position\":1,\"name\":\"Home\",\"item\":\"https:\/\/officialmonttremblant.com\/fr\/\"},{\"@type\":\"ListItem\",\"position\":2,\"name\":\"Activit\u00e9s\",\"item\":\"https:\/\/officialmonttremblant.com\/fr\/activites\/\"},{\"@type\":\"ListItem\",\"position\":3,\"name\":\"Activit\u00e9s d&#8217;\u00e9t\u00e9\",\"item\":\"https:\/\/officialmonttremblant.com\/fr\/activites\/activites-d-ete\/\"},{\"@type\":\"ListItem\",\"position\":4,\"name\":\"P\u00eache\",\"item\":\"https:\/\/officialmonttremblant.com\/fr\/activites\/activites-d-ete\/peche\/\"},{\"@type\":\"ListItem\",\"position\":5,\"name\":\"P\u00eache en rivi\u00e8re \u00e0 Tremblant\"}]},{\"@type\":\"WebSite\",\"@id\":\"https:\/\/officialmonttremblant.com\/fr\/#website\",\"url\":\"https:\/\/officialmonttremblant.com\/fr\/\",\"name\":\"Official Mont Tremblant\",\"description\":\"Vacation &amp; tourist guide in Mont Tremblant\",\"potentialAction\":[{\"@type\":\"SearchAction\",\"target\":{\"@type\":\"EntryPoint\",\"urlTemplate\":\"https:\/\/officialmonttremblant.com\/fr\/?s={search_term_string}\"},\"query-input\":{\"@type\":\"PropertyValueSpecification\",\"valueRequired\":true,\"valueName\":\"search_term_string\"}}],\"inLanguage\":\"fr-FR\"}]}<\/script>\n<!-- \/ Yoast SEO Premium plugin. -->","yoast_head_json":{"title":"P\u00eache en rivi\u00e8re \u00e0 Mont-Tremblant, activit\u00e9s \u00e0 Mont-Tremblant","description":"Official Mont-Tremblant vous apporte plus d'informations sur les activit\u00e9s \u00e0 Mont-Tremblant dont la p\u00eache en rivi\u00e8re \u00e0 Mont-Tremblant.","robots":{"index":"index","follow":"follow","max-snippet":"max-snippet:-1","max-image-preview":"max-image-preview:large","max-video-preview":"max-video-preview:-1"},"canonical":"https:\/\/officialmonttremblant.com\/fr\/activites\/activites-d-ete\/peche\/peche-en-rivierre-a-tremblant\/","og_locale":"fr_FR","og_type":"article","og_title":"P\u00eache en rivi\u00e8re \u00e0 Tremblant","og_description":"Official Mont-Tremblant vous apporte plus d'informations sur les activit\u00e9s \u00e0 Mont-Tremblant dont la p\u00eache en rivi\u00e8re \u00e0 Mont-Tremblant.","og_url":"https:\/\/officialmonttremblant.com\/fr\/activites\/activites-d-ete\/peche\/peche-en-rivierre-a-tremblant\/","og_site_name":"Official Mont Tremblant","article_modified_time":"2025-07-29T15:42:53+00:00","og_image":[{"width":481,"height":336,"url":"https:\/\/officialmonttremblant.com\/wp-content\/uploads\/2022\/09\/fishing-at-lake-ouimet.webp","type":"image\/webp"}],"twitter_card":"summary_large_image","twitter_misc":{"Dur\u00e9e de lecture estim\u00e9e":"2 minutes"},"schema":{"@context":"https:\/\/schema.org","@graph":[{"@type":"WebPage","@id":"https:\/\/officialmonttremblant.com\/fr\/activites\/activites-d-ete\/peche\/peche-en-rivierre-a-tremblant\/","url":"https:\/\/officialmonttremblant.com\/fr\/activites\/activites-d-ete\/peche\/peche-en-rivierre-a-tremblant\/","name":"P\u00eache en rivi\u00e8re \u00e0 Mont-Tremblant, activit\u00e9s \u00e0 Mont-Tremblant","isPartOf":{"@id":"https:\/\/officialmonttremblant.com\/fr\/#website"},"primaryImageOfPage":{"@id":"https:\/\/officialmonttremblant.com\/fr\/activites\/activites-d-ete\/peche\/peche-en-rivierre-a-tremblant\/#primaryimage"},"image":{"@id":"https:\/\/officialmonttremblant.com\/fr\/activites\/activites-d-ete\/peche\/peche-en-rivierre-a-tremblant\/#primaryimage"},"thumbnailUrl":"https:\/\/officialmonttremblant.com\/wp-content\/uploads\/2022\/09\/fishing-at-lake-ouimet.webp","datePublished":"2022-09-20T17:26:17+00:00","dateModified":"2025-07-29T15:42:53+00:00","description":"Official Mont-Tremblant vous apporte plus d'informations sur les activit\u00e9s \u00e0 Mont-Tremblant dont la p\u00eache en rivi\u00e8re \u00e0 Mont-Tremblant.","breadcrumb":{"@id":"https:\/\/officialmonttremblant.com\/fr\/activites\/activites-d-ete\/peche\/peche-en-rivierre-a-tremblant\/#breadcrumb"},"inLanguage":"fr-FR","potentialAction":[{"@type":"ReadAction","target":["https:\/\/officialmonttremblant.com\/fr\/activites\/activites-d-ete\/peche\/peche-en-rivierre-a-tremblant\/"]}]},{"@type":"ImageObject","inLanguage":"fr-FR","@id":"https:\/\/officialmonttremblant.com\/fr\/activites\/activites-d-ete\/peche\/peche-en-rivierre-a-tremblant\/#primaryimage","url":"https:\/\/officialmonttremblant.com\/wp-content\/uploads\/2022\/09\/fishing-at-lake-ouimet.webp","contentUrl":"https:\/\/officialmonttremblant.com\/wp-content\/uploads\/2022\/09\/fishing-at-lake-ouimet.webp","width":481,"height":336,"caption":"Fishing at Lake Ouimet"},{"@type":"BreadcrumbList","@id":"https:\/\/officialmonttremblant.com\/fr\/activites\/activites-d-ete\/peche\/peche-en-rivierre-a-tremblant\/#breadcrumb","itemListElement":[{"@type":"ListItem","position":1,"name":"Home","item":"https:\/\/officialmonttremblant.com\/fr\/"},{"@type":"ListItem","position":2,"name":"Activit\u00e9s","item":"https:\/\/officialmonttremblant.com\/fr\/activites\/"},{"@type":"ListItem","position":3,"name":"Activit\u00e9s d&#8217;\u00e9t\u00e9","item":"https:\/\/officialmonttremblant.com\/fr\/activites\/activites-d-ete\/"},{"@type":"ListItem","position":4,"name":"P\u00eache","item":"https:\/\/officialmonttremblant.com\/fr\/activites\/activites-d-ete\/peche\/"},{"@type":"ListItem","position":5,"name":"P\u00eache en rivi\u00e8re \u00e0 Tremblant"}]},{"@type":"WebSite","@id":"https:\/\/officialmonttremblant.com\/fr\/#website","url":"https:\/\/officialmonttremblant.com\/fr\/","name":"Official Mont Tremblant","description":"Vacation &amp; tourist guide in Mont Tremblant","potentialAction":[{"@type":"SearchAction","target":{"@type":"EntryPoint","urlTemplate":"https:\/\/officialmonttremblant.com\/fr\/?s={search_term_string}"},"query-input":{"@type":"PropertyValueSpecification","valueRequired":true,"valueName":"search_term_string"}}],"inLanguage":"fr-FR"}]}},"jetpack_sharing_enabled":true,"_links":{"self":[{"href":"https:\/\/officialmonttremblant.com\/fr\/wp-json\/wp\/v2\/pages\/25443","targetHints":{"allow":["GET"]}}],"collection":[{"href":"https:\/\/officialmonttremblant.com\/fr\/wp-json\/wp\/v2\/pages"}],"about":[{"href":"https:\/\/officialmonttremblant.com\/fr\/wp-json\/wp\/v2\/types\/page"}],"author":[{"embeddable":true,"href":"https:\/\/officialmonttremblant.com\/fr\/wp-json\/wp\/v2\/users\/5"}],"replies":[{"embeddable":true,"href":"https:\/\/officialmonttremblant.com\/fr\/wp-json\/wp\/v2\/comments?post=25443"}],"version-history":[{"count":3,"href":"https:\/\/officialmonttremblant.com\/fr\/wp-json\/wp\/v2\/pages\/25443\/revisions"}],"predecessor-version":[{"id":26010,"href":"https:\/\/officialmonttremblant.com\/fr\/wp-json\/wp\/v2\/pages\/25443\/revisions\/26010"}],"up":[{"embeddable":true,"href":"https:\/\/officialmonttremblant.com\/fr\/wp-json\/wp\/v2\/pages\/24749"}],"wp:featuredmedia":[{"embeddable":true,"href":"https:\/\/officialmonttremblant.com\/fr\/wp-json\/wp\/v2\/media\/23186"}],"wp:attachment":[{"href":"https:\/\/officialmonttremblant.com\/fr\/wp-json\/wp\/v2\/media?parent=25443"}],"curies":[{"name":"wp","href":"https:\/\/api.w.org\/{rel}","templated":true}]}}