{"id":25446,"date":"2022-09-27T12:46:14","date_gmt":"2022-09-27T16:46:14","guid":{"rendered":"https:\/\/officialmonttremblant.com\/activites\/activites-d-ete\/faire-du-velo\/mountain-bike-equipment-and-safety\/"},"modified":"2025-07-29T11:40:44","modified_gmt":"2025-07-29T15:40:44","slug":"equipements-et-securite","status":"publish","type":"page","link":"https:\/\/officialmonttremblant.com\/fr\/activites\/activites-d-ete\/faire-du-velo\/equipements-et-securite\/","title":{"rendered":"Equipements et s\u00e9curit\u00e9"},"content":{"rendered":"<p>[vc_row][vc_column]<div id=\"ultimate-heading-914769debda60342f\" class=\"uvc-heading ult-adjust-bottom-margin ultimate-heading-914769debda60342f uvc-5066  uvc-heading-default-font-sizes\" data-hspacer=\"no_spacer\"  data-halign=\"left\" style=\"text-align:left\"><div class=\"uvc-heading-spacer no_spacer\" style=\"top\"><\/div><div class=\"uvc-main-heading ult-responsive\"  data-ultimate-target='.uvc-heading.ultimate-heading-914769debda60342f h2'  data-responsive-json-new='{\"font-size\":\"\",\"line-height\":\"\"}' ><h2 style=\"--font-weight:theme;\">Equipements et s\u00e9curit\u00e9 \u00e0 v\u00e9lo<\/h2><\/div><div class=\"uvc-sub-heading ult-responsive\"  data-ultimate-target='.uvc-heading.ultimate-heading-914769debda60342f .uvc-sub-heading '  data-responsive-json-new='{\"font-size\":\"\",\"line-height\":\"\"}'  style=\"font-weight:normal;\"><\/p>\n<p style=\"text-align: left;\">Official Mont-Tremblant vous apporte plus d&rsquo;informations sur les activit\u00e9s \u00e0 Mont-Tremblant y compris les \u00e9quipements et s\u00e9curit\u00e9 \u00e0 v\u00e9lo.<\/p>\n<p><span style=\"font-weight: 400;\">L&rsquo;utilisation d\u2019un \u00e9quipement et de v\u00eatements appropri\u00e9s contribuera \u00e0 rendre votre sortie en VTT \u00e0 Mont Tremblant plus rapide, plus s\u00fbre et plus confortable.\u00a0<\/span><span style=\"font-weight: 400;\">Et surtout, vous devrez respecter les r\u00e8gles de s\u00e9curit\u00e9 essentielles.\u00a0<\/span><span style=\"font-weight: 400;\">Official\u00a0 Mont Tremblant est l\u00e0 pour vous aider.\u00a0<\/span><span style=\"font-weight: 400;\">L&rsquo;\u00e9quipement n\u00e9cessaire pour faire du VTT\u00a0 est bien s\u00fbr\u00a0 le v\u00e9lo lui-m\u00eame, mais aussi principalement des chaussures, un casque et des v\u00eatements adapt\u00e9s. L&rsquo;hydratation est \u00e9galement essentielle lorsqu&rsquo;il s&rsquo;agit de faire du v\u00e9lo, il est donc \u00e9galement crucial d&rsquo;avoir une bouteille d&rsquo;eau \u00e0 port\u00e9e de main.<\/span><\/p>\n<p><span style=\"font-weight: 400;\">Official Mont Tremblant a pr\u00e9par\u00e9 pour vous une liste des \u00e9quipements essentiels qui contribueront \u00e0 faire de votre sortie \u00e0 v\u00e9lo \u00e0 Mont Tremblant une exp\u00e9rience inoubliable. Tous les \u00e9quipements sont disponibles chez les d\u00e9taillants de plein air ou les magasins de v\u00e9los sp\u00e9cialis\u00e9s de la station.<\/span><\/p>\n<p>&nbsp;<\/p>\n<p><span style=\"font-weight: 400;\">1 &#8211; V\u00e9lo de montagne \u00a0&#8211;\u00a0<\/span><span style=\"font-weight: 400;\">Le premier \u00e9quipement dont vous aurez besoin pour toute sortie d&rsquo;entra\u00eenement en v\u00e9lo de montagne est un VTT bien ajust\u00e9 et bien entretenu.<\/span><\/p>\n<p><span style=\"font-weight: 400;\">2 &#8211; Casque &#8211;\u00a0<\/span><span style=\"font-weight: 400;\">Personne ne doit rouler sans casque.\u00a0<\/span><span style=\"font-weight: 400;\">Un casque de v\u00e9lo r\u00e9duit consid\u00e9rablement la gravit\u00e9 des blessures \u00e0 la t\u00eate, en particulier lors d&rsquo;accidents \u00e0 basse vitesse.<\/span><\/p>\n<p><span style=\"font-weight: 400;\">3 &#8211; Protection des yeux \u00a0&#8211;\u00a0<\/span><span style=\"font-weight: 400;\">Prot\u00e9ger les yeux aide \u00e0 rester \u00e0 l\u2019abri de la salet\u00e9, la poussi\u00e8re et les d\u00e9bris et vous aide \u00e0 voir plus clairement dans les ombres sombres et la lumi\u00e8re du soleil. Si vous n&rsquo;avez pas de casque int\u00e9gral, vous aurez besoin de lunettes ou de masques pour prot\u00e9ger vos yeux.<\/span><\/p>\n<p><span style=\"font-weight: 400;\">4 &#8211; Sachet Hydratant \u00a0&#8211;\u00a0<\/span><span style=\"font-weight: 400;\">Avoir toujours sur vous un sachet hydratant qui vous permettra lorsque\u00a0 vous roulez d&rsquo;acc\u00e9der facilement \u00e0 une hydratation mains libres. Ceci est particuli\u00e8rement important pour toute personne faisant de l&rsquo;exercice pendant plus de deux heures et ayant un acc\u00e8s limit\u00e9 \u00e0 des points d&rsquo;eau sur le sentier.<\/span><\/p>\n<p><span style=\"font-weight: 400;\">5 &#8211; Chaussures de v\u00e9lo de montagne \u00a0&#8211;\u00a0<\/span><span style=\"font-weight: 400;\">Les d\u00e9butants peuvent porter n&rsquo;importe quelle chaussure de sport confortable. Au fur et \u00e0 mesure que vous avancez ou commencez \u00e0 rouler plus fr\u00e9quemment, vous voudrez passer \u00e0 des chaussures sp\u00e9cifiques au v\u00e9lo de montagne.<\/span><\/p>\n<p><span style=\"font-weight: 400;\">6 &#8211; P\u00e9dales &#8211;\u00a0<\/span><span style=\"font-weight: 400;\">Les p\u00e9dales automatiques sont id\u00e9ales pour la plupart des randonn\u00e9es de cross-country. Les chaussures de v\u00e9lo et les syst\u00e8mes de p\u00e9dales automatiques vous permettent de verrouiller vos chaussures dans les p\u00e9dales pour un p\u00e9dalage s\u00fbr et efficace<\/span><\/p>\n<p><span style=\"font-weight: 400;\">7 &#8211; Gants de v\u00e9lo de montagne &#8211;\u00a0<\/span><span style=\"font-weight: 400;\">Les v\u00e9t\u00e9tistes ont tendance \u00e0 porter des gants complets pour une couverture, une protection et une adh\u00e9rence optimales sur les leviers de frein.<\/span><\/p>\n<p><span style=\"font-weight: 400;\">8 &#8211; Shorts de v\u00e9lo rembourr\u00e9s &#8211;\u00a0<\/span><span style=\"font-weight: 400;\">Les shorts de v\u00e9lo de montagne offrent une doublure int\u00e9rieure rembourr\u00e9e port\u00e9e comme un sous-v\u00eatement qui augmente le confort et r\u00e9duit les frottements.<\/span><\/p>\n<p><span style=\"font-weight: 400;\">9 &#8211; Kit de r\u00e9paration de v\u00e9lo &#8211;\u00a0<\/span><span style=\"font-weight: 400;\">Un simple kit de r\u00e9paration qui est attach\u00e9 \u00e0 votre selle de v\u00e9lo contiendra tous les \u00e9l\u00e9ments essentiels au cas o\u00f9 vous auriez des probl\u00e8mes m\u00e9caniques ou une crevaison sur la piste.<\/span><\/p>\n<p>10 &#8211; Trousse de premiers soins &#8211;\u00a0<span style=\"font-weight: 400;\">Tout le monde ne roule pas avec une trousse de premiers soins, mais il est judicieux d&#8217;emporter quelques \u00e9l\u00e9ments essentiels de premiers soins comme des pansements, des bandages ou du d\u00e9sinfectant.<\/span><\/p>\n<p>&nbsp;<\/p>\n<p><strong>R\u00e8gles de s\u00e9curit\u00e9 et de conduite<\/strong><\/p>\n<p><span style=\"font-weight: 400;\">Les nombreux kilom\u00e8tres de sentiers sont entretenus par un organisme \u00e0 but non lucratif appel\u00e9 <\/span><a href=\"https:\/\/www.velomonttremblant.com\/en\/\"><span style=\"font-weight: 400;\">V\u00e9lo Mont-Tremblant<\/span><\/a><span style=\"font-weight: 400;\">. L&rsquo;organisme se consacre \u00e0 l&rsquo;entretien et \u00e0 l&rsquo;expansion des sentiers de v\u00e9lo de montagne et \u00e0 la promotion du cyclisme \u00e0 Tremblant.<\/span><\/p>\n<p><span style=\"font-weight: 400;\">V\u00e9lo Mont Tremblant rappelle les r\u00e8gles de s\u00e9curit\u00e9 et d&rsquo;\u00e9tiquette \u00e0 Mont Tremblant pour la communaut\u00e9 cycliste comme suit :<\/span><\/p>\n<ul>\n<li style=\"font-weight: 400;\" aria-level=\"1\"><span style=\"font-weight: 400;\">Ne roulez que sur et dans des sentiers ouverts.<\/span><\/li>\n<li style=\"font-weight: 400;\" aria-level=\"1\"><span style=\"font-weight: 400;\">Gardez nos sentiers propres; pas de d\u00e9chets.<\/span><\/li>\n<li style=\"font-weight: 400;\" aria-level=\"1\"><span style=\"font-weight: 400;\">Gardez le contr\u00f4le de votre v\u00e9lo et respectez vos limites.<\/span><\/li>\n<li style=\"font-weight: 400;\" aria-level=\"1\"><span style=\"font-weight: 400;\">C\u00e9dez le passage aux pi\u00e9tons et \u00e0 ceux qui vous pr\u00e9c\u00e8dent. Soyez courtois avec tout le monde.<\/span><\/li>\n<li style=\"font-weight: 400;\" aria-level=\"1\"><span style=\"font-weight: 400;\">Pr\u00e9parez-vous : eau, nourriture, tube de rechange, pompe, connaissez la carte, faites savoir \u00e0 quelqu&rsquo;un o\u00f9 vous allez.<\/span><\/li>\n<li style=\"font-weight: 400;\" aria-level=\"1\"><span style=\"font-weight: 400;\">N&rsquo;utilisez pas les sentiers les jours de fortes pluies ou lorsque le sol est trop humide. Rouler sur un sentier boueux peut entra\u00eener un \u00e9largissement et une \u00e9rosion inutiles du sentier.<\/span><\/li>\n<li style=\"font-weight: 400;\" aria-level=\"1\"><span style=\"font-weight: 400;\">N&rsquo;effectuez pas de travaux non autoris\u00e9s sur les sentiers\u00a0: des travaux non autoris\u00e9s ou ill\u00e9gaux sur les sentiers peuvent entra\u00eener des dommages environnementaux ou m\u00eame la fermeture des sentiers.<\/span><\/li>\n<li style=\"font-weight: 400;\" aria-level=\"1\"><span style=\"font-weight: 400;\">Portez toujours un casque.<\/span><\/li>\n<\/ul>\n<p><\/div><\/div>[\/vc_column][\/vc_row][vc_row][vc_column][vc_empty_space height=\u00a0\u00bb60px\u00a0\u00bb][\/vc_column][\/vc_row][vc_row][vc_column][vc_single_image image=\u00a0\u00bb23105&Prime; img_size=\u00a0\u00bb600&#215;400&Prime; alignment=\u00a0\u00bbcenter\u00a0\u00bb][\/vc_column][\/vc_row]<\/p>\n","protected":false},"excerpt":{"rendered":"<p>[vc_row][vc_column][\/vc_column][\/vc_row][vc_row][vc_column][vc_empty_space height=\u00a0\u00bb60px\u00a0\u00bb][\/vc_column][\/vc_row][vc_row][vc_column][vc_single_image image=\u00a0\u00bb23105&Prime; img_size=\u00a0\u00bb600&#215;400&Prime; alignment=\u00a0\u00bbcenter\u00a0\u00bb][\/vc_column][\/vc_row]<\/p>\n","protected":false},"author":5,"featured_media":23106,"parent":24716,"menu_order":0,"comment_status":"closed","ping_status":"closed","template":"","meta":{"footnotes":""},"class_list":["post-25446","page","type-page","status-publish","has-post-thumbnail","hentry","description-off"],"yoast_head":"<!-- This site is optimized with the Yoast SEO Premium plugin v26.5 (Yoast SEO v26.5) - https:\/\/yoast.com\/wordpress\/plugins\/seo\/ -->\n<title>Equipements et s\u00e9curit\u00e9 \u00e0 v\u00e9lo, Activit\u00e9s \u00e0 Mont-Tremblant<\/title>\n<meta name=\"description\" content=\"Official Mont-Tremblant vous apporte plus d&#039;informations sur les activit\u00e9s \u00e0 Mont-Tremblant y compris les \u00e9quipements et s\u00e9curit\u00e9 \u00e0 v\u00e9lo.\" \/>\n<meta name=\"robots\" content=\"index, follow, max-snippet:-1, max-image-preview:large, max-video-preview:-1\" \/>\n<link rel=\"canonical\" href=\"https:\/\/officialmonttremblant.com\/fr\/activites\/activites-d-ete\/faire-du-velo\/equipements-et-securite\/\" \/>\n<meta property=\"og:locale\" content=\"fr_FR\" \/>\n<meta property=\"og:type\" content=\"article\" \/>\n<meta property=\"og:title\" content=\"Equipements et s\u00e9curit\u00e9\" \/>\n<meta property=\"og:description\" content=\"Official Mont-Tremblant vous apporte plus d&#039;informations sur les activit\u00e9s \u00e0 Mont-Tremblant y compris les \u00e9quipements et s\u00e9curit\u00e9 \u00e0 v\u00e9lo.\" \/>\n<meta property=\"og:url\" content=\"https:\/\/officialmonttremblant.com\/fr\/activites\/activites-d-ete\/faire-du-velo\/equipements-et-securite\/\" \/>\n<meta property=\"og:site_name\" content=\"Official Mont Tremblant\" \/>\n<meta property=\"article:modified_time\" content=\"2025-07-29T15:40:44+00:00\" \/>\n<meta property=\"og:image\" content=\"https:\/\/officialmonttremblant.com\/wp-content\/uploads\/2022\/09\/bike.webp\" \/>\n\t<meta property=\"og:image:width\" content=\"570\" \/>\n\t<meta property=\"og:image:height\" content=\"380\" \/>\n\t<meta property=\"og:image:type\" content=\"image\/webp\" \/>\n<meta name=\"twitter:card\" content=\"summary_large_image\" \/>\n<meta name=\"twitter:label1\" content=\"Dur\u00e9e de lecture estim\u00e9e\" \/>\n\t<meta name=\"twitter:data1\" content=\"4 minutes\" \/>\n<script type=\"application\/ld+json\" class=\"yoast-schema-graph\">{\"@context\":\"https:\/\/schema.org\",\"@graph\":[{\"@type\":\"WebPage\",\"@id\":\"https:\/\/officialmonttremblant.com\/fr\/activites\/activites-d-ete\/faire-du-velo\/equipements-et-securite\/\",\"url\":\"https:\/\/officialmonttremblant.com\/fr\/activites\/activites-d-ete\/faire-du-velo\/equipements-et-securite\/\",\"name\":\"Equipements et s\u00e9curit\u00e9 \u00e0 v\u00e9lo, Activit\u00e9s \u00e0 Mont-Tremblant\",\"isPartOf\":{\"@id\":\"https:\/\/officialmonttremblant.com\/fr\/#website\"},\"primaryImageOfPage\":{\"@id\":\"https:\/\/officialmonttremblant.com\/fr\/activites\/activites-d-ete\/faire-du-velo\/equipements-et-securite\/#primaryimage\"},\"image\":{\"@id\":\"https:\/\/officialmonttremblant.com\/fr\/activites\/activites-d-ete\/faire-du-velo\/equipements-et-securite\/#primaryimage\"},\"thumbnailUrl\":\"https:\/\/officialmonttremblant.com\/wp-content\/uploads\/2022\/09\/bike.webp\",\"datePublished\":\"2022-09-27T16:46:14+00:00\",\"dateModified\":\"2025-07-29T15:40:44+00:00\",\"description\":\"Official Mont-Tremblant vous apporte plus d'informations sur les activit\u00e9s \u00e0 Mont-Tremblant y compris les \u00e9quipements et s\u00e9curit\u00e9 \u00e0 v\u00e9lo.\",\"breadcrumb\":{\"@id\":\"https:\/\/officialmonttremblant.com\/fr\/activites\/activites-d-ete\/faire-du-velo\/equipements-et-securite\/#breadcrumb\"},\"inLanguage\":\"fr-FR\",\"potentialAction\":[{\"@type\":\"ReadAction\",\"target\":[\"https:\/\/officialmonttremblant.com\/fr\/activites\/activites-d-ete\/faire-du-velo\/equipements-et-securite\/\"]}]},{\"@type\":\"ImageObject\",\"inLanguage\":\"fr-FR\",\"@id\":\"https:\/\/officialmonttremblant.com\/fr\/activites\/activites-d-ete\/faire-du-velo\/equipements-et-securite\/#primaryimage\",\"url\":\"https:\/\/officialmonttremblant.com\/wp-content\/uploads\/2022\/09\/bike.webp\",\"contentUrl\":\"https:\/\/officialmonttremblant.com\/wp-content\/uploads\/2022\/09\/bike.webp\",\"width\":570,\"height\":380,\"caption\":\"Bike equipment and safety\"},{\"@type\":\"BreadcrumbList\",\"@id\":\"https:\/\/officialmonttremblant.com\/fr\/activites\/activites-d-ete\/faire-du-velo\/equipements-et-securite\/#breadcrumb\",\"itemListElement\":[{\"@type\":\"ListItem\",\"position\":1,\"name\":\"Home\",\"item\":\"https:\/\/officialmonttremblant.com\/fr\/\"},{\"@type\":\"ListItem\",\"position\":2,\"name\":\"Activit\u00e9s\",\"item\":\"https:\/\/officialmonttremblant.com\/fr\/activites\/\"},{\"@type\":\"ListItem\",\"position\":3,\"name\":\"Activit\u00e9s d&#8217;\u00e9t\u00e9\",\"item\":\"https:\/\/officialmonttremblant.com\/fr\/activites\/activites-d-ete\/\"},{\"@type\":\"ListItem\",\"position\":4,\"name\":\"Faire du v\u00e9lo\",\"item\":\"https:\/\/officialmonttremblant.com\/fr\/activites\/activites-d-ete\/faire-du-velo\/\"},{\"@type\":\"ListItem\",\"position\":5,\"name\":\"Equipements et s\u00e9curit\u00e9\"}]},{\"@type\":\"WebSite\",\"@id\":\"https:\/\/officialmonttremblant.com\/fr\/#website\",\"url\":\"https:\/\/officialmonttremblant.com\/fr\/\",\"name\":\"Official Mont Tremblant\",\"description\":\"Vacation &amp; tourist guide in Mont Tremblant\",\"potentialAction\":[{\"@type\":\"SearchAction\",\"target\":{\"@type\":\"EntryPoint\",\"urlTemplate\":\"https:\/\/officialmonttremblant.com\/fr\/?s={search_term_string}\"},\"query-input\":{\"@type\":\"PropertyValueSpecification\",\"valueRequired\":true,\"valueName\":\"search_term_string\"}}],\"inLanguage\":\"fr-FR\"}]}<\/script>\n<!-- \/ Yoast SEO Premium plugin. -->","yoast_head_json":{"title":"Equipements et s\u00e9curit\u00e9 \u00e0 v\u00e9lo, Activit\u00e9s \u00e0 Mont-Tremblant","description":"Official Mont-Tremblant vous apporte plus d'informations sur les activit\u00e9s \u00e0 Mont-Tremblant y compris les \u00e9quipements et s\u00e9curit\u00e9 \u00e0 v\u00e9lo.","robots":{"index":"index","follow":"follow","max-snippet":"max-snippet:-1","max-image-preview":"max-image-preview:large","max-video-preview":"max-video-preview:-1"},"canonical":"https:\/\/officialmonttremblant.com\/fr\/activites\/activites-d-ete\/faire-du-velo\/equipements-et-securite\/","og_locale":"fr_FR","og_type":"article","og_title":"Equipements et s\u00e9curit\u00e9","og_description":"Official Mont-Tremblant vous apporte plus d'informations sur les activit\u00e9s \u00e0 Mont-Tremblant y compris les \u00e9quipements et s\u00e9curit\u00e9 \u00e0 v\u00e9lo.","og_url":"https:\/\/officialmonttremblant.com\/fr\/activites\/activites-d-ete\/faire-du-velo\/equipements-et-securite\/","og_site_name":"Official Mont Tremblant","article_modified_time":"2025-07-29T15:40:44+00:00","og_image":[{"width":570,"height":380,"url":"https:\/\/officialmonttremblant.com\/wp-content\/uploads\/2022\/09\/bike.webp","type":"image\/webp"}],"twitter_card":"summary_large_image","twitter_misc":{"Dur\u00e9e de lecture estim\u00e9e":"4 minutes"},"schema":{"@context":"https:\/\/schema.org","@graph":[{"@type":"WebPage","@id":"https:\/\/officialmonttremblant.com\/fr\/activites\/activites-d-ete\/faire-du-velo\/equipements-et-securite\/","url":"https:\/\/officialmonttremblant.com\/fr\/activites\/activites-d-ete\/faire-du-velo\/equipements-et-securite\/","name":"Equipements et s\u00e9curit\u00e9 \u00e0 v\u00e9lo, Activit\u00e9s \u00e0 Mont-Tremblant","isPartOf":{"@id":"https:\/\/officialmonttremblant.com\/fr\/#website"},"primaryImageOfPage":{"@id":"https:\/\/officialmonttremblant.com\/fr\/activites\/activites-d-ete\/faire-du-velo\/equipements-et-securite\/#primaryimage"},"image":{"@id":"https:\/\/officialmonttremblant.com\/fr\/activites\/activites-d-ete\/faire-du-velo\/equipements-et-securite\/#primaryimage"},"thumbnailUrl":"https:\/\/officialmonttremblant.com\/wp-content\/uploads\/2022\/09\/bike.webp","datePublished":"2022-09-27T16:46:14+00:00","dateModified":"2025-07-29T15:40:44+00:00","description":"Official Mont-Tremblant vous apporte plus d'informations sur les activit\u00e9s \u00e0 Mont-Tremblant y compris les \u00e9quipements et s\u00e9curit\u00e9 \u00e0 v\u00e9lo.","breadcrumb":{"@id":"https:\/\/officialmonttremblant.com\/fr\/activites\/activites-d-ete\/faire-du-velo\/equipements-et-securite\/#breadcrumb"},"inLanguage":"fr-FR","potentialAction":[{"@type":"ReadAction","target":["https:\/\/officialmonttremblant.com\/fr\/activites\/activites-d-ete\/faire-du-velo\/equipements-et-securite\/"]}]},{"@type":"ImageObject","inLanguage":"fr-FR","@id":"https:\/\/officialmonttremblant.com\/fr\/activites\/activites-d-ete\/faire-du-velo\/equipements-et-securite\/#primaryimage","url":"https:\/\/officialmonttremblant.com\/wp-content\/uploads\/2022\/09\/bike.webp","contentUrl":"https:\/\/officialmonttremblant.com\/wp-content\/uploads\/2022\/09\/bike.webp","width":570,"height":380,"caption":"Bike equipment and safety"},{"@type":"BreadcrumbList","@id":"https:\/\/officialmonttremblant.com\/fr\/activites\/activites-d-ete\/faire-du-velo\/equipements-et-securite\/#breadcrumb","itemListElement":[{"@type":"ListItem","position":1,"name":"Home","item":"https:\/\/officialmonttremblant.com\/fr\/"},{"@type":"ListItem","position":2,"name":"Activit\u00e9s","item":"https:\/\/officialmonttremblant.com\/fr\/activites\/"},{"@type":"ListItem","position":3,"name":"Activit\u00e9s d&#8217;\u00e9t\u00e9","item":"https:\/\/officialmonttremblant.com\/fr\/activites\/activites-d-ete\/"},{"@type":"ListItem","position":4,"name":"Faire du v\u00e9lo","item":"https:\/\/officialmonttremblant.com\/fr\/activites\/activites-d-ete\/faire-du-velo\/"},{"@type":"ListItem","position":5,"name":"Equipements et s\u00e9curit\u00e9"}]},{"@type":"WebSite","@id":"https:\/\/officialmonttremblant.com\/fr\/#website","url":"https:\/\/officialmonttremblant.com\/fr\/","name":"Official Mont Tremblant","description":"Vacation &amp; tourist guide in Mont Tremblant","potentialAction":[{"@type":"SearchAction","target":{"@type":"EntryPoint","urlTemplate":"https:\/\/officialmonttremblant.com\/fr\/?s={search_term_string}"},"query-input":{"@type":"PropertyValueSpecification","valueRequired":true,"valueName":"search_term_string"}}],"inLanguage":"fr-FR"}]}},"jetpack_sharing_enabled":true,"_links":{"self":[{"href":"https:\/\/officialmonttremblant.com\/fr\/wp-json\/wp\/v2\/pages\/25446","targetHints":{"allow":["GET"]}}],"collection":[{"href":"https:\/\/officialmonttremblant.com\/fr\/wp-json\/wp\/v2\/pages"}],"about":[{"href":"https:\/\/officialmonttremblant.com\/fr\/wp-json\/wp\/v2\/types\/page"}],"author":[{"embeddable":true,"href":"https:\/\/officialmonttremblant.com\/fr\/wp-json\/wp\/v2\/users\/5"}],"replies":[{"embeddable":true,"href":"https:\/\/officialmonttremblant.com\/fr\/wp-json\/wp\/v2\/comments?post=25446"}],"version-history":[{"count":3,"href":"https:\/\/officialmonttremblant.com\/fr\/wp-json\/wp\/v2\/pages\/25446\/revisions"}],"predecessor-version":[{"id":25960,"href":"https:\/\/officialmonttremblant.com\/fr\/wp-json\/wp\/v2\/pages\/25446\/revisions\/25960"}],"up":[{"embeddable":true,"href":"https:\/\/officialmonttremblant.com\/fr\/wp-json\/wp\/v2\/pages\/24716"}],"wp:featuredmedia":[{"embeddable":true,"href":"https:\/\/officialmonttremblant.com\/fr\/wp-json\/wp\/v2\/media\/23106"}],"wp:attachment":[{"href":"https:\/\/officialmonttremblant.com\/fr\/wp-json\/wp\/v2\/media?parent=25446"}],"curies":[{"name":"wp","href":"https:\/\/api.w.org\/{rel}","templated":true}]}}