{"id":25447,"date":"2022-07-26T11:14:29","date_gmt":"2022-07-26T15:14:29","guid":{"rendered":"https:\/\/officialmonttremblant.com\/activites\/activites-d-interieur\/laser-game\/"},"modified":"2025-07-29T11:25:10","modified_gmt":"2025-07-29T15:25:10","slug":"laser-game","status":"publish","type":"page","link":"https:\/\/officialmonttremblant.com\/fr\/activites\/activites-d-interieur\/laser-game\/","title":{"rendered":"Laser game"},"content":{"rendered":"<p>[vc_row][vc_column]<div id=\"ultimate-heading-599169ddf26c27f49\" class=\"uvc-heading ult-adjust-bottom-margin ultimate-heading-599169ddf26c27f49 uvc-6609  uvc-heading-default-font-sizes\" data-hspacer=\"no_spacer\"  data-halign=\"center\" style=\"text-align:center\"><div class=\"uvc-heading-spacer no_spacer\" style=\"top\"><\/div><div class=\"uvc-main-heading ult-responsive\"  data-ultimate-target='.uvc-heading.ultimate-heading-599169ddf26c27f49 h2'  data-responsive-json-new='{\"font-size\":\"\",\"line-height\":\"\"}' ><h2 style=\"--font-weight:theme;\">Laser Game \u00e0 Mont-Tremblant<\/h2><\/div><div class=\"uvc-sub-heading ult-responsive\"  data-ultimate-target='.uvc-heading.ultimate-heading-599169ddf26c27f49 .uvc-sub-heading '  data-responsive-json-new='{\"font-size\":\"\",\"line-height\":\"\"}'  style=\"font-weight:normal;\"><\/p>\n<p style=\"text-align: left;\"><span style=\"font-weight: 400;\">Official Mont-Tremblant vous donne plus d&rsquo;informations sur les activit\u00e9s d&rsquo;int\u00e9rieur \u00e0 Tremblant dont le laser game \u00e0 Mont-Tremblant. Apr\u00e8s une journ\u00e9e de ski ou de randonn\u00e9e, l&rsquo;espace laser tag de Mont Tremblant vous accueille pour un vrai moment de plaisir et de d\u00e9tente en famille.<\/span><\/p>\n<p style=\"text-align: left;\"><span style=\"font-weight: 400;\">Official Mont Tremblant vous donne des informations sur le jeu de laser game \u00e0 Mont Tremblant.\u00a0<\/span><span style=\"font-weight: 400;\">Le laser game\u00a0 est un sport amusant auquel une personne de tout \u00e2ge peut jouer.\u00a0<\/span><\/p>\n<p style=\"text-align: left;\"><span style=\"font-weight: 400;\">Contrairement au paintball o\u00f9 \u00e7a fait mal lorsque vous \u00eates touch\u00e9, ce qui entra\u00eene des ecchymoses ou des ecchymoses, dans un jeu de laser tag, votre pack s&rsquo;arr\u00eate simplement temporairement lorsque vous \u00eates touch\u00e9 par l\u2019adversaire.Ce jeu est\u00a0 totalement indolore et peut \u00eatre jou\u00e9 plusieurs fois sans se blesser ni blesser personne.<\/span><\/p>\n<p style=\"text-align: left;\"><span style=\"font-weight: 400;\">Il peut \u00e9galement plaire \u00e0 tout type de joueur, que ce soit ceux qui cherchent \u00e0 s&rsquo;amuser, ou un groupe \u00e0 l\u2019esprit comp\u00e9titif \u00e0 la recherche d\u2019un d\u00e9fi. Quoi que vous ayez en t\u00eate, Official Mont Tremblant a s\u00e9lectionn\u00e9 pour vous le meilleur Laser Game \u00e0 Mont Tremblant pour ajouter du plaisir et de l&rsquo;excitation \u00e0 votre s\u00e9jour.<\/span><\/p>\n<p>&nbsp;<\/p>\n<p style=\"text-align: center;\"><strong>MISSION LASER<\/strong><\/p>\n<p style=\"text-align: center;\"><strong>118 Chemin de Kandahar, Mont Tremblant<\/strong><\/p>\n<p style=\"text-align: center;\"><strong>(819) 681-7777<\/strong><\/p>\n<p style=\"text-align: center;\"><strong>info@mission-laser.com<\/strong><\/p>\n<p style=\"text-align: center;\"><strong><a href=\"https:\/\/mission-laser.com\/fr\/\" target=\"_blank\" rel=\"noopener\">https:\/\/mission-laser.com\/fr\/<\/a><\/strong><\/p>\n<p><\/div><\/div>[\/vc_column][\/vc_row][vc_row][vc_column][vc_empty_space height=\u00a0\u00bb60px\u00a0\u00bb][\/vc_column][\/vc_row][vc_row][vc_column][vc_single_image image=\u00a0\u00bb16341&Prime; img_size=\u00a0\u00bb800&#215;600&Prime; alignment=\u00a0\u00bbcenter\u00a0\u00bb][\/vc_column][\/vc_row]<\/p>\n","protected":false},"excerpt":{"rendered":"<p>[vc_row][vc_column][\/vc_column][\/vc_row][vc_row][vc_column][vc_empty_space height=\u00a0\u00bb60px\u00a0\u00bb][\/vc_column][\/vc_row][vc_row][vc_column][vc_single_image image=\u00a0\u00bb16341&Prime; img_size=\u00a0\u00bb800&#215;600&Prime; alignment=\u00a0\u00bbcenter\u00a0\u00bb][\/vc_column][\/vc_row]<\/p>\n","protected":false},"author":1,"featured_media":16991,"parent":21144,"menu_order":0,"comment_status":"closed","ping_status":"closed","template":"","meta":{"footnotes":""},"class_list":["post-25447","page","type-page","status-publish","has-post-thumbnail","hentry","description-off"],"yoast_head":"<!-- This site is optimized with the Yoast SEO Premium plugin v26.5 (Yoast SEO v26.5) - https:\/\/yoast.com\/wordpress\/plugins\/seo\/ -->\n<title>Laser game \u00e0 Mont-Tremblant, Activit\u00e9s d&#039;int\u00e9rieur \u00e0 Tremblant<\/title>\n<meta name=\"description\" content=\"Official Mont-Tremblant vous donne plus d&#039;informations sur les activit\u00e9s d&#039;int\u00e9rieur \u00e0 Tremblant dont le laser game \u00e0 Mont-Tremblant.\" \/>\n<meta name=\"robots\" content=\"index, follow, max-snippet:-1, max-image-preview:large, max-video-preview:-1\" \/>\n<link rel=\"canonical\" href=\"https:\/\/officialmonttremblant.com\/fr\/activites\/activites-d-interieur\/laser-game\/\" \/>\n<meta property=\"og:locale\" content=\"fr_FR\" \/>\n<meta property=\"og:type\" content=\"article\" \/>\n<meta property=\"og:title\" content=\"Laser game\" \/>\n<meta property=\"og:description\" content=\"Official Mont-Tremblant vous donne plus d&#039;informations sur les activit\u00e9s d&#039;int\u00e9rieur \u00e0 Tremblant dont le laser game \u00e0 Mont-Tremblant.\" \/>\n<meta property=\"og:url\" content=\"https:\/\/officialmonttremblant.com\/fr\/activites\/activites-d-interieur\/laser-game\/\" \/>\n<meta property=\"og:site_name\" content=\"Official Mont Tremblant\" \/>\n<meta property=\"article:modified_time\" content=\"2025-07-29T15:25:10+00:00\" \/>\n<meta property=\"og:image\" content=\"https:\/\/officialmonttremblant.com\/wp-content\/uploads\/2022\/07\/Laser-game.jpeg\" \/>\n\t<meta property=\"og:image:width\" content=\"1024\" \/>\n\t<meta property=\"og:image:height\" content=\"683\" \/>\n\t<meta property=\"og:image:type\" content=\"image\/jpeg\" \/>\n<meta name=\"twitter:card\" content=\"summary_large_image\" \/>\n<meta name=\"twitter:label1\" content=\"Dur\u00e9e de lecture estim\u00e9e\" \/>\n\t<meta name=\"twitter:data1\" content=\"2 minutes\" \/>\n<script type=\"application\/ld+json\" class=\"yoast-schema-graph\">{\"@context\":\"https:\/\/schema.org\",\"@graph\":[{\"@type\":\"WebPage\",\"@id\":\"https:\/\/officialmonttremblant.com\/fr\/activites\/activites-d-interieur\/laser-game\/\",\"url\":\"https:\/\/officialmonttremblant.com\/fr\/activites\/activites-d-interieur\/laser-game\/\",\"name\":\"Laser game \u00e0 Mont-Tremblant, Activit\u00e9s d'int\u00e9rieur \u00e0 Tremblant\",\"isPartOf\":{\"@id\":\"https:\/\/officialmonttremblant.com\/fr\/#website\"},\"primaryImageOfPage\":{\"@id\":\"https:\/\/officialmonttremblant.com\/fr\/activites\/activites-d-interieur\/laser-game\/#primaryimage\"},\"image\":{\"@id\":\"https:\/\/officialmonttremblant.com\/fr\/activites\/activites-d-interieur\/laser-game\/#primaryimage\"},\"thumbnailUrl\":\"https:\/\/officialmonttremblant.com\/wp-content\/uploads\/2022\/07\/Laser-game.jpeg\",\"datePublished\":\"2022-07-26T15:14:29+00:00\",\"dateModified\":\"2025-07-29T15:25:10+00:00\",\"description\":\"Official Mont-Tremblant vous donne plus d'informations sur les activit\u00e9s d'int\u00e9rieur \u00e0 Tremblant dont le laser game \u00e0 Mont-Tremblant.\",\"breadcrumb\":{\"@id\":\"https:\/\/officialmonttremblant.com\/fr\/activites\/activites-d-interieur\/laser-game\/#breadcrumb\"},\"inLanguage\":\"fr-FR\",\"potentialAction\":[{\"@type\":\"ReadAction\",\"target\":[\"https:\/\/officialmonttremblant.com\/fr\/activites\/activites-d-interieur\/laser-game\/\"]}]},{\"@type\":\"ImageObject\",\"inLanguage\":\"fr-FR\",\"@id\":\"https:\/\/officialmonttremblant.com\/fr\/activites\/activites-d-interieur\/laser-game\/#primaryimage\",\"url\":\"https:\/\/officialmonttremblant.com\/wp-content\/uploads\/2022\/07\/Laser-game.jpeg\",\"contentUrl\":\"https:\/\/officialmonttremblant.com\/wp-content\/uploads\/2022\/07\/Laser-game.jpeg\",\"width\":1024,\"height\":683,\"caption\":\"Laser game in Mont-Tremblant\"},{\"@type\":\"BreadcrumbList\",\"@id\":\"https:\/\/officialmonttremblant.com\/fr\/activites\/activites-d-interieur\/laser-game\/#breadcrumb\",\"itemListElement\":[{\"@type\":\"ListItem\",\"position\":1,\"name\":\"Home\",\"item\":\"https:\/\/officialmonttremblant.com\/fr\/\"},{\"@type\":\"ListItem\",\"position\":2,\"name\":\"Activit\u00e9s\",\"item\":\"https:\/\/officialmonttremblant.com\/fr\/activites\/\"},{\"@type\":\"ListItem\",\"position\":3,\"name\":\"Activit\u00e9s d&#8217;int\u00e9rieur\",\"item\":\"https:\/\/officialmonttremblant.com\/fr\/activites\/activites-d-interieur\/\"},{\"@type\":\"ListItem\",\"position\":4,\"name\":\"Laser game\"}]},{\"@type\":\"WebSite\",\"@id\":\"https:\/\/officialmonttremblant.com\/fr\/#website\",\"url\":\"https:\/\/officialmonttremblant.com\/fr\/\",\"name\":\"Official Mont Tremblant\",\"description\":\"Vacation &amp; tourist guide in Mont Tremblant\",\"potentialAction\":[{\"@type\":\"SearchAction\",\"target\":{\"@type\":\"EntryPoint\",\"urlTemplate\":\"https:\/\/officialmonttremblant.com\/fr\/?s={search_term_string}\"},\"query-input\":{\"@type\":\"PropertyValueSpecification\",\"valueRequired\":true,\"valueName\":\"search_term_string\"}}],\"inLanguage\":\"fr-FR\"}]}<\/script>\n<!-- \/ Yoast SEO Premium plugin. -->","yoast_head_json":{"title":"Laser game \u00e0 Mont-Tremblant, Activit\u00e9s d'int\u00e9rieur \u00e0 Tremblant","description":"Official Mont-Tremblant vous donne plus d'informations sur les activit\u00e9s d'int\u00e9rieur \u00e0 Tremblant dont le laser game \u00e0 Mont-Tremblant.","robots":{"index":"index","follow":"follow","max-snippet":"max-snippet:-1","max-image-preview":"max-image-preview:large","max-video-preview":"max-video-preview:-1"},"canonical":"https:\/\/officialmonttremblant.com\/fr\/activites\/activites-d-interieur\/laser-game\/","og_locale":"fr_FR","og_type":"article","og_title":"Laser game","og_description":"Official Mont-Tremblant vous donne plus d'informations sur les activit\u00e9s d'int\u00e9rieur \u00e0 Tremblant dont le laser game \u00e0 Mont-Tremblant.","og_url":"https:\/\/officialmonttremblant.com\/fr\/activites\/activites-d-interieur\/laser-game\/","og_site_name":"Official Mont Tremblant","article_modified_time":"2025-07-29T15:25:10+00:00","og_image":[{"width":1024,"height":683,"url":"https:\/\/officialmonttremblant.com\/wp-content\/uploads\/2022\/07\/Laser-game.jpeg","type":"image\/jpeg"}],"twitter_card":"summary_large_image","twitter_misc":{"Dur\u00e9e de lecture estim\u00e9e":"2 minutes"},"schema":{"@context":"https:\/\/schema.org","@graph":[{"@type":"WebPage","@id":"https:\/\/officialmonttremblant.com\/fr\/activites\/activites-d-interieur\/laser-game\/","url":"https:\/\/officialmonttremblant.com\/fr\/activites\/activites-d-interieur\/laser-game\/","name":"Laser game \u00e0 Mont-Tremblant, Activit\u00e9s d'int\u00e9rieur \u00e0 Tremblant","isPartOf":{"@id":"https:\/\/officialmonttremblant.com\/fr\/#website"},"primaryImageOfPage":{"@id":"https:\/\/officialmonttremblant.com\/fr\/activites\/activites-d-interieur\/laser-game\/#primaryimage"},"image":{"@id":"https:\/\/officialmonttremblant.com\/fr\/activites\/activites-d-interieur\/laser-game\/#primaryimage"},"thumbnailUrl":"https:\/\/officialmonttremblant.com\/wp-content\/uploads\/2022\/07\/Laser-game.jpeg","datePublished":"2022-07-26T15:14:29+00:00","dateModified":"2025-07-29T15:25:10+00:00","description":"Official Mont-Tremblant vous donne plus d'informations sur les activit\u00e9s d'int\u00e9rieur \u00e0 Tremblant dont le laser game \u00e0 Mont-Tremblant.","breadcrumb":{"@id":"https:\/\/officialmonttremblant.com\/fr\/activites\/activites-d-interieur\/laser-game\/#breadcrumb"},"inLanguage":"fr-FR","potentialAction":[{"@type":"ReadAction","target":["https:\/\/officialmonttremblant.com\/fr\/activites\/activites-d-interieur\/laser-game\/"]}]},{"@type":"ImageObject","inLanguage":"fr-FR","@id":"https:\/\/officialmonttremblant.com\/fr\/activites\/activites-d-interieur\/laser-game\/#primaryimage","url":"https:\/\/officialmonttremblant.com\/wp-content\/uploads\/2022\/07\/Laser-game.jpeg","contentUrl":"https:\/\/officialmonttremblant.com\/wp-content\/uploads\/2022\/07\/Laser-game.jpeg","width":1024,"height":683,"caption":"Laser game in Mont-Tremblant"},{"@type":"BreadcrumbList","@id":"https:\/\/officialmonttremblant.com\/fr\/activites\/activites-d-interieur\/laser-game\/#breadcrumb","itemListElement":[{"@type":"ListItem","position":1,"name":"Home","item":"https:\/\/officialmonttremblant.com\/fr\/"},{"@type":"ListItem","position":2,"name":"Activit\u00e9s","item":"https:\/\/officialmonttremblant.com\/fr\/activites\/"},{"@type":"ListItem","position":3,"name":"Activit\u00e9s d&#8217;int\u00e9rieur","item":"https:\/\/officialmonttremblant.com\/fr\/activites\/activites-d-interieur\/"},{"@type":"ListItem","position":4,"name":"Laser game"}]},{"@type":"WebSite","@id":"https:\/\/officialmonttremblant.com\/fr\/#website","url":"https:\/\/officialmonttremblant.com\/fr\/","name":"Official Mont Tremblant","description":"Vacation &amp; tourist guide in Mont Tremblant","potentialAction":[{"@type":"SearchAction","target":{"@type":"EntryPoint","urlTemplate":"https:\/\/officialmonttremblant.com\/fr\/?s={search_term_string}"},"query-input":{"@type":"PropertyValueSpecification","valueRequired":true,"valueName":"search_term_string"}}],"inLanguage":"fr-FR"}]}},"jetpack_sharing_enabled":true,"_links":{"self":[{"href":"https:\/\/officialmonttremblant.com\/fr\/wp-json\/wp\/v2\/pages\/25447","targetHints":{"allow":["GET"]}}],"collection":[{"href":"https:\/\/officialmonttremblant.com\/fr\/wp-json\/wp\/v2\/pages"}],"about":[{"href":"https:\/\/officialmonttremblant.com\/fr\/wp-json\/wp\/v2\/types\/page"}],"author":[{"embeddable":true,"href":"https:\/\/officialmonttremblant.com\/fr\/wp-json\/wp\/v2\/users\/1"}],"replies":[{"embeddable":true,"href":"https:\/\/officialmonttremblant.com\/fr\/wp-json\/wp\/v2\/comments?post=25447"}],"version-history":[{"count":3,"href":"https:\/\/officialmonttremblant.com\/fr\/wp-json\/wp\/v2\/pages\/25447\/revisions"}],"predecessor-version":[{"id":26689,"href":"https:\/\/officialmonttremblant.com\/fr\/wp-json\/wp\/v2\/pages\/25447\/revisions\/26689"}],"up":[{"embeddable":true,"href":"https:\/\/officialmonttremblant.com\/fr\/wp-json\/wp\/v2\/pages\/21144"}],"wp:featuredmedia":[{"embeddable":true,"href":"https:\/\/officialmonttremblant.com\/fr\/wp-json\/wp\/v2\/media\/16991"}],"wp:attachment":[{"href":"https:\/\/officialmonttremblant.com\/fr\/wp-json\/wp\/v2\/media?parent=25447"}],"curies":[{"name":"wp","href":"https:\/\/api.w.org\/{rel}","templated":true}]}}