{"id":25448,"date":"2022-09-15T17:11:28","date_gmt":"2022-09-15T21:11:28","guid":{"rendered":"https:\/\/officialmonttremblant.com\/activites\/activites-pour-enfants\/ice-skating\/"},"modified":"2025-07-29T11:28:42","modified_gmt":"2025-07-29T15:28:42","slug":"patin-a-glace","status":"publish","type":"page","link":"https:\/\/officialmonttremblant.com\/fr\/activites\/activites-pour-enfants\/patin-a-glace\/","title":{"rendered":"Patin \u00e0 glace"},"content":{"rendered":"<p>[vc_row][vc_column]<div id=\"ultimate-heading-551369d8cd5f90008\" class=\"uvc-heading ult-adjust-bottom-margin ultimate-heading-551369d8cd5f90008 uvc-9512  uvc-heading-default-font-sizes\" data-hspacer=\"no_spacer\"  data-halign=\"left\" style=\"text-align:left\"><div class=\"uvc-heading-spacer no_spacer\" style=\"top\"><\/div><div class=\"uvc-main-heading ult-responsive\"  data-ultimate-target='.uvc-heading.ultimate-heading-551369d8cd5f90008 h2'  data-responsive-json-new='{\"font-size\":\"\",\"line-height\":\"\"}' ><h2 style=\"--font-weight:theme;\">Patin \u00e0 glace \u00e0 Tremblant<\/h2><\/div><\/div>[\/vc_column][\/vc_row][vc_row][vc_column][vc_empty_space height=\u00a0\u00bb60px\u00a0\u00bb][\/vc_column][\/vc_row][vc_row][vc_column][vc_column_text]<\/p>\n<p style=\"text-align: left;\">Official Mont-Tremblant vous apporte plus d&rsquo;informations sur les activit\u00e9s pour enfants \u00e0 Tremblant dont le patin \u00e0 glace \u00e0 Tremblant.<\/p>\n<p style=\"text-align: left;\">La ville de Mont-Tremblant poss\u00e8de quatre anneaux de glace publics o\u00f9 vous pouvez jouer au hockey sur glace ou faire du patinage \u00e0 Mont-Tremblant. Le patinage sur glace est un des sports d&rsquo;hiver pr\u00e9f\u00e9r\u00e9s des Canadiens et l&rsquo;une des nombreuses activit\u00e9s dont toute la famille peut profiter. Les quatre anneaux de patinage ext\u00e9rieurs sont facilement accessibles et offrent du plaisir pour tous les \u00e2ges, des d\u00e9butants aux joueurs de hockey chevronn\u00e9s. Les patinoires sont ouvertes jusqu&rsquo;\u00e0 22 heures tous les soirs et proposent plusieurs activit\u00e9s programm\u00e9es auxquelles les clients peuvent participer tout au long de la saison.<\/p>\n<p style=\"text-align: left;\">Il n&rsquo;y a rien de tel que de faire du patin \u00e0 glace \u00e0 Mont Tremblant sur un lac gel\u00e9 la nuit. Enfilez une paire de patins et profitez d&rsquo;une soir\u00e9e romantique en compagnie de l&rsquo;\u00eatre aim\u00e9 ou faites une partie de hockey sur glace.\u00a0 Toutes les patinoires sont \u00e9clair\u00e9es et situ\u00e9es \u00e0 distance de marche de tous les h\u00e9bergements du Village.<\/p>\n<p>[\/vc_column_text][vc_empty_space height=\u00a0\u00bb60px\u00a0\u00bb][vc_single_image image=\u00a0\u00bb22905&Prime; img_size=\u00a0\u00bb600&#215;400&Prime; alignment=\u00a0\u00bbcenter\u00a0\u00bb][\/vc_column][\/vc_row][vc_row][vc_column][vc_empty_space height=\u00a0\u00bb60px\u00a0\u00bb][\/vc_column][\/vc_row][vc_row][vc_column][vc_column_text]<\/p>\n<h3 class=\"vc_custom_heading vc_custom_1561938792438\">Patinoire \u00e0 Bel Air Tremblant<\/h3>\n<div class=\"vc_row wpb_row section vc_row-fluid vc_inner vc_custom_1561939915858\">\n<div class=\" full_section_inner clearfix\">\n<div class=\"wpb_column vc_column_container vc_col-sm-4\">\n<div class=\"vc_column-inner\">\n<div class=\"wpb_wrapper\">\n<div class=\"wpb_single_image wpb_content_element vc_align_left\">\n<div class=\"wpb_wrapper\">\n<div class=\"vc_single_image-wrapper vc_box_shadow vc_box_border_grey\"><\/div>\n<\/div>\n<\/div>\n<\/div>\n<\/div>\n<\/div>\n<div class=\"wpb_column vc_column_container vc_col-sm-4\">\n<div class=\"vc_column-inner\">\n<div class=\"wpb_wrapper\">\n<div class=\"wpb_text_column wpb_content_element \">\n<div class=\"wpb_wrapper\">\n<p><strong>LIEU:<\/strong><br \/>\nProfitez de la patinoire sur le petit lac situ\u00e9 \u00e0 l&rsquo;entr\u00e9e de Bel Air.<\/p>\n<p><strong>HORAIRES:<\/strong><br \/>\n22 d\u00e9cembre au 17 mars<\/p>\n<p>Horaires: 8h \u00e0 22h<\/p>\n<\/div>\n<\/div>\n<\/div>\n<\/div>\n<\/div>\n<div class=\"wpb_column vc_column_container vc_col-sm-4\">\n<div class=\"vc_column-inner\">\n<div class=\"wpb_wrapper\">\n<div class=\"wpb_text_column wpb_content_element \">\n<div class=\"wpb_wrapper\">\n<p><strong>SERVICES:<\/strong><\/p>\n<p>Locations de patins \u00e0 glace offerte<\/p>\n<p>Hockey sur glace offert \u00e9galement<\/p>\n<\/div>\n<\/div>\n<\/div>\n<\/div>\n<\/div>\n<\/div>\n<\/div>\n<p>[\/vc_column_text][vc_empty_space height=\u00a0\u00bb60px\u00a0\u00bb][vc_btn title=\u00a0\u00bbR\u00e9server en ligne maintenant!\u00a0\u00bb align=\u00a0\u00bbcenter\u00a0\u00bb link=\u00a0\u00bburl:https%3A%2F%2Factiontremblant.com%2Ffr%2Factivites-dhiver%2Fpatinoire%2F|title:R%C3%A9server%20en%20ligne!|target:_blank\u00a0\u00bb][\/vc_column][\/vc_row][vc_row][vc_column][vc_empty_space height=\u00a0\u00bb60px\u00a0\u00bb][\/vc_column][\/vc_row][vc_row][vc_column][vc_column_text]<\/p>\n<h3 class=\"vc_custom_heading vc_custom_1561939111362\">Patinoire au Lac Mercier<\/h3>\n<div class=\"vc_row wpb_row section vc_row-fluid vc_inner vc_custom_1561939896137\">\n<div class=\" full_section_inner clearfix\">\n<div class=\"wpb_column vc_column_container vc_col-sm-4\">\n<div class=\"vc_column-inner\">\n<div class=\"wpb_wrapper\">\n<div class=\"wpb_single_image wpb_content_element vc_align_left\">\n<div class=\"wpb_wrapper\">\n<div class=\"vc_single_image-wrapper vc_box_shadow vc_box_border_grey\"><\/div>\n<\/div>\n<\/div>\n<\/div>\n<\/div>\n<\/div>\n<div class=\"wpb_column vc_column_container vc_col-sm-4\">\n<div class=\"vc_column-inner\">\n<div class=\"wpb_wrapper\">\n<div class=\"wpb_text_column wpb_content_element \">\n<div class=\"wpb_wrapper\">\n<p><strong>LIEU:<\/strong><br \/>\n100, chemin Plouffe,\u00a0Mont-Tremblant<\/p>\n<p><i class=\"qode_icon_font_awesome fa fa-phone qode_icon_element\"><\/i>\u00a0+1 819 425-8614 (2500)<\/p>\n<p><strong>HORAIRES:<\/strong><br \/>\ntous les jours jusque 22h<\/p>\n<\/div>\n<\/div>\n<\/div>\n<\/div>\n<\/div>\n<div class=\"wpb_column vc_column_container vc_col-sm-4\">\n<div class=\"vc_column-inner\">\n<div class=\"wpb_wrapper\">\n<div class=\"wpb_text_column wpb_content_element \">\n<div class=\"wpb_wrapper\">\n<p><strong>SERVICES:<\/strong><\/p>\n<p>Zone de patinage<br \/>\nToboggan \u00e0 glace<br \/>\nSalle chauff\u00e9e<br \/>\nToilettes<br \/>\n\u00c9clairage<\/p>\n<p>PAS DE SURVEILLANCE<\/p>\n<\/div>\n<\/div>\n<\/div>\n<\/div>\n<\/div>\n<\/div>\n<\/div>\n<p>[\/vc_column_text][\/vc_column][\/vc_row][vc_row][vc_column][vc_empty_space height=\u00a0\u00bb60px\u00a0\u00bb][\/vc_column][\/vc_row][vc_row][vc_column][vc_column_text]<\/p>\n<h3 class=\"vc_custom_heading vc_custom_1561939860149\">Parc Daniel Lauzon<\/h3>\n<div class=\"vc_row wpb_row section vc_row-fluid vc_inner vc_custom_1561939871069\">\n<div class=\" full_section_inner clearfix\">\n<div class=\"wpb_column vc_column_container vc_col-sm-4\">\n<div class=\"vc_column-inner\">\n<div class=\"wpb_wrapper\">\n<div class=\"wpb_single_image wpb_content_element vc_align_left\">\n<div class=\"wpb_wrapper\">\n<div class=\"vc_single_image-wrapper vc_box_shadow vc_box_border_grey\"><\/div>\n<\/div>\n<\/div>\n<\/div>\n<\/div>\n<\/div>\n<div class=\"wpb_column vc_column_container vc_col-sm-4\">\n<div class=\"vc_column-inner\">\n<div class=\"wpb_wrapper\">\n<div class=\"wpb_text_column wpb_content_element \">\n<div class=\"wpb_wrapper\">\n<p><strong>LIEU:<\/strong><br \/>\n268 Rue du Couvent,\u00a0Mont-Tremblant<\/p>\n<p><i class=\"qode_icon_font_awesome fa fa-phone qode_icon_element\"><\/i>\u00a0+1 819-425-8614 (2615)<\/p>\n<p><strong>HORAIRES:<\/strong><br \/>\nLundi-Vendredi: 15h &#8211; 22h<br \/>\nSamedi au Dimanche: 10h \u00e0 22h<\/p>\n<\/div>\n<\/div>\n<\/div>\n<\/div>\n<\/div>\n<div class=\"wpb_column vc_column_container vc_col-sm-4\">\n<div class=\"vc_column-inner\">\n<div class=\"wpb_wrapper\">\n<div class=\"wpb_text_column wpb_content_element \">\n<div class=\"wpb_wrapper\">\n<p><strong>SERVICES:<\/strong><br \/>\nPatinoire<br \/>\nHockey et patinoire<br \/>\nZone de glace<br \/>\nToboggan<br \/>\nRemorque chauff\u00e9e<br \/>\nToilettes<br \/>\n\u00c9clairage<\/p>\n<\/div>\n<\/div>\n<\/div>\n<\/div>\n<\/div>\n<\/div>\n<\/div>\n<p>[\/vc_column_text][\/vc_column][\/vc_row][vc_row][vc_column][vc_empty_space height=\u00a0\u00bb60px\u00a0\u00bb][\/vc_column][\/vc_row][vc_row][vc_column][vc_column_text]<\/p>\n<h3 class=\"vc_custom_heading vc_custom_1561941571023\">Terrain de hockey<\/h3>\n<div class=\"vc_row wpb_row section vc_row-fluid vc_inner vc_custom_1561939871069\">\n<div class=\" full_section_inner clearfix\">\n<div class=\"wpb_column vc_column_container vc_col-sm-4\">\n<div class=\"vc_column-inner\">\n<div class=\"wpb_wrapper\">\n<div class=\"wpb_single_image wpb_content_element vc_align_left\">\n<div class=\"wpb_wrapper\">\n<div class=\"vc_single_image-wrapper vc_box_shadow vc_box_border_grey\"><\/div>\n<\/div>\n<\/div>\n<\/div>\n<\/div>\n<\/div>\n<div class=\"wpb_column vc_column_container vc_col-sm-4\">\n<div class=\"vc_column-inner\">\n<div class=\"wpb_wrapper\">\n<div class=\"wpb_text_column wpb_content_element \">\n<div class=\"wpb_wrapper\">\n<p><strong>LIEU:<\/strong><br \/>\n625, rue Cadieux,\u00a0Mont-Tremblant<\/p>\n<p><i class=\"qode_icon_font_awesome fa fa-phone qode_icon_element\"><\/i>+1 819-425-8614 (2505)<\/p>\n<p><strong>HORAIRES:<\/strong><br \/>\nLundi au Vendredi: 15h \u00e0 22h<br \/>\nSamedi &#8211; Dimanche: 10h \u00e0 22h<\/p>\n<\/div>\n<\/div>\n<\/div>\n<\/div>\n<\/div>\n<div class=\"wpb_column vc_column_container vc_col-sm-4\">\n<div class=\"vc_column-inner\">\n<div class=\"wpb_wrapper\">\n<div class=\"wpb_text_column wpb_content_element \">\n<div class=\"wpb_wrapper\">\n<p><strong>SERVICES:<\/strong><br \/>\nPatinoire<br \/>\nHockey<br \/>\nRemorque chauff\u00e9e<br \/>\nToilettes<br \/>\n\u00c9clairage<\/p>\n<\/div>\n<\/div>\n<\/div>\n<\/div>\n<\/div>\n<\/div>\n<\/div>\n<p>[\/vc_column_text][\/vc_column][\/vc_row][vc_row][vc_column][vc_empty_space height=\u00a0\u00bb60px\u00a0\u00bb][\/vc_column][\/vc_row][vc_row][vc_column][vc_column_text]<\/p>\n<div class=\"wpb_column vc_column_container vc_col-sm-4\">\n<div class=\"vc_column-inner\">\n<div class=\"wpb_wrapper\">\n<div class=\"wpb_single_image wpb_content_element vc_align_left\">\n<div class=\"wpb_wrapper\">\n<div>\n<h3 class=\"vc_custom_heading vc_custom_1561938792438\" style=\"text-align: left;\">Village Pi\u00e9tonnier<\/h3>\n<\/div>\n<div class=\"vc_single_image-wrapper vc_box_shadow vc_box_border_grey\"><\/div>\n<\/div>\n<\/div>\n<\/div>\n<\/div>\n<\/div>\n<div class=\"wpb_column vc_column_container vc_col-sm-4\">\n<div class=\"vc_column-inner\">\n<div class=\"wpb_wrapper\">\n<div class=\"wpb_text_column wpb_content_element \">\n<div class=\"wpb_wrapper\">\n<p><strong>LIEU:<\/strong><br \/>\nSitu\u00e9 pr\u00e8s de la chapelle au pied du village pi\u00e9tonnier.<\/p>\n<p><strong>HORAIRES:<\/strong><br \/>\n22 d\u00e9cembre au 17 mars<br \/>\n8h \u00e0 22h<\/p>\n<\/div>\n<\/div>\n<\/div>\n<\/div>\n<\/div>\n<div class=\"wpb_column vc_column_container vc_col-sm-4\">\n<div class=\"vc_column-inner\">\n<div class=\"wpb_wrapper\">\n<div class=\"wpb_text_column wpb_content_element \">\n<div class=\"wpb_wrapper\">\n<p><strong>SERVICES:<\/strong><br \/>\n\u00c9clairage<br \/>\nMusique en soir\u00e9e<br \/>\nLe hockey n&rsquo;est pas autoris\u00e9<br \/>\nApportez vos propres patins<\/p>\n<\/div>\n<\/div>\n<\/div>\n<\/div>\n<\/div>\n<p>[\/vc_column_text][\/vc_column][\/vc_row]<\/p>\n","protected":false},"excerpt":{"rendered":"<p>[vc_row][vc_column][\/vc_column][\/vc_row][vc_row][vc_column][vc_empty_space height=\u00a0\u00bb60px\u00a0\u00bb][\/vc_column][\/vc_row][vc_row][vc_column][vc_column_text] Official Mont-Tremblant vous apporte plus d&rsquo;informations sur les activit\u00e9s pour enfants \u00e0 Tremblant dont le patin \u00e0 glace \u00e0 Tremblant. La ville de Mont-Tremblant poss\u00e8de quatre anneaux de glace publics o\u00f9 vous pouvez jouer au hockey sur glace ou faire du patinage \u00e0 Mont-Tremblant. Le patinage sur glace est un des sports d&rsquo;hiver&hellip;<\/p>\n","protected":false},"author":5,"featured_media":22905,"parent":21145,"menu_order":0,"comment_status":"closed","ping_status":"closed","template":"","meta":{"footnotes":""},"class_list":["post-25448","page","type-page","status-publish","has-post-thumbnail","hentry","description-off"],"yoast_head":"<!-- This site is optimized with the Yoast SEO Premium plugin v26.5 (Yoast SEO v26.5) - https:\/\/yoast.com\/wordpress\/plugins\/seo\/ -->\n<title>Patin \u00e0 glace \u00e0 Tremblant, activit\u00e9s pour enfants \u00e0 Tremblant<\/title>\n<meta name=\"description\" content=\"Official Mont-Tremblant vous apporte plus d&#039;informations sur les activit\u00e9s pour enfants \u00e0 Tremblant dont le patin \u00e0 glace \u00e0 Tremblant.\" \/>\n<meta name=\"robots\" content=\"index, follow, max-snippet:-1, max-image-preview:large, max-video-preview:-1\" \/>\n<link rel=\"canonical\" href=\"https:\/\/officialmonttremblant.com\/fr\/activites\/activites-pour-enfants\/patin-a-glace\/\" \/>\n<meta property=\"og:locale\" content=\"fr_FR\" \/>\n<meta property=\"og:type\" content=\"article\" \/>\n<meta property=\"og:title\" content=\"Patin \u00e0 glace\" \/>\n<meta property=\"og:description\" content=\"Official Mont-Tremblant vous apporte plus d&#039;informations sur les activit\u00e9s pour enfants \u00e0 Tremblant dont le patin \u00e0 glace \u00e0 Tremblant.\" \/>\n<meta property=\"og:url\" content=\"https:\/\/officialmonttremblant.com\/fr\/activites\/activites-pour-enfants\/patin-a-glace\/\" \/>\n<meta property=\"og:site_name\" content=\"Official Mont Tremblant\" \/>\n<meta property=\"article:modified_time\" content=\"2025-07-29T15:28:42+00:00\" \/>\n<meta property=\"og:image\" content=\"https:\/\/officialmonttremblant.com\/wp-content\/uploads\/2022\/09\/ice-skating-g19446904b_1920.jpg\" \/>\n\t<meta property=\"og:image:width\" content=\"1920\" \/>\n\t<meta property=\"og:image:height\" content=\"1283\" \/>\n\t<meta property=\"og:image:type\" content=\"image\/jpeg\" \/>\n<meta name=\"twitter:card\" content=\"summary_large_image\" \/>\n<meta name=\"twitter:label1\" content=\"Dur\u00e9e de lecture estim\u00e9e\" \/>\n\t<meta name=\"twitter:data1\" content=\"3 minutes\" \/>\n<script type=\"application\/ld+json\" class=\"yoast-schema-graph\">{\"@context\":\"https:\/\/schema.org\",\"@graph\":[{\"@type\":\"WebPage\",\"@id\":\"https:\/\/officialmonttremblant.com\/fr\/activites\/activites-pour-enfants\/patin-a-glace\/\",\"url\":\"https:\/\/officialmonttremblant.com\/fr\/activites\/activites-pour-enfants\/patin-a-glace\/\",\"name\":\"Patin \u00e0 glace \u00e0 Tremblant, activit\u00e9s pour enfants \u00e0 Tremblant\",\"isPartOf\":{\"@id\":\"https:\/\/officialmonttremblant.com\/fr\/#website\"},\"primaryImageOfPage\":{\"@id\":\"https:\/\/officialmonttremblant.com\/fr\/activites\/activites-pour-enfants\/patin-a-glace\/#primaryimage\"},\"image\":{\"@id\":\"https:\/\/officialmonttremblant.com\/fr\/activites\/activites-pour-enfants\/patin-a-glace\/#primaryimage\"},\"thumbnailUrl\":\"https:\/\/officialmonttremblant.com\/wp-content\/uploads\/2022\/09\/ice-skating-g19446904b_1920.jpg\",\"datePublished\":\"2022-09-15T21:11:28+00:00\",\"dateModified\":\"2025-07-29T15:28:42+00:00\",\"description\":\"Official Mont-Tremblant vous apporte plus d'informations sur les activit\u00e9s pour enfants \u00e0 Tremblant dont le patin \u00e0 glace \u00e0 Tremblant.\",\"breadcrumb\":{\"@id\":\"https:\/\/officialmonttremblant.com\/fr\/activites\/activites-pour-enfants\/patin-a-glace\/#breadcrumb\"},\"inLanguage\":\"fr-FR\",\"potentialAction\":[{\"@type\":\"ReadAction\",\"target\":[\"https:\/\/officialmonttremblant.com\/fr\/activites\/activites-pour-enfants\/patin-a-glace\/\"]}]},{\"@type\":\"ImageObject\",\"inLanguage\":\"fr-FR\",\"@id\":\"https:\/\/officialmonttremblant.com\/fr\/activites\/activites-pour-enfants\/patin-a-glace\/#primaryimage\",\"url\":\"https:\/\/officialmonttremblant.com\/wp-content\/uploads\/2022\/09\/ice-skating-g19446904b_1920.jpg\",\"contentUrl\":\"https:\/\/officialmonttremblant.com\/wp-content\/uploads\/2022\/09\/ice-skating-g19446904b_1920.jpg\",\"width\":1920,\"height\":1283,\"caption\":\"Kids activities - Ice skating\"},{\"@type\":\"BreadcrumbList\",\"@id\":\"https:\/\/officialmonttremblant.com\/fr\/activites\/activites-pour-enfants\/patin-a-glace\/#breadcrumb\",\"itemListElement\":[{\"@type\":\"ListItem\",\"position\":1,\"name\":\"Home\",\"item\":\"https:\/\/officialmonttremblant.com\/fr\/\"},{\"@type\":\"ListItem\",\"position\":2,\"name\":\"Activit\u00e9s\",\"item\":\"https:\/\/officialmonttremblant.com\/fr\/activites\/\"},{\"@type\":\"ListItem\",\"position\":3,\"name\":\"Activit\u00e9s pour enfants\",\"item\":\"https:\/\/officialmonttremblant.com\/fr\/activites\/activites-pour-enfants\/\"},{\"@type\":\"ListItem\",\"position\":4,\"name\":\"Patin \u00e0 glace\"}]},{\"@type\":\"WebSite\",\"@id\":\"https:\/\/officialmonttremblant.com\/fr\/#website\",\"url\":\"https:\/\/officialmonttremblant.com\/fr\/\",\"name\":\"Official Mont Tremblant\",\"description\":\"Vacation &amp; tourist guide in Mont Tremblant\",\"potentialAction\":[{\"@type\":\"SearchAction\",\"target\":{\"@type\":\"EntryPoint\",\"urlTemplate\":\"https:\/\/officialmonttremblant.com\/fr\/?s={search_term_string}\"},\"query-input\":{\"@type\":\"PropertyValueSpecification\",\"valueRequired\":true,\"valueName\":\"search_term_string\"}}],\"inLanguage\":\"fr-FR\"}]}<\/script>\n<!-- \/ Yoast SEO Premium plugin. -->","yoast_head_json":{"title":"Patin \u00e0 glace \u00e0 Tremblant, activit\u00e9s pour enfants \u00e0 Tremblant","description":"Official Mont-Tremblant vous apporte plus d'informations sur les activit\u00e9s pour enfants \u00e0 Tremblant dont le patin \u00e0 glace \u00e0 Tremblant.","robots":{"index":"index","follow":"follow","max-snippet":"max-snippet:-1","max-image-preview":"max-image-preview:large","max-video-preview":"max-video-preview:-1"},"canonical":"https:\/\/officialmonttremblant.com\/fr\/activites\/activites-pour-enfants\/patin-a-glace\/","og_locale":"fr_FR","og_type":"article","og_title":"Patin \u00e0 glace","og_description":"Official Mont-Tremblant vous apporte plus d'informations sur les activit\u00e9s pour enfants \u00e0 Tremblant dont le patin \u00e0 glace \u00e0 Tremblant.","og_url":"https:\/\/officialmonttremblant.com\/fr\/activites\/activites-pour-enfants\/patin-a-glace\/","og_site_name":"Official Mont Tremblant","article_modified_time":"2025-07-29T15:28:42+00:00","og_image":[{"width":1920,"height":1283,"url":"https:\/\/officialmonttremblant.com\/wp-content\/uploads\/2022\/09\/ice-skating-g19446904b_1920.jpg","type":"image\/jpeg"}],"twitter_card":"summary_large_image","twitter_misc":{"Dur\u00e9e de lecture estim\u00e9e":"3 minutes"},"schema":{"@context":"https:\/\/schema.org","@graph":[{"@type":"WebPage","@id":"https:\/\/officialmonttremblant.com\/fr\/activites\/activites-pour-enfants\/patin-a-glace\/","url":"https:\/\/officialmonttremblant.com\/fr\/activites\/activites-pour-enfants\/patin-a-glace\/","name":"Patin \u00e0 glace \u00e0 Tremblant, activit\u00e9s pour enfants \u00e0 Tremblant","isPartOf":{"@id":"https:\/\/officialmonttremblant.com\/fr\/#website"},"primaryImageOfPage":{"@id":"https:\/\/officialmonttremblant.com\/fr\/activites\/activites-pour-enfants\/patin-a-glace\/#primaryimage"},"image":{"@id":"https:\/\/officialmonttremblant.com\/fr\/activites\/activites-pour-enfants\/patin-a-glace\/#primaryimage"},"thumbnailUrl":"https:\/\/officialmonttremblant.com\/wp-content\/uploads\/2022\/09\/ice-skating-g19446904b_1920.jpg","datePublished":"2022-09-15T21:11:28+00:00","dateModified":"2025-07-29T15:28:42+00:00","description":"Official Mont-Tremblant vous apporte plus d'informations sur les activit\u00e9s pour enfants \u00e0 Tremblant dont le patin \u00e0 glace \u00e0 Tremblant.","breadcrumb":{"@id":"https:\/\/officialmonttremblant.com\/fr\/activites\/activites-pour-enfants\/patin-a-glace\/#breadcrumb"},"inLanguage":"fr-FR","potentialAction":[{"@type":"ReadAction","target":["https:\/\/officialmonttremblant.com\/fr\/activites\/activites-pour-enfants\/patin-a-glace\/"]}]},{"@type":"ImageObject","inLanguage":"fr-FR","@id":"https:\/\/officialmonttremblant.com\/fr\/activites\/activites-pour-enfants\/patin-a-glace\/#primaryimage","url":"https:\/\/officialmonttremblant.com\/wp-content\/uploads\/2022\/09\/ice-skating-g19446904b_1920.jpg","contentUrl":"https:\/\/officialmonttremblant.com\/wp-content\/uploads\/2022\/09\/ice-skating-g19446904b_1920.jpg","width":1920,"height":1283,"caption":"Kids activities - Ice skating"},{"@type":"BreadcrumbList","@id":"https:\/\/officialmonttremblant.com\/fr\/activites\/activites-pour-enfants\/patin-a-glace\/#breadcrumb","itemListElement":[{"@type":"ListItem","position":1,"name":"Home","item":"https:\/\/officialmonttremblant.com\/fr\/"},{"@type":"ListItem","position":2,"name":"Activit\u00e9s","item":"https:\/\/officialmonttremblant.com\/fr\/activites\/"},{"@type":"ListItem","position":3,"name":"Activit\u00e9s pour enfants","item":"https:\/\/officialmonttremblant.com\/fr\/activites\/activites-pour-enfants\/"},{"@type":"ListItem","position":4,"name":"Patin \u00e0 glace"}]},{"@type":"WebSite","@id":"https:\/\/officialmonttremblant.com\/fr\/#website","url":"https:\/\/officialmonttremblant.com\/fr\/","name":"Official Mont Tremblant","description":"Vacation &amp; tourist guide in Mont Tremblant","potentialAction":[{"@type":"SearchAction","target":{"@type":"EntryPoint","urlTemplate":"https:\/\/officialmonttremblant.com\/fr\/?s={search_term_string}"},"query-input":{"@type":"PropertyValueSpecification","valueRequired":true,"valueName":"search_term_string"}}],"inLanguage":"fr-FR"}]}},"jetpack_sharing_enabled":true,"_links":{"self":[{"href":"https:\/\/officialmonttremblant.com\/fr\/wp-json\/wp\/v2\/pages\/25448","targetHints":{"allow":["GET"]}}],"collection":[{"href":"https:\/\/officialmonttremblant.com\/fr\/wp-json\/wp\/v2\/pages"}],"about":[{"href":"https:\/\/officialmonttremblant.com\/fr\/wp-json\/wp\/v2\/types\/page"}],"author":[{"embeddable":true,"href":"https:\/\/officialmonttremblant.com\/fr\/wp-json\/wp\/v2\/users\/5"}],"replies":[{"embeddable":true,"href":"https:\/\/officialmonttremblant.com\/fr\/wp-json\/wp\/v2\/comments?post=25448"}],"version-history":[{"count":4,"href":"https:\/\/officialmonttremblant.com\/fr\/wp-json\/wp\/v2\/pages\/25448\/revisions"}],"predecessor-version":[{"id":26600,"href":"https:\/\/officialmonttremblant.com\/fr\/wp-json\/wp\/v2\/pages\/25448\/revisions\/26600"}],"up":[{"embeddable":true,"href":"https:\/\/officialmonttremblant.com\/fr\/wp-json\/wp\/v2\/pages\/21145"}],"wp:featuredmedia":[{"embeddable":true,"href":"https:\/\/officialmonttremblant.com\/fr\/wp-json\/wp\/v2\/media\/22905"}],"wp:attachment":[{"href":"https:\/\/officialmonttremblant.com\/fr\/wp-json\/wp\/v2\/media?parent=25448"}],"curies":[{"name":"wp","href":"https:\/\/api.w.org\/{rel}","templated":true}]}}