{"id":25450,"date":"2022-09-29T15:27:24","date_gmt":"2022-09-29T19:27:24","guid":{"rendered":"https:\/\/officialmonttremblant.com\/ou-sejourner\/hotels\/autres-recherches-d-hotels\/weddings\/"},"modified":"2025-07-29T14:09:24","modified_gmt":"2025-07-29T18:09:24","slug":"marriage","status":"publish","type":"page","link":"https:\/\/officialmonttremblant.com\/fr\/ou-sejourner\/hotels\/autres-recherches\/marriage\/","title":{"rendered":"H\u00f4tels pour Mariage \u00e0 Mont Tremblant"},"content":{"rendered":"<p>[vc_row content_placement=\u00a0\u00bbmiddle\u00a0\u00bb css=\u00a0\u00bb.vc_custom_1652473657427{padding-bottom: 50px !important;}\u00a0\u00bb][vc_column width=\u00a0\u00bb2\/3&Prime;][vc_column_text css=\u00a0\u00bb.vc_custom_1749586598710{padding-bottom: 25px !important;}\u00a0\u00bb]Trouver le parfait h\u00f4tel mariage Tremblant signifie cr\u00e9er une exp\u00e9rience inoubliable non seulement pour les mari\u00e9s, mais aussi pour tous les invit\u00e9s. Les h\u00f4tels pour mariage \u00e0 Mont Tremblant offrent un d\u00e9cor spectaculaire, des prestations haut de gamme, et une multitude d\u2019activit\u00e9s \u00e0 partager avec vos proches tout au long du s\u00e9jour. Notre s\u00e9lection propose des \u00e9tablissements \u00e9l\u00e9gants qui allient lieu de r\u00e9ception et h\u00e9bergement, pour organiser votre c\u00e9r\u00e9monie et loger vos invit\u00e9s en un seul endroit.<\/p>\n<p>Que vous planifiiez une c\u00e9l\u00e9bration intime ou un grand \u00e9v\u00e9nement, les h\u00f4tels pour mariage \u00e0 Mont Tremblant disposent de tout le n\u00e9cessaire : spas sur place, restaurants gastronomiques, et aventures en plein air comme la randonn\u00e9e, le v\u00e9lo ou le kayak. Choisir un h\u00f4tel mariage Tremblant, c\u2019est garantir des souvenirs m\u00e9morables bien apr\u00e8s la derni\u00e8re danse.[\/vc_column_text][\/vc_column][vc_column width=\u00a0\u00bb1\/3&Prime;]<style type=\"text\/css\" data-type=\"the7_shortcodes-inline-css\">.shortcode-single-image-wrap.shortcode-single-image-bb2cfbededd0a4dea78085984ad39eb9.enable-bg-rollover .rollover i,\n.shortcode-single-image-wrap.shortcode-single-image-bb2cfbededd0a4dea78085984ad39eb9.enable-bg-rollover .rollover-video i {\n  background: -webkit-linear-gradient();\n  background: linear-gradient();\n}\n.shortcode-single-image-wrap.shortcode-single-image-bb2cfbededd0a4dea78085984ad39eb9 .rollover-icon {\n  font-size: 32px;\n  color: #ffffff;\n  min-width: 44px;\n  min-height: 44px;\n  line-height: 44px;\n  border-radius: 100px;\n  border-style: solid;\n  border-width: 0px;\n}\n.dt-icon-bg-on.shortcode-single-image-wrap.shortcode-single-image-bb2cfbededd0a4dea78085984ad39eb9 .rollover-icon {\n  background: rgba(255,255,255,0.3);\n  box-shadow: none;\n}\n<\/style><div class=\"shortcode-single-image-wrap shortcode-single-image-bb2cfbededd0a4dea78085984ad39eb9 alignnone  enable-bg-rollover dt-icon-bg-off\" style=\"margin-top:0px; margin-bottom:0px; margin-left:0px; margin-right:0px; width:600px;\"><div class=\"shortcode-single-image\"><div class=\"fancy-media-wrap  layzr-bg\" style=\"\"><img loading=\"lazy\" decoding=\"async\" class=\"preload-me lazy-load\" src=\"data:image\/svg+xml,%3Csvg%20xmlns%3D&#39;http%3A%2F%2Fwww.w3.org%2F2000%2Fsvg&#39;%20viewBox%3D&#39;0%200%20461%20380&#39;%2F%3E\" data-src=\"https:\/\/officialmonttremblant.com\/wp-content\/uploads\/2022\/09\/wedding.jpg\" data-srcset=\"https:\/\/officialmonttremblant.com\/wp-content\/uploads\/2022\/09\/wedding.jpg 461w\" width=\"461\" height=\"380\"  data-dt-location=\"https:\/\/officialmonttremblant.com\/fr\/where-to-stay\/hotels\/search\/weddings\/wedding\/\" style=\"\" alt=\"\" \/><\/div><\/div><\/div>[\/vc_column][\/vc_row][vc_row][vc_column]<div class=\"lsd-list-view-wrapper  lsd-style-style1 lsd-font-m\" id=\"lsd_skin24100\" data-next-page=\"2\">\r\n\r\n    \r\n    \r\n    \r\n    \r\n    <div class=\"lsd-list-view-listings-wrapper lsd-viewstyle-list\">\r\n        <div class=\"lsd-listing-wrapper\">\r\n            \r\n            <div class=\"lsd-row\">\r\n        <div class=\"lsd-col-12\">\r\n        <div class=\"lsd-listing\" itemscope itemtype=\"https:\/\/schema.org\/LocalBusiness\">\r\n\r\n                        <div class=\"lsd-listing-image lsd-has-image\">\r\n\t\t\t\t<a class=\"lsd-cover-img-wrapper lsd-has-image\" href=\"https:\/\/officialmonttremblant.com\/fr\/listings\/bel-air-tremblant\/\" itemprop=\"url\" itemscope itemtype=\"http:\/\/schema.org\/ImageObject\">\r\n    <img data-recalc-dims=\"1\" loading=\"lazy\" decoding=\"async\" width=\"347\" height=\"260\" src=\"https:\/\/i0.wp.com\/officialmonttremblant.com\/wp-content\/uploads\/2022\/06\/BEL-AIR-1.webp?resize=347%2C260&#038;ssl=1\" class=\"attachment-390x260 size-390x260 wp-post-image\" alt=\"\" itemprop=\"&quot;contentUrl&quot;\" \/><\/a>\r\n            <\/div>\r\n            \r\n            <div class=\"lsd-listing-body\">\r\n\t\t\t\t\t\t\t\t\r\n\t\t\t\t\t\t\t\t\r\n\t\t\t\t\t\t\t\r\n                <h3 class=\"lsd-listing-title\" itemprop=\"name\">\r\n                    <a href=\"https:\/\/officialmonttremblant.com\/fr\/listings\/bel-air-tremblant\/\" itemprop=\"url\">Bel Air <strong>Tremblant<\/strong><\/a>                <\/h3>\r\n\r\n                \t\t\t\t\r\n\t\t\t\t<div class=\"lsd-listing-contact-info\">\r\n                    <div class=\"lsd-contact-info\">\r\n    <ul>\r\n\r\n                <li>\r\n\t\t\t<strong><i class=\"lsd-icon fas fa-phone-alt\"><\/i><\/strong>\r\n\t\t\t<span itemprop=\"telephone\">\r\n\t\t\t\t<a href=\"tel:819-774-0203\">819-774-0203<\/a>\r\n\t\t\t<\/span>\r\n\t\t<\/li>\r\n        \r\n                <li>\r\n\t\t\t<strong><i class=\"lsd-icon fa fa-envelope\"><\/i><\/strong>\r\n\t\t\t<span itemprop=\"email\">\r\n\t\t\t\t<a href=\"mailto:rent@belairtremblant.com\">rent@belairtremblant.com<\/a>\r\n\t\t\t<\/span>\r\n\t\t<\/li>\r\n        \r\n                <li>\r\n            <strong><i class=\"lsd-icon fas fa-link\"><\/i><\/strong>\r\n            <span>\r\n                <a href=\"https:\/\/belairtremblant.com\/\">https:\/\/belairtremblant.com\/<\/a>\r\n            <\/span>\r\n        <\/li>\r\n        \r\n                <li>\r\n            <strong><i class=\"lsd-icon fas fa-search-location\"><\/i><\/strong>\r\n            <span>80 rue des Sept Sommets, Mont Tremblant, QC, Near Tremblant J0T 1M0<\/span>\r\n        <\/li>\r\n        \r\n    <\/ul>\r\n\r\n    <\/div>                <\/div>\r\n\t\t\t\t\r\n                <div class=\"lsd-listing-bottom-bar\">\r\n\t\t\t\t\t\t\t\t\t\r\n\t\t\t\t\t<div class=\"lsd-listing-price\" itemprop=\"priceRange\">\r\n\t\t\t\t\t\t    <span class=\"lsd-min-price\">$228<\/span>\r\n\r\n    <span class=\"lsd-minmax-price-separator\"> - <\/span><span class=\"lsd-max-price\">$867<\/span>\r\n\r\n    <span class=\"lsd-text-price-separator\"> \/<\/span><span class=\"lsd-text-price\">Par nuit<\/span>\r\n\t\t\t\t\t<\/div>\r\n                <\/div>\r\n            <\/div>\r\n        <\/div>\r\n    <\/div>\r\n\r\n            <\/div>\r\n    \r\n    \r\n            <div class=\"lsd-row\">\r\n        <div class=\"lsd-col-12\">\r\n        <div class=\"lsd-listing\" itemscope itemtype=\"https:\/\/schema.org\/LocalBusiness\">\r\n\r\n                        <div class=\"lsd-listing-image lsd-has-image\">\r\n\t\t\t\t<a class=\"lsd-cover-img-wrapper lsd-has-image\" href=\"https:\/\/officialmonttremblant.com\/fr\/listings\/chateau-beauvallon-tremblant\/\" itemprop=\"url\" itemscope itemtype=\"http:\/\/schema.org\/ImageObject\">\r\n    <img data-recalc-dims=\"1\" loading=\"lazy\" decoding=\"async\" width=\"347\" height=\"260\" src=\"https:\/\/i0.wp.com\/officialmonttremblant.com\/wp-content\/uploads\/2022\/07\/mont-tremblant.jpg?resize=347%2C260&#038;ssl=1\" class=\"attachment-390x260 size-390x260 wp-post-image\" alt=\"\" itemprop=\"&quot;contentUrl&quot;\" \/><\/a>\r\n            <\/div>\r\n            \r\n            <div class=\"lsd-listing-body\">\r\n\t\t\t\t\t\t\t\t\r\n\t\t\t\t\t\t\t\t\r\n\t\t\t\t\t\t\t\r\n                <h3 class=\"lsd-listing-title\" itemprop=\"name\">\r\n                    <a href=\"https:\/\/officialmonttremblant.com\/fr\/listings\/chateau-beauvallon-tremblant\/\" itemprop=\"url\">Ch\u00e2teau Beauvallon <strong>Tremblant<\/strong><\/a>                <\/h3>\r\n\r\n                \t\t\t\t\r\n\t\t\t\t<div class=\"lsd-listing-contact-info\">\r\n                    <div class=\"lsd-contact-info\">\r\n    <ul>\r\n\r\n                <li>\r\n\t\t\t<strong><i class=\"lsd-icon fas fa-phone-alt\"><\/i><\/strong>\r\n\t\t\t<span itemprop=\"telephone\">\r\n\t\t\t\t<a href=\"tel:+1 819-681-6611\">+1 819-681-6611<\/a>\r\n\t\t\t<\/span>\r\n\t\t<\/li>\r\n        \r\n                <li>\r\n\t\t\t<strong><i class=\"lsd-icon fa fa-envelope\"><\/i><\/strong>\r\n\t\t\t<span itemprop=\"email\">\r\n\t\t\t\t<a href=\"mailto:info@chateaubeauvallon.com\">info@chateaubeauvallon.com<\/a>\r\n\t\t\t<\/span>\r\n\t\t<\/li>\r\n        \r\n                <li>\r\n            <strong><i class=\"lsd-icon fas fa-link\"><\/i><\/strong>\r\n            <span>\r\n                <a href=\"https:\/\/www.chateaubeauvallon.com\">https:\/\/www.chateaubeauvallon.com<\/a>\r\n            <\/span>\r\n        <\/li>\r\n        \r\n                <li>\r\n            <strong><i class=\"lsd-icon fas fa-search-location\"><\/i><\/strong>\r\n            <span>6385 Mont\u00e9e Ryan Mont-Tremblant, Mont-Tremblant, QC, Old Village J8E 1S5<\/span>\r\n        <\/li>\r\n        \r\n    <\/ul>\r\n\r\n    <\/div>                <\/div>\r\n\t\t\t\t\r\n                <div class=\"lsd-listing-bottom-bar\">\r\n\t\t\t\t\t\t\t\t\t\r\n\t\t\t\t\t<div class=\"lsd-listing-price\" itemprop=\"priceRange\">\r\n\t\t\t\t\t\t    <span class=\"lsd-min-price\">$174<\/span>\r\n\r\n    <span class=\"lsd-minmax-price-separator\"> - <\/span><span class=\"lsd-max-price\">$738<\/span>\r\n\r\n    <span class=\"lsd-text-price-separator\"> \/<\/span><span class=\"lsd-text-price\">Par nuit<\/span>\r\n\t\t\t\t\t<\/div>\r\n                <\/div>\r\n            <\/div>\r\n        <\/div>\r\n    <\/div>\r\n\r\n            <\/div>\r\n    \r\n    \r\n            <div class=\"lsd-row\">\r\n        <div class=\"lsd-col-12\">\r\n        <div class=\"lsd-listing\" itemscope itemtype=\"https:\/\/schema.org\/LocalBusiness\">\r\n\r\n                        <div class=\"lsd-listing-image lsd-has-image\">\r\n\t\t\t\t<a class=\"lsd-cover-img-wrapper lsd-has-image\" href=\"https:\/\/officialmonttremblant.com\/fr\/listings\/holiday-inn-express-suites-tremblant\/\" itemprop=\"url\" itemscope itemtype=\"http:\/\/schema.org\/ImageObject\">\r\n    <img data-recalc-dims=\"1\" loading=\"lazy\" decoding=\"async\" width=\"347\" height=\"260\" src=\"https:\/\/i0.wp.com\/officialmonttremblant.com\/wp-content\/uploads\/2022\/06\/HOLIDAY-INN-EXPRESS-SUITES-1-1.webp?resize=347%2C260&#038;ssl=1\" class=\"attachment-390x260 size-390x260 wp-post-image\" alt=\"\" itemprop=\"&quot;contentUrl&quot;\" \/><\/a>\r\n            <\/div>\r\n            \r\n            <div class=\"lsd-listing-body\">\r\n\t\t\t\t\t\t\t\t\r\n\t\t\t\t\t\t\t\t\r\n\t\t\t\t\t\t\t\r\n                <h3 class=\"lsd-listing-title\" itemprop=\"name\">\r\n                    <a href=\"https:\/\/officialmonttremblant.com\/fr\/listings\/holiday-inn-express-suites-tremblant\/\" itemprop=\"url\">Holiday Inn Express &#038; Suites <strong>Tremblant<\/strong><\/a>                <\/h3>\r\n\r\n                \t\t\t\t\r\n\t\t\t\t<div class=\"lsd-listing-contact-info\">\r\n                    <div class=\"lsd-contact-info\">\r\n    <ul>\r\n\r\n                <li>\r\n\t\t\t<strong><i class=\"lsd-icon fas fa-phone-alt\"><\/i><\/strong>\r\n\t\t\t<span itemprop=\"telephone\">\r\n\t\t\t\t<a href=\"tel:\u00a0+1 819-681-5555\">\u00a0+1 819-681-5555<\/a>\r\n\t\t\t<\/span>\r\n\t\t<\/li>\r\n        \r\n        \r\n                <li>\r\n            <strong><i class=\"lsd-icon fas fa-link\"><\/i><\/strong>\r\n            <span>\r\n                <a href=\"https:\/\/www.ihg.com\/holidayinnexpress\/hotels\/fr\/fr\/mont-tremblant\/ytmmt\/hoteldetail\">https:\/\/www.ihg.com\/holidayinnexpress\/hotels\/fr\/fr\/mont-tremblant\/ytmmt\/hoteldetail<\/a>\r\n            <\/span>\r\n        <\/li>\r\n        \r\n        \r\n    <\/ul>\r\n\r\n    <\/div>                <\/div>\r\n\t\t\t\t\r\n                <div class=\"lsd-listing-bottom-bar\">\r\n\t\t\t\t\t\t\t\t\t\r\n\t\t\t\t\t<div class=\"lsd-listing-price\" itemprop=\"priceRange\">\r\n\t\t\t\t\t\t    <span class=\"lsd-min-price\">$166<\/span>\r\n\r\n    <span class=\"lsd-minmax-price-separator\"> - <\/span><span class=\"lsd-max-price\">$631<\/span>\r\n\r\n    <span class=\"lsd-text-price-separator\"> \/<\/span><span class=\"lsd-text-price\">Par nuit<\/span>\r\n\t\t\t\t\t<\/div>\r\n                <\/div>\r\n            <\/div>\r\n        <\/div>\r\n    <\/div>\r\n\r\n            <\/div>\r\n    \r\n    \r\n            <div class=\"lsd-row\">\r\n        <div class=\"lsd-col-12\">\r\n        <div class=\"lsd-listing\" itemscope itemtype=\"https:\/\/schema.org\/LocalBusiness\">\r\n\r\n                        <div class=\"lsd-listing-image lsd-has-image\">\r\n\t\t\t\t<a class=\"lsd-cover-img-wrapper lsd-has-image\" href=\"https:\/\/officialmonttremblant.com\/fr\/listings\/ermitage-du-lac-tremblant\/\" itemprop=\"url\" itemscope itemtype=\"http:\/\/schema.org\/ImageObject\">\r\n    <img data-recalc-dims=\"1\" loading=\"lazy\" decoding=\"async\" width=\"390\" height=\"260\" src=\"https:\/\/i0.wp.com\/officialmonttremblant.com\/wp-content\/uploads\/2022\/05\/ermitage-lac-1.jpg?resize=390%2C260&#038;ssl=1\" class=\"attachment-390x260 size-390x260 wp-post-image\" alt=\"\" itemprop=\"&quot;contentUrl&quot;\" \/><\/a>\r\n            <\/div>\r\n            \r\n            <div class=\"lsd-listing-body\">\r\n\t\t\t\t\t\t\t\t\r\n\t\t\t\t\t\t\t\t\r\n\t\t\t\t\t\t\t\r\n                <h3 class=\"lsd-listing-title\" itemprop=\"name\">\r\n                    <a href=\"https:\/\/officialmonttremblant.com\/fr\/listings\/ermitage-du-lac-tremblant\/\" itemprop=\"url\">Ermitage Du Lac <strong>Tremblant<\/strong><\/a>                <\/h3>\r\n\r\n                \t\t\t\t\r\n\t\t\t\t<div class=\"lsd-listing-contact-info\">\r\n                    <div class=\"lsd-contact-info\">\r\n    <ul>\r\n\r\n                <li>\r\n\t\t\t<strong><i class=\"lsd-icon fas fa-phone-alt\"><\/i><\/strong>\r\n\t\t\t<span itemprop=\"telephone\">\r\n\t\t\t\t<a href=\"tel:+1 819-681-2222\">+1 819-681-2222<\/a>\r\n\t\t\t<\/span>\r\n\t\t<\/li>\r\n        \r\n        \r\n                <li>\r\n            <strong><i class=\"lsd-icon fas fa-link\"><\/i><\/strong>\r\n            <span>\r\n                <a href=\"https:\/\/www.lessuitestremblant.com\/hotels-condos\/ermitage-du-lac\/\">https:\/\/www.lessuitestremblant.com\/hotels-condos\/ermitage-du-lac\/<\/a>\r\n            <\/span>\r\n        <\/li>\r\n        \r\n                <li>\r\n            <strong><i class=\"lsd-icon fas fa-search-location\"><\/i><\/strong>\r\n            <span>150 Chemin du Cur\u00e9 Deslauriers, Mont-Tremblant, QC, Canada<\/span>\r\n        <\/li>\r\n        \r\n    <\/ul>\r\n\r\n    <\/div>                <\/div>\r\n\t\t\t\t\r\n                <div class=\"lsd-listing-bottom-bar\">\r\n\t\t\t\t\t\t\t\t\t\r\n\t\t\t\t\t<div class=\"lsd-listing-price\" itemprop=\"priceRange\">\r\n\t\t\t\t\t\t    <span class=\"lsd-min-price\">$175<\/span>\r\n\r\n    <span class=\"lsd-minmax-price-separator\"> - <\/span><span class=\"lsd-max-price\">$491<\/span>\r\n\r\n    <span class=\"lsd-text-price-separator\"> \/<\/span><span class=\"lsd-text-price\">Par nuit<\/span>\r\n\t\t\t\t\t<\/div>\r\n                <\/div>\r\n            <\/div>\r\n        <\/div>\r\n    <\/div>\r\n\r\n            <\/div>\r\n    \r\n            <\/div>\r\n    <\/div>\r\n\r\n    \r\n    <\/div>[\/vc_column][\/vc_row]<\/p>\n","protected":false},"excerpt":{"rendered":"<p>[vc_row content_placement=\u00a0\u00bbmiddle\u00a0\u00bb css=\u00a0\u00bb.vc_custom_1652473657427{padding-bottom: 50px !important;}\u00a0\u00bb][vc_column width=\u00a0\u00bb2\/3&Prime;][vc_column_text css=\u00a0\u00bb.vc_custom_1749586598710{padding-bottom: 25px !important;}\u00a0\u00bb]Trouver le parfait h\u00f4tel mariage Tremblant signifie cr\u00e9er une exp\u00e9rience inoubliable non seulement pour les mari\u00e9s, mais aussi pour tous les invit\u00e9s. Les h\u00f4tels pour mariage \u00e0 Mont Tremblant offrent un d\u00e9cor spectaculaire, des prestations haut de gamme, et une multitude d\u2019activit\u00e9s \u00e0 partager avec vos proches&hellip;<\/p>\n","protected":false},"author":3,"featured_media":0,"parent":24988,"menu_order":0,"comment_status":"closed","ping_status":"closed","template":"","meta":{"footnotes":""},"class_list":["post-25450","page","type-page","status-publish","hentry","description-off"],"yoast_head":"<!-- This site is optimized with the Yoast SEO Premium plugin v26.5 (Yoast SEO v26.5) - https:\/\/yoast.com\/wordpress\/plugins\/seo\/ -->\n<title>H\u00f4tels pour Mariage \u00e0 Mont Tremblant | H\u00f4tel Mariage Tremblant<\/title>\n<meta name=\"description\" content=\"Official Mont Tremblant pr\u00e9sente une s\u00e9lection d\u2019h\u00f4tels pour mariage \u00e0 Mont Tremblant, id\u00e9ale pour les couples r\u00e9cemment fianc\u00e9s \u00e0 la recherche du parfait h\u00f4tel mariage Tremblant.\" \/>\n<meta name=\"robots\" content=\"index, follow, max-snippet:-1, max-image-preview:large, max-video-preview:-1\" \/>\n<link rel=\"canonical\" href=\"https:\/\/officialmonttremblant.com\/fr\/ou-sejourner\/hotels\/autres-recherches\/marriage\/\" \/>\n<meta property=\"og:locale\" content=\"fr_FR\" \/>\n<meta property=\"og:type\" content=\"article\" \/>\n<meta property=\"og:title\" content=\"H\u00f4tels pour Mariage \u00e0 Mont Tremblant\" \/>\n<meta property=\"og:description\" content=\"Official Mont Tremblant pr\u00e9sente une s\u00e9lection d\u2019h\u00f4tels pour mariage \u00e0 Mont Tremblant, id\u00e9ale pour les couples r\u00e9cemment fianc\u00e9s \u00e0 la recherche du parfait h\u00f4tel mariage Tremblant.\" \/>\n<meta property=\"og:url\" content=\"https:\/\/officialmonttremblant.com\/fr\/ou-sejourner\/hotels\/autres-recherches\/marriage\/\" \/>\n<meta property=\"og:site_name\" content=\"Official Mont Tremblant\" \/>\n<meta property=\"article:modified_time\" content=\"2025-07-29T18:09:24+00:00\" \/>\n<meta name=\"twitter:card\" content=\"summary_large_image\" \/>\n<meta name=\"twitter:label1\" content=\"Dur\u00e9e de lecture estim\u00e9e\" \/>\n\t<meta name=\"twitter:data1\" content=\"1 minute\" \/>\n<script type=\"application\/ld+json\" class=\"yoast-schema-graph\">{\"@context\":\"https:\/\/schema.org\",\"@graph\":[{\"@type\":\"WebPage\",\"@id\":\"https:\/\/officialmonttremblant.com\/fr\/ou-sejourner\/hotels\/autres-recherches\/marriage\/\",\"url\":\"https:\/\/officialmonttremblant.com\/fr\/ou-sejourner\/hotels\/autres-recherches\/marriage\/\",\"name\":\"H\u00f4tels pour Mariage \u00e0 Mont Tremblant | H\u00f4tel Mariage Tremblant\",\"isPartOf\":{\"@id\":\"https:\/\/officialmonttremblant.com\/fr\/#website\"},\"datePublished\":\"2022-09-29T19:27:24+00:00\",\"dateModified\":\"2025-07-29T18:09:24+00:00\",\"description\":\"Official Mont Tremblant pr\u00e9sente une s\u00e9lection d\u2019h\u00f4tels pour mariage \u00e0 Mont Tremblant, id\u00e9ale pour les couples r\u00e9cemment fianc\u00e9s \u00e0 la recherche du parfait h\u00f4tel mariage Tremblant.\",\"breadcrumb\":{\"@id\":\"https:\/\/officialmonttremblant.com\/fr\/ou-sejourner\/hotels\/autres-recherches\/marriage\/#breadcrumb\"},\"inLanguage\":\"fr-FR\",\"potentialAction\":[{\"@type\":\"ReadAction\",\"target\":[\"https:\/\/officialmonttremblant.com\/fr\/ou-sejourner\/hotels\/autres-recherches\/marriage\/\"]}]},{\"@type\":\"BreadcrumbList\",\"@id\":\"https:\/\/officialmonttremblant.com\/fr\/ou-sejourner\/hotels\/autres-recherches\/marriage\/#breadcrumb\",\"itemListElement\":[{\"@type\":\"ListItem\",\"position\":1,\"name\":\"Home\",\"item\":\"https:\/\/officialmonttremblant.com\/fr\/\"},{\"@type\":\"ListItem\",\"position\":2,\"name\":\"O\u00f9 dormir \u00e0 Mont-Tremblant\",\"item\":\"https:\/\/officialmonttremblant.com\/fr\/ou-sejourner\/\"},{\"@type\":\"ListItem\",\"position\":3,\"name\":\"H\u00f4tels \u00e0 Mont Tremblant\",\"item\":\"https:\/\/officialmonttremblant.com\/fr\/ou-sejourner\/hotels\/\"},{\"@type\":\"ListItem\",\"position\":4,\"name\":\"Autres recherches d&#8217;h\u00f4tels\",\"item\":\"https:\/\/officialmonttremblant.com\/fr\/ou-sejourner\/hotels\/autres-recherches\/\"},{\"@type\":\"ListItem\",\"position\":5,\"name\":\"H\u00f4tels pour Mariage \u00e0 Mont Tremblant\"}]},{\"@type\":\"WebSite\",\"@id\":\"https:\/\/officialmonttremblant.com\/fr\/#website\",\"url\":\"https:\/\/officialmonttremblant.com\/fr\/\",\"name\":\"Official Mont Tremblant\",\"description\":\"Vacation &amp; tourist guide in Mont Tremblant\",\"potentialAction\":[{\"@type\":\"SearchAction\",\"target\":{\"@type\":\"EntryPoint\",\"urlTemplate\":\"https:\/\/officialmonttremblant.com\/fr\/?s={search_term_string}\"},\"query-input\":{\"@type\":\"PropertyValueSpecification\",\"valueRequired\":true,\"valueName\":\"search_term_string\"}}],\"inLanguage\":\"fr-FR\"}]}<\/script>\n<!-- \/ Yoast SEO Premium plugin. -->","yoast_head_json":{"title":"H\u00f4tels pour Mariage \u00e0 Mont Tremblant | H\u00f4tel Mariage Tremblant","description":"Official Mont Tremblant pr\u00e9sente une s\u00e9lection d\u2019h\u00f4tels pour mariage \u00e0 Mont Tremblant, id\u00e9ale pour les couples r\u00e9cemment fianc\u00e9s \u00e0 la recherche du parfait h\u00f4tel mariage Tremblant.","robots":{"index":"index","follow":"follow","max-snippet":"max-snippet:-1","max-image-preview":"max-image-preview:large","max-video-preview":"max-video-preview:-1"},"canonical":"https:\/\/officialmonttremblant.com\/fr\/ou-sejourner\/hotels\/autres-recherches\/marriage\/","og_locale":"fr_FR","og_type":"article","og_title":"H\u00f4tels pour Mariage \u00e0 Mont Tremblant","og_description":"Official Mont Tremblant pr\u00e9sente une s\u00e9lection d\u2019h\u00f4tels pour mariage \u00e0 Mont Tremblant, id\u00e9ale pour les couples r\u00e9cemment fianc\u00e9s \u00e0 la recherche du parfait h\u00f4tel mariage Tremblant.","og_url":"https:\/\/officialmonttremblant.com\/fr\/ou-sejourner\/hotels\/autres-recherches\/marriage\/","og_site_name":"Official Mont Tremblant","article_modified_time":"2025-07-29T18:09:24+00:00","twitter_card":"summary_large_image","twitter_misc":{"Dur\u00e9e de lecture estim\u00e9e":"1 minute"},"schema":{"@context":"https:\/\/schema.org","@graph":[{"@type":"WebPage","@id":"https:\/\/officialmonttremblant.com\/fr\/ou-sejourner\/hotels\/autres-recherches\/marriage\/","url":"https:\/\/officialmonttremblant.com\/fr\/ou-sejourner\/hotels\/autres-recherches\/marriage\/","name":"H\u00f4tels pour Mariage \u00e0 Mont Tremblant | H\u00f4tel Mariage Tremblant","isPartOf":{"@id":"https:\/\/officialmonttremblant.com\/fr\/#website"},"datePublished":"2022-09-29T19:27:24+00:00","dateModified":"2025-07-29T18:09:24+00:00","description":"Official Mont Tremblant pr\u00e9sente une s\u00e9lection d\u2019h\u00f4tels pour mariage \u00e0 Mont Tremblant, id\u00e9ale pour les couples r\u00e9cemment fianc\u00e9s \u00e0 la recherche du parfait h\u00f4tel mariage Tremblant.","breadcrumb":{"@id":"https:\/\/officialmonttremblant.com\/fr\/ou-sejourner\/hotels\/autres-recherches\/marriage\/#breadcrumb"},"inLanguage":"fr-FR","potentialAction":[{"@type":"ReadAction","target":["https:\/\/officialmonttremblant.com\/fr\/ou-sejourner\/hotels\/autres-recherches\/marriage\/"]}]},{"@type":"BreadcrumbList","@id":"https:\/\/officialmonttremblant.com\/fr\/ou-sejourner\/hotels\/autres-recherches\/marriage\/#breadcrumb","itemListElement":[{"@type":"ListItem","position":1,"name":"Home","item":"https:\/\/officialmonttremblant.com\/fr\/"},{"@type":"ListItem","position":2,"name":"O\u00f9 dormir \u00e0 Mont-Tremblant","item":"https:\/\/officialmonttremblant.com\/fr\/ou-sejourner\/"},{"@type":"ListItem","position":3,"name":"H\u00f4tels \u00e0 Mont Tremblant","item":"https:\/\/officialmonttremblant.com\/fr\/ou-sejourner\/hotels\/"},{"@type":"ListItem","position":4,"name":"Autres recherches d&#8217;h\u00f4tels","item":"https:\/\/officialmonttremblant.com\/fr\/ou-sejourner\/hotels\/autres-recherches\/"},{"@type":"ListItem","position":5,"name":"H\u00f4tels pour Mariage \u00e0 Mont Tremblant"}]},{"@type":"WebSite","@id":"https:\/\/officialmonttremblant.com\/fr\/#website","url":"https:\/\/officialmonttremblant.com\/fr\/","name":"Official Mont Tremblant","description":"Vacation &amp; tourist guide in Mont Tremblant","potentialAction":[{"@type":"SearchAction","target":{"@type":"EntryPoint","urlTemplate":"https:\/\/officialmonttremblant.com\/fr\/?s={search_term_string}"},"query-input":{"@type":"PropertyValueSpecification","valueRequired":true,"valueName":"search_term_string"}}],"inLanguage":"fr-FR"}]}},"jetpack_sharing_enabled":true,"_links":{"self":[{"href":"https:\/\/officialmonttremblant.com\/fr\/wp-json\/wp\/v2\/pages\/25450","targetHints":{"allow":["GET"]}}],"collection":[{"href":"https:\/\/officialmonttremblant.com\/fr\/wp-json\/wp\/v2\/pages"}],"about":[{"href":"https:\/\/officialmonttremblant.com\/fr\/wp-json\/wp\/v2\/types\/page"}],"author":[{"embeddable":true,"href":"https:\/\/officialmonttremblant.com\/fr\/wp-json\/wp\/v2\/users\/3"}],"replies":[{"embeddable":true,"href":"https:\/\/officialmonttremblant.com\/fr\/wp-json\/wp\/v2\/comments?post=25450"}],"version-history":[{"count":5,"href":"https:\/\/officialmonttremblant.com\/fr\/wp-json\/wp\/v2\/pages\/25450\/revisions"}],"predecessor-version":[{"id":27761,"href":"https:\/\/officialmonttremblant.com\/fr\/wp-json\/wp\/v2\/pages\/25450\/revisions\/27761"}],"up":[{"embeddable":true,"href":"https:\/\/officialmonttremblant.com\/fr\/wp-json\/wp\/v2\/pages\/24988"}],"wp:attachment":[{"href":"https:\/\/officialmonttremblant.com\/fr\/wp-json\/wp\/v2\/media?parent=25450"}],"curies":[{"name":"wp","href":"https:\/\/api.w.org\/{rel}","templated":true}]}}