{"id":25451,"date":"2022-09-30T15:42:35","date_gmt":"2022-09-30T19:42:35","guid":{"rendered":"https:\/\/officialmonttremblant.com\/activites\/activites-d-hiver\/horseback\/"},"modified":"2025-07-29T12:00:43","modified_gmt":"2025-07-29T16:00:43","slug":"balades-a-cheval","status":"publish","type":"page","link":"https:\/\/officialmonttremblant.com\/fr\/activites\/activites-d-hiver\/balades-a-cheval\/","title":{"rendered":"Balades \u00e0 cheval"},"content":{"rendered":"<p>[vc_row][vc_column]<div id=\"ultimate-heading-506369db9320bd82b\" class=\"uvc-heading ult-adjust-bottom-margin ultimate-heading-506369db9320bd82b uvc-7623  uvc-heading-default-font-sizes\" data-hspacer=\"no_spacer\"  data-halign=\"left\" style=\"text-align:left\"><div class=\"uvc-heading-spacer no_spacer\" style=\"top\"><\/div><div class=\"uvc-main-heading ult-responsive\"  data-ultimate-target='.uvc-heading.ultimate-heading-506369db9320bd82b h2'  data-responsive-json-new='{\"font-size\":\"\",\"line-height\":\"\"}' ><h2 style=\"--font-weight:theme;\">Balades \u00e0 cheval \u00e0 Mont-Tremblant<\/h2><\/div><div class=\"uvc-sub-heading ult-responsive\"  data-ultimate-target='.uvc-heading.ultimate-heading-506369db9320bd82b .uvc-sub-heading '  data-responsive-json-new='{\"font-size\":\"\",\"line-height\":\"\"}'  style=\"font-weight:normal;\"><\/p>\n<div class=\"wpb_text_column wpb_content_element \">\n<div class=\"wpb_wrapper\">\n<p style=\"text-align: left;\">Official Mont-Tremblant vous apporte plus d&rsquo;informations sur les activit\u00e9s d&rsquo;hiver \u00e0 Tremblant dont les balades \u00e0 cheval \u00e0 Mont-Tremblant.<\/p>\n<p><span style=\"font-weight: 400;\">L\u2019\u00e9quitation \u00e0 Mont-Tremblant est une activit\u00e9 estivale populaire id\u00e9ale pour vos vacances \u00e0 Tremblant pour explorer les environs \u00e0 travers des sentiers bois\u00e9s et des collines . Toute la famille appr\u00e9ciera une randonn\u00e9e \u00e0 cheval tout en profitant de la nature immacul\u00e9e et de l\u2019air pur des montagnes des Laurentides.\u00a0<\/span><span style=\"font-weight: 400;\">Une activit\u00e9 \u00e0 ne surtout pas rater pendant vos vacances \u00e0 Tremblant !\u00a0<\/span><span style=\"font-weight: 400;\">Nous vous recommendons le Ranch la Douceur qui offre divers parcours d\u2019\u00e9quitation dans les Laurentides. Profitez de la nature \u00e0 dos de cheval en groupe de 2 \u00e0 8 personnes ou en priv\u00e9 gr\u00e2ce \u00e0 des guides exp\u00e9riment\u00e9s.\u00a0<\/span><a href=\"https:\/\/www.ranchladouceur.ca\/cours-dequitation\"><br \/>\n<\/a><\/p>\n<p><span style=\"font-weight: 400;\">Le Ranch La Douceur\u00a0 propose aussi un combo de deux heures, incluant une heure de randonn\u00e9e \u00e9questre ainsi qu\u2019une de soins \u00e9quins. Toutes les randonn\u00e9es \u00e0 cheval sont offertes aux moins\u00a0 de 10 ans.\u00a0<\/span><span style=\"font-weight: 400;\">Des cours d\u2019\u00e9quitation sont \u00e9galement dispens\u00e9s aux \u00e9l\u00e8ves de tous ages \u00e0 partir de 5 ans.\u00a0<\/span><span style=\"font-weight: 400;\">Et pour les plus jeunes, une mini ferme et des tours de poney !<\/span><\/p>\n<p style=\"text-align: left;\"><a href=\"https:\/\/www.ranchladouceur.ca\/cours-dequitation\">\u00a0<\/a><\/p>\n<p><span style=\"font-weight: 400;\">Ranch la Douceur<\/span><\/p>\n<p><span style=\"font-weight: 400;\">6250 Chemin du 10e rang,\u00a0<\/span><span style=\"font-weight: 400;\">Sainte Agathe des Monts<\/span><a href=\"https:\/\/www.ranchladouceur.ca\/cours-dequitation\"><br \/>\n<\/a><\/p>\n<p><span style=\"font-weight: 400;\">Tel : 819 321 1329<\/span><a href=\"https:\/\/www.ranchladouceur.ca\/cours-dequitation\"><br \/>\n<\/a><\/p>\n<p><span style=\"font-weight: 400;\">Courriel : <\/span><span style=\"font-weight: 400;\">info@ranchladouceur.ca<\/span><a href=\"https:\/\/www.ranchladouceur.ca\/cours-dequitation\"><br \/>\n<\/a><\/p>\n<p><a href=\"https:\/\/www.ranchladouceur.ca\/cours-dequitation\"><span style=\"font-weight: 400;\">https:\/\/www.ranchladouceur.ca\/cours-dequitation<\/span><\/a><\/p>\n<p>&nbsp;<\/p>\n<p style=\"text-align: left;\">\n<\/div>\n<\/div>\n<p><\/div><\/div>[\/vc_column][\/vc_row][vc_row][vc_column][vc_empty_space height=\u00a0\u00bb60px\u00a0\u00bb][\/vc_column][\/vc_row][vc_row][vc_column][vc_single_image image=\u00a0\u00bb24188&Prime; img_size=\u00a0\u00bb600&#215;400&Prime; alignment=\u00a0\u00bbcenter\u00a0\u00bb][\/vc_column][\/vc_row]<\/p>\n","protected":false},"excerpt":{"rendered":"<p>[vc_row][vc_column][\/vc_column][\/vc_row][vc_row][vc_column][vc_empty_space height=\u00a0\u00bb60px\u00a0\u00bb][\/vc_column][\/vc_row][vc_row][vc_column][vc_single_image image=\u00a0\u00bb24188&Prime; img_size=\u00a0\u00bb600&#215;400&Prime; alignment=\u00a0\u00bbcenter\u00a0\u00bb][\/vc_column][\/vc_row]<\/p>\n","protected":false},"author":5,"featured_media":23253,"parent":21148,"menu_order":0,"comment_status":"closed","ping_status":"closed","template":"","meta":{"footnotes":""},"class_list":["post-25451","page","type-page","status-publish","has-post-thumbnail","hentry","description-off"],"yoast_head":"<!-- This site is optimized with the Yoast SEO Premium plugin v26.5 (Yoast SEO v26.5) - https:\/\/yoast.com\/wordpress\/plugins\/seo\/ -->\n<title>Balades \u00e0 cheval \u00e0 Mont-Tremblant, Activit\u00e9s d&#039;hiver \u00e0 Tremblant<\/title>\n<meta name=\"description\" content=\"Official Mont-Tremblant vous apporte plus d&#039;informations sur les activit\u00e9s d&#039;hiver \u00e0 Tremblant dont les balades \u00e0 cheval \u00e0 Mont-Tremblant.\" \/>\n<meta name=\"robots\" content=\"index, follow, max-snippet:-1, max-image-preview:large, max-video-preview:-1\" \/>\n<link rel=\"canonical\" href=\"https:\/\/officialmonttremblant.com\/fr\/activites\/activites-d-hiver\/balades-a-cheval\/\" \/>\n<meta property=\"og:locale\" content=\"fr_FR\" \/>\n<meta property=\"og:type\" content=\"article\" \/>\n<meta property=\"og:title\" content=\"Balades \u00e0 cheval\" \/>\n<meta property=\"og:description\" content=\"Official Mont-Tremblant vous apporte plus d&#039;informations sur les activit\u00e9s d&#039;hiver \u00e0 Tremblant dont les balades \u00e0 cheval \u00e0 Mont-Tremblant.\" \/>\n<meta property=\"og:url\" content=\"https:\/\/officialmonttremblant.com\/fr\/activites\/activites-d-hiver\/balades-a-cheval\/\" \/>\n<meta property=\"og:site_name\" content=\"Official Mont Tremblant\" \/>\n<meta property=\"article:modified_time\" content=\"2025-07-29T16:00:43+00:00\" \/>\n<meta property=\"og:image\" content=\"https:\/\/officialmonttremblant.com\/wp-content\/uploads\/2022\/09\/horseback-riding.webp\" \/>\n\t<meta property=\"og:image:width\" content=\"1245\" \/>\n\t<meta property=\"og:image:height\" content=\"701\" \/>\n\t<meta property=\"og:image:type\" content=\"image\/webp\" \/>\n<meta name=\"twitter:card\" content=\"summary_large_image\" \/>\n<meta name=\"twitter:label1\" content=\"Dur\u00e9e de lecture estim\u00e9e\" \/>\n\t<meta name=\"twitter:data1\" content=\"2 minutes\" \/>\n<script type=\"application\/ld+json\" class=\"yoast-schema-graph\">{\"@context\":\"https:\/\/schema.org\",\"@graph\":[{\"@type\":\"WebPage\",\"@id\":\"https:\/\/officialmonttremblant.com\/fr\/activites\/activites-d-hiver\/balades-a-cheval\/\",\"url\":\"https:\/\/officialmonttremblant.com\/fr\/activites\/activites-d-hiver\/balades-a-cheval\/\",\"name\":\"Balades \u00e0 cheval \u00e0 Mont-Tremblant, Activit\u00e9s d'hiver \u00e0 Tremblant\",\"isPartOf\":{\"@id\":\"https:\/\/officialmonttremblant.com\/fr\/#website\"},\"primaryImageOfPage\":{\"@id\":\"https:\/\/officialmonttremblant.com\/fr\/activites\/activites-d-hiver\/balades-a-cheval\/#primaryimage\"},\"image\":{\"@id\":\"https:\/\/officialmonttremblant.com\/fr\/activites\/activites-d-hiver\/balades-a-cheval\/#primaryimage\"},\"thumbnailUrl\":\"https:\/\/officialmonttremblant.com\/wp-content\/uploads\/2022\/09\/horseback-riding.webp\",\"datePublished\":\"2022-09-30T19:42:35+00:00\",\"dateModified\":\"2025-07-29T16:00:43+00:00\",\"description\":\"Official Mont-Tremblant vous apporte plus d'informations sur les activit\u00e9s d'hiver \u00e0 Tremblant dont les balades \u00e0 cheval \u00e0 Mont-Tremblant.\",\"breadcrumb\":{\"@id\":\"https:\/\/officialmonttremblant.com\/fr\/activites\/activites-d-hiver\/balades-a-cheval\/#breadcrumb\"},\"inLanguage\":\"fr-FR\",\"potentialAction\":[{\"@type\":\"ReadAction\",\"target\":[\"https:\/\/officialmonttremblant.com\/fr\/activites\/activites-d-hiver\/balades-a-cheval\/\"]}]},{\"@type\":\"ImageObject\",\"inLanguage\":\"fr-FR\",\"@id\":\"https:\/\/officialmonttremblant.com\/fr\/activites\/activites-d-hiver\/balades-a-cheval\/#primaryimage\",\"url\":\"https:\/\/officialmonttremblant.com\/wp-content\/uploads\/2022\/09\/horseback-riding.webp\",\"contentUrl\":\"https:\/\/officialmonttremblant.com\/wp-content\/uploads\/2022\/09\/horseback-riding.webp\",\"width\":1245,\"height\":701,\"caption\":\"Horseback riding in Tremblant\"},{\"@type\":\"BreadcrumbList\",\"@id\":\"https:\/\/officialmonttremblant.com\/fr\/activites\/activites-d-hiver\/balades-a-cheval\/#breadcrumb\",\"itemListElement\":[{\"@type\":\"ListItem\",\"position\":1,\"name\":\"Home\",\"item\":\"https:\/\/officialmonttremblant.com\/fr\/\"},{\"@type\":\"ListItem\",\"position\":2,\"name\":\"Activit\u00e9s\",\"item\":\"https:\/\/officialmonttremblant.com\/fr\/activites\/\"},{\"@type\":\"ListItem\",\"position\":3,\"name\":\"Activit\u00e9s d&#8217;hiver\",\"item\":\"https:\/\/officialmonttremblant.com\/fr\/activites\/activites-d-hiver\/\"},{\"@type\":\"ListItem\",\"position\":4,\"name\":\"Balades \u00e0 cheval\"}]},{\"@type\":\"WebSite\",\"@id\":\"https:\/\/officialmonttremblant.com\/fr\/#website\",\"url\":\"https:\/\/officialmonttremblant.com\/fr\/\",\"name\":\"Official Mont Tremblant\",\"description\":\"Vacation &amp; tourist guide in Mont Tremblant\",\"potentialAction\":[{\"@type\":\"SearchAction\",\"target\":{\"@type\":\"EntryPoint\",\"urlTemplate\":\"https:\/\/officialmonttremblant.com\/fr\/?s={search_term_string}\"},\"query-input\":{\"@type\":\"PropertyValueSpecification\",\"valueRequired\":true,\"valueName\":\"search_term_string\"}}],\"inLanguage\":\"fr-FR\"}]}<\/script>\n<!-- \/ Yoast SEO Premium plugin. -->","yoast_head_json":{"title":"Balades \u00e0 cheval \u00e0 Mont-Tremblant, Activit\u00e9s d'hiver \u00e0 Tremblant","description":"Official Mont-Tremblant vous apporte plus d'informations sur les activit\u00e9s d'hiver \u00e0 Tremblant dont les balades \u00e0 cheval \u00e0 Mont-Tremblant.","robots":{"index":"index","follow":"follow","max-snippet":"max-snippet:-1","max-image-preview":"max-image-preview:large","max-video-preview":"max-video-preview:-1"},"canonical":"https:\/\/officialmonttremblant.com\/fr\/activites\/activites-d-hiver\/balades-a-cheval\/","og_locale":"fr_FR","og_type":"article","og_title":"Balades \u00e0 cheval","og_description":"Official Mont-Tremblant vous apporte plus d'informations sur les activit\u00e9s d'hiver \u00e0 Tremblant dont les balades \u00e0 cheval \u00e0 Mont-Tremblant.","og_url":"https:\/\/officialmonttremblant.com\/fr\/activites\/activites-d-hiver\/balades-a-cheval\/","og_site_name":"Official Mont Tremblant","article_modified_time":"2025-07-29T16:00:43+00:00","og_image":[{"width":1245,"height":701,"url":"https:\/\/officialmonttremblant.com\/wp-content\/uploads\/2022\/09\/horseback-riding.webp","type":"image\/webp"}],"twitter_card":"summary_large_image","twitter_misc":{"Dur\u00e9e de lecture estim\u00e9e":"2 minutes"},"schema":{"@context":"https:\/\/schema.org","@graph":[{"@type":"WebPage","@id":"https:\/\/officialmonttremblant.com\/fr\/activites\/activites-d-hiver\/balades-a-cheval\/","url":"https:\/\/officialmonttremblant.com\/fr\/activites\/activites-d-hiver\/balades-a-cheval\/","name":"Balades \u00e0 cheval \u00e0 Mont-Tremblant, Activit\u00e9s d'hiver \u00e0 Tremblant","isPartOf":{"@id":"https:\/\/officialmonttremblant.com\/fr\/#website"},"primaryImageOfPage":{"@id":"https:\/\/officialmonttremblant.com\/fr\/activites\/activites-d-hiver\/balades-a-cheval\/#primaryimage"},"image":{"@id":"https:\/\/officialmonttremblant.com\/fr\/activites\/activites-d-hiver\/balades-a-cheval\/#primaryimage"},"thumbnailUrl":"https:\/\/officialmonttremblant.com\/wp-content\/uploads\/2022\/09\/horseback-riding.webp","datePublished":"2022-09-30T19:42:35+00:00","dateModified":"2025-07-29T16:00:43+00:00","description":"Official Mont-Tremblant vous apporte plus d'informations sur les activit\u00e9s d'hiver \u00e0 Tremblant dont les balades \u00e0 cheval \u00e0 Mont-Tremblant.","breadcrumb":{"@id":"https:\/\/officialmonttremblant.com\/fr\/activites\/activites-d-hiver\/balades-a-cheval\/#breadcrumb"},"inLanguage":"fr-FR","potentialAction":[{"@type":"ReadAction","target":["https:\/\/officialmonttremblant.com\/fr\/activites\/activites-d-hiver\/balades-a-cheval\/"]}]},{"@type":"ImageObject","inLanguage":"fr-FR","@id":"https:\/\/officialmonttremblant.com\/fr\/activites\/activites-d-hiver\/balades-a-cheval\/#primaryimage","url":"https:\/\/officialmonttremblant.com\/wp-content\/uploads\/2022\/09\/horseback-riding.webp","contentUrl":"https:\/\/officialmonttremblant.com\/wp-content\/uploads\/2022\/09\/horseback-riding.webp","width":1245,"height":701,"caption":"Horseback riding in Tremblant"},{"@type":"BreadcrumbList","@id":"https:\/\/officialmonttremblant.com\/fr\/activites\/activites-d-hiver\/balades-a-cheval\/#breadcrumb","itemListElement":[{"@type":"ListItem","position":1,"name":"Home","item":"https:\/\/officialmonttremblant.com\/fr\/"},{"@type":"ListItem","position":2,"name":"Activit\u00e9s","item":"https:\/\/officialmonttremblant.com\/fr\/activites\/"},{"@type":"ListItem","position":3,"name":"Activit\u00e9s d&#8217;hiver","item":"https:\/\/officialmonttremblant.com\/fr\/activites\/activites-d-hiver\/"},{"@type":"ListItem","position":4,"name":"Balades \u00e0 cheval"}]},{"@type":"WebSite","@id":"https:\/\/officialmonttremblant.com\/fr\/#website","url":"https:\/\/officialmonttremblant.com\/fr\/","name":"Official Mont Tremblant","description":"Vacation &amp; tourist guide in Mont Tremblant","potentialAction":[{"@type":"SearchAction","target":{"@type":"EntryPoint","urlTemplate":"https:\/\/officialmonttremblant.com\/fr\/?s={search_term_string}"},"query-input":{"@type":"PropertyValueSpecification","valueRequired":true,"valueName":"search_term_string"}}],"inLanguage":"fr-FR"}]}},"jetpack_sharing_enabled":true,"_links":{"self":[{"href":"https:\/\/officialmonttremblant.com\/fr\/wp-json\/wp\/v2\/pages\/25451","targetHints":{"allow":["GET"]}}],"collection":[{"href":"https:\/\/officialmonttremblant.com\/fr\/wp-json\/wp\/v2\/pages"}],"about":[{"href":"https:\/\/officialmonttremblant.com\/fr\/wp-json\/wp\/v2\/types\/page"}],"author":[{"embeddable":true,"href":"https:\/\/officialmonttremblant.com\/fr\/wp-json\/wp\/v2\/users\/5"}],"replies":[{"embeddable":true,"href":"https:\/\/officialmonttremblant.com\/fr\/wp-json\/wp\/v2\/comments?post=25451"}],"version-history":[{"count":3,"href":"https:\/\/officialmonttremblant.com\/fr\/wp-json\/wp\/v2\/pages\/25451\/revisions"}],"predecessor-version":[{"id":26469,"href":"https:\/\/officialmonttremblant.com\/fr\/wp-json\/wp\/v2\/pages\/25451\/revisions\/26469"}],"up":[{"embeddable":true,"href":"https:\/\/officialmonttremblant.com\/fr\/wp-json\/wp\/v2\/pages\/21148"}],"wp:featuredmedia":[{"embeddable":true,"href":"https:\/\/officialmonttremblant.com\/fr\/wp-json\/wp\/v2\/media\/23253"}],"wp:attachment":[{"href":"https:\/\/officialmonttremblant.com\/fr\/wp-json\/wp\/v2\/media?parent=25451"}],"curies":[{"name":"wp","href":"https:\/\/api.w.org\/{rel}","templated":true}]}}