{"id":25483,"date":"2022-10-05T10:19:04","date_gmt":"2022-10-05T14:19:04","guid":{"rendered":"https:\/\/officialmonttremblant.com\/beaute-et-bien-etre\/health\/"},"modified":"2025-07-29T13:31:03","modified_gmt":"2025-07-29T17:31:03","slug":"sante","status":"publish","type":"page","link":"https:\/\/officialmonttremblant.com\/fr\/beaute-et-bien-etre\/sante\/","title":{"rendered":"Sant\u00e9 \u00e0 Mont Tremblant"},"content":{"rendered":"<p>[vc_row][vc_column width=\u00a0\u00bb2\/3&Prime;][vc_column_text]<span style=\"font-weight: 400;\">Vous trouverez \u00e0 Mont Tremblant plusieurs m\u00e9decins, centres m\u00e9dicaux , dentistes et professionnels de la sant\u00e9 pour la r\u00e9ponse aux soins aux demandes de la population r\u00e9sidente ou touristique.<\/span><\/p>\n<p><span style=\"font-weight: 400;\">Compte tenu de son activit\u00e9 hivernale, ces professionnels sont \u00e9galement comp\u00e9tents en ce qui concerne la traumatologie li\u00e9e au ski.<\/span><\/p>\n<p><span style=\"font-weight: 400;\">Nous avons \u00e9tabli pour vous un liste des professionnels concern\u00e9s et qui seront toujours \u00e0 votre service pour soulager vos maux.<\/span>[\/vc_column_text][vc_separator css=\u00a0\u00bb.vc_custom_1665408579890{padding-top: 25px !important;padding-bottom: 5px !important;}\u00a0\u00bb][\/vc_column][vc_column width=\u00a0\u00bb1\/3&Prime;][vc_single_image image=\u00a0\u00bb24931&Prime; img_size=\u00a0\u00bbfull\u00a0\u00bb][\/vc_column][\/vc_row][vc_row css=\u00a0\u00bb.vc_custom_1665408569592{padding-top: 10px !important;}\u00a0\u00bb][vc_column width=\u00a0\u00bb2\/3&Prime;][vc_row_inner][vc_column_inner width=\u00a0\u00bb1\/3&Prime;][vc_column_text]<\/p>\n<ul>\n<li><a href=\"https:\/\/officialmonttremblant.com\/fr\/beaute-et-bien-etre\/sante\/cliniques\/\">Cliniques<\/a><\/li>\n<li><a href=\"https:\/\/officialmonttremblant.com\/fr\/beaute-et-bien-etre\/sante\/hopitaux\/\">Hopitaux<\/a><\/li>\n<li><a href=\"https:\/\/officialmonttremblant.com\/fr\/beaute-et-bien-etre\/sante\/pharmacies\/\">Pharmacies<\/a><\/li>\n<\/ul>\n<p>[\/vc_column_text][\/vc_column_inner][vc_column_inner width=\u00a0\u00bb1\/3&Prime;][vc_column_text]<\/p>\n<ul>\n<li><a href=\"https:\/\/officialmonttremblant.com\/fr\/beaute-et-bien-etre\/sante\/medecins\/\">Medecins<\/a><\/li>\n<li><a href=\"https:\/\/officialmonttremblant.com\/fr\/beaute-et-bien-etre\/sante\/chiropracticiens\/\">Chiropracticiens<\/a><\/li>\n<li><a href=\"https:\/\/officialmonttremblant.com\/fr\/beaute-et-bien-etre\/sante\/dentistes\/\">Dentistes<\/a><\/li>\n<\/ul>\n<p>[\/vc_column_text][\/vc_column_inner][vc_column_inner width=\u00a0\u00bb1\/3&Prime;][vc_column_text]<\/p>\n<ul>\n<li><a href=\"https:\/\/officialmonttremblant.com\/fr\/beaute-et-bien-etre\/sante\/gynecologues\/\">Gynecologues<\/a><\/li>\n<li><a href=\"https:\/\/officialmonttremblant.com\/fr\/beaute-et-bien-etre\/sante\/chirurgiens\/\">Chirurgiens<\/a><\/li>\n<li><a href=\"https:\/\/officialmonttremblant.com\/fr\/beaute-et-bien-etre\/sante\/pediatres\/\">Pediatres<\/a><\/li>\n<\/ul>\n<p>[\/vc_column_text][\/vc_column_inner][\/vc_row_inner][\/vc_column][vc_column width=\u00a0\u00bb1\/3&Prime;][\/vc_column][\/vc_row][vc_row][vc_column][vc_separator css=\u00a0\u00bb.vc_custom_1665408678103{padding-top: 50px !important;padding-bottom: 20px !important;}\u00a0\u00bb][\/vc_column][\/vc_row]<\/p>\n","protected":false},"excerpt":{"rendered":"<p>[vc_row][vc_column width=\u00a0\u00bb2\/3&Prime;][vc_column_text]Vous trouverez \u00e0 Mont Tremblant plusieurs m\u00e9decins, centres m\u00e9dicaux , dentistes et professionnels de la sant\u00e9 pour la r\u00e9ponse aux soins aux demandes de la population r\u00e9sidente ou touristique. Compte tenu de son activit\u00e9 hivernale, ces professionnels sont \u00e9galement comp\u00e9tents en ce qui concerne la traumatologie li\u00e9e au ski. Nous avons \u00e9tabli pour vous&hellip;<\/p>\n","protected":false},"author":3,"featured_media":0,"parent":25210,"menu_order":0,"comment_status":"closed","ping_status":"closed","template":"","meta":{"footnotes":""},"class_list":["post-25483","page","type-page","status-publish","hentry","description-off"],"yoast_head":"<!-- This site is optimized with the Yoast SEO Premium plugin v26.5 (Yoast SEO v26.5) - https:\/\/yoast.com\/wordpress\/plugins\/seo\/ -->\n<title>Sant\u00e9 \u00e0 Mont Tremblant - Official Mont Tremblant<\/title>\n<meta name=\"description\" content=\"Official Mont Tremblant vous donne une liste de m\u00e9decins, centres m\u00e9dicaux et professionnels de la sant\u00e9 pour r\u00e9pondre \u00e0 vos besoins.\" \/>\n<meta name=\"robots\" content=\"index, follow, max-snippet:-1, max-image-preview:large, max-video-preview:-1\" \/>\n<link rel=\"canonical\" href=\"https:\/\/officialmonttremblant.com\/fr\/beaute-et-bien-etre\/sante\/\" \/>\n<meta property=\"og:locale\" content=\"fr_FR\" \/>\n<meta property=\"og:type\" content=\"article\" \/>\n<meta property=\"og:title\" content=\"Sant\u00e9 \u00e0 Mont Tremblant\" \/>\n<meta property=\"og:description\" content=\"Official Mont Tremblant vous donne une liste de m\u00e9decins, centres m\u00e9dicaux et professionnels de la sant\u00e9 pour r\u00e9pondre \u00e0 vos besoins.\" \/>\n<meta property=\"og:url\" content=\"https:\/\/officialmonttremblant.com\/fr\/beaute-et-bien-etre\/sante\/\" \/>\n<meta property=\"og:site_name\" content=\"Official Mont Tremblant\" \/>\n<meta property=\"article:modified_time\" content=\"2025-07-29T17:31:03+00:00\" \/>\n<meta name=\"twitter:card\" content=\"summary_large_image\" \/>\n<meta name=\"twitter:label1\" content=\"Dur\u00e9e de lecture estim\u00e9e\" \/>\n\t<meta name=\"twitter:data1\" content=\"1 minute\" \/>\n<script type=\"application\/ld+json\" class=\"yoast-schema-graph\">{\"@context\":\"https:\/\/schema.org\",\"@graph\":[{\"@type\":\"WebPage\",\"@id\":\"https:\/\/officialmonttremblant.com\/fr\/beaute-et-bien-etre\/sante\/\",\"url\":\"https:\/\/officialmonttremblant.com\/fr\/beaute-et-bien-etre\/sante\/\",\"name\":\"Sant\u00e9 \u00e0 Mont Tremblant - Official Mont Tremblant\",\"isPartOf\":{\"@id\":\"https:\/\/officialmonttremblant.com\/fr\/#website\"},\"datePublished\":\"2022-10-05T14:19:04+00:00\",\"dateModified\":\"2025-07-29T17:31:03+00:00\",\"description\":\"Official Mont Tremblant vous donne une liste de m\u00e9decins, centres m\u00e9dicaux et professionnels de la sant\u00e9 pour r\u00e9pondre \u00e0 vos besoins.\",\"breadcrumb\":{\"@id\":\"https:\/\/officialmonttremblant.com\/fr\/beaute-et-bien-etre\/sante\/#breadcrumb\"},\"inLanguage\":\"fr-FR\",\"potentialAction\":[{\"@type\":\"ReadAction\",\"target\":[\"https:\/\/officialmonttremblant.com\/fr\/beaute-et-bien-etre\/sante\/\"]}]},{\"@type\":\"BreadcrumbList\",\"@id\":\"https:\/\/officialmonttremblant.com\/fr\/beaute-et-bien-etre\/sante\/#breadcrumb\",\"itemListElement\":[{\"@type\":\"ListItem\",\"position\":1,\"name\":\"Home\",\"item\":\"https:\/\/officialmonttremblant.com\/fr\/\"},{\"@type\":\"ListItem\",\"position\":2,\"name\":\"Beaut\u00e9 et bien \u00eatre\",\"item\":\"https:\/\/officialmonttremblant.com\/fr\/beaute-et-bien-etre\/\"},{\"@type\":\"ListItem\",\"position\":3,\"name\":\"Sant\u00e9 \u00e0 Mont Tremblant\"}]},{\"@type\":\"WebSite\",\"@id\":\"https:\/\/officialmonttremblant.com\/fr\/#website\",\"url\":\"https:\/\/officialmonttremblant.com\/fr\/\",\"name\":\"Official Mont Tremblant\",\"description\":\"Vacation &amp; tourist guide in Mont Tremblant\",\"potentialAction\":[{\"@type\":\"SearchAction\",\"target\":{\"@type\":\"EntryPoint\",\"urlTemplate\":\"https:\/\/officialmonttremblant.com\/fr\/?s={search_term_string}\"},\"query-input\":{\"@type\":\"PropertyValueSpecification\",\"valueRequired\":true,\"valueName\":\"search_term_string\"}}],\"inLanguage\":\"fr-FR\"}]}<\/script>\n<!-- \/ Yoast SEO Premium plugin. -->","yoast_head_json":{"title":"Sant\u00e9 \u00e0 Mont Tremblant - Official Mont Tremblant","description":"Official Mont Tremblant vous donne une liste de m\u00e9decins, centres m\u00e9dicaux et professionnels de la sant\u00e9 pour r\u00e9pondre \u00e0 vos besoins.","robots":{"index":"index","follow":"follow","max-snippet":"max-snippet:-1","max-image-preview":"max-image-preview:large","max-video-preview":"max-video-preview:-1"},"canonical":"https:\/\/officialmonttremblant.com\/fr\/beaute-et-bien-etre\/sante\/","og_locale":"fr_FR","og_type":"article","og_title":"Sant\u00e9 \u00e0 Mont Tremblant","og_description":"Official Mont Tremblant vous donne une liste de m\u00e9decins, centres m\u00e9dicaux et professionnels de la sant\u00e9 pour r\u00e9pondre \u00e0 vos besoins.","og_url":"https:\/\/officialmonttremblant.com\/fr\/beaute-et-bien-etre\/sante\/","og_site_name":"Official Mont Tremblant","article_modified_time":"2025-07-29T17:31:03+00:00","twitter_card":"summary_large_image","twitter_misc":{"Dur\u00e9e de lecture estim\u00e9e":"1 minute"},"schema":{"@context":"https:\/\/schema.org","@graph":[{"@type":"WebPage","@id":"https:\/\/officialmonttremblant.com\/fr\/beaute-et-bien-etre\/sante\/","url":"https:\/\/officialmonttremblant.com\/fr\/beaute-et-bien-etre\/sante\/","name":"Sant\u00e9 \u00e0 Mont Tremblant - Official Mont Tremblant","isPartOf":{"@id":"https:\/\/officialmonttremblant.com\/fr\/#website"},"datePublished":"2022-10-05T14:19:04+00:00","dateModified":"2025-07-29T17:31:03+00:00","description":"Official Mont Tremblant vous donne une liste de m\u00e9decins, centres m\u00e9dicaux et professionnels de la sant\u00e9 pour r\u00e9pondre \u00e0 vos besoins.","breadcrumb":{"@id":"https:\/\/officialmonttremblant.com\/fr\/beaute-et-bien-etre\/sante\/#breadcrumb"},"inLanguage":"fr-FR","potentialAction":[{"@type":"ReadAction","target":["https:\/\/officialmonttremblant.com\/fr\/beaute-et-bien-etre\/sante\/"]}]},{"@type":"BreadcrumbList","@id":"https:\/\/officialmonttremblant.com\/fr\/beaute-et-bien-etre\/sante\/#breadcrumb","itemListElement":[{"@type":"ListItem","position":1,"name":"Home","item":"https:\/\/officialmonttremblant.com\/fr\/"},{"@type":"ListItem","position":2,"name":"Beaut\u00e9 et bien \u00eatre","item":"https:\/\/officialmonttremblant.com\/fr\/beaute-et-bien-etre\/"},{"@type":"ListItem","position":3,"name":"Sant\u00e9 \u00e0 Mont Tremblant"}]},{"@type":"WebSite","@id":"https:\/\/officialmonttremblant.com\/fr\/#website","url":"https:\/\/officialmonttremblant.com\/fr\/","name":"Official Mont Tremblant","description":"Vacation &amp; tourist guide in Mont Tremblant","potentialAction":[{"@type":"SearchAction","target":{"@type":"EntryPoint","urlTemplate":"https:\/\/officialmonttremblant.com\/fr\/?s={search_term_string}"},"query-input":{"@type":"PropertyValueSpecification","valueRequired":true,"valueName":"search_term_string"}}],"inLanguage":"fr-FR"}]}},"jetpack_sharing_enabled":true,"_links":{"self":[{"href":"https:\/\/officialmonttremblant.com\/fr\/wp-json\/wp\/v2\/pages\/25483","targetHints":{"allow":["GET"]}}],"collection":[{"href":"https:\/\/officialmonttremblant.com\/fr\/wp-json\/wp\/v2\/pages"}],"about":[{"href":"https:\/\/officialmonttremblant.com\/fr\/wp-json\/wp\/v2\/types\/page"}],"author":[{"embeddable":true,"href":"https:\/\/officialmonttremblant.com\/fr\/wp-json\/wp\/v2\/users\/3"}],"replies":[{"embeddable":true,"href":"https:\/\/officialmonttremblant.com\/fr\/wp-json\/wp\/v2\/comments?post=25483"}],"version-history":[{"count":5,"href":"https:\/\/officialmonttremblant.com\/fr\/wp-json\/wp\/v2\/pages\/25483\/revisions"}],"predecessor-version":[{"id":25928,"href":"https:\/\/officialmonttremblant.com\/fr\/wp-json\/wp\/v2\/pages\/25483\/revisions\/25928"}],"up":[{"embeddable":true,"href":"https:\/\/officialmonttremblant.com\/fr\/wp-json\/wp\/v2\/pages\/25210"}],"wp:attachment":[{"href":"https:\/\/officialmonttremblant.com\/fr\/wp-json\/wp\/v2\/media?parent=25483"}],"curies":[{"name":"wp","href":"https:\/\/api.w.org\/{rel}","templated":true}]}}