{"id":25487,"date":"2022-09-21T16:16:20","date_gmt":"2022-09-21T20:16:20","guid":{"rendered":"https:\/\/officialmonttremblant.com\/ou-sejourner\/hotels\/autres-recherches-d-hotels\/hotels-for-events\/"},"modified":"2025-07-29T14:09:20","modified_gmt":"2025-07-29T18:09:20","slug":"hotels-pour-un-evenement","status":"publish","type":"page","link":"https:\/\/officialmonttremblant.com\/fr\/ou-sejourner\/hotels\/autres-recherches\/hotels-pour-un-evenement\/","title":{"rendered":"H\u00f4tels pour \u00e9v\u00e9nements \u00e0 Mont Tremblant"},"content":{"rendered":"<p>[vc_row content_placement=\u00a0\u00bbmiddle\u00a0\u00bb css=\u00a0\u00bb.vc_custom_1652473657427{padding-bottom: 50px !important;}\u00a0\u00bb][vc_column width=\u00a0\u00bb2\/3&Prime;][vc_column_text css=\u00a0\u00bb.vc_custom_1749581155636{padding-bottom: 25px !important;}\u00a0\u00bb]Vous organisez une c\u00e9l\u00e9bration ? Nos h\u00f4tels pour \u00e9v\u00e9nements \u00e0 Mont Tremblant offrent des lieux parfaits pour tous types de rassemblements, avec h\u00e9bergement sur place pour vos invit\u00e9s. Ces \u00e9tablissements sont id\u00e9als pour vivre de grands moments tout en profitant du cadre naturel exceptionnel, et accueillent aussi bien des mariages que des \u00e9v\u00e9nements h\u00f4tel \u00e0 Tremblant comme des anniversaires, f\u00eates priv\u00e9es ou bar mitzvahs.<\/p>\n<p>Beaucoup de ces lieux proposent des \u00e9quipes d\u00e9di\u00e9es \u00e0 l\u2019organisation des \u00e9v\u00e9nements h\u00f4tel \u00e0 Tremblant, s\u2019occupant de chaque d\u00e9tail, de la logistique \u00e0 la coordination. Gr\u00e2ce \u00e0 leurs grandes chambres, leurs espaces festifs et leur encadrement professionnel, ces h\u00f4tels pour \u00e9v\u00e9nements \u00e0 Mont Tremblant garantissent une exp\u00e9rience sans stress, au c\u0153ur de l\u2019action.[\/vc_column_text][\/vc_column][vc_column width=\u00a0\u00bb1\/3&Prime;]<style type=\"text\/css\" data-type=\"the7_shortcodes-inline-css\">.shortcode-single-image-wrap.shortcode-single-image-36cd2549baa5549174787ab26dbf52c3.enable-bg-rollover .rollover i,\n.shortcode-single-image-wrap.shortcode-single-image-36cd2549baa5549174787ab26dbf52c3.enable-bg-rollover .rollover-video i {\n  background: -webkit-linear-gradient();\n  background: linear-gradient();\n}\n.shortcode-single-image-wrap.shortcode-single-image-36cd2549baa5549174787ab26dbf52c3 .rollover-icon {\n  font-size: 32px;\n  color: #ffffff;\n  min-width: 44px;\n  min-height: 44px;\n  line-height: 44px;\n  border-radius: 100px;\n  border-style: solid;\n  border-width: 0px;\n}\n.dt-icon-bg-on.shortcode-single-image-wrap.shortcode-single-image-36cd2549baa5549174787ab26dbf52c3 .rollover-icon {\n  background: rgba(255,255,255,0.3);\n  box-shadow: none;\n}\n<\/style><div class=\"shortcode-single-image-wrap shortcode-single-image-36cd2549baa5549174787ab26dbf52c3 alignnone  enable-bg-rollover dt-icon-bg-off\" style=\"margin-top:0px; margin-bottom:0px; margin-left:0px; margin-right:0px; width:600px;\"><div class=\"shortcode-single-image\"><div class=\"fancy-media-wrap  layzr-bg\" style=\"\"><img loading=\"lazy\" decoding=\"async\" class=\"preload-me lazy-load\" src=\"data:image\/svg+xml,%3Csvg%20xmlns%3D&#39;http%3A%2F%2Fwww.w3.org%2F2000%2Fsvg&#39;%20viewBox%3D&#39;0%200%20600%20401&#39;%2F%3E\" data-src=\"https:\/\/officialmonttremblant.com\/wp-content\/uploads\/2022\/09\/messe-luzern-corporate-event-600x401.jpg\" data-srcset=\"https:\/\/officialmonttremblant.com\/wp-content\/uploads\/2022\/09\/messe-luzern-corporate-event-600x401.jpg 600w, https:\/\/officialmonttremblant.com\/wp-content\/uploads\/2022\/09\/messe-luzern-corporate-event.jpg 1000w\" width=\"600\" height=\"401\"  data-dt-location=\"https:\/\/officialmonttremblant.com\/fr\/where-to-stay\/hotels\/search\/hotels-for-events\/messe-luzern-corporate-event\/\" style=\"\" alt=\"\" \/><\/div><\/div><\/div>[\/vc_column][\/vc_row][vc_row][vc_column]<div class=\"lsd-list-view-wrapper  lsd-style-style1 lsd-font-m\" id=\"lsd_skin23777\" data-next-page=\"2\">\r\n\r\n    \r\n    \r\n    \r\n    \r\n    <div class=\"lsd-list-view-listings-wrapper lsd-viewstyle-list\">\r\n        <div class=\"lsd-listing-wrapper\">\r\n            \r\n            <div class=\"lsd-row\">\r\n        <div class=\"lsd-col-12\">\r\n        <div class=\"lsd-listing\" itemscope itemtype=\"https:\/\/schema.org\/LocalBusiness\">\r\n\r\n                        <div class=\"lsd-listing-image lsd-has-image\">\r\n\t\t\t\t<a class=\"lsd-cover-img-wrapper lsd-has-image\" href=\"https:\/\/officialmonttremblant.com\/fr\/listings\/bel-air-tremblant\/\" itemprop=\"url\" itemscope itemtype=\"http:\/\/schema.org\/ImageObject\">\r\n    <img data-recalc-dims=\"1\" loading=\"lazy\" decoding=\"async\" width=\"347\" height=\"260\" src=\"https:\/\/i0.wp.com\/officialmonttremblant.com\/wp-content\/uploads\/2022\/06\/BEL-AIR-1.webp?resize=347%2C260&#038;ssl=1\" class=\"attachment-390x260 size-390x260 wp-post-image\" alt=\"\" itemprop=\"&quot;contentUrl&quot;\" \/><\/a>\r\n            <\/div>\r\n            \r\n            <div class=\"lsd-listing-body\">\r\n\t\t\t\t\t\t\t\t\r\n\t\t\t\t\t\t\t\t\r\n\t\t\t\t\t\t\t\r\n                <h3 class=\"lsd-listing-title\" itemprop=\"name\">\r\n                    <a href=\"https:\/\/officialmonttremblant.com\/fr\/listings\/bel-air-tremblant\/\" itemprop=\"url\">Bel Air <strong>Tremblant<\/strong><\/a>                <\/h3>\r\n\r\n                \t\t\t\t\r\n\t\t\t\t<div class=\"lsd-listing-contact-info\">\r\n                    <div class=\"lsd-contact-info\">\r\n    <ul>\r\n\r\n                <li>\r\n\t\t\t<strong><i class=\"lsd-icon fas fa-phone-alt\"><\/i><\/strong>\r\n\t\t\t<span itemprop=\"telephone\">\r\n\t\t\t\t<a href=\"tel:819-774-0203\">819-774-0203<\/a>\r\n\t\t\t<\/span>\r\n\t\t<\/li>\r\n        \r\n                <li>\r\n\t\t\t<strong><i class=\"lsd-icon fa fa-envelope\"><\/i><\/strong>\r\n\t\t\t<span itemprop=\"email\">\r\n\t\t\t\t<a href=\"mailto:rent@belairtremblant.com\">rent@belairtremblant.com<\/a>\r\n\t\t\t<\/span>\r\n\t\t<\/li>\r\n        \r\n                <li>\r\n            <strong><i class=\"lsd-icon fas fa-link\"><\/i><\/strong>\r\n            <span>\r\n                <a href=\"https:\/\/belairtremblant.com\/\">https:\/\/belairtremblant.com\/<\/a>\r\n            <\/span>\r\n        <\/li>\r\n        \r\n                <li>\r\n            <strong><i class=\"lsd-icon fas fa-search-location\"><\/i><\/strong>\r\n            <span>80 rue des Sept Sommets, Mont Tremblant, QC, Near Tremblant J0T 1M0<\/span>\r\n        <\/li>\r\n        \r\n    <\/ul>\r\n\r\n    <\/div>                <\/div>\r\n\t\t\t\t\r\n                <div class=\"lsd-listing-bottom-bar\">\r\n\t\t\t\t\t\t\t\t\t\r\n\t\t\t\t\t<div class=\"lsd-listing-price\" itemprop=\"priceRange\">\r\n\t\t\t\t\t\t    <span class=\"lsd-min-price\">$228<\/span>\r\n\r\n    <span class=\"lsd-minmax-price-separator\"> - <\/span><span class=\"lsd-max-price\">$867<\/span>\r\n\r\n    <span class=\"lsd-text-price-separator\"> \/<\/span><span class=\"lsd-text-price\">Par nuit<\/span>\r\n\t\t\t\t\t<\/div>\r\n                <\/div>\r\n            <\/div>\r\n        <\/div>\r\n    <\/div>\r\n\r\n            <\/div>\r\n    \r\n    \r\n            <div class=\"lsd-row\">\r\n        <div class=\"lsd-col-12\">\r\n        <div class=\"lsd-listing\" itemscope itemtype=\"https:\/\/schema.org\/LocalBusiness\">\r\n\r\n                        <div class=\"lsd-listing-image lsd-has-image\">\r\n\t\t\t\t<a class=\"lsd-cover-img-wrapper lsd-has-image\" href=\"https:\/\/officialmonttremblant.com\/fr\/listings\/westin-resort-and-spa-tremblant\/\" itemprop=\"url\" itemscope itemtype=\"http:\/\/schema.org\/ImageObject\">\r\n    <img data-recalc-dims=\"1\" loading=\"lazy\" decoding=\"async\" width=\"347\" height=\"260\" src=\"https:\/\/i0.wp.com\/officialmonttremblant.com\/wp-content\/uploads\/2022\/06\/WESTIN-RESORT-SPA-1.webp?resize=347%2C260&#038;ssl=1\" class=\"attachment-390x260 size-390x260 wp-post-image\" alt=\"\" itemprop=\"&quot;contentUrl&quot;\" \/><\/a>\r\n            <\/div>\r\n            \r\n            <div class=\"lsd-listing-body\">\r\n\t\t\t\t\t\t\t\t\r\n\t\t\t\t\t\t\t\t\r\n\t\t\t\t\t\t\t\r\n                <h3 class=\"lsd-listing-title\" itemprop=\"name\">\r\n                    <a href=\"https:\/\/officialmonttremblant.com\/fr\/listings\/westin-resort-and-spa-tremblant\/\" itemprop=\"url\">Westin Resort &#038; Spa <strong>Tremblant<\/strong><\/a>                <\/h3>\r\n\r\n                \t\t\t\t\r\n\t\t\t\t<div class=\"lsd-listing-contact-info\">\r\n                    <div class=\"lsd-contact-info\">\r\n    <ul>\r\n\r\n                <li>\r\n\t\t\t<strong><i class=\"lsd-icon fas fa-phone-alt\"><\/i><\/strong>\r\n\t\t\t<span itemprop=\"telephone\">\r\n\t\t\t\t<a href=\"tel:+1 819-681-8000\">+1 819-681-8000<\/a>\r\n\t\t\t<\/span>\r\n\t\t<\/li>\r\n        \r\n                <li>\r\n\t\t\t<strong><i class=\"lsd-icon fa fa-envelope\"><\/i><\/strong>\r\n\t\t\t<span itemprop=\"email\">\r\n\t\t\t\t<a href=\"mailto:westintremblant@tremblant.ca\">westintremblant@tremblant.ca<\/a>\r\n\t\t\t<\/span>\r\n\t\t<\/li>\r\n        \r\n        \r\n                <li>\r\n            <strong><i class=\"lsd-icon fas fa-search-location\"><\/i><\/strong>\r\n            <span>100 Chemin de Kandahar, Mont-Tremblant, QC, Resort J8E 1E2<\/span>\r\n        <\/li>\r\n        \r\n    <\/ul>\r\n\r\n    <\/div>                <\/div>\r\n\t\t\t\t\r\n                <div class=\"lsd-listing-bottom-bar\">\r\n\t\t\t\t\t\t\t\t\t\r\n\t\t\t\t\t<div class=\"lsd-listing-price\" itemprop=\"priceRange\">\r\n\t\t\t\t\t\t    <span class=\"lsd-min-price\">$191<\/span>\r\n\r\n    <span class=\"lsd-minmax-price-separator\"> - <\/span><span class=\"lsd-max-price\">$847<\/span>\r\n\r\n    <span class=\"lsd-text-price-separator\"> \/<\/span><span class=\"lsd-text-price\">Par nuit<\/span>\r\n\t\t\t\t\t<\/div>\r\n                <\/div>\r\n            <\/div>\r\n        <\/div>\r\n    <\/div>\r\n\r\n            <\/div>\r\n    \r\n    \r\n            <div class=\"lsd-row\">\r\n        <div class=\"lsd-col-12\">\r\n        <div class=\"lsd-listing\" itemscope itemtype=\"https:\/\/schema.org\/LocalBusiness\">\r\n\r\n                        <div class=\"lsd-listing-image lsd-has-image\">\r\n\t\t\t\t<a class=\"lsd-cover-img-wrapper lsd-has-image\" href=\"https:\/\/officialmonttremblant.com\/fr\/listings\/sommet-des-neiges-tremblant\/\" itemprop=\"url\" itemscope itemtype=\"http:\/\/schema.org\/ImageObject\">\r\n    <img data-recalc-dims=\"1\" loading=\"lazy\" decoding=\"async\" width=\"347\" height=\"260\" src=\"https:\/\/i0.wp.com\/officialmonttremblant.com\/wp-content\/uploads\/2022\/06\/Sommet-Des-Neiges-Tremblant-20.webp?resize=347%2C260&#038;ssl=1\" class=\"attachment-390x260 size-390x260 wp-post-image\" alt=\"\" itemprop=\"&quot;contentUrl&quot;\" \/><\/a>\r\n            <\/div>\r\n            \r\n            <div class=\"lsd-listing-body\">\r\n\t\t\t\t\t\t\t\t\r\n\t\t\t\t\t\t\t\t\r\n\t\t\t\t\t\t\t\r\n                <h3 class=\"lsd-listing-title\" itemprop=\"name\">\r\n                    <a href=\"https:\/\/officialmonttremblant.com\/fr\/listings\/sommet-des-neiges-tremblant\/\" itemprop=\"url\">Sommet des Neiges <strong>Tremblant<\/strong><\/a>                <\/h3>\r\n\r\n                \t\t\t\t\r\n\t\t\t\t<div class=\"lsd-listing-contact-info\">\r\n                    <div class=\"lsd-contact-info\">\r\n    <ul>\r\n\r\n                <li>\r\n\t\t\t<strong><i class=\"lsd-icon fas fa-phone-alt\"><\/i><\/strong>\r\n\t\t\t<span itemprop=\"telephone\">\r\n\t\t\t\t<a href=\"tel:+1 877-966-6873\">+1 877-966-6873<\/a>\r\n\t\t\t<\/span>\r\n\t\t<\/li>\r\n        \r\n        \r\n                <li>\r\n            <strong><i class=\"lsd-icon fas fa-link\"><\/i><\/strong>\r\n            <span>\r\n                <a href=\"https:\/\/www.lessuitestremblant.com\/fr\/hotels-condos\/sommet-des-neiges\/\">https:\/\/www.lessuitestremblant.com\/fr\/hotels-condos\/sommet-des-neiges\/<\/a>\r\n            <\/span>\r\n        <\/li>\r\n        \r\n                <li>\r\n            <strong><i class=\"lsd-icon fas fa-search-location\"><\/i><\/strong>\r\n            <span>50 Chemin au Pied de la Montagne, Mont-Tremblant, QC, Canada, Resort J8E 3M2<\/span>\r\n        <\/li>\r\n        \r\n    <\/ul>\r\n\r\n    <\/div>                <\/div>\r\n\t\t\t\t\r\n                <div class=\"lsd-listing-bottom-bar\">\r\n\t\t\t\t\t\t\t\t\t\r\n\t\t\t\t\t<div class=\"lsd-listing-price\" itemprop=\"priceRange\">\r\n\t\t\t\t\t\t    <span class=\"lsd-min-price\">$168<\/span>\r\n\r\n    <span class=\"lsd-minmax-price-separator\"> - <\/span><span class=\"lsd-max-price\">$511<\/span>\r\n\r\n    <span class=\"lsd-text-price-separator\"> \/<\/span><span class=\"lsd-text-price\">Par nuit<\/span>\r\n\t\t\t\t\t<\/div>\r\n                <\/div>\r\n            <\/div>\r\n        <\/div>\r\n    <\/div>\r\n\r\n            <\/div>\r\n    \r\n    \r\n            <div class=\"lsd-row\">\r\n        <div class=\"lsd-col-12\">\r\n        <div class=\"lsd-listing\" itemscope itemtype=\"https:\/\/schema.org\/LocalBusiness\">\r\n\r\n                        <div class=\"lsd-listing-image lsd-has-image\">\r\n\t\t\t\t<a class=\"lsd-cover-img-wrapper lsd-has-image\" href=\"https:\/\/officialmonttremblant.com\/fr\/listings\/fairmont-tremblant\/\" itemprop=\"url\" itemscope itemtype=\"http:\/\/schema.org\/ImageObject\">\r\n    <img data-recalc-dims=\"1\" loading=\"lazy\" decoding=\"async\" width=\"390\" height=\"219\" src=\"https:\/\/i0.wp.com\/officialmonttremblant.com\/wp-content\/uploads\/2022\/07\/fairmont-summer-l.jpg?resize=390%2C219&#038;ssl=1\" class=\"attachment-390x260 size-390x260 wp-post-image\" alt=\"\" itemprop=\"&quot;contentUrl&quot;\" \/><\/a>\r\n            <\/div>\r\n            \r\n            <div class=\"lsd-listing-body\">\r\n\t\t\t\t\t\t\t\t\r\n\t\t\t\t\t\t\t\t\r\n\t\t\t\t\t\t\t\r\n                <h3 class=\"lsd-listing-title\" itemprop=\"name\">\r\n                    <a href=\"https:\/\/officialmonttremblant.com\/fr\/listings\/fairmont-tremblant\/\" itemprop=\"url\">Fairmont <strong>Tremblant<\/strong><\/a>                <\/h3>\r\n\r\n                \t\t\t\t\r\n\t\t\t\t<div class=\"lsd-listing-contact-info\">\r\n                    <div class=\"lsd-contact-info\">\r\n    <ul>\r\n\r\n                <li>\r\n\t\t\t<strong><i class=\"lsd-icon fas fa-phone-alt\"><\/i><\/strong>\r\n\t\t\t<span itemprop=\"telephone\">\r\n\t\t\t\t<a href=\"tel:+1 800-257-7544\">+1 800-257-7544<\/a>\r\n\t\t\t<\/span>\r\n\t\t<\/li>\r\n        \r\n                <li>\r\n\t\t\t<strong><i class=\"lsd-icon fa fa-envelope\"><\/i><\/strong>\r\n\t\t\t<span itemprop=\"email\">\r\n\t\t\t\t<a href=\"mailto:fairmonttremblant@fairmont.com\">fairmonttremblant@fairmont.com<\/a>\r\n\t\t\t<\/span>\r\n\t\t<\/li>\r\n        \r\n                <li>\r\n            <strong><i class=\"lsd-icon fas fa-link\"><\/i><\/strong>\r\n            <span>\r\n                <a href=\"https:\/\/www.fairmont.com\/tremblant\/\">https:\/\/www.fairmont.com\/tremblant\/<\/a>\r\n            <\/span>\r\n        <\/li>\r\n        \r\n                <li>\r\n            <strong><i class=\"lsd-icon fas fa-search-location\"><\/i><\/strong>\r\n            <span>3045 Chemin de la Chapelle, Mont-Tremblant, QC, Canada, Resort J8E1E1<\/span>\r\n        <\/li>\r\n        \r\n    <\/ul>\r\n\r\n    <\/div>                <\/div>\r\n\t\t\t\t\r\n                <div class=\"lsd-listing-bottom-bar\">\r\n\t\t\t\t\t\t\t\t\t\r\n\t\t\t\t\t<div class=\"lsd-listing-price\" itemprop=\"priceRange\">\r\n\t\t\t\t\t\t    <span class=\"lsd-min-price\">$165<\/span>\r\n\r\n    <span class=\"lsd-minmax-price-separator\"> - <\/span><span class=\"lsd-max-price\">$634<\/span>\r\n\r\n    <span class=\"lsd-text-price-separator\"> \/<\/span><span class=\"lsd-text-price\">Par nuit<\/span>\r\n\t\t\t\t\t<\/div>\r\n                <\/div>\r\n            <\/div>\r\n        <\/div>\r\n    <\/div>\r\n\r\n            <\/div>\r\n    \r\n            <\/div>\r\n    <\/div>\r\n\r\n    \r\n    <\/div>[\/vc_column][\/vc_row]<\/p>\n","protected":false},"excerpt":{"rendered":"<p>[vc_row content_placement=\u00a0\u00bbmiddle\u00a0\u00bb css=\u00a0\u00bb.vc_custom_1652473657427{padding-bottom: 50px !important;}\u00a0\u00bb][vc_column width=\u00a0\u00bb2\/3&Prime;][vc_column_text css=\u00a0\u00bb.vc_custom_1749581155636{padding-bottom: 25px !important;}\u00a0\u00bb]Vous organisez une c\u00e9l\u00e9bration ? Nos h\u00f4tels pour \u00e9v\u00e9nements \u00e0 Mont Tremblant offrent des lieux parfaits pour tous types de rassemblements, avec h\u00e9bergement sur place pour vos invit\u00e9s. Ces \u00e9tablissements sont id\u00e9als pour vivre de grands moments tout en profitant du cadre naturel exceptionnel, et accueillent aussi&hellip;<\/p>\n","protected":false},"author":3,"featured_media":0,"parent":24988,"menu_order":0,"comment_status":"closed","ping_status":"closed","template":"","meta":{"footnotes":""},"class_list":["post-25487","page","type-page","status-publish","hentry","description-off"],"yoast_head":"<!-- This site is optimized with the Yoast SEO Premium plugin v26.5 (Yoast SEO v26.5) - https:\/\/yoast.com\/wordpress\/plugins\/seo\/ -->\n<title>H\u00f4tels pour \u00e9v\u00e9nements \u00e0 Mont Tremblant | \u00c9v\u00e9nements h\u00f4tel \u00e0 Tremblant<\/title>\n<meta name=\"description\" content=\"Official Mont Tremblant pr\u00e9sente une s\u00e9lection d\u2019h\u00f4tels pour \u00e9v\u00e9nements \u00e0 Mont Tremblant, id\u00e9als pour organiser des \u00e9v\u00e9nements h\u00f4tel \u00e0 Tremblant r\u00e9ussis, qu\u2019il s\u2019agisse de mariages, conf\u00e9rences ou r\u00e9unions d\u2019affaires.\" \/>\n<meta name=\"robots\" content=\"index, follow, max-snippet:-1, max-image-preview:large, max-video-preview:-1\" \/>\n<link rel=\"canonical\" href=\"https:\/\/officialmonttremblant.com\/fr\/ou-sejourner\/hotels\/autres-recherches\/hotels-pour-un-evenement\/\" \/>\n<meta property=\"og:locale\" content=\"fr_FR\" \/>\n<meta property=\"og:type\" content=\"article\" \/>\n<meta property=\"og:title\" content=\"H\u00f4tels pour \u00e9v\u00e9nements \u00e0 Mont Tremblant\" \/>\n<meta property=\"og:description\" content=\"Official Mont Tremblant pr\u00e9sente une s\u00e9lection d\u2019h\u00f4tels pour \u00e9v\u00e9nements \u00e0 Mont Tremblant, id\u00e9als pour organiser des \u00e9v\u00e9nements h\u00f4tel \u00e0 Tremblant r\u00e9ussis, qu\u2019il s\u2019agisse de mariages, conf\u00e9rences ou r\u00e9unions d\u2019affaires.\" \/>\n<meta property=\"og:url\" content=\"https:\/\/officialmonttremblant.com\/fr\/ou-sejourner\/hotels\/autres-recherches\/hotels-pour-un-evenement\/\" \/>\n<meta property=\"og:site_name\" content=\"Official Mont Tremblant\" \/>\n<meta property=\"article:modified_time\" content=\"2025-07-29T18:09:20+00:00\" \/>\n<meta name=\"twitter:card\" content=\"summary_large_image\" \/>\n<meta name=\"twitter:label1\" content=\"Dur\u00e9e de lecture estim\u00e9e\" \/>\n\t<meta name=\"twitter:data1\" content=\"1 minute\" \/>\n<script type=\"application\/ld+json\" class=\"yoast-schema-graph\">{\"@context\":\"https:\/\/schema.org\",\"@graph\":[{\"@type\":\"WebPage\",\"@id\":\"https:\/\/officialmonttremblant.com\/fr\/ou-sejourner\/hotels\/autres-recherches\/hotels-pour-un-evenement\/\",\"url\":\"https:\/\/officialmonttremblant.com\/fr\/ou-sejourner\/hotels\/autres-recherches\/hotels-pour-un-evenement\/\",\"name\":\"H\u00f4tels pour \u00e9v\u00e9nements \u00e0 Mont Tremblant | \u00c9v\u00e9nements h\u00f4tel \u00e0 Tremblant\",\"isPartOf\":{\"@id\":\"https:\/\/officialmonttremblant.com\/fr\/#website\"},\"datePublished\":\"2022-09-21T20:16:20+00:00\",\"dateModified\":\"2025-07-29T18:09:20+00:00\",\"description\":\"Official Mont Tremblant pr\u00e9sente une s\u00e9lection d\u2019h\u00f4tels pour \u00e9v\u00e9nements \u00e0 Mont Tremblant, id\u00e9als pour organiser des \u00e9v\u00e9nements h\u00f4tel \u00e0 Tremblant r\u00e9ussis, qu\u2019il s\u2019agisse de mariages, conf\u00e9rences ou r\u00e9unions d\u2019affaires.\",\"breadcrumb\":{\"@id\":\"https:\/\/officialmonttremblant.com\/fr\/ou-sejourner\/hotels\/autres-recherches\/hotels-pour-un-evenement\/#breadcrumb\"},\"inLanguage\":\"fr-FR\",\"potentialAction\":[{\"@type\":\"ReadAction\",\"target\":[\"https:\/\/officialmonttremblant.com\/fr\/ou-sejourner\/hotels\/autres-recherches\/hotels-pour-un-evenement\/\"]}]},{\"@type\":\"BreadcrumbList\",\"@id\":\"https:\/\/officialmonttremblant.com\/fr\/ou-sejourner\/hotels\/autres-recherches\/hotels-pour-un-evenement\/#breadcrumb\",\"itemListElement\":[{\"@type\":\"ListItem\",\"position\":1,\"name\":\"Home\",\"item\":\"https:\/\/officialmonttremblant.com\/fr\/\"},{\"@type\":\"ListItem\",\"position\":2,\"name\":\"O\u00f9 dormir \u00e0 Mont-Tremblant\",\"item\":\"https:\/\/officialmonttremblant.com\/fr\/ou-sejourner\/\"},{\"@type\":\"ListItem\",\"position\":3,\"name\":\"H\u00f4tels \u00e0 Mont Tremblant\",\"item\":\"https:\/\/officialmonttremblant.com\/fr\/ou-sejourner\/hotels\/\"},{\"@type\":\"ListItem\",\"position\":4,\"name\":\"Autres recherches d&#8217;h\u00f4tels\",\"item\":\"https:\/\/officialmonttremblant.com\/fr\/ou-sejourner\/hotels\/autres-recherches\/\"},{\"@type\":\"ListItem\",\"position\":5,\"name\":\"H\u00f4tels pour \u00e9v\u00e9nements \u00e0 Mont Tremblant\"}]},{\"@type\":\"WebSite\",\"@id\":\"https:\/\/officialmonttremblant.com\/fr\/#website\",\"url\":\"https:\/\/officialmonttremblant.com\/fr\/\",\"name\":\"Official Mont Tremblant\",\"description\":\"Vacation &amp; tourist guide in Mont Tremblant\",\"potentialAction\":[{\"@type\":\"SearchAction\",\"target\":{\"@type\":\"EntryPoint\",\"urlTemplate\":\"https:\/\/officialmonttremblant.com\/fr\/?s={search_term_string}\"},\"query-input\":{\"@type\":\"PropertyValueSpecification\",\"valueRequired\":true,\"valueName\":\"search_term_string\"}}],\"inLanguage\":\"fr-FR\"}]}<\/script>\n<!-- \/ Yoast SEO Premium plugin. -->","yoast_head_json":{"title":"H\u00f4tels pour \u00e9v\u00e9nements \u00e0 Mont Tremblant | \u00c9v\u00e9nements h\u00f4tel \u00e0 Tremblant","description":"Official Mont Tremblant pr\u00e9sente une s\u00e9lection d\u2019h\u00f4tels pour \u00e9v\u00e9nements \u00e0 Mont Tremblant, id\u00e9als pour organiser des \u00e9v\u00e9nements h\u00f4tel \u00e0 Tremblant r\u00e9ussis, qu\u2019il s\u2019agisse de mariages, conf\u00e9rences ou r\u00e9unions d\u2019affaires.","robots":{"index":"index","follow":"follow","max-snippet":"max-snippet:-1","max-image-preview":"max-image-preview:large","max-video-preview":"max-video-preview:-1"},"canonical":"https:\/\/officialmonttremblant.com\/fr\/ou-sejourner\/hotels\/autres-recherches\/hotels-pour-un-evenement\/","og_locale":"fr_FR","og_type":"article","og_title":"H\u00f4tels pour \u00e9v\u00e9nements \u00e0 Mont Tremblant","og_description":"Official Mont Tremblant pr\u00e9sente une s\u00e9lection d\u2019h\u00f4tels pour \u00e9v\u00e9nements \u00e0 Mont Tremblant, id\u00e9als pour organiser des \u00e9v\u00e9nements h\u00f4tel \u00e0 Tremblant r\u00e9ussis, qu\u2019il s\u2019agisse de mariages, conf\u00e9rences ou r\u00e9unions d\u2019affaires.","og_url":"https:\/\/officialmonttremblant.com\/fr\/ou-sejourner\/hotels\/autres-recherches\/hotels-pour-un-evenement\/","og_site_name":"Official Mont Tremblant","article_modified_time":"2025-07-29T18:09:20+00:00","twitter_card":"summary_large_image","twitter_misc":{"Dur\u00e9e de lecture estim\u00e9e":"1 minute"},"schema":{"@context":"https:\/\/schema.org","@graph":[{"@type":"WebPage","@id":"https:\/\/officialmonttremblant.com\/fr\/ou-sejourner\/hotels\/autres-recherches\/hotels-pour-un-evenement\/","url":"https:\/\/officialmonttremblant.com\/fr\/ou-sejourner\/hotels\/autres-recherches\/hotels-pour-un-evenement\/","name":"H\u00f4tels pour \u00e9v\u00e9nements \u00e0 Mont Tremblant | \u00c9v\u00e9nements h\u00f4tel \u00e0 Tremblant","isPartOf":{"@id":"https:\/\/officialmonttremblant.com\/fr\/#website"},"datePublished":"2022-09-21T20:16:20+00:00","dateModified":"2025-07-29T18:09:20+00:00","description":"Official Mont Tremblant pr\u00e9sente une s\u00e9lection d\u2019h\u00f4tels pour \u00e9v\u00e9nements \u00e0 Mont Tremblant, id\u00e9als pour organiser des \u00e9v\u00e9nements h\u00f4tel \u00e0 Tremblant r\u00e9ussis, qu\u2019il s\u2019agisse de mariages, conf\u00e9rences ou r\u00e9unions d\u2019affaires.","breadcrumb":{"@id":"https:\/\/officialmonttremblant.com\/fr\/ou-sejourner\/hotels\/autres-recherches\/hotels-pour-un-evenement\/#breadcrumb"},"inLanguage":"fr-FR","potentialAction":[{"@type":"ReadAction","target":["https:\/\/officialmonttremblant.com\/fr\/ou-sejourner\/hotels\/autres-recherches\/hotels-pour-un-evenement\/"]}]},{"@type":"BreadcrumbList","@id":"https:\/\/officialmonttremblant.com\/fr\/ou-sejourner\/hotels\/autres-recherches\/hotels-pour-un-evenement\/#breadcrumb","itemListElement":[{"@type":"ListItem","position":1,"name":"Home","item":"https:\/\/officialmonttremblant.com\/fr\/"},{"@type":"ListItem","position":2,"name":"O\u00f9 dormir \u00e0 Mont-Tremblant","item":"https:\/\/officialmonttremblant.com\/fr\/ou-sejourner\/"},{"@type":"ListItem","position":3,"name":"H\u00f4tels \u00e0 Mont Tremblant","item":"https:\/\/officialmonttremblant.com\/fr\/ou-sejourner\/hotels\/"},{"@type":"ListItem","position":4,"name":"Autres recherches d&#8217;h\u00f4tels","item":"https:\/\/officialmonttremblant.com\/fr\/ou-sejourner\/hotels\/autres-recherches\/"},{"@type":"ListItem","position":5,"name":"H\u00f4tels pour \u00e9v\u00e9nements \u00e0 Mont Tremblant"}]},{"@type":"WebSite","@id":"https:\/\/officialmonttremblant.com\/fr\/#website","url":"https:\/\/officialmonttremblant.com\/fr\/","name":"Official Mont Tremblant","description":"Vacation &amp; tourist guide in Mont Tremblant","potentialAction":[{"@type":"SearchAction","target":{"@type":"EntryPoint","urlTemplate":"https:\/\/officialmonttremblant.com\/fr\/?s={search_term_string}"},"query-input":{"@type":"PropertyValueSpecification","valueRequired":true,"valueName":"search_term_string"}}],"inLanguage":"fr-FR"}]}},"jetpack_sharing_enabled":true,"_links":{"self":[{"href":"https:\/\/officialmonttremblant.com\/fr\/wp-json\/wp\/v2\/pages\/25487","targetHints":{"allow":["GET"]}}],"collection":[{"href":"https:\/\/officialmonttremblant.com\/fr\/wp-json\/wp\/v2\/pages"}],"about":[{"href":"https:\/\/officialmonttremblant.com\/fr\/wp-json\/wp\/v2\/types\/page"}],"author":[{"embeddable":true,"href":"https:\/\/officialmonttremblant.com\/fr\/wp-json\/wp\/v2\/users\/3"}],"replies":[{"embeddable":true,"href":"https:\/\/officialmonttremblant.com\/fr\/wp-json\/wp\/v2\/comments?post=25487"}],"version-history":[{"count":5,"href":"https:\/\/officialmonttremblant.com\/fr\/wp-json\/wp\/v2\/pages\/25487\/revisions"}],"predecessor-version":[{"id":27760,"href":"https:\/\/officialmonttremblant.com\/fr\/wp-json\/wp\/v2\/pages\/25487\/revisions\/27760"}],"up":[{"embeddable":true,"href":"https:\/\/officialmonttremblant.com\/fr\/wp-json\/wp\/v2\/pages\/24988"}],"wp:attachment":[{"href":"https:\/\/officialmonttremblant.com\/fr\/wp-json\/wp\/v2\/media?parent=25487"}],"curies":[{"name":"wp","href":"https:\/\/api.w.org\/{rel}","templated":true}]}}