{"id":25493,"date":"2022-10-06T10:02:47","date_gmt":"2022-10-06T14:02:47","guid":{"rendered":"https:\/\/officialmonttremblant.com\/beaute-et-bien-etre\/wellness\/"},"modified":"2025-07-29T13:33:02","modified_gmt":"2025-07-29T17:33:02","slug":"bien-etre","status":"publish","type":"page","link":"https:\/\/officialmonttremblant.com\/fr\/beaute-et-bien-etre\/bien-etre\/","title":{"rendered":"Bien-\u00eatre \u00e0 Mont Tremblant"},"content":{"rendered":"<p>[vc_row][vc_column width=\u00a0\u00bb2\/3&Prime;][vc_column_text]<span style=\"font-weight: 400;\">On souhaite tous avoir une hygi\u00e8ne de vie saine, une forme olympique et un mental d\u2019acier.<\/span><\/p>\n<p><span style=\"font-weight: 400;\">Et cela n\u2019est pas toujours simple si l\u2019on d\u00e9cide de ne compter que sur soi-m\u00eame !<\/span><\/p>\n<p><span style=\"font-weight: 400;\">Il n\u2019existe pas de recette miracle bien s\u00fbr mais nous vous proposons de vous aider dans cette d\u00e9marche de bien-\u00eatre au travers de nos recommendations.\u00a0<\/span><\/p>\n<p><span style=\"font-weight: 400;\">Vous trouverez ainsi une liste des professionnels de la forme et du bien-\u00eatre de Mont Tremblant\u00a0 que ce soit pour des s\u00e9ances hyper dynamiques dans une salle de sport ou avec un coach, du yoga, de la m\u00e9ditation, du pilates, ou des massages\u2026<\/span><\/p>\n<p><span style=\"font-weight: 400;\">En bref, tout ce qui peut vous faire du bien et \u00eatre en forme est r\u00e9p\u00e9rtori\u00e9 ici !<\/span>[\/vc_column_text][vc_separator css=\u00a0\u00bb.vc_custom_1665410146302{padding-top: 25px !important;padding-bottom: 20px !important;}\u00a0\u00bb][\/vc_column][vc_column width=\u00a0\u00bb1\/3&Prime;][vc_single_image image=\u00a0\u00bb24948&Prime; img_size=\u00a0\u00bbfull\u00a0\u00bb][\/vc_column][\/vc_row][vc_row css=\u00a0\u00bb.vc_custom_1665408569592{padding-top: 10px !important;}\u00a0\u00bb][vc_column width=\u00a0\u00bb2\/3&Prime;][vc_row_inner][vc_column_inner width=\u00a0\u00bb1\/3&Prime;][vc_column_text]<\/p>\n<ul>\n<li><a href=\"https:\/\/officialmonttremblant.com\/fr\/beaute-et-bien-etre\/bien-etre\/spa-et-massages\/\">Spa et massages<\/a><\/li>\n<li><a href=\"https:\/\/officialmonttremblant.com\/fr\/beaute-et-bien-etre\/bien-etre\/yoga\/\">Yoga<\/a><\/li>\n<\/ul>\n<p>[\/vc_column_text][\/vc_column_inner][vc_column_inner width=\u00a0\u00bb1\/3&Prime;][vc_column_text]<\/p>\n<ul>\n<li><a href=\"https:\/\/officialmonttremblant.com\/fr\/beaute-et-bien-etre\/bien-etre\/meditation\/\">M\u00e9ditation<\/a><\/li>\n<li><a href=\"https:\/\/officialmonttremblant.com\/fr\/beaute-et-bien-etre\/bien-etre\/salles-de-sport\/\">Salles de sport<\/a><\/li>\n<\/ul>\n<p>[\/vc_column_text][\/vc_column_inner][vc_column_inner width=\u00a0\u00bb1\/3&Prime;][vc_column_text]<\/p>\n<ul>\n<li><a href=\"https:\/\/officialmonttremblant.com\/fr\/beaute-et-bien-etre\/bien-etre\/pilates\/\">Pilates<\/a><\/li>\n<li><a href=\"https:\/\/officialmonttremblant.com\/fr\/beaute-et-bien-etre\/sante\/coaches-sportifs\/\">Coaches sportifs<\/a><\/li>\n<\/ul>\n<p>[\/vc_column_text][\/vc_column_inner][\/vc_row_inner][\/vc_column][vc_column width=\u00a0\u00bb1\/3&Prime;][\/vc_column][\/vc_row][vc_row][vc_column][vc_separator css=\u00a0\u00bb.vc_custom_1665408678103{padding-top: 50px !important;padding-bottom: 20px !important;}\u00a0\u00bb][\/vc_column][\/vc_row]<\/p>\n","protected":false},"excerpt":{"rendered":"<p>[vc_row][vc_column width=\u00a0\u00bb2\/3&Prime;][vc_column_text]On souhaite tous avoir une hygi\u00e8ne de vie saine, une forme olympique et un mental d\u2019acier. Et cela n\u2019est pas toujours simple si l\u2019on d\u00e9cide de ne compter que sur soi-m\u00eame ! Il n\u2019existe pas de recette miracle bien s\u00fbr mais nous vous proposons de vous aider dans cette d\u00e9marche de bien-\u00eatre au travers&hellip;<\/p>\n","protected":false},"author":3,"featured_media":0,"parent":25210,"menu_order":0,"comment_status":"closed","ping_status":"closed","template":"","meta":{"footnotes":""},"class_list":["post-25493","page","type-page","status-publish","hentry","description-off"],"yoast_head":"<!-- This site is optimized with the Yoast SEO Premium plugin v26.5 (Yoast SEO v26.5) - https:\/\/yoast.com\/wordpress\/plugins\/seo\/ -->\n<title>Bien-\u00eatre \u00e0 Mont Tremblant - Official Mont Tremblant<\/title>\n<meta name=\"description\" content=\"Official Mont Tremblant vous donne une liste de professionnels du fitness et du bien-\u00eatre, gym, coachs, yoga, m\u00e9ditation, pilates ou massages.\" \/>\n<meta name=\"robots\" content=\"index, follow, max-snippet:-1, max-image-preview:large, max-video-preview:-1\" \/>\n<link rel=\"canonical\" href=\"https:\/\/officialmonttremblant.com\/fr\/beaute-et-bien-etre\/bien-etre\/\" \/>\n<meta property=\"og:locale\" content=\"fr_FR\" \/>\n<meta property=\"og:type\" content=\"article\" \/>\n<meta property=\"og:title\" content=\"Bien-\u00eatre \u00e0 Mont Tremblant\" \/>\n<meta property=\"og:description\" content=\"Official Mont Tremblant vous donne une liste de professionnels du fitness et du bien-\u00eatre, gym, coachs, yoga, m\u00e9ditation, pilates ou massages.\" \/>\n<meta property=\"og:url\" content=\"https:\/\/officialmonttremblant.com\/fr\/beaute-et-bien-etre\/bien-etre\/\" \/>\n<meta property=\"og:site_name\" content=\"Official Mont Tremblant\" \/>\n<meta property=\"article:modified_time\" content=\"2025-07-29T17:33:02+00:00\" \/>\n<meta name=\"twitter:card\" content=\"summary_large_image\" \/>\n<meta name=\"twitter:label1\" content=\"Dur\u00e9e de lecture estim\u00e9e\" \/>\n\t<meta name=\"twitter:data1\" content=\"1 minute\" \/>\n<script type=\"application\/ld+json\" class=\"yoast-schema-graph\">{\"@context\":\"https:\/\/schema.org\",\"@graph\":[{\"@type\":\"WebPage\",\"@id\":\"https:\/\/officialmonttremblant.com\/fr\/beaute-et-bien-etre\/bien-etre\/\",\"url\":\"https:\/\/officialmonttremblant.com\/fr\/beaute-et-bien-etre\/bien-etre\/\",\"name\":\"Bien-\u00eatre \u00e0 Mont Tremblant - Official Mont Tremblant\",\"isPartOf\":{\"@id\":\"https:\/\/officialmonttremblant.com\/fr\/#website\"},\"datePublished\":\"2022-10-06T14:02:47+00:00\",\"dateModified\":\"2025-07-29T17:33:02+00:00\",\"description\":\"Official Mont Tremblant vous donne une liste de professionnels du fitness et du bien-\u00eatre, gym, coachs, yoga, m\u00e9ditation, pilates ou massages.\",\"breadcrumb\":{\"@id\":\"https:\/\/officialmonttremblant.com\/fr\/beaute-et-bien-etre\/bien-etre\/#breadcrumb\"},\"inLanguage\":\"fr-FR\",\"potentialAction\":[{\"@type\":\"ReadAction\",\"target\":[\"https:\/\/officialmonttremblant.com\/fr\/beaute-et-bien-etre\/bien-etre\/\"]}]},{\"@type\":\"BreadcrumbList\",\"@id\":\"https:\/\/officialmonttremblant.com\/fr\/beaute-et-bien-etre\/bien-etre\/#breadcrumb\",\"itemListElement\":[{\"@type\":\"ListItem\",\"position\":1,\"name\":\"Home\",\"item\":\"https:\/\/officialmonttremblant.com\/fr\/\"},{\"@type\":\"ListItem\",\"position\":2,\"name\":\"Beaut\u00e9 et bien \u00eatre\",\"item\":\"https:\/\/officialmonttremblant.com\/fr\/beaute-et-bien-etre\/\"},{\"@type\":\"ListItem\",\"position\":3,\"name\":\"Bien-\u00eatre \u00e0 Mont Tremblant\"}]},{\"@type\":\"WebSite\",\"@id\":\"https:\/\/officialmonttremblant.com\/fr\/#website\",\"url\":\"https:\/\/officialmonttremblant.com\/fr\/\",\"name\":\"Official Mont Tremblant\",\"description\":\"Vacation &amp; tourist guide in Mont Tremblant\",\"potentialAction\":[{\"@type\":\"SearchAction\",\"target\":{\"@type\":\"EntryPoint\",\"urlTemplate\":\"https:\/\/officialmonttremblant.com\/fr\/?s={search_term_string}\"},\"query-input\":{\"@type\":\"PropertyValueSpecification\",\"valueRequired\":true,\"valueName\":\"search_term_string\"}}],\"inLanguage\":\"fr-FR\"}]}<\/script>\n<!-- \/ Yoast SEO Premium plugin. -->","yoast_head_json":{"title":"Bien-\u00eatre \u00e0 Mont Tremblant - Official Mont Tremblant","description":"Official Mont Tremblant vous donne une liste de professionnels du fitness et du bien-\u00eatre, gym, coachs, yoga, m\u00e9ditation, pilates ou massages.","robots":{"index":"index","follow":"follow","max-snippet":"max-snippet:-1","max-image-preview":"max-image-preview:large","max-video-preview":"max-video-preview:-1"},"canonical":"https:\/\/officialmonttremblant.com\/fr\/beaute-et-bien-etre\/bien-etre\/","og_locale":"fr_FR","og_type":"article","og_title":"Bien-\u00eatre \u00e0 Mont Tremblant","og_description":"Official Mont Tremblant vous donne une liste de professionnels du fitness et du bien-\u00eatre, gym, coachs, yoga, m\u00e9ditation, pilates ou massages.","og_url":"https:\/\/officialmonttremblant.com\/fr\/beaute-et-bien-etre\/bien-etre\/","og_site_name":"Official Mont Tremblant","article_modified_time":"2025-07-29T17:33:02+00:00","twitter_card":"summary_large_image","twitter_misc":{"Dur\u00e9e de lecture estim\u00e9e":"1 minute"},"schema":{"@context":"https:\/\/schema.org","@graph":[{"@type":"WebPage","@id":"https:\/\/officialmonttremblant.com\/fr\/beaute-et-bien-etre\/bien-etre\/","url":"https:\/\/officialmonttremblant.com\/fr\/beaute-et-bien-etre\/bien-etre\/","name":"Bien-\u00eatre \u00e0 Mont Tremblant - Official Mont Tremblant","isPartOf":{"@id":"https:\/\/officialmonttremblant.com\/fr\/#website"},"datePublished":"2022-10-06T14:02:47+00:00","dateModified":"2025-07-29T17:33:02+00:00","description":"Official Mont Tremblant vous donne une liste de professionnels du fitness et du bien-\u00eatre, gym, coachs, yoga, m\u00e9ditation, pilates ou massages.","breadcrumb":{"@id":"https:\/\/officialmonttremblant.com\/fr\/beaute-et-bien-etre\/bien-etre\/#breadcrumb"},"inLanguage":"fr-FR","potentialAction":[{"@type":"ReadAction","target":["https:\/\/officialmonttremblant.com\/fr\/beaute-et-bien-etre\/bien-etre\/"]}]},{"@type":"BreadcrumbList","@id":"https:\/\/officialmonttremblant.com\/fr\/beaute-et-bien-etre\/bien-etre\/#breadcrumb","itemListElement":[{"@type":"ListItem","position":1,"name":"Home","item":"https:\/\/officialmonttremblant.com\/fr\/"},{"@type":"ListItem","position":2,"name":"Beaut\u00e9 et bien \u00eatre","item":"https:\/\/officialmonttremblant.com\/fr\/beaute-et-bien-etre\/"},{"@type":"ListItem","position":3,"name":"Bien-\u00eatre \u00e0 Mont Tremblant"}]},{"@type":"WebSite","@id":"https:\/\/officialmonttremblant.com\/fr\/#website","url":"https:\/\/officialmonttremblant.com\/fr\/","name":"Official Mont Tremblant","description":"Vacation &amp; tourist guide in Mont Tremblant","potentialAction":[{"@type":"SearchAction","target":{"@type":"EntryPoint","urlTemplate":"https:\/\/officialmonttremblant.com\/fr\/?s={search_term_string}"},"query-input":{"@type":"PropertyValueSpecification","valueRequired":true,"valueName":"search_term_string"}}],"inLanguage":"fr-FR"}]}},"jetpack_sharing_enabled":true,"_links":{"self":[{"href":"https:\/\/officialmonttremblant.com\/fr\/wp-json\/wp\/v2\/pages\/25493","targetHints":{"allow":["GET"]}}],"collection":[{"href":"https:\/\/officialmonttremblant.com\/fr\/wp-json\/wp\/v2\/pages"}],"about":[{"href":"https:\/\/officialmonttremblant.com\/fr\/wp-json\/wp\/v2\/types\/page"}],"author":[{"embeddable":true,"href":"https:\/\/officialmonttremblant.com\/fr\/wp-json\/wp\/v2\/users\/3"}],"replies":[{"embeddable":true,"href":"https:\/\/officialmonttremblant.com\/fr\/wp-json\/wp\/v2\/comments?post=25493"}],"version-history":[{"count":5,"href":"https:\/\/officialmonttremblant.com\/fr\/wp-json\/wp\/v2\/pages\/25493\/revisions"}],"predecessor-version":[{"id":25931,"href":"https:\/\/officialmonttremblant.com\/fr\/wp-json\/wp\/v2\/pages\/25493\/revisions\/25931"}],"up":[{"embeddable":true,"href":"https:\/\/officialmonttremblant.com\/fr\/wp-json\/wp\/v2\/pages\/25210"}],"wp:attachment":[{"href":"https:\/\/officialmonttremblant.com\/fr\/wp-json\/wp\/v2\/media?parent=25493"}],"curies":[{"name":"wp","href":"https:\/\/api.w.org\/{rel}","templated":true}]}}