{"id":25498,"date":"2022-10-06T14:30:50","date_gmt":"2022-10-06T18:30:50","guid":{"rendered":"https:\/\/officialmonttremblant.com\/beaute-et-bien-etre\/beauty-and-esthetics\/"},"modified":"2025-07-29T13:24:44","modified_gmt":"2025-07-29T17:24:44","slug":"beaute-et-esthetique","status":"publish","type":"page","link":"https:\/\/officialmonttremblant.com\/fr\/beaute-et-bien-etre\/beaute-et-esthetique\/","title":{"rendered":"Beaut\u00e9 et esth\u00e9tique \u00e0 Mont Tremblant"},"content":{"rendered":"<p>[vc_row][vc_column width=\u00a0\u00bb2\/3&Prime;][vc_column_text]<span style=\"font-weight: 400;\">Si vous pr\u00e9voyez un voyage \u00e0 Mont Tremblant n&rsquo;oubliez pas d\u2019en profiter pour faire des choses que la folie du quotidien nous emp\u00eache parfois : vous occuper de vous tout simplement!<\/span><\/p>\n<p><span style=\"font-weight: 400;\">Alors que diriez vous de vous faire\u00a0 dorloter et qu\u2019un professionnel sympathique et comp\u00e9tent\u00a0 vous dispense les soins de beaut\u00e9 ou capillaires dont vous r\u00eavez,\u00a0 <\/span><span style=\"font-weight: 400;\">Et\u00e9 comme hiver, le catalogue des soins propos\u00e9s est vari\u00e9 et a pour objectif de vous laisser\u00a0 compl\u00e8tement requinqu\u00e9 et rafra\u00eechi mentalement.<\/span><\/p>\n<p><span style=\"font-weight: 400;\">Nettoyage de peau, soin anti aging, coloration, coupe de cheveux manucure p\u00e9dicure , pose de vernis semi permanent\u2026\u00a0<\/span><\/p>\n<p><span style=\"font-weight: 400;\">Vous trouverez tout cela \u00e0 Mont Tremblant dans le cadre de r\u00eave que vous offre ce village lov\u00e9 au coeur de la montagne.<\/span><\/p>\n<p><span style=\"font-weight: 400;\">Nous avons pr\u00e9par\u00e9 pour vous une liste des meilleurs salons de coiffure, instituts de beaut\u00e9 et ongleries de Mont Tremblant.<\/span>[\/vc_column_text][vc_separator css=\u00a0\u00bb.vc_custom_1665408579890{padding-top: 25px !important;padding-bottom: 5px !important;}\u00a0\u00bb][\/vc_column][vc_column width=\u00a0\u00bb1\/3&Prime;][vc_single_image image=\u00a0\u00bb24994&Prime; img_size=\u00a0\u00bbfull\u00a0\u00bb][\/vc_column][\/vc_row][vc_row css=\u00a0\u00bb.vc_custom_1665408569592{padding-top: 10px !important;}\u00a0\u00bb][vc_column width=\u00a0\u00bb2\/3&Prime;][vc_row_inner][vc_column_inner width=\u00a0\u00bb1\/3&Prime;][vc_column_text]<\/p>\n<ul>\n<li><a href=\"https:\/\/officialmonttremblant.com\/fr\/beaute-et-bien-etre\/beaute-et-esthetique\/salons-de-coiffure\/\">Salons de coiffure<\/a><\/li>\n<\/ul>\n<p>[\/vc_column_text][\/vc_column_inner][vc_column_inner width=\u00a0\u00bb1\/3&Prime;][vc_column_text]<\/p>\n<ul>\n<li><a href=\"https:\/\/officialmonttremblant.com\/fr\/beaute-et-bien-etre\/beaute-et-esthetique\/instituts-de-beaute\/\">Instituts de beaut\u00e9<\/a><\/li>\n<\/ul>\n<p>[\/vc_column_text][\/vc_column_inner][vc_column_inner width=\u00a0\u00bb1\/3&Prime;][vc_column_text]<\/p>\n<ul>\n<li><a href=\"https:\/\/officialmonttremblant.com\/fr\/beaute-et-bien-etre\/beaute-et-esthetique\/soin-des-ongles\/\">Soin des ongles<\/a><\/li>\n<\/ul>\n<p>[\/vc_column_text][\/vc_column_inner][\/vc_row_inner][\/vc_column][vc_column width=\u00a0\u00bb1\/3&Prime;][\/vc_column][\/vc_row][vc_row][vc_column][vc_separator css=\u00a0\u00bb.vc_custom_1665408678103{padding-top: 50px !important;padding-bottom: 20px !important;}\u00a0\u00bb][\/vc_column][\/vc_row]<\/p>\n","protected":false},"excerpt":{"rendered":"<p>[vc_row][vc_column width=\u00a0\u00bb2\/3&Prime;][vc_column_text]Si vous pr\u00e9voyez un voyage \u00e0 Mont Tremblant n&rsquo;oubliez pas d\u2019en profiter pour faire des choses que la folie du quotidien nous emp\u00eache parfois : vous occuper de vous tout simplement! Alors que diriez vous de vous faire\u00a0 dorloter et qu\u2019un professionnel sympathique et comp\u00e9tent\u00a0 vous dispense les soins de beaut\u00e9 ou capillaires dont&hellip;<\/p>\n","protected":false},"author":3,"featured_media":0,"parent":25210,"menu_order":0,"comment_status":"closed","ping_status":"closed","template":"","meta":{"footnotes":""},"class_list":["post-25498","page","type-page","status-publish","hentry","description-off"],"yoast_head":"<!-- This site is optimized with the Yoast SEO Premium plugin v26.5 (Yoast SEO v26.5) - https:\/\/yoast.com\/wordpress\/plugins\/seo\/ -->\n<title>Beaut\u00e9 et esth\u00e9tique \u00e0 Mont Tremblant - Official Mont Tremblant<\/title>\n<meta name=\"description\" content=\"Official Mont Tremblant vous donne une liste d&#039;beaut\u00e9 et esth\u00e9tique, nettoyage de la peau, soins anti-\u00e2ge, salons de coiffure, manucure.\" \/>\n<meta name=\"robots\" content=\"index, follow, max-snippet:-1, max-image-preview:large, max-video-preview:-1\" \/>\n<link rel=\"canonical\" href=\"https:\/\/officialmonttremblant.com\/fr\/beaute-et-bien-etre\/beaute-et-esthetique\/\" \/>\n<meta property=\"og:locale\" content=\"fr_FR\" \/>\n<meta property=\"og:type\" content=\"article\" \/>\n<meta property=\"og:title\" content=\"Beaut\u00e9 et esth\u00e9tique \u00e0 Mont Tremblant\" \/>\n<meta property=\"og:description\" content=\"Official Mont Tremblant vous donne une liste d&#039;beaut\u00e9 et esth\u00e9tique, nettoyage de la peau, soins anti-\u00e2ge, salons de coiffure, manucure.\" \/>\n<meta property=\"og:url\" content=\"https:\/\/officialmonttremblant.com\/fr\/beaute-et-bien-etre\/beaute-et-esthetique\/\" \/>\n<meta property=\"og:site_name\" content=\"Official Mont Tremblant\" \/>\n<meta property=\"article:modified_time\" content=\"2025-07-29T17:24:44+00:00\" \/>\n<meta name=\"twitter:card\" content=\"summary_large_image\" \/>\n<meta name=\"twitter:label1\" content=\"Dur\u00e9e de lecture estim\u00e9e\" \/>\n\t<meta name=\"twitter:data1\" content=\"1 minute\" \/>\n<script type=\"application\/ld+json\" class=\"yoast-schema-graph\">{\"@context\":\"https:\/\/schema.org\",\"@graph\":[{\"@type\":\"WebPage\",\"@id\":\"https:\/\/officialmonttremblant.com\/fr\/beaute-et-bien-etre\/beaute-et-esthetique\/\",\"url\":\"https:\/\/officialmonttremblant.com\/fr\/beaute-et-bien-etre\/beaute-et-esthetique\/\",\"name\":\"Beaut\u00e9 et esth\u00e9tique \u00e0 Mont Tremblant - Official Mont Tremblant\",\"isPartOf\":{\"@id\":\"https:\/\/officialmonttremblant.com\/fr\/#website\"},\"datePublished\":\"2022-10-06T18:30:50+00:00\",\"dateModified\":\"2025-07-29T17:24:44+00:00\",\"description\":\"Official Mont Tremblant vous donne une liste d'beaut\u00e9 et esth\u00e9tique, nettoyage de la peau, soins anti-\u00e2ge, salons de coiffure, manucure.\",\"breadcrumb\":{\"@id\":\"https:\/\/officialmonttremblant.com\/fr\/beaute-et-bien-etre\/beaute-et-esthetique\/#breadcrumb\"},\"inLanguage\":\"fr-FR\",\"potentialAction\":[{\"@type\":\"ReadAction\",\"target\":[\"https:\/\/officialmonttremblant.com\/fr\/beaute-et-bien-etre\/beaute-et-esthetique\/\"]}]},{\"@type\":\"BreadcrumbList\",\"@id\":\"https:\/\/officialmonttremblant.com\/fr\/beaute-et-bien-etre\/beaute-et-esthetique\/#breadcrumb\",\"itemListElement\":[{\"@type\":\"ListItem\",\"position\":1,\"name\":\"Home\",\"item\":\"https:\/\/officialmonttremblant.com\/fr\/\"},{\"@type\":\"ListItem\",\"position\":2,\"name\":\"Beaut\u00e9 et bien \u00eatre\",\"item\":\"https:\/\/officialmonttremblant.com\/fr\/beaute-et-bien-etre\/\"},{\"@type\":\"ListItem\",\"position\":3,\"name\":\"Beaut\u00e9 et esth\u00e9tique \u00e0 Mont Tremblant\"}]},{\"@type\":\"WebSite\",\"@id\":\"https:\/\/officialmonttremblant.com\/fr\/#website\",\"url\":\"https:\/\/officialmonttremblant.com\/fr\/\",\"name\":\"Official Mont Tremblant\",\"description\":\"Vacation &amp; tourist guide in Mont Tremblant\",\"potentialAction\":[{\"@type\":\"SearchAction\",\"target\":{\"@type\":\"EntryPoint\",\"urlTemplate\":\"https:\/\/officialmonttremblant.com\/fr\/?s={search_term_string}\"},\"query-input\":{\"@type\":\"PropertyValueSpecification\",\"valueRequired\":true,\"valueName\":\"search_term_string\"}}],\"inLanguage\":\"fr-FR\"}]}<\/script>\n<!-- \/ Yoast SEO Premium plugin. -->","yoast_head_json":{"title":"Beaut\u00e9 et esth\u00e9tique \u00e0 Mont Tremblant - Official Mont Tremblant","description":"Official Mont Tremblant vous donne une liste d'beaut\u00e9 et esth\u00e9tique, nettoyage de la peau, soins anti-\u00e2ge, salons de coiffure, manucure.","robots":{"index":"index","follow":"follow","max-snippet":"max-snippet:-1","max-image-preview":"max-image-preview:large","max-video-preview":"max-video-preview:-1"},"canonical":"https:\/\/officialmonttremblant.com\/fr\/beaute-et-bien-etre\/beaute-et-esthetique\/","og_locale":"fr_FR","og_type":"article","og_title":"Beaut\u00e9 et esth\u00e9tique \u00e0 Mont Tremblant","og_description":"Official Mont Tremblant vous donne une liste d'beaut\u00e9 et esth\u00e9tique, nettoyage de la peau, soins anti-\u00e2ge, salons de coiffure, manucure.","og_url":"https:\/\/officialmonttremblant.com\/fr\/beaute-et-bien-etre\/beaute-et-esthetique\/","og_site_name":"Official Mont Tremblant","article_modified_time":"2025-07-29T17:24:44+00:00","twitter_card":"summary_large_image","twitter_misc":{"Dur\u00e9e de lecture estim\u00e9e":"1 minute"},"schema":{"@context":"https:\/\/schema.org","@graph":[{"@type":"WebPage","@id":"https:\/\/officialmonttremblant.com\/fr\/beaute-et-bien-etre\/beaute-et-esthetique\/","url":"https:\/\/officialmonttremblant.com\/fr\/beaute-et-bien-etre\/beaute-et-esthetique\/","name":"Beaut\u00e9 et esth\u00e9tique \u00e0 Mont Tremblant - Official Mont Tremblant","isPartOf":{"@id":"https:\/\/officialmonttremblant.com\/fr\/#website"},"datePublished":"2022-10-06T18:30:50+00:00","dateModified":"2025-07-29T17:24:44+00:00","description":"Official Mont Tremblant vous donne une liste d'beaut\u00e9 et esth\u00e9tique, nettoyage de la peau, soins anti-\u00e2ge, salons de coiffure, manucure.","breadcrumb":{"@id":"https:\/\/officialmonttremblant.com\/fr\/beaute-et-bien-etre\/beaute-et-esthetique\/#breadcrumb"},"inLanguage":"fr-FR","potentialAction":[{"@type":"ReadAction","target":["https:\/\/officialmonttremblant.com\/fr\/beaute-et-bien-etre\/beaute-et-esthetique\/"]}]},{"@type":"BreadcrumbList","@id":"https:\/\/officialmonttremblant.com\/fr\/beaute-et-bien-etre\/beaute-et-esthetique\/#breadcrumb","itemListElement":[{"@type":"ListItem","position":1,"name":"Home","item":"https:\/\/officialmonttremblant.com\/fr\/"},{"@type":"ListItem","position":2,"name":"Beaut\u00e9 et bien \u00eatre","item":"https:\/\/officialmonttremblant.com\/fr\/beaute-et-bien-etre\/"},{"@type":"ListItem","position":3,"name":"Beaut\u00e9 et esth\u00e9tique \u00e0 Mont Tremblant"}]},{"@type":"WebSite","@id":"https:\/\/officialmonttremblant.com\/fr\/#website","url":"https:\/\/officialmonttremblant.com\/fr\/","name":"Official Mont Tremblant","description":"Vacation &amp; tourist guide in Mont Tremblant","potentialAction":[{"@type":"SearchAction","target":{"@type":"EntryPoint","urlTemplate":"https:\/\/officialmonttremblant.com\/fr\/?s={search_term_string}"},"query-input":{"@type":"PropertyValueSpecification","valueRequired":true,"valueName":"search_term_string"}}],"inLanguage":"fr-FR"}]}},"jetpack_sharing_enabled":true,"_links":{"self":[{"href":"https:\/\/officialmonttremblant.com\/fr\/wp-json\/wp\/v2\/pages\/25498","targetHints":{"allow":["GET"]}}],"collection":[{"href":"https:\/\/officialmonttremblant.com\/fr\/wp-json\/wp\/v2\/pages"}],"about":[{"href":"https:\/\/officialmonttremblant.com\/fr\/wp-json\/wp\/v2\/types\/page"}],"author":[{"embeddable":true,"href":"https:\/\/officialmonttremblant.com\/fr\/wp-json\/wp\/v2\/users\/3"}],"replies":[{"embeddable":true,"href":"https:\/\/officialmonttremblant.com\/fr\/wp-json\/wp\/v2\/comments?post=25498"}],"version-history":[{"count":5,"href":"https:\/\/officialmonttremblant.com\/fr\/wp-json\/wp\/v2\/pages\/25498\/revisions"}],"predecessor-version":[{"id":25933,"href":"https:\/\/officialmonttremblant.com\/fr\/wp-json\/wp\/v2\/pages\/25498\/revisions\/25933"}],"up":[{"embeddable":true,"href":"https:\/\/officialmonttremblant.com\/fr\/wp-json\/wp\/v2\/pages\/25210"}],"wp:attachment":[{"href":"https:\/\/officialmonttremblant.com\/fr\/wp-json\/wp\/v2\/media?parent=25498"}],"curies":[{"name":"wp","href":"https:\/\/api.w.org\/{rel}","templated":true}]}}