{"id":25531,"date":"2022-10-05T10:30:45","date_gmt":"2022-10-05T14:30:45","guid":{"rendered":"https:\/\/officialmonttremblant.com\/beaute-et-bien-etre\/sante\/chiropractors\/"},"modified":"2025-07-29T13:31:05","modified_gmt":"2025-07-29T17:31:05","slug":"chiropracticiens","status":"publish","type":"page","link":"https:\/\/officialmonttremblant.com\/fr\/beaute-et-bien-etre\/sante\/chiropracticiens\/","title":{"rendered":"Chiropracticiens \u00e0 Mont Tremblant"},"content":{"rendered":"<p>[vc_row][vc_column][vc_column_text]<span style=\"font-weight: 400;\">La chiropratique est une discipline de la sant\u00e9 qui utilise des moyens naturels pour le recouvrement et le maintien de la sant\u00e9. Le chiropraticien traite principalement les conditions neuro-musculo-squelettiques, c&rsquo;est-\u00e0-dire qui affectent les nerfs, les muscles ainsi que les articulations.\u00a0<\/span><\/p>\n<p><span style=\"font-weight: 400;\">Le chiropraticien cherche \u00e0 r\u00e9duire les sympt\u00f4mes li\u00e9s \u00e0 ces conditions d&rsquo;une part, mais il cherche \u00e9galement la cause du probl\u00e8me afin que ce dernier soit corrig\u00e9.<\/span><\/p>\n<p><span style=\"font-weight: 400;\">Le ski est souvent responsable de blessures et douleurs que seul un chiropracticien\u00a0 pourra soigner efficacement.<\/span><\/p>\n<p><span style=\"font-weight: 400;\">Voici la liste des chiropracteurs de Mont Tremblant<\/span>[\/vc_column_text][\/vc_column][\/vc_row][vc_row][vc_column][vc_separator css=\u00a0\u00bb.vc_custom_1664458207535{padding-top: 40px !important;padding-bottom: 40px !important;}\u00a0\u00bb][vc_row_inner][vc_column_inner width=\u00a0\u00bb1\/4&Prime;][vc_single_image image=\u00a0\u00bb24314&Prime; img_size=\u00a0\u00bbfull\u00a0\u00bb][\/vc_column_inner][vc_column_inner width=\u00a0\u00bb3\/4&Prime;]<div class=\"dt-fancy-separator title-left h3-size style-disabled title-color\" style=\"width: 100%;\"><div class=\"dt-fancy-title\"><span class=\"separator-holder separator-left\"><\/span>Chiropractic Mont-Tremblant<span class=\"separator-holder separator-right\"><\/span><\/div><\/div>[vc_column_text css=\u00a0\u00bb.vc_custom_1666115250424{padding-bottom: 25px !important;}\u00a0\u00bb]<span style=\"font-weight: 400;\">La Clinique Chiropractique de Mont Tremblant regroupe des professionnels tr\u00e8s comp\u00e9tents qui pourront notamment soulager ces maux: <\/span><span style=\"font-weight: 400;\">Lombalgie (douleur au bas du dos), <\/span><span style=\"font-weight: 400;\">Douleur au cou (torticolis), <\/span><span style=\"font-weight: 400;\">Maux de t\u00eate, <\/span><span style=\"font-weight: 400;\">Tendinite\/bursite\/capsulite, <\/span><span style=\"font-weight: 400;\">Sciatique, <\/span><span style=\"font-weight: 400;\">Hernie discale, <\/span><span style=\"font-weight: 400;\">Entorses (lombaire, cheville, poignet)<\/span>[\/vc_column_text]<div class=\"uavc-list-icon uavc-list-icon-wrapper ult-adjust-bottom-margin   vc_custom_1664976992065  vc_custom_1664976992065\"><ul class=\"uavc-list\"><li><div class=\"uavc-list-content\" id=\"list-icon-wrap-5401\">\n<div class=\"uavc-list-icon  \" data-animation=\"\" data-animation-delay=\"03\" style=\"margin-right:5px;\"><div class=\"ult-just-icon-wrapper  \"><div class=\"align-icon\" style=\"text-align:center;\">\n<div class=\"aio-icon none \"  style=\"color:#333333;font-size:25px;display:inline-block;\">\n\t<i class=\"icomoon-the7-font-the7-phone-04\"><\/i>\n<\/div><\/div><\/div>\n<\/div><span  data-ultimate-target='#list-icon-wrap-5401 .uavc-list-desc'  data-responsive-json-new='{\"font-size\":\"\",\"line-height\":\"\"}'  class=\"uavc-list-desc ult-responsive\" style=\"\"><a href=\"tel:+1 819-430-3001\">+1 819-430-3001<\/a><\/span><\/div><\/li><li><div class=\"uavc-list-content\" id=\"list-icon-wrap-1118\">\n<div class=\"uavc-list-icon  \" data-animation=\"\" data-animation-delay=\"03\" style=\"margin-right:5px;\"><div class=\"ult-just-icon-wrapper  \"><div class=\"align-icon\" style=\"text-align:center;\">\n<div class=\"aio-icon none \"  style=\"color:#333333;font-size:25px;display:inline-block;\">\n\t<i class=\"fas fa-link\"><\/i>\n<\/div><\/div><\/div>\n<\/div><span  data-ultimate-target='#list-icon-wrap-1118 .uavc-list-desc'  data-responsive-json-new='{\"font-size\":\"\",\"line-height\":\"\"}'  class=\"uavc-list-desc ult-responsive\" style=\"\"><a href=\"http:\/\/www.chirotremblant.com\/\" target=\"_blank\" rel=\"noopener\">http:\/\/www.chirotremblant.com\/<\/a><\/span><\/div><\/li><li><div class=\"uavc-list-content\" id=\"list-icon-wrap-3725\">\n<div class=\"uavc-list-icon  \" data-animation=\"\" data-animation-delay=\"03\" style=\"margin-right:5px;\"><div class=\"ult-just-icon-wrapper  \"><div class=\"align-icon\" style=\"text-align:center;\">\n<div class=\"aio-icon none \"  style=\"color:#333333;font-size:25px;display:inline-block;\">\n\t<i class=\"icomoon-icomoonfree-16x16-location2\"><\/i>\n<\/div><\/div><\/div>\n<\/div><span  data-ultimate-target='#list-icon-wrap-3725 .uavc-list-desc'  data-responsive-json-new='{\"font-size\":\"\",\"line-height\":\"\"}'  class=\"uavc-list-desc ult-responsive\" style=\"\"><span style=\"font-weight: 400;\">510 Saint-Jovite Street, <\/span><span style=\"font-weight: 400;\">Mont-Tremblant<\/span><\/span><\/div><\/li><\/ul><\/div>[\/vc_column_inner][\/vc_row_inner][\/vc_column][\/vc_row][vc_row][vc_column][vc_separator css=\u00a0\u00bb.vc_custom_1664458207535{padding-top: 40px !important;padding-bottom: 40px !important;}\u00a0\u00bb][vc_row_inner][vc_column_inner width=\u00a0\u00bb1\/4&Prime;][vc_single_image image=\u00a0\u00bb24314&Prime; img_size=\u00a0\u00bbfull\u00a0\u00bb][\/vc_column_inner][vc_column_inner width=\u00a0\u00bb3\/4&Prime;]<div class=\"dt-fancy-separator title-left h3-size style-disabled title-color\" style=\"width: 100%;\"><div class=\"dt-fancy-title\"><span class=\"separator-holder separator-left\"><\/span>Clinique Chiropractique Pierre Moreau<span class=\"separator-holder separator-right\"><\/span><\/div><\/div><div class=\"uavc-list-icon uavc-list-icon-wrapper ult-adjust-bottom-margin   \"><ul class=\"uavc-list\"><li><div class=\"uavc-list-content\" id=\"list-icon-wrap-8268\">\n<div class=\"uavc-list-icon  \" data-animation=\"\" data-animation-delay=\"03\" style=\"margin-right:5px;\"><div class=\"ult-just-icon-wrapper  \"><div class=\"align-icon\" style=\"text-align:center;\">\n<div class=\"aio-icon none \"  style=\"color:#333333;font-size:25px;display:inline-block;\">\n\t<i class=\"icomoon-the7-font-the7-phone-04\"><\/i>\n<\/div><\/div><\/div>\n<\/div><span  data-ultimate-target='#list-icon-wrap-8268 .uavc-list-desc'  data-responsive-json-new='{\"font-size\":\"\",\"line-height\":\"\"}'  class=\"uavc-list-desc ult-responsive\" style=\"\"><a href=\"tel:+1 819-425-5269\">+1 819-425-5269<\/a><\/span><\/div><\/li><li><div class=\"uavc-list-content\" id=\"list-icon-wrap-1095\">\n<div class=\"uavc-list-icon  \" data-animation=\"\" data-animation-delay=\"03\" style=\"margin-right:5px;\"><div class=\"ult-just-icon-wrapper  \"><div class=\"align-icon\" style=\"text-align:center;\">\n<div class=\"aio-icon none \"  style=\"color:#333333;font-size:25px;display:inline-block;\">\n\t<i class=\"icomoon-icomoonfree-16x16-location2\"><\/i>\n<\/div><\/div><\/div>\n<\/div><span  data-ultimate-target='#list-icon-wrap-1095 .uavc-list-desc'  data-responsive-json-new='{\"font-size\":\"\",\"line-height\":\"\"}'  class=\"uavc-list-desc ult-responsive\" style=\"\"><span style=\"font-weight: 400;\">1260 Rue de St Jovite, <\/span><span style=\"font-weight: 400;\">Mont-Tremblant<\/span><\/span><\/div><\/li><\/ul><\/div>[\/vc_column_inner][\/vc_row_inner][\/vc_column][\/vc_row][vc_row][vc_column][vc_separator css=\u00a0\u00bb.vc_custom_1664458207535{padding-top: 40px !important;padding-bottom: 40px !important;}\u00a0\u00bb][vc_row_inner][vc_column_inner width=\u00a0\u00bb1\/4&Prime;][vc_single_image image=\u00a0\u00bb24314&Prime; img_size=\u00a0\u00bbfull\u00a0\u00bb][\/vc_column_inner][vc_column_inner width=\u00a0\u00bb3\/4&Prime;]<div class=\"dt-fancy-separator title-left h3-size style-disabled title-color\" style=\"width: 100%;\"><div class=\"dt-fancy-title\"><span class=\"separator-holder separator-left\"><\/span>Complexe sant\u00e9 Chiropractique<span class=\"separator-holder separator-right\"><\/span><\/div><\/div>[vc_column_text css=\u00a0\u00bb.vc_custom_1666115301006{padding-bottom: 25px !important;}\u00a0\u00bb]<span style=\"font-weight: 400;\">Cette clinique propose de la chiropractique sportive, familiale ou pour les ain\u00e9s. <\/span><span style=\"font-weight: 400;\">Dr Binette et Dre Desjardins sont continuellement ont pr\u00e8s de 26 ans d&rsquo;exp\u00e9rience chacun et un bagage impressionnant de connaissances cliniques. <\/span>[\/vc_column_text]<div class=\"uavc-list-icon uavc-list-icon-wrapper ult-adjust-bottom-margin   vc_custom_1664976992065  vc_custom_1664976992065\"><ul class=\"uavc-list\"><li><div class=\"uavc-list-content\" id=\"list-icon-wrap-2593\">\n<div class=\"uavc-list-icon  \" data-animation=\"\" data-animation-delay=\"03\" style=\"margin-right:5px;\"><div class=\"ult-just-icon-wrapper  \"><div class=\"align-icon\" style=\"text-align:center;\">\n<div class=\"aio-icon none \"  style=\"color:#333333;font-size:25px;display:inline-block;\">\n\t<i class=\"icomoon-the7-font-the7-phone-04\"><\/i>\n<\/div><\/div><\/div>\n<\/div><span  data-ultimate-target='#list-icon-wrap-2593 .uavc-list-desc'  data-responsive-json-new='{\"font-size\":\"\",\"line-height\":\"\"}'  class=\"uavc-list-desc ult-responsive\" style=\"\"><a href=\"tel:+1 819-429-5353\">+1 819-429-5353<\/a><\/span><\/div><\/li><li><div class=\"uavc-list-content\" id=\"list-icon-wrap-2109\">\n<div class=\"uavc-list-icon  \" data-animation=\"\" data-animation-delay=\"03\" style=\"margin-right:5px;\"><div class=\"ult-just-icon-wrapper  \"><div class=\"align-icon\" style=\"text-align:center;\">\n<div class=\"aio-icon none \"  style=\"color:#333333;font-size:25px;display:inline-block;\">\n\t<i class=\"fas fa-link\"><\/i>\n<\/div><\/div><\/div>\n<\/div><span  data-ultimate-target='#list-icon-wrap-2109 .uavc-list-desc'  data-responsive-json-new='{\"font-size\":\"\",\"line-height\":\"\"}'  class=\"uavc-list-desc ult-responsive\" style=\"\"><a href=\"https:\/\/www.complexesantechiropratique.com\/\" target=\"_blank\" rel=\"noopener\">https:\/\/www.complexesantechiropratique.com\/<\/a><\/span><\/div><\/li><li><div class=\"uavc-list-content\" id=\"list-icon-wrap-6877\">\n<div class=\"uavc-list-icon  \" data-animation=\"\" data-animation-delay=\"03\" style=\"margin-right:5px;\"><div class=\"ult-just-icon-wrapper  \"><div class=\"align-icon\" style=\"text-align:center;\">\n<div class=\"aio-icon none \"  style=\"color:#333333;font-size:25px;display:inline-block;\">\n\t<i class=\"icomoon-icomoonfree-16x16-location2\"><\/i>\n<\/div><\/div><\/div>\n<\/div><span  data-ultimate-target='#list-icon-wrap-6877 .uavc-list-desc'  data-responsive-json-new='{\"font-size\":\"\",\"line-height\":\"\"}'  class=\"uavc-list-desc ult-responsive\" style=\"\"><span style=\"font-weight: 400;\">990 St-Jovite Street, <\/span><span style=\"font-weight: 400;\">Mont-Tremblant<\/span><\/span><\/div><\/li><\/ul><\/div>[\/vc_column_inner][\/vc_row_inner][\/vc_column][\/vc_row][vc_row][vc_column][vc_separator css=\u00a0\u00bb.vc_custom_1664458207535{padding-top: 40px !important;padding-bottom: 40px !important;}\u00a0\u00bb][vc_row_inner][vc_column_inner width=\u00a0\u00bb1\/4&Prime;][vc_single_image image=\u00a0\u00bb24314&Prime; img_size=\u00a0\u00bbfull\u00a0\u00bb][\/vc_column_inner][vc_column_inner width=\u00a0\u00bb3\/4&Prime;]<div class=\"dt-fancy-separator title-left h3-size style-disabled title-color\" style=\"width: 100%;\"><div class=\"dt-fancy-title\"><span class=\"separator-holder separator-left\"><\/span>Centre Chiropratique Martine St-Germain<span class=\"separator-holder separator-right\"><\/span><\/div><\/div><div class=\"uavc-list-icon uavc-list-icon-wrapper ult-adjust-bottom-margin   \"><ul class=\"uavc-list\"><li><div class=\"uavc-list-content\" id=\"list-icon-wrap-2818\">\n<div class=\"uavc-list-icon  \" data-animation=\"\" data-animation-delay=\"03\" style=\"margin-right:5px;\"><div class=\"ult-just-icon-wrapper  \"><div class=\"align-icon\" style=\"text-align:center;\">\n<div class=\"aio-icon none \"  style=\"color:#333333;font-size:25px;display:inline-block;\">\n\t<i class=\"icomoon-the7-font-the7-phone-04\"><\/i>\n<\/div><\/div><\/div>\n<\/div><span  data-ultimate-target='#list-icon-wrap-2818 .uavc-list-desc'  data-responsive-json-new='{\"font-size\":\"\",\"line-height\":\"\"}'  class=\"uavc-list-desc ult-responsive\" style=\"\"><a href=\"tel:+1 819-425-8877\">+1 819-425-8877<\/a><\/span><\/div><\/li><li><div class=\"uavc-list-content\" id=\"list-icon-wrap-9542\">\n<div class=\"uavc-list-icon  \" data-animation=\"\" data-animation-delay=\"03\" style=\"margin-right:5px;\"><div class=\"ult-just-icon-wrapper  \"><div class=\"align-icon\" style=\"text-align:center;\">\n<div class=\"aio-icon none \"  style=\"color:#333333;font-size:25px;display:inline-block;\">\n\t<i class=\"icomoon-icomoonfree-16x16-location2\"><\/i>\n<\/div><\/div><\/div>\n<\/div><span  data-ultimate-target='#list-icon-wrap-9542 .uavc-list-desc'  data-responsive-json-new='{\"font-size\":\"\",\"line-height\":\"\"}'  class=\"uavc-list-desc ult-responsive\" style=\"\"><span style=\"font-weight: 400;\">975 Lauzon Street,\u00a0<\/span><span style=\"font-weight: 400;\">Mont-Tremblant<\/span><\/span><\/div><\/li><\/ul><\/div>[\/vc_column_inner][\/vc_row_inner][\/vc_column][\/vc_row]<\/p>\n","protected":false},"excerpt":{"rendered":"<p>[vc_row][vc_column][vc_column_text]La chiropratique est une discipline de la sant\u00e9 qui utilise des moyens naturels pour le recouvrement et le maintien de la sant\u00e9. Le chiropraticien traite principalement les conditions neuro-musculo-squelettiques, c&rsquo;est-\u00e0-dire qui affectent les nerfs, les muscles ainsi que les articulations.\u00a0 Le chiropraticien cherche \u00e0 r\u00e9duire les sympt\u00f4mes li\u00e9s \u00e0 ces conditions d&rsquo;une part, mais il&hellip;<\/p>\n","protected":false},"author":3,"featured_media":0,"parent":25483,"menu_order":0,"comment_status":"closed","ping_status":"closed","template":"","meta":{"footnotes":""},"class_list":["post-25531","page","type-page","status-publish","hentry","description-off"],"yoast_head":"<!-- This site is optimized with the Yoast SEO Premium plugin v26.5 (Yoast SEO v26.5) - https:\/\/yoast.com\/wordpress\/plugins\/seo\/ -->\n<title>Chiropracticiens \u00e0 Mont Tremblant - Official Mont Tremblant<\/title>\n<meta name=\"description\" content=\"Official Mont Tremblant vous donne une liste de chiropraticiens. Traiter principalement les affections neuro-musculo-squelettiques.\" \/>\n<meta name=\"robots\" content=\"index, follow, max-snippet:-1, max-image-preview:large, max-video-preview:-1\" \/>\n<link rel=\"canonical\" href=\"https:\/\/officialmonttremblant.com\/fr\/beaute-et-bien-etre\/sante\/chiropracticiens\/\" \/>\n<meta property=\"og:locale\" content=\"fr_FR\" \/>\n<meta property=\"og:type\" content=\"article\" \/>\n<meta property=\"og:title\" content=\"Chiropracticiens \u00e0 Mont Tremblant\" \/>\n<meta property=\"og:description\" content=\"Official Mont Tremblant vous donne une liste de chiropraticiens. Traiter principalement les affections neuro-musculo-squelettiques.\" \/>\n<meta property=\"og:url\" content=\"https:\/\/officialmonttremblant.com\/fr\/beaute-et-bien-etre\/sante\/chiropracticiens\/\" \/>\n<meta property=\"og:site_name\" content=\"Official Mont Tremblant\" \/>\n<meta property=\"article:modified_time\" content=\"2025-07-29T17:31:05+00:00\" \/>\n<meta name=\"twitter:card\" content=\"summary_large_image\" \/>\n<meta name=\"twitter:label1\" content=\"Dur\u00e9e de lecture estim\u00e9e\" \/>\n\t<meta name=\"twitter:data1\" content=\"3 minutes\" \/>\n<script type=\"application\/ld+json\" class=\"yoast-schema-graph\">{\"@context\":\"https:\/\/schema.org\",\"@graph\":[{\"@type\":\"WebPage\",\"@id\":\"https:\/\/officialmonttremblant.com\/fr\/beaute-et-bien-etre\/sante\/chiropracticiens\/\",\"url\":\"https:\/\/officialmonttremblant.com\/fr\/beaute-et-bien-etre\/sante\/chiropracticiens\/\",\"name\":\"Chiropracticiens \u00e0 Mont Tremblant - Official Mont Tremblant\",\"isPartOf\":{\"@id\":\"https:\/\/officialmonttremblant.com\/fr\/#website\"},\"datePublished\":\"2022-10-05T14:30:45+00:00\",\"dateModified\":\"2025-07-29T17:31:05+00:00\",\"description\":\"Official Mont Tremblant vous donne une liste de chiropraticiens. Traiter principalement les affections neuro-musculo-squelettiques.\",\"breadcrumb\":{\"@id\":\"https:\/\/officialmonttremblant.com\/fr\/beaute-et-bien-etre\/sante\/chiropracticiens\/#breadcrumb\"},\"inLanguage\":\"fr-FR\",\"potentialAction\":[{\"@type\":\"ReadAction\",\"target\":[\"https:\/\/officialmonttremblant.com\/fr\/beaute-et-bien-etre\/sante\/chiropracticiens\/\"]}]},{\"@type\":\"BreadcrumbList\",\"@id\":\"https:\/\/officialmonttremblant.com\/fr\/beaute-et-bien-etre\/sante\/chiropracticiens\/#breadcrumb\",\"itemListElement\":[{\"@type\":\"ListItem\",\"position\":1,\"name\":\"Home\",\"item\":\"https:\/\/officialmonttremblant.com\/fr\/\"},{\"@type\":\"ListItem\",\"position\":2,\"name\":\"Beaut\u00e9 et bien \u00eatre\",\"item\":\"https:\/\/officialmonttremblant.com\/fr\/beaute-et-bien-etre\/\"},{\"@type\":\"ListItem\",\"position\":3,\"name\":\"Sant\u00e9 \u00e0 Mont Tremblant\",\"item\":\"https:\/\/officialmonttremblant.com\/fr\/beaute-et-bien-etre\/sante\/\"},{\"@type\":\"ListItem\",\"position\":4,\"name\":\"Chiropracticiens \u00e0 Mont Tremblant\"}]},{\"@type\":\"WebSite\",\"@id\":\"https:\/\/officialmonttremblant.com\/fr\/#website\",\"url\":\"https:\/\/officialmonttremblant.com\/fr\/\",\"name\":\"Official Mont Tremblant\",\"description\":\"Vacation &amp; tourist guide in Mont Tremblant\",\"potentialAction\":[{\"@type\":\"SearchAction\",\"target\":{\"@type\":\"EntryPoint\",\"urlTemplate\":\"https:\/\/officialmonttremblant.com\/fr\/?s={search_term_string}\"},\"query-input\":{\"@type\":\"PropertyValueSpecification\",\"valueRequired\":true,\"valueName\":\"search_term_string\"}}],\"inLanguage\":\"fr-FR\"}]}<\/script>\n<!-- \/ Yoast SEO Premium plugin. -->","yoast_head_json":{"title":"Chiropracticiens \u00e0 Mont Tremblant - Official Mont Tremblant","description":"Official Mont Tremblant vous donne une liste de chiropraticiens. Traiter principalement les affections neuro-musculo-squelettiques.","robots":{"index":"index","follow":"follow","max-snippet":"max-snippet:-1","max-image-preview":"max-image-preview:large","max-video-preview":"max-video-preview:-1"},"canonical":"https:\/\/officialmonttremblant.com\/fr\/beaute-et-bien-etre\/sante\/chiropracticiens\/","og_locale":"fr_FR","og_type":"article","og_title":"Chiropracticiens \u00e0 Mont Tremblant","og_description":"Official Mont Tremblant vous donne une liste de chiropraticiens. Traiter principalement les affections neuro-musculo-squelettiques.","og_url":"https:\/\/officialmonttremblant.com\/fr\/beaute-et-bien-etre\/sante\/chiropracticiens\/","og_site_name":"Official Mont Tremblant","article_modified_time":"2025-07-29T17:31:05+00:00","twitter_card":"summary_large_image","twitter_misc":{"Dur\u00e9e de lecture estim\u00e9e":"3 minutes"},"schema":{"@context":"https:\/\/schema.org","@graph":[{"@type":"WebPage","@id":"https:\/\/officialmonttremblant.com\/fr\/beaute-et-bien-etre\/sante\/chiropracticiens\/","url":"https:\/\/officialmonttremblant.com\/fr\/beaute-et-bien-etre\/sante\/chiropracticiens\/","name":"Chiropracticiens \u00e0 Mont Tremblant - Official Mont Tremblant","isPartOf":{"@id":"https:\/\/officialmonttremblant.com\/fr\/#website"},"datePublished":"2022-10-05T14:30:45+00:00","dateModified":"2025-07-29T17:31:05+00:00","description":"Official Mont Tremblant vous donne une liste de chiropraticiens. Traiter principalement les affections neuro-musculo-squelettiques.","breadcrumb":{"@id":"https:\/\/officialmonttremblant.com\/fr\/beaute-et-bien-etre\/sante\/chiropracticiens\/#breadcrumb"},"inLanguage":"fr-FR","potentialAction":[{"@type":"ReadAction","target":["https:\/\/officialmonttremblant.com\/fr\/beaute-et-bien-etre\/sante\/chiropracticiens\/"]}]},{"@type":"BreadcrumbList","@id":"https:\/\/officialmonttremblant.com\/fr\/beaute-et-bien-etre\/sante\/chiropracticiens\/#breadcrumb","itemListElement":[{"@type":"ListItem","position":1,"name":"Home","item":"https:\/\/officialmonttremblant.com\/fr\/"},{"@type":"ListItem","position":2,"name":"Beaut\u00e9 et bien \u00eatre","item":"https:\/\/officialmonttremblant.com\/fr\/beaute-et-bien-etre\/"},{"@type":"ListItem","position":3,"name":"Sant\u00e9 \u00e0 Mont Tremblant","item":"https:\/\/officialmonttremblant.com\/fr\/beaute-et-bien-etre\/sante\/"},{"@type":"ListItem","position":4,"name":"Chiropracticiens \u00e0 Mont Tremblant"}]},{"@type":"WebSite","@id":"https:\/\/officialmonttremblant.com\/fr\/#website","url":"https:\/\/officialmonttremblant.com\/fr\/","name":"Official Mont Tremblant","description":"Vacation &amp; tourist guide in Mont Tremblant","potentialAction":[{"@type":"SearchAction","target":{"@type":"EntryPoint","urlTemplate":"https:\/\/officialmonttremblant.com\/fr\/?s={search_term_string}"},"query-input":{"@type":"PropertyValueSpecification","valueRequired":true,"valueName":"search_term_string"}}],"inLanguage":"fr-FR"}]}},"jetpack_sharing_enabled":true,"_links":{"self":[{"href":"https:\/\/officialmonttremblant.com\/fr\/wp-json\/wp\/v2\/pages\/25531","targetHints":{"allow":["GET"]}}],"collection":[{"href":"https:\/\/officialmonttremblant.com\/fr\/wp-json\/wp\/v2\/pages"}],"about":[{"href":"https:\/\/officialmonttremblant.com\/fr\/wp-json\/wp\/v2\/types\/page"}],"author":[{"embeddable":true,"href":"https:\/\/officialmonttremblant.com\/fr\/wp-json\/wp\/v2\/users\/3"}],"replies":[{"embeddable":true,"href":"https:\/\/officialmonttremblant.com\/fr\/wp-json\/wp\/v2\/comments?post=25531"}],"version-history":[{"count":5,"href":"https:\/\/officialmonttremblant.com\/fr\/wp-json\/wp\/v2\/pages\/25531\/revisions"}],"predecessor-version":[{"id":25942,"href":"https:\/\/officialmonttremblant.com\/fr\/wp-json\/wp\/v2\/pages\/25531\/revisions\/25942"}],"up":[{"embeddable":true,"href":"https:\/\/officialmonttremblant.com\/fr\/wp-json\/wp\/v2\/pages\/25483"}],"wp:attachment":[{"href":"https:\/\/officialmonttremblant.com\/fr\/wp-json\/wp\/v2\/media?parent=25531"}],"curies":[{"name":"wp","href":"https:\/\/api.w.org\/{rel}","templated":true}]}}