{"id":25540,"date":"2022-09-30T13:15:42","date_gmt":"2022-09-30T17:15:42","guid":{"rendered":"https:\/\/officialmonttremblant.com\/activites\/activites-d-ete\/peche\/season-to-fish-in-mont-tremblant\/"},"modified":"2025-07-29T11:42:56","modified_gmt":"2025-07-29T15:42:56","slug":"saison-pour-pecher-a-mont-tremblant","status":"publish","type":"page","link":"https:\/\/officialmonttremblant.com\/fr\/activites\/activites-d-ete\/peche\/saison-pour-pecher-a-mont-tremblant\/","title":{"rendered":"Saison pour p\u00eacher \u00e0 Mont-Tremblant"},"content":{"rendered":"<p>[vc_row][vc_column]<div id=\"ultimate-heading-759469e91fe2291cc\" class=\"uvc-heading ult-adjust-bottom-margin ultimate-heading-759469e91fe2291cc uvc-7122  uvc-heading-default-font-sizes\" data-hspacer=\"no_spacer\"  data-halign=\"left\" style=\"text-align:left\"><div class=\"uvc-heading-spacer no_spacer\" style=\"top\"><\/div><div class=\"uvc-main-heading ult-responsive\"  data-ultimate-target='.uvc-heading.ultimate-heading-759469e91fe2291cc h2'  data-responsive-json-new='{\"font-size\":\"\",\"line-height\":\"\"}' ><h2 style=\"--font-weight:theme;\">Saison pour p\u00eacher \u00e0 Mont-Tremblant<\/h2><\/div><div class=\"uvc-sub-heading ult-responsive\"  data-ultimate-target='.uvc-heading.ultimate-heading-759469e91fe2291cc .uvc-sub-heading '  data-responsive-json-new='{\"font-size\":\"\",\"line-height\":\"\"}'  style=\"font-weight:normal;\"><\/p>\n<p style=\"text-align: left;\">Official Mont-Tremblant vous apporte plus d&rsquo;informations sur la p\u00eache \u00e0 Mont-Tremblant dont la saison de p\u00eache \u00e0 Mont-Tremblant.<\/p>\n<p><span style=\"font-weight: 400;\">Les Canadiens voulaient une loi rigoureuse qui prot\u00e8ge le poisson et son habitat pour les g\u00e9n\u00e9rations \u00e0 venir. Un ensemble de r\u00e8gles a donc \u00e9t\u00e9 mis en place pour r\u00e9guler non seulement la quantit\u00e9 de poissons qu\u2019il est possible de p\u00eacher mais \u00e9galement la p\u00e9riode pendant\u00a0 laquelle il est possible de p\u00eacher (fonction de l\u2019esp\u00e8ce) .<\/span><\/p>\n<p><span style=\"font-weight: 400;\">La saison de p\u00eache est la saison pendant laquelle il est l\u00e9gal de p\u00eacher.\u00a0<\/span><span style=\"font-weight: 400;\">Avant de partir p\u00eacher, prenez le temps de lire la r\u00e8glementation de p\u00eache du Qu\u00e9bec\u00a0 <\/span><a href=\"http:\/\/www.mrnf.gouv.qc.ca\/%20publications\/enligne\/faune\/reglementation-peche\/index.asp\"><span style=\"font-weight: 400;\">Qu\u00e9bec\u2019s fishing regulations<\/span><\/a><span style=\"font-weight: 400;\">.\u00a0<\/span><span style=\"font-weight: 400;\">La saison de truite d\u00e9bute fin avril jusqu&rsquo;\u00e0 la mi-septembre.\u00a0 Pour achigans, brochets et masquinong\u00e9s de la mi-juin \u00e0 la fin novembre. La saison pour autres esp\u00e8ces sportives peut \u00eatre ouverte toute l&rsquo;ann\u00e9e.\u00a0 <\/span><\/p>\n<p><\/div><\/div>[\/vc_column][\/vc_row][vc_row][vc_column][vc_empty_space height=\u00a0\u00bb60px\u00a0\u00bb][\/vc_column][\/vc_row][vc_row][vc_column][vc_single_image image=\u00a0\u00bb24148&Prime; img_size=\u00a0\u00bb600&#215;400&Prime; alignment=\u00a0\u00bbcenter\u00a0\u00bb][\/vc_column][\/vc_row]<\/p>\n","protected":false},"excerpt":{"rendered":"<p>[vc_row][vc_column][\/vc_column][\/vc_row][vc_row][vc_column][vc_empty_space height=\u00a0\u00bb60px\u00a0\u00bb][\/vc_column][\/vc_row][vc_row][vc_column][vc_single_image image=\u00a0\u00bb24148&Prime; img_size=\u00a0\u00bb600&#215;400&Prime; alignment=\u00a0\u00bbcenter\u00a0\u00bb][\/vc_column][\/vc_row]<\/p>\n","protected":false},"author":5,"featured_media":24149,"parent":24749,"menu_order":0,"comment_status":"closed","ping_status":"closed","template":"","meta":{"footnotes":""},"class_list":["post-25540","page","type-page","status-publish","has-post-thumbnail","hentry","description-off"],"yoast_head":"<!-- This site is optimized with the Yoast SEO Premium plugin v26.5 (Yoast SEO v26.5) - https:\/\/yoast.com\/wordpress\/plugins\/seo\/ -->\n<title>Saison pour p\u00eacher \u00e0 Mont-Tremblant, p\u00eache \u00e0 Mont-Tremblant<\/title>\n<meta name=\"description\" content=\"Official Mont-Tremblant vous apporte plus d&#039;informations sur la p\u00eache \u00e0 Mont-Tremblant dont la saison pour p\u00eacher \u00e0 Mont-Tremblant.\" \/>\n<meta name=\"robots\" content=\"index, follow, max-snippet:-1, max-image-preview:large, max-video-preview:-1\" \/>\n<link rel=\"canonical\" href=\"https:\/\/officialmonttremblant.com\/fr\/activites\/activites-d-ete\/peche\/saison-pour-pecher-a-mont-tremblant\/\" \/>\n<meta property=\"og:locale\" content=\"fr_FR\" \/>\n<meta property=\"og:type\" content=\"article\" \/>\n<meta property=\"og:title\" content=\"Saison pour p\u00eacher \u00e0 Mont-Tremblant\" \/>\n<meta property=\"og:description\" content=\"Official Mont-Tremblant vous apporte plus d&#039;informations sur la p\u00eache \u00e0 Mont-Tremblant dont la saison pour p\u00eacher \u00e0 Mont-Tremblant.\" \/>\n<meta property=\"og:url\" content=\"https:\/\/officialmonttremblant.com\/fr\/activites\/activites-d-ete\/peche\/saison-pour-pecher-a-mont-tremblant\/\" \/>\n<meta property=\"og:site_name\" content=\"Official Mont Tremblant\" \/>\n<meta property=\"article:modified_time\" content=\"2025-07-29T15:42:56+00:00\" \/>\n<meta property=\"og:image\" content=\"https:\/\/officialmonttremblant.com\/wp-content\/uploads\/2022\/09\/season-to-fish-in-mont-tremblant.jpeg\" \/>\n\t<meta property=\"og:image:width\" content=\"1280\" \/>\n\t<meta property=\"og:image:height\" content=\"853\" \/>\n\t<meta property=\"og:image:type\" content=\"image\/jpeg\" \/>\n<meta name=\"twitter:card\" content=\"summary_large_image\" \/>\n<meta name=\"twitter:label1\" content=\"Dur\u00e9e de lecture estim\u00e9e\" \/>\n\t<meta name=\"twitter:data1\" content=\"1 minute\" \/>\n<script type=\"application\/ld+json\" class=\"yoast-schema-graph\">{\"@context\":\"https:\/\/schema.org\",\"@graph\":[{\"@type\":\"WebPage\",\"@id\":\"https:\/\/officialmonttremblant.com\/fr\/activites\/activites-d-ete\/peche\/saison-pour-pecher-a-mont-tremblant\/\",\"url\":\"https:\/\/officialmonttremblant.com\/fr\/activites\/activites-d-ete\/peche\/saison-pour-pecher-a-mont-tremblant\/\",\"name\":\"Saison pour p\u00eacher \u00e0 Mont-Tremblant, p\u00eache \u00e0 Mont-Tremblant\",\"isPartOf\":{\"@id\":\"https:\/\/officialmonttremblant.com\/fr\/#website\"},\"primaryImageOfPage\":{\"@id\":\"https:\/\/officialmonttremblant.com\/fr\/activites\/activites-d-ete\/peche\/saison-pour-pecher-a-mont-tremblant\/#primaryimage\"},\"image\":{\"@id\":\"https:\/\/officialmonttremblant.com\/fr\/activites\/activites-d-ete\/peche\/saison-pour-pecher-a-mont-tremblant\/#primaryimage\"},\"thumbnailUrl\":\"https:\/\/officialmonttremblant.com\/wp-content\/uploads\/2022\/09\/season-to-fish-in-mont-tremblant.jpeg\",\"datePublished\":\"2022-09-30T17:15:42+00:00\",\"dateModified\":\"2025-07-29T15:42:56+00:00\",\"description\":\"Official Mont-Tremblant vous apporte plus d'informations sur la p\u00eache \u00e0 Mont-Tremblant dont la saison pour p\u00eacher \u00e0 Mont-Tremblant.\",\"breadcrumb\":{\"@id\":\"https:\/\/officialmonttremblant.com\/fr\/activites\/activites-d-ete\/peche\/saison-pour-pecher-a-mont-tremblant\/#breadcrumb\"},\"inLanguage\":\"fr-FR\",\"potentialAction\":[{\"@type\":\"ReadAction\",\"target\":[\"https:\/\/officialmonttremblant.com\/fr\/activites\/activites-d-ete\/peche\/saison-pour-pecher-a-mont-tremblant\/\"]}]},{\"@type\":\"ImageObject\",\"inLanguage\":\"fr-FR\",\"@id\":\"https:\/\/officialmonttremblant.com\/fr\/activites\/activites-d-ete\/peche\/saison-pour-pecher-a-mont-tremblant\/#primaryimage\",\"url\":\"https:\/\/officialmonttremblant.com\/wp-content\/uploads\/2022\/09\/season-to-fish-in-mont-tremblant.jpeg\",\"contentUrl\":\"https:\/\/officialmonttremblant.com\/wp-content\/uploads\/2022\/09\/season-to-fish-in-mont-tremblant.jpeg\",\"width\":1280,\"height\":853,\"caption\":\"Season to fish in Mont-Tremblant\"},{\"@type\":\"BreadcrumbList\",\"@id\":\"https:\/\/officialmonttremblant.com\/fr\/activites\/activites-d-ete\/peche\/saison-pour-pecher-a-mont-tremblant\/#breadcrumb\",\"itemListElement\":[{\"@type\":\"ListItem\",\"position\":1,\"name\":\"Home\",\"item\":\"https:\/\/officialmonttremblant.com\/fr\/\"},{\"@type\":\"ListItem\",\"position\":2,\"name\":\"Activit\u00e9s\",\"item\":\"https:\/\/officialmonttremblant.com\/fr\/activites\/\"},{\"@type\":\"ListItem\",\"position\":3,\"name\":\"Activit\u00e9s d&#8217;\u00e9t\u00e9\",\"item\":\"https:\/\/officialmonttremblant.com\/fr\/activites\/activites-d-ete\/\"},{\"@type\":\"ListItem\",\"position\":4,\"name\":\"P\u00eache\",\"item\":\"https:\/\/officialmonttremblant.com\/fr\/activites\/activites-d-ete\/peche\/\"},{\"@type\":\"ListItem\",\"position\":5,\"name\":\"Saison pour p\u00eacher \u00e0 Mont-Tremblant\"}]},{\"@type\":\"WebSite\",\"@id\":\"https:\/\/officialmonttremblant.com\/fr\/#website\",\"url\":\"https:\/\/officialmonttremblant.com\/fr\/\",\"name\":\"Official Mont Tremblant\",\"description\":\"Vacation &amp; tourist guide in Mont Tremblant\",\"potentialAction\":[{\"@type\":\"SearchAction\",\"target\":{\"@type\":\"EntryPoint\",\"urlTemplate\":\"https:\/\/officialmonttremblant.com\/fr\/?s={search_term_string}\"},\"query-input\":{\"@type\":\"PropertyValueSpecification\",\"valueRequired\":true,\"valueName\":\"search_term_string\"}}],\"inLanguage\":\"fr-FR\"}]}<\/script>\n<!-- \/ Yoast SEO Premium plugin. -->","yoast_head_json":{"title":"Saison pour p\u00eacher \u00e0 Mont-Tremblant, p\u00eache \u00e0 Mont-Tremblant","description":"Official Mont-Tremblant vous apporte plus d'informations sur la p\u00eache \u00e0 Mont-Tremblant dont la saison pour p\u00eacher \u00e0 Mont-Tremblant.","robots":{"index":"index","follow":"follow","max-snippet":"max-snippet:-1","max-image-preview":"max-image-preview:large","max-video-preview":"max-video-preview:-1"},"canonical":"https:\/\/officialmonttremblant.com\/fr\/activites\/activites-d-ete\/peche\/saison-pour-pecher-a-mont-tremblant\/","og_locale":"fr_FR","og_type":"article","og_title":"Saison pour p\u00eacher \u00e0 Mont-Tremblant","og_description":"Official Mont-Tremblant vous apporte plus d'informations sur la p\u00eache \u00e0 Mont-Tremblant dont la saison pour p\u00eacher \u00e0 Mont-Tremblant.","og_url":"https:\/\/officialmonttremblant.com\/fr\/activites\/activites-d-ete\/peche\/saison-pour-pecher-a-mont-tremblant\/","og_site_name":"Official Mont Tremblant","article_modified_time":"2025-07-29T15:42:56+00:00","og_image":[{"width":1280,"height":853,"url":"https:\/\/officialmonttremblant.com\/wp-content\/uploads\/2022\/09\/season-to-fish-in-mont-tremblant.jpeg","type":"image\/jpeg"}],"twitter_card":"summary_large_image","twitter_misc":{"Dur\u00e9e de lecture estim\u00e9e":"1 minute"},"schema":{"@context":"https:\/\/schema.org","@graph":[{"@type":"WebPage","@id":"https:\/\/officialmonttremblant.com\/fr\/activites\/activites-d-ete\/peche\/saison-pour-pecher-a-mont-tremblant\/","url":"https:\/\/officialmonttremblant.com\/fr\/activites\/activites-d-ete\/peche\/saison-pour-pecher-a-mont-tremblant\/","name":"Saison pour p\u00eacher \u00e0 Mont-Tremblant, p\u00eache \u00e0 Mont-Tremblant","isPartOf":{"@id":"https:\/\/officialmonttremblant.com\/fr\/#website"},"primaryImageOfPage":{"@id":"https:\/\/officialmonttremblant.com\/fr\/activites\/activites-d-ete\/peche\/saison-pour-pecher-a-mont-tremblant\/#primaryimage"},"image":{"@id":"https:\/\/officialmonttremblant.com\/fr\/activites\/activites-d-ete\/peche\/saison-pour-pecher-a-mont-tremblant\/#primaryimage"},"thumbnailUrl":"https:\/\/officialmonttremblant.com\/wp-content\/uploads\/2022\/09\/season-to-fish-in-mont-tremblant.jpeg","datePublished":"2022-09-30T17:15:42+00:00","dateModified":"2025-07-29T15:42:56+00:00","description":"Official Mont-Tremblant vous apporte plus d'informations sur la p\u00eache \u00e0 Mont-Tremblant dont la saison pour p\u00eacher \u00e0 Mont-Tremblant.","breadcrumb":{"@id":"https:\/\/officialmonttremblant.com\/fr\/activites\/activites-d-ete\/peche\/saison-pour-pecher-a-mont-tremblant\/#breadcrumb"},"inLanguage":"fr-FR","potentialAction":[{"@type":"ReadAction","target":["https:\/\/officialmonttremblant.com\/fr\/activites\/activites-d-ete\/peche\/saison-pour-pecher-a-mont-tremblant\/"]}]},{"@type":"ImageObject","inLanguage":"fr-FR","@id":"https:\/\/officialmonttremblant.com\/fr\/activites\/activites-d-ete\/peche\/saison-pour-pecher-a-mont-tremblant\/#primaryimage","url":"https:\/\/officialmonttremblant.com\/wp-content\/uploads\/2022\/09\/season-to-fish-in-mont-tremblant.jpeg","contentUrl":"https:\/\/officialmonttremblant.com\/wp-content\/uploads\/2022\/09\/season-to-fish-in-mont-tremblant.jpeg","width":1280,"height":853,"caption":"Season to fish in Mont-Tremblant"},{"@type":"BreadcrumbList","@id":"https:\/\/officialmonttremblant.com\/fr\/activites\/activites-d-ete\/peche\/saison-pour-pecher-a-mont-tremblant\/#breadcrumb","itemListElement":[{"@type":"ListItem","position":1,"name":"Home","item":"https:\/\/officialmonttremblant.com\/fr\/"},{"@type":"ListItem","position":2,"name":"Activit\u00e9s","item":"https:\/\/officialmonttremblant.com\/fr\/activites\/"},{"@type":"ListItem","position":3,"name":"Activit\u00e9s d&#8217;\u00e9t\u00e9","item":"https:\/\/officialmonttremblant.com\/fr\/activites\/activites-d-ete\/"},{"@type":"ListItem","position":4,"name":"P\u00eache","item":"https:\/\/officialmonttremblant.com\/fr\/activites\/activites-d-ete\/peche\/"},{"@type":"ListItem","position":5,"name":"Saison pour p\u00eacher \u00e0 Mont-Tremblant"}]},{"@type":"WebSite","@id":"https:\/\/officialmonttremblant.com\/fr\/#website","url":"https:\/\/officialmonttremblant.com\/fr\/","name":"Official Mont Tremblant","description":"Vacation &amp; tourist guide in Mont Tremblant","potentialAction":[{"@type":"SearchAction","target":{"@type":"EntryPoint","urlTemplate":"https:\/\/officialmonttremblant.com\/fr\/?s={search_term_string}"},"query-input":{"@type":"PropertyValueSpecification","valueRequired":true,"valueName":"search_term_string"}}],"inLanguage":"fr-FR"}]}},"jetpack_sharing_enabled":true,"_links":{"self":[{"href":"https:\/\/officialmonttremblant.com\/fr\/wp-json\/wp\/v2\/pages\/25540","targetHints":{"allow":["GET"]}}],"collection":[{"href":"https:\/\/officialmonttremblant.com\/fr\/wp-json\/wp\/v2\/pages"}],"about":[{"href":"https:\/\/officialmonttremblant.com\/fr\/wp-json\/wp\/v2\/types\/page"}],"author":[{"embeddable":true,"href":"https:\/\/officialmonttremblant.com\/fr\/wp-json\/wp\/v2\/users\/5"}],"replies":[{"embeddable":true,"href":"https:\/\/officialmonttremblant.com\/fr\/wp-json\/wp\/v2\/comments?post=25540"}],"version-history":[{"count":3,"href":"https:\/\/officialmonttremblant.com\/fr\/wp-json\/wp\/v2\/pages\/25540\/revisions"}],"predecessor-version":[{"id":26225,"href":"https:\/\/officialmonttremblant.com\/fr\/wp-json\/wp\/v2\/pages\/25540\/revisions\/26225"}],"up":[{"embeddable":true,"href":"https:\/\/officialmonttremblant.com\/fr\/wp-json\/wp\/v2\/pages\/24749"}],"wp:featuredmedia":[{"embeddable":true,"href":"https:\/\/officialmonttremblant.com\/fr\/wp-json\/wp\/v2\/media\/24149"}],"wp:attachment":[{"href":"https:\/\/officialmonttremblant.com\/fr\/wp-json\/wp\/v2\/media?parent=25540"}],"curies":[{"name":"wp","href":"https:\/\/api.w.org\/{rel}","templated":true}]}}