{"id":25541,"date":"2022-09-28T17:23:19","date_gmt":"2022-09-28T21:23:19","guid":{"rendered":"https:\/\/officialmonttremblant.com\/activites\/activites-d-ete\/peche\/buy-worm-and-lures-in-tremblant\/"},"modified":"2025-07-29T11:40:55","modified_gmt":"2025-07-29T15:40:55","slug":"acheter-des-appats-a-tremblant","status":"publish","type":"page","link":"https:\/\/officialmonttremblant.com\/fr\/activites\/activites-d-ete\/peche\/acheter-des-appats-a-tremblant\/","title":{"rendered":"Acheter des app\u00e2ts \u00e0 Tremblant"},"content":{"rendered":"<p>[vc_row][vc_column]<div id=\"ultimate-heading-784669e6f4893618a\" class=\"uvc-heading ult-adjust-bottom-margin ultimate-heading-784669e6f4893618a uvc-213  uvc-heading-default-font-sizes\" data-hspacer=\"no_spacer\"  data-halign=\"left\" style=\"text-align:left\"><div class=\"uvc-heading-spacer no_spacer\" style=\"top\"><\/div><div class=\"uvc-main-heading ult-responsive\"  data-ultimate-target='.uvc-heading.ultimate-heading-784669e6f4893618a h2'  data-responsive-json-new='{\"font-size\":\"\",\"line-height\":\"\"}' ><h2 style=\"--font-weight:theme;\">Acheter des vers et leurres \u00e0 Tremblant<\/h2><\/div><div class=\"uvc-sub-heading ult-responsive\"  data-ultimate-target='.uvc-heading.ultimate-heading-784669e6f4893618a .uvc-sub-heading '  data-responsive-json-new='{\"font-size\":\"\",\"line-height\":\"\"}'  style=\"font-weight:normal;\"><\/p>\n<p style=\"text-align: left;\">Official Mont-Tremblant vous apporte plus d&rsquo;informations sur la p\u00eache \u00e0 Tremblant dont les endroits o\u00f9 acheter des vers et leurres \u00e0 Tremblant.<\/p>\n<p style=\"text-align: left;\"><span style=\"font-weight: 400;\">Si vous allez p\u00eacher \u00e0 Mont Tremblant, vous devrez peut-\u00eatre acheter des vers ou des leurres, selon le poisson que vous souhaitez attraper. De nombreux poissons sont particuli\u00e8rement friands\u00a0 des vers en raison de la saveur terreuse et de la grande disponibilit\u00e9 dans leurs habitats. La truite, l&rsquo;achigan, la perche, la marigane, le crapet arlequin et le dor\u00e9 jaune sont parmi les mangeurs de vers les plus courants dans les lacs et les rivi\u00e8res de Mont Tremblant et des environs.<\/span><\/p>\n<p style=\"text-align: left;\"><span style=\"font-weight: 400;\">Les leurres provoquent souvent de plus grosses prises et moins de poissons ind\u00e9sirables sur votre ligne. Les leurres aident \u00e0 augmenter le taux de survie des poissons lors de la p\u00eache avec remise \u00e0 l&rsquo;eau en r\u00e9duisant les hame\u00e7ons profond\u00e9ment enfonc\u00e9s &#8211; un fait qui entra\u00eene des taux de mortalit\u00e9 plus \u00e9lev\u00e9s chez les poissons.\u00a0<\/span><span style=\"font-weight: 400;\">Que vous ayez besoin de vers ou de leurres, pas de soucis, Officiel Mont Tremblant a la meilleure recommandation.\u00a0<\/span><\/p>\n<p style=\"text-align: left;\"><strong>CANADIAN TIRE<\/strong><\/p>\n<p style=\"text-align: left;\"><a href=\"http:\/\/maps.google.com\/?q=370%20Route%20117%20,J8E%202X3\"><span style=\"font-weight: 400;\">370 Route 117, Mont-Tremblant,<\/span><\/a><\/p>\n<p style=\"text-align: left;\"><span style=\"font-weight: 400;\">819-425-1110<\/span><\/p>\n<p style=\"text-align: left;\"><a href=\"https:\/\/www.canadiantire.ca\/en\/store-details\/qc\/mont-tremblant-qc-461.html\"><span style=\"font-weight: 400;\">https:\/\/www.canadiantire.ca\/fr\/details-magasin\/qc\/mont-tremblant-qc-461.html<\/span><\/a><\/p>\n<p><\/div><\/div>[\/vc_column][\/vc_row][vc_row][vc_column][vc_empty_space height=\u00a0\u00bb60px\u00a0\u00bb][\/vc_column][\/vc_row][vc_row][vc_column][vc_single_image image=\u00a0\u00bb23862&Prime; img_size=\u00a0\u00bb600&#215;400&Prime; alignment=\u00a0\u00bbcenter\u00a0\u00bb][\/vc_column][\/vc_row]<\/p>\n","protected":false},"excerpt":{"rendered":"<p>[vc_row][vc_column][\/vc_column][\/vc_row][vc_row][vc_column][vc_empty_space height=\u00a0\u00bb60px\u00a0\u00bb][\/vc_column][\/vc_row][vc_row][vc_column][vc_single_image image=\u00a0\u00bb23862&Prime; img_size=\u00a0\u00bb600&#215;400&Prime; alignment=\u00a0\u00bbcenter\u00a0\u00bb][\/vc_column][\/vc_row]<\/p>\n","protected":false},"author":5,"featured_media":23863,"parent":24749,"menu_order":0,"comment_status":"closed","ping_status":"closed","template":"","meta":{"footnotes":""},"class_list":["post-25541","page","type-page","status-publish","has-post-thumbnail","hentry","description-off"],"yoast_head":"<!-- This site is optimized with the Yoast SEO Premium plugin v26.5 (Yoast SEO v26.5) - https:\/\/yoast.com\/wordpress\/plugins\/seo\/ -->\n<title>Acheter des vers et leurres \u00e0 Tremblant, p\u00eache \u00e0 Tremblant<\/title>\n<meta name=\"description\" content=\"Official Mont-Tremblant vous apporte plus d&#039;informations sur la p\u00eache \u00e0 Tremblant dont o\u00f9 acheter des vers et leurres \u00e0 Tremblant.\" \/>\n<meta name=\"robots\" content=\"index, follow, max-snippet:-1, max-image-preview:large, max-video-preview:-1\" \/>\n<link rel=\"canonical\" href=\"https:\/\/officialmonttremblant.com\/fr\/activites\/activites-d-ete\/peche\/acheter-des-appats-a-tremblant\/\" \/>\n<meta property=\"og:locale\" content=\"fr_FR\" \/>\n<meta property=\"og:type\" content=\"article\" \/>\n<meta property=\"og:title\" content=\"Acheter des app\u00e2ts \u00e0 Tremblant\" \/>\n<meta property=\"og:description\" content=\"Official Mont-Tremblant vous apporte plus d&#039;informations sur la p\u00eache \u00e0 Tremblant dont o\u00f9 acheter des vers et leurres \u00e0 Tremblant.\" \/>\n<meta property=\"og:url\" content=\"https:\/\/officialmonttremblant.com\/fr\/activites\/activites-d-ete\/peche\/acheter-des-appats-a-tremblant\/\" \/>\n<meta property=\"og:site_name\" content=\"Official Mont Tremblant\" \/>\n<meta property=\"article:modified_time\" content=\"2025-07-29T15:40:55+00:00\" \/>\n<meta property=\"og:image\" content=\"https:\/\/officialmonttremblant.com\/wp-content\/uploads\/2022\/09\/worms-and-lures-in-tremblant.webp\" \/>\n\t<meta property=\"og:image:width\" content=\"400\" \/>\n\t<meta property=\"og:image:height\" content=\"267\" \/>\n\t<meta property=\"og:image:type\" content=\"image\/webp\" \/>\n<meta name=\"twitter:card\" content=\"summary_large_image\" \/>\n<meta name=\"twitter:label1\" content=\"Dur\u00e9e de lecture estim\u00e9e\" \/>\n\t<meta name=\"twitter:data1\" content=\"2 minutes\" \/>\n<script type=\"application\/ld+json\" class=\"yoast-schema-graph\">{\"@context\":\"https:\/\/schema.org\",\"@graph\":[{\"@type\":\"WebPage\",\"@id\":\"https:\/\/officialmonttremblant.com\/fr\/activites\/activites-d-ete\/peche\/acheter-des-appats-a-tremblant\/\",\"url\":\"https:\/\/officialmonttremblant.com\/fr\/activites\/activites-d-ete\/peche\/acheter-des-appats-a-tremblant\/\",\"name\":\"Acheter des vers et leurres \u00e0 Tremblant, p\u00eache \u00e0 Tremblant\",\"isPartOf\":{\"@id\":\"https:\/\/officialmonttremblant.com\/fr\/#website\"},\"primaryImageOfPage\":{\"@id\":\"https:\/\/officialmonttremblant.com\/fr\/activites\/activites-d-ete\/peche\/acheter-des-appats-a-tremblant\/#primaryimage\"},\"image\":{\"@id\":\"https:\/\/officialmonttremblant.com\/fr\/activites\/activites-d-ete\/peche\/acheter-des-appats-a-tremblant\/#primaryimage\"},\"thumbnailUrl\":\"https:\/\/officialmonttremblant.com\/wp-content\/uploads\/2022\/09\/worms-and-lures-in-tremblant.webp\",\"datePublished\":\"2022-09-28T21:23:19+00:00\",\"dateModified\":\"2025-07-29T15:40:55+00:00\",\"description\":\"Official Mont-Tremblant vous apporte plus d'informations sur la p\u00eache \u00e0 Tremblant dont o\u00f9 acheter des vers et leurres \u00e0 Tremblant.\",\"breadcrumb\":{\"@id\":\"https:\/\/officialmonttremblant.com\/fr\/activites\/activites-d-ete\/peche\/acheter-des-appats-a-tremblant\/#breadcrumb\"},\"inLanguage\":\"fr-FR\",\"potentialAction\":[{\"@type\":\"ReadAction\",\"target\":[\"https:\/\/officialmonttremblant.com\/fr\/activites\/activites-d-ete\/peche\/acheter-des-appats-a-tremblant\/\"]}]},{\"@type\":\"ImageObject\",\"inLanguage\":\"fr-FR\",\"@id\":\"https:\/\/officialmonttremblant.com\/fr\/activites\/activites-d-ete\/peche\/acheter-des-appats-a-tremblant\/#primaryimage\",\"url\":\"https:\/\/officialmonttremblant.com\/wp-content\/uploads\/2022\/09\/worms-and-lures-in-tremblant.webp\",\"contentUrl\":\"https:\/\/officialmonttremblant.com\/wp-content\/uploads\/2022\/09\/worms-and-lures-in-tremblant.webp\",\"width\":400,\"height\":267,\"caption\":\"Worms and lures in Tremblant\"},{\"@type\":\"BreadcrumbList\",\"@id\":\"https:\/\/officialmonttremblant.com\/fr\/activites\/activites-d-ete\/peche\/acheter-des-appats-a-tremblant\/#breadcrumb\",\"itemListElement\":[{\"@type\":\"ListItem\",\"position\":1,\"name\":\"Home\",\"item\":\"https:\/\/officialmonttremblant.com\/fr\/\"},{\"@type\":\"ListItem\",\"position\":2,\"name\":\"Activit\u00e9s\",\"item\":\"https:\/\/officialmonttremblant.com\/fr\/activites\/\"},{\"@type\":\"ListItem\",\"position\":3,\"name\":\"Activit\u00e9s d&#8217;\u00e9t\u00e9\",\"item\":\"https:\/\/officialmonttremblant.com\/fr\/activites\/activites-d-ete\/\"},{\"@type\":\"ListItem\",\"position\":4,\"name\":\"P\u00eache\",\"item\":\"https:\/\/officialmonttremblant.com\/fr\/activites\/activites-d-ete\/peche\/\"},{\"@type\":\"ListItem\",\"position\":5,\"name\":\"Acheter des app\u00e2ts \u00e0 Tremblant\"}]},{\"@type\":\"WebSite\",\"@id\":\"https:\/\/officialmonttremblant.com\/fr\/#website\",\"url\":\"https:\/\/officialmonttremblant.com\/fr\/\",\"name\":\"Official Mont Tremblant\",\"description\":\"Vacation &amp; tourist guide in Mont Tremblant\",\"potentialAction\":[{\"@type\":\"SearchAction\",\"target\":{\"@type\":\"EntryPoint\",\"urlTemplate\":\"https:\/\/officialmonttremblant.com\/fr\/?s={search_term_string}\"},\"query-input\":{\"@type\":\"PropertyValueSpecification\",\"valueRequired\":true,\"valueName\":\"search_term_string\"}}],\"inLanguage\":\"fr-FR\"}]}<\/script>\n<!-- \/ Yoast SEO Premium plugin. -->","yoast_head_json":{"title":"Acheter des vers et leurres \u00e0 Tremblant, p\u00eache \u00e0 Tremblant","description":"Official Mont-Tremblant vous apporte plus d'informations sur la p\u00eache \u00e0 Tremblant dont o\u00f9 acheter des vers et leurres \u00e0 Tremblant.","robots":{"index":"index","follow":"follow","max-snippet":"max-snippet:-1","max-image-preview":"max-image-preview:large","max-video-preview":"max-video-preview:-1"},"canonical":"https:\/\/officialmonttremblant.com\/fr\/activites\/activites-d-ete\/peche\/acheter-des-appats-a-tremblant\/","og_locale":"fr_FR","og_type":"article","og_title":"Acheter des app\u00e2ts \u00e0 Tremblant","og_description":"Official Mont-Tremblant vous apporte plus d'informations sur la p\u00eache \u00e0 Tremblant dont o\u00f9 acheter des vers et leurres \u00e0 Tremblant.","og_url":"https:\/\/officialmonttremblant.com\/fr\/activites\/activites-d-ete\/peche\/acheter-des-appats-a-tremblant\/","og_site_name":"Official Mont Tremblant","article_modified_time":"2025-07-29T15:40:55+00:00","og_image":[{"width":400,"height":267,"url":"https:\/\/officialmonttremblant.com\/wp-content\/uploads\/2022\/09\/worms-and-lures-in-tremblant.webp","type":"image\/webp"}],"twitter_card":"summary_large_image","twitter_misc":{"Dur\u00e9e de lecture estim\u00e9e":"2 minutes"},"schema":{"@context":"https:\/\/schema.org","@graph":[{"@type":"WebPage","@id":"https:\/\/officialmonttremblant.com\/fr\/activites\/activites-d-ete\/peche\/acheter-des-appats-a-tremblant\/","url":"https:\/\/officialmonttremblant.com\/fr\/activites\/activites-d-ete\/peche\/acheter-des-appats-a-tremblant\/","name":"Acheter des vers et leurres \u00e0 Tremblant, p\u00eache \u00e0 Tremblant","isPartOf":{"@id":"https:\/\/officialmonttremblant.com\/fr\/#website"},"primaryImageOfPage":{"@id":"https:\/\/officialmonttremblant.com\/fr\/activites\/activites-d-ete\/peche\/acheter-des-appats-a-tremblant\/#primaryimage"},"image":{"@id":"https:\/\/officialmonttremblant.com\/fr\/activites\/activites-d-ete\/peche\/acheter-des-appats-a-tremblant\/#primaryimage"},"thumbnailUrl":"https:\/\/officialmonttremblant.com\/wp-content\/uploads\/2022\/09\/worms-and-lures-in-tremblant.webp","datePublished":"2022-09-28T21:23:19+00:00","dateModified":"2025-07-29T15:40:55+00:00","description":"Official Mont-Tremblant vous apporte plus d'informations sur la p\u00eache \u00e0 Tremblant dont o\u00f9 acheter des vers et leurres \u00e0 Tremblant.","breadcrumb":{"@id":"https:\/\/officialmonttremblant.com\/fr\/activites\/activites-d-ete\/peche\/acheter-des-appats-a-tremblant\/#breadcrumb"},"inLanguage":"fr-FR","potentialAction":[{"@type":"ReadAction","target":["https:\/\/officialmonttremblant.com\/fr\/activites\/activites-d-ete\/peche\/acheter-des-appats-a-tremblant\/"]}]},{"@type":"ImageObject","inLanguage":"fr-FR","@id":"https:\/\/officialmonttremblant.com\/fr\/activites\/activites-d-ete\/peche\/acheter-des-appats-a-tremblant\/#primaryimage","url":"https:\/\/officialmonttremblant.com\/wp-content\/uploads\/2022\/09\/worms-and-lures-in-tremblant.webp","contentUrl":"https:\/\/officialmonttremblant.com\/wp-content\/uploads\/2022\/09\/worms-and-lures-in-tremblant.webp","width":400,"height":267,"caption":"Worms and lures in Tremblant"},{"@type":"BreadcrumbList","@id":"https:\/\/officialmonttremblant.com\/fr\/activites\/activites-d-ete\/peche\/acheter-des-appats-a-tremblant\/#breadcrumb","itemListElement":[{"@type":"ListItem","position":1,"name":"Home","item":"https:\/\/officialmonttremblant.com\/fr\/"},{"@type":"ListItem","position":2,"name":"Activit\u00e9s","item":"https:\/\/officialmonttremblant.com\/fr\/activites\/"},{"@type":"ListItem","position":3,"name":"Activit\u00e9s d&#8217;\u00e9t\u00e9","item":"https:\/\/officialmonttremblant.com\/fr\/activites\/activites-d-ete\/"},{"@type":"ListItem","position":4,"name":"P\u00eache","item":"https:\/\/officialmonttremblant.com\/fr\/activites\/activites-d-ete\/peche\/"},{"@type":"ListItem","position":5,"name":"Acheter des app\u00e2ts \u00e0 Tremblant"}]},{"@type":"WebSite","@id":"https:\/\/officialmonttremblant.com\/fr\/#website","url":"https:\/\/officialmonttremblant.com\/fr\/","name":"Official Mont Tremblant","description":"Vacation &amp; tourist guide in Mont Tremblant","potentialAction":[{"@type":"SearchAction","target":{"@type":"EntryPoint","urlTemplate":"https:\/\/officialmonttremblant.com\/fr\/?s={search_term_string}"},"query-input":{"@type":"PropertyValueSpecification","valueRequired":true,"valueName":"search_term_string"}}],"inLanguage":"fr-FR"}]}},"jetpack_sharing_enabled":true,"_links":{"self":[{"href":"https:\/\/officialmonttremblant.com\/fr\/wp-json\/wp\/v2\/pages\/25541","targetHints":{"allow":["GET"]}}],"collection":[{"href":"https:\/\/officialmonttremblant.com\/fr\/wp-json\/wp\/v2\/pages"}],"about":[{"href":"https:\/\/officialmonttremblant.com\/fr\/wp-json\/wp\/v2\/types\/page"}],"author":[{"embeddable":true,"href":"https:\/\/officialmonttremblant.com\/fr\/wp-json\/wp\/v2\/users\/5"}],"replies":[{"embeddable":true,"href":"https:\/\/officialmonttremblant.com\/fr\/wp-json\/wp\/v2\/comments?post=25541"}],"version-history":[{"count":3,"href":"https:\/\/officialmonttremblant.com\/fr\/wp-json\/wp\/v2\/pages\/25541\/revisions"}],"predecessor-version":[{"id":26222,"href":"https:\/\/officialmonttremblant.com\/fr\/wp-json\/wp\/v2\/pages\/25541\/revisions\/26222"}],"up":[{"embeddable":true,"href":"https:\/\/officialmonttremblant.com\/fr\/wp-json\/wp\/v2\/pages\/24749"}],"wp:featuredmedia":[{"embeddable":true,"href":"https:\/\/officialmonttremblant.com\/fr\/wp-json\/wp\/v2\/media\/23863"}],"wp:attachment":[{"href":"https:\/\/officialmonttremblant.com\/fr\/wp-json\/wp\/v2\/media?parent=25541"}],"curies":[{"name":"wp","href":"https:\/\/api.w.org\/{rel}","templated":true}]}}