{"id":25542,"date":"2022-09-28T17:07:05","date_gmt":"2022-09-28T21:07:05","guid":{"rendered":"https:\/\/officialmonttremblant.com\/activites\/activites-d-ete\/peche\/fishing-equipment-in-tremblant\/"},"modified":"2025-07-29T11:42:40","modified_gmt":"2025-07-29T15:42:40","slug":"equipements-de-peche","status":"publish","type":"page","link":"https:\/\/officialmonttremblant.com\/fr\/activites\/activites-d-ete\/peche\/equipements-de-peche\/","title":{"rendered":"Equipements de p\u00eache"},"content":{"rendered":"<p>[vc_row][vc_column]<div id=\"ultimate-heading-534069db5d2e4e071\" class=\"uvc-heading ult-adjust-bottom-margin ultimate-heading-534069db5d2e4e071 uvc-143  uvc-heading-default-font-sizes\" data-hspacer=\"no_spacer\"  data-halign=\"left\" style=\"text-align:left\"><div class=\"uvc-heading-spacer no_spacer\" style=\"top\"><\/div><div class=\"uvc-main-heading ult-responsive\"  data-ultimate-target='.uvc-heading.ultimate-heading-534069db5d2e4e071 h2'  data-responsive-json-new='{\"font-size\":\"\",\"line-height\":\"\"}' ><h2 style=\"--font-weight:theme;\">Equipements de p\u00eache \u00e0 Mont-Tremblant<\/h2><\/div><div class=\"uvc-sub-heading ult-responsive\"  data-ultimate-target='.uvc-heading.ultimate-heading-534069db5d2e4e071 .uvc-sub-heading '  data-responsive-json-new='{\"font-size\":\"\",\"line-height\":\"\"}'  style=\"font-weight:normal;\"><\/p>\n<p style=\"text-align: left;\">Official Mont-Tremblant vous apporte plus d&rsquo;informations sur la p\u00eache \u00e0 Mont-Tremblant dont les \u00e9quipements de p\u00eache \u00e0 Mont-Tremblant.<\/p>\n<p style=\"text-align: left;\"><span style=\"font-weight: 400;\">Il y a plus d&rsquo;un million de ruisseaux, rivi\u00e8res et lacs au Canada. Il n&rsquo;est donc pas si surprenant que la p\u00eache soit un sport et passe-temps de plein air tr\u00e8s populaire pour de nombreux Canadiens, en particulier dans la r\u00e9gion de Mont Tremblant. Il y a quelque chose de tr\u00e8s relaxant \u00e0 passer du temps sur l&rsquo;eau. Mais p\u00eacher \u00e0\u00a0 Mont Tremblant, avec des amis ou des membres de la famille peut \u00eatre plus que relaxant. Cela peut \u00e9galement offrir un excellent moyen de se connecter, de cr\u00e9er des liens, et de cr\u00e9er de merveilleux souvenirs qui marquerons les m\u00e9moires pour toujours.<\/span><\/p>\n<p style=\"text-align: left;\"><span style=\"font-weight: 400;\">Donc, si vous \u00eates \u00e0 Mont Tremblant et que vous avez envie de p\u00eacher, vous voudrez peut-\u00eatre acheter ou simplement louer un bon \u00e9quipement de p\u00eache.<\/span><\/p>\n<p style=\"text-align: left;\"><span style=\"font-weight: 400;\">Officiall Mont Tremblant a s\u00e9lectionn\u00e9 pour vous le meilleur endroit pour l&rsquo;\u00e9quipement de p\u00eache.\u00a0<\/span><span style=\"font-weight: 400;\">P\u00eache Tremblant, est le sp\u00e9cialiste de renom que nous vous recommendons pour la p\u00eache \u00e0 la mouche ou au lancer l\u00e9ger. Il regroupe une \u00e9quipe de passionn\u00e9s, dont la priorit\u00e9 est d\u2019offrir un service \u00e0 la client\u00e8le de qualit\u00e9 et des conseils personnalis\u00e9s pour rendre les sorties de p\u00eache inoubliables.<\/span><\/p>\n<p>&nbsp;<\/p>\n<p style=\"text-align: left;\"><strong>P\u00caCHE TREMBLANT<\/strong><\/p>\n<p style=\"text-align: left;\"><span style=\"font-weight: 400;\">302, route 117 (Nord)<\/span><\/p>\n<p style=\"text-align: left;\"><span style=\"font-weight: 400;\">Mont-Tremblant<\/span><\/p>\n<p style=\"text-align: left;\"><span style=\"font-weight: 400;\">T\u00e9l\u00e9phone : 819-429-0808<\/span><\/p>\n<p style=\"text-align: left;\"><span style=\"font-weight: 400;\">Courriel : <\/span><span style=\"font-weight: 400;\">info@tremblantfishing.com<\/span><\/p>\n<p>&nbsp;<\/p>\n<p style=\"text-align: left;\"><strong>Heures d&rsquo;ouverture<\/strong><\/p>\n<p style=\"text-align: left;\"><span style=\"font-weight: 400;\">Lundi au Vendredi : 9h \u00e0 18h<\/span><\/p>\n<p style=\"text-align: left;\"><span style=\"font-weight: 400;\">Samedi : 9h \u00e0 17h<\/span><\/p>\n<p style=\"text-align: left;\"><span style=\"font-weight: 400;\">Dimanche : 10h \u00e0 16h<\/span><\/p>\n<p style=\"text-align: left;\"><a href=\"https:\/\/www.pechetremblant.com\/\"><span style=\"font-weight: 400;\">https:\/\/www.pechetremblant.com\/<\/span><\/a><\/p>\n<p><\/div><\/div>[\/vc_column][\/vc_row][vc_row][vc_column][vc_empty_space height=\u00a0\u00bb60px\u00a0\u00bb][\/vc_column][\/vc_row][vc_row][vc_column][vc_single_image image=\u00a0\u00bb23850&Prime; img_size=\u00a0\u00bb600&#215;400&Prime; alignment=\u00a0\u00bbcenter\u00a0\u00bb][\/vc_column][\/vc_row]<\/p>\n","protected":false},"excerpt":{"rendered":"<p>[vc_row][vc_column][\/vc_column][\/vc_row][vc_row][vc_column][vc_empty_space height=\u00a0\u00bb60px\u00a0\u00bb][\/vc_column][\/vc_row][vc_row][vc_column][vc_single_image image=\u00a0\u00bb23850&Prime; img_size=\u00a0\u00bb600&#215;400&Prime; alignment=\u00a0\u00bbcenter\u00a0\u00bb][\/vc_column][\/vc_row]<\/p>\n","protected":false},"author":5,"featured_media":23851,"parent":24749,"menu_order":0,"comment_status":"closed","ping_status":"closed","template":"","meta":{"footnotes":""},"class_list":["post-25542","page","type-page","status-publish","has-post-thumbnail","hentry","description-off"],"yoast_head":"<!-- This site is optimized with the Yoast SEO Premium plugin v26.5 (Yoast SEO v26.5) - https:\/\/yoast.com\/wordpress\/plugins\/seo\/ -->\n<title>\u00e9quipements de p\u00eache \u00e0 Mont-Tremblant, p\u00eache \u00e0 Mont-Tremblant<\/title>\n<meta name=\"description\" content=\"Official Mont-Tremblant vous apporte plus d&#039;informations sur la p\u00eache \u00e0 Mont-Tremblant dont les \u00e9quipements de p\u00eache \u00e0 Mont-Tremblant.\" \/>\n<meta name=\"robots\" content=\"index, follow, max-snippet:-1, max-image-preview:large, max-video-preview:-1\" \/>\n<link rel=\"canonical\" href=\"https:\/\/officialmonttremblant.com\/fr\/activites\/activites-d-ete\/peche\/equipements-de-peche\/\" \/>\n<meta property=\"og:locale\" content=\"fr_FR\" \/>\n<meta property=\"og:type\" content=\"article\" \/>\n<meta property=\"og:title\" content=\"Equipements de p\u00eache\" \/>\n<meta property=\"og:description\" content=\"Official Mont-Tremblant vous apporte plus d&#039;informations sur la p\u00eache \u00e0 Mont-Tremblant dont les \u00e9quipements de p\u00eache \u00e0 Mont-Tremblant.\" \/>\n<meta property=\"og:url\" content=\"https:\/\/officialmonttremblant.com\/fr\/activites\/activites-d-ete\/peche\/equipements-de-peche\/\" \/>\n<meta property=\"og:site_name\" content=\"Official Mont Tremblant\" \/>\n<meta property=\"article:modified_time\" content=\"2025-07-29T15:42:40+00:00\" \/>\n<meta property=\"og:image\" content=\"https:\/\/officialmonttremblant.com\/wp-content\/uploads\/2022\/09\/equipment-1024x724.png\" \/>\n\t<meta property=\"og:image:width\" content=\"1024\" \/>\n\t<meta property=\"og:image:height\" content=\"724\" \/>\n\t<meta property=\"og:image:type\" content=\"image\/png\" \/>\n<meta name=\"twitter:card\" content=\"summary_large_image\" \/>\n<meta name=\"twitter:label1\" content=\"Dur\u00e9e de lecture estim\u00e9e\" \/>\n\t<meta name=\"twitter:data1\" content=\"2 minutes\" \/>\n<script type=\"application\/ld+json\" class=\"yoast-schema-graph\">{\"@context\":\"https:\/\/schema.org\",\"@graph\":[{\"@type\":\"WebPage\",\"@id\":\"https:\/\/officialmonttremblant.com\/fr\/activites\/activites-d-ete\/peche\/equipements-de-peche\/\",\"url\":\"https:\/\/officialmonttremblant.com\/fr\/activites\/activites-d-ete\/peche\/equipements-de-peche\/\",\"name\":\"\u00e9quipements de p\u00eache \u00e0 Mont-Tremblant, p\u00eache \u00e0 Mont-Tremblant\",\"isPartOf\":{\"@id\":\"https:\/\/officialmonttremblant.com\/fr\/#website\"},\"primaryImageOfPage\":{\"@id\":\"https:\/\/officialmonttremblant.com\/fr\/activites\/activites-d-ete\/peche\/equipements-de-peche\/#primaryimage\"},\"image\":{\"@id\":\"https:\/\/officialmonttremblant.com\/fr\/activites\/activites-d-ete\/peche\/equipements-de-peche\/#primaryimage\"},\"thumbnailUrl\":\"https:\/\/officialmonttremblant.com\/wp-content\/uploads\/2022\/09\/equipment.png\",\"datePublished\":\"2022-09-28T21:07:05+00:00\",\"dateModified\":\"2025-07-29T15:42:40+00:00\",\"description\":\"Official Mont-Tremblant vous apporte plus d'informations sur la p\u00eache \u00e0 Mont-Tremblant dont les \u00e9quipements de p\u00eache \u00e0 Mont-Tremblant.\",\"breadcrumb\":{\"@id\":\"https:\/\/officialmonttremblant.com\/fr\/activites\/activites-d-ete\/peche\/equipements-de-peche\/#breadcrumb\"},\"inLanguage\":\"fr-FR\",\"potentialAction\":[{\"@type\":\"ReadAction\",\"target\":[\"https:\/\/officialmonttremblant.com\/fr\/activites\/activites-d-ete\/peche\/equipements-de-peche\/\"]}]},{\"@type\":\"ImageObject\",\"inLanguage\":\"fr-FR\",\"@id\":\"https:\/\/officialmonttremblant.com\/fr\/activites\/activites-d-ete\/peche\/equipements-de-peche\/#primaryimage\",\"url\":\"https:\/\/officialmonttremblant.com\/wp-content\/uploads\/2022\/09\/equipment.png\",\"contentUrl\":\"https:\/\/officialmonttremblant.com\/wp-content\/uploads\/2022\/09\/equipment.png\",\"width\":1681,\"height\":1189,\"caption\":\"Fishing equipment in Tremblant\"},{\"@type\":\"BreadcrumbList\",\"@id\":\"https:\/\/officialmonttremblant.com\/fr\/activites\/activites-d-ete\/peche\/equipements-de-peche\/#breadcrumb\",\"itemListElement\":[{\"@type\":\"ListItem\",\"position\":1,\"name\":\"Home\",\"item\":\"https:\/\/officialmonttremblant.com\/fr\/\"},{\"@type\":\"ListItem\",\"position\":2,\"name\":\"Activit\u00e9s\",\"item\":\"https:\/\/officialmonttremblant.com\/fr\/activites\/\"},{\"@type\":\"ListItem\",\"position\":3,\"name\":\"Activit\u00e9s d&#8217;\u00e9t\u00e9\",\"item\":\"https:\/\/officialmonttremblant.com\/fr\/activites\/activites-d-ete\/\"},{\"@type\":\"ListItem\",\"position\":4,\"name\":\"P\u00eache\",\"item\":\"https:\/\/officialmonttremblant.com\/fr\/activites\/activites-d-ete\/peche\/\"},{\"@type\":\"ListItem\",\"position\":5,\"name\":\"Equipements de p\u00eache\"}]},{\"@type\":\"WebSite\",\"@id\":\"https:\/\/officialmonttremblant.com\/fr\/#website\",\"url\":\"https:\/\/officialmonttremblant.com\/fr\/\",\"name\":\"Official Mont Tremblant\",\"description\":\"Vacation &amp; tourist guide in Mont Tremblant\",\"potentialAction\":[{\"@type\":\"SearchAction\",\"target\":{\"@type\":\"EntryPoint\",\"urlTemplate\":\"https:\/\/officialmonttremblant.com\/fr\/?s={search_term_string}\"},\"query-input\":{\"@type\":\"PropertyValueSpecification\",\"valueRequired\":true,\"valueName\":\"search_term_string\"}}],\"inLanguage\":\"fr-FR\"}]}<\/script>\n<!-- \/ Yoast SEO Premium plugin. -->","yoast_head_json":{"title":"\u00e9quipements de p\u00eache \u00e0 Mont-Tremblant, p\u00eache \u00e0 Mont-Tremblant","description":"Official Mont-Tremblant vous apporte plus d'informations sur la p\u00eache \u00e0 Mont-Tremblant dont les \u00e9quipements de p\u00eache \u00e0 Mont-Tremblant.","robots":{"index":"index","follow":"follow","max-snippet":"max-snippet:-1","max-image-preview":"max-image-preview:large","max-video-preview":"max-video-preview:-1"},"canonical":"https:\/\/officialmonttremblant.com\/fr\/activites\/activites-d-ete\/peche\/equipements-de-peche\/","og_locale":"fr_FR","og_type":"article","og_title":"Equipements de p\u00eache","og_description":"Official Mont-Tremblant vous apporte plus d'informations sur la p\u00eache \u00e0 Mont-Tremblant dont les \u00e9quipements de p\u00eache \u00e0 Mont-Tremblant.","og_url":"https:\/\/officialmonttremblant.com\/fr\/activites\/activites-d-ete\/peche\/equipements-de-peche\/","og_site_name":"Official Mont Tremblant","article_modified_time":"2025-07-29T15:42:40+00:00","og_image":[{"width":1024,"height":724,"url":"https:\/\/officialmonttremblant.com\/wp-content\/uploads\/2022\/09\/equipment-1024x724.png","type":"image\/png"}],"twitter_card":"summary_large_image","twitter_misc":{"Dur\u00e9e de lecture estim\u00e9e":"2 minutes"},"schema":{"@context":"https:\/\/schema.org","@graph":[{"@type":"WebPage","@id":"https:\/\/officialmonttremblant.com\/fr\/activites\/activites-d-ete\/peche\/equipements-de-peche\/","url":"https:\/\/officialmonttremblant.com\/fr\/activites\/activites-d-ete\/peche\/equipements-de-peche\/","name":"\u00e9quipements de p\u00eache \u00e0 Mont-Tremblant, p\u00eache \u00e0 Mont-Tremblant","isPartOf":{"@id":"https:\/\/officialmonttremblant.com\/fr\/#website"},"primaryImageOfPage":{"@id":"https:\/\/officialmonttremblant.com\/fr\/activites\/activites-d-ete\/peche\/equipements-de-peche\/#primaryimage"},"image":{"@id":"https:\/\/officialmonttremblant.com\/fr\/activites\/activites-d-ete\/peche\/equipements-de-peche\/#primaryimage"},"thumbnailUrl":"https:\/\/officialmonttremblant.com\/wp-content\/uploads\/2022\/09\/equipment.png","datePublished":"2022-09-28T21:07:05+00:00","dateModified":"2025-07-29T15:42:40+00:00","description":"Official Mont-Tremblant vous apporte plus d'informations sur la p\u00eache \u00e0 Mont-Tremblant dont les \u00e9quipements de p\u00eache \u00e0 Mont-Tremblant.","breadcrumb":{"@id":"https:\/\/officialmonttremblant.com\/fr\/activites\/activites-d-ete\/peche\/equipements-de-peche\/#breadcrumb"},"inLanguage":"fr-FR","potentialAction":[{"@type":"ReadAction","target":["https:\/\/officialmonttremblant.com\/fr\/activites\/activites-d-ete\/peche\/equipements-de-peche\/"]}]},{"@type":"ImageObject","inLanguage":"fr-FR","@id":"https:\/\/officialmonttremblant.com\/fr\/activites\/activites-d-ete\/peche\/equipements-de-peche\/#primaryimage","url":"https:\/\/officialmonttremblant.com\/wp-content\/uploads\/2022\/09\/equipment.png","contentUrl":"https:\/\/officialmonttremblant.com\/wp-content\/uploads\/2022\/09\/equipment.png","width":1681,"height":1189,"caption":"Fishing equipment in Tremblant"},{"@type":"BreadcrumbList","@id":"https:\/\/officialmonttremblant.com\/fr\/activites\/activites-d-ete\/peche\/equipements-de-peche\/#breadcrumb","itemListElement":[{"@type":"ListItem","position":1,"name":"Home","item":"https:\/\/officialmonttremblant.com\/fr\/"},{"@type":"ListItem","position":2,"name":"Activit\u00e9s","item":"https:\/\/officialmonttremblant.com\/fr\/activites\/"},{"@type":"ListItem","position":3,"name":"Activit\u00e9s d&#8217;\u00e9t\u00e9","item":"https:\/\/officialmonttremblant.com\/fr\/activites\/activites-d-ete\/"},{"@type":"ListItem","position":4,"name":"P\u00eache","item":"https:\/\/officialmonttremblant.com\/fr\/activites\/activites-d-ete\/peche\/"},{"@type":"ListItem","position":5,"name":"Equipements de p\u00eache"}]},{"@type":"WebSite","@id":"https:\/\/officialmonttremblant.com\/fr\/#website","url":"https:\/\/officialmonttremblant.com\/fr\/","name":"Official Mont Tremblant","description":"Vacation &amp; tourist guide in Mont Tremblant","potentialAction":[{"@type":"SearchAction","target":{"@type":"EntryPoint","urlTemplate":"https:\/\/officialmonttremblant.com\/fr\/?s={search_term_string}"},"query-input":{"@type":"PropertyValueSpecification","valueRequired":true,"valueName":"search_term_string"}}],"inLanguage":"fr-FR"}]}},"jetpack_sharing_enabled":true,"_links":{"self":[{"href":"https:\/\/officialmonttremblant.com\/fr\/wp-json\/wp\/v2\/pages\/25542","targetHints":{"allow":["GET"]}}],"collection":[{"href":"https:\/\/officialmonttremblant.com\/fr\/wp-json\/wp\/v2\/pages"}],"about":[{"href":"https:\/\/officialmonttremblant.com\/fr\/wp-json\/wp\/v2\/types\/page"}],"author":[{"embeddable":true,"href":"https:\/\/officialmonttremblant.com\/fr\/wp-json\/wp\/v2\/users\/5"}],"replies":[{"embeddable":true,"href":"https:\/\/officialmonttremblant.com\/fr\/wp-json\/wp\/v2\/comments?post=25542"}],"version-history":[{"count":6,"href":"https:\/\/officialmonttremblant.com\/fr\/wp-json\/wp\/v2\/pages\/25542\/revisions"}],"predecessor-version":[{"id":26233,"href":"https:\/\/officialmonttremblant.com\/fr\/wp-json\/wp\/v2\/pages\/25542\/revisions\/26233"}],"up":[{"embeddable":true,"href":"https:\/\/officialmonttremblant.com\/fr\/wp-json\/wp\/v2\/pages\/24749"}],"wp:featuredmedia":[{"embeddable":true,"href":"https:\/\/officialmonttremblant.com\/fr\/wp-json\/wp\/v2\/media\/23851"}],"wp:attachment":[{"href":"https:\/\/officialmonttremblant.com\/fr\/wp-json\/wp\/v2\/media?parent=25542"}],"curies":[{"name":"wp","href":"https:\/\/api.w.org\/{rel}","templated":true}]}}