{"id":25562,"date":"2022-10-11T19:37:32","date_gmt":"2022-10-11T23:37:32","guid":{"rendered":"https:\/\/officialmonttremblant.com\/activites\/activites-d-hiver\/glissade-sur-neige\/"},"modified":"2025-07-29T12:10:25","modified_gmt":"2025-07-29T16:10:25","slug":"glissade-sur-neige","status":"publish","type":"page","link":"https:\/\/officialmonttremblant.com\/fr\/activites\/activites-d-hiver\/glissade-sur-neige\/","title":{"rendered":"Glissade sur neige"},"content":{"rendered":"<p>[vc_row][vc_column]<div id=\"ultimate-heading-822869d9ba17174dd\" class=\"uvc-heading ult-adjust-bottom-margin ultimate-heading-822869d9ba17174dd uvc-1894  uvc-heading-default-font-sizes\" data-hspacer=\"no_spacer\"  data-halign=\"left\" style=\"text-align:left\"><div class=\"uvc-heading-spacer no_spacer\" style=\"top\"><\/div><div class=\"uvc-main-heading ult-responsive\"  data-ultimate-target='.uvc-heading.ultimate-heading-822869d9ba17174dd h2'  data-responsive-json-new='{\"font-size\":\"\",\"line-height\":\"\"}' ><h2 style=\"--font-weight:theme;\">Glissade sur neige \u00e0 Mont-Tremblant<\/h2><\/div><div class=\"uvc-sub-heading ult-responsive\"  data-ultimate-target='.uvc-heading.ultimate-heading-822869d9ba17174dd .uvc-sub-heading '  data-responsive-json-new='{\"font-size\":\"\",\"line-height\":\"\"}'  style=\"font-weight:normal;\"><\/p>\n<p style=\"text-align: left;\">Official Mont-Tremblant vous apporte plus d&rsquo;informations sur les activit\u00e9s d&rsquo;hiver \u00e0 Tremblant dont la glissade sur neige \u00e0 Mont-Tremblant.<\/p>\n<p style=\"text-align: left;\"><span style=\"font-weight: 400;\">Official Mont Tremblant, votre meilleur guide \u00e0 Mont Tremblant, vous donne toutes les informations n\u00e9cessaires pour d\u00e9couvrir la glissade sur tube \u00e0 Mont Tremblant.\u00a0<\/span><span style=\"font-weight: 400;\">S<\/span><span style=\"font-weight: 400;\">i tout le monde sait qu\u2019il est possible de pratiquer la luge \u00e0 Tremblant<\/span><b>,<\/b><span style=\"font-weight: 400;\"> il est aussi possible de d\u00e9couvrir aujourd\u2019hui la glissade sur tube \u00e0 Mont-Tremblant.\u00a0<\/span><\/p>\n<p style=\"text-align: left;\"><span style=\"font-weight: 400;\">C\u2019est une activit\u00e9 amusante pour toute la famille. Semblable \u00e0 la luge, la glissade en tube est un sport \u00e0 part enti\u00e8re. Il se compose d\u2019une grande bou\u00e9e de caoutchouc. Elle permet de d\u00e9valer les pentes enneig\u00e9es sur cet objet gonflable. Le parc de glissade en tube est ouvert tous les jours mais aussi le jeudi soir et le vendredi soir. Le centre dispose de huit pistes tubes couvertes, deux remont\u00e9es, de trois restaurants et une aire de pique-nique en plein air. Les glissades en tube de Tremblant sont un plaisir pour toute la famille comprenant des pistes pour tous niveaux.<\/span><\/p>\n<p style=\"text-align: left;\"><strong>AVENTURES NEIGE<\/strong><\/p>\n<p style=\"text-align: left;\"><span style=\"font-weight: 400;\">850 Rue Lalonde, Mont Tremblant<\/span><\/p>\n<p style=\"text-align: left;\"><span style=\"font-weight: 400;\">Email :\u00a0<\/span><span style=\"font-weight: 400;\">Info@aventuresneige.com<\/span><\/p>\n<p style=\"text-align: left;\"><span style=\"font-weight: 400;\">Tel : 819 429 5500<\/span><\/p>\n<p style=\"text-align: left;\"><span style=\"font-weight: 400;\">Website: <\/span><a href=\"https:\/\/aventuresneige.com\/en\/\"><span style=\"font-weight: 400;\">https:\/\/aventuresneige.com\/en\/<\/span><\/a><\/p>\n<p>\u00a0<\/div><\/div>[\/vc_column][\/vc_row][vc_row][vc_column][vc_empty_space height=\u00a0\u00bb60px\u00a0\u00bb][\/vc_column][\/vc_row][vc_row][vc_column][vc_single_image image=\u00a0\u00bb25095&Prime; img_size=\u00a0\u00bb800&#215;600&Prime; alignment=\u00a0\u00bbcenter\u00a0\u00bb][\/vc_column][\/vc_row]<\/p>\n","protected":false},"excerpt":{"rendered":"<p>[vc_row][vc_column][\/vc_column][\/vc_row][vc_row][vc_column][vc_empty_space height=\u00a0\u00bb60px\u00a0\u00bb][\/vc_column][\/vc_row][vc_row][vc_column][vc_single_image image=\u00a0\u00bb25095&Prime; img_size=\u00a0\u00bb800&#215;600&Prime; alignment=\u00a0\u00bbcenter\u00a0\u00bb][\/vc_column][\/vc_row]<\/p>\n","protected":false},"author":5,"featured_media":16975,"parent":21148,"menu_order":0,"comment_status":"closed","ping_status":"closed","template":"","meta":{"footnotes":""},"class_list":["post-25562","page","type-page","status-publish","has-post-thumbnail","hentry","description-off"],"yoast_head":"<!-- This site is optimized with the Yoast SEO Premium plugin v26.5 (Yoast SEO v26.5) - https:\/\/yoast.com\/wordpress\/plugins\/seo\/ -->\n<title>Glissade sur neige \u00e0 Mont-Tremblant, Activit\u00e9s d&#039;hiver \u00e0 Tremblant<\/title>\n<meta name=\"description\" content=\"Official Mont-Tremblant vous apporte plus d&#039;informations sur les activit\u00e9s d&#039;hiver \u00e0 Tremblant dont la glissade sur neige \u00e0 Mont-Tremblant.\" \/>\n<meta name=\"robots\" content=\"index, follow, max-snippet:-1, max-image-preview:large, max-video-preview:-1\" \/>\n<link rel=\"canonical\" href=\"https:\/\/officialmonttremblant.com\/fr\/activites\/activites-d-hiver\/glissade-sur-neige\/\" \/>\n<meta property=\"og:locale\" content=\"fr_FR\" \/>\n<meta property=\"og:type\" content=\"article\" \/>\n<meta property=\"og:title\" content=\"Glissade sur neige\" \/>\n<meta property=\"og:description\" content=\"Official Mont-Tremblant vous apporte plus d&#039;informations sur les activit\u00e9s d&#039;hiver \u00e0 Tremblant dont la glissade sur neige \u00e0 Mont-Tremblant.\" \/>\n<meta property=\"og:url\" content=\"https:\/\/officialmonttremblant.com\/fr\/activites\/activites-d-hiver\/glissade-sur-neige\/\" \/>\n<meta property=\"og:site_name\" content=\"Official Mont Tremblant\" \/>\n<meta property=\"article:modified_time\" content=\"2025-07-29T16:10:25+00:00\" \/>\n<meta property=\"og:image\" content=\"https:\/\/officialmonttremblant.com\/wp-content\/uploads\/2022\/07\/Snowtubing.jpg\" \/>\n\t<meta property=\"og:image:width\" content=\"1024\" \/>\n\t<meta property=\"og:image:height\" content=\"683\" \/>\n\t<meta property=\"og:image:type\" content=\"image\/jpeg\" \/>\n<meta name=\"twitter:card\" content=\"summary_large_image\" \/>\n<meta name=\"twitter:label1\" content=\"Dur\u00e9e de lecture estim\u00e9e\" \/>\n\t<meta name=\"twitter:data1\" content=\"2 minutes\" \/>\n<script type=\"application\/ld+json\" class=\"yoast-schema-graph\">{\"@context\":\"https:\/\/schema.org\",\"@graph\":[{\"@type\":\"WebPage\",\"@id\":\"https:\/\/officialmonttremblant.com\/fr\/activites\/activites-d-hiver\/glissade-sur-neige\/\",\"url\":\"https:\/\/officialmonttremblant.com\/fr\/activites\/activites-d-hiver\/glissade-sur-neige\/\",\"name\":\"Glissade sur neige \u00e0 Mont-Tremblant, Activit\u00e9s d'hiver \u00e0 Tremblant\",\"isPartOf\":{\"@id\":\"https:\/\/officialmonttremblant.com\/fr\/#website\"},\"primaryImageOfPage\":{\"@id\":\"https:\/\/officialmonttremblant.com\/fr\/activites\/activites-d-hiver\/glissade-sur-neige\/#primaryimage\"},\"image\":{\"@id\":\"https:\/\/officialmonttremblant.com\/fr\/activites\/activites-d-hiver\/glissade-sur-neige\/#primaryimage\"},\"thumbnailUrl\":\"https:\/\/officialmonttremblant.com\/wp-content\/uploads\/2022\/07\/Snowtubing.jpg\",\"datePublished\":\"2022-10-11T23:37:32+00:00\",\"dateModified\":\"2025-07-29T16:10:25+00:00\",\"description\":\"Official Mont-Tremblant vous apporte plus d'informations sur les activit\u00e9s d'hiver \u00e0 Tremblant dont la glissade sur neige \u00e0 Mont-Tremblant.\",\"breadcrumb\":{\"@id\":\"https:\/\/officialmonttremblant.com\/fr\/activites\/activites-d-hiver\/glissade-sur-neige\/#breadcrumb\"},\"inLanguage\":\"fr-FR\",\"potentialAction\":[{\"@type\":\"ReadAction\",\"target\":[\"https:\/\/officialmonttremblant.com\/fr\/activites\/activites-d-hiver\/glissade-sur-neige\/\"]}]},{\"@type\":\"ImageObject\",\"inLanguage\":\"fr-FR\",\"@id\":\"https:\/\/officialmonttremblant.com\/fr\/activites\/activites-d-hiver\/glissade-sur-neige\/#primaryimage\",\"url\":\"https:\/\/officialmonttremblant.com\/wp-content\/uploads\/2022\/07\/Snowtubing.jpg\",\"contentUrl\":\"https:\/\/officialmonttremblant.com\/wp-content\/uploads\/2022\/07\/Snowtubing.jpg\",\"width\":1024,\"height\":683,\"caption\":\"Snowtubing\"},{\"@type\":\"BreadcrumbList\",\"@id\":\"https:\/\/officialmonttremblant.com\/fr\/activites\/activites-d-hiver\/glissade-sur-neige\/#breadcrumb\",\"itemListElement\":[{\"@type\":\"ListItem\",\"position\":1,\"name\":\"Home\",\"item\":\"https:\/\/officialmonttremblant.com\/fr\/\"},{\"@type\":\"ListItem\",\"position\":2,\"name\":\"Activit\u00e9s\",\"item\":\"https:\/\/officialmonttremblant.com\/fr\/activites\/\"},{\"@type\":\"ListItem\",\"position\":3,\"name\":\"Activit\u00e9s d&#8217;hiver\",\"item\":\"https:\/\/officialmonttremblant.com\/fr\/activites\/activites-d-hiver\/\"},{\"@type\":\"ListItem\",\"position\":4,\"name\":\"Glissade sur neige\"}]},{\"@type\":\"WebSite\",\"@id\":\"https:\/\/officialmonttremblant.com\/fr\/#website\",\"url\":\"https:\/\/officialmonttremblant.com\/fr\/\",\"name\":\"Official Mont Tremblant\",\"description\":\"Vacation &amp; tourist guide in Mont Tremblant\",\"potentialAction\":[{\"@type\":\"SearchAction\",\"target\":{\"@type\":\"EntryPoint\",\"urlTemplate\":\"https:\/\/officialmonttremblant.com\/fr\/?s={search_term_string}\"},\"query-input\":{\"@type\":\"PropertyValueSpecification\",\"valueRequired\":true,\"valueName\":\"search_term_string\"}}],\"inLanguage\":\"fr-FR\"}]}<\/script>\n<!-- \/ Yoast SEO Premium plugin. -->","yoast_head_json":{"title":"Glissade sur neige \u00e0 Mont-Tremblant, Activit\u00e9s d'hiver \u00e0 Tremblant","description":"Official Mont-Tremblant vous apporte plus d'informations sur les activit\u00e9s d'hiver \u00e0 Tremblant dont la glissade sur neige \u00e0 Mont-Tremblant.","robots":{"index":"index","follow":"follow","max-snippet":"max-snippet:-1","max-image-preview":"max-image-preview:large","max-video-preview":"max-video-preview:-1"},"canonical":"https:\/\/officialmonttremblant.com\/fr\/activites\/activites-d-hiver\/glissade-sur-neige\/","og_locale":"fr_FR","og_type":"article","og_title":"Glissade sur neige","og_description":"Official Mont-Tremblant vous apporte plus d'informations sur les activit\u00e9s d'hiver \u00e0 Tremblant dont la glissade sur neige \u00e0 Mont-Tremblant.","og_url":"https:\/\/officialmonttremblant.com\/fr\/activites\/activites-d-hiver\/glissade-sur-neige\/","og_site_name":"Official Mont Tremblant","article_modified_time":"2025-07-29T16:10:25+00:00","og_image":[{"width":1024,"height":683,"url":"https:\/\/officialmonttremblant.com\/wp-content\/uploads\/2022\/07\/Snowtubing.jpg","type":"image\/jpeg"}],"twitter_card":"summary_large_image","twitter_misc":{"Dur\u00e9e de lecture estim\u00e9e":"2 minutes"},"schema":{"@context":"https:\/\/schema.org","@graph":[{"@type":"WebPage","@id":"https:\/\/officialmonttremblant.com\/fr\/activites\/activites-d-hiver\/glissade-sur-neige\/","url":"https:\/\/officialmonttremblant.com\/fr\/activites\/activites-d-hiver\/glissade-sur-neige\/","name":"Glissade sur neige \u00e0 Mont-Tremblant, Activit\u00e9s d'hiver \u00e0 Tremblant","isPartOf":{"@id":"https:\/\/officialmonttremblant.com\/fr\/#website"},"primaryImageOfPage":{"@id":"https:\/\/officialmonttremblant.com\/fr\/activites\/activites-d-hiver\/glissade-sur-neige\/#primaryimage"},"image":{"@id":"https:\/\/officialmonttremblant.com\/fr\/activites\/activites-d-hiver\/glissade-sur-neige\/#primaryimage"},"thumbnailUrl":"https:\/\/officialmonttremblant.com\/wp-content\/uploads\/2022\/07\/Snowtubing.jpg","datePublished":"2022-10-11T23:37:32+00:00","dateModified":"2025-07-29T16:10:25+00:00","description":"Official Mont-Tremblant vous apporte plus d'informations sur les activit\u00e9s d'hiver \u00e0 Tremblant dont la glissade sur neige \u00e0 Mont-Tremblant.","breadcrumb":{"@id":"https:\/\/officialmonttremblant.com\/fr\/activites\/activites-d-hiver\/glissade-sur-neige\/#breadcrumb"},"inLanguage":"fr-FR","potentialAction":[{"@type":"ReadAction","target":["https:\/\/officialmonttremblant.com\/fr\/activites\/activites-d-hiver\/glissade-sur-neige\/"]}]},{"@type":"ImageObject","inLanguage":"fr-FR","@id":"https:\/\/officialmonttremblant.com\/fr\/activites\/activites-d-hiver\/glissade-sur-neige\/#primaryimage","url":"https:\/\/officialmonttremblant.com\/wp-content\/uploads\/2022\/07\/Snowtubing.jpg","contentUrl":"https:\/\/officialmonttremblant.com\/wp-content\/uploads\/2022\/07\/Snowtubing.jpg","width":1024,"height":683,"caption":"Snowtubing"},{"@type":"BreadcrumbList","@id":"https:\/\/officialmonttremblant.com\/fr\/activites\/activites-d-hiver\/glissade-sur-neige\/#breadcrumb","itemListElement":[{"@type":"ListItem","position":1,"name":"Home","item":"https:\/\/officialmonttremblant.com\/fr\/"},{"@type":"ListItem","position":2,"name":"Activit\u00e9s","item":"https:\/\/officialmonttremblant.com\/fr\/activites\/"},{"@type":"ListItem","position":3,"name":"Activit\u00e9s d&#8217;hiver","item":"https:\/\/officialmonttremblant.com\/fr\/activites\/activites-d-hiver\/"},{"@type":"ListItem","position":4,"name":"Glissade sur neige"}]},{"@type":"WebSite","@id":"https:\/\/officialmonttremblant.com\/fr\/#website","url":"https:\/\/officialmonttremblant.com\/fr\/","name":"Official Mont Tremblant","description":"Vacation &amp; tourist guide in Mont Tremblant","potentialAction":[{"@type":"SearchAction","target":{"@type":"EntryPoint","urlTemplate":"https:\/\/officialmonttremblant.com\/fr\/?s={search_term_string}"},"query-input":{"@type":"PropertyValueSpecification","valueRequired":true,"valueName":"search_term_string"}}],"inLanguage":"fr-FR"}]}},"jetpack_sharing_enabled":true,"_links":{"self":[{"href":"https:\/\/officialmonttremblant.com\/fr\/wp-json\/wp\/v2\/pages\/25562","targetHints":{"allow":["GET"]}}],"collection":[{"href":"https:\/\/officialmonttremblant.com\/fr\/wp-json\/wp\/v2\/pages"}],"about":[{"href":"https:\/\/officialmonttremblant.com\/fr\/wp-json\/wp\/v2\/types\/page"}],"author":[{"embeddable":true,"href":"https:\/\/officialmonttremblant.com\/fr\/wp-json\/wp\/v2\/users\/5"}],"replies":[{"embeddable":true,"href":"https:\/\/officialmonttremblant.com\/fr\/wp-json\/wp\/v2\/comments?post=25562"}],"version-history":[{"count":4,"href":"https:\/\/officialmonttremblant.com\/fr\/wp-json\/wp\/v2\/pages\/25562\/revisions"}],"predecessor-version":[{"id":26383,"href":"https:\/\/officialmonttremblant.com\/fr\/wp-json\/wp\/v2\/pages\/25562\/revisions\/26383"}],"up":[{"embeddable":true,"href":"https:\/\/officialmonttremblant.com\/fr\/wp-json\/wp\/v2\/pages\/21148"}],"wp:featuredmedia":[{"embeddable":true,"href":"https:\/\/officialmonttremblant.com\/fr\/wp-json\/wp\/v2\/media\/16975"}],"wp:attachment":[{"href":"https:\/\/officialmonttremblant.com\/fr\/wp-json\/wp\/v2\/media?parent=25562"}],"curies":[{"name":"wp","href":"https:\/\/api.w.org\/{rel}","templated":true}]}}