{"id":25566,"date":"2022-09-16T11:47:05","date_gmt":"2022-09-16T15:47:05","guid":{"rendered":"https:\/\/officialmonttremblant.com\/activites\/activites-pour-enfants\/treehouse-rentals\/"},"modified":"2025-07-29T11:30:41","modified_gmt":"2025-07-29T15:30:41","slug":"locations-de-cabanes-dans-les-arbres","status":"publish","type":"page","link":"https:\/\/officialmonttremblant.com\/fr\/activites\/activites-pour-enfants\/locations-de-cabanes-dans-les-arbres\/","title":{"rendered":"Locations de cabanes dans les arbres"},"content":{"rendered":"<p>[vc_row][vc_column]<div id=\"ultimate-heading-660669dba84707c41\" class=\"uvc-heading ult-adjust-bottom-margin ultimate-heading-660669dba84707c41 uvc-7215  uvc-heading-default-font-sizes\" data-hspacer=\"no_spacer\"  data-halign=\"left\" style=\"text-align:left\"><div class=\"uvc-heading-spacer no_spacer\" style=\"top\"><\/div><div class=\"uvc-main-heading ult-responsive\"  data-ultimate-target='.uvc-heading.ultimate-heading-660669dba84707c41 h2'  data-responsive-json-new='{\"font-size\":\"\",\"line-height\":\"\"}' ><h2 style=\"--font-weight:theme;\">Locations de cabanes dans les arbres \u00e0 Tremblant<\/h2><\/div><\/div>[\/vc_column][\/vc_row][vc_row][vc_column][vc_empty_space height=\u00a0\u00bb60px\u00a0\u00bb][\/vc_column][\/vc_row][vc_row][vc_column][vc_column_text]<\/p>\n<p style=\"text-align: left;\">Official Mont-Tremblant vous offre des informations sur les activit\u00e9s pour enfants \u00e0 Tremblant dont les cabanes dans les arbres \u00e0 Tremblant. Qui dans son enfance, n&rsquo;a pas r\u00eav\u00e9 de dormir dans une cabane dans les arbres ?<\/p>\n<p style=\"text-align: left;\">Et bien nous avons de bonnes nouvelles pour vous&#8230; \u00e0 Mont-Tremblant vous pourrez r\u00e9aliser ce souhait de passer une nuit dans une chambre nich\u00e9e parmi les branches, et vous immerger dans la nature et l&rsquo;air frais. De nos jours, les h\u00f4tels dans les arbres sont tr\u00e8s tendance dans le monde entier. Que vous recherchiez un h\u00e9bergement confortable ou quelque chose de rustique pour vous reconnecter \u00e0 la nature, il existe un h\u00f4tel dans les arbres pour vous \u00e0 Tremblant.<\/p>\n<p style=\"text-align: left;\">Alors pr\u00e9parez-vous \u00e0 vivre une aventure incroyable et une exp\u00e9rience en pleine nature !\u00a0Pour une escapade romantique ou des vacances en famille avec les enfants, jetez un coup d&rsquo;\u0153il \u00e0 notre s\u00e9lection de cabanes dans les arbres \u00e0 Mont-Tremblant.<\/p>\n<p>&nbsp;<\/p>\n<p><em><strong>Treehouse By Kasania<\/strong><\/em><\/p>\n<p><span style=\"font-weight: 400;\">3 Chem des Quatre-Sommets<\/span><\/p>\n<p><span style=\"font-weight: 400;\">Mont Tremblant<\/span><\/p>\n<p><span style=\"font-weight: 400;\">877 287 0036<\/span><\/p>\n<p>&nbsp;<\/p>\n<p><em><strong>Les refuges perch\u00e9s Mont Tremblant<\/strong><\/em><\/p>\n<p><span style=\"font-weight: 400;\">5000 Chem du lac Caribou<\/span><\/p>\n<p><span style=\"font-weight: 400;\">Saint-Fausin-Lac-Carr\u00e9<\/span><\/p>\n<p><span style=\"font-weight: 400;\">819 681 4994<\/span>[\/vc_column_text][\/vc_column][\/vc_row][vc_row][vc_column][vc_empty_space height=\u00a0\u00bb60px\u00a0\u00bb][\/vc_column][\/vc_row][vc_row][vc_column][vc_single_image image=\u00a0\u00bb23014&Prime; img_size=\u00a0\u00bb600&#215;400&Prime; alignment=\u00a0\u00bbcenter\u00a0\u00bb][\/vc_column][\/vc_row]<\/p>\n","protected":false},"excerpt":{"rendered":"<p>[vc_row][vc_column][\/vc_column][\/vc_row][vc_row][vc_column][vc_empty_space height=\u00a0\u00bb60px\u00a0\u00bb][\/vc_column][\/vc_row][vc_row][vc_column][vc_column_text] Official Mont-Tremblant vous offre des informations sur les activit\u00e9s pour enfants \u00e0 Tremblant dont les cabanes dans les arbres \u00e0 Tremblant. Qui dans son enfance, n&rsquo;a pas r\u00eav\u00e9 de dormir dans une cabane dans les arbres ? Et bien nous avons de bonnes nouvelles pour vous&#8230; \u00e0 Mont-Tremblant vous pourrez r\u00e9aliser ce souhait&hellip;<\/p>\n","protected":false},"author":5,"featured_media":23015,"parent":21145,"menu_order":0,"comment_status":"closed","ping_status":"closed","template":"","meta":{"footnotes":""},"class_list":["post-25566","page","type-page","status-publish","has-post-thumbnail","hentry","description-off"],"yoast_head":"<!-- This site is optimized with the Yoast SEO Premium plugin v26.5 (Yoast SEO v26.5) - https:\/\/yoast.com\/wordpress\/plugins\/seo\/ -->\n<title>Cabanes dans les arbres \u00e0 Tremblant, activit\u00e9s enfants \u00e0 Tremblant<\/title>\n<meta name=\"description\" content=\"Official Mont-Tremblant vous offre des informations sur les activit\u00e9s pour enfants \u00e0 Tremblant dont les cabanes dans les arbres \u00e0 Tremblant.\" \/>\n<meta name=\"robots\" content=\"index, follow, max-snippet:-1, max-image-preview:large, max-video-preview:-1\" \/>\n<link rel=\"canonical\" href=\"https:\/\/officialmonttremblant.com\/fr\/activites\/activites-pour-enfants\/locations-de-cabanes-dans-les-arbres\/\" \/>\n<meta property=\"og:locale\" content=\"fr_FR\" \/>\n<meta property=\"og:type\" content=\"article\" \/>\n<meta property=\"og:title\" content=\"Locations de cabanes dans les arbres\" \/>\n<meta property=\"og:description\" content=\"Official Mont-Tremblant vous offre des informations sur les activit\u00e9s pour enfants \u00e0 Tremblant dont les cabanes dans les arbres \u00e0 Tremblant.\" \/>\n<meta property=\"og:url\" content=\"https:\/\/officialmonttremblant.com\/fr\/activites\/activites-pour-enfants\/locations-de-cabanes-dans-les-arbres\/\" \/>\n<meta property=\"og:site_name\" content=\"Official Mont Tremblant\" \/>\n<meta property=\"article:modified_time\" content=\"2025-07-29T15:30:41+00:00\" \/>\n<meta property=\"og:image\" content=\"https:\/\/officialmonttremblant.com\/wp-content\/uploads\/2022\/09\/treehouse-1.jpeg\" \/>\n\t<meta property=\"og:image:width\" content=\"1800\" \/>\n\t<meta property=\"og:image:height\" content=\"1200\" \/>\n\t<meta property=\"og:image:type\" content=\"image\/jpeg\" \/>\n<meta name=\"twitter:card\" content=\"summary_large_image\" \/>\n<meta name=\"twitter:label1\" content=\"Dur\u00e9e de lecture estim\u00e9e\" \/>\n\t<meta name=\"twitter:data1\" content=\"2 minutes\" \/>\n<script type=\"application\/ld+json\" class=\"yoast-schema-graph\">{\"@context\":\"https:\/\/schema.org\",\"@graph\":[{\"@type\":\"WebPage\",\"@id\":\"https:\/\/officialmonttremblant.com\/fr\/activites\/activites-pour-enfants\/locations-de-cabanes-dans-les-arbres\/\",\"url\":\"https:\/\/officialmonttremblant.com\/fr\/activites\/activites-pour-enfants\/locations-de-cabanes-dans-les-arbres\/\",\"name\":\"Cabanes dans les arbres \u00e0 Tremblant, activit\u00e9s enfants \u00e0 Tremblant\",\"isPartOf\":{\"@id\":\"https:\/\/officialmonttremblant.com\/fr\/#website\"},\"primaryImageOfPage\":{\"@id\":\"https:\/\/officialmonttremblant.com\/fr\/activites\/activites-pour-enfants\/locations-de-cabanes-dans-les-arbres\/#primaryimage\"},\"image\":{\"@id\":\"https:\/\/officialmonttremblant.com\/fr\/activites\/activites-pour-enfants\/locations-de-cabanes-dans-les-arbres\/#primaryimage\"},\"thumbnailUrl\":\"https:\/\/officialmonttremblant.com\/wp-content\/uploads\/2022\/09\/treehouse-1.jpeg\",\"datePublished\":\"2022-09-16T15:47:05+00:00\",\"dateModified\":\"2025-07-29T15:30:41+00:00\",\"description\":\"Official Mont-Tremblant vous offre des informations sur les activit\u00e9s pour enfants \u00e0 Tremblant dont les cabanes dans les arbres \u00e0 Tremblant.\",\"breadcrumb\":{\"@id\":\"https:\/\/officialmonttremblant.com\/fr\/activites\/activites-pour-enfants\/locations-de-cabanes-dans-les-arbres\/#breadcrumb\"},\"inLanguage\":\"fr-FR\",\"potentialAction\":[{\"@type\":\"ReadAction\",\"target\":[\"https:\/\/officialmonttremblant.com\/fr\/activites\/activites-pour-enfants\/locations-de-cabanes-dans-les-arbres\/\"]}]},{\"@type\":\"ImageObject\",\"inLanguage\":\"fr-FR\",\"@id\":\"https:\/\/officialmonttremblant.com\/fr\/activites\/activites-pour-enfants\/locations-de-cabanes-dans-les-arbres\/#primaryimage\",\"url\":\"https:\/\/officialmonttremblant.com\/wp-content\/uploads\/2022\/09\/treehouse-1.jpeg\",\"contentUrl\":\"https:\/\/officialmonttremblant.com\/wp-content\/uploads\/2022\/09\/treehouse-1.jpeg\",\"width\":1800,\"height\":1200,\"caption\":\"Treehouse rentals\"},{\"@type\":\"BreadcrumbList\",\"@id\":\"https:\/\/officialmonttremblant.com\/fr\/activites\/activites-pour-enfants\/locations-de-cabanes-dans-les-arbres\/#breadcrumb\",\"itemListElement\":[{\"@type\":\"ListItem\",\"position\":1,\"name\":\"Home\",\"item\":\"https:\/\/officialmonttremblant.com\/fr\/\"},{\"@type\":\"ListItem\",\"position\":2,\"name\":\"Activit\u00e9s\",\"item\":\"https:\/\/officialmonttremblant.com\/fr\/activites\/\"},{\"@type\":\"ListItem\",\"position\":3,\"name\":\"Activit\u00e9s pour enfants\",\"item\":\"https:\/\/officialmonttremblant.com\/fr\/activites\/activites-pour-enfants\/\"},{\"@type\":\"ListItem\",\"position\":4,\"name\":\"Locations de cabanes dans les arbres\"}]},{\"@type\":\"WebSite\",\"@id\":\"https:\/\/officialmonttremblant.com\/fr\/#website\",\"url\":\"https:\/\/officialmonttremblant.com\/fr\/\",\"name\":\"Official Mont Tremblant\",\"description\":\"Vacation &amp; tourist guide in Mont Tremblant\",\"potentialAction\":[{\"@type\":\"SearchAction\",\"target\":{\"@type\":\"EntryPoint\",\"urlTemplate\":\"https:\/\/officialmonttremblant.com\/fr\/?s={search_term_string}\"},\"query-input\":{\"@type\":\"PropertyValueSpecification\",\"valueRequired\":true,\"valueName\":\"search_term_string\"}}],\"inLanguage\":\"fr-FR\"}]}<\/script>\n<!-- \/ Yoast SEO Premium plugin. -->","yoast_head_json":{"title":"Cabanes dans les arbres \u00e0 Tremblant, activit\u00e9s enfants \u00e0 Tremblant","description":"Official Mont-Tremblant vous offre des informations sur les activit\u00e9s pour enfants \u00e0 Tremblant dont les cabanes dans les arbres \u00e0 Tremblant.","robots":{"index":"index","follow":"follow","max-snippet":"max-snippet:-1","max-image-preview":"max-image-preview:large","max-video-preview":"max-video-preview:-1"},"canonical":"https:\/\/officialmonttremblant.com\/fr\/activites\/activites-pour-enfants\/locations-de-cabanes-dans-les-arbres\/","og_locale":"fr_FR","og_type":"article","og_title":"Locations de cabanes dans les arbres","og_description":"Official Mont-Tremblant vous offre des informations sur les activit\u00e9s pour enfants \u00e0 Tremblant dont les cabanes dans les arbres \u00e0 Tremblant.","og_url":"https:\/\/officialmonttremblant.com\/fr\/activites\/activites-pour-enfants\/locations-de-cabanes-dans-les-arbres\/","og_site_name":"Official Mont Tremblant","article_modified_time":"2025-07-29T15:30:41+00:00","og_image":[{"width":1800,"height":1200,"url":"https:\/\/officialmonttremblant.com\/wp-content\/uploads\/2022\/09\/treehouse-1.jpeg","type":"image\/jpeg"}],"twitter_card":"summary_large_image","twitter_misc":{"Dur\u00e9e de lecture estim\u00e9e":"2 minutes"},"schema":{"@context":"https:\/\/schema.org","@graph":[{"@type":"WebPage","@id":"https:\/\/officialmonttremblant.com\/fr\/activites\/activites-pour-enfants\/locations-de-cabanes-dans-les-arbres\/","url":"https:\/\/officialmonttremblant.com\/fr\/activites\/activites-pour-enfants\/locations-de-cabanes-dans-les-arbres\/","name":"Cabanes dans les arbres \u00e0 Tremblant, activit\u00e9s enfants \u00e0 Tremblant","isPartOf":{"@id":"https:\/\/officialmonttremblant.com\/fr\/#website"},"primaryImageOfPage":{"@id":"https:\/\/officialmonttremblant.com\/fr\/activites\/activites-pour-enfants\/locations-de-cabanes-dans-les-arbres\/#primaryimage"},"image":{"@id":"https:\/\/officialmonttremblant.com\/fr\/activites\/activites-pour-enfants\/locations-de-cabanes-dans-les-arbres\/#primaryimage"},"thumbnailUrl":"https:\/\/officialmonttremblant.com\/wp-content\/uploads\/2022\/09\/treehouse-1.jpeg","datePublished":"2022-09-16T15:47:05+00:00","dateModified":"2025-07-29T15:30:41+00:00","description":"Official Mont-Tremblant vous offre des informations sur les activit\u00e9s pour enfants \u00e0 Tremblant dont les cabanes dans les arbres \u00e0 Tremblant.","breadcrumb":{"@id":"https:\/\/officialmonttremblant.com\/fr\/activites\/activites-pour-enfants\/locations-de-cabanes-dans-les-arbres\/#breadcrumb"},"inLanguage":"fr-FR","potentialAction":[{"@type":"ReadAction","target":["https:\/\/officialmonttremblant.com\/fr\/activites\/activites-pour-enfants\/locations-de-cabanes-dans-les-arbres\/"]}]},{"@type":"ImageObject","inLanguage":"fr-FR","@id":"https:\/\/officialmonttremblant.com\/fr\/activites\/activites-pour-enfants\/locations-de-cabanes-dans-les-arbres\/#primaryimage","url":"https:\/\/officialmonttremblant.com\/wp-content\/uploads\/2022\/09\/treehouse-1.jpeg","contentUrl":"https:\/\/officialmonttremblant.com\/wp-content\/uploads\/2022\/09\/treehouse-1.jpeg","width":1800,"height":1200,"caption":"Treehouse rentals"},{"@type":"BreadcrumbList","@id":"https:\/\/officialmonttremblant.com\/fr\/activites\/activites-pour-enfants\/locations-de-cabanes-dans-les-arbres\/#breadcrumb","itemListElement":[{"@type":"ListItem","position":1,"name":"Home","item":"https:\/\/officialmonttremblant.com\/fr\/"},{"@type":"ListItem","position":2,"name":"Activit\u00e9s","item":"https:\/\/officialmonttremblant.com\/fr\/activites\/"},{"@type":"ListItem","position":3,"name":"Activit\u00e9s pour enfants","item":"https:\/\/officialmonttremblant.com\/fr\/activites\/activites-pour-enfants\/"},{"@type":"ListItem","position":4,"name":"Locations de cabanes dans les arbres"}]},{"@type":"WebSite","@id":"https:\/\/officialmonttremblant.com\/fr\/#website","url":"https:\/\/officialmonttremblant.com\/fr\/","name":"Official Mont Tremblant","description":"Vacation &amp; tourist guide in Mont Tremblant","potentialAction":[{"@type":"SearchAction","target":{"@type":"EntryPoint","urlTemplate":"https:\/\/officialmonttremblant.com\/fr\/?s={search_term_string}"},"query-input":{"@type":"PropertyValueSpecification","valueRequired":true,"valueName":"search_term_string"}}],"inLanguage":"fr-FR"}]}},"jetpack_sharing_enabled":true,"_links":{"self":[{"href":"https:\/\/officialmonttremblant.com\/fr\/wp-json\/wp\/v2\/pages\/25566","targetHints":{"allow":["GET"]}}],"collection":[{"href":"https:\/\/officialmonttremblant.com\/fr\/wp-json\/wp\/v2\/pages"}],"about":[{"href":"https:\/\/officialmonttremblant.com\/fr\/wp-json\/wp\/v2\/types\/page"}],"author":[{"embeddable":true,"href":"https:\/\/officialmonttremblant.com\/fr\/wp-json\/wp\/v2\/users\/5"}],"replies":[{"embeddable":true,"href":"https:\/\/officialmonttremblant.com\/fr\/wp-json\/wp\/v2\/comments?post=25566"}],"version-history":[{"count":3,"href":"https:\/\/officialmonttremblant.com\/fr\/wp-json\/wp\/v2\/pages\/25566\/revisions"}],"predecessor-version":[{"id":26602,"href":"https:\/\/officialmonttremblant.com\/fr\/wp-json\/wp\/v2\/pages\/25566\/revisions\/26602"}],"up":[{"embeddable":true,"href":"https:\/\/officialmonttremblant.com\/fr\/wp-json\/wp\/v2\/pages\/21145"}],"wp:featuredmedia":[{"embeddable":true,"href":"https:\/\/officialmonttremblant.com\/fr\/wp-json\/wp\/v2\/media\/23015"}],"wp:attachment":[{"href":"https:\/\/officialmonttremblant.com\/fr\/wp-json\/wp\/v2\/media?parent=25566"}],"curies":[{"name":"wp","href":"https:\/\/api.w.org\/{rel}","templated":true}]}}