{"id":25572,"date":"2022-07-26T11:11:18","date_gmt":"2022-07-26T15:11:18","guid":{"rendered":"https:\/\/officialmonttremblant.com\/activites\/activites-d-interieur\/centre-aquatique\/"},"modified":"2025-07-29T11:24:57","modified_gmt":"2025-07-29T15:24:57","slug":"centre-aquatique","status":"publish","type":"page","link":"https:\/\/officialmonttremblant.com\/fr\/activites\/activites-d-interieur\/centre-aquatique\/","title":{"rendered":"Centre aquatique"},"content":{"rendered":"<p>[vc_row][vc_column]<div id=\"ultimate-heading-795969d03cfe71ecf\" class=\"uvc-heading ult-adjust-bottom-margin ultimate-heading-795969d03cfe71ecf uvc-978  uvc-heading-default-font-sizes\" data-hspacer=\"no_spacer\"  data-halign=\"center\" style=\"text-align:center\"><div class=\"uvc-heading-spacer no_spacer\" style=\"top\"><\/div><div class=\"uvc-main-heading ult-responsive\"  data-ultimate-target='.uvc-heading.ultimate-heading-795969d03cfe71ecf h2'  data-responsive-json-new='{\"font-size\":\"\",\"line-height\":\"\"}' ><h2 style=\"--font-weight:theme;\">Centre aquatique \u00e0 Tremblant<\/h2><\/div><div class=\"uvc-sub-heading ult-responsive\"  data-ultimate-target='.uvc-heading.ultimate-heading-795969d03cfe71ecf .uvc-sub-heading '  data-responsive-json-new='{\"font-size\":\"\",\"line-height\":\"\"}'  style=\"font-weight:normal;\"><\/p>\n<p style=\"text-align: left;\">Official Mont-Tremblant vous donne plus d&rsquo;informations sur les activit\u00e9s \u00e0 Tremblant dont le centre aquatique \u00e0 Tremblant.<\/p>\n<p style=\"text-align: left;\"><span style=\"font-weight: 400;\">Si vous souhaitez durant votre s\u00e9jour \u00e0 Mont Tremblant continuer \u00e0 faire vos longueurs matinales ou simplement aller vous amuser un peu \u00e0 la piscine avec les enfants, Official Mont Tremblant vous recommande le complexe aquatique. L<\/span><span style=\"font-weight: 400;\">e Complexe aquatique de Mont-Tremblant est une infrastructure sportive et r\u00e9cr\u00e9ative o\u00f9 toutes les g\u00e9n\u00e9rations sont les bienvenues. Il a \u00e9t\u00e9 con\u00e7u pour plaire tant aux familles, aux personnes \u00e0 mobilit\u00e9 r\u00e9duite, aux sportifs amateurs qu\u2019aux athl\u00e8tes de haut niveau.<\/span><\/p>\n<p style=\"text-align: left;\"><span style=\"font-weight: 400;\">Il se compose principalement d\u2019une salle d\u2019entra\u00eenement cardio ainsi que de bassins aquatiques.\u00a0<\/span><span style=\"font-weight: 400;\">Tout au long de l\u2019ann\u00e9e des cours de natation pour tous les ages sont dispens\u00e9s par des moniteurs certifi\u00e9s.<\/span><\/p>\n<p style=\"text-align: left;\"><strong>Salle d\u2019entra\u00eenement cardio<\/strong><\/p>\n<ul style=\"text-align: left;\">\n<li><span style=\"font-weight: 400;\"> 8 tapis roulants avec simulateur de parcours<\/span><\/li>\n<li><span style=\"font-weight: 400;\"> 3 simulateurs \/ v\u00e9lo \/ parcours IRONMAN<\/span><\/li>\n<li><span style=\"font-weight: 400;\"> 10 v\u00e9los avec iPad \/ parcours virtuels<\/span><\/li>\n<li><span style=\"font-weight: 400;\"> 9 v\u00e9los d\u2019entra\u00eenement<\/span><\/li>\n<li><span style=\"font-weight: 400;\"> Espace pour \u00e9tirements<\/span><\/li>\n<li><span style=\"font-weight: 400;\"> 15 ans et +<\/span><\/li>\n<\/ul>\n<p style=\"text-align: left;\"><strong>Bassins aquatiques<\/strong><\/p>\n<p style=\"text-align: left;\"><strong>Bassin sportif<\/strong><\/p>\n<ul style=\"text-align: left;\">\n<li><span style=\"font-weight: 400;\"> Un minimum de deux couloirs sont ouverts en tout temps.<\/span><\/li>\n<li><span style=\"font-weight: 400;\"> Bain libre avec tremplin (horaire sujet \u00e0 changement)<\/span><\/li>\n<li><span style=\"font-weight: 400;\"> Une piscine semi-olympique (20,4 m sur 25 m)\u00a0<\/span><\/li>\n<li><span style=\"font-weight: 400;\"> Huit (8) couloirs, dont deux d\u00e9di\u00e9s \u00e0 la nage libre<\/span><\/li>\n<li><span style=\"font-weight: 400;\"> Tremplin d\u2019une hauteur d\u2019un m\u00e8tre<\/span><\/li>\n<\/ul>\n<p style=\"text-align: left;\"><strong>Bassin r\u00e9cr\u00e9atif<\/strong><\/p>\n<ul style=\"text-align: left;\">\n<li><span style=\"font-weight: 400;\"> Bateau de pirate<\/span><\/li>\n<li><span style=\"font-weight: 400;\"> Glissoire<\/span><\/li>\n<li><span style=\"font-weight: 400;\"> Jeux d\u2019eau: trio de seaux, aquad\u00f4me, bouillons, tunnel d\u2019eau et serpent de mer<\/span><\/li>\n<li><span style=\"font-weight: 400;\"> Un escalier avec mains courantes pour un acc\u00e8s s\u00e9curitaire<\/span><\/li>\n<\/ul>\n<p style=\"text-align: left;\"><strong>Horaires<\/strong><\/p>\n<p style=\"text-align: left;\"><em><span style=\"font-weight: 400;\">Bassin sportif:\u00a0<\/span><\/em><span style=\"font-weight: 400;\">Lundi, mercredi, vendredi: 7h \u00e0 21h,\u00a0<\/span><span style=\"font-weight: 400;\">Mardi et jeudi: 6h \u00e0 21h,\u00a0<\/span><span style=\"font-weight: 400;\">Samedi et dimanche: 7h \u00e0 19h\u00a0<\/span><\/p>\n<p style=\"text-align: left;\"><span style=\"font-weight: 400;\">Bassin r\u00e9cr\u00e9atif:\u00a0<\/span><span style=\"font-weight: 400;\">Lundi au vendredi: 7h \u00e0 21h,\u00a0<\/span><span style=\"font-weight: 400;\">Samedi et dimanche: 7h \u00e0 19h<\/span><\/p>\n<p style=\"text-align: left;\"><span style=\"font-weight: 400;\">Tarifs: <\/span><a href=\"https:\/\/www.villedemont-tremblant.qc.ca\/fr\/loisirs\/complexe-aquatique-mont-tremblant\"><span style=\"font-weight: 400;\">https:\/\/www.villedemont-tremblant.qc.ca\/fr\/loisirs\/complexe-aquatique-mont-tremblant<\/span><\/a><\/p>\n<p>&nbsp;<\/p>\n<p style=\"text-align: center;\"><strong>COMPLEXE AQUATIQUE MONT TREMBLANT<\/strong><\/p>\n<p style=\"text-align: center;\"><strong>635 Rue Cadieux<\/strong><\/p>\n<p style=\"text-align: center;\"><strong>Mont Tremblant<\/strong><\/p>\n<p style=\"text-align: center;\"><strong>819 425 8614<\/strong><\/p>\n<p style=\"text-align: center;\"><strong>accueilcamt@vivaction.ca<\/strong><\/p>\n<p><\/div><\/div>[\/vc_column][\/vc_row][vc_row][vc_column][vc_empty_space height=\u00a0\u00bb60px\u00a0\u00bb][\/vc_column][\/vc_row][vc_row][vc_column][vc_single_image image=\u00a0\u00bb16336&Prime; img_size=\u00a0\u00bb800&#215;600&Prime; alignment=\u00a0\u00bbcenter\u00a0\u00bb][\/vc_column][\/vc_row]<\/p>\n","protected":false},"excerpt":{"rendered":"<p>[vc_row][vc_column][\/vc_column][\/vc_row][vc_row][vc_column][vc_empty_space height=\u00a0\u00bb60px\u00a0\u00bb][\/vc_column][\/vc_row][vc_row][vc_column][vc_single_image image=\u00a0\u00bb16336&Prime; img_size=\u00a0\u00bb800&#215;600&Prime; alignment=\u00a0\u00bbcenter\u00a0\u00bb][\/vc_column][\/vc_row]<\/p>\n","protected":false},"author":1,"featured_media":16986,"parent":21144,"menu_order":0,"comment_status":"closed","ping_status":"closed","template":"","meta":{"footnotes":""},"class_list":["post-25572","page","type-page","status-publish","has-post-thumbnail","hentry","description-off"],"yoast_head":"<!-- This site is optimized with the Yoast SEO Premium plugin v26.5 (Yoast SEO v26.5) - https:\/\/yoast.com\/wordpress\/plugins\/seo\/ -->\n<title>Centre aquatique \u00e0 Tremblant, Activit\u00e9s \u00e0 Tremblant<\/title>\n<meta name=\"description\" content=\"Official Mont-Tremblant vous donne plus d&#039;informations sur les activit\u00e9s \u00e0 Tremblant dont le centre aquatique \u00e0 Tremblant.\" \/>\n<meta name=\"robots\" content=\"index, follow, max-snippet:-1, max-image-preview:large, max-video-preview:-1\" \/>\n<link rel=\"canonical\" href=\"https:\/\/officialmonttremblant.com\/fr\/activites\/activites-d-interieur\/centre-aquatique\/\" \/>\n<meta property=\"og:locale\" content=\"fr_FR\" \/>\n<meta property=\"og:type\" content=\"article\" \/>\n<meta property=\"og:title\" content=\"Centre aquatique\" \/>\n<meta property=\"og:description\" content=\"Official Mont-Tremblant vous donne plus d&#039;informations sur les activit\u00e9s \u00e0 Tremblant dont le centre aquatique \u00e0 Tremblant.\" \/>\n<meta property=\"og:url\" content=\"https:\/\/officialmonttremblant.com\/fr\/activites\/activites-d-interieur\/centre-aquatique\/\" \/>\n<meta property=\"og:site_name\" content=\"Official Mont Tremblant\" \/>\n<meta property=\"article:modified_time\" content=\"2025-07-29T15:24:57+00:00\" \/>\n<meta property=\"og:image\" content=\"https:\/\/officialmonttremblant.com\/wp-content\/uploads\/2022\/07\/Aquatic-Center.jpg\" \/>\n\t<meta property=\"og:image:width\" content=\"1024\" \/>\n\t<meta property=\"og:image:height\" content=\"683\" \/>\n\t<meta property=\"og:image:type\" content=\"image\/jpeg\" \/>\n<meta name=\"twitter:card\" content=\"summary_large_image\" \/>\n<meta name=\"twitter:label1\" content=\"Dur\u00e9e de lecture estim\u00e9e\" \/>\n\t<meta name=\"twitter:data1\" content=\"2 minutes\" \/>\n<script type=\"application\/ld+json\" class=\"yoast-schema-graph\">{\"@context\":\"https:\/\/schema.org\",\"@graph\":[{\"@type\":\"WebPage\",\"@id\":\"https:\/\/officialmonttremblant.com\/fr\/activites\/activites-d-interieur\/centre-aquatique\/\",\"url\":\"https:\/\/officialmonttremblant.com\/fr\/activites\/activites-d-interieur\/centre-aquatique\/\",\"name\":\"Centre aquatique \u00e0 Tremblant, Activit\u00e9s \u00e0 Tremblant\",\"isPartOf\":{\"@id\":\"https:\/\/officialmonttremblant.com\/fr\/#website\"},\"primaryImageOfPage\":{\"@id\":\"https:\/\/officialmonttremblant.com\/fr\/activites\/activites-d-interieur\/centre-aquatique\/#primaryimage\"},\"image\":{\"@id\":\"https:\/\/officialmonttremblant.com\/fr\/activites\/activites-d-interieur\/centre-aquatique\/#primaryimage\"},\"thumbnailUrl\":\"https:\/\/officialmonttremblant.com\/wp-content\/uploads\/2022\/07\/Aquatic-Center.jpg\",\"datePublished\":\"2022-07-26T15:11:18+00:00\",\"dateModified\":\"2025-07-29T15:24:57+00:00\",\"description\":\"Official Mont-Tremblant vous donne plus d'informations sur les activit\u00e9s \u00e0 Tremblant dont le centre aquatique \u00e0 Tremblant.\",\"breadcrumb\":{\"@id\":\"https:\/\/officialmonttremblant.com\/fr\/activites\/activites-d-interieur\/centre-aquatique\/#breadcrumb\"},\"inLanguage\":\"fr-FR\",\"potentialAction\":[{\"@type\":\"ReadAction\",\"target\":[\"https:\/\/officialmonttremblant.com\/fr\/activites\/activites-d-interieur\/centre-aquatique\/\"]}]},{\"@type\":\"ImageObject\",\"inLanguage\":\"fr-FR\",\"@id\":\"https:\/\/officialmonttremblant.com\/fr\/activites\/activites-d-interieur\/centre-aquatique\/#primaryimage\",\"url\":\"https:\/\/officialmonttremblant.com\/wp-content\/uploads\/2022\/07\/Aquatic-Center.jpg\",\"contentUrl\":\"https:\/\/officialmonttremblant.com\/wp-content\/uploads\/2022\/07\/Aquatic-Center.jpg\",\"width\":1024,\"height\":683,\"caption\":\"indoor activities in Mont-Tremblant\"},{\"@type\":\"BreadcrumbList\",\"@id\":\"https:\/\/officialmonttremblant.com\/fr\/activites\/activites-d-interieur\/centre-aquatique\/#breadcrumb\",\"itemListElement\":[{\"@type\":\"ListItem\",\"position\":1,\"name\":\"Home\",\"item\":\"https:\/\/officialmonttremblant.com\/fr\/\"},{\"@type\":\"ListItem\",\"position\":2,\"name\":\"Activit\u00e9s\",\"item\":\"https:\/\/officialmonttremblant.com\/fr\/activites\/\"},{\"@type\":\"ListItem\",\"position\":3,\"name\":\"Activit\u00e9s d&#8217;int\u00e9rieur\",\"item\":\"https:\/\/officialmonttremblant.com\/fr\/activites\/activites-d-interieur\/\"},{\"@type\":\"ListItem\",\"position\":4,\"name\":\"Centre aquatique\"}]},{\"@type\":\"WebSite\",\"@id\":\"https:\/\/officialmonttremblant.com\/fr\/#website\",\"url\":\"https:\/\/officialmonttremblant.com\/fr\/\",\"name\":\"Official Mont Tremblant\",\"description\":\"Vacation &amp; tourist guide in Mont Tremblant\",\"potentialAction\":[{\"@type\":\"SearchAction\",\"target\":{\"@type\":\"EntryPoint\",\"urlTemplate\":\"https:\/\/officialmonttremblant.com\/fr\/?s={search_term_string}\"},\"query-input\":{\"@type\":\"PropertyValueSpecification\",\"valueRequired\":true,\"valueName\":\"search_term_string\"}}],\"inLanguage\":\"fr-FR\"}]}<\/script>\n<!-- \/ Yoast SEO Premium plugin. -->","yoast_head_json":{"title":"Centre aquatique \u00e0 Tremblant, Activit\u00e9s \u00e0 Tremblant","description":"Official Mont-Tremblant vous donne plus d'informations sur les activit\u00e9s \u00e0 Tremblant dont le centre aquatique \u00e0 Tremblant.","robots":{"index":"index","follow":"follow","max-snippet":"max-snippet:-1","max-image-preview":"max-image-preview:large","max-video-preview":"max-video-preview:-1"},"canonical":"https:\/\/officialmonttremblant.com\/fr\/activites\/activites-d-interieur\/centre-aquatique\/","og_locale":"fr_FR","og_type":"article","og_title":"Centre aquatique","og_description":"Official Mont-Tremblant vous donne plus d'informations sur les activit\u00e9s \u00e0 Tremblant dont le centre aquatique \u00e0 Tremblant.","og_url":"https:\/\/officialmonttremblant.com\/fr\/activites\/activites-d-interieur\/centre-aquatique\/","og_site_name":"Official Mont Tremblant","article_modified_time":"2025-07-29T15:24:57+00:00","og_image":[{"width":1024,"height":683,"url":"https:\/\/officialmonttremblant.com\/wp-content\/uploads\/2022\/07\/Aquatic-Center.jpg","type":"image\/jpeg"}],"twitter_card":"summary_large_image","twitter_misc":{"Dur\u00e9e de lecture estim\u00e9e":"2 minutes"},"schema":{"@context":"https:\/\/schema.org","@graph":[{"@type":"WebPage","@id":"https:\/\/officialmonttremblant.com\/fr\/activites\/activites-d-interieur\/centre-aquatique\/","url":"https:\/\/officialmonttremblant.com\/fr\/activites\/activites-d-interieur\/centre-aquatique\/","name":"Centre aquatique \u00e0 Tremblant, Activit\u00e9s \u00e0 Tremblant","isPartOf":{"@id":"https:\/\/officialmonttremblant.com\/fr\/#website"},"primaryImageOfPage":{"@id":"https:\/\/officialmonttremblant.com\/fr\/activites\/activites-d-interieur\/centre-aquatique\/#primaryimage"},"image":{"@id":"https:\/\/officialmonttremblant.com\/fr\/activites\/activites-d-interieur\/centre-aquatique\/#primaryimage"},"thumbnailUrl":"https:\/\/officialmonttremblant.com\/wp-content\/uploads\/2022\/07\/Aquatic-Center.jpg","datePublished":"2022-07-26T15:11:18+00:00","dateModified":"2025-07-29T15:24:57+00:00","description":"Official Mont-Tremblant vous donne plus d'informations sur les activit\u00e9s \u00e0 Tremblant dont le centre aquatique \u00e0 Tremblant.","breadcrumb":{"@id":"https:\/\/officialmonttremblant.com\/fr\/activites\/activites-d-interieur\/centre-aquatique\/#breadcrumb"},"inLanguage":"fr-FR","potentialAction":[{"@type":"ReadAction","target":["https:\/\/officialmonttremblant.com\/fr\/activites\/activites-d-interieur\/centre-aquatique\/"]}]},{"@type":"ImageObject","inLanguage":"fr-FR","@id":"https:\/\/officialmonttremblant.com\/fr\/activites\/activites-d-interieur\/centre-aquatique\/#primaryimage","url":"https:\/\/officialmonttremblant.com\/wp-content\/uploads\/2022\/07\/Aquatic-Center.jpg","contentUrl":"https:\/\/officialmonttremblant.com\/wp-content\/uploads\/2022\/07\/Aquatic-Center.jpg","width":1024,"height":683,"caption":"indoor activities in Mont-Tremblant"},{"@type":"BreadcrumbList","@id":"https:\/\/officialmonttremblant.com\/fr\/activites\/activites-d-interieur\/centre-aquatique\/#breadcrumb","itemListElement":[{"@type":"ListItem","position":1,"name":"Home","item":"https:\/\/officialmonttremblant.com\/fr\/"},{"@type":"ListItem","position":2,"name":"Activit\u00e9s","item":"https:\/\/officialmonttremblant.com\/fr\/activites\/"},{"@type":"ListItem","position":3,"name":"Activit\u00e9s d&#8217;int\u00e9rieur","item":"https:\/\/officialmonttremblant.com\/fr\/activites\/activites-d-interieur\/"},{"@type":"ListItem","position":4,"name":"Centre aquatique"}]},{"@type":"WebSite","@id":"https:\/\/officialmonttremblant.com\/fr\/#website","url":"https:\/\/officialmonttremblant.com\/fr\/","name":"Official Mont Tremblant","description":"Vacation &amp; tourist guide in Mont Tremblant","potentialAction":[{"@type":"SearchAction","target":{"@type":"EntryPoint","urlTemplate":"https:\/\/officialmonttremblant.com\/fr\/?s={search_term_string}"},"query-input":{"@type":"PropertyValueSpecification","valueRequired":true,"valueName":"search_term_string"}}],"inLanguage":"fr-FR"}]}},"jetpack_sharing_enabled":true,"_links":{"self":[{"href":"https:\/\/officialmonttremblant.com\/fr\/wp-json\/wp\/v2\/pages\/25572","targetHints":{"allow":["GET"]}}],"collection":[{"href":"https:\/\/officialmonttremblant.com\/fr\/wp-json\/wp\/v2\/pages"}],"about":[{"href":"https:\/\/officialmonttremblant.com\/fr\/wp-json\/wp\/v2\/types\/page"}],"author":[{"embeddable":true,"href":"https:\/\/officialmonttremblant.com\/fr\/wp-json\/wp\/v2\/users\/1"}],"replies":[{"embeddable":true,"href":"https:\/\/officialmonttremblant.com\/fr\/wp-json\/wp\/v2\/comments?post=25572"}],"version-history":[{"count":3,"href":"https:\/\/officialmonttremblant.com\/fr\/wp-json\/wp\/v2\/pages\/25572\/revisions"}],"predecessor-version":[{"id":26687,"href":"https:\/\/officialmonttremblant.com\/fr\/wp-json\/wp\/v2\/pages\/25572\/revisions\/26687"}],"up":[{"embeddable":true,"href":"https:\/\/officialmonttremblant.com\/fr\/wp-json\/wp\/v2\/pages\/21144"}],"wp:featuredmedia":[{"embeddable":true,"href":"https:\/\/officialmonttremblant.com\/fr\/wp-json\/wp\/v2\/media\/16986"}],"wp:attachment":[{"href":"https:\/\/officialmonttremblant.com\/fr\/wp-json\/wp\/v2\/media?parent=25572"}],"curies":[{"name":"wp","href":"https:\/\/api.w.org\/{rel}","templated":true}]}}