{"id":25597,"date":"2022-10-06T11:26:41","date_gmt":"2022-10-06T15:26:41","guid":{"rendered":"https:\/\/officialmonttremblant.com\/beaute-et-bien-etre\/bien-etre\/meditation-mont-tremblant\/"},"modified":"2025-07-29T13:51:02","modified_gmt":"2025-07-29T17:51:02","slug":"meditation","status":"publish","type":"page","link":"https:\/\/officialmonttremblant.com\/fr\/beaute-et-bien-etre\/bien-etre\/meditation\/","title":{"rendered":"M\u00e9ditation \u00e0 Mont Tremblant"},"content":{"rendered":"<p>[vc_row][vc_column][vc_column_text]<span style=\"font-weight: 400;\">La m\u00e9ditation est une gymnastique de l&rsquo;esprit qui a pour but d&rsquo;aider notre esprit \u00e0 faire abstraction de nos pens\u00e9es nuisibles, superflues voire n\u00e9fastes.\u00a0<\/span><span style=\"font-weight: 400;\">Le cadre merveilleux de Mont Tremblant au coeur de la nature, l\u2019air pur\u00a0 et le silence environnant constitue l\u2019emplacement id\u00e9al pour se recueillir et pratiquer la m\u00e9ditation.<\/span><\/p>\n<p><span style=\"font-weight: 400;\">Voici 2 centres que nous vous recommandons \u00e0 Mont Tremblant.<\/span>[\/vc_column_text][\/vc_column][\/vc_row][vc_row][vc_column][vc_separator css=\u00a0\u00bb.vc_custom_1664458207535{padding-top: 40px !important;padding-bottom: 40px !important;}\u00a0\u00bb][vc_row_inner][vc_column_inner width=\u00a0\u00bb1\/4&Prime;][vc_single_image image=\u00a0\u00bb24314&Prime; img_size=\u00a0\u00bbfull\u00a0\u00bb][\/vc_column_inner][vc_column_inner width=\u00a0\u00bb3\/4&Prime;]<div class=\"dt-fancy-separator title-left h3-size style-disabled title-color\" style=\"width: 100%;\"><div class=\"dt-fancy-title\"><span class=\"separator-holder separator-left\"><\/span>M\u00e9ditation Mont Tremblant<span class=\"separator-holder separator-right\"><\/span><\/div><\/div>[vc_column_text css=\u00a0\u00bb.vc_custom_1666118945560{padding-bottom: 25px !important;}\u00a0\u00bb]Marilou organise des sessions de m\u00e9ditation mantra , en plein air \u00e0 Mont Tremblant ou virtuellement<br \/>\nCe type de m\u00e9ditation consiste \u00e0 r\u00e9p\u00e9ter lentement 108 fois un mantra en respirant profond\u00e9ment. Concentrez vous sur la prononciation du mantra afin qu&rsquo;il raisonne en vous, cr\u00e9ant ainsi un \u00e9tat de bien-\u00eatre et de l\u00e2cher-prise dans votre esprit.<br \/>\n[\/vc_column_text]<div class=\"uavc-list-icon uavc-list-icon-wrapper ult-adjust-bottom-margin   \"><ul class=\"uavc-list\"><li><div class=\"uavc-list-content\" id=\"list-icon-wrap-7588\">\n<div class=\"uavc-list-icon  \" data-animation=\"\" data-animation-delay=\"03\" style=\"margin-right:5px;\"><div class=\"ult-just-icon-wrapper  \"><div class=\"align-icon\" style=\"text-align:center;\">\n<div class=\"aio-icon none \"  style=\"color:#333333;font-size:25px;display:inline-block;\">\n\t<i class=\"icomoon-icomoonfree-16x16-mail4\"><\/i>\n<\/div><\/div><\/div>\n<\/div><span  data-ultimate-target='#list-icon-wrap-7588 .uavc-list-desc'  data-responsive-json-new='{\"font-size\":\"\",\"line-height\":\"\"}'  class=\"uavc-list-desc ult-responsive\" style=\"\"><a href=\"mailto:mahaharidasi@gmail.com\">mahaharidasi@gmail.com<\/a><\/span><\/div><\/li><li><div class=\"uavc-list-content\" id=\"list-icon-wrap-1724\">\n<div class=\"uavc-list-icon  \" data-animation=\"\" data-animation-delay=\"03\" style=\"margin-right:5px;\"><div class=\"ult-just-icon-wrapper  \"><div class=\"align-icon\" style=\"text-align:center;\">\n<div class=\"aio-icon none \"  style=\"color:#333333;font-size:25px;display:inline-block;\">\n\t<i class=\"fas fa-link\"><\/i>\n<\/div><\/div><\/div>\n<\/div><span  data-ultimate-target='#list-icon-wrap-1724 .uavc-list-desc'  data-responsive-json-new='{\"font-size\":\"\",\"line-height\":\"\"}'  class=\"uavc-list-desc ult-responsive\" style=\"\"><a href=\"https:\/\/www.facebook.com\/MeditationMontTremblant\" target=\"_blank\" rel=\"noopener\">https:\/\/www.facebook.com\/MeditationMontTremblant<\/a><\/span><\/div><\/li><\/ul><\/div>[\/vc_column_inner][\/vc_row_inner][\/vc_column][\/vc_row][vc_row][vc_column][vc_separator css=\u00a0\u00bb.vc_custom_1664458207535{padding-top: 40px !important;padding-bottom: 40px !important;}\u00a0\u00bb][vc_row_inner][vc_column_inner width=\u00a0\u00bb1\/4&Prime;][vc_single_image image=\u00a0\u00bb24314&Prime; img_size=\u00a0\u00bbfull\u00a0\u00bb][\/vc_column_inner][vc_column_inner width=\u00a0\u00bb3\/4&Prime;]<div class=\"dt-fancy-separator title-left h3-size style-disabled title-color\" style=\"width: 100%;\"><div class=\"dt-fancy-title\"><span class=\"separator-holder separator-left\"><\/span>Yoga M\u00e9ditation Canada<span class=\"separator-holder separator-right\"><\/span><\/div><\/div>[vc_column_text css=\u00a0\u00bb.vc_custom_1666118992195{padding-bottom: 25px !important;}\u00a0\u00bb]<span style=\"font-weight: 400;\">Yoga M\u00e9ditation Canada offre des cours de m\u00e9ditation, des rassemblements et des retraites \u00e0 plusieurs endroits au Canada parmi lesquels Mont Tremblant. <\/span><span style=\"font-weight: 400;\">Tous les\u00a0 professeurs pratiquent depuis longtemps la m\u00e9ditation des mantras. Leur vaste exp\u00e9rience leur permet de vous aider \u00e0 atteindre votre bien-\u00eatre physique, mental et spirituel optimal.<\/span>[\/vc_column_text]<div class=\"uavc-list-icon uavc-list-icon-wrapper ult-adjust-bottom-margin   \"><ul class=\"uavc-list\"><li><div class=\"uavc-list-content\" id=\"list-icon-wrap-4600\">\n<div class=\"uavc-list-icon  \" data-animation=\"\" data-animation-delay=\"03\" style=\"margin-right:5px;\"><div class=\"ult-just-icon-wrapper  \"><div class=\"align-icon\" style=\"text-align:center;\">\n<div class=\"aio-icon none \"  style=\"color:#333333;font-size:25px;display:inline-block;\">\n\t<i class=\"fas fa-link\"><\/i>\n<\/div><\/div><\/div>\n<\/div><span  data-ultimate-target='#list-icon-wrap-4600 .uavc-list-desc'  data-responsive-json-new='{\"font-size\":\"\",\"line-height\":\"\"}'  class=\"uavc-list-desc ult-responsive\" style=\"\"><a href=\"https:\/\/yogameditation.ca\/\" target=\"_blank\" rel=\"noopener\">https:\/\/yogameditation.ca\/<\/a><\/span><\/div><\/li><\/ul><\/div>[\/vc_column_inner][\/vc_row_inner][\/vc_column][\/vc_row]<\/p>\n","protected":false},"excerpt":{"rendered":"<p>[vc_row][vc_column][vc_column_text]La m\u00e9ditation est une gymnastique de l&rsquo;esprit qui a pour but d&rsquo;aider notre esprit \u00e0 faire abstraction de nos pens\u00e9es nuisibles, superflues voire n\u00e9fastes.\u00a0Le cadre merveilleux de Mont Tremblant au coeur de la nature, l\u2019air pur\u00a0 et le silence environnant constitue l\u2019emplacement id\u00e9al pour se recueillir et pratiquer la m\u00e9ditation. Voici 2 centres que nous&hellip;<\/p>\n","protected":false},"author":3,"featured_media":0,"parent":25493,"menu_order":0,"comment_status":"closed","ping_status":"closed","template":"","meta":{"footnotes":""},"class_list":["post-25597","page","type-page","status-publish","hentry","description-off"],"yoast_head":"<!-- This site is optimized with the Yoast SEO Premium plugin v26.5 (Yoast SEO v26.5) - https:\/\/yoast.com\/wordpress\/plugins\/seo\/ -->\n<title>M\u00e9ditation \u00e0 Mont Tremblant - Official Mont Tremblant<\/title>\n<meta name=\"description\" content=\"Official Mont Tremblant vous donne une liste de lieux de m\u00e9ditation au coeur de la nature, l&#039;air pur et le silence sont id\u00e9aux pour m\u00e9diter.\" \/>\n<meta name=\"robots\" content=\"index, follow, max-snippet:-1, max-image-preview:large, max-video-preview:-1\" \/>\n<link rel=\"canonical\" href=\"https:\/\/officialmonttremblant.com\/fr\/beaute-et-bien-etre\/bien-etre\/meditation\/\" \/>\n<meta property=\"og:locale\" content=\"fr_FR\" \/>\n<meta property=\"og:type\" content=\"article\" \/>\n<meta property=\"og:title\" content=\"M\u00e9ditation \u00e0 Mont Tremblant\" \/>\n<meta property=\"og:description\" content=\"Official Mont Tremblant vous donne une liste de lieux de m\u00e9ditation au coeur de la nature, l&#039;air pur et le silence sont id\u00e9aux pour m\u00e9diter.\" \/>\n<meta property=\"og:url\" content=\"https:\/\/officialmonttremblant.com\/fr\/beaute-et-bien-etre\/bien-etre\/meditation\/\" \/>\n<meta property=\"og:site_name\" content=\"Official Mont Tremblant\" \/>\n<meta property=\"article:modified_time\" content=\"2025-07-29T17:51:02+00:00\" \/>\n<meta name=\"twitter:card\" content=\"summary_large_image\" \/>\n<meta name=\"twitter:label1\" content=\"Dur\u00e9e de lecture estim\u00e9e\" \/>\n\t<meta name=\"twitter:data1\" content=\"2 minutes\" \/>\n<script type=\"application\/ld+json\" class=\"yoast-schema-graph\">{\"@context\":\"https:\/\/schema.org\",\"@graph\":[{\"@type\":\"WebPage\",\"@id\":\"https:\/\/officialmonttremblant.com\/fr\/beaute-et-bien-etre\/bien-etre\/meditation\/\",\"url\":\"https:\/\/officialmonttremblant.com\/fr\/beaute-et-bien-etre\/bien-etre\/meditation\/\",\"name\":\"M\u00e9ditation \u00e0 Mont Tremblant - Official Mont Tremblant\",\"isPartOf\":{\"@id\":\"https:\/\/officialmonttremblant.com\/fr\/#website\"},\"datePublished\":\"2022-10-06T15:26:41+00:00\",\"dateModified\":\"2025-07-29T17:51:02+00:00\",\"description\":\"Official Mont Tremblant vous donne une liste de lieux de m\u00e9ditation au coeur de la nature, l'air pur et le silence sont id\u00e9aux pour m\u00e9diter.\",\"breadcrumb\":{\"@id\":\"https:\/\/officialmonttremblant.com\/fr\/beaute-et-bien-etre\/bien-etre\/meditation\/#breadcrumb\"},\"inLanguage\":\"fr-FR\",\"potentialAction\":[{\"@type\":\"ReadAction\",\"target\":[\"https:\/\/officialmonttremblant.com\/fr\/beaute-et-bien-etre\/bien-etre\/meditation\/\"]}]},{\"@type\":\"BreadcrumbList\",\"@id\":\"https:\/\/officialmonttremblant.com\/fr\/beaute-et-bien-etre\/bien-etre\/meditation\/#breadcrumb\",\"itemListElement\":[{\"@type\":\"ListItem\",\"position\":1,\"name\":\"Home\",\"item\":\"https:\/\/officialmonttremblant.com\/fr\/\"},{\"@type\":\"ListItem\",\"position\":2,\"name\":\"Beaut\u00e9 et bien \u00eatre\",\"item\":\"https:\/\/officialmonttremblant.com\/fr\/beaute-et-bien-etre\/\"},{\"@type\":\"ListItem\",\"position\":3,\"name\":\"Bien-\u00eatre \u00e0 Mont Tremblant\",\"item\":\"https:\/\/officialmonttremblant.com\/fr\/beaute-et-bien-etre\/bien-etre\/\"},{\"@type\":\"ListItem\",\"position\":4,\"name\":\"M\u00e9ditation \u00e0 Mont Tremblant\"}]},{\"@type\":\"WebSite\",\"@id\":\"https:\/\/officialmonttremblant.com\/fr\/#website\",\"url\":\"https:\/\/officialmonttremblant.com\/fr\/\",\"name\":\"Official Mont Tremblant\",\"description\":\"Vacation &amp; tourist guide in Mont Tremblant\",\"potentialAction\":[{\"@type\":\"SearchAction\",\"target\":{\"@type\":\"EntryPoint\",\"urlTemplate\":\"https:\/\/officialmonttremblant.com\/fr\/?s={search_term_string}\"},\"query-input\":{\"@type\":\"PropertyValueSpecification\",\"valueRequired\":true,\"valueName\":\"search_term_string\"}}],\"inLanguage\":\"fr-FR\"}]}<\/script>\n<!-- \/ Yoast SEO Premium plugin. -->","yoast_head_json":{"title":"M\u00e9ditation \u00e0 Mont Tremblant - Official Mont Tremblant","description":"Official Mont Tremblant vous donne une liste de lieux de m\u00e9ditation au coeur de la nature, l'air pur et le silence sont id\u00e9aux pour m\u00e9diter.","robots":{"index":"index","follow":"follow","max-snippet":"max-snippet:-1","max-image-preview":"max-image-preview:large","max-video-preview":"max-video-preview:-1"},"canonical":"https:\/\/officialmonttremblant.com\/fr\/beaute-et-bien-etre\/bien-etre\/meditation\/","og_locale":"fr_FR","og_type":"article","og_title":"M\u00e9ditation \u00e0 Mont Tremblant","og_description":"Official Mont Tremblant vous donne une liste de lieux de m\u00e9ditation au coeur de la nature, l'air pur et le silence sont id\u00e9aux pour m\u00e9diter.","og_url":"https:\/\/officialmonttremblant.com\/fr\/beaute-et-bien-etre\/bien-etre\/meditation\/","og_site_name":"Official Mont Tremblant","article_modified_time":"2025-07-29T17:51:02+00:00","twitter_card":"summary_large_image","twitter_misc":{"Dur\u00e9e de lecture estim\u00e9e":"2 minutes"},"schema":{"@context":"https:\/\/schema.org","@graph":[{"@type":"WebPage","@id":"https:\/\/officialmonttremblant.com\/fr\/beaute-et-bien-etre\/bien-etre\/meditation\/","url":"https:\/\/officialmonttremblant.com\/fr\/beaute-et-bien-etre\/bien-etre\/meditation\/","name":"M\u00e9ditation \u00e0 Mont Tremblant - Official Mont Tremblant","isPartOf":{"@id":"https:\/\/officialmonttremblant.com\/fr\/#website"},"datePublished":"2022-10-06T15:26:41+00:00","dateModified":"2025-07-29T17:51:02+00:00","description":"Official Mont Tremblant vous donne une liste de lieux de m\u00e9ditation au coeur de la nature, l'air pur et le silence sont id\u00e9aux pour m\u00e9diter.","breadcrumb":{"@id":"https:\/\/officialmonttremblant.com\/fr\/beaute-et-bien-etre\/bien-etre\/meditation\/#breadcrumb"},"inLanguage":"fr-FR","potentialAction":[{"@type":"ReadAction","target":["https:\/\/officialmonttremblant.com\/fr\/beaute-et-bien-etre\/bien-etre\/meditation\/"]}]},{"@type":"BreadcrumbList","@id":"https:\/\/officialmonttremblant.com\/fr\/beaute-et-bien-etre\/bien-etre\/meditation\/#breadcrumb","itemListElement":[{"@type":"ListItem","position":1,"name":"Home","item":"https:\/\/officialmonttremblant.com\/fr\/"},{"@type":"ListItem","position":2,"name":"Beaut\u00e9 et bien \u00eatre","item":"https:\/\/officialmonttremblant.com\/fr\/beaute-et-bien-etre\/"},{"@type":"ListItem","position":3,"name":"Bien-\u00eatre \u00e0 Mont Tremblant","item":"https:\/\/officialmonttremblant.com\/fr\/beaute-et-bien-etre\/bien-etre\/"},{"@type":"ListItem","position":4,"name":"M\u00e9ditation \u00e0 Mont Tremblant"}]},{"@type":"WebSite","@id":"https:\/\/officialmonttremblant.com\/fr\/#website","url":"https:\/\/officialmonttremblant.com\/fr\/","name":"Official Mont Tremblant","description":"Vacation &amp; tourist guide in Mont Tremblant","potentialAction":[{"@type":"SearchAction","target":{"@type":"EntryPoint","urlTemplate":"https:\/\/officialmonttremblant.com\/fr\/?s={search_term_string}"},"query-input":{"@type":"PropertyValueSpecification","valueRequired":true,"valueName":"search_term_string"}}],"inLanguage":"fr-FR"}]}},"jetpack_sharing_enabled":true,"_links":{"self":[{"href":"https:\/\/officialmonttremblant.com\/fr\/wp-json\/wp\/v2\/pages\/25597","targetHints":{"allow":["GET"]}}],"collection":[{"href":"https:\/\/officialmonttremblant.com\/fr\/wp-json\/wp\/v2\/pages"}],"about":[{"href":"https:\/\/officialmonttremblant.com\/fr\/wp-json\/wp\/v2\/types\/page"}],"author":[{"embeddable":true,"href":"https:\/\/officialmonttremblant.com\/fr\/wp-json\/wp\/v2\/users\/3"}],"replies":[{"embeddable":true,"href":"https:\/\/officialmonttremblant.com\/fr\/wp-json\/wp\/v2\/comments?post=25597"}],"version-history":[{"count":5,"href":"https:\/\/officialmonttremblant.com\/fr\/wp-json\/wp\/v2\/pages\/25597\/revisions"}],"predecessor-version":[{"id":25956,"href":"https:\/\/officialmonttremblant.com\/fr\/wp-json\/wp\/v2\/pages\/25597\/revisions\/25956"}],"up":[{"embeddable":true,"href":"https:\/\/officialmonttremblant.com\/fr\/wp-json\/wp\/v2\/pages\/25493"}],"wp:attachment":[{"href":"https:\/\/officialmonttremblant.com\/fr\/wp-json\/wp\/v2\/media?parent=25597"}],"curies":[{"name":"wp","href":"https:\/\/api.w.org\/{rel}","templated":true}]}}