{"id":25621,"date":"2022-10-06T15:26:39","date_gmt":"2022-10-06T19:26:39","guid":{"rendered":"https:\/\/officialmonttremblant.com\/beaute-et-bien-etre\/beaute-et-esthetique\/nail-care\/"},"modified":"2025-07-29T13:24:52","modified_gmt":"2025-07-29T17:24:52","slug":"soin-des-ongles","status":"publish","type":"page","link":"https:\/\/officialmonttremblant.com\/fr\/beaute-et-bien-etre\/beaute-et-esthetique\/soin-des-ongles\/","title":{"rendered":"Soin des ongles \u00e0 Mont Tremblant"},"content":{"rendered":"<p>[vc_row][vc_column][vc_column_text]<span style=\"font-weight: 400;\">Les avantages des manucures et des p\u00e9dicures sont plus qu&rsquo;esth\u00e9tiques. Ces traitements am\u00e9liorent la sant\u00e9 des ongles, stimulent la circulation sanguine et rendent vos mains et vos pieds visiblement plus jeunes gr\u00e2ce \u00e0 l&rsquo;\u00e9limination des cellules mortes de la peau. Faire une manucure et une p\u00e9dicure vous procurera un r\u00e9el moment de relaxation\u00a0 pendant vos vacances \u00e0 Mont Tremblant.<\/span>[\/vc_column_text][\/vc_column][\/vc_row][vc_row][vc_column][vc_separator css=\u00a0\u00bb.vc_custom_1664458207535{padding-top: 40px !important;padding-bottom: 40px !important;}\u00a0\u00bb][vc_row_inner][vc_column_inner width=\u00a0\u00bb1\/4&Prime;][vc_single_image image=\u00a0\u00bb24708&Prime; img_size=\u00a0\u00bbfull\u00a0\u00bb][\/vc_column_inner][vc_column_inner width=\u00a0\u00bb3\/4&Prime;]<div class=\"dt-fancy-separator title-left h3-size style-disabled title-color\" style=\"width: 100%;\"><div class=\"dt-fancy-title\"><span class=\"separator-holder separator-left\"><\/span>Ono Spa<span class=\"separator-holder separator-right\"><\/span><\/div><\/div>[vc_column_text css=\u00a0\u00bb.vc_custom_1666123942947{padding-bottom: 25px !important;}\u00a0\u00bb]Entrez dans un monde de bien \u00eatre \u00e0 Ono Spa Bel Air Tremblant<br \/>\nProfitez de prestations exceptionnelles dans une atmosph\u00e8re ZEN et un cadre luxueux. Ono Spa \u00e0 Mont-Tremblant propose toute une gamme de soins allant des enveloppements corporels aux manucures, en passant par les p\u00e9dicures et les soins du visage. Tous les soins sont effectu\u00e9s par des professionnels dipl\u00f4m\u00e9s et sp\u00e9cialis\u00e9s dans leur domaine.<br \/>\n[\/vc_column_text]<div class=\"uavc-list-icon uavc-list-icon-wrapper ult-adjust-bottom-margin   \"><ul class=\"uavc-list\"><li><div class=\"uavc-list-content\" id=\"list-icon-wrap-5351\">\n<div class=\"uavc-list-icon  \" data-animation=\"\" data-animation-delay=\"03\" style=\"margin-right:5px;\"><div class=\"ult-just-icon-wrapper  \"><div class=\"align-icon\" style=\"text-align:center;\">\n<div class=\"aio-icon none \"  style=\"color:#333333;font-size:25px;display:inline-block;\">\n\t<i class=\"icomoon-the7-font-the7-phone-04\"><\/i>\n<\/div><\/div><\/div>\n<\/div><span  data-ultimate-target='#list-icon-wrap-5351 .uavc-list-desc'  data-responsive-json-new='{\"font-size\":\"\",\"line-height\":\"\"}'  class=\"uavc-list-desc ult-responsive\" style=\"\"><a href=\"tel:+1 819 717-2551\">1 819 717-2551<\/a><\/span><\/div><\/li><li><div class=\"uavc-list-content\" id=\"list-icon-wrap-6850\">\n<div class=\"uavc-list-icon  \" data-animation=\"\" data-animation-delay=\"03\" style=\"margin-right:5px;\"><div class=\"ult-just-icon-wrapper  \"><div class=\"align-icon\" style=\"text-align:center;\">\n<div class=\"aio-icon none \"  style=\"color:#333333;font-size:25px;display:inline-block;\">\n\t<i class=\"icomoon-icomoonfree-16x16-mail4\"><\/i>\n<\/div><\/div><\/div>\n<\/div><span  data-ultimate-target='#list-icon-wrap-6850 .uavc-list-desc'  data-responsive-json-new='{\"font-size\":\"\",\"line-height\":\"\"}'  class=\"uavc-list-desc ult-responsive\" style=\"\"><a href=\"mailto:info@onospatremblant.com\">info@onospatremblant.com<\/a><\/span><\/div><\/li><li><div class=\"uavc-list-content\" id=\"list-icon-wrap-5011\">\n<div class=\"uavc-list-icon  \" data-animation=\"\" data-animation-delay=\"03\" style=\"margin-right:5px;\"><div class=\"ult-just-icon-wrapper  \"><div class=\"align-icon\" style=\"text-align:center;\">\n<div class=\"aio-icon none \"  style=\"color:#333333;font-size:25px;display:inline-block;\">\n\t<i class=\"fas fa-link\"><\/i>\n<\/div><\/div><\/div>\n<\/div><span  data-ultimate-target='#list-icon-wrap-5011 .uavc-list-desc'  data-responsive-json-new='{\"font-size\":\"\",\"line-height\":\"\"}'  class=\"uavc-list-desc ult-responsive\" style=\"\"><a href=\"http:\/\/onospatremblant.com\" target=\"_blank\" rel=\"noopener\">http:\/\/onospatremblant.com<\/a><\/span><\/div><\/li><li><div class=\"uavc-list-content\" id=\"list-icon-wrap-6900\">\n<div class=\"uavc-list-icon  \" data-animation=\"\" data-animation-delay=\"03\" style=\"margin-right:5px;\"><div class=\"ult-just-icon-wrapper  \"><div class=\"align-icon\" style=\"text-align:center;\">\n<div class=\"aio-icon none \"  style=\"color:#333333;font-size:25px;display:inline-block;\">\n\t<i class=\"icomoon-icomoonfree-16x16-location2\"><\/i>\n<\/div><\/div><\/div>\n<\/div><span  data-ultimate-target='#list-icon-wrap-6900 .uavc-list-desc'  data-responsive-json-new='{\"font-size\":\"\",\"line-height\":\"\"}'  class=\"uavc-list-desc ult-responsive\" style=\"\"><span style=\"font-weight: 400;\">80 rue des Sept Sommets, Mont-Tremblant.<\/span><\/span><\/div><\/li><\/ul><\/div>[\/vc_column_inner][\/vc_row_inner][\/vc_column][\/vc_row][vc_row][vc_column][vc_separator css=\u00a0\u00bb.vc_custom_1664458207535{padding-top: 40px !important;padding-bottom: 40px !important;}\u00a0\u00bb][vc_row_inner][vc_column_inner width=\u00a0\u00bb1\/4&Prime;][vc_single_image image=\u00a0\u00bb24713&Prime; img_size=\u00a0\u00bbfull\u00a0\u00bb][\/vc_column_inner][vc_column_inner width=\u00a0\u00bb3\/4&Prime;]<div class=\"dt-fancy-separator title-left h3-size style-disabled title-color\" style=\"width: 100%;\"><div class=\"dt-fancy-title\"><span class=\"separator-holder separator-left\"><\/span>Scarlett Bar \u00e0 Ongles<span class=\"separator-holder separator-right\"><\/span><\/div><\/div>[vc_column_text css=\u00a0\u00bb.vc_custom_1666123969257{padding-bottom: 25px !important;}\u00a0\u00bb]<span style=\"font-weight: 400;\">En solo, entre amis ou en t\u00eate \u00e0 t\u00eate avec votre mini, Scarlett prendra\u00a0 soin de vous dans le confort d\u2019une\u00a0 ambiance girly, pose d\u2019ongle et recouvrement etc\u2026)<\/span>[\/vc_column_text]<div class=\"uavc-list-icon uavc-list-icon-wrapper ult-adjust-bottom-margin   \"><ul class=\"uavc-list\"><li><div class=\"uavc-list-content\" id=\"list-icon-wrap-4907\">\n<div class=\"uavc-list-icon  \" data-animation=\"\" data-animation-delay=\"03\" style=\"margin-right:5px;\"><div class=\"ult-just-icon-wrapper  \"><div class=\"align-icon\" style=\"text-align:center;\">\n<div class=\"aio-icon none \"  style=\"color:#333333;font-size:25px;display:inline-block;\">\n\t<i class=\"icomoon-the7-font-the7-phone-04\"><\/i>\n<\/div><\/div><\/div>\n<\/div><span  data-ultimate-target='#list-icon-wrap-4907 .uavc-list-desc'  data-responsive-json-new='{\"font-size\":\"\",\"line-height\":\"\"}'  class=\"uavc-list-desc ult-responsive\" style=\"\"><a href=\"tel:+1 819-717-1805\">+1 819-717-1805<\/a><\/span><\/div><\/li><li><div class=\"uavc-list-content\" id=\"list-icon-wrap-8208\">\n<div class=\"uavc-list-icon  \" data-animation=\"\" data-animation-delay=\"03\" style=\"margin-right:5px;\"><div class=\"ult-just-icon-wrapper  \"><div class=\"align-icon\" style=\"text-align:center;\">\n<div class=\"aio-icon none \"  style=\"color:#333333;font-size:25px;display:inline-block;\">\n\t<i class=\"icomoon-icomoonfree-16x16-location2\"><\/i>\n<\/div><\/div><\/div>\n<\/div><span  data-ultimate-target='#list-icon-wrap-8208 .uavc-list-desc'  data-responsive-json-new='{\"font-size\":\"\",\"line-height\":\"\"}'  class=\"uavc-list-desc ult-responsive\" style=\"\">807 Rue de St Jovite, Mont-Tremblant<\/span><\/div><\/li><\/ul><\/div>[\/vc_column_inner][\/vc_row_inner][\/vc_column][\/vc_row][vc_row][vc_column][vc_separator css=\u00a0\u00bb.vc_custom_1664458207535{padding-top: 40px !important;padding-bottom: 40px !important;}\u00a0\u00bb][vc_row_inner][vc_column_inner width=\u00a0\u00bb1\/4&Prime;][vc_single_image image=\u00a0\u00bb24718&Prime; img_size=\u00a0\u00bbfull\u00a0\u00bb][\/vc_column_inner][vc_column_inner width=\u00a0\u00bb3\/4&Prime;]<div class=\"dt-fancy-separator title-left h3-size style-disabled title-color\" style=\"width: 100%;\"><div class=\"dt-fancy-title\"><span class=\"separator-holder separator-left\"><\/span>C.NailsB<span class=\"separator-holder separator-right\"><\/span><\/div><\/div>[vc_column_text css=\u00a0\u00bb.vc_custom_1666123999322{padding-bottom: 25px !important;}\u00a0\u00bb]<span style=\"font-weight: 400;\">Claudine Boyer est technicienne en pose d\u2019ongles et \u00e0 l\u2019\u00e9coute de vos besoins ; Son expertise et la qualit\u00e9 de son salon en font une esth\u00e9ticienne \u00e0 succ\u00e8s. Retrouvez la au Rep\u00e8re Esth\u00e9tique ou vous trouverez \u00e9galement un\u00a0 espace boutique ; <\/span><span style=\"font-weight: 400;\">Les soins offerts sont nombreux; pose d\u2019ongles, vernis gel et plus encore !<\/span>[\/vc_column_text]<div class=\"uavc-list-icon uavc-list-icon-wrapper ult-adjust-bottom-margin   \"><ul class=\"uavc-list\"><li><div class=\"uavc-list-content\" id=\"list-icon-wrap-2850\">\n<div class=\"uavc-list-icon  \" data-animation=\"\" data-animation-delay=\"03\" style=\"margin-right:5px;\"><div class=\"ult-just-icon-wrapper  \"><div class=\"align-icon\" style=\"text-align:center;\">\n<div class=\"aio-icon none \"  style=\"color:#333333;font-size:25px;display:inline-block;\">\n\t<i class=\"icomoon-the7-font-the7-phone-04\"><\/i>\n<\/div><\/div><\/div>\n<\/div><span  data-ultimate-target='#list-icon-wrap-2850 .uavc-list-desc'  data-responsive-json-new='{\"font-size\":\"\",\"line-height\":\"\"}'  class=\"uavc-list-desc ult-responsive\" style=\"\"><a href=\"tel:+1 819-429-5597\">+1 819-429-5597<\/a><\/span><\/div><\/li><li><div class=\"uavc-list-content\" id=\"list-icon-wrap-3007\">\n<div class=\"uavc-list-icon  \" data-animation=\"\" data-animation-delay=\"03\" style=\"margin-right:5px;\"><div class=\"ult-just-icon-wrapper  \"><div class=\"align-icon\" style=\"text-align:center;\">\n<div class=\"aio-icon none \"  style=\"color:#333333;font-size:25px;display:inline-block;\">\n\t<i class=\"icomoon-icomoonfree-16x16-mail4\"><\/i>\n<\/div><\/div><\/div>\n<\/div><span  data-ultimate-target='#list-icon-wrap-3007 .uavc-list-desc'  data-responsive-json-new='{\"font-size\":\"\",\"line-height\":\"\"}'  class=\"uavc-list-desc ult-responsive\" style=\"\"><a href=\"mailto:c-nailsb@hotmail.com\">c-nailsb@hotmail.com<\/a><\/span><\/div><\/li><li><div class=\"uavc-list-content\" id=\"list-icon-wrap-1058\">\n<div class=\"uavc-list-icon  \" data-animation=\"\" data-animation-delay=\"03\" style=\"margin-right:5px;\"><div class=\"ult-just-icon-wrapper  \"><div class=\"align-icon\" style=\"text-align:center;\">\n<div class=\"aio-icon none \"  style=\"color:#333333;font-size:25px;display:inline-block;\">\n\t<i class=\"fas fa-link\"><\/i>\n<\/div><\/div><\/div>\n<\/div><span  data-ultimate-target='#list-icon-wrap-1058 .uavc-list-desc'  data-responsive-json-new='{\"font-size\":\"\",\"line-height\":\"\"}'  class=\"uavc-list-desc ult-responsive\" style=\"\"><a href=\"https:\/\/cnailsb.square.site\/\" target=\"_blank\" rel=\"noopener\">https:\/\/cnailsb.square.site\/<\/a><\/span><\/div><\/li><li><div class=\"uavc-list-content\" id=\"list-icon-wrap-2528\">\n<div class=\"uavc-list-icon  \" data-animation=\"\" data-animation-delay=\"03\" style=\"margin-right:5px;\"><div class=\"ult-just-icon-wrapper  \"><div class=\"align-icon\" style=\"text-align:center;\">\n<div class=\"aio-icon none \"  style=\"color:#333333;font-size:25px;display:inline-block;\">\n\t<i class=\"icomoon-icomoonfree-16x16-location2\"><\/i>\n<\/div><\/div><\/div>\n<\/div><span  data-ultimate-target='#list-icon-wrap-2528 .uavc-list-desc'  data-responsive-json-new='{\"font-size\":\"\",\"line-height\":\"\"}'  class=\"uavc-list-desc ult-responsive\" style=\"\">2-818 Saint-Jovite Street, Mont-Tremblant<br \/>\n<\/span><\/div><\/li><\/ul><\/div>[\/vc_column_inner][\/vc_row_inner][\/vc_column][\/vc_row]<\/p>\n","protected":false},"excerpt":{"rendered":"<p>[vc_row][vc_column][vc_column_text]Les avantages des manucures et des p\u00e9dicures sont plus qu&rsquo;esth\u00e9tiques. Ces traitements am\u00e9liorent la sant\u00e9 des ongles, stimulent la circulation sanguine et rendent vos mains et vos pieds visiblement plus jeunes gr\u00e2ce \u00e0 l&rsquo;\u00e9limination des cellules mortes de la peau. Faire une manucure et une p\u00e9dicure vous procurera un r\u00e9el moment de relaxation\u00a0 pendant vos&hellip;<\/p>\n","protected":false},"author":3,"featured_media":0,"parent":25498,"menu_order":0,"comment_status":"closed","ping_status":"closed","template":"","meta":{"footnotes":""},"class_list":["post-25621","page","type-page","status-publish","hentry","description-off"],"yoast_head":"<!-- This site is optimized with the Yoast SEO Premium plugin v26.5 (Yoast SEO v26.5) - https:\/\/yoast.com\/wordpress\/plugins\/seo\/ -->\n<title>Soin des ongles \u00e0 Mont Tremblant - Official Mont Tremblant<\/title>\n<meta name=\"description\" content=\"Official Mont Tremblant vous donne une liste de salons de manucure. Les manucures et les p\u00e9dicures sont plus que cosm\u00e9tiques, elles am\u00e9liorent la sant\u00e9 de vos ongles.\" \/>\n<meta name=\"robots\" content=\"index, follow, max-snippet:-1, max-image-preview:large, max-video-preview:-1\" \/>\n<link rel=\"canonical\" href=\"https:\/\/officialmonttremblant.com\/fr\/beaute-et-bien-etre\/beaute-et-esthetique\/soin-des-ongles\/\" \/>\n<meta property=\"og:locale\" content=\"fr_FR\" \/>\n<meta property=\"og:type\" content=\"article\" \/>\n<meta property=\"og:title\" content=\"Soin des ongles \u00e0 Mont Tremblant\" \/>\n<meta property=\"og:description\" content=\"Official Mont Tremblant vous donne une liste de salons de manucure. Les manucures et les p\u00e9dicures sont plus que cosm\u00e9tiques, elles am\u00e9liorent la sant\u00e9 de vos ongles.\" \/>\n<meta property=\"og:url\" content=\"https:\/\/officialmonttremblant.com\/fr\/beaute-et-bien-etre\/beaute-et-esthetique\/soin-des-ongles\/\" \/>\n<meta property=\"og:site_name\" content=\"Official Mont Tremblant\" \/>\n<meta property=\"article:modified_time\" content=\"2025-07-29T17:24:52+00:00\" \/>\n<meta name=\"twitter:card\" content=\"summary_large_image\" \/>\n<meta name=\"twitter:label1\" content=\"Dur\u00e9e de lecture estim\u00e9e\" \/>\n\t<meta name=\"twitter:data1\" content=\"2 minutes\" \/>\n<script type=\"application\/ld+json\" class=\"yoast-schema-graph\">{\"@context\":\"https:\/\/schema.org\",\"@graph\":[{\"@type\":\"WebPage\",\"@id\":\"https:\/\/officialmonttremblant.com\/fr\/beaute-et-bien-etre\/beaute-et-esthetique\/soin-des-ongles\/\",\"url\":\"https:\/\/officialmonttremblant.com\/fr\/beaute-et-bien-etre\/beaute-et-esthetique\/soin-des-ongles\/\",\"name\":\"Soin des ongles \u00e0 Mont Tremblant - Official Mont Tremblant\",\"isPartOf\":{\"@id\":\"https:\/\/officialmonttremblant.com\/fr\/#website\"},\"datePublished\":\"2022-10-06T19:26:39+00:00\",\"dateModified\":\"2025-07-29T17:24:52+00:00\",\"description\":\"Official Mont Tremblant vous donne une liste de salons de manucure. Les manucures et les p\u00e9dicures sont plus que cosm\u00e9tiques, elles am\u00e9liorent la sant\u00e9 de vos ongles.\",\"breadcrumb\":{\"@id\":\"https:\/\/officialmonttremblant.com\/fr\/beaute-et-bien-etre\/beaute-et-esthetique\/soin-des-ongles\/#breadcrumb\"},\"inLanguage\":\"fr-FR\",\"potentialAction\":[{\"@type\":\"ReadAction\",\"target\":[\"https:\/\/officialmonttremblant.com\/fr\/beaute-et-bien-etre\/beaute-et-esthetique\/soin-des-ongles\/\"]}]},{\"@type\":\"BreadcrumbList\",\"@id\":\"https:\/\/officialmonttremblant.com\/fr\/beaute-et-bien-etre\/beaute-et-esthetique\/soin-des-ongles\/#breadcrumb\",\"itemListElement\":[{\"@type\":\"ListItem\",\"position\":1,\"name\":\"Home\",\"item\":\"https:\/\/officialmonttremblant.com\/fr\/\"},{\"@type\":\"ListItem\",\"position\":2,\"name\":\"Beaut\u00e9 et bien \u00eatre\",\"item\":\"https:\/\/officialmonttremblant.com\/fr\/beaute-et-bien-etre\/\"},{\"@type\":\"ListItem\",\"position\":3,\"name\":\"Beaut\u00e9 et esth\u00e9tique \u00e0 Mont Tremblant\",\"item\":\"https:\/\/officialmonttremblant.com\/fr\/beaute-et-bien-etre\/beaute-et-esthetique\/\"},{\"@type\":\"ListItem\",\"position\":4,\"name\":\"Soin des ongles \u00e0 Mont Tremblant\"}]},{\"@type\":\"WebSite\",\"@id\":\"https:\/\/officialmonttremblant.com\/fr\/#website\",\"url\":\"https:\/\/officialmonttremblant.com\/fr\/\",\"name\":\"Official Mont Tremblant\",\"description\":\"Vacation &amp; tourist guide in Mont Tremblant\",\"potentialAction\":[{\"@type\":\"SearchAction\",\"target\":{\"@type\":\"EntryPoint\",\"urlTemplate\":\"https:\/\/officialmonttremblant.com\/fr\/?s={search_term_string}\"},\"query-input\":{\"@type\":\"PropertyValueSpecification\",\"valueRequired\":true,\"valueName\":\"search_term_string\"}}],\"inLanguage\":\"fr-FR\"}]}<\/script>\n<!-- \/ Yoast SEO Premium plugin. -->","yoast_head_json":{"title":"Soin des ongles \u00e0 Mont Tremblant - Official Mont Tremblant","description":"Official Mont Tremblant vous donne une liste de salons de manucure. Les manucures et les p\u00e9dicures sont plus que cosm\u00e9tiques, elles am\u00e9liorent la sant\u00e9 de vos ongles.","robots":{"index":"index","follow":"follow","max-snippet":"max-snippet:-1","max-image-preview":"max-image-preview:large","max-video-preview":"max-video-preview:-1"},"canonical":"https:\/\/officialmonttremblant.com\/fr\/beaute-et-bien-etre\/beaute-et-esthetique\/soin-des-ongles\/","og_locale":"fr_FR","og_type":"article","og_title":"Soin des ongles \u00e0 Mont Tremblant","og_description":"Official Mont Tremblant vous donne une liste de salons de manucure. Les manucures et les p\u00e9dicures sont plus que cosm\u00e9tiques, elles am\u00e9liorent la sant\u00e9 de vos ongles.","og_url":"https:\/\/officialmonttremblant.com\/fr\/beaute-et-bien-etre\/beaute-et-esthetique\/soin-des-ongles\/","og_site_name":"Official Mont Tremblant","article_modified_time":"2025-07-29T17:24:52+00:00","twitter_card":"summary_large_image","twitter_misc":{"Dur\u00e9e de lecture estim\u00e9e":"2 minutes"},"schema":{"@context":"https:\/\/schema.org","@graph":[{"@type":"WebPage","@id":"https:\/\/officialmonttremblant.com\/fr\/beaute-et-bien-etre\/beaute-et-esthetique\/soin-des-ongles\/","url":"https:\/\/officialmonttremblant.com\/fr\/beaute-et-bien-etre\/beaute-et-esthetique\/soin-des-ongles\/","name":"Soin des ongles \u00e0 Mont Tremblant - Official Mont Tremblant","isPartOf":{"@id":"https:\/\/officialmonttremblant.com\/fr\/#website"},"datePublished":"2022-10-06T19:26:39+00:00","dateModified":"2025-07-29T17:24:52+00:00","description":"Official Mont Tremblant vous donne une liste de salons de manucure. Les manucures et les p\u00e9dicures sont plus que cosm\u00e9tiques, elles am\u00e9liorent la sant\u00e9 de vos ongles.","breadcrumb":{"@id":"https:\/\/officialmonttremblant.com\/fr\/beaute-et-bien-etre\/beaute-et-esthetique\/soin-des-ongles\/#breadcrumb"},"inLanguage":"fr-FR","potentialAction":[{"@type":"ReadAction","target":["https:\/\/officialmonttremblant.com\/fr\/beaute-et-bien-etre\/beaute-et-esthetique\/soin-des-ongles\/"]}]},{"@type":"BreadcrumbList","@id":"https:\/\/officialmonttremblant.com\/fr\/beaute-et-bien-etre\/beaute-et-esthetique\/soin-des-ongles\/#breadcrumb","itemListElement":[{"@type":"ListItem","position":1,"name":"Home","item":"https:\/\/officialmonttremblant.com\/fr\/"},{"@type":"ListItem","position":2,"name":"Beaut\u00e9 et bien \u00eatre","item":"https:\/\/officialmonttremblant.com\/fr\/beaute-et-bien-etre\/"},{"@type":"ListItem","position":3,"name":"Beaut\u00e9 et esth\u00e9tique \u00e0 Mont Tremblant","item":"https:\/\/officialmonttremblant.com\/fr\/beaute-et-bien-etre\/beaute-et-esthetique\/"},{"@type":"ListItem","position":4,"name":"Soin des ongles \u00e0 Mont Tremblant"}]},{"@type":"WebSite","@id":"https:\/\/officialmonttremblant.com\/fr\/#website","url":"https:\/\/officialmonttremblant.com\/fr\/","name":"Official Mont Tremblant","description":"Vacation &amp; tourist guide in Mont Tremblant","potentialAction":[{"@type":"SearchAction","target":{"@type":"EntryPoint","urlTemplate":"https:\/\/officialmonttremblant.com\/fr\/?s={search_term_string}"},"query-input":{"@type":"PropertyValueSpecification","valueRequired":true,"valueName":"search_term_string"}}],"inLanguage":"fr-FR"}]}},"jetpack_sharing_enabled":true,"_links":{"self":[{"href":"https:\/\/officialmonttremblant.com\/fr\/wp-json\/wp\/v2\/pages\/25621","targetHints":{"allow":["GET"]}}],"collection":[{"href":"https:\/\/officialmonttremblant.com\/fr\/wp-json\/wp\/v2\/pages"}],"about":[{"href":"https:\/\/officialmonttremblant.com\/fr\/wp-json\/wp\/v2\/types\/page"}],"author":[{"embeddable":true,"href":"https:\/\/officialmonttremblant.com\/fr\/wp-json\/wp\/v2\/users\/3"}],"replies":[{"embeddable":true,"href":"https:\/\/officialmonttremblant.com\/fr\/wp-json\/wp\/v2\/comments?post=25621"}],"version-history":[{"count":6,"href":"https:\/\/officialmonttremblant.com\/fr\/wp-json\/wp\/v2\/pages\/25621\/revisions"}],"predecessor-version":[{"id":27148,"href":"https:\/\/officialmonttremblant.com\/fr\/wp-json\/wp\/v2\/pages\/25621\/revisions\/27148"}],"up":[{"embeddable":true,"href":"https:\/\/officialmonttremblant.com\/fr\/wp-json\/wp\/v2\/pages\/25498"}],"wp:attachment":[{"href":"https:\/\/officialmonttremblant.com\/fr\/wp-json\/wp\/v2\/media?parent=25621"}],"curies":[{"name":"wp","href":"https:\/\/api.w.org\/{rel}","templated":true}]}}