{"id":25651,"date":"2022-08-16T08:38:44","date_gmt":"2022-08-16T12:38:44","guid":{"rendered":"https:\/\/officialmonttremblant.com\/manger-boire-nuit\/restaurants\/best-reviewed\/"},"modified":"2025-07-29T12:15:01","modified_gmt":"2025-07-29T16:15:01","slug":"mieux-evalues","status":"publish","type":"page","link":"https:\/\/officialmonttremblant.com\/fr\/manger-boire-sortir\/restaurants\/mieux-evalues\/","title":{"rendered":"Mieux \u00e9valu\u00e9s restaurants"},"content":{"rendered":"<p>[vc_row content_placement=\u00a0\u00bbmiddle\u00a0\u00bb css=\u00a0\u00bb.vc_custom_1652473657427{padding-bottom: 50px !important;}\u00a0\u00bb][vc_column width=\u00a0\u00bb2\/3&Prime;]<div id=\"ultimate-heading-484769d1272bb2afa\" class=\"uvc-heading ult-adjust-bottom-margin ultimate-heading-484769d1272bb2afa uvc-9196  uvc-heading-default-font-sizes\" data-hspacer=\"line_only\"  data-halign=\"left\" style=\"text-align:left\"><div class=\"uvc-main-heading ult-responsive\"  data-ultimate-target='.uvc-heading.ultimate-heading-484769d1272bb2afa h2'  data-responsive-json-new='{\"font-size\":\"\",\"line-height\":\"\"}' ><h2 style=\"--font-weight:theme;margin-bottom:10px;\">Mieux \u00e9valu\u00e9s restaurants \u00e0 Mont Tremblant<\/h2><\/div><div class=\"uvc-heading-spacer line_only\" style=\"margin-bottom:15px;height:2px;\"><span class=\"uvc-headings-line\" style=\"border-style:solid;border-bottom-width:2px;border-color:#1e8449;width:70px;\"><\/span><\/div><div class=\"uvc-sub-heading ult-responsive\"  data-ultimate-target='.uvc-heading.ultimate-heading-484769d1272bb2afa .uvc-sub-heading '  data-responsive-json-new='{\"font-size\":\"\",\"line-height\":\"\"}'  style=\"font-weight:normal;margin-bottom:15px;\"><span style=\"font-weight: 400;\">En choisissant un restaurant \u00e0 Mont Tremblant, on fait face \u00e0 de nombreuses consid\u00e9rations. Les avis publi\u00e9s\u00a0 donnent certainement une id\u00e9e de la fa\u00e7on dont les autres personnes ont per\u00e7u un restaurant : cuisine, emplacement, ambiance, rapport qualit\u00e9 prix, service, hygi\u00e8ne etc\u2026<\/span><\/p>\n<p><span style=\"font-weight: 400;\">Alors pour vous faciliter la t\u00e2che, Officiel Mont Tremblant a s\u00e9lectionn\u00e9 pour vous les restaurants les mieux not\u00e9s \u00e0 Mont Tremblant . Et, bonne surprise, les meilleurs restaurants ne sont pas toujours les plus chers !<\/span><\/p>\n<p><span style=\"font-weight: 400;\">Voici notre best of !<\/span><\/div><\/div>[\/vc_column][vc_column width=\u00a0\u00bb1\/3&Prime;]<style type=\"text\/css\" data-type=\"the7_shortcodes-inline-css\">.shortcode-single-image-wrap.shortcode-single-image-5d03a6fceff809e693a3e7d8b5002c14.enable-bg-rollover .rollover i,\n.shortcode-single-image-wrap.shortcode-single-image-5d03a6fceff809e693a3e7d8b5002c14.enable-bg-rollover .rollover-video i {\n  background: -webkit-linear-gradient();\n  background: linear-gradient();\n}\n.shortcode-single-image-wrap.shortcode-single-image-5d03a6fceff809e693a3e7d8b5002c14 .rollover-icon {\n  font-size: 32px;\n  color: #ffffff;\n  min-width: 44px;\n  min-height: 44px;\n  line-height: 44px;\n  border-radius: 100px;\n  border-style: solid;\n  border-width: 0px;\n}\n.dt-icon-bg-on.shortcode-single-image-wrap.shortcode-single-image-5d03a6fceff809e693a3e7d8b5002c14 .rollover-icon {\n  background: rgba(255,255,255,0.3);\n  box-shadow: none;\n}\n<\/style><div class=\"shortcode-single-image-wrap shortcode-single-image-5d03a6fceff809e693a3e7d8b5002c14 alignnone  enable-bg-rollover dt-icon-bg-off\" style=\"margin-top:0px; margin-bottom:0px; margin-left:0px; margin-right:0px; width:600px;\"><div class=\"shortcode-single-image\"><div class=\"fancy-media-wrap  layzr-bg\" style=\"\"><img loading=\"lazy\" decoding=\"async\" class=\"preload-me lazy-load\" src=\"data:image\/svg+xml,%3Csvg%20xmlns%3D&#39;http%3A%2F%2Fwww.w3.org%2F2000%2Fsvg&#39;%20viewBox%3D&#39;0%200%20600%20600&#39;%2F%3E\" data-src=\"https:\/\/officialmonttremblant.com\/wp-content\/uploads\/2022\/05\/Mont-Tremblant-restaurants-600x600.jpg\" data-srcset=\"https:\/\/officialmonttremblant.com\/wp-content\/uploads\/2022\/05\/Mont-Tremblant-restaurants-600x600.jpg 600w, https:\/\/officialmonttremblant.com\/wp-content\/uploads\/2022\/05\/Mont-Tremblant-restaurants.jpg 1200w\" width=\"600\" height=\"600\"  data-dt-location=\"https:\/\/officialmonttremblant.com\/fr\/eat-drink-nightlife\/restaurants\/mont-tremblant-restaurants\/\" style=\"\" alt=\"\" \/><\/div><\/div><\/div>[\/vc_column][\/vc_row][vc_row][vc_column]<div class=\"lsd-list-view-wrapper  lsd-style-style1 lsd-font-m\" id=\"lsd_skin21984\" data-next-page=\"1\">\r\n\r\n    \r\n    \r\n    \r\n    \r\n    <div class=\"lsd-list-view-listings-wrapper lsd-viewstyle-list\">\r\n        <div class=\"lsd-listing-wrapper\">\r\n            <div class=\"lsd-alert lsd-info\">No Listing Found!<\/div>        <\/div>\r\n    <\/div>\r\n\r\n    \r\n    <\/div>[\/vc_column][\/vc_row]<\/p>\n","protected":false},"excerpt":{"rendered":"<p>[vc_row content_placement=\u00a0\u00bbmiddle\u00a0\u00bb css=\u00a0\u00bb.vc_custom_1652473657427{padding-bottom: 50px !important;}\u00a0\u00bb][vc_column width=\u00a0\u00bb2\/3&Prime;][\/vc_column][vc_column width=\u00a0\u00bb1\/3&Prime;][\/vc_column][\/vc_row][vc_row][vc_column][\/vc_column][\/vc_row]<\/p>\n","protected":false},"author":2,"featured_media":0,"parent":25625,"menu_order":0,"comment_status":"closed","ping_status":"closed","template":"","meta":{"footnotes":""},"class_list":["post-25651","page","type-page","status-publish","hentry","description-off"],"yoast_head":"<!-- This site is optimized with the Yoast SEO Premium plugin v26.5 (Yoast SEO v26.5) - https:\/\/yoast.com\/wordpress\/plugins\/seo\/ -->\n<title>Mieux \u00e9valu\u00e9s restaurants - Official Mont Tremblant<\/title>\n<meta name=\"description\" content=\"Official Mont Tremblant vous donne une liste des restaurants les mieux not\u00e9s. Les critiques donnent certainement une id\u00e9e de la fa\u00e7on dont les gens ont v\u00e9cu un restaurant.\" \/>\n<meta name=\"robots\" content=\"index, follow, max-snippet:-1, max-image-preview:large, max-video-preview:-1\" \/>\n<link rel=\"canonical\" href=\"https:\/\/officialmonttremblant.com\/fr\/manger-boire-sortir\/restaurants\/mieux-evalues\/\" \/>\n<meta property=\"og:locale\" content=\"fr_FR\" \/>\n<meta property=\"og:type\" content=\"article\" \/>\n<meta property=\"og:title\" content=\"Mieux \u00e9valu\u00e9s restaurants\" \/>\n<meta property=\"og:description\" content=\"Official Mont Tremblant vous donne une liste des restaurants les mieux not\u00e9s. Les critiques donnent certainement une id\u00e9e de la fa\u00e7on dont les gens ont v\u00e9cu un restaurant.\" \/>\n<meta property=\"og:url\" content=\"https:\/\/officialmonttremblant.com\/fr\/manger-boire-sortir\/restaurants\/mieux-evalues\/\" \/>\n<meta property=\"og:site_name\" content=\"Official Mont Tremblant\" \/>\n<meta property=\"article:modified_time\" content=\"2025-07-29T16:15:01+00:00\" \/>\n<meta name=\"twitter:card\" content=\"summary_large_image\" \/>\n<meta name=\"twitter:label1\" content=\"Dur\u00e9e de lecture estim\u00e9e\" \/>\n\t<meta name=\"twitter:data1\" content=\"1 minute\" \/>\n<script type=\"application\/ld+json\" class=\"yoast-schema-graph\">{\"@context\":\"https:\/\/schema.org\",\"@graph\":[{\"@type\":\"WebPage\",\"@id\":\"https:\/\/officialmonttremblant.com\/fr\/manger-boire-sortir\/restaurants\/mieux-evalues\/\",\"url\":\"https:\/\/officialmonttremblant.com\/fr\/manger-boire-sortir\/restaurants\/mieux-evalues\/\",\"name\":\"Mieux \u00e9valu\u00e9s restaurants - Official Mont Tremblant\",\"isPartOf\":{\"@id\":\"https:\/\/officialmonttremblant.com\/fr\/#website\"},\"datePublished\":\"2022-08-16T12:38:44+00:00\",\"dateModified\":\"2025-07-29T16:15:01+00:00\",\"description\":\"Official Mont Tremblant vous donne une liste des restaurants les mieux not\u00e9s. Les critiques donnent certainement une id\u00e9e de la fa\u00e7on dont les gens ont v\u00e9cu un restaurant.\",\"breadcrumb\":{\"@id\":\"https:\/\/officialmonttremblant.com\/fr\/manger-boire-sortir\/restaurants\/mieux-evalues\/#breadcrumb\"},\"inLanguage\":\"fr-FR\",\"potentialAction\":[{\"@type\":\"ReadAction\",\"target\":[\"https:\/\/officialmonttremblant.com\/fr\/manger-boire-sortir\/restaurants\/mieux-evalues\/\"]}]},{\"@type\":\"BreadcrumbList\",\"@id\":\"https:\/\/officialmonttremblant.com\/fr\/manger-boire-sortir\/restaurants\/mieux-evalues\/#breadcrumb\",\"itemListElement\":[{\"@type\":\"ListItem\",\"position\":1,\"name\":\"Home\",\"item\":\"https:\/\/officialmonttremblant.com\/fr\/\"},{\"@type\":\"ListItem\",\"position\":2,\"name\":\"Manger-Boire-Sortir\",\"item\":\"https:\/\/officialmonttremblant.com\/fr\/manger-boire-sortir\/\"},{\"@type\":\"ListItem\",\"position\":3,\"name\":\"Restaurants\",\"item\":\"https:\/\/officialmonttremblant.com\/fr\/manger-boire-sortir\/restaurants\/\"},{\"@type\":\"ListItem\",\"position\":4,\"name\":\"Mieux \u00e9valu\u00e9s restaurants\"}]},{\"@type\":\"WebSite\",\"@id\":\"https:\/\/officialmonttremblant.com\/fr\/#website\",\"url\":\"https:\/\/officialmonttremblant.com\/fr\/\",\"name\":\"Official Mont Tremblant\",\"description\":\"Vacation &amp; tourist guide in Mont Tremblant\",\"potentialAction\":[{\"@type\":\"SearchAction\",\"target\":{\"@type\":\"EntryPoint\",\"urlTemplate\":\"https:\/\/officialmonttremblant.com\/fr\/?s={search_term_string}\"},\"query-input\":{\"@type\":\"PropertyValueSpecification\",\"valueRequired\":true,\"valueName\":\"search_term_string\"}}],\"inLanguage\":\"fr-FR\"}]}<\/script>\n<!-- \/ Yoast SEO Premium plugin. -->","yoast_head_json":{"title":"Mieux \u00e9valu\u00e9s restaurants - Official Mont Tremblant","description":"Official Mont Tremblant vous donne une liste des restaurants les mieux not\u00e9s. Les critiques donnent certainement une id\u00e9e de la fa\u00e7on dont les gens ont v\u00e9cu un restaurant.","robots":{"index":"index","follow":"follow","max-snippet":"max-snippet:-1","max-image-preview":"max-image-preview:large","max-video-preview":"max-video-preview:-1"},"canonical":"https:\/\/officialmonttremblant.com\/fr\/manger-boire-sortir\/restaurants\/mieux-evalues\/","og_locale":"fr_FR","og_type":"article","og_title":"Mieux \u00e9valu\u00e9s restaurants","og_description":"Official Mont Tremblant vous donne une liste des restaurants les mieux not\u00e9s. Les critiques donnent certainement une id\u00e9e de la fa\u00e7on dont les gens ont v\u00e9cu un restaurant.","og_url":"https:\/\/officialmonttremblant.com\/fr\/manger-boire-sortir\/restaurants\/mieux-evalues\/","og_site_name":"Official Mont Tremblant","article_modified_time":"2025-07-29T16:15:01+00:00","twitter_card":"summary_large_image","twitter_misc":{"Dur\u00e9e de lecture estim\u00e9e":"1 minute"},"schema":{"@context":"https:\/\/schema.org","@graph":[{"@type":"WebPage","@id":"https:\/\/officialmonttremblant.com\/fr\/manger-boire-sortir\/restaurants\/mieux-evalues\/","url":"https:\/\/officialmonttremblant.com\/fr\/manger-boire-sortir\/restaurants\/mieux-evalues\/","name":"Mieux \u00e9valu\u00e9s restaurants - Official Mont Tremblant","isPartOf":{"@id":"https:\/\/officialmonttremblant.com\/fr\/#website"},"datePublished":"2022-08-16T12:38:44+00:00","dateModified":"2025-07-29T16:15:01+00:00","description":"Official Mont Tremblant vous donne une liste des restaurants les mieux not\u00e9s. Les critiques donnent certainement une id\u00e9e de la fa\u00e7on dont les gens ont v\u00e9cu un restaurant.","breadcrumb":{"@id":"https:\/\/officialmonttremblant.com\/fr\/manger-boire-sortir\/restaurants\/mieux-evalues\/#breadcrumb"},"inLanguage":"fr-FR","potentialAction":[{"@type":"ReadAction","target":["https:\/\/officialmonttremblant.com\/fr\/manger-boire-sortir\/restaurants\/mieux-evalues\/"]}]},{"@type":"BreadcrumbList","@id":"https:\/\/officialmonttremblant.com\/fr\/manger-boire-sortir\/restaurants\/mieux-evalues\/#breadcrumb","itemListElement":[{"@type":"ListItem","position":1,"name":"Home","item":"https:\/\/officialmonttremblant.com\/fr\/"},{"@type":"ListItem","position":2,"name":"Manger-Boire-Sortir","item":"https:\/\/officialmonttremblant.com\/fr\/manger-boire-sortir\/"},{"@type":"ListItem","position":3,"name":"Restaurants","item":"https:\/\/officialmonttremblant.com\/fr\/manger-boire-sortir\/restaurants\/"},{"@type":"ListItem","position":4,"name":"Mieux \u00e9valu\u00e9s restaurants"}]},{"@type":"WebSite","@id":"https:\/\/officialmonttremblant.com\/fr\/#website","url":"https:\/\/officialmonttremblant.com\/fr\/","name":"Official Mont Tremblant","description":"Vacation &amp; tourist guide in Mont Tremblant","potentialAction":[{"@type":"SearchAction","target":{"@type":"EntryPoint","urlTemplate":"https:\/\/officialmonttremblant.com\/fr\/?s={search_term_string}"},"query-input":{"@type":"PropertyValueSpecification","valueRequired":true,"valueName":"search_term_string"}}],"inLanguage":"fr-FR"}]}},"jetpack_sharing_enabled":true,"_links":{"self":[{"href":"https:\/\/officialmonttremblant.com\/fr\/wp-json\/wp\/v2\/pages\/25651","targetHints":{"allow":["GET"]}}],"collection":[{"href":"https:\/\/officialmonttremblant.com\/fr\/wp-json\/wp\/v2\/pages"}],"about":[{"href":"https:\/\/officialmonttremblant.com\/fr\/wp-json\/wp\/v2\/types\/page"}],"author":[{"embeddable":true,"href":"https:\/\/officialmonttremblant.com\/fr\/wp-json\/wp\/v2\/users\/2"}],"replies":[{"embeddable":true,"href":"https:\/\/officialmonttremblant.com\/fr\/wp-json\/wp\/v2\/comments?post=25651"}],"version-history":[{"count":18,"href":"https:\/\/officialmonttremblant.com\/fr\/wp-json\/wp\/v2\/pages\/25651\/revisions"}],"predecessor-version":[{"id":26035,"href":"https:\/\/officialmonttremblant.com\/fr\/wp-json\/wp\/v2\/pages\/25651\/revisions\/26035"}],"up":[{"embeddable":true,"href":"https:\/\/officialmonttremblant.com\/fr\/wp-json\/wp\/v2\/pages\/25625"}],"wp:attachment":[{"href":"https:\/\/officialmonttremblant.com\/fr\/wp-json\/wp\/v2\/media?parent=25651"}],"curies":[{"name":"wp","href":"https:\/\/api.w.org\/{rel}","templated":true}]}}