{"id":25855,"date":"2022-10-11T14:51:16","date_gmt":"2022-10-11T18:51:16","guid":{"rendered":"https:\/\/officialmonttremblant.com\/manger-boire-nuit\/bistrots\/old-village\/"},"modified":"2025-07-29T12:12:22","modified_gmt":"2025-07-29T16:12:22","slug":"vieux-village","status":"publish","type":"page","link":"https:\/\/officialmonttremblant.com\/fr\/manger-boire-sortir\/bistrots\/vieux-village\/","title":{"rendered":"Vieux village"},"content":{"rendered":"<p>[vc_row equal_height=\u00a0\u00bbyes\u00a0\u00bb content_placement=\u00a0\u00bbmiddle\u00a0\u00bb css=\u00a0\u00bb.vc_custom_1652473523430{padding-bottom: 50px !important;}\u00a0\u00bb][vc_column width=\u00a0\u00bb2\/3&Prime;]<div id=\"ultimate-heading-92269e3e170edde2\" class=\"uvc-heading ult-adjust-bottom-margin ultimate-heading-92269e3e170edde2 uvc-7381  uvc-heading-default-font-sizes\" data-hspacer=\"line_only\"  data-halign=\"left\" style=\"text-align:left\"><div class=\"uvc-main-heading ult-responsive\"  data-ultimate-target='.uvc-heading.ultimate-heading-92269e3e170edde2 h2'  data-responsive-json-new='{\"font-size\":\"\",\"line-height\":\"\"}' ><h2 style=\"--font-weight:theme;margin-bottom:10px;\">Bistrots \u00e0 Vieux Village, Mont Tremblant<\/h2><\/div><div class=\"uvc-heading-spacer line_only\" style=\"margin-bottom:15px;height:2px;\"><span class=\"uvc-headings-line\" style=\"border-style:solid;border-bottom-width:2px;border-color:#1e8449;width:70px;\"><\/span><\/div><div class=\"uvc-sub-heading ult-responsive\"  data-ultimate-target='.uvc-heading.ultimate-heading-92269e3e170edde2 .uvc-sub-heading '  data-responsive-json-new='{\"font-size\":\"\",\"line-height\":\"\"}'  style=\"font-weight:normal;margin-bottom:15px;\"><span style=\"font-weight: 400;\">Si vous vous trouvez dans le vieux village de Mont Tremblant et que vous avez envie de manger quelque chose de simple \u00e0 prix mod\u00e9r\u00e9 mais toujours d\u00e9licieux, alors vous devrez certainement entrer dans l&rsquo;un des bistros .<\/span><\/p>\n<p><span style=\"font-weight: 400;\">Les bistros du vieux village de Mont Tremblant offrent un service rapide et des plats traditionnels. Vous pourrez y d\u00e9guster une cuisine gastronomique sans les formalit\u00e9s d&rsquo;un restaurant \u00e9l\u00e9gant, mais avec la garantie de fra\u00eecheur et d&rsquo;ingr\u00e9dients sains.<\/span><\/p>\n<p><span style=\"font-weight: 400;\">Official Mont Tremblant vous indique o\u00f9 dans le vieux village vous pourrez deguster des plats gastronomiques dans une ambiance d\u00e9contract\u00e9e, avec un service rapide,\u00a0 un prix abordable, et un excellent verre de vin !\u00a0<\/span><\/div><\/div>[\/vc_column][vc_column width=\u00a0\u00bb1\/3&Prime;]<style type=\"text\/css\" data-type=\"the7_shortcodes-inline-css\">.shortcode-single-image-wrap.shortcode-single-image-8e3d0513e98fb5d09f054fac1669a613.enable-bg-rollover .rollover i,\n.shortcode-single-image-wrap.shortcode-single-image-8e3d0513e98fb5d09f054fac1669a613.enable-bg-rollover .rollover-video i {\n  background: -webkit-linear-gradient();\n  background: linear-gradient();\n}\n.shortcode-single-image-wrap.shortcode-single-image-8e3d0513e98fb5d09f054fac1669a613 .rollover-icon {\n  font-size: 32px;\n  color: #ffffff;\n  min-width: 44px;\n  min-height: 44px;\n  line-height: 44px;\n  border-radius: 100px;\n  border-style: solid;\n  border-width: 0px;\n}\n.dt-icon-bg-on.shortcode-single-image-wrap.shortcode-single-image-8e3d0513e98fb5d09f054fac1669a613 .rollover-icon {\n  background: rgba(255,255,255,0.3);\n  box-shadow: none;\n}\n<\/style><div class=\"shortcode-single-image-wrap shortcode-single-image-8e3d0513e98fb5d09f054fac1669a613 alignnone  enable-bg-rollover dt-icon-bg-off\" style=\"margin-top:0px; margin-bottom:0px; margin-left:0px; margin-right:0px; width:600px;\"><div class=\"shortcode-single-image\"><div class=\"fancy-media-wrap  layzr-bg\" style=\"\"><img loading=\"lazy\" decoding=\"async\" class=\"preload-me lazy-load\" src=\"data:image\/svg+xml,%3Csvg%20xmlns%3D&#39;http%3A%2F%2Fwww.w3.org%2F2000%2Fsvg&#39;%20viewBox%3D&#39;0%200%20600%20352&#39;%2F%3E\" data-src=\"https:\/\/officialmonttremblant.com\/wp-content\/uploads\/2022\/10\/1899-Chemin-du-Village-Copy-1024x601-1-600x352.jpg\" data-srcset=\"https:\/\/officialmonttremblant.com\/wp-content\/uploads\/2022\/10\/1899-Chemin-du-Village-Copy-1024x601-1-600x352.jpg 600w, https:\/\/officialmonttremblant.com\/wp-content\/uploads\/2022\/10\/1899-Chemin-du-Village-Copy-1024x601-1.jpg 1024w\" width=\"600\" height=\"352\"  data-dt-location=\"https:\/\/officialmonttremblant.com\/fr\/eat-drink-nightlife\/bistros\/old-village\/1899-chemin-du-village-copy-1024x601-2\/\" style=\"\" alt=\"\" \/><\/div><\/div><\/div>[\/vc_column][\/vc_row][vc_row][vc_column]<div class=\"lsd-list-view-wrapper  lsd-style-style1 lsd-font-m\" id=\"lsd_skin25845\" data-next-page=\"2\">\r\n\r\n    \r\n    \r\n    \r\n    \r\n    <div class=\"lsd-list-view-listings-wrapper lsd-viewstyle-list\">\r\n        <div class=\"lsd-listing-wrapper\">\r\n            \r\n            <div class=\"lsd-row\">\r\n        <div class=\"lsd-col-12\">\r\n        <div class=\"lsd-listing\" itemscope itemtype=\"https:\/\/schema.org\/LocalBusiness\">\r\n\r\n                        <div class=\"lsd-listing-image lsd-has-image\">\r\n\t\t\t\t<a class=\"lsd-cover-img-wrapper lsd-has-image\" href=\"https:\/\/officialmonttremblant.com\/fr\/listings\/la-sandwicherie-2\/\" itemprop=\"url\" itemscope itemtype=\"http:\/\/schema.org\/ImageObject\">\r\n    <img data-recalc-dims=\"1\" loading=\"lazy\" decoding=\"async\" width=\"347\" height=\"260\" src=\"https:\/\/i0.wp.com\/officialmonttremblant.com\/wp-content\/uploads\/2022\/08\/La-Sandwicherie-MAIN-1.jpg?resize=347%2C260&#038;ssl=1\" class=\"attachment-390x260 size-390x260 wp-post-image\" alt=\"\" itemprop=\"&quot;contentUrl&quot;\" \/><\/a>\r\n            <\/div>\r\n            \r\n            <div class=\"lsd-listing-body\">\r\n\t\t\t\t\t\t\t\t\r\n\t\t\t\t\t\t\t\t\r\n\t\t\t\t\t\t\t\r\n                <h3 class=\"lsd-listing-title\" itemprop=\"name\">\r\n                    <a href=\"https:\/\/officialmonttremblant.com\/fr\/listings\/la-sandwicherie-2\/\" itemprop=\"url\">La <strong>Sandwicherie<\/strong><\/a>                <\/h3>\r\n\r\n                \t\t\t\t\r\n\t\t\t\t<div class=\"lsd-listing-contact-info\">\r\n                    <div class=\"lsd-contact-info\">\r\n    <ul>\r\n\r\n                <li>\r\n\t\t\t<strong><i class=\"lsd-icon fas fa-phone-alt\"><\/i><\/strong>\r\n\t\t\t<span itemprop=\"telephone\">\r\n\t\t\t\t<a href=\"tel:819-717-1559\">819-717-1559<\/a>\r\n\t\t\t<\/span>\r\n\t\t<\/li>\r\n        \r\n                <li>\r\n\t\t\t<strong><i class=\"lsd-icon fa fa-envelope\"><\/i><\/strong>\r\n\t\t\t<span itemprop=\"email\">\r\n\t\t\t\t<a href=\"mailto:info@lasandwicherie.ca\">info@lasandwicherie.ca<\/a>\r\n\t\t\t<\/span>\r\n\t\t<\/li>\r\n        \r\n                <li>\r\n            <strong><i class=\"lsd-icon fas fa-link\"><\/i><\/strong>\r\n            <span>\r\n                <a href=\"https:\/\/www.lasandwicherie.ca\/\">https:\/\/www.lasandwicherie.ca\/<\/a>\r\n            <\/span>\r\n        <\/li>\r\n        \r\n                <li>\r\n            <strong><i class=\"lsd-icon fas fa-search-location\"><\/i><\/strong>\r\n            <span>1918, Chemin du Village Mont-Tremblant<\/span>\r\n        <\/li>\r\n        \r\n    <\/ul>\r\n\r\n    <\/div>                <\/div>\r\n\t\t\t\t\r\n                <div class=\"lsd-listing-bottom-bar\">\r\n\t\t\t\t\t\t\t\t\t\r\n\t\t\t\t\t<div class=\"lsd-listing-price\" itemprop=\"priceRange\">\r\n\t\t\t\t\t\t\t\t\t\t\t<\/div>\r\n                <\/div>\r\n            <\/div>\r\n        <\/div>\r\n    <\/div>\r\n\r\n            <\/div>\r\n    \r\n    \r\n            <div class=\"lsd-row\">\r\n        <div class=\"lsd-col-12\">\r\n        <div class=\"lsd-listing\" itemscope itemtype=\"https:\/\/schema.org\/LocalBusiness\">\r\n\r\n                        <div class=\"lsd-listing-image lsd-has-image\">\r\n\t\t\t\t<a class=\"lsd-cover-img-wrapper lsd-has-image\" href=\"https:\/\/officialmonttremblant.com\/fr\/listings\/chez-david-restaurant-2\/\" itemprop=\"url\" itemscope itemtype=\"http:\/\/schema.org\/ImageObject\">\r\n    <img data-recalc-dims=\"1\" loading=\"lazy\" decoding=\"async\" width=\"390\" height=\"219\" src=\"https:\/\/i0.wp.com\/officialmonttremblant.com\/wp-content\/uploads\/2022\/08\/Chez-David-MAIN-1.jpg?resize=390%2C219&#038;ssl=1\" class=\"attachment-390x260 size-390x260 wp-post-image\" alt=\"\" itemprop=\"&quot;contentUrl&quot;\" \/><\/a>\r\n            <\/div>\r\n            \r\n            <div class=\"lsd-listing-body\">\r\n\t\t\t\t\t\t\t\t\r\n\t\t\t\t\t\t\t\t\r\n\t\t\t\t\t\t\t\r\n                <h3 class=\"lsd-listing-title\" itemprop=\"name\">\r\n                    <a href=\"https:\/\/officialmonttremblant.com\/fr\/listings\/chez-david-restaurant-2\/\" itemprop=\"url\">Chez David <strong>Restaurant<\/strong><\/a>                <\/h3>\r\n\r\n                \t\t\t\t\r\n\t\t\t\t<div class=\"lsd-listing-contact-info\">\r\n                    <div class=\"lsd-contact-info\">\r\n    <ul>\r\n\r\n                <li>\r\n\t\t\t<strong><i class=\"lsd-icon fas fa-phone-alt\"><\/i><\/strong>\r\n\t\t\t<span itemprop=\"telephone\">\r\n\t\t\t\t<a href=\"tel:819-717-3020\">819-717-3020<\/a>\r\n\t\t\t<\/span>\r\n\t\t<\/li>\r\n        \r\n        \r\n                <li>\r\n            <strong><i class=\"lsd-icon fas fa-link\"><\/i><\/strong>\r\n            <span>\r\n                <a href=\"https:\/\/chezdavidrestaurant.com\/en\/frontpage\/\">https:\/\/chezdavidrestaurant.com\/en\/frontpage\/<\/a>\r\n            <\/span>\r\n        <\/li>\r\n        \r\n                <li>\r\n            <strong><i class=\"lsd-icon fas fa-search-location\"><\/i><\/strong>\r\n            <span>2151 Chemin du Village, Mont-Tremblant<\/span>\r\n        <\/li>\r\n        \r\n    <\/ul>\r\n\r\n    <\/div>                <\/div>\r\n\t\t\t\t\r\n                <div class=\"lsd-listing-bottom-bar\">\r\n\t\t\t\t\t\t\t\t\t\r\n\t\t\t\t\t<div class=\"lsd-listing-price\" itemprop=\"priceRange\">\r\n\t\t\t\t\t\t\t\t\t\t\t<\/div>\r\n                <\/div>\r\n            <\/div>\r\n        <\/div>\r\n    <\/div>\r\n\r\n            <\/div>\r\n    \r\n            <\/div>\r\n    <\/div>\r\n\r\n    \r\n    <\/div>[\/vc_column][\/vc_row]<\/p>\n","protected":false},"excerpt":{"rendered":"<p>[vc_row equal_height=\u00a0\u00bbyes\u00a0\u00bb content_placement=\u00a0\u00bbmiddle\u00a0\u00bb css=\u00a0\u00bb.vc_custom_1652473523430{padding-bottom: 50px !important;}\u00a0\u00bb][vc_column width=\u00a0\u00bb2\/3&Prime;][\/vc_column][vc_column width=\u00a0\u00bb1\/3&Prime;][\/vc_column][\/vc_row][vc_row][vc_column][\/vc_column][\/vc_row]<\/p>\n","protected":false},"author":3,"featured_media":0,"parent":21151,"menu_order":0,"comment_status":"closed","ping_status":"closed","template":"","meta":{"footnotes":""},"class_list":["post-25855","page","type-page","status-publish","hentry","description-off"],"yoast_head":"<!-- This site is optimized with the Yoast SEO Premium plugin v26.5 (Yoast SEO v26.5) - https:\/\/yoast.com\/wordpress\/plugins\/seo\/ -->\n<title>Bistrots \u00e0 Vieux village - Official Mont Tremblant<\/title>\n<meta name=\"description\" content=\"Official Mont Tremblant vous donne plus d&#039;informations sur les bistrots du Vieux Village, ambiance conviviale, avec des menus simples.\" \/>\n<meta name=\"robots\" content=\"index, follow, max-snippet:-1, max-image-preview:large, max-video-preview:-1\" \/>\n<link rel=\"canonical\" href=\"https:\/\/officialmonttremblant.com\/fr\/manger-boire-sortir\/bistrots\/vieux-village\/\" \/>\n<meta property=\"og:locale\" content=\"fr_FR\" \/>\n<meta property=\"og:type\" content=\"article\" \/>\n<meta property=\"og:title\" content=\"Vieux village\" \/>\n<meta property=\"og:description\" content=\"Official Mont Tremblant vous donne plus d&#039;informations sur les bistrots du Vieux Village, ambiance conviviale, avec des menus simples.\" \/>\n<meta property=\"og:url\" content=\"https:\/\/officialmonttremblant.com\/fr\/manger-boire-sortir\/bistrots\/vieux-village\/\" \/>\n<meta property=\"og:site_name\" content=\"Official Mont Tremblant\" \/>\n<meta property=\"article:modified_time\" content=\"2025-07-29T16:12:22+00:00\" \/>\n<meta name=\"twitter:card\" content=\"summary_large_image\" \/>\n<meta name=\"twitter:label1\" content=\"Dur\u00e9e de lecture estim\u00e9e\" \/>\n\t<meta name=\"twitter:data1\" content=\"1 minute\" \/>\n<script type=\"application\/ld+json\" class=\"yoast-schema-graph\">{\"@context\":\"https:\/\/schema.org\",\"@graph\":[{\"@type\":\"WebPage\",\"@id\":\"https:\/\/officialmonttremblant.com\/fr\/manger-boire-sortir\/bistrots\/vieux-village\/\",\"url\":\"https:\/\/officialmonttremblant.com\/fr\/manger-boire-sortir\/bistrots\/vieux-village\/\",\"name\":\"Bistrots \u00e0 Vieux village - Official Mont Tremblant\",\"isPartOf\":{\"@id\":\"https:\/\/officialmonttremblant.com\/fr\/#website\"},\"datePublished\":\"2022-10-11T18:51:16+00:00\",\"dateModified\":\"2025-07-29T16:12:22+00:00\",\"description\":\"Official Mont Tremblant vous donne plus d'informations sur les bistrots du Vieux Village, ambiance conviviale, avec des menus simples.\",\"breadcrumb\":{\"@id\":\"https:\/\/officialmonttremblant.com\/fr\/manger-boire-sortir\/bistrots\/vieux-village\/#breadcrumb\"},\"inLanguage\":\"fr-FR\",\"potentialAction\":[{\"@type\":\"ReadAction\",\"target\":[\"https:\/\/officialmonttremblant.com\/fr\/manger-boire-sortir\/bistrots\/vieux-village\/\"]}]},{\"@type\":\"BreadcrumbList\",\"@id\":\"https:\/\/officialmonttremblant.com\/fr\/manger-boire-sortir\/bistrots\/vieux-village\/#breadcrumb\",\"itemListElement\":[{\"@type\":\"ListItem\",\"position\":1,\"name\":\"Home\",\"item\":\"https:\/\/officialmonttremblant.com\/fr\/\"},{\"@type\":\"ListItem\",\"position\":2,\"name\":\"Manger-Boire-Sortir\",\"item\":\"https:\/\/officialmonttremblant.com\/fr\/manger-boire-sortir\/\"},{\"@type\":\"ListItem\",\"position\":3,\"name\":\"Bistrots\",\"item\":\"https:\/\/officialmonttremblant.com\/fr\/manger-boire-sortir\/bistrots\/\"},{\"@type\":\"ListItem\",\"position\":4,\"name\":\"Vieux village\"}]},{\"@type\":\"WebSite\",\"@id\":\"https:\/\/officialmonttremblant.com\/fr\/#website\",\"url\":\"https:\/\/officialmonttremblant.com\/fr\/\",\"name\":\"Official Mont Tremblant\",\"description\":\"Vacation &amp; tourist guide in Mont Tremblant\",\"potentialAction\":[{\"@type\":\"SearchAction\",\"target\":{\"@type\":\"EntryPoint\",\"urlTemplate\":\"https:\/\/officialmonttremblant.com\/fr\/?s={search_term_string}\"},\"query-input\":{\"@type\":\"PropertyValueSpecification\",\"valueRequired\":true,\"valueName\":\"search_term_string\"}}],\"inLanguage\":\"fr-FR\"}]}<\/script>\n<!-- \/ Yoast SEO Premium plugin. -->","yoast_head_json":{"title":"Bistrots \u00e0 Vieux village - Official Mont Tremblant","description":"Official Mont Tremblant vous donne plus d'informations sur les bistrots du Vieux Village, ambiance conviviale, avec des menus simples.","robots":{"index":"index","follow":"follow","max-snippet":"max-snippet:-1","max-image-preview":"max-image-preview:large","max-video-preview":"max-video-preview:-1"},"canonical":"https:\/\/officialmonttremblant.com\/fr\/manger-boire-sortir\/bistrots\/vieux-village\/","og_locale":"fr_FR","og_type":"article","og_title":"Vieux village","og_description":"Official Mont Tremblant vous donne plus d'informations sur les bistrots du Vieux Village, ambiance conviviale, avec des menus simples.","og_url":"https:\/\/officialmonttremblant.com\/fr\/manger-boire-sortir\/bistrots\/vieux-village\/","og_site_name":"Official Mont Tremblant","article_modified_time":"2025-07-29T16:12:22+00:00","twitter_card":"summary_large_image","twitter_misc":{"Dur\u00e9e de lecture estim\u00e9e":"1 minute"},"schema":{"@context":"https:\/\/schema.org","@graph":[{"@type":"WebPage","@id":"https:\/\/officialmonttremblant.com\/fr\/manger-boire-sortir\/bistrots\/vieux-village\/","url":"https:\/\/officialmonttremblant.com\/fr\/manger-boire-sortir\/bistrots\/vieux-village\/","name":"Bistrots \u00e0 Vieux village - Official Mont Tremblant","isPartOf":{"@id":"https:\/\/officialmonttremblant.com\/fr\/#website"},"datePublished":"2022-10-11T18:51:16+00:00","dateModified":"2025-07-29T16:12:22+00:00","description":"Official Mont Tremblant vous donne plus d'informations sur les bistrots du Vieux Village, ambiance conviviale, avec des menus simples.","breadcrumb":{"@id":"https:\/\/officialmonttremblant.com\/fr\/manger-boire-sortir\/bistrots\/vieux-village\/#breadcrumb"},"inLanguage":"fr-FR","potentialAction":[{"@type":"ReadAction","target":["https:\/\/officialmonttremblant.com\/fr\/manger-boire-sortir\/bistrots\/vieux-village\/"]}]},{"@type":"BreadcrumbList","@id":"https:\/\/officialmonttremblant.com\/fr\/manger-boire-sortir\/bistrots\/vieux-village\/#breadcrumb","itemListElement":[{"@type":"ListItem","position":1,"name":"Home","item":"https:\/\/officialmonttremblant.com\/fr\/"},{"@type":"ListItem","position":2,"name":"Manger-Boire-Sortir","item":"https:\/\/officialmonttremblant.com\/fr\/manger-boire-sortir\/"},{"@type":"ListItem","position":3,"name":"Bistrots","item":"https:\/\/officialmonttremblant.com\/fr\/manger-boire-sortir\/bistrots\/"},{"@type":"ListItem","position":4,"name":"Vieux village"}]},{"@type":"WebSite","@id":"https:\/\/officialmonttremblant.com\/fr\/#website","url":"https:\/\/officialmonttremblant.com\/fr\/","name":"Official Mont Tremblant","description":"Vacation &amp; tourist guide in Mont Tremblant","potentialAction":[{"@type":"SearchAction","target":{"@type":"EntryPoint","urlTemplate":"https:\/\/officialmonttremblant.com\/fr\/?s={search_term_string}"},"query-input":{"@type":"PropertyValueSpecification","valueRequired":true,"valueName":"search_term_string"}}],"inLanguage":"fr-FR"}]}},"jetpack_sharing_enabled":true,"_links":{"self":[{"href":"https:\/\/officialmonttremblant.com\/fr\/wp-json\/wp\/v2\/pages\/25855","targetHints":{"allow":["GET"]}}],"collection":[{"href":"https:\/\/officialmonttremblant.com\/fr\/wp-json\/wp\/v2\/pages"}],"about":[{"href":"https:\/\/officialmonttremblant.com\/fr\/wp-json\/wp\/v2\/types\/page"}],"author":[{"embeddable":true,"href":"https:\/\/officialmonttremblant.com\/fr\/wp-json\/wp\/v2\/users\/3"}],"replies":[{"embeddable":true,"href":"https:\/\/officialmonttremblant.com\/fr\/wp-json\/wp\/v2\/comments?post=25855"}],"version-history":[{"count":9,"href":"https:\/\/officialmonttremblant.com\/fr\/wp-json\/wp\/v2\/pages\/25855\/revisions"}],"predecessor-version":[{"id":26123,"href":"https:\/\/officialmonttremblant.com\/fr\/wp-json\/wp\/v2\/pages\/25855\/revisions\/26123"}],"up":[{"embeddable":true,"href":"https:\/\/officialmonttremblant.com\/fr\/wp-json\/wp\/v2\/pages\/21151"}],"wp:attachment":[{"href":"https:\/\/officialmonttremblant.com\/fr\/wp-json\/wp\/v2\/media?parent=25855"}],"curies":[{"name":"wp","href":"https:\/\/api.w.org\/{rel}","templated":true}]}}