{"id":25861,"date":"2022-10-11T15:08:49","date_gmt":"2022-10-11T19:08:49","guid":{"rendered":"https:\/\/officialmonttremblant.com\/manger-boire-nuit\/bistrots\/in-the-vicinity\/"},"modified":"2025-07-29T12:12:29","modified_gmt":"2025-07-29T16:12:29","slug":"dans-les-environs","status":"publish","type":"page","link":"https:\/\/officialmonttremblant.com\/fr\/manger-boire-sortir\/bistrots\/dans-les-environs\/","title":{"rendered":"Dans les environs"},"content":{"rendered":"<p>[vc_row equal_height=\u00a0\u00bbyes\u00a0\u00bb content_placement=\u00a0\u00bbmiddle\u00a0\u00bb css=\u00a0\u00bb.vc_custom_1652473523430{padding-bottom: 50px !important;}\u00a0\u00bb][vc_column width=\u00a0\u00bb2\/3&Prime;]<div id=\"ultimate-heading-998769d76f818770a\" class=\"uvc-heading ult-adjust-bottom-margin ultimate-heading-998769d76f818770a uvc-5233  uvc-heading-default-font-sizes\" data-hspacer=\"line_only\"  data-halign=\"left\" style=\"text-align:left\"><div class=\"uvc-main-heading ult-responsive\"  data-ultimate-target='.uvc-heading.ultimate-heading-998769d76f818770a h2'  data-responsive-json-new='{\"font-size\":\"\",\"line-height\":\"\"}' ><h2 style=\"--font-weight:theme;margin-bottom:10px;\">Bistrots dans les environs de Mont Tremblant<\/h2><\/div><div class=\"uvc-heading-spacer line_only\" style=\"margin-bottom:15px;height:2px;\"><span class=\"uvc-headings-line\" style=\"border-style:solid;border-bottom-width:2px;border-color:#1e8449;width:70px;\"><\/span><\/div><div class=\"uvc-sub-heading ult-responsive\"  data-ultimate-target='.uvc-heading.ultimate-heading-998769d76f818770a .uvc-sub-heading '  data-responsive-json-new='{\"font-size\":\"\",\"line-height\":\"\"}'  style=\"font-weight:normal;margin-bottom:15px;\"><span style=\"font-weight: 400;\">Si vous d\u00e9cidez de s\u00e9journer dans les environs de Mont Tremblant, vous serez peut-\u00eatre surpris par la qualit\u00e9 exceptionnelle des bistros que vous y\u00a0 trouverez !<\/span><\/p>\n<p><span style=\"font-weight: 400;\">Le meilleur de la cuisine gastronomique fran\u00e7aise avec des prix tr\u00e8s raisonnables.<\/span><\/p>\n<p><span style=\"font-weight: 400;\">Officiel Mont Tremblant a s\u00e9lectionn\u00e9 pour vous le meilleur bistrot gastronomique dans les environs de Mont Tremblant !<\/span><\/div><\/div>[\/vc_column][vc_column width=\u00a0\u00bb1\/3&Prime;]<style type=\"text\/css\" data-type=\"the7_shortcodes-inline-css\">.shortcode-single-image-wrap.shortcode-single-image-8088e4046bcefc6c8c3a4298f651db1a.enable-bg-rollover .rollover i,\n.shortcode-single-image-wrap.shortcode-single-image-8088e4046bcefc6c8c3a4298f651db1a.enable-bg-rollover .rollover-video i {\n  background: -webkit-linear-gradient();\n  background: linear-gradient();\n}\n.shortcode-single-image-wrap.shortcode-single-image-8088e4046bcefc6c8c3a4298f651db1a .rollover-icon {\n  font-size: 32px;\n  color: #ffffff;\n  min-width: 44px;\n  min-height: 44px;\n  line-height: 44px;\n  border-radius: 100px;\n  border-style: solid;\n  border-width: 0px;\n}\n.dt-icon-bg-on.shortcode-single-image-wrap.shortcode-single-image-8088e4046bcefc6c8c3a4298f651db1a .rollover-icon {\n  background: rgba(255,255,255,0.3);\n  box-shadow: none;\n}\n<\/style><div class=\"shortcode-single-image-wrap shortcode-single-image-8088e4046bcefc6c8c3a4298f651db1a alignnone  enable-bg-rollover dt-icon-bg-off\" style=\"margin-top:0px; margin-bottom:0px; margin-left:0px; margin-right:0px; width:600px;\"><div class=\"shortcode-single-image\"><div class=\"fancy-media-wrap  layzr-bg\" style=\"\"><img loading=\"lazy\" decoding=\"async\" class=\"preload-me lazy-load\" src=\"data:image\/svg+xml,%3Csvg%20xmlns%3D&#39;http%3A%2F%2Fwww.w3.org%2F2000%2Fsvg&#39;%20viewBox%3D&#39;0%200%20600%20400&#39;%2F%3E\" data-src=\"https:\/\/officialmonttremblant.com\/wp-content\/uploads\/2022\/10\/BBRock-600x400.jpeg\" data-srcset=\"https:\/\/officialmonttremblant.com\/wp-content\/uploads\/2022\/10\/BBRock-600x400.jpeg 600w, https:\/\/officialmonttremblant.com\/wp-content\/uploads\/2022\/10\/BBRock-1200x800.jpeg 1200w\" width=\"600\" height=\"400\"  data-dt-location=\"https:\/\/officialmonttremblant.com\/fr\/eat-drink-nightlife\/bistros\/bbrock\/\" style=\"\" alt=\"\" \/><\/div><\/div><\/div>[\/vc_column][\/vc_row][vc_row][vc_column]<div class=\"lsd-list-view-wrapper  lsd-style-style1 lsd-font-m\" id=\"lsd_skin25847\" data-next-page=\"2\">\r\n\r\n    \r\n    \r\n    \r\n    \r\n    <div class=\"lsd-list-view-listings-wrapper lsd-viewstyle-list\">\r\n        <div class=\"lsd-listing-wrapper\">\r\n            \r\n            <div class=\"lsd-row\">\r\n        <div class=\"lsd-col-12\">\r\n        <div class=\"lsd-listing\" itemscope itemtype=\"https:\/\/schema.org\/LocalBusiness\">\r\n\r\n                        <div class=\"lsd-listing-image lsd-has-image\">\r\n\t\t\t\t<a class=\"lsd-cover-img-wrapper lsd-has-image\" href=\"https:\/\/officialmonttremblant.com\/fr\/listings\/bistro-auberge-le-cheminot-2\/\" itemprop=\"url\" itemscope itemtype=\"http:\/\/schema.org\/ImageObject\">\r\n    <img data-recalc-dims=\"1\" loading=\"lazy\" decoding=\"async\" width=\"390\" height=\"190\" src=\"https:\/\/i0.wp.com\/officialmonttremblant.com\/wp-content\/uploads\/2022\/08\/Le-Cheminot-MAIN-1.png?resize=390%2C190&#038;ssl=1\" class=\"attachment-390x260 size-390x260 wp-post-image\" alt=\"\" itemprop=\"&quot;contentUrl&quot;\" \/><\/a>\r\n            <\/div>\r\n            \r\n            <div class=\"lsd-listing-body\">\r\n\t\t\t\t\t\t\t\t\r\n\t\t\t\t\t\t\t\t\r\n\t\t\t\t\t\t\t\r\n                <h3 class=\"lsd-listing-title\" itemprop=\"name\">\r\n                    <a href=\"https:\/\/officialmonttremblant.com\/fr\/listings\/bistro-auberge-le-cheminot-2\/\" itemprop=\"url\">Bistro Auberge Le <strong>Cheminot<\/strong><\/a>                <\/h3>\r\n\r\n                \t\t\t\t\r\n\t\t\t\t<div class=\"lsd-listing-contact-info\">\r\n                    <div class=\"lsd-contact-info\">\r\n    <ul>\r\n\r\n                <li>\r\n\t\t\t<strong><i class=\"lsd-icon fas fa-phone-alt\"><\/i><\/strong>\r\n\t\t\t<span itemprop=\"telephone\">\r\n\t\t\t\t<a href=\"tel:873-563-8777\">873-563-8777<\/a>\r\n\t\t\t<\/span>\r\n\t\t<\/li>\r\n        \r\n        \r\n                <li>\r\n            <strong><i class=\"lsd-icon fas fa-link\"><\/i><\/strong>\r\n            <span>\r\n                <a href=\"https:\/\/bistrolecheminot.com\/\">https:\/\/bistrolecheminot.com\/<\/a>\r\n            <\/span>\r\n        <\/li>\r\n        \r\n                <li>\r\n            <strong><i class=\"lsd-icon fas fa-search-location\"><\/i><\/strong>\r\n            <span>180 rue du d\u00e9p\u00f4t, labelle, j0t 1h0<\/span>\r\n        <\/li>\r\n        \r\n    <\/ul>\r\n\r\n    <\/div>                <\/div>\r\n\t\t\t\t\r\n                <div class=\"lsd-listing-bottom-bar\">\r\n\t\t\t\t\t\t\t\t\t\r\n\t\t\t\t\t<div class=\"lsd-listing-price\" itemprop=\"priceRange\">\r\n\t\t\t\t\t\t\t\t\t\t\t<\/div>\r\n                <\/div>\r\n            <\/div>\r\n        <\/div>\r\n    <\/div>\r\n\r\n            <\/div>\r\n    \r\n            <\/div>\r\n    <\/div>\r\n\r\n    \r\n    <\/div>[\/vc_column][\/vc_row]<\/p>\n","protected":false},"excerpt":{"rendered":"<p>[vc_row equal_height=\u00a0\u00bbyes\u00a0\u00bb content_placement=\u00a0\u00bbmiddle\u00a0\u00bb css=\u00a0\u00bb.vc_custom_1652473523430{padding-bottom: 50px !important;}\u00a0\u00bb][vc_column width=\u00a0\u00bb2\/3&Prime;][\/vc_column][vc_column width=\u00a0\u00bb1\/3&Prime;][\/vc_column][\/vc_row][vc_row][vc_column][\/vc_column][\/vc_row]<\/p>\n","protected":false},"author":3,"featured_media":0,"parent":21151,"menu_order":0,"comment_status":"closed","ping_status":"closed","template":"","meta":{"footnotes":""},"class_list":["post-25861","page","type-page","status-publish","hentry","description-off"],"yoast_head":"<!-- This site is optimized with the Yoast SEO Premium plugin v26.5 (Yoast SEO v26.5) - https:\/\/yoast.com\/wordpress\/plugins\/seo\/ -->\n<title>Bistrots Dans les environs - Official Mont Tremblant<\/title>\n<meta name=\"description\" content=\"Official Mont Tremblant vous donne une liste de bistrots \u00e0 proximit\u00e9, ambiance conviviale, avec des menus simples.\" \/>\n<meta name=\"robots\" content=\"index, follow, max-snippet:-1, max-image-preview:large, max-video-preview:-1\" \/>\n<link rel=\"canonical\" href=\"https:\/\/officialmonttremblant.com\/fr\/manger-boire-sortir\/bistrots\/dans-les-environs\/\" \/>\n<meta property=\"og:locale\" content=\"fr_FR\" \/>\n<meta property=\"og:type\" content=\"article\" \/>\n<meta property=\"og:title\" content=\"Dans les environs\" \/>\n<meta property=\"og:description\" content=\"Official Mont Tremblant vous donne une liste de bistrots \u00e0 proximit\u00e9, ambiance conviviale, avec des menus simples.\" \/>\n<meta property=\"og:url\" content=\"https:\/\/officialmonttremblant.com\/fr\/manger-boire-sortir\/bistrots\/dans-les-environs\/\" \/>\n<meta property=\"og:site_name\" content=\"Official Mont Tremblant\" \/>\n<meta property=\"article:modified_time\" content=\"2025-07-29T16:12:29+00:00\" \/>\n<meta name=\"twitter:card\" content=\"summary_large_image\" \/>\n<meta name=\"twitter:label1\" content=\"Dur\u00e9e de lecture estim\u00e9e\" \/>\n\t<meta name=\"twitter:data1\" content=\"1 minute\" \/>\n<script type=\"application\/ld+json\" class=\"yoast-schema-graph\">{\"@context\":\"https:\/\/schema.org\",\"@graph\":[{\"@type\":\"WebPage\",\"@id\":\"https:\/\/officialmonttremblant.com\/fr\/manger-boire-sortir\/bistrots\/dans-les-environs\/\",\"url\":\"https:\/\/officialmonttremblant.com\/fr\/manger-boire-sortir\/bistrots\/dans-les-environs\/\",\"name\":\"Bistrots Dans les environs - Official Mont Tremblant\",\"isPartOf\":{\"@id\":\"https:\/\/officialmonttremblant.com\/fr\/#website\"},\"datePublished\":\"2022-10-11T19:08:49+00:00\",\"dateModified\":\"2025-07-29T16:12:29+00:00\",\"description\":\"Official Mont Tremblant vous donne une liste de bistrots \u00e0 proximit\u00e9, ambiance conviviale, avec des menus simples.\",\"breadcrumb\":{\"@id\":\"https:\/\/officialmonttremblant.com\/fr\/manger-boire-sortir\/bistrots\/dans-les-environs\/#breadcrumb\"},\"inLanguage\":\"fr-FR\",\"potentialAction\":[{\"@type\":\"ReadAction\",\"target\":[\"https:\/\/officialmonttremblant.com\/fr\/manger-boire-sortir\/bistrots\/dans-les-environs\/\"]}]},{\"@type\":\"BreadcrumbList\",\"@id\":\"https:\/\/officialmonttremblant.com\/fr\/manger-boire-sortir\/bistrots\/dans-les-environs\/#breadcrumb\",\"itemListElement\":[{\"@type\":\"ListItem\",\"position\":1,\"name\":\"Home\",\"item\":\"https:\/\/officialmonttremblant.com\/fr\/\"},{\"@type\":\"ListItem\",\"position\":2,\"name\":\"Manger-Boire-Sortir\",\"item\":\"https:\/\/officialmonttremblant.com\/fr\/manger-boire-sortir\/\"},{\"@type\":\"ListItem\",\"position\":3,\"name\":\"Bistrots\",\"item\":\"https:\/\/officialmonttremblant.com\/fr\/manger-boire-sortir\/bistrots\/\"},{\"@type\":\"ListItem\",\"position\":4,\"name\":\"Dans les environs\"}]},{\"@type\":\"WebSite\",\"@id\":\"https:\/\/officialmonttremblant.com\/fr\/#website\",\"url\":\"https:\/\/officialmonttremblant.com\/fr\/\",\"name\":\"Official Mont Tremblant\",\"description\":\"Vacation &amp; tourist guide in Mont Tremblant\",\"potentialAction\":[{\"@type\":\"SearchAction\",\"target\":{\"@type\":\"EntryPoint\",\"urlTemplate\":\"https:\/\/officialmonttremblant.com\/fr\/?s={search_term_string}\"},\"query-input\":{\"@type\":\"PropertyValueSpecification\",\"valueRequired\":true,\"valueName\":\"search_term_string\"}}],\"inLanguage\":\"fr-FR\"}]}<\/script>\n<!-- \/ Yoast SEO Premium plugin. -->","yoast_head_json":{"title":"Bistrots Dans les environs - Official Mont Tremblant","description":"Official Mont Tremblant vous donne une liste de bistrots \u00e0 proximit\u00e9, ambiance conviviale, avec des menus simples.","robots":{"index":"index","follow":"follow","max-snippet":"max-snippet:-1","max-image-preview":"max-image-preview:large","max-video-preview":"max-video-preview:-1"},"canonical":"https:\/\/officialmonttremblant.com\/fr\/manger-boire-sortir\/bistrots\/dans-les-environs\/","og_locale":"fr_FR","og_type":"article","og_title":"Dans les environs","og_description":"Official Mont Tremblant vous donne une liste de bistrots \u00e0 proximit\u00e9, ambiance conviviale, avec des menus simples.","og_url":"https:\/\/officialmonttremblant.com\/fr\/manger-boire-sortir\/bistrots\/dans-les-environs\/","og_site_name":"Official Mont Tremblant","article_modified_time":"2025-07-29T16:12:29+00:00","twitter_card":"summary_large_image","twitter_misc":{"Dur\u00e9e de lecture estim\u00e9e":"1 minute"},"schema":{"@context":"https:\/\/schema.org","@graph":[{"@type":"WebPage","@id":"https:\/\/officialmonttremblant.com\/fr\/manger-boire-sortir\/bistrots\/dans-les-environs\/","url":"https:\/\/officialmonttremblant.com\/fr\/manger-boire-sortir\/bistrots\/dans-les-environs\/","name":"Bistrots Dans les environs - Official Mont Tremblant","isPartOf":{"@id":"https:\/\/officialmonttremblant.com\/fr\/#website"},"datePublished":"2022-10-11T19:08:49+00:00","dateModified":"2025-07-29T16:12:29+00:00","description":"Official Mont Tremblant vous donne une liste de bistrots \u00e0 proximit\u00e9, ambiance conviviale, avec des menus simples.","breadcrumb":{"@id":"https:\/\/officialmonttremblant.com\/fr\/manger-boire-sortir\/bistrots\/dans-les-environs\/#breadcrumb"},"inLanguage":"fr-FR","potentialAction":[{"@type":"ReadAction","target":["https:\/\/officialmonttremblant.com\/fr\/manger-boire-sortir\/bistrots\/dans-les-environs\/"]}]},{"@type":"BreadcrumbList","@id":"https:\/\/officialmonttremblant.com\/fr\/manger-boire-sortir\/bistrots\/dans-les-environs\/#breadcrumb","itemListElement":[{"@type":"ListItem","position":1,"name":"Home","item":"https:\/\/officialmonttremblant.com\/fr\/"},{"@type":"ListItem","position":2,"name":"Manger-Boire-Sortir","item":"https:\/\/officialmonttremblant.com\/fr\/manger-boire-sortir\/"},{"@type":"ListItem","position":3,"name":"Bistrots","item":"https:\/\/officialmonttremblant.com\/fr\/manger-boire-sortir\/bistrots\/"},{"@type":"ListItem","position":4,"name":"Dans les environs"}]},{"@type":"WebSite","@id":"https:\/\/officialmonttremblant.com\/fr\/#website","url":"https:\/\/officialmonttremblant.com\/fr\/","name":"Official Mont Tremblant","description":"Vacation &amp; tourist guide in Mont Tremblant","potentialAction":[{"@type":"SearchAction","target":{"@type":"EntryPoint","urlTemplate":"https:\/\/officialmonttremblant.com\/fr\/?s={search_term_string}"},"query-input":{"@type":"PropertyValueSpecification","valueRequired":true,"valueName":"search_term_string"}}],"inLanguage":"fr-FR"}]}},"jetpack_sharing_enabled":true,"_links":{"self":[{"href":"https:\/\/officialmonttremblant.com\/fr\/wp-json\/wp\/v2\/pages\/25861","targetHints":{"allow":["GET"]}}],"collection":[{"href":"https:\/\/officialmonttremblant.com\/fr\/wp-json\/wp\/v2\/pages"}],"about":[{"href":"https:\/\/officialmonttremblant.com\/fr\/wp-json\/wp\/v2\/types\/page"}],"author":[{"embeddable":true,"href":"https:\/\/officialmonttremblant.com\/fr\/wp-json\/wp\/v2\/users\/3"}],"replies":[{"embeddable":true,"href":"https:\/\/officialmonttremblant.com\/fr\/wp-json\/wp\/v2\/comments?post=25861"}],"version-history":[{"count":6,"href":"https:\/\/officialmonttremblant.com\/fr\/wp-json\/wp\/v2\/pages\/25861\/revisions"}],"predecessor-version":[{"id":26074,"href":"https:\/\/officialmonttremblant.com\/fr\/wp-json\/wp\/v2\/pages\/25861\/revisions\/26074"}],"up":[{"embeddable":true,"href":"https:\/\/officialmonttremblant.com\/fr\/wp-json\/wp\/v2\/pages\/21151"}],"wp:attachment":[{"href":"https:\/\/officialmonttremblant.com\/fr\/wp-json\/wp\/v2\/media?parent=25861"}],"curies":[{"name":"wp","href":"https:\/\/api.w.org\/{rel}","templated":true}]}}