{"id":26041,"date":"2022-08-16T08:38:05","date_gmt":"2022-08-16T12:38:05","guid":{"rendered":"https:\/\/officialmonttremblant.com\/manger-boire-sortir\/restaurants\/for-breakfasts\/"},"modified":"2025-07-29T12:17:55","modified_gmt":"2025-07-29T16:17:55","slug":"pour-le-petit-dejeuner","status":"publish","type":"page","link":"https:\/\/officialmonttremblant.com\/fr\/manger-boire-sortir\/restaurants\/pour-le-petit-dejeuner\/","title":{"rendered":"Restaurants pour le petit d\u00e9jeuner"},"content":{"rendered":"<p>[vc_row content_placement=\u00a0\u00bbmiddle\u00a0\u00bb css=\u00a0\u00bb.vc_custom_1652473657427{padding-bottom: 50px !important;}\u00a0\u00bb][vc_column width=\u00a0\u00bb2\/3&Prime;]<div id=\"ultimate-heading-559969dafc3fd2f4c\" class=\"uvc-heading ult-adjust-bottom-margin ultimate-heading-559969dafc3fd2f4c uvc-7500  uvc-heading-default-font-sizes\" data-hspacer=\"line_only\"  data-halign=\"left\" style=\"text-align:left\"><div class=\"uvc-main-heading ult-responsive\"  data-ultimate-target='.uvc-heading.ultimate-heading-559969dafc3fd2f4c h2'  data-responsive-json-new='{\"font-size\":\"\",\"line-height\":\"\"}' ><h2 style=\"--font-weight:theme;margin-bottom:10px;\">Restaurants pour le petit d\u00e9jeuner \u00e0 Mont Tremblant<\/h2><\/div><div class=\"uvc-heading-spacer line_only\" style=\"margin-bottom:15px;height:2px;\"><span class=\"uvc-headings-line\" style=\"border-style:solid;border-bottom-width:2px;border-color:#1e8449;width:70px;\"><\/span><\/div><div class=\"uvc-sub-heading ult-responsive\"  data-ultimate-target='.uvc-heading.ultimate-heading-559969dafc3fd2f4c .uvc-sub-heading '  data-responsive-json-new='{\"font-size\":\"\",\"line-height\":\"\"}'  style=\"font-weight:normal;margin-bottom:15px;\"><span style=\"font-weight: 400;\">Prenez un petit d\u00e9jeuner sant\u00e9 \u00e0 Mont Tremblant pour commencer votre journ\u00e9e en pleine forme! Du saumon et des bagels aux \u0153ufs b\u00e9n\u00e9dictine avec sauce hollandaise et bacon canadien, du jambon fran\u00e7ais m\u00e9lang\u00e9 \u00e0 une omelette mexicaine poivr\u00e9e, des cr\u00eapes fra\u00eeches au nutella et aux bananes (parce que vous ne pourrez pas en manger une seule), des\u00a0 pancakes aux myrtilles et au sirop d&rsquo;\u00e9rable, ou un sandwich \u00e0 la salade de poulet avec des fruits frais\u2026 choisissez ce que vous voulez.<\/span><\/p>\n<p><span style=\"font-weight: 400;\">Si vous \u00eates \u00e0 Mont Tremblant et que vous cherchez un bon endroit pour d\u00e9jeuner ou bruncher, vous avez donc\u00a0 beaucoup de\u00a0 chance !\u00a0<\/span><\/p>\n<p><span style=\"font-weight: 400;\">Quelque soit le restaurant que vous aurez choisi, vous ne serez jamais d\u00e9\u00e7u !\u00a0<\/span><\/p>\n<p><span style=\"font-weight: 400;\">Mont Tremblant officiel a s\u00e9lectionn\u00e9 pour vous les\u00a0 petits d\u00e9jeuners les plus populaires en ville. Alors d\u00e9couvrez les options ci-dessous et assurez-vous d&rsquo;y aller l&rsquo;estomac vide!<\/span><\/div><\/div>[\/vc_column][vc_column width=\u00a0\u00bb1\/3&Prime;]<style type=\"text\/css\" data-type=\"the7_shortcodes-inline-css\">.shortcode-single-image-wrap.shortcode-single-image-5d03a6fceff809e693a3e7d8b5002c14.enable-bg-rollover .rollover i,\n.shortcode-single-image-wrap.shortcode-single-image-5d03a6fceff809e693a3e7d8b5002c14.enable-bg-rollover .rollover-video i {\n  background: -webkit-linear-gradient();\n  background: linear-gradient();\n}\n.shortcode-single-image-wrap.shortcode-single-image-5d03a6fceff809e693a3e7d8b5002c14 .rollover-icon {\n  font-size: 32px;\n  color: #ffffff;\n  min-width: 44px;\n  min-height: 44px;\n  line-height: 44px;\n  border-radius: 100px;\n  border-style: solid;\n  border-width: 0px;\n}\n.dt-icon-bg-on.shortcode-single-image-wrap.shortcode-single-image-5d03a6fceff809e693a3e7d8b5002c14 .rollover-icon {\n  background: rgba(255,255,255,0.3);\n  box-shadow: none;\n}\n<\/style><div class=\"shortcode-single-image-wrap shortcode-single-image-5d03a6fceff809e693a3e7d8b5002c14 alignnone  enable-bg-rollover dt-icon-bg-off\" style=\"margin-top:0px; margin-bottom:0px; margin-left:0px; margin-right:0px; width:600px;\"><div class=\"shortcode-single-image\"><div class=\"fancy-media-wrap  layzr-bg\" style=\"\"><img loading=\"lazy\" decoding=\"async\" class=\"preload-me lazy-load\" src=\"data:image\/svg+xml,%3Csvg%20xmlns%3D&#39;http%3A%2F%2Fwww.w3.org%2F2000%2Fsvg&#39;%20viewBox%3D&#39;0%200%20600%20600&#39;%2F%3E\" data-src=\"https:\/\/officialmonttremblant.com\/wp-content\/uploads\/2022\/05\/Mont-Tremblant-restaurants-600x600.jpg\" data-srcset=\"https:\/\/officialmonttremblant.com\/wp-content\/uploads\/2022\/05\/Mont-Tremblant-restaurants-600x600.jpg 600w, https:\/\/officialmonttremblant.com\/wp-content\/uploads\/2022\/05\/Mont-Tremblant-restaurants.jpg 1200w\" width=\"600\" height=\"600\"  data-dt-location=\"https:\/\/officialmonttremblant.com\/fr\/eat-drink-nightlife\/restaurants\/mont-tremblant-restaurants\/\" style=\"\" alt=\"\" \/><\/div><\/div><\/div>[\/vc_column][\/vc_row][vc_row][vc_column]<div class=\"lsd-list-view-wrapper  lsd-style-style1 lsd-font-m\" id=\"lsd_skin21990\" data-next-page=\"2\">\r\n\r\n    \r\n    \r\n    \r\n    \r\n    <div class=\"lsd-list-view-listings-wrapper lsd-viewstyle-list\">\r\n        <div class=\"lsd-listing-wrapper\">\r\n            \r\n            <div class=\"lsd-row\">\r\n        <div class=\"lsd-col-12\">\r\n        <div class=\"lsd-listing\" itemscope itemtype=\"https:\/\/schema.org\/LocalBusiness\">\r\n\r\n                        <div class=\"lsd-listing-image lsd-has-image\">\r\n\t\t\t\t<a class=\"lsd-cover-img-wrapper lsd-has-image\" href=\"https:\/\/officialmonttremblant.com\/fr\/listings\/o-cafe\/\" itemprop=\"url\" itemscope itemtype=\"http:\/\/schema.org\/ImageObject\">\r\n    <img data-recalc-dims=\"1\" loading=\"lazy\" decoding=\"async\" width=\"347\" height=\"260\" src=\"https:\/\/i0.wp.com\/officialmonttremblant.com\/wp-content\/uploads\/2022\/08\/O-Cafe-main.jpg?resize=347%2C260&#038;ssl=1\" class=\"attachment-390x260 size-390x260 wp-post-image\" alt=\"\" itemprop=\"&quot;contentUrl&quot;\" \/><\/a>\r\n            <\/div>\r\n            \r\n            <div class=\"lsd-listing-body\">\r\n\t\t\t\t\t\t\t\t\r\n\t\t\t\t\t\t\t\t\r\n\t\t\t\t\t\t\t\r\n                <h3 class=\"lsd-listing-title\" itemprop=\"name\">\r\n                    <a href=\"https:\/\/officialmonttremblant.com\/fr\/listings\/o-cafe\/\" itemprop=\"url\">O <strong>Caf\u00e9<\/strong><\/a>                <\/h3>\r\n\r\n                \t\t\t\t\r\n\t\t\t\t<div class=\"lsd-listing-contact-info\">\r\n                    <div class=\"lsd-contact-info\">\r\n    <ul>\r\n\r\n                <li>\r\n\t\t\t<strong><i class=\"lsd-icon fas fa-phone-alt\"><\/i><\/strong>\r\n\t\t\t<span itemprop=\"telephone\">\r\n\t\t\t\t<a href=\"tel:+18198087725\">+18198087725<\/a>\r\n\t\t\t<\/span>\r\n\t\t<\/li>\r\n        \r\n        \r\n                <li>\r\n            <strong><i class=\"lsd-icon fas fa-link\"><\/i><\/strong>\r\n            <span>\r\n                <a href=\"https:\/\/www.ocafevieuxtremblant.ca\">https:\/\/www.ocafevieuxtremblant.ca<\/a>\r\n            <\/span>\r\n        <\/li>\r\n        \r\n                <li>\r\n            <strong><i class=\"lsd-icon fas fa-search-location\"><\/i><\/strong>\r\n            <span>1908 Chemin du village, Mont-Tremblant<\/span>\r\n        <\/li>\r\n        \r\n    <\/ul>\r\n\r\n    <\/div>                <\/div>\r\n\t\t\t\t\r\n                <div class=\"lsd-listing-bottom-bar\">\r\n\t\t\t\t\t\t\t\t\t\r\n\t\t\t\t\t<div class=\"lsd-listing-price\" itemprop=\"priceRange\">\r\n\t\t\t\t\t\t\t\t\t\t\t<\/div>\r\n                <\/div>\r\n            <\/div>\r\n        <\/div>\r\n    <\/div>\r\n\r\n            <\/div>\r\n    \r\n            <\/div>\r\n    <\/div>\r\n\r\n    \r\n    <\/div>[\/vc_column][\/vc_row]<\/p>\n","protected":false},"excerpt":{"rendered":"<p>[vc_row content_placement=\u00a0\u00bbmiddle\u00a0\u00bb css=\u00a0\u00bb.vc_custom_1652473657427{padding-bottom: 50px !important;}\u00a0\u00bb][vc_column width=\u00a0\u00bb2\/3&Prime;][\/vc_column][vc_column width=\u00a0\u00bb1\/3&Prime;][\/vc_column][\/vc_row][vc_row][vc_column][\/vc_column][\/vc_row]<\/p>\n","protected":false},"author":2,"featured_media":0,"parent":25625,"menu_order":0,"comment_status":"closed","ping_status":"closed","template":"","meta":{"footnotes":""},"class_list":["post-26041","page","type-page","status-publish","hentry","description-off"],"yoast_head":"<!-- This site is optimized with the Yoast SEO Premium plugin v26.5 (Yoast SEO v26.5) - https:\/\/yoast.com\/wordpress\/plugins\/seo\/ -->\n<title>Restaurants pour le petit d\u00e9jeuner, brunch - Official Mont Tremblant<\/title>\n<meta name=\"description\" content=\"Official Mont Tremblant vous donne une liste de restaurants pour le petit d\u00e9jeuner, le brunch. Vous cherchez un bon endroit pour d\u00e9jeuner ou bruncher? Tu es chanceux!\" \/>\n<meta name=\"robots\" content=\"index, follow, max-snippet:-1, max-image-preview:large, max-video-preview:-1\" \/>\n<link rel=\"canonical\" href=\"https:\/\/officialmonttremblant.com\/fr\/manger-boire-sortir\/restaurants\/pour-le-petit-dejeuner\/\" \/>\n<meta property=\"og:locale\" content=\"fr_FR\" \/>\n<meta property=\"og:type\" content=\"article\" \/>\n<meta property=\"og:title\" content=\"Restaurants pour le petit d\u00e9jeuner\" \/>\n<meta property=\"og:description\" content=\"Official Mont Tremblant vous donne une liste de restaurants pour le petit d\u00e9jeuner, le brunch. Vous cherchez un bon endroit pour d\u00e9jeuner ou bruncher? Tu es chanceux!\" \/>\n<meta property=\"og:url\" content=\"https:\/\/officialmonttremblant.com\/fr\/manger-boire-sortir\/restaurants\/pour-le-petit-dejeuner\/\" \/>\n<meta property=\"og:site_name\" content=\"Official Mont Tremblant\" \/>\n<meta property=\"article:modified_time\" content=\"2025-07-29T16:17:55+00:00\" \/>\n<meta name=\"twitter:card\" content=\"summary_large_image\" \/>\n<meta name=\"twitter:label1\" content=\"Dur\u00e9e de lecture estim\u00e9e\" \/>\n\t<meta name=\"twitter:data1\" content=\"1 minute\" \/>\n<script type=\"application\/ld+json\" class=\"yoast-schema-graph\">{\"@context\":\"https:\/\/schema.org\",\"@graph\":[{\"@type\":\"WebPage\",\"@id\":\"https:\/\/officialmonttremblant.com\/fr\/manger-boire-sortir\/restaurants\/pour-le-petit-dejeuner\/\",\"url\":\"https:\/\/officialmonttremblant.com\/fr\/manger-boire-sortir\/restaurants\/pour-le-petit-dejeuner\/\",\"name\":\"Restaurants pour le petit d\u00e9jeuner, brunch - Official Mont Tremblant\",\"isPartOf\":{\"@id\":\"https:\/\/officialmonttremblant.com\/fr\/#website\"},\"datePublished\":\"2022-08-16T12:38:05+00:00\",\"dateModified\":\"2025-07-29T16:17:55+00:00\",\"description\":\"Official Mont Tremblant vous donne une liste de restaurants pour le petit d\u00e9jeuner, le brunch. Vous cherchez un bon endroit pour d\u00e9jeuner ou bruncher? Tu es chanceux!\",\"breadcrumb\":{\"@id\":\"https:\/\/officialmonttremblant.com\/fr\/manger-boire-sortir\/restaurants\/pour-le-petit-dejeuner\/#breadcrumb\"},\"inLanguage\":\"fr-FR\",\"potentialAction\":[{\"@type\":\"ReadAction\",\"target\":[\"https:\/\/officialmonttremblant.com\/fr\/manger-boire-sortir\/restaurants\/pour-le-petit-dejeuner\/\"]}]},{\"@type\":\"BreadcrumbList\",\"@id\":\"https:\/\/officialmonttremblant.com\/fr\/manger-boire-sortir\/restaurants\/pour-le-petit-dejeuner\/#breadcrumb\",\"itemListElement\":[{\"@type\":\"ListItem\",\"position\":1,\"name\":\"Home\",\"item\":\"https:\/\/officialmonttremblant.com\/fr\/\"},{\"@type\":\"ListItem\",\"position\":2,\"name\":\"Manger-Boire-Sortir\",\"item\":\"https:\/\/officialmonttremblant.com\/fr\/manger-boire-sortir\/\"},{\"@type\":\"ListItem\",\"position\":3,\"name\":\"Restaurants\",\"item\":\"https:\/\/officialmonttremblant.com\/fr\/manger-boire-sortir\/restaurants\/\"},{\"@type\":\"ListItem\",\"position\":4,\"name\":\"Restaurants pour le petit d\u00e9jeuner\"}]},{\"@type\":\"WebSite\",\"@id\":\"https:\/\/officialmonttremblant.com\/fr\/#website\",\"url\":\"https:\/\/officialmonttremblant.com\/fr\/\",\"name\":\"Official Mont Tremblant\",\"description\":\"Vacation &amp; tourist guide in Mont Tremblant\",\"potentialAction\":[{\"@type\":\"SearchAction\",\"target\":{\"@type\":\"EntryPoint\",\"urlTemplate\":\"https:\/\/officialmonttremblant.com\/fr\/?s={search_term_string}\"},\"query-input\":{\"@type\":\"PropertyValueSpecification\",\"valueRequired\":true,\"valueName\":\"search_term_string\"}}],\"inLanguage\":\"fr-FR\"}]}<\/script>\n<!-- \/ Yoast SEO Premium plugin. -->","yoast_head_json":{"title":"Restaurants pour le petit d\u00e9jeuner, brunch - Official Mont Tremblant","description":"Official Mont Tremblant vous donne une liste de restaurants pour le petit d\u00e9jeuner, le brunch. Vous cherchez un bon endroit pour d\u00e9jeuner ou bruncher? Tu es chanceux!","robots":{"index":"index","follow":"follow","max-snippet":"max-snippet:-1","max-image-preview":"max-image-preview:large","max-video-preview":"max-video-preview:-1"},"canonical":"https:\/\/officialmonttremblant.com\/fr\/manger-boire-sortir\/restaurants\/pour-le-petit-dejeuner\/","og_locale":"fr_FR","og_type":"article","og_title":"Restaurants pour le petit d\u00e9jeuner","og_description":"Official Mont Tremblant vous donne une liste de restaurants pour le petit d\u00e9jeuner, le brunch. Vous cherchez un bon endroit pour d\u00e9jeuner ou bruncher? Tu es chanceux!","og_url":"https:\/\/officialmonttremblant.com\/fr\/manger-boire-sortir\/restaurants\/pour-le-petit-dejeuner\/","og_site_name":"Official Mont Tremblant","article_modified_time":"2025-07-29T16:17:55+00:00","twitter_card":"summary_large_image","twitter_misc":{"Dur\u00e9e de lecture estim\u00e9e":"1 minute"},"schema":{"@context":"https:\/\/schema.org","@graph":[{"@type":"WebPage","@id":"https:\/\/officialmonttremblant.com\/fr\/manger-boire-sortir\/restaurants\/pour-le-petit-dejeuner\/","url":"https:\/\/officialmonttremblant.com\/fr\/manger-boire-sortir\/restaurants\/pour-le-petit-dejeuner\/","name":"Restaurants pour le petit d\u00e9jeuner, brunch - Official Mont Tremblant","isPartOf":{"@id":"https:\/\/officialmonttremblant.com\/fr\/#website"},"datePublished":"2022-08-16T12:38:05+00:00","dateModified":"2025-07-29T16:17:55+00:00","description":"Official Mont Tremblant vous donne une liste de restaurants pour le petit d\u00e9jeuner, le brunch. Vous cherchez un bon endroit pour d\u00e9jeuner ou bruncher? Tu es chanceux!","breadcrumb":{"@id":"https:\/\/officialmonttremblant.com\/fr\/manger-boire-sortir\/restaurants\/pour-le-petit-dejeuner\/#breadcrumb"},"inLanguage":"fr-FR","potentialAction":[{"@type":"ReadAction","target":["https:\/\/officialmonttremblant.com\/fr\/manger-boire-sortir\/restaurants\/pour-le-petit-dejeuner\/"]}]},{"@type":"BreadcrumbList","@id":"https:\/\/officialmonttremblant.com\/fr\/manger-boire-sortir\/restaurants\/pour-le-petit-dejeuner\/#breadcrumb","itemListElement":[{"@type":"ListItem","position":1,"name":"Home","item":"https:\/\/officialmonttremblant.com\/fr\/"},{"@type":"ListItem","position":2,"name":"Manger-Boire-Sortir","item":"https:\/\/officialmonttremblant.com\/fr\/manger-boire-sortir\/"},{"@type":"ListItem","position":3,"name":"Restaurants","item":"https:\/\/officialmonttremblant.com\/fr\/manger-boire-sortir\/restaurants\/"},{"@type":"ListItem","position":4,"name":"Restaurants pour le petit d\u00e9jeuner"}]},{"@type":"WebSite","@id":"https:\/\/officialmonttremblant.com\/fr\/#website","url":"https:\/\/officialmonttremblant.com\/fr\/","name":"Official Mont Tremblant","description":"Vacation &amp; tourist guide in Mont Tremblant","potentialAction":[{"@type":"SearchAction","target":{"@type":"EntryPoint","urlTemplate":"https:\/\/officialmonttremblant.com\/fr\/?s={search_term_string}"},"query-input":{"@type":"PropertyValueSpecification","valueRequired":true,"valueName":"search_term_string"}}],"inLanguage":"fr-FR"}]}},"jetpack_sharing_enabled":true,"_links":{"self":[{"href":"https:\/\/officialmonttremblant.com\/fr\/wp-json\/wp\/v2\/pages\/26041","targetHints":{"allow":["GET"]}}],"collection":[{"href":"https:\/\/officialmonttremblant.com\/fr\/wp-json\/wp\/v2\/pages"}],"about":[{"href":"https:\/\/officialmonttremblant.com\/fr\/wp-json\/wp\/v2\/types\/page"}],"author":[{"embeddable":true,"href":"https:\/\/officialmonttremblant.com\/fr\/wp-json\/wp\/v2\/users\/2"}],"replies":[{"embeddable":true,"href":"https:\/\/officialmonttremblant.com\/fr\/wp-json\/wp\/v2\/comments?post=26041"}],"version-history":[{"count":5,"href":"https:\/\/officialmonttremblant.com\/fr\/wp-json\/wp\/v2\/pages\/26041\/revisions"}],"predecessor-version":[{"id":26046,"href":"https:\/\/officialmonttremblant.com\/fr\/wp-json\/wp\/v2\/pages\/26041\/revisions\/26046"}],"up":[{"embeddable":true,"href":"https:\/\/officialmonttremblant.com\/fr\/wp-json\/wp\/v2\/pages\/25625"}],"wp:attachment":[{"href":"https:\/\/officialmonttremblant.com\/fr\/wp-json\/wp\/v2\/media?parent=26041"}],"curies":[{"name":"wp","href":"https:\/\/api.w.org\/{rel}","templated":true}]}}