{"id":26104,"date":"2022-08-16T08:40:54","date_gmt":"2022-08-16T12:40:54","guid":{"rendered":"https:\/\/officialmonttremblant.com\/manger-boire-sortir\/restaurants\/with-takeout\/"},"modified":"2025-07-29T12:18:05","modified_gmt":"2025-07-29T16:18:05","slug":"vente-a-emporter","status":"publish","type":"page","link":"https:\/\/officialmonttremblant.com\/fr\/manger-boire-sortir\/restaurants\/vente-a-emporter\/","title":{"rendered":"Restaurants vente a emporter"},"content":{"rendered":"<p>[vc_row content_placement=\u00a0\u00bbmiddle\u00a0\u00bb css=\u00a0\u00bb.vc_custom_1652473657427{padding-bottom: 50px !important;}\u00a0\u00bb][vc_column width=\u00a0\u00bb2\/3&Prime;]<div id=\"ultimate-heading-54969d08274ba3e5\" class=\"uvc-heading ult-adjust-bottom-margin ultimate-heading-54969d08274ba3e5 uvc-8730  uvc-heading-default-font-sizes\" data-hspacer=\"line_only\"  data-halign=\"left\" style=\"text-align:left\"><div class=\"uvc-main-heading ult-responsive\"  data-ultimate-target='.uvc-heading.ultimate-heading-54969d08274ba3e5 h2'  data-responsive-json-new='{\"font-size\":\"\",\"line-height\":\"\"}' ><h2 style=\"--font-weight:theme;margin-bottom:10px;\">Restaurants vente a emporter \u00e0 Mont Tremblant<\/h2><\/div><div class=\"uvc-heading-spacer line_only\" style=\"margin-bottom:15px;height:2px;\"><span class=\"uvc-headings-line\" style=\"border-style:solid;border-bottom-width:2px;border-color:#1e8449;width:70px;\"><\/span><\/div><div class=\"uvc-sub-heading ult-responsive\"  data-ultimate-target='.uvc-heading.ultimate-heading-54969d08274ba3e5 .uvc-sub-heading '  data-responsive-json-new='{\"font-size\":\"\",\"line-height\":\"\"}'  style=\"font-weight:normal;margin-bottom:15px;\"><span style=\"font-weight: 400;\">\u00c0 l&rsquo;\u00e9poque de \u00ab Netflix and chill \u00bb, apr\u00e8s une journ\u00e9e \u00e9puisante sur les pistes ou les sentiers du Mont Tremblant, vous pr\u00e9fererez peut-\u00eatre vous divertir tranquillement \u00e0 la maison.\u00a0<\/span><\/p>\n<p><span style=\"font-weight: 400;\">Mais voulez-vous vraiment cuisiner et nettoyer ensuite, surtout si vous \u00eates en vacances ? Certainement pas et c&rsquo;est pourquoi les restaurants proposant des plats \u00e0 emporter sont si populaires ces derniers temps !\u00a0<\/span><\/p>\n<p><span style=\"font-weight: 400;\">Vous avez faim? Si oui, alors commandez en ligne dans l&rsquo;un des restaurants qu&rsquo;Officiel Mont Tremblant a s\u00e9lectionn\u00e9 pour vous. C&rsquo;est facile, rapide et vous serez de retour chez vous avec de la bonne nourriture en un rien de temps!<\/span><\/div><\/div>[\/vc_column][vc_column width=\u00a0\u00bb1\/3&Prime;]<style type=\"text\/css\" data-type=\"the7_shortcodes-inline-css\">.shortcode-single-image-wrap.shortcode-single-image-d5652660dc0e7ef5e1fd3fe9c5f29570.enable-bg-rollover .rollover i,\n.shortcode-single-image-wrap.shortcode-single-image-d5652660dc0e7ef5e1fd3fe9c5f29570.enable-bg-rollover .rollover-video i {\n  background: -webkit-linear-gradient();\n  background: linear-gradient();\n}\n.shortcode-single-image-wrap.shortcode-single-image-d5652660dc0e7ef5e1fd3fe9c5f29570 .rollover-icon {\n  font-size: 32px;\n  color: #ffffff;\n  min-width: 44px;\n  min-height: 44px;\n  line-height: 44px;\n  border-radius: 100px;\n  border-style: solid;\n  border-width: 0px;\n}\n.dt-icon-bg-on.shortcode-single-image-wrap.shortcode-single-image-d5652660dc0e7ef5e1fd3fe9c5f29570 .rollover-icon {\n  background: rgba(255,255,255,0.3);\n  box-shadow: none;\n}\n<\/style><div class=\"shortcode-single-image-wrap shortcode-single-image-d5652660dc0e7ef5e1fd3fe9c5f29570 alignnone  enable-bg-rollover dt-icon-bg-off\" style=\"margin-top:0px; margin-bottom:0px; margin-left:0px; margin-right:0px; width:600px;\"><div class=\"shortcode-single-image\"><div class=\"fancy-media-wrap  layzr-bg\" style=\"\"><img loading=\"lazy\" decoding=\"async\" class=\"preload-me lazy-load\" src=\"data:image\/svg+xml,%3Csvg%20xmlns%3D&#39;http%3A%2F%2Fwww.w3.org%2F2000%2Fsvg&#39;%20viewBox%3D&#39;0%200%20600%20411&#39;%2F%3E\" data-src=\"https:\/\/officialmonttremblant.com\/wp-content\/uploads\/2022\/10\/Takeout-Packaging-Shortages-FT-BLOG1121-d742c82cda464f2980f8e19f933fee70-600x411.jpg\" data-srcset=\"https:\/\/officialmonttremblant.com\/wp-content\/uploads\/2022\/10\/Takeout-Packaging-Shortages-FT-BLOG1121-d742c82cda464f2980f8e19f933fee70-600x411.jpg 600w, https:\/\/officialmonttremblant.com\/wp-content\/uploads\/2022\/10\/Takeout-Packaging-Shortages-FT-BLOG1121-d742c82cda464f2980f8e19f933fee70.jpg 681w\" width=\"600\" height=\"411\"  data-dt-location=\"https:\/\/officialmonttremblant.com\/fr\/manger-boire-sortir\/restaurants\/vente-a-emporter\/takeout-packaging-shortages-ft-blog1121-d742c82cda464f2980f8e19f933fee70\/\" style=\"\" alt=\"\" \/><\/div><\/div><\/div>[\/vc_column][\/vc_row][vc_row][vc_column]<div class=\"lsd-list-view-wrapper  lsd-style-style1 lsd-font-m\" id=\"lsd_skin21993\" data-next-page=\"1\">\r\n\r\n    \r\n    \r\n    \r\n    \r\n    <div class=\"lsd-list-view-listings-wrapper lsd-viewstyle-list\">\r\n        <div class=\"lsd-listing-wrapper\">\r\n            <div class=\"lsd-alert lsd-info\">No Listing Found!<\/div>        <\/div>\r\n    <\/div>\r\n\r\n    \r\n    <\/div>[\/vc_column][\/vc_row]<\/p>\n","protected":false},"excerpt":{"rendered":"<p>[vc_row content_placement=\u00a0\u00bbmiddle\u00a0\u00bb css=\u00a0\u00bb.vc_custom_1652473657427{padding-bottom: 50px !important;}\u00a0\u00bb][vc_column width=\u00a0\u00bb2\/3&Prime;][\/vc_column][vc_column width=\u00a0\u00bb1\/3&Prime;][\/vc_column][\/vc_row][vc_row][vc_column][\/vc_column][\/vc_row]<\/p>\n","protected":false},"author":2,"featured_media":0,"parent":25625,"menu_order":0,"comment_status":"closed","ping_status":"closed","template":"","meta":{"footnotes":""},"class_list":["post-26104","page","type-page","status-publish","hentry","description-off"],"yoast_head":"<!-- This site is optimized with the Yoast SEO Premium plugin v26.5 (Yoast SEO v26.5) - https:\/\/yoast.com\/wordpress\/plugins\/seo\/ -->\n<title>Restaurants vente a emporter - Official Mont Tremblant<\/title>\n<meta name=\"description\" content=\"Official Mont Tremblant vous donne des informations sur les restaurants avec plats \u00e0 emporter. C&#039;est facile, rapide et vous serez de retour \u00e0 la maison.\" \/>\n<meta name=\"robots\" content=\"index, follow, max-snippet:-1, max-image-preview:large, max-video-preview:-1\" \/>\n<link rel=\"canonical\" href=\"https:\/\/officialmonttremblant.com\/fr\/manger-boire-sortir\/restaurants\/vente-a-emporter\/\" \/>\n<meta property=\"og:locale\" content=\"fr_FR\" \/>\n<meta property=\"og:type\" content=\"article\" \/>\n<meta property=\"og:title\" content=\"Restaurants vente a emporter\" \/>\n<meta property=\"og:description\" content=\"Official Mont Tremblant vous donne des informations sur les restaurants avec plats \u00e0 emporter. C&#039;est facile, rapide et vous serez de retour \u00e0 la maison.\" \/>\n<meta property=\"og:url\" content=\"https:\/\/officialmonttremblant.com\/fr\/manger-boire-sortir\/restaurants\/vente-a-emporter\/\" \/>\n<meta property=\"og:site_name\" content=\"Official Mont Tremblant\" \/>\n<meta property=\"article:modified_time\" content=\"2025-07-29T16:18:05+00:00\" \/>\n<meta name=\"twitter:card\" content=\"summary_large_image\" \/>\n<meta name=\"twitter:label1\" content=\"Dur\u00e9e de lecture estim\u00e9e\" \/>\n\t<meta name=\"twitter:data1\" content=\"1 minute\" \/>\n<script type=\"application\/ld+json\" class=\"yoast-schema-graph\">{\"@context\":\"https:\/\/schema.org\",\"@graph\":[{\"@type\":\"WebPage\",\"@id\":\"https:\/\/officialmonttremblant.com\/fr\/manger-boire-sortir\/restaurants\/vente-a-emporter\/\",\"url\":\"https:\/\/officialmonttremblant.com\/fr\/manger-boire-sortir\/restaurants\/vente-a-emporter\/\",\"name\":\"Restaurants vente a emporter - Official Mont Tremblant\",\"isPartOf\":{\"@id\":\"https:\/\/officialmonttremblant.com\/fr\/#website\"},\"datePublished\":\"2022-08-16T12:40:54+00:00\",\"dateModified\":\"2025-07-29T16:18:05+00:00\",\"description\":\"Official Mont Tremblant vous donne des informations sur les restaurants avec plats \u00e0 emporter. C'est facile, rapide et vous serez de retour \u00e0 la maison.\",\"breadcrumb\":{\"@id\":\"https:\/\/officialmonttremblant.com\/fr\/manger-boire-sortir\/restaurants\/vente-a-emporter\/#breadcrumb\"},\"inLanguage\":\"fr-FR\",\"potentialAction\":[{\"@type\":\"ReadAction\",\"target\":[\"https:\/\/officialmonttremblant.com\/fr\/manger-boire-sortir\/restaurants\/vente-a-emporter\/\"]}]},{\"@type\":\"BreadcrumbList\",\"@id\":\"https:\/\/officialmonttremblant.com\/fr\/manger-boire-sortir\/restaurants\/vente-a-emporter\/#breadcrumb\",\"itemListElement\":[{\"@type\":\"ListItem\",\"position\":1,\"name\":\"Home\",\"item\":\"https:\/\/officialmonttremblant.com\/fr\/\"},{\"@type\":\"ListItem\",\"position\":2,\"name\":\"Manger-Boire-Sortir\",\"item\":\"https:\/\/officialmonttremblant.com\/fr\/manger-boire-sortir\/\"},{\"@type\":\"ListItem\",\"position\":3,\"name\":\"Restaurants\",\"item\":\"https:\/\/officialmonttremblant.com\/fr\/manger-boire-sortir\/restaurants\/\"},{\"@type\":\"ListItem\",\"position\":4,\"name\":\"Restaurants vente a emporter\"}]},{\"@type\":\"WebSite\",\"@id\":\"https:\/\/officialmonttremblant.com\/fr\/#website\",\"url\":\"https:\/\/officialmonttremblant.com\/fr\/\",\"name\":\"Official Mont Tremblant\",\"description\":\"Vacation &amp; tourist guide in Mont Tremblant\",\"potentialAction\":[{\"@type\":\"SearchAction\",\"target\":{\"@type\":\"EntryPoint\",\"urlTemplate\":\"https:\/\/officialmonttremblant.com\/fr\/?s={search_term_string}\"},\"query-input\":{\"@type\":\"PropertyValueSpecification\",\"valueRequired\":true,\"valueName\":\"search_term_string\"}}],\"inLanguage\":\"fr-FR\"}]}<\/script>\n<!-- \/ Yoast SEO Premium plugin. -->","yoast_head_json":{"title":"Restaurants vente a emporter - Official Mont Tremblant","description":"Official Mont Tremblant vous donne des informations sur les restaurants avec plats \u00e0 emporter. C'est facile, rapide et vous serez de retour \u00e0 la maison.","robots":{"index":"index","follow":"follow","max-snippet":"max-snippet:-1","max-image-preview":"max-image-preview:large","max-video-preview":"max-video-preview:-1"},"canonical":"https:\/\/officialmonttremblant.com\/fr\/manger-boire-sortir\/restaurants\/vente-a-emporter\/","og_locale":"fr_FR","og_type":"article","og_title":"Restaurants vente a emporter","og_description":"Official Mont Tremblant vous donne des informations sur les restaurants avec plats \u00e0 emporter. C'est facile, rapide et vous serez de retour \u00e0 la maison.","og_url":"https:\/\/officialmonttremblant.com\/fr\/manger-boire-sortir\/restaurants\/vente-a-emporter\/","og_site_name":"Official Mont Tremblant","article_modified_time":"2025-07-29T16:18:05+00:00","twitter_card":"summary_large_image","twitter_misc":{"Dur\u00e9e de lecture estim\u00e9e":"1 minute"},"schema":{"@context":"https:\/\/schema.org","@graph":[{"@type":"WebPage","@id":"https:\/\/officialmonttremblant.com\/fr\/manger-boire-sortir\/restaurants\/vente-a-emporter\/","url":"https:\/\/officialmonttremblant.com\/fr\/manger-boire-sortir\/restaurants\/vente-a-emporter\/","name":"Restaurants vente a emporter - Official Mont Tremblant","isPartOf":{"@id":"https:\/\/officialmonttremblant.com\/fr\/#website"},"datePublished":"2022-08-16T12:40:54+00:00","dateModified":"2025-07-29T16:18:05+00:00","description":"Official Mont Tremblant vous donne des informations sur les restaurants avec plats \u00e0 emporter. C'est facile, rapide et vous serez de retour \u00e0 la maison.","breadcrumb":{"@id":"https:\/\/officialmonttremblant.com\/fr\/manger-boire-sortir\/restaurants\/vente-a-emporter\/#breadcrumb"},"inLanguage":"fr-FR","potentialAction":[{"@type":"ReadAction","target":["https:\/\/officialmonttremblant.com\/fr\/manger-boire-sortir\/restaurants\/vente-a-emporter\/"]}]},{"@type":"BreadcrumbList","@id":"https:\/\/officialmonttremblant.com\/fr\/manger-boire-sortir\/restaurants\/vente-a-emporter\/#breadcrumb","itemListElement":[{"@type":"ListItem","position":1,"name":"Home","item":"https:\/\/officialmonttremblant.com\/fr\/"},{"@type":"ListItem","position":2,"name":"Manger-Boire-Sortir","item":"https:\/\/officialmonttremblant.com\/fr\/manger-boire-sortir\/"},{"@type":"ListItem","position":3,"name":"Restaurants","item":"https:\/\/officialmonttremblant.com\/fr\/manger-boire-sortir\/restaurants\/"},{"@type":"ListItem","position":4,"name":"Restaurants vente a emporter"}]},{"@type":"WebSite","@id":"https:\/\/officialmonttremblant.com\/fr\/#website","url":"https:\/\/officialmonttremblant.com\/fr\/","name":"Official Mont Tremblant","description":"Vacation &amp; tourist guide in Mont Tremblant","potentialAction":[{"@type":"SearchAction","target":{"@type":"EntryPoint","urlTemplate":"https:\/\/officialmonttremblant.com\/fr\/?s={search_term_string}"},"query-input":{"@type":"PropertyValueSpecification","valueRequired":true,"valueName":"search_term_string"}}],"inLanguage":"fr-FR"}]}},"jetpack_sharing_enabled":true,"_links":{"self":[{"href":"https:\/\/officialmonttremblant.com\/fr\/wp-json\/wp\/v2\/pages\/26104","targetHints":{"allow":["GET"]}}],"collection":[{"href":"https:\/\/officialmonttremblant.com\/fr\/wp-json\/wp\/v2\/pages"}],"about":[{"href":"https:\/\/officialmonttremblant.com\/fr\/wp-json\/wp\/v2\/types\/page"}],"author":[{"embeddable":true,"href":"https:\/\/officialmonttremblant.com\/fr\/wp-json\/wp\/v2\/users\/2"}],"replies":[{"embeddable":true,"href":"https:\/\/officialmonttremblant.com\/fr\/wp-json\/wp\/v2\/comments?post=26104"}],"version-history":[{"count":5,"href":"https:\/\/officialmonttremblant.com\/fr\/wp-json\/wp\/v2\/pages\/26104\/revisions"}],"predecessor-version":[{"id":26112,"href":"https:\/\/officialmonttremblant.com\/fr\/wp-json\/wp\/v2\/pages\/26104\/revisions\/26112"}],"up":[{"embeddable":true,"href":"https:\/\/officialmonttremblant.com\/fr\/wp-json\/wp\/v2\/pages\/25625"}],"wp:attachment":[{"href":"https:\/\/officialmonttremblant.com\/fr\/wp-json\/wp\/v2\/media?parent=26104"}],"curies":[{"name":"wp","href":"https:\/\/api.w.org\/{rel}","templated":true}]}}