{"id":26340,"date":"2022-10-11T16:02:36","date_gmt":"2022-10-11T20:02:36","guid":{"rendered":"https:\/\/officialmonttremblant.com\/activites\/activites-d-hiver\/ski\/lift-tickets\/"},"modified":"2022-11-08T13:59:54","modified_gmt":"2022-11-08T16:59:54","slug":"billets-de-ski","status":"publish","type":"page","link":"https:\/\/officialmonttremblant.com\/fr\/activites\/activites-d-hiver\/ski\/billets-de-ski\/","title":{"rendered":"Billets de ski"},"content":{"rendered":"<p>[vc_row][vc_column]<div id=\"ultimate-heading-942369dba6ce8882c\" class=\"uvc-heading ult-adjust-bottom-margin ultimate-heading-942369dba6ce8882c uvc-3476  uvc-heading-default-font-sizes\" data-hspacer=\"no_spacer\"  data-halign=\"left\" style=\"text-align:left\"><div class=\"uvc-heading-spacer no_spacer\" style=\"top\"><\/div><div class=\"uvc-main-heading ult-responsive\"  data-ultimate-target='.uvc-heading.ultimate-heading-942369dba6ce8882c h2'  data-responsive-json-new='{\"font-size\":\"\",\"line-height\":\"\"}' ><h2 style=\"--font-weight:theme;\">Billets de ski \u00e0 Mont-Tremblant<\/h2><\/div><div class=\"uvc-sub-heading ult-responsive\"  data-ultimate-target='.uvc-heading.ultimate-heading-942369dba6ce8882c .uvc-sub-heading '  data-responsive-json-new='{\"font-size\":\"\",\"line-height\":\"\"}'  style=\"font-weight:normal;\"><\/p>\n<p style=\"text-align: left;\"><strong>Les prix des forfaits de ski pour la saison 2022\/2023\u00a0<\/strong><\/p>\n<p>&nbsp;<\/p>\n<div class=\"responsive-table-container\" data-scroll=\"0\">\n<table class=\"responsive-table-variation\" style=\"height: 254px;\" width=\"755\">\n<thead>\n<tr>\n<th><span class=\"heading-three\">MULTI-JOURS<br \/>\nLUNDI AU VENDREDI<\/span><\/th>\n<th><span class=\"heading-three\">MULTI-JOURS<br \/>\nSAMEDI \/ DIMANCHE<\/span><\/th>\n<th><span class=\"heading-three\">1 JOUR<br \/>\n48 H \u00c0 L&rsquo;AVANCE<\/span><\/th>\n<th><span class=\"heading-three\">1 JOUR<br \/>\nBILLETTERIE<\/span><\/th>\n<th><span class=\"heading-three\">1 JOUR<br \/>\nHAUTE SAISON<\/span><\/th>\n<\/tr>\n<\/thead>\n<tbody>\n<tr>\n<td>ADULTE (18-69)<\/td>\n<td><span class=\"convert-price\" data-fromcurrency=\"cad\" data-dot=\",\"><strong>89 $<\/strong> \/ jour<\/span><\/p>\n<div class=\"tooltiptext\"><\/div>\n<\/td>\n<td><span class=\"convert-price\" data-fromcurrency=\"cad\" data-dot=\",\"><strong>102 $<\/strong> \/ jour<\/span><\/p>\n<div class=\"tooltiptext\"><\/div>\n<\/td>\n<td><span class=\"convert-price\" data-fromcurrency=\"cad\" data-dot=\",\">123 $<\/span><\/p>\n<div class=\"tooltiptext\"><\/div>\n<\/td>\n<td><span class=\"convert-price\" data-fromcurrency=\"cad\" data-dot=\",\">129 $<\/span><\/p>\n<div class=\"tooltiptext\"><\/div>\n<\/td>\n<td><span class=\"convert-price\" data-fromcurrency=\"cad\" data-dot=\",\">145 $ \/ jour<\/span><\/p>\n<div class=\"tooltiptext\"><\/div>\n<\/td>\n<\/tr>\n<tr>\n<td>A\u00ceN\u00c9 (70+)<\/td>\n<td><span class=\"convert-price\" data-fromcurrency=\"cad\" data-dot=\",\"><strong>77 $<\/strong> \/ jour<\/span><\/p>\n<div class=\"tooltiptext\"><\/div>\n<\/td>\n<td><span class=\"convert-price\" data-fromcurrency=\"cad\" data-dot=\",\"><strong>88 $<\/strong> \/ jour<\/span><\/p>\n<div class=\"tooltiptext\"><\/div>\n<\/td>\n<td><span class=\"convert-price\" data-fromcurrency=\"cad\" data-dot=\",\">105 $<\/span><\/p>\n<div class=\"tooltiptext\"><\/div>\n<\/td>\n<td><span class=\"convert-price\" data-fromcurrency=\"cad\" data-dot=\",\">111 $<\/span><\/p>\n<div class=\"tooltiptext\"><\/div>\n<\/td>\n<td><span class=\"convert-price\" data-fromcurrency=\"cad\" data-dot=\",\">127 $ \/ jour<\/span><\/p>\n<div class=\"tooltiptext\"><\/div>\n<\/td>\n<\/tr>\n<tr>\n<td>JEUNE (13-17)<\/td>\n<td><span class=\"convert-price\" data-fromcurrency=\"cad\" data-dot=\",\"><strong>67 $<\/strong> \/ jour<\/span><\/p>\n<div class=\"tooltiptext\"><\/div>\n<\/td>\n<td><span class=\"convert-price\" data-fromcurrency=\"cad\" data-dot=\",\"><strong>76 $<\/strong> \/ jour<\/span><\/p>\n<div class=\"tooltiptext\"><\/div>\n<\/td>\n<td><span class=\"convert-price\" data-fromcurrency=\"cad\" data-dot=\",\">92 $<\/span><\/p>\n<div class=\"tooltiptext\"><\/div>\n<\/td>\n<td><span class=\"convert-price\" data-fromcurrency=\"cad\" data-dot=\",\">97 $<\/span><\/p>\n<div class=\"tooltiptext\"><\/div>\n<\/td>\n<td><span class=\"convert-price\" data-fromcurrency=\"cad\" data-dot=\",\">105 $ \/ jour<\/span><\/p>\n<div class=\"tooltiptext\"><\/div>\n<\/td>\n<\/tr>\n<tr>\n<td>ENFANT (5-12)<\/td>\n<td><span class=\"convert-price\" data-fromcurrency=\"cad\" data-dot=\",\"><strong>51 $<\/strong> \/ jour<\/span><\/p>\n<div class=\"tooltiptext\"><\/div>\n<\/td>\n<td><span class=\"convert-price\" data-fromcurrency=\"cad\" data-dot=\",\"><strong>58 $<\/strong> \/ jour<\/span><\/p>\n<div class=\"tooltiptext\"><\/div>\n<\/td>\n<td><span class=\"convert-price\" data-fromcurrency=\"cad\" data-dot=\",\">70 $<\/span><\/p>\n<div class=\"tooltiptext\"><\/div>\n<\/td>\n<td><span class=\"convert-price\" data-fromcurrency=\"cad\" data-dot=\",\">74 $<\/span><\/p>\n<div class=\"tooltiptext\"><\/div>\n<\/td>\n<td><span class=\"convert-price\" data-fromcurrency=\"cad\" data-dot=\",\">82 $ \/ jour<\/span><\/p>\n<div class=\"tooltiptext\"><\/div>\n<\/td>\n<\/tr>\n<\/tbody>\n<\/table>\n<p>&nbsp;<\/p>\n<\/div>\n<p><span class=\"heading-sub-text\"><strong>Haute saison<\/strong>: 27 d\u00e9cembre 2022 au 5 janvier 2023 et 18 au 23 f\u00e9vrier 2023. <a href=\"https:\/\/www.tremblant.ca\/avt\/redevance\" target=\"_blank\" rel=\"noopener\">Redevance<\/a> et taxes en sus. Ces tarifs, redevance et taxes sont modifiables sans pr\u00e9avis.<\/span><\/p>\n<p><strong>Billets Peewee\/Bambin<\/strong><\/p>\n<ul>\n<li>Peewee: 1 jour: 17 $ \/ 2 jours: 30 $ \/ 3 \u00e0 5 jours: 37,50 $<\/li>\n<li>Bambin: Gratuit<\/li>\n<\/ul>\n<p><\/div><\/div>[vc_btn title=\u00a0\u00bbAchetez vos tickets!\u00a0\u00bb link=\u00a0\u00bburl:https%3A%2F%2Freservations.tremblant.ca%2Fecomm%2Fshop%2Fcalendar%2F2624850%2Ffr-CA%2F%3Fproductcategoryid%3D117%26startMonth%3D11%26_ga%3D2.178754788.1556192103.1667920061-297321026.1667920061%26_gl%3D1*ichvd*_ga*Mjk3MzIxMDI2LjE2Njc5MjAwNjE.*_ga_B1YVPN56M6*MTY2NzkyNjE5My4yLjEuMTY2NzkyNjU1MC42MC4wLjA.|title:Achetez%20vos%20tickets!|target:_blank\u00a0\u00bb][\/vc_column][\/vc_row][vc_row][vc_column][vc_empty_space height=\u00a0\u00bb60px\u00a0\u00bb][\/vc_column][\/vc_row][vc_row][vc_column][vc_single_image image=\u00a0\u00bb25062&Prime; img_size=\u00a0\u00bb800&#215;600&Prime; alignment=\u00a0\u00bbcenter\u00a0\u00bb][\/vc_column][\/vc_row]<\/p>\n","protected":false},"excerpt":{"rendered":"<p>[vc_row][vc_column][vc_btn title=\u00a0\u00bbAchetez vos tickets!\u00a0\u00bb link=\u00a0\u00bburl:https%3A%2F%2Freservations.tremblant.ca%2Fecomm%2Fshop%2Fcalendar%2F2624850%2Ffr-CA%2F%3Fproductcategoryid%3D117%26startMonth%3D11%26_ga%3D2.178754788.1556192103.1667920061-297321026.1667920061%26_gl%3D1*ichvd*_ga*Mjk3MzIxMDI2LjE2Njc5MjAwNjE.*_ga_B1YVPN56M6*MTY2NzkyNjE5My4yLjEuMTY2NzkyNjU1MC42MC4wLjA.|title:Achetez%20vos%20tickets!|target:_blank\u00a0\u00bb][\/vc_column][\/vc_row][vc_row][vc_column][vc_empty_space height=\u00a0\u00bb60px\u00a0\u00bb][\/vc_column][\/vc_row][vc_row][vc_column][vc_single_image image=\u00a0\u00bb25062&Prime; img_size=\u00a0\u00bb800&#215;600&Prime; alignment=\u00a0\u00bbcenter\u00a0\u00bb][\/vc_column][\/vc_row]<\/p>\n","protected":false},"author":5,"featured_media":25063,"parent":24809,"menu_order":0,"comment_status":"closed","ping_status":"closed","template":"","meta":{"footnotes":""},"class_list":["post-26340","page","type-page","status-publish","has-post-thumbnail","hentry","description-off"],"yoast_head":"<!-- This site is optimized with the Yoast SEO Premium plugin v26.5 (Yoast SEO v26.5) - https:\/\/yoast.com\/wordpress\/plugins\/seo\/ -->\n<title>Billets de ski \u00e0 Tremblant, activit\u00e9s \u00e0 Tremblant<\/title>\n<meta name=\"description\" content=\"Official Mont-Tremblant vous apporte plus d&#039;informations sur les activit\u00e9s \u00e0 Tremblant dont les billets de ski \u00e0 Tremblant.\" \/>\n<meta name=\"robots\" content=\"index, follow, max-snippet:-1, max-image-preview:large, max-video-preview:-1\" \/>\n<link rel=\"canonical\" href=\"https:\/\/officialmonttremblant.com\/fr\/activites\/activites-d-hiver\/ski\/billets-de-ski\/\" \/>\n<meta property=\"og:locale\" content=\"fr_FR\" \/>\n<meta property=\"og:type\" content=\"article\" \/>\n<meta property=\"og:title\" content=\"Billets de ski\" \/>\n<meta property=\"og:description\" content=\"Official Mont-Tremblant vous apporte plus d&#039;informations sur les activit\u00e9s \u00e0 Tremblant dont les billets de ski \u00e0 Tremblant.\" \/>\n<meta property=\"og:url\" content=\"https:\/\/officialmonttremblant.com\/fr\/activites\/activites-d-hiver\/ski\/billets-de-ski\/\" \/>\n<meta property=\"og:site_name\" content=\"Official Mont Tremblant\" \/>\n<meta property=\"article:modified_time\" content=\"2022-11-08T16:59:54+00:00\" \/>\n<meta property=\"og:image\" content=\"https:\/\/officialmonttremblant.com\/wp-content\/uploads\/2022\/10\/Tremblant-lift-tickets-1024x655.jpeg\" \/>\n\t<meta property=\"og:image:width\" content=\"1024\" \/>\n\t<meta property=\"og:image:height\" content=\"655\" \/>\n\t<meta property=\"og:image:type\" content=\"image\/jpeg\" \/>\n<meta name=\"twitter:card\" content=\"summary_large_image\" \/>\n<meta name=\"twitter:label1\" content=\"Dur\u00e9e de lecture estim\u00e9e\" \/>\n\t<meta name=\"twitter:data1\" content=\"1 minute\" \/>\n<script type=\"application\/ld+json\" class=\"yoast-schema-graph\">{\"@context\":\"https:\/\/schema.org\",\"@graph\":[{\"@type\":\"WebPage\",\"@id\":\"https:\/\/officialmonttremblant.com\/fr\/activites\/activites-d-hiver\/ski\/billets-de-ski\/\",\"url\":\"https:\/\/officialmonttremblant.com\/fr\/activites\/activites-d-hiver\/ski\/billets-de-ski\/\",\"name\":\"Billets de ski \u00e0 Tremblant, activit\u00e9s \u00e0 Tremblant\",\"isPartOf\":{\"@id\":\"https:\/\/officialmonttremblant.com\/fr\/#website\"},\"primaryImageOfPage\":{\"@id\":\"https:\/\/officialmonttremblant.com\/fr\/activites\/activites-d-hiver\/ski\/billets-de-ski\/#primaryimage\"},\"image\":{\"@id\":\"https:\/\/officialmonttremblant.com\/fr\/activites\/activites-d-hiver\/ski\/billets-de-ski\/#primaryimage\"},\"thumbnailUrl\":\"https:\/\/officialmonttremblant.com\/wp-content\/uploads\/2022\/10\/Tremblant-lift-tickets.jpeg\",\"datePublished\":\"2022-10-11T20:02:36+00:00\",\"dateModified\":\"2022-11-08T16:59:54+00:00\",\"description\":\"Official Mont-Tremblant vous apporte plus d'informations sur les activit\u00e9s \u00e0 Tremblant dont les billets de ski \u00e0 Tremblant.\",\"breadcrumb\":{\"@id\":\"https:\/\/officialmonttremblant.com\/fr\/activites\/activites-d-hiver\/ski\/billets-de-ski\/#breadcrumb\"},\"inLanguage\":\"fr-FR\",\"potentialAction\":[{\"@type\":\"ReadAction\",\"target\":[\"https:\/\/officialmonttremblant.com\/fr\/activites\/activites-d-hiver\/ski\/billets-de-ski\/\"]}]},{\"@type\":\"ImageObject\",\"inLanguage\":\"fr-FR\",\"@id\":\"https:\/\/officialmonttremblant.com\/fr\/activites\/activites-d-hiver\/ski\/billets-de-ski\/#primaryimage\",\"url\":\"https:\/\/officialmonttremblant.com\/wp-content\/uploads\/2022\/10\/Tremblant-lift-tickets.jpeg\",\"contentUrl\":\"https:\/\/officialmonttremblant.com\/wp-content\/uploads\/2022\/10\/Tremblant-lift-tickets.jpeg\",\"width\":2200,\"height\":1408,\"caption\":\"Tremblant Lift Tickets\"},{\"@type\":\"BreadcrumbList\",\"@id\":\"https:\/\/officialmonttremblant.com\/fr\/activites\/activites-d-hiver\/ski\/billets-de-ski\/#breadcrumb\",\"itemListElement\":[{\"@type\":\"ListItem\",\"position\":1,\"name\":\"Home\",\"item\":\"https:\/\/officialmonttremblant.com\/fr\/\"},{\"@type\":\"ListItem\",\"position\":2,\"name\":\"Activit\u00e9s\",\"item\":\"https:\/\/officialmonttremblant.com\/fr\/activites\/\"},{\"@type\":\"ListItem\",\"position\":3,\"name\":\"Activit\u00e9s d&#8217;hiver\",\"item\":\"https:\/\/officialmonttremblant.com\/fr\/activites\/activites-d-hiver\/\"},{\"@type\":\"ListItem\",\"position\":4,\"name\":\"Ski\",\"item\":\"https:\/\/officialmonttremblant.com\/fr\/activites\/activites-d-hiver\/ski\/\"},{\"@type\":\"ListItem\",\"position\":5,\"name\":\"Billets de ski\"}]},{\"@type\":\"WebSite\",\"@id\":\"https:\/\/officialmonttremblant.com\/fr\/#website\",\"url\":\"https:\/\/officialmonttremblant.com\/fr\/\",\"name\":\"Official Mont Tremblant\",\"description\":\"Vacation &amp; tourist guide in Mont Tremblant\",\"potentialAction\":[{\"@type\":\"SearchAction\",\"target\":{\"@type\":\"EntryPoint\",\"urlTemplate\":\"https:\/\/officialmonttremblant.com\/fr\/?s={search_term_string}\"},\"query-input\":{\"@type\":\"PropertyValueSpecification\",\"valueRequired\":true,\"valueName\":\"search_term_string\"}}],\"inLanguage\":\"fr-FR\"}]}<\/script>\n<!-- \/ Yoast SEO Premium plugin. -->","yoast_head_json":{"title":"Billets de ski \u00e0 Tremblant, activit\u00e9s \u00e0 Tremblant","description":"Official Mont-Tremblant vous apporte plus d'informations sur les activit\u00e9s \u00e0 Tremblant dont les billets de ski \u00e0 Tremblant.","robots":{"index":"index","follow":"follow","max-snippet":"max-snippet:-1","max-image-preview":"max-image-preview:large","max-video-preview":"max-video-preview:-1"},"canonical":"https:\/\/officialmonttremblant.com\/fr\/activites\/activites-d-hiver\/ski\/billets-de-ski\/","og_locale":"fr_FR","og_type":"article","og_title":"Billets de ski","og_description":"Official Mont-Tremblant vous apporte plus d'informations sur les activit\u00e9s \u00e0 Tremblant dont les billets de ski \u00e0 Tremblant.","og_url":"https:\/\/officialmonttremblant.com\/fr\/activites\/activites-d-hiver\/ski\/billets-de-ski\/","og_site_name":"Official Mont Tremblant","article_modified_time":"2022-11-08T16:59:54+00:00","og_image":[{"width":1024,"height":655,"url":"https:\/\/officialmonttremblant.com\/wp-content\/uploads\/2022\/10\/Tremblant-lift-tickets-1024x655.jpeg","type":"image\/jpeg"}],"twitter_card":"summary_large_image","twitter_misc":{"Dur\u00e9e de lecture estim\u00e9e":"1 minute"},"schema":{"@context":"https:\/\/schema.org","@graph":[{"@type":"WebPage","@id":"https:\/\/officialmonttremblant.com\/fr\/activites\/activites-d-hiver\/ski\/billets-de-ski\/","url":"https:\/\/officialmonttremblant.com\/fr\/activites\/activites-d-hiver\/ski\/billets-de-ski\/","name":"Billets de ski \u00e0 Tremblant, activit\u00e9s \u00e0 Tremblant","isPartOf":{"@id":"https:\/\/officialmonttremblant.com\/fr\/#website"},"primaryImageOfPage":{"@id":"https:\/\/officialmonttremblant.com\/fr\/activites\/activites-d-hiver\/ski\/billets-de-ski\/#primaryimage"},"image":{"@id":"https:\/\/officialmonttremblant.com\/fr\/activites\/activites-d-hiver\/ski\/billets-de-ski\/#primaryimage"},"thumbnailUrl":"https:\/\/officialmonttremblant.com\/wp-content\/uploads\/2022\/10\/Tremblant-lift-tickets.jpeg","datePublished":"2022-10-11T20:02:36+00:00","dateModified":"2022-11-08T16:59:54+00:00","description":"Official Mont-Tremblant vous apporte plus d'informations sur les activit\u00e9s \u00e0 Tremblant dont les billets de ski \u00e0 Tremblant.","breadcrumb":{"@id":"https:\/\/officialmonttremblant.com\/fr\/activites\/activites-d-hiver\/ski\/billets-de-ski\/#breadcrumb"},"inLanguage":"fr-FR","potentialAction":[{"@type":"ReadAction","target":["https:\/\/officialmonttremblant.com\/fr\/activites\/activites-d-hiver\/ski\/billets-de-ski\/"]}]},{"@type":"ImageObject","inLanguage":"fr-FR","@id":"https:\/\/officialmonttremblant.com\/fr\/activites\/activites-d-hiver\/ski\/billets-de-ski\/#primaryimage","url":"https:\/\/officialmonttremblant.com\/wp-content\/uploads\/2022\/10\/Tremblant-lift-tickets.jpeg","contentUrl":"https:\/\/officialmonttremblant.com\/wp-content\/uploads\/2022\/10\/Tremblant-lift-tickets.jpeg","width":2200,"height":1408,"caption":"Tremblant Lift Tickets"},{"@type":"BreadcrumbList","@id":"https:\/\/officialmonttremblant.com\/fr\/activites\/activites-d-hiver\/ski\/billets-de-ski\/#breadcrumb","itemListElement":[{"@type":"ListItem","position":1,"name":"Home","item":"https:\/\/officialmonttremblant.com\/fr\/"},{"@type":"ListItem","position":2,"name":"Activit\u00e9s","item":"https:\/\/officialmonttremblant.com\/fr\/activites\/"},{"@type":"ListItem","position":3,"name":"Activit\u00e9s d&#8217;hiver","item":"https:\/\/officialmonttremblant.com\/fr\/activites\/activites-d-hiver\/"},{"@type":"ListItem","position":4,"name":"Ski","item":"https:\/\/officialmonttremblant.com\/fr\/activites\/activites-d-hiver\/ski\/"},{"@type":"ListItem","position":5,"name":"Billets de ski"}]},{"@type":"WebSite","@id":"https:\/\/officialmonttremblant.com\/fr\/#website","url":"https:\/\/officialmonttremblant.com\/fr\/","name":"Official Mont Tremblant","description":"Vacation &amp; tourist guide in Mont Tremblant","potentialAction":[{"@type":"SearchAction","target":{"@type":"EntryPoint","urlTemplate":"https:\/\/officialmonttremblant.com\/fr\/?s={search_term_string}"},"query-input":{"@type":"PropertyValueSpecification","valueRequired":true,"valueName":"search_term_string"}}],"inLanguage":"fr-FR"}]}},"jetpack_sharing_enabled":true,"_links":{"self":[{"href":"https:\/\/officialmonttremblant.com\/fr\/wp-json\/wp\/v2\/pages\/26340","targetHints":{"allow":["GET"]}}],"collection":[{"href":"https:\/\/officialmonttremblant.com\/fr\/wp-json\/wp\/v2\/pages"}],"about":[{"href":"https:\/\/officialmonttremblant.com\/fr\/wp-json\/wp\/v2\/types\/page"}],"author":[{"embeddable":true,"href":"https:\/\/officialmonttremblant.com\/fr\/wp-json\/wp\/v2\/users\/5"}],"replies":[{"embeddable":true,"href":"https:\/\/officialmonttremblant.com\/fr\/wp-json\/wp\/v2\/comments?post=26340"}],"version-history":[{"count":4,"href":"https:\/\/officialmonttremblant.com\/fr\/wp-json\/wp\/v2\/pages\/26340\/revisions"}],"predecessor-version":[{"id":26772,"href":"https:\/\/officialmonttremblant.com\/fr\/wp-json\/wp\/v2\/pages\/26340\/revisions\/26772"}],"up":[{"embeddable":true,"href":"https:\/\/officialmonttremblant.com\/fr\/wp-json\/wp\/v2\/pages\/24809"}],"wp:featuredmedia":[{"embeddable":true,"href":"https:\/\/officialmonttremblant.com\/fr\/wp-json\/wp\/v2\/media\/25063"}],"wp:attachment":[{"href":"https:\/\/officialmonttremblant.com\/fr\/wp-json\/wp\/v2\/media?parent=26340"}],"curies":[{"name":"wp","href":"https:\/\/api.w.org\/{rel}","templated":true}]}}