{"id":26342,"date":"2022-10-11T16:25:29","date_gmt":"2022-10-11T20:25:29","guid":{"rendered":"https:\/\/officialmonttremblant.com\/activites\/activites-d-hiver\/ski\/trail-maps\/"},"modified":"2025-07-29T12:06:13","modified_gmt":"2025-07-29T16:06:13","slug":"carte-des-sentiers","status":"publish","type":"page","link":"https:\/\/officialmonttremblant.com\/fr\/activites\/activites-d-hiver\/ski\/carte-des-sentiers\/","title":{"rendered":"Carte des sentiers"},"content":{"rendered":"<p>[vc_row][vc_column]<div id=\"ultimate-heading-136369f37f08569c7\" class=\"uvc-heading ult-adjust-bottom-margin ultimate-heading-136369f37f08569c7 uvc-4567  uvc-heading-default-font-sizes\" data-hspacer=\"no_spacer\"  data-halign=\"left\" style=\"text-align:left\"><div class=\"uvc-heading-spacer no_spacer\" style=\"top\"><\/div><div class=\"uvc-main-heading ult-responsive\"  data-ultimate-target='.uvc-heading.ultimate-heading-136369f37f08569c7 h2'  data-responsive-json-new='{\"font-size\":\"\",\"line-height\":\"\"}' ><h2 style=\"--font-weight:theme;\">Cartes des sentiers de ski \u00e0 Mont-Tremblant<\/h2><\/div><div class=\"uvc-sub-heading ult-responsive\"  data-ultimate-target='.uvc-heading.ultimate-heading-136369f37f08569c7 .uvc-sub-heading '  data-responsive-json-new='{\"font-size\":\"\",\"line-height\":\"\"}'  style=\"font-weight:normal;\"><\/p>\n<p style=\"text-align: left;\">Official Mont-Tremblant vous apporte plus d&rsquo;informations sur les activit\u00e9s \u00e0 Tremblant dont les cartes des sentiers de ski \u00e0 Tremblant.<\/p>\n<p style=\"text-align: left;\"><span style=\"font-weight: 400;\">Que ce soit \u00e0 v\u00e9lo, \u00e0 pied ou \u00e0 ski, choisissez votre activit\u00e9 pr\u00e9f\u00e9r\u00e9e \u00e0 Tremblant et explorez la montagne \u00e0 votre fa\u00e7on gr\u00e2ce aux cartes des pistes de Mont- Tremblant. Mont-Tremblant offre d\u2019excellentes conditions pour le ski alpin ainsi que le ski de fond. Les cartes de pistes de ski d\u00e9taill\u00e9es sont disponibles pour les pistes de ski alpin comme pour les pistes de ski de fond.<\/span><\/p>\n<p style=\"text-align: left;\"><span style=\"font-weight: 400;\">La station de ski regroupe 95 pistes de ski situ\u00e9es sur quatre versants principaux de la montagne offrant des pistes pour d\u00e9butants et experts avec pentes allant jusqu\u2019\u00e0 42 degr\u00e9s d\u2019inclinaison. Le plus haut point du Mont-Tremblant est de 875 m (2871 pieds) de hauteur et la chute verticale est de 645 m. Les pistes s\u2019\u00e9tendent sur plus de 79 kilom\u00e8tres (49 milles).Le terrain skiable englobe 265 hectares \/ 654 acres et est \u00e9quip\u00e9 de 14 remont\u00e9es m\u00e9caniques. Vous pouvez choisir parmi plus de 50 modules de d\u00e9butants \u00e0 experts parmi les 3 parcs. Le port du casque est obligatoire dans tous les parcs de ski de Mont Tremblant. La station est fi\u00e8re de participer au programme \u00ab Pistes durables \u00bb qui soutient des projets et op\u00e9rations de d\u00e9veloppement pour le respect de l\u2019environnement.<\/span><\/p>\n<p style=\"text-align: left;\"><span style=\"font-weight: 400;\">Il existe de nombreux sentiers de ski de fond. Tous traversent la belle campagne de Mont-Tremblant et ses alentours. Vous pouvez planifier et adapter un itin\u00e9raire \u00e0 chaque niveau de skieurs, du plus court de quelques kilom\u00e8tres, au plus long de plus allant jusqu\u2019\u00e0 20 km.<\/span><\/p>\n<p><\/div><\/div>[\/vc_column][\/vc_row][vc_row][vc_column][vc_empty_space height=\u00a0\u00bb60px\u00a0\u00bb][\/vc_column][\/vc_row][vc_row][vc_column][vc_column_text]<\/p>\n<h3 style=\"text-align: center;\"><strong>CARTE SKI<\/strong><\/h3>\n<p style=\"text-align: center;\"><a href=\"https:\/\/skimap.org\/data\/101\/2200\/1635289725.pdf\" target=\"_blank\" rel=\"noopener\"><span style=\"font-weight: 400;\">https:\/\/skimap.org\/data\/101\/2200\/1635289725.pdf<\/span><\/a><\/p>\n<p>&nbsp;<\/p>\n<h3 style=\"text-align: center;\"><strong>CARTE RAQUETTES A NEIGE<\/strong><\/h3>\n<p style=\"text-align: center;\"><a href=\"https:\/\/officialmonttremblant.com\/wp-content\/uploads\/2019\/06\/snowshoe-alpine-touring-trail-map-tremblant.pdf\" target=\"_blank\" rel=\"noopener\">Carte raquettes \u00e0 neige<\/a><\/p>\n<p>&nbsp;<\/p>\n<h3 style=\"text-align: center;\"><strong>CARTE RANDONNEES<\/strong><\/h3>\n<p style=\"text-align: center;\"><a href=\"https:\/\/www.villedemont-tremblant.qc.ca\/en\/recreation\/trails\/map-and-trail-conditions\" target=\"_blank\" rel=\"noopener\"><span style=\"font-weight: 400;\">https:\/\/www.villedemont-tremblant.qc.ca\/en\/recreation\/trails\/map-and-trail-conditions<\/span><\/a><\/p>\n<h3><\/h3>\n<p>&nbsp;<\/p>\n<h3 style=\"text-align: center;\">CARTE VELO ELECTRIQUE<\/h3>\n<p style=\"text-align: center;\"><span style=\"font-weight: 400;\">\u00a0<\/span><a href=\"https:\/\/officialmonttremblant.com\/wp-content\/uploads\/2019\/06\/trenblant-fatbike-trail-map.pdf\" target=\"_blank\" rel=\"noopener\"><span style=\"font-weight: 400;\">https:\/\/officialmonttremblant.com\/wp-content\/uploads\/2019\/06\/trenblant-fatbike-trail-map.pdf<\/span><\/a><\/p>\n<p>&nbsp;<\/p>\n<h3 style=\"text-align: center;\"><strong>CARTE SKI DE FOND<\/strong><\/h3>\n<h4 style=\"text-align: center;\"><em><span style=\"font-weight: 400;\">Secteur de la Diable<\/span><\/em><\/h4>\n<p style=\"text-align: center;\"><a href=\"https:\/\/www.sepaq.com\/dotAsset\/4e320728-ab15-4355-b6b2-336788d6d38e.pdf\" target=\"_blank\" rel=\"noopener\"><span style=\"font-weight: 400;\">https:\/\/www.sepaq.com\/dotAsset\/4e320728-ab15-4355-b6b2-336788d6d38e.pdf<\/span><\/a><\/p>\n<p>[\/vc_column_text][\/vc_column][\/vc_row][vc_row][vc_column][vc_empty_space height=\u00a0\u00bb60px\u00a0\u00bb][\/vc_column][\/vc_row][vc_row][vc_column][vc_single_image image=\u00a0\u00bb25066&Prime; img_size=\u00a0\u00bb800&#215;600&Prime; alignment=\u00a0\u00bbcenter\u00a0\u00bb][\/vc_column][\/vc_row]<\/p>\n","protected":false},"excerpt":{"rendered":"<p>[vc_row][vc_column][\/vc_column][\/vc_row][vc_row][vc_column][vc_empty_space height=\u00a0\u00bb60px\u00a0\u00bb][\/vc_column][\/vc_row][vc_row][vc_column][vc_column_text] CARTE SKI https:\/\/skimap.org\/data\/101\/2200\/1635289725.pdf &nbsp; CARTE RAQUETTES A NEIGE Carte raquettes \u00e0 neige &nbsp; CARTE RANDONNEES https:\/\/www.villedemont-tremblant.qc.ca\/en\/recreation\/trails\/map-and-trail-conditions &nbsp; CARTE VELO ELECTRIQUE \u00a0https:\/\/officialmonttremblant.com\/wp-content\/uploads\/2019\/06\/trenblant-fatbike-trail-map.pdf &nbsp; CARTE SKI DE FOND Secteur de la Diable https:\/\/www.sepaq.com\/dotAsset\/4e320728-ab15-4355-b6b2-336788d6d38e.pdf [\/vc_column_text][\/vc_column][\/vc_row][vc_row][vc_column][vc_empty_space height=\u00a0\u00bb60px\u00a0\u00bb][\/vc_column][\/vc_row][vc_row][vc_column][vc_single_image image=\u00a0\u00bb25066&Prime; img_size=\u00a0\u00bb800&#215;600&Prime; alignment=\u00a0\u00bbcenter\u00a0\u00bb][\/vc_column][\/vc_row]<\/p>\n","protected":false},"author":5,"featured_media":25067,"parent":24809,"menu_order":0,"comment_status":"closed","ping_status":"closed","template":"","meta":{"footnotes":""},"class_list":["post-26342","page","type-page","status-publish","has-post-thumbnail","hentry","description-off"],"yoast_head":"<!-- This site is optimized with the Yoast SEO Premium plugin v26.5 (Yoast SEO v26.5) - https:\/\/yoast.com\/wordpress\/plugins\/seo\/ -->\n<title>Cartes des sentiers de ski \u00e0 Tremblant, Activit\u00e9s \u00e0 Tremblant<\/title>\n<meta name=\"description\" content=\"Official Mont-Tremblant vous apporte plus d&#039;informations sur les activit\u00e9s \u00e0 Tremblant dont les cartes des sentiers de ski \u00e0 Tremblant.\" \/>\n<meta name=\"robots\" content=\"index, follow, max-snippet:-1, max-image-preview:large, max-video-preview:-1\" \/>\n<link rel=\"canonical\" href=\"https:\/\/officialmonttremblant.com\/fr\/activites\/activites-d-hiver\/ski\/carte-des-sentiers\/\" \/>\n<meta property=\"og:locale\" content=\"fr_FR\" \/>\n<meta property=\"og:type\" content=\"article\" \/>\n<meta property=\"og:title\" content=\"Carte des sentiers\" \/>\n<meta property=\"og:description\" content=\"Official Mont-Tremblant vous apporte plus d&#039;informations sur les activit\u00e9s \u00e0 Tremblant dont les cartes des sentiers de ski \u00e0 Tremblant.\" \/>\n<meta property=\"og:url\" content=\"https:\/\/officialmonttremblant.com\/fr\/activites\/activites-d-hiver\/ski\/carte-des-sentiers\/\" \/>\n<meta property=\"og:site_name\" content=\"Official Mont Tremblant\" \/>\n<meta property=\"article:modified_time\" content=\"2025-07-29T16:06:13+00:00\" \/>\n<meta property=\"og:image\" content=\"https:\/\/officialmonttremblant.com\/wp-content\/uploads\/2022\/10\/Mont-Tremblant-Trail-Maps.webp\" \/>\n\t<meta property=\"og:image:width\" content=\"1680\" \/>\n\t<meta property=\"og:image:height\" content=\"1008\" \/>\n\t<meta property=\"og:image:type\" content=\"image\/webp\" \/>\n<meta name=\"twitter:card\" content=\"summary_large_image\" \/>\n<meta name=\"twitter:label1\" content=\"Dur\u00e9e de lecture estim\u00e9e\" \/>\n\t<meta name=\"twitter:data1\" content=\"2 minutes\" \/>\n<script type=\"application\/ld+json\" class=\"yoast-schema-graph\">{\"@context\":\"https:\/\/schema.org\",\"@graph\":[{\"@type\":\"WebPage\",\"@id\":\"https:\/\/officialmonttremblant.com\/fr\/activites\/activites-d-hiver\/ski\/carte-des-sentiers\/\",\"url\":\"https:\/\/officialmonttremblant.com\/fr\/activites\/activites-d-hiver\/ski\/carte-des-sentiers\/\",\"name\":\"Cartes des sentiers de ski \u00e0 Tremblant, Activit\u00e9s \u00e0 Tremblant\",\"isPartOf\":{\"@id\":\"https:\/\/officialmonttremblant.com\/fr\/#website\"},\"primaryImageOfPage\":{\"@id\":\"https:\/\/officialmonttremblant.com\/fr\/activites\/activites-d-hiver\/ski\/carte-des-sentiers\/#primaryimage\"},\"image\":{\"@id\":\"https:\/\/officialmonttremblant.com\/fr\/activites\/activites-d-hiver\/ski\/carte-des-sentiers\/#primaryimage\"},\"thumbnailUrl\":\"https:\/\/officialmonttremblant.com\/wp-content\/uploads\/2022\/10\/Mont-Tremblant-Trail-Maps.webp\",\"datePublished\":\"2022-10-11T20:25:29+00:00\",\"dateModified\":\"2025-07-29T16:06:13+00:00\",\"description\":\"Official Mont-Tremblant vous apporte plus d'informations sur les activit\u00e9s \u00e0 Tremblant dont les cartes des sentiers de ski \u00e0 Tremblant.\",\"breadcrumb\":{\"@id\":\"https:\/\/officialmonttremblant.com\/fr\/activites\/activites-d-hiver\/ski\/carte-des-sentiers\/#breadcrumb\"},\"inLanguage\":\"fr-FR\",\"potentialAction\":[{\"@type\":\"ReadAction\",\"target\":[\"https:\/\/officialmonttremblant.com\/fr\/activites\/activites-d-hiver\/ski\/carte-des-sentiers\/\"]}]},{\"@type\":\"ImageObject\",\"inLanguage\":\"fr-FR\",\"@id\":\"https:\/\/officialmonttremblant.com\/fr\/activites\/activites-d-hiver\/ski\/carte-des-sentiers\/#primaryimage\",\"url\":\"https:\/\/officialmonttremblant.com\/wp-content\/uploads\/2022\/10\/Mont-Tremblant-Trail-Maps.webp\",\"contentUrl\":\"https:\/\/officialmonttremblant.com\/wp-content\/uploads\/2022\/10\/Mont-Tremblant-Trail-Maps.webp\",\"width\":1680,\"height\":1008,\"caption\":\"Mont-Tremblant Trail Maps\"},{\"@type\":\"BreadcrumbList\",\"@id\":\"https:\/\/officialmonttremblant.com\/fr\/activites\/activites-d-hiver\/ski\/carte-des-sentiers\/#breadcrumb\",\"itemListElement\":[{\"@type\":\"ListItem\",\"position\":1,\"name\":\"Home\",\"item\":\"https:\/\/officialmonttremblant.com\/fr\/\"},{\"@type\":\"ListItem\",\"position\":2,\"name\":\"Activit\u00e9s\",\"item\":\"https:\/\/officialmonttremblant.com\/fr\/activites\/\"},{\"@type\":\"ListItem\",\"position\":3,\"name\":\"Activit\u00e9s d&#8217;hiver\",\"item\":\"https:\/\/officialmonttremblant.com\/fr\/activites\/activites-d-hiver\/\"},{\"@type\":\"ListItem\",\"position\":4,\"name\":\"Ski\",\"item\":\"https:\/\/officialmonttremblant.com\/fr\/activites\/activites-d-hiver\/ski\/\"},{\"@type\":\"ListItem\",\"position\":5,\"name\":\"Carte des sentiers\"}]},{\"@type\":\"WebSite\",\"@id\":\"https:\/\/officialmonttremblant.com\/fr\/#website\",\"url\":\"https:\/\/officialmonttremblant.com\/fr\/\",\"name\":\"Official Mont Tremblant\",\"description\":\"Vacation &amp; tourist guide in Mont Tremblant\",\"potentialAction\":[{\"@type\":\"SearchAction\",\"target\":{\"@type\":\"EntryPoint\",\"urlTemplate\":\"https:\/\/officialmonttremblant.com\/fr\/?s={search_term_string}\"},\"query-input\":{\"@type\":\"PropertyValueSpecification\",\"valueRequired\":true,\"valueName\":\"search_term_string\"}}],\"inLanguage\":\"fr-FR\"}]}<\/script>\n<!-- \/ Yoast SEO Premium plugin. -->","yoast_head_json":{"title":"Cartes des sentiers de ski \u00e0 Tremblant, Activit\u00e9s \u00e0 Tremblant","description":"Official Mont-Tremblant vous apporte plus d'informations sur les activit\u00e9s \u00e0 Tremblant dont les cartes des sentiers de ski \u00e0 Tremblant.","robots":{"index":"index","follow":"follow","max-snippet":"max-snippet:-1","max-image-preview":"max-image-preview:large","max-video-preview":"max-video-preview:-1"},"canonical":"https:\/\/officialmonttremblant.com\/fr\/activites\/activites-d-hiver\/ski\/carte-des-sentiers\/","og_locale":"fr_FR","og_type":"article","og_title":"Carte des sentiers","og_description":"Official Mont-Tremblant vous apporte plus d'informations sur les activit\u00e9s \u00e0 Tremblant dont les cartes des sentiers de ski \u00e0 Tremblant.","og_url":"https:\/\/officialmonttremblant.com\/fr\/activites\/activites-d-hiver\/ski\/carte-des-sentiers\/","og_site_name":"Official Mont Tremblant","article_modified_time":"2025-07-29T16:06:13+00:00","og_image":[{"width":1680,"height":1008,"url":"https:\/\/officialmonttremblant.com\/wp-content\/uploads\/2022\/10\/Mont-Tremblant-Trail-Maps.webp","type":"image\/webp"}],"twitter_card":"summary_large_image","twitter_misc":{"Dur\u00e9e de lecture estim\u00e9e":"2 minutes"},"schema":{"@context":"https:\/\/schema.org","@graph":[{"@type":"WebPage","@id":"https:\/\/officialmonttremblant.com\/fr\/activites\/activites-d-hiver\/ski\/carte-des-sentiers\/","url":"https:\/\/officialmonttremblant.com\/fr\/activites\/activites-d-hiver\/ski\/carte-des-sentiers\/","name":"Cartes des sentiers de ski \u00e0 Tremblant, Activit\u00e9s \u00e0 Tremblant","isPartOf":{"@id":"https:\/\/officialmonttremblant.com\/fr\/#website"},"primaryImageOfPage":{"@id":"https:\/\/officialmonttremblant.com\/fr\/activites\/activites-d-hiver\/ski\/carte-des-sentiers\/#primaryimage"},"image":{"@id":"https:\/\/officialmonttremblant.com\/fr\/activites\/activites-d-hiver\/ski\/carte-des-sentiers\/#primaryimage"},"thumbnailUrl":"https:\/\/officialmonttremblant.com\/wp-content\/uploads\/2022\/10\/Mont-Tremblant-Trail-Maps.webp","datePublished":"2022-10-11T20:25:29+00:00","dateModified":"2025-07-29T16:06:13+00:00","description":"Official Mont-Tremblant vous apporte plus d'informations sur les activit\u00e9s \u00e0 Tremblant dont les cartes des sentiers de ski \u00e0 Tremblant.","breadcrumb":{"@id":"https:\/\/officialmonttremblant.com\/fr\/activites\/activites-d-hiver\/ski\/carte-des-sentiers\/#breadcrumb"},"inLanguage":"fr-FR","potentialAction":[{"@type":"ReadAction","target":["https:\/\/officialmonttremblant.com\/fr\/activites\/activites-d-hiver\/ski\/carte-des-sentiers\/"]}]},{"@type":"ImageObject","inLanguage":"fr-FR","@id":"https:\/\/officialmonttremblant.com\/fr\/activites\/activites-d-hiver\/ski\/carte-des-sentiers\/#primaryimage","url":"https:\/\/officialmonttremblant.com\/wp-content\/uploads\/2022\/10\/Mont-Tremblant-Trail-Maps.webp","contentUrl":"https:\/\/officialmonttremblant.com\/wp-content\/uploads\/2022\/10\/Mont-Tremblant-Trail-Maps.webp","width":1680,"height":1008,"caption":"Mont-Tremblant Trail Maps"},{"@type":"BreadcrumbList","@id":"https:\/\/officialmonttremblant.com\/fr\/activites\/activites-d-hiver\/ski\/carte-des-sentiers\/#breadcrumb","itemListElement":[{"@type":"ListItem","position":1,"name":"Home","item":"https:\/\/officialmonttremblant.com\/fr\/"},{"@type":"ListItem","position":2,"name":"Activit\u00e9s","item":"https:\/\/officialmonttremblant.com\/fr\/activites\/"},{"@type":"ListItem","position":3,"name":"Activit\u00e9s d&#8217;hiver","item":"https:\/\/officialmonttremblant.com\/fr\/activites\/activites-d-hiver\/"},{"@type":"ListItem","position":4,"name":"Ski","item":"https:\/\/officialmonttremblant.com\/fr\/activites\/activites-d-hiver\/ski\/"},{"@type":"ListItem","position":5,"name":"Carte des sentiers"}]},{"@type":"WebSite","@id":"https:\/\/officialmonttremblant.com\/fr\/#website","url":"https:\/\/officialmonttremblant.com\/fr\/","name":"Official Mont Tremblant","description":"Vacation &amp; tourist guide in Mont Tremblant","potentialAction":[{"@type":"SearchAction","target":{"@type":"EntryPoint","urlTemplate":"https:\/\/officialmonttremblant.com\/fr\/?s={search_term_string}"},"query-input":{"@type":"PropertyValueSpecification","valueRequired":true,"valueName":"search_term_string"}}],"inLanguage":"fr-FR"}]}},"jetpack_sharing_enabled":true,"_links":{"self":[{"href":"https:\/\/officialmonttremblant.com\/fr\/wp-json\/wp\/v2\/pages\/26342","targetHints":{"allow":["GET"]}}],"collection":[{"href":"https:\/\/officialmonttremblant.com\/fr\/wp-json\/wp\/v2\/pages"}],"about":[{"href":"https:\/\/officialmonttremblant.com\/fr\/wp-json\/wp\/v2\/types\/page"}],"author":[{"embeddable":true,"href":"https:\/\/officialmonttremblant.com\/fr\/wp-json\/wp\/v2\/users\/5"}],"replies":[{"embeddable":true,"href":"https:\/\/officialmonttremblant.com\/fr\/wp-json\/wp\/v2\/comments?post=26342"}],"version-history":[{"count":2,"href":"https:\/\/officialmonttremblant.com\/fr\/wp-json\/wp\/v2\/pages\/26342\/revisions"}],"predecessor-version":[{"id":26352,"href":"https:\/\/officialmonttremblant.com\/fr\/wp-json\/wp\/v2\/pages\/26342\/revisions\/26352"}],"up":[{"embeddable":true,"href":"https:\/\/officialmonttremblant.com\/fr\/wp-json\/wp\/v2\/pages\/24809"}],"wp:featuredmedia":[{"embeddable":true,"href":"https:\/\/officialmonttremblant.com\/fr\/wp-json\/wp\/v2\/media\/25067"}],"wp:attachment":[{"href":"https:\/\/officialmonttremblant.com\/fr\/wp-json\/wp\/v2\/media?parent=26342"}],"curies":[{"name":"wp","href":"https:\/\/api.w.org\/{rel}","templated":true}]}}