{"id":26803,"date":"2022-11-15T11:37:52","date_gmt":"2022-11-15T16:37:52","guid":{"rendered":"https:\/\/officialmonttremblant.com\/activites\/activites-d-hiver\/motoneige\/what-is-a-snowmobile\/"},"modified":"2025-07-29T12:06:50","modified_gmt":"2025-07-29T16:06:50","slug":"qu-est-ce-qu-une-motoneige","status":"publish","type":"page","link":"https:\/\/officialmonttremblant.com\/fr\/activites\/activites-d-hiver\/motoneige\/qu-est-ce-qu-une-motoneige\/","title":{"rendered":"Qu&rsquo;est-ce qu&rsquo;une motoneige?"},"content":{"rendered":"<p>[vc_row][vc_column]<div id=\"ultimate-heading-50469f240128197f\" class=\"uvc-heading ult-adjust-bottom-margin ultimate-heading-50469f240128197f uvc-7548  uvc-heading-default-font-sizes\" data-hspacer=\"no_spacer\"  data-halign=\"center\" style=\"text-align:center\"><div class=\"uvc-heading-spacer no_spacer\" style=\"top\"><\/div><div class=\"uvc-main-heading ult-responsive\"  data-ultimate-target='.uvc-heading.ultimate-heading-50469f240128197f h2'  data-responsive-json-new='{\"font-size\":\"\",\"line-height\":\"\"}' ><h2 style=\"--font-weight:theme;\">Qu'est-ce qu'une motoneige?<\/h2><\/div><div class=\"uvc-sub-heading ult-responsive\"  data-ultimate-target='.uvc-heading.ultimate-heading-50469f240128197f .uvc-sub-heading '  data-responsive-json-new='{\"font-size\":\"\",\"line-height\":\"\"}'  style=\"font-weight:normal;\"><\/p>\n<p style=\"text-align: left;\">Official Mont-Tremblant vous donne plus d&rsquo;informations sur les activit\u00e9s d&rsquo;hiver \u00e0 Tremblant dont qu&rsquo;est-ce qu&rsquo;une motoneige.<\/p>\n<p style=\"text-align: left;\"><span style=\"font-weight: 400;\">Une motoneige, aussi appel\u00e9e Ski-Doo, skimobile ou scooter des neiges, est un v\u00e9hicule motoris\u00e9 \u00e0 une ou deux places avec un ou deux skis \u00e0 l&rsquo;avant et une chenille continue motoris\u00e9e simple ou double pour la propulser.\u00a0<\/span><span style=\"font-weight: 400;\">Elle\u00a0 est con\u00e7ue pour \u00eatre utilis\u00e9e sur la neige et la glace et ne n\u00e9cessite pas de route ou de sentier, mais la plupart sont conduites sur des terrains ouverts ou des sentiers.\u00a0<\/span><\/p>\n<p style=\"text-align: left;\"><span style=\"font-weight: 400;\">Le moteur de la motoneige est reli\u00e9 \u00e0 l&rsquo;entra\u00eenement de la chenille, qui tourne sur le sol en cr\u00e9ant une pouss\u00e9e vers l&rsquo;avant. Les roues d&rsquo;une motoneige sont de gros engrenages avec des \u00ab dents \u00bb espac\u00e9es qui poussent facilement vers l&rsquo;avant dans la neige. Bien qu&rsquo;ils soient lourds (plus de 300 kg)\u00a0 ces v\u00e9hicules\u00a0 glissent facilement dans la neige. Les motoneiges peuvent accueillir confortablement jusqu&rsquo;\u00e0 deux personnes et peuvent traverser le paysage de Mont Tremblant relativement rapidement.<\/span><\/p>\n<p><\/div><\/div>[\/vc_column][\/vc_row][vc_row][vc_column][vc_empty_space height=\u00a0\u00bb60px\u00a0\u00bb][\/vc_column][\/vc_row][vc_row][vc_column][vc_single_image image=\u00a0\u00bb26800&Prime; img_size=\u00a0\u00bb800&#215;600&Prime; alignment=\u00a0\u00bbcenter\u00a0\u00bb][\/vc_column][\/vc_row]<\/p>\n","protected":false},"excerpt":{"rendered":"<p>[vc_row][vc_column][\/vc_column][\/vc_row][vc_row][vc_column][vc_empty_space height=\u00a0\u00bb60px\u00a0\u00bb][\/vc_column][\/vc_row][vc_row][vc_column][vc_single_image image=\u00a0\u00bb26800&Prime; img_size=\u00a0\u00bb800&#215;600&Prime; alignment=\u00a0\u00bbcenter\u00a0\u00bb][\/vc_column][\/vc_row]<\/p>\n","protected":false},"author":5,"featured_media":26801,"parent":24832,"menu_order":0,"comment_status":"closed","ping_status":"closed","template":"","meta":{"footnotes":""},"class_list":["post-26803","page","type-page","status-publish","has-post-thumbnail","hentry","description-off"],"yoast_head":"<!-- This site is optimized with the Yoast SEO Premium plugin v26.5 (Yoast SEO v26.5) - https:\/\/yoast.com\/wordpress\/plugins\/seo\/ -->\n<title>Qu&#039;est-ce qu&#039;une motoneige, activit\u00e9s d&#039;hiver \u00e0 Tremblant<\/title>\n<meta name=\"description\" content=\"Official Mont-Tremblant vous donne plus d&#039;informations sur les activit\u00e9s d&#039;hiver \u00e0 Tremblant dont qu&#039;est-ce qu&#039;une motoneige.\" \/>\n<meta name=\"robots\" content=\"index, follow, max-snippet:-1, max-image-preview:large, max-video-preview:-1\" \/>\n<link rel=\"canonical\" href=\"https:\/\/officialmonttremblant.com\/fr\/activites\/activites-d-hiver\/motoneige\/qu-est-ce-qu-une-motoneige\/\" \/>\n<meta property=\"og:locale\" content=\"fr_FR\" \/>\n<meta property=\"og:type\" content=\"article\" \/>\n<meta property=\"og:title\" content=\"Qu&#039;est-ce qu&#039;une motoneige?\" \/>\n<meta property=\"og:description\" content=\"Official Mont-Tremblant vous donne plus d&#039;informations sur les activit\u00e9s d&#039;hiver \u00e0 Tremblant dont qu&#039;est-ce qu&#039;une motoneige.\" \/>\n<meta property=\"og:url\" content=\"https:\/\/officialmonttremblant.com\/fr\/activites\/activites-d-hiver\/motoneige\/qu-est-ce-qu-une-motoneige\/\" \/>\n<meta property=\"og:site_name\" content=\"Official Mont Tremblant\" \/>\n<meta property=\"article:modified_time\" content=\"2025-07-29T16:06:50+00:00\" \/>\n<meta property=\"og:image\" content=\"https:\/\/officialmonttremblant.com\/wp-content\/uploads\/2022\/11\/sunset-g428926791_1920.jpg\" \/>\n\t<meta property=\"og:image:width\" content=\"1920\" \/>\n\t<meta property=\"og:image:height\" content=\"1440\" \/>\n\t<meta property=\"og:image:type\" content=\"image\/jpeg\" \/>\n<meta name=\"twitter:card\" content=\"summary_large_image\" \/>\n<meta name=\"twitter:label1\" content=\"Dur\u00e9e de lecture estim\u00e9e\" \/>\n\t<meta name=\"twitter:data1\" content=\"2 minutes\" \/>\n<script type=\"application\/ld+json\" class=\"yoast-schema-graph\">{\"@context\":\"https:\/\/schema.org\",\"@graph\":[{\"@type\":\"WebPage\",\"@id\":\"https:\/\/officialmonttremblant.com\/fr\/activites\/activites-d-hiver\/motoneige\/qu-est-ce-qu-une-motoneige\/\",\"url\":\"https:\/\/officialmonttremblant.com\/fr\/activites\/activites-d-hiver\/motoneige\/qu-est-ce-qu-une-motoneige\/\",\"name\":\"Qu'est-ce qu'une motoneige, activit\u00e9s d'hiver \u00e0 Tremblant\",\"isPartOf\":{\"@id\":\"https:\/\/officialmonttremblant.com\/fr\/#website\"},\"primaryImageOfPage\":{\"@id\":\"https:\/\/officialmonttremblant.com\/fr\/activites\/activites-d-hiver\/motoneige\/qu-est-ce-qu-une-motoneige\/#primaryimage\"},\"image\":{\"@id\":\"https:\/\/officialmonttremblant.com\/fr\/activites\/activites-d-hiver\/motoneige\/qu-est-ce-qu-une-motoneige\/#primaryimage\"},\"thumbnailUrl\":\"https:\/\/officialmonttremblant.com\/wp-content\/uploads\/2022\/11\/sunset-g428926791_1920.jpg\",\"datePublished\":\"2022-11-15T16:37:52+00:00\",\"dateModified\":\"2025-07-29T16:06:50+00:00\",\"description\":\"Official Mont-Tremblant vous donne plus d'informations sur les activit\u00e9s d'hiver \u00e0 Tremblant dont qu'est-ce qu'une motoneige.\",\"breadcrumb\":{\"@id\":\"https:\/\/officialmonttremblant.com\/fr\/activites\/activites-d-hiver\/motoneige\/qu-est-ce-qu-une-motoneige\/#breadcrumb\"},\"inLanguage\":\"fr-FR\",\"potentialAction\":[{\"@type\":\"ReadAction\",\"target\":[\"https:\/\/officialmonttremblant.com\/fr\/activites\/activites-d-hiver\/motoneige\/qu-est-ce-qu-une-motoneige\/\"]}]},{\"@type\":\"ImageObject\",\"inLanguage\":\"fr-FR\",\"@id\":\"https:\/\/officialmonttremblant.com\/fr\/activites\/activites-d-hiver\/motoneige\/qu-est-ce-qu-une-motoneige\/#primaryimage\",\"url\":\"https:\/\/officialmonttremblant.com\/wp-content\/uploads\/2022\/11\/sunset-g428926791_1920.jpg\",\"contentUrl\":\"https:\/\/officialmonttremblant.com\/wp-content\/uploads\/2022\/11\/sunset-g428926791_1920.jpg\",\"width\":1920,\"height\":1440,\"caption\":\"What is a snowmobile?\"},{\"@type\":\"BreadcrumbList\",\"@id\":\"https:\/\/officialmonttremblant.com\/fr\/activites\/activites-d-hiver\/motoneige\/qu-est-ce-qu-une-motoneige\/#breadcrumb\",\"itemListElement\":[{\"@type\":\"ListItem\",\"position\":1,\"name\":\"Home\",\"item\":\"https:\/\/officialmonttremblant.com\/fr\/\"},{\"@type\":\"ListItem\",\"position\":2,\"name\":\"Activit\u00e9s\",\"item\":\"https:\/\/officialmonttremblant.com\/fr\/activites\/\"},{\"@type\":\"ListItem\",\"position\":3,\"name\":\"Activit\u00e9s d&#8217;hiver\",\"item\":\"https:\/\/officialmonttremblant.com\/fr\/activites\/activites-d-hiver\/\"},{\"@type\":\"ListItem\",\"position\":4,\"name\":\"Motoneige\",\"item\":\"https:\/\/officialmonttremblant.com\/fr\/activites\/activites-d-hiver\/motoneige\/\"},{\"@type\":\"ListItem\",\"position\":5,\"name\":\"Qu&#8217;est-ce qu&#8217;une motoneige?\"}]},{\"@type\":\"WebSite\",\"@id\":\"https:\/\/officialmonttremblant.com\/fr\/#website\",\"url\":\"https:\/\/officialmonttremblant.com\/fr\/\",\"name\":\"Official Mont Tremblant\",\"description\":\"Vacation &amp; tourist guide in Mont Tremblant\",\"potentialAction\":[{\"@type\":\"SearchAction\",\"target\":{\"@type\":\"EntryPoint\",\"urlTemplate\":\"https:\/\/officialmonttremblant.com\/fr\/?s={search_term_string}\"},\"query-input\":{\"@type\":\"PropertyValueSpecification\",\"valueRequired\":true,\"valueName\":\"search_term_string\"}}],\"inLanguage\":\"fr-FR\"}]}<\/script>\n<!-- \/ Yoast SEO Premium plugin. -->","yoast_head_json":{"title":"Qu'est-ce qu'une motoneige, activit\u00e9s d'hiver \u00e0 Tremblant","description":"Official Mont-Tremblant vous donne plus d'informations sur les activit\u00e9s d'hiver \u00e0 Tremblant dont qu'est-ce qu'une motoneige.","robots":{"index":"index","follow":"follow","max-snippet":"max-snippet:-1","max-image-preview":"max-image-preview:large","max-video-preview":"max-video-preview:-1"},"canonical":"https:\/\/officialmonttremblant.com\/fr\/activites\/activites-d-hiver\/motoneige\/qu-est-ce-qu-une-motoneige\/","og_locale":"fr_FR","og_type":"article","og_title":"Qu'est-ce qu'une motoneige?","og_description":"Official Mont-Tremblant vous donne plus d'informations sur les activit\u00e9s d'hiver \u00e0 Tremblant dont qu'est-ce qu'une motoneige.","og_url":"https:\/\/officialmonttremblant.com\/fr\/activites\/activites-d-hiver\/motoneige\/qu-est-ce-qu-une-motoneige\/","og_site_name":"Official Mont Tremblant","article_modified_time":"2025-07-29T16:06:50+00:00","og_image":[{"width":1920,"height":1440,"url":"https:\/\/officialmonttremblant.com\/wp-content\/uploads\/2022\/11\/sunset-g428926791_1920.jpg","type":"image\/jpeg"}],"twitter_card":"summary_large_image","twitter_misc":{"Dur\u00e9e de lecture estim\u00e9e":"2 minutes"},"schema":{"@context":"https:\/\/schema.org","@graph":[{"@type":"WebPage","@id":"https:\/\/officialmonttremblant.com\/fr\/activites\/activites-d-hiver\/motoneige\/qu-est-ce-qu-une-motoneige\/","url":"https:\/\/officialmonttremblant.com\/fr\/activites\/activites-d-hiver\/motoneige\/qu-est-ce-qu-une-motoneige\/","name":"Qu'est-ce qu'une motoneige, activit\u00e9s d'hiver \u00e0 Tremblant","isPartOf":{"@id":"https:\/\/officialmonttremblant.com\/fr\/#website"},"primaryImageOfPage":{"@id":"https:\/\/officialmonttremblant.com\/fr\/activites\/activites-d-hiver\/motoneige\/qu-est-ce-qu-une-motoneige\/#primaryimage"},"image":{"@id":"https:\/\/officialmonttremblant.com\/fr\/activites\/activites-d-hiver\/motoneige\/qu-est-ce-qu-une-motoneige\/#primaryimage"},"thumbnailUrl":"https:\/\/officialmonttremblant.com\/wp-content\/uploads\/2022\/11\/sunset-g428926791_1920.jpg","datePublished":"2022-11-15T16:37:52+00:00","dateModified":"2025-07-29T16:06:50+00:00","description":"Official Mont-Tremblant vous donne plus d'informations sur les activit\u00e9s d'hiver \u00e0 Tremblant dont qu'est-ce qu'une motoneige.","breadcrumb":{"@id":"https:\/\/officialmonttremblant.com\/fr\/activites\/activites-d-hiver\/motoneige\/qu-est-ce-qu-une-motoneige\/#breadcrumb"},"inLanguage":"fr-FR","potentialAction":[{"@type":"ReadAction","target":["https:\/\/officialmonttremblant.com\/fr\/activites\/activites-d-hiver\/motoneige\/qu-est-ce-qu-une-motoneige\/"]}]},{"@type":"ImageObject","inLanguage":"fr-FR","@id":"https:\/\/officialmonttremblant.com\/fr\/activites\/activites-d-hiver\/motoneige\/qu-est-ce-qu-une-motoneige\/#primaryimage","url":"https:\/\/officialmonttremblant.com\/wp-content\/uploads\/2022\/11\/sunset-g428926791_1920.jpg","contentUrl":"https:\/\/officialmonttremblant.com\/wp-content\/uploads\/2022\/11\/sunset-g428926791_1920.jpg","width":1920,"height":1440,"caption":"What is a snowmobile?"},{"@type":"BreadcrumbList","@id":"https:\/\/officialmonttremblant.com\/fr\/activites\/activites-d-hiver\/motoneige\/qu-est-ce-qu-une-motoneige\/#breadcrumb","itemListElement":[{"@type":"ListItem","position":1,"name":"Home","item":"https:\/\/officialmonttremblant.com\/fr\/"},{"@type":"ListItem","position":2,"name":"Activit\u00e9s","item":"https:\/\/officialmonttremblant.com\/fr\/activites\/"},{"@type":"ListItem","position":3,"name":"Activit\u00e9s d&#8217;hiver","item":"https:\/\/officialmonttremblant.com\/fr\/activites\/activites-d-hiver\/"},{"@type":"ListItem","position":4,"name":"Motoneige","item":"https:\/\/officialmonttremblant.com\/fr\/activites\/activites-d-hiver\/motoneige\/"},{"@type":"ListItem","position":5,"name":"Qu&#8217;est-ce qu&#8217;une motoneige?"}]},{"@type":"WebSite","@id":"https:\/\/officialmonttremblant.com\/fr\/#website","url":"https:\/\/officialmonttremblant.com\/fr\/","name":"Official Mont Tremblant","description":"Vacation &amp; tourist guide in Mont Tremblant","potentialAction":[{"@type":"SearchAction","target":{"@type":"EntryPoint","urlTemplate":"https:\/\/officialmonttremblant.com\/fr\/?s={search_term_string}"},"query-input":{"@type":"PropertyValueSpecification","valueRequired":true,"valueName":"search_term_string"}}],"inLanguage":"fr-FR"}]}},"jetpack_sharing_enabled":true,"_links":{"self":[{"href":"https:\/\/officialmonttremblant.com\/fr\/wp-json\/wp\/v2\/pages\/26803","targetHints":{"allow":["GET"]}}],"collection":[{"href":"https:\/\/officialmonttremblant.com\/fr\/wp-json\/wp\/v2\/pages"}],"about":[{"href":"https:\/\/officialmonttremblant.com\/fr\/wp-json\/wp\/v2\/types\/page"}],"author":[{"embeddable":true,"href":"https:\/\/officialmonttremblant.com\/fr\/wp-json\/wp\/v2\/users\/5"}],"replies":[{"embeddable":true,"href":"https:\/\/officialmonttremblant.com\/fr\/wp-json\/wp\/v2\/comments?post=26803"}],"version-history":[{"count":2,"href":"https:\/\/officialmonttremblant.com\/fr\/wp-json\/wp\/v2\/pages\/26803\/revisions"}],"predecessor-version":[{"id":26805,"href":"https:\/\/officialmonttremblant.com\/fr\/wp-json\/wp\/v2\/pages\/26803\/revisions\/26805"}],"up":[{"embeddable":true,"href":"https:\/\/officialmonttremblant.com\/fr\/wp-json\/wp\/v2\/pages\/24832"}],"wp:featuredmedia":[{"embeddable":true,"href":"https:\/\/officialmonttremblant.com\/fr\/wp-json\/wp\/v2\/media\/26801"}],"wp:attachment":[{"href":"https:\/\/officialmonttremblant.com\/fr\/wp-json\/wp\/v2\/media?parent=26803"}],"curies":[{"name":"wp","href":"https:\/\/api.w.org\/{rel}","templated":true}]}}