{"id":27027,"date":"2023-06-23T12:18:25","date_gmt":"2023-06-23T16:18:25","guid":{"rendered":"https:\/\/officialmonttremblant.com\/?page_id=27027"},"modified":"2025-07-29T12:27:45","modified_gmt":"2025-07-29T16:27:45","slug":"ete-2023","status":"publish","type":"page","link":"https:\/\/officialmonttremblant.com\/fr\/evenements\/ete-2023\/","title":{"rendered":"\u00c9v\u00e9nements \u00e9t\u00e9 2023"},"content":{"rendered":"<p>[vc_row content_placement=\u00a0\u00bbmiddle\u00a0\u00bb][vc_column]<div id=\"ultimate-heading-154469e3633fb0252\" class=\"uvc-heading ult-adjust-bottom-margin ultimate-heading-154469e3633fb0252 uvc-1170  uvc-heading-default-font-sizes\" data-hspacer=\"line_only\"  data-halign=\"left\" style=\"text-align:left\"><div class=\"uvc-heading-spacer line_only\" style=\"margin-bottom:15px;height:2px;\"><span class=\"uvc-headings-line\" style=\"border-style:solid;border-bottom-width:2px;border-color:#1e8449;width:70px;\"><\/span><\/div><div class=\"uvc-sub-heading ult-responsive\"  data-ultimate-target='.uvc-heading.ultimate-heading-154469e3633fb0252 .uvc-sub-heading '  data-responsive-json-new='{\"font-size\":\"\",\"line-height\":\"\"}'  style=\"font-weight:normal;margin-bottom:15px;\">Mont Tremblant est r\u00e9put\u00e9 pour les \u00e9v\u00e9nements dynamiques qui y sont organis\u00e9s tous les \u00e9t\u00e9s , offrant aux vacanciers comme aux habitants, une gamme vari\u00e9e de divertissements et d&rsquo;activit\u00e9s. Des festivals de musique aux comp\u00e9titions sportives en passant par les d\u00e9lices culinaires, il se passe toujours quelque chose d&rsquo;excitant \u00e0 Mont Tremblant ! Voici quelques informations sur quelques-uns des nombreux \u00e9v\u00e9nements de l&rsquo;\u00e9t\u00e9 2023 qui ont lieu \u00e0 Mont Tremblant.<\/div><\/div>[\/vc_column][\/vc_row][vc_row gap=\u00a0\u00bb1&Prime; bg_type=\u00a0\u00bbbg_color\u00a0\u00bb bg_override=\u00a0\u00bbex-full\u00a0\u00bb css=\u00a0\u00bb.vc_custom_1687534795371{padding-top: 60px !important;padding-bottom: 60px !important;}\u00a0\u00bb bg_color_value=\u00a0\u00bb#ffffff\u00a0\u00bb][vc_column width=\u00a0\u00bb1\/3&Prime; css=\u00a0\u00bb.vc_custom_1652311337326{margin-top: 0px !important;margin-right: 0px !important;margin-bottom: 0px !important;margin-left: 0px !important;padding-top: 0px !important;padding-right: 0px !important;padding-bottom: 0px !important;padding-left: 0px !important;}\u00a0\u00bb]<div class=\"ult-new-ib ult-ib-effect-style14  ult-ib-resp ult-ib2-min-height  vc_custom_1687553288481\" data-min-width=\"768\" data-max-width=\"900\" style=\"background:rgba(0,0,0,0.85); opacity:0; \" data-opacity=\"0.7\" data-hover-opacity=\"1\"  data-min-height=\"300\" ><img data-recalc-dims=\"1\" decoding=\"async\" class=\"ult-new-ib-img\" style=\"opacity:0.7;\" alt=\"null\" src=\"https:\/\/i0.wp.com\/officialmonttremblant.com\/wp-content\/uploads\/2023\/06\/AdobeStock_280947366-jpeg.webp?w=1200&#038;ssl=1\"  data-min-height=\"300\"   \/><div id=\"interactive-banner-wrap-4002\" class=\"ult-new-ib-desc\" style=\"\"><h2 class=\"ult-new-ib-title ult-responsive\"  data-ultimate-target='#interactive-banner-wrap-4002 .ult-new-ib-title'  data-responsive-json-new='{\"font-size\":\"desktop:26px;\",\"line-height\":\"\"}'  style=\"font-family:&#039;Quicksand&#039;;font-weight:700;\">\u00c9v\u00e9nements Culinaires 2023<\/h2><\/div><a class=\"ult-new-ib-link\" href=\"https:\/\/officialmonttremblant.com\/fr\/evenements\/ete-2023\/evenements-culinaires\/\" title=\"\u00c9v\u00e9nements Culinaires\"  ><\/a><\/div>[\/vc_column][vc_column width=\u00a0\u00bb1\/3&Prime; css=\u00a0\u00bb.vc_custom_1652311343828{margin-top: 0px !important;margin-right: 0px !important;margin-bottom: 0px !important;margin-left: 0px !important;padding-top: 0px !important;padding-right: 0px !important;padding-bottom: 0px !important;padding-left: 0px !important;}\u00a0\u00bb]<div class=\"ult-new-ib ult-ib-effect-style14  ult-ib-resp ult-ib2-min-height  vc_custom_1687553217109\" data-min-width=\"768\" data-max-width=\"900\" style=\"background:rgba(0,0,0,0.85); opacity:0; \" data-opacity=\"0.7\" data-hover-opacity=\"1\"  data-min-height=\"300\" ><img data-recalc-dims=\"1\" decoding=\"async\" class=\"ult-new-ib-img\" style=\"opacity:0.7;\" alt=\"null\" src=\"https:\/\/i0.wp.com\/officialmonttremblant.com\/wp-content\/uploads\/2023\/06\/blues-jpg.webp?w=1200&#038;ssl=1\"  data-min-height=\"300\"   \/><div id=\"interactive-banner-wrap-1188\" class=\"ult-new-ib-desc\" style=\"\"><h2 class=\"ult-new-ib-title ult-responsive\"  data-ultimate-target='#interactive-banner-wrap-1188 .ult-new-ib-title'  data-responsive-json-new='{\"font-size\":\"desktop:26px;\",\"line-height\":\"\"}'  style=\"font-family:&#039;Quicksand&#039;;font-weight:700;\">\u00c9v\u00e9nements Musicaux 2023<\/h2><\/div><a class=\"ult-new-ib-link\" href=\"https:\/\/officialmonttremblant.com\/fr\/evenements\/ete-2023\/evenements-musicaux\/\" title=\"\u00c9v\u00e9nements Musicaux 2023\"  ><\/a><\/div>[\/vc_column][vc_column width=\u00a0\u00bb1\/3&Prime; css=\u00a0\u00bb.vc_custom_1652311351506{margin: 0px !important;padding: 0px !important;}\u00a0\u00bb]<div class=\"ult-new-ib ult-ib-effect-style14  ult-ib-resp ult-ib2-min-height  vc_custom_1687553179808\" data-min-width=\"768\" data-max-width=\"900\" style=\"background:rgba(0,0,0,0.85); opacity:0; \" data-opacity=\"0.7\" data-hover-opacity=\"1\"  data-min-height=\"300\" ><img data-recalc-dims=\"1\" decoding=\"async\" class=\"ult-new-ib-img\" style=\"opacity:0.7;\" alt=\"null\" src=\"https:\/\/i0.wp.com\/officialmonttremblant.com\/wp-content\/uploads\/2022\/08\/marathon.jpg?w=1200&#038;ssl=1\"  data-min-height=\"300\"   \/><div id=\"interactive-banner-wrap-2023\" class=\"ult-new-ib-desc\" style=\"\"><h2 class=\"ult-new-ib-title ult-responsive\"  data-ultimate-target='#interactive-banner-wrap-2023 .ult-new-ib-title'  data-responsive-json-new='{\"font-size\":\"desktop:26px;\",\"line-height\":\"\"}'  style=\"font-family:&#039;Quicksand&#039;;font-weight:700;\">\u00c9v\u00e9nements Sportifs 2023<\/h2><\/div><a class=\"ult-new-ib-link\" href=\"https:\/\/officialmonttremblant.com\/fr\/evenements\/ete-2023\/evenements-sportifs\/\" title=\"\u00c9v\u00e9nements Sportifs 2023\"  ><\/a><\/div>[\/vc_column][\/vc_row]<\/p>\n","protected":false},"excerpt":{"rendered":"<p>[vc_row content_placement=\u00a0\u00bbmiddle\u00a0\u00bb][vc_column][\/vc_column][\/vc_row][vc_row gap=\u00a0\u00bb1&Prime; bg_type=\u00a0\u00bbbg_color\u00a0\u00bb bg_override=\u00a0\u00bbex-full\u00a0\u00bb css=\u00a0\u00bb.vc_custom_1687534795371{padding-top: 60px !important;padding-bottom: 60px !important;}\u00a0\u00bb bg_color_value=\u00a0\u00bb#ffffff\u00a0\u00bb][vc_column width=\u00a0\u00bb1\/3&Prime; css=\u00a0\u00bb.vc_custom_1652311337326{margin-top: 0px !important;margin-right: 0px !important;margin-bottom: 0px !important;margin-left: 0px !important;padding-top: 0px !important;padding-right: 0px !important;padding-bottom: 0px !important;padding-left: 0px !important;}\u00a0\u00bb][\/vc_column][vc_column width=\u00a0\u00bb1\/3&Prime; css=\u00a0\u00bb.vc_custom_1652311343828{margin-top: 0px !important;margin-right: 0px !important;margin-bottom: 0px !important;margin-left: 0px !important;padding-top: 0px !important;padding-right: 0px !important;padding-bottom: 0px !important;padding-left: 0px !important;}\u00a0\u00bb][\/vc_column][vc_column width=\u00a0\u00bb1\/3&Prime; css=\u00a0\u00bb.vc_custom_1652311351506{margin: 0px !important;padding: 0px !important;}\u00a0\u00bb][\/vc_column][\/vc_row]<\/p>\n","protected":false},"author":3,"featured_media":27050,"parent":22544,"menu_order":0,"comment_status":"closed","ping_status":"closed","template":"","meta":{"footnotes":""},"class_list":["post-27027","page","type-page","status-publish","has-post-thumbnail","hentry","description-off"],"yoast_head":"<!-- This site is optimized with the Yoast SEO Premium plugin v26.5 (Yoast SEO v26.5) - https:\/\/yoast.com\/wordpress\/plugins\/seo\/ -->\n<title>Ev\u00e8nements \u00e9t\u00e9 2023 Mont Tremblant.<\/title>\n<meta name=\"description\" content=\"Official Mont Tremblant votre meilleur guide touristique Mont Tremblant, fournit des informations sur les \u00e9v\u00e9nements de l&#039;\u00e9t\u00e9 2023 \u00e0 Mont Tremblant\" \/>\n<meta name=\"robots\" content=\"index, follow, max-snippet:-1, max-image-preview:large, max-video-preview:-1\" \/>\n<link rel=\"canonical\" href=\"https:\/\/officialmonttremblant.com\/fr\/evenements\/ete-2023\/\" \/>\n<meta property=\"og:locale\" content=\"fr_FR\" \/>\n<meta property=\"og:type\" content=\"article\" \/>\n<meta property=\"og:title\" content=\"\u00c9v\u00e9nements \u00e9t\u00e9 2023\" \/>\n<meta property=\"og:description\" content=\"Official Mont Tremblant votre meilleur guide touristique Mont Tremblant, fournit des informations sur les \u00e9v\u00e9nements de l&#039;\u00e9t\u00e9 2023 \u00e0 Mont Tremblant\" \/>\n<meta property=\"og:url\" content=\"https:\/\/officialmonttremblant.com\/fr\/evenements\/ete-2023\/\" \/>\n<meta property=\"og:site_name\" content=\"Official Mont Tremblant\" \/>\n<meta property=\"article:modified_time\" content=\"2025-07-29T16:27:45+00:00\" \/>\n<meta property=\"og:image\" content=\"https:\/\/officialmonttremblant.com\/wp-content\/uploads\/2023\/06\/blues-jpg.webp\" \/>\n\t<meta property=\"og:image:width\" content=\"600\" \/>\n\t<meta property=\"og:image:height\" content=\"376\" \/>\n\t<meta property=\"og:image:type\" content=\"image\/jpeg\" \/>\n<meta name=\"twitter:card\" content=\"summary_large_image\" \/>\n<meta name=\"twitter:label1\" content=\"Dur\u00e9e de lecture estim\u00e9e\" \/>\n\t<meta name=\"twitter:data1\" content=\"2 minutes\" \/>\n<script type=\"application\/ld+json\" class=\"yoast-schema-graph\">{\"@context\":\"https:\/\/schema.org\",\"@graph\":[{\"@type\":\"WebPage\",\"@id\":\"https:\/\/officialmonttremblant.com\/fr\/evenements\/ete-2023\/\",\"url\":\"https:\/\/officialmonttremblant.com\/fr\/evenements\/ete-2023\/\",\"name\":\"Ev\u00e8nements \u00e9t\u00e9 2023 Mont Tremblant.\",\"isPartOf\":{\"@id\":\"https:\/\/officialmonttremblant.com\/fr\/#website\"},\"primaryImageOfPage\":{\"@id\":\"https:\/\/officialmonttremblant.com\/fr\/evenements\/ete-2023\/#primaryimage\"},\"image\":{\"@id\":\"https:\/\/officialmonttremblant.com\/fr\/evenements\/ete-2023\/#primaryimage\"},\"thumbnailUrl\":\"https:\/\/officialmonttremblant.com\/wp-content\/uploads\/2023\/06\/blues-jpg.webp\",\"datePublished\":\"2023-06-23T16:18:25+00:00\",\"dateModified\":\"2025-07-29T16:27:45+00:00\",\"description\":\"Official Mont Tremblant votre meilleur guide touristique Mont Tremblant, fournit des informations sur les \u00e9v\u00e9nements de l'\u00e9t\u00e9 2023 \u00e0 Mont Tremblant\",\"breadcrumb\":{\"@id\":\"https:\/\/officialmonttremblant.com\/fr\/evenements\/ete-2023\/#breadcrumb\"},\"inLanguage\":\"fr-FR\",\"potentialAction\":[{\"@type\":\"ReadAction\",\"target\":[\"https:\/\/officialmonttremblant.com\/fr\/evenements\/ete-2023\/\"]}]},{\"@type\":\"ImageObject\",\"inLanguage\":\"fr-FR\",\"@id\":\"https:\/\/officialmonttremblant.com\/fr\/evenements\/ete-2023\/#primaryimage\",\"url\":\"https:\/\/officialmonttremblant.com\/wp-content\/uploads\/2023\/06\/blues-jpg.webp\",\"contentUrl\":\"https:\/\/officialmonttremblant.com\/wp-content\/uploads\/2023\/06\/blues-jpg.webp\",\"width\":600,\"height\":376},{\"@type\":\"BreadcrumbList\",\"@id\":\"https:\/\/officialmonttremblant.com\/fr\/evenements\/ete-2023\/#breadcrumb\",\"itemListElement\":[{\"@type\":\"ListItem\",\"position\":1,\"name\":\"Home\",\"item\":\"https:\/\/officialmonttremblant.com\/fr\/\"},{\"@type\":\"ListItem\",\"position\":2,\"name\":\"Ev\u00e9nements \u00e0 Mont-Tremblant\",\"item\":\"https:\/\/officialmonttremblant.com\/fr\/evenements\/\"},{\"@type\":\"ListItem\",\"position\":3,\"name\":\"\u00c9v\u00e9nements \u00e9t\u00e9 2023\"}]},{\"@type\":\"WebSite\",\"@id\":\"https:\/\/officialmonttremblant.com\/fr\/#website\",\"url\":\"https:\/\/officialmonttremblant.com\/fr\/\",\"name\":\"Official Mont Tremblant\",\"description\":\"Vacation &amp; tourist guide in Mont Tremblant\",\"potentialAction\":[{\"@type\":\"SearchAction\",\"target\":{\"@type\":\"EntryPoint\",\"urlTemplate\":\"https:\/\/officialmonttremblant.com\/fr\/?s={search_term_string}\"},\"query-input\":{\"@type\":\"PropertyValueSpecification\",\"valueRequired\":true,\"valueName\":\"search_term_string\"}}],\"inLanguage\":\"fr-FR\"}]}<\/script>\n<!-- \/ Yoast SEO Premium plugin. -->","yoast_head_json":{"title":"Ev\u00e8nements \u00e9t\u00e9 2023 Mont Tremblant.","description":"Official Mont Tremblant votre meilleur guide touristique Mont Tremblant, fournit des informations sur les \u00e9v\u00e9nements de l'\u00e9t\u00e9 2023 \u00e0 Mont Tremblant","robots":{"index":"index","follow":"follow","max-snippet":"max-snippet:-1","max-image-preview":"max-image-preview:large","max-video-preview":"max-video-preview:-1"},"canonical":"https:\/\/officialmonttremblant.com\/fr\/evenements\/ete-2023\/","og_locale":"fr_FR","og_type":"article","og_title":"\u00c9v\u00e9nements \u00e9t\u00e9 2023","og_description":"Official Mont Tremblant votre meilleur guide touristique Mont Tremblant, fournit des informations sur les \u00e9v\u00e9nements de l'\u00e9t\u00e9 2023 \u00e0 Mont Tremblant","og_url":"https:\/\/officialmonttremblant.com\/fr\/evenements\/ete-2023\/","og_site_name":"Official Mont Tremblant","article_modified_time":"2025-07-29T16:27:45+00:00","og_image":[{"width":600,"height":376,"url":"https:\/\/officialmonttremblant.com\/wp-content\/uploads\/2023\/06\/blues-jpg.webp","type":"image\/jpeg"}],"twitter_card":"summary_large_image","twitter_misc":{"Dur\u00e9e de lecture estim\u00e9e":"2 minutes"},"schema":{"@context":"https:\/\/schema.org","@graph":[{"@type":"WebPage","@id":"https:\/\/officialmonttremblant.com\/fr\/evenements\/ete-2023\/","url":"https:\/\/officialmonttremblant.com\/fr\/evenements\/ete-2023\/","name":"Ev\u00e8nements \u00e9t\u00e9 2023 Mont Tremblant.","isPartOf":{"@id":"https:\/\/officialmonttremblant.com\/fr\/#website"},"primaryImageOfPage":{"@id":"https:\/\/officialmonttremblant.com\/fr\/evenements\/ete-2023\/#primaryimage"},"image":{"@id":"https:\/\/officialmonttremblant.com\/fr\/evenements\/ete-2023\/#primaryimage"},"thumbnailUrl":"https:\/\/officialmonttremblant.com\/wp-content\/uploads\/2023\/06\/blues-jpg.webp","datePublished":"2023-06-23T16:18:25+00:00","dateModified":"2025-07-29T16:27:45+00:00","description":"Official Mont Tremblant votre meilleur guide touristique Mont Tremblant, fournit des informations sur les \u00e9v\u00e9nements de l'\u00e9t\u00e9 2023 \u00e0 Mont Tremblant","breadcrumb":{"@id":"https:\/\/officialmonttremblant.com\/fr\/evenements\/ete-2023\/#breadcrumb"},"inLanguage":"fr-FR","potentialAction":[{"@type":"ReadAction","target":["https:\/\/officialmonttremblant.com\/fr\/evenements\/ete-2023\/"]}]},{"@type":"ImageObject","inLanguage":"fr-FR","@id":"https:\/\/officialmonttremblant.com\/fr\/evenements\/ete-2023\/#primaryimage","url":"https:\/\/officialmonttremblant.com\/wp-content\/uploads\/2023\/06\/blues-jpg.webp","contentUrl":"https:\/\/officialmonttremblant.com\/wp-content\/uploads\/2023\/06\/blues-jpg.webp","width":600,"height":376},{"@type":"BreadcrumbList","@id":"https:\/\/officialmonttremblant.com\/fr\/evenements\/ete-2023\/#breadcrumb","itemListElement":[{"@type":"ListItem","position":1,"name":"Home","item":"https:\/\/officialmonttremblant.com\/fr\/"},{"@type":"ListItem","position":2,"name":"Ev\u00e9nements \u00e0 Mont-Tremblant","item":"https:\/\/officialmonttremblant.com\/fr\/evenements\/"},{"@type":"ListItem","position":3,"name":"\u00c9v\u00e9nements \u00e9t\u00e9 2023"}]},{"@type":"WebSite","@id":"https:\/\/officialmonttremblant.com\/fr\/#website","url":"https:\/\/officialmonttremblant.com\/fr\/","name":"Official Mont Tremblant","description":"Vacation &amp; tourist guide in Mont Tremblant","potentialAction":[{"@type":"SearchAction","target":{"@type":"EntryPoint","urlTemplate":"https:\/\/officialmonttremblant.com\/fr\/?s={search_term_string}"},"query-input":{"@type":"PropertyValueSpecification","valueRequired":true,"valueName":"search_term_string"}}],"inLanguage":"fr-FR"}]}},"jetpack_sharing_enabled":true,"_links":{"self":[{"href":"https:\/\/officialmonttremblant.com\/fr\/wp-json\/wp\/v2\/pages\/27027","targetHints":{"allow":["GET"]}}],"collection":[{"href":"https:\/\/officialmonttremblant.com\/fr\/wp-json\/wp\/v2\/pages"}],"about":[{"href":"https:\/\/officialmonttremblant.com\/fr\/wp-json\/wp\/v2\/types\/page"}],"author":[{"embeddable":true,"href":"https:\/\/officialmonttremblant.com\/fr\/wp-json\/wp\/v2\/users\/3"}],"replies":[{"embeddable":true,"href":"https:\/\/officialmonttremblant.com\/fr\/wp-json\/wp\/v2\/comments?post=27027"}],"version-history":[{"count":4,"href":"https:\/\/officialmonttremblant.com\/fr\/wp-json\/wp\/v2\/pages\/27027\/revisions"}],"predecessor-version":[{"id":27101,"href":"https:\/\/officialmonttremblant.com\/fr\/wp-json\/wp\/v2\/pages\/27027\/revisions\/27101"}],"up":[{"embeddable":true,"href":"https:\/\/officialmonttremblant.com\/fr\/wp-json\/wp\/v2\/pages\/22544"}],"wp:featuredmedia":[{"embeddable":true,"href":"https:\/\/officialmonttremblant.com\/fr\/wp-json\/wp\/v2\/media\/27050"}],"wp:attachment":[{"href":"https:\/\/officialmonttremblant.com\/fr\/wp-json\/wp\/v2\/media?parent=27027"}],"curies":[{"name":"wp","href":"https:\/\/api.w.org\/{rel}","templated":true}]}}