{"id":27079,"date":"2023-06-23T15:04:07","date_gmt":"2023-06-23T19:04:07","guid":{"rendered":"https:\/\/officialmonttremblant.com\/evenements\/evenements-ete-2023\/food-events\/"},"modified":"2025-07-29T12:27:46","modified_gmt":"2025-07-29T16:27:46","slug":"evenements-culinaires","status":"publish","type":"page","link":"https:\/\/officialmonttremblant.com\/fr\/evenements\/ete-2023\/evenements-culinaires\/","title":{"rendered":"\u00c9v\u00e9nements Culinaires 2023"},"content":{"rendered":"<p>[vc_row][vc_column][vc_column_text]D\u00e9couvrez les saveurs de l&rsquo;\u00e9t\u00e9 \u00e0 Mont Tremblant avec deux \u00e9v\u00e9nements exceptionnels autour de la gastronomie. Commencez par le charmant \u00ab\u00a0March\u00e9 d\u2019\u00e9t\u00e9 Mont Tremblant\u00a0\u00bb, qui se d\u00e9roule du 10 juin au 9 septembre. Ici, vous pourrez d\u00e9guster tous les samedis une vari\u00e9t\u00e9 de produits de haute qualit\u00e9. Les d\u00e9lices culinaires, les m\u00e9tiers artisanaux et une atmosph\u00e8re communautaire chaleureuse font de ce march\u00e9 un rendez-vous incontournable. Alors que l&rsquo;\u00e9t\u00e9 se termine, ne manquez pas \u00ab\u00a0La Grande Gourmandise &#8211; Mont Tremblant\u00a0\u00bb tout au long du mois de septembre pour un voyage culinaire avec des d\u00e9gustations de vins et produits , et des recettes de grands chefs . D\u00e9couvrez le go\u00fbt authentique de la r\u00e9gion lors de ces s\u00e9duisants \u00e9v\u00e9nements gastronomiques de Mont Tremblant !<br \/>\n[\/vc_column_text][\/vc_column][\/vc_row][vc_row][vc_column][vc_separator css=\u00a0\u00bb.vc_custom_1664458207535{padding-top: 40px !important;padding-bottom: 40px !important;}\u00a0\u00bb][vc_row_inner][vc_column_inner width=\u00a0\u00bb1\/4&Prime;][vc_single_image image=\u00a0\u00bb27041&Prime; img_size=\u00a0\u00bbfull\u00a0\u00bb][\/vc_column_inner][vc_column_inner width=\u00a0\u00bb3\/4&Prime;]<div class=\"dt-fancy-separator title-left h3-size style-disabled title-color\" style=\"width: 100%;\"><div class=\"dt-fancy-title\"><span class=\"separator-holder separator-left\"><\/span>March\u00e9 d\u2019\u00e9t\u00e9 Mont Tremblant<span class=\"separator-holder separator-right\"><\/span><\/div><\/div>[vc_column_text css=\u00a0\u00bb.vc_custom_1687551792164{padding-bottom: 25px !important;}\u00a0\u00bb]Avec le March\u00e9 d\u2019\u00e9t\u00e9 Mont Tremblant, vivez un d\u00e9licieux \u00e9v\u00e8nement culinaire de l\u2019\u00e9t\u00e9 2023 du 10 juin au 9 septembre 2023, o\u00f9 producteurs, fabricants et artisans de table soigneusement s\u00e9lectionn\u00e9s se r\u00e9unissent pour c\u00e9l\u00e9brer l&rsquo;artisanat local et l&rsquo;excellence culinaire. Situ\u00e9 \u00e0 l&rsquo;Espace public (885, rue Saint-Jovite), ce charmant \u00e9v\u00e9nement a lieu tous les samedis de 9 h \u00e0 13 h, quelque soit la m\u00e9t\u00e9o.<br \/>\nChaque semaine, vous d\u00e9couvrirez une large s\u00e9l\u00e9ction de produits frais et de haute qualit\u00e9, y compris biologiques. Des l\u00e9gumes frais et color\u00e9s, des baies succulentes et des micro-verts d\u00e9licats aux herbes parfum\u00e9es, des viandes succulentes, du miel pur, des \u0153ufs frais de la ferme, des p\u00e2tisseries d\u00e9licieuses, des plats pr\u00eats \u00e0 manger, du pain artisanal, de la vaisselle en c\u00e9ramique, des planches \u00e0 d\u00e9couper artisanales , du linge de maison\u2026 Les \u00e9tals des marchands offrent une multitude de choix !<br \/>\n[\/vc_column_text]<div class=\"uavc-list-icon uavc-list-icon-wrapper ult-adjust-bottom-margin   \"><ul class=\"uavc-list\"><li><div class=\"uavc-list-content\" id=\"list-icon-wrap-7675\">\n<div class=\"uavc-list-icon  \" data-animation=\"\" data-animation-delay=\"03\" style=\"margin-right:5px;\"><div class=\"ult-just-icon-wrapper  \"><div class=\"align-icon\" style=\"text-align:center;\">\n<div class=\"aio-icon none \"  style=\"color:#333333;font-size:25px;display:inline-block;\">\n\t<i class=\"far fa-calendar-alt\"><\/i>\n<\/div><\/div><\/div>\n<\/div><span  data-ultimate-target='#list-icon-wrap-7675 .uavc-list-desc'  data-responsive-json-new='{\"font-size\":\"\",\"line-height\":\"\"}'  class=\"uavc-list-desc ult-responsive\" style=\"\">10 juin au 9 septembre 2023<\/span><\/div><\/li><li><div class=\"uavc-list-content\" id=\"list-icon-wrap-5208\">\n<div class=\"uavc-list-icon  \" data-animation=\"\" data-animation-delay=\"03\" style=\"margin-right:5px;\"><div class=\"ult-just-icon-wrapper  \"><div class=\"align-icon\" style=\"text-align:center;\">\n<div class=\"aio-icon none \"  style=\"color:#333333;font-size:25px;display:inline-block;\">\n\t<i class=\"icomoon-icomoonfree-16x16-location2\"><\/i>\n<\/div><\/div><\/div>\n<\/div><span  data-ultimate-target='#list-icon-wrap-5208 .uavc-list-desc'  data-responsive-json-new='{\"font-size\":\"\",\"line-height\":\"\"}'  class=\"uavc-list-desc ult-responsive\" style=\"\"><span style=\"font-weight: 400;\">l&rsquo;Espace public (885, rue de Saint-Jovite)<\/span><\/span><\/div><\/li><li><div class=\"uavc-list-content\" id=\"list-icon-wrap-6706\">\n<div class=\"uavc-list-icon  \" data-animation=\"\" data-animation-delay=\"03\" style=\"margin-right:5px;\"><div class=\"ult-just-icon-wrapper  \"><div class=\"align-icon\" style=\"text-align:center;\">\n<div class=\"aio-icon none \"  style=\"color:#333333;font-size:25px;display:inline-block;\">\n\t<i class=\"fas fa-info-circle\"><\/i>\n<\/div><\/div><\/div>\n<\/div><span  data-ultimate-target='#list-icon-wrap-6706 .uavc-list-desc'  data-responsive-json-new='{\"font-size\":\"\",\"line-height\":\"\"}'  class=\"uavc-list-desc ult-responsive\" style=\"\"><a href=\"https:\/\/www.villedemont-tremblant.qc.ca\/en\/events-and-activities\/marche-dete-de-mont-tremblant-2023-06-10\">https:\/\/www.villedemont-tremblant.qc.ca\/en\/events-and-activities\/marche-dete-de-mont-tremblant-2023-06-10<\/a><\/span><\/div><\/li><\/ul><\/div>[\/vc_column_inner][\/vc_row_inner][\/vc_column][\/vc_row][vc_row][vc_column][vc_separator css=\u00a0\u00bb.vc_custom_1664458207535{padding-top: 40px !important;padding-bottom: 40px !important;}\u00a0\u00bb][vc_row_inner][vc_column_inner width=\u00a0\u00bb1\/4&Prime;][vc_single_image image=\u00a0\u00bb27045&Prime; img_size=\u00a0\u00bbfull\u00a0\u00bb][\/vc_column_inner][vc_column_inner width=\u00a0\u00bb3\/4&Prime;]<div class=\"dt-fancy-separator title-left h3-size style-disabled title-color\" style=\"width: 100%;\"><div class=\"dt-fancy-title\"><span class=\"separator-holder separator-left\"><\/span>La Grande Gourmandise Mont Tremblant<span class=\"separator-holder separator-right\"><\/span><\/div><\/div>[vc_column_text css=\u00a0\u00bb.vc_custom_1687551913218{padding-bottom: 25px !important;}\u00a0\u00bb]Avec la Grande Gourmandise 2023 \u00e0 Mont Tremblant, faites plaisir \u00e0 vos papilles lors de ce festival gastronomique Tremblant Gourmand, une c\u00e9l\u00e9bration de la gastronomie et de l&rsquo;excellence culinaire. Se d\u00e9roulant tous les \u00e9t\u00e9s \u00e0 Mont Tremblant, cet \u00e9v\u00e9nement propose une vari\u00e9t\u00e9 d&rsquo;exp\u00e9riences gastronomiques, incluant des d\u00e9gustations de vin, des ateliers de cuisine, et des d\u00e9gustations deplats all\u00e9chants. Plongez dans un voyage culinaire, savourez les saveurs de la r\u00e9gion tout en d\u00e9couvrant de nouvelles inspirations culinaires.<br \/>\n[\/vc_column_text]<div class=\"uavc-list-icon uavc-list-icon-wrapper ult-adjust-bottom-margin   \"><ul class=\"uavc-list\"><li><div class=\"uavc-list-content\" id=\"list-icon-wrap-1953\">\n<div class=\"uavc-list-icon  \" data-animation=\"\" data-animation-delay=\"03\" style=\"margin-right:5px;\"><div class=\"ult-just-icon-wrapper  \"><div class=\"align-icon\" style=\"text-align:center;\">\n<div class=\"aio-icon none \"  style=\"color:#333333;font-size:25px;display:inline-block;\">\n\t<i class=\"far fa-calendar-alt\"><\/i>\n<\/div><\/div><\/div>\n<\/div><span  data-ultimate-target='#list-icon-wrap-1953 .uavc-list-desc'  data-responsive-json-new='{\"font-size\":\"\",\"line-height\":\"\"}'  class=\"uavc-list-desc ult-responsive\" style=\"\"><span style=\"font-weight: 400;\">1er septembre au 30 septembre 2023<\/span><\/span><\/div><\/li><li><div class=\"uavc-list-content\" id=\"list-icon-wrap-2063\">\n<div class=\"uavc-list-icon  \" data-animation=\"\" data-animation-delay=\"03\" style=\"margin-right:5px;\"><div class=\"ult-just-icon-wrapper  \"><div class=\"align-icon\" style=\"text-align:center;\">\n<div class=\"aio-icon none \"  style=\"color:#333333;font-size:25px;display:inline-block;\">\n\t<i class=\"icomoon-icomoonfree-16x16-location2\"><\/i>\n<\/div><\/div><\/div>\n<\/div><span  data-ultimate-target='#list-icon-wrap-2063 .uavc-list-desc'  data-responsive-json-new='{\"font-size\":\"\",\"line-height\":\"\"}'  class=\"uavc-list-desc ult-responsive\" style=\"\"><span style=\"font-weight: 400;\">1000 chemin des Voyageurs, Mont-Tremblant<\/span><\/span><\/div><\/li><li><div class=\"uavc-list-content\" id=\"list-icon-wrap-4280\">\n<div class=\"uavc-list-icon  \" data-animation=\"\" data-animation-delay=\"03\" style=\"margin-right:5px;\"><div class=\"ult-just-icon-wrapper  \"><div class=\"align-icon\" style=\"text-align:center;\">\n<div class=\"aio-icon none \"  style=\"color:#333333;font-size:25px;display:inline-block;\">\n\t<i class=\"fas fa-info-circle\"><\/i>\n<\/div><\/div><\/div>\n<\/div><span  data-ultimate-target='#list-icon-wrap-4280 .uavc-list-desc'  data-responsive-json-new='{\"font-size\":\"\",\"line-height\":\"\"}'  class=\"uavc-list-desc ult-responsive\" style=\"\"><a href=\"https:\/\/www.bonjourquebec.com\/en-us\/listing\/events\/la-grande-gourmandise-mont-tremblant\/0qqk\">https:\/\/www.bonjourquebec.com\/en-us\/listing\/events\/la-grande-gourmandise-mont-tremblant\/0qqk<\/a><\/span><\/div><\/li><\/ul><\/div>[\/vc_column_inner][\/vc_row_inner][\/vc_column][\/vc_row]<\/p>\n","protected":false},"excerpt":{"rendered":"<p>[vc_row][vc_column][vc_column_text]D\u00e9couvrez les saveurs de l&rsquo;\u00e9t\u00e9 \u00e0 Mont Tremblant avec deux \u00e9v\u00e9nements exceptionnels autour de la gastronomie. Commencez par le charmant \u00ab\u00a0March\u00e9 d\u2019\u00e9t\u00e9 Mont Tremblant\u00a0\u00bb, qui se d\u00e9roule du 10 juin au 9 septembre. Ici, vous pourrez d\u00e9guster tous les samedis une vari\u00e9t\u00e9 de produits de haute qualit\u00e9. Les d\u00e9lices culinaires, les m\u00e9tiers artisanaux et une&hellip;<\/p>\n","protected":false},"author":3,"featured_media":0,"parent":27027,"menu_order":0,"comment_status":"closed","ping_status":"closed","template":"","meta":{"footnotes":""},"class_list":["post-27079","page","type-page","status-publish","hentry","description-off"],"yoast_head":"<!-- This site is optimized with the Yoast SEO Premium plugin v26.5 (Yoast SEO v26.5) - https:\/\/yoast.com\/wordpress\/plugins\/seo\/ -->\n<title>\u00c9v\u00e9nements Culinaires 2023 Mont Tremblant. \u00c9v\u00e9nements d&#039;\u00e9t\u00e9.<\/title>\n<meta name=\"description\" content=\"Official Mont Tremblant vous propose une liste d&#039;\u00e9v\u00e9nements gastronomiques \u00e0 Mont Tremblant. \u00c9v\u00e9nements d&#039;\u00e9t\u00e9 2023 \u00e0 Mont Tremblant.\" \/>\n<meta name=\"robots\" content=\"index, follow, max-snippet:-1, max-image-preview:large, max-video-preview:-1\" \/>\n<link rel=\"canonical\" href=\"https:\/\/officialmonttremblant.com\/fr\/evenements\/ete-2023\/evenements-culinaires\/\" \/>\n<meta property=\"og:locale\" content=\"fr_FR\" \/>\n<meta property=\"og:type\" content=\"article\" \/>\n<meta property=\"og:title\" content=\"\u00c9v\u00e9nements Culinaires 2023\" \/>\n<meta property=\"og:description\" content=\"Official Mont Tremblant vous propose une liste d&#039;\u00e9v\u00e9nements gastronomiques \u00e0 Mont Tremblant. \u00c9v\u00e9nements d&#039;\u00e9t\u00e9 2023 \u00e0 Mont Tremblant.\" \/>\n<meta property=\"og:url\" content=\"https:\/\/officialmonttremblant.com\/fr\/evenements\/ete-2023\/evenements-culinaires\/\" \/>\n<meta property=\"og:site_name\" content=\"Official Mont Tremblant\" \/>\n<meta property=\"article:modified_time\" content=\"2025-07-29T16:27:46+00:00\" \/>\n<meta name=\"twitter:card\" content=\"summary_large_image\" \/>\n<meta name=\"twitter:label1\" content=\"Dur\u00e9e de lecture estim\u00e9e\" \/>\n\t<meta name=\"twitter:data1\" content=\"3 minutes\" \/>\n<script type=\"application\/ld+json\" class=\"yoast-schema-graph\">{\"@context\":\"https:\/\/schema.org\",\"@graph\":[{\"@type\":\"WebPage\",\"@id\":\"https:\/\/officialmonttremblant.com\/fr\/evenements\/ete-2023\/evenements-culinaires\/\",\"url\":\"https:\/\/officialmonttremblant.com\/fr\/evenements\/ete-2023\/evenements-culinaires\/\",\"name\":\"\u00c9v\u00e9nements Culinaires 2023 Mont Tremblant. \u00c9v\u00e9nements d'\u00e9t\u00e9.\",\"isPartOf\":{\"@id\":\"https:\/\/officialmonttremblant.com\/fr\/#website\"},\"datePublished\":\"2023-06-23T19:04:07+00:00\",\"dateModified\":\"2025-07-29T16:27:46+00:00\",\"description\":\"Official Mont Tremblant vous propose une liste d'\u00e9v\u00e9nements gastronomiques \u00e0 Mont Tremblant. \u00c9v\u00e9nements d'\u00e9t\u00e9 2023 \u00e0 Mont Tremblant.\",\"breadcrumb\":{\"@id\":\"https:\/\/officialmonttremblant.com\/fr\/evenements\/ete-2023\/evenements-culinaires\/#breadcrumb\"},\"inLanguage\":\"fr-FR\",\"potentialAction\":[{\"@type\":\"ReadAction\",\"target\":[\"https:\/\/officialmonttremblant.com\/fr\/evenements\/ete-2023\/evenements-culinaires\/\"]}]},{\"@type\":\"BreadcrumbList\",\"@id\":\"https:\/\/officialmonttremblant.com\/fr\/evenements\/ete-2023\/evenements-culinaires\/#breadcrumb\",\"itemListElement\":[{\"@type\":\"ListItem\",\"position\":1,\"name\":\"Home\",\"item\":\"https:\/\/officialmonttremblant.com\/fr\/\"},{\"@type\":\"ListItem\",\"position\":2,\"name\":\"Ev\u00e9nements \u00e0 Mont-Tremblant\",\"item\":\"https:\/\/officialmonttremblant.com\/fr\/evenements\/\"},{\"@type\":\"ListItem\",\"position\":3,\"name\":\"\u00c9v\u00e9nements \u00e9t\u00e9 2023\",\"item\":\"https:\/\/officialmonttremblant.com\/fr\/evenements\/ete-2023\/\"},{\"@type\":\"ListItem\",\"position\":4,\"name\":\"\u00c9v\u00e9nements Culinaires 2023\"}]},{\"@type\":\"WebSite\",\"@id\":\"https:\/\/officialmonttremblant.com\/fr\/#website\",\"url\":\"https:\/\/officialmonttremblant.com\/fr\/\",\"name\":\"Official Mont Tremblant\",\"description\":\"Vacation &amp; tourist guide in Mont Tremblant\",\"potentialAction\":[{\"@type\":\"SearchAction\",\"target\":{\"@type\":\"EntryPoint\",\"urlTemplate\":\"https:\/\/officialmonttremblant.com\/fr\/?s={search_term_string}\"},\"query-input\":{\"@type\":\"PropertyValueSpecification\",\"valueRequired\":true,\"valueName\":\"search_term_string\"}}],\"inLanguage\":\"fr-FR\"}]}<\/script>\n<!-- \/ Yoast SEO Premium plugin. -->","yoast_head_json":{"title":"\u00c9v\u00e9nements Culinaires 2023 Mont Tremblant. \u00c9v\u00e9nements d'\u00e9t\u00e9.","description":"Official Mont Tremblant vous propose une liste d'\u00e9v\u00e9nements gastronomiques \u00e0 Mont Tremblant. \u00c9v\u00e9nements d'\u00e9t\u00e9 2023 \u00e0 Mont Tremblant.","robots":{"index":"index","follow":"follow","max-snippet":"max-snippet:-1","max-image-preview":"max-image-preview:large","max-video-preview":"max-video-preview:-1"},"canonical":"https:\/\/officialmonttremblant.com\/fr\/evenements\/ete-2023\/evenements-culinaires\/","og_locale":"fr_FR","og_type":"article","og_title":"\u00c9v\u00e9nements Culinaires 2023","og_description":"Official Mont Tremblant vous propose une liste d'\u00e9v\u00e9nements gastronomiques \u00e0 Mont Tremblant. \u00c9v\u00e9nements d'\u00e9t\u00e9 2023 \u00e0 Mont Tremblant.","og_url":"https:\/\/officialmonttremblant.com\/fr\/evenements\/ete-2023\/evenements-culinaires\/","og_site_name":"Official Mont Tremblant","article_modified_time":"2025-07-29T16:27:46+00:00","twitter_card":"summary_large_image","twitter_misc":{"Dur\u00e9e de lecture estim\u00e9e":"3 minutes"},"schema":{"@context":"https:\/\/schema.org","@graph":[{"@type":"WebPage","@id":"https:\/\/officialmonttremblant.com\/fr\/evenements\/ete-2023\/evenements-culinaires\/","url":"https:\/\/officialmonttremblant.com\/fr\/evenements\/ete-2023\/evenements-culinaires\/","name":"\u00c9v\u00e9nements Culinaires 2023 Mont Tremblant. \u00c9v\u00e9nements d'\u00e9t\u00e9.","isPartOf":{"@id":"https:\/\/officialmonttremblant.com\/fr\/#website"},"datePublished":"2023-06-23T19:04:07+00:00","dateModified":"2025-07-29T16:27:46+00:00","description":"Official Mont Tremblant vous propose une liste d'\u00e9v\u00e9nements gastronomiques \u00e0 Mont Tremblant. \u00c9v\u00e9nements d'\u00e9t\u00e9 2023 \u00e0 Mont Tremblant.","breadcrumb":{"@id":"https:\/\/officialmonttremblant.com\/fr\/evenements\/ete-2023\/evenements-culinaires\/#breadcrumb"},"inLanguage":"fr-FR","potentialAction":[{"@type":"ReadAction","target":["https:\/\/officialmonttremblant.com\/fr\/evenements\/ete-2023\/evenements-culinaires\/"]}]},{"@type":"BreadcrumbList","@id":"https:\/\/officialmonttremblant.com\/fr\/evenements\/ete-2023\/evenements-culinaires\/#breadcrumb","itemListElement":[{"@type":"ListItem","position":1,"name":"Home","item":"https:\/\/officialmonttremblant.com\/fr\/"},{"@type":"ListItem","position":2,"name":"Ev\u00e9nements \u00e0 Mont-Tremblant","item":"https:\/\/officialmonttremblant.com\/fr\/evenements\/"},{"@type":"ListItem","position":3,"name":"\u00c9v\u00e9nements \u00e9t\u00e9 2023","item":"https:\/\/officialmonttremblant.com\/fr\/evenements\/ete-2023\/"},{"@type":"ListItem","position":4,"name":"\u00c9v\u00e9nements Culinaires 2023"}]},{"@type":"WebSite","@id":"https:\/\/officialmonttremblant.com\/fr\/#website","url":"https:\/\/officialmonttremblant.com\/fr\/","name":"Official Mont Tremblant","description":"Vacation &amp; tourist guide in Mont Tremblant","potentialAction":[{"@type":"SearchAction","target":{"@type":"EntryPoint","urlTemplate":"https:\/\/officialmonttremblant.com\/fr\/?s={search_term_string}"},"query-input":{"@type":"PropertyValueSpecification","valueRequired":true,"valueName":"search_term_string"}}],"inLanguage":"fr-FR"}]}},"jetpack_sharing_enabled":true,"_links":{"self":[{"href":"https:\/\/officialmonttremblant.com\/fr\/wp-json\/wp\/v2\/pages\/27079","targetHints":{"allow":["GET"]}}],"collection":[{"href":"https:\/\/officialmonttremblant.com\/fr\/wp-json\/wp\/v2\/pages"}],"about":[{"href":"https:\/\/officialmonttremblant.com\/fr\/wp-json\/wp\/v2\/types\/page"}],"author":[{"embeddable":true,"href":"https:\/\/officialmonttremblant.com\/fr\/wp-json\/wp\/v2\/users\/3"}],"replies":[{"embeddable":true,"href":"https:\/\/officialmonttremblant.com\/fr\/wp-json\/wp\/v2\/comments?post=27079"}],"version-history":[{"count":4,"href":"https:\/\/officialmonttremblant.com\/fr\/wp-json\/wp\/v2\/pages\/27079\/revisions"}],"predecessor-version":[{"id":27099,"href":"https:\/\/officialmonttremblant.com\/fr\/wp-json\/wp\/v2\/pages\/27079\/revisions\/27099"}],"up":[{"embeddable":true,"href":"https:\/\/officialmonttremblant.com\/fr\/wp-json\/wp\/v2\/pages\/27027"}],"wp:attachment":[{"href":"https:\/\/officialmonttremblant.com\/fr\/wp-json\/wp\/v2\/media?parent=27079"}],"curies":[{"name":"wp","href":"https:\/\/api.w.org\/{rel}","templated":true}]}}